{"id":18336,"date":"2025-09-30T14:22:31","date_gmt":"2025-09-30T12:22:31","guid":{"rendered":"https:\/\/ironcad.eu\/werden-sie-ein-ironcad-wiederverkaeufer\/"},"modified":"2026-02-11T15:17:52","modified_gmt":"2026-02-11T14:17:52","slug":"werden-sie-ein-ironcad-wiederverkaeufer","status":"publish","type":"page","link":"https:\/\/ironcad.eu\/de\/werden-sie-ein-ironcad-wiederverkaeufer\/","title":{"rendered":"Werden Sie ein IronCAD Wiederverk\u00e4ufer"},"content":{"rendered":"<p>[et_pb_section fb_built=&#8220;1&#8243; _builder_version=&#8220;4.24.0&#8243; _module_preset=&#8220;default&#8220; locked=&#8220;off&#8220; global_colors_info=&#8220;{}&#8220;][et_pb_row custom_padding_last_edited=&#8220;off|desktop&#8220; _builder_version=&#8220;4.27.4&#8243; _module_preset=&#8220;default&#8220; custom_padding=&#8220;2rem||0rem||false|false&#8220; global_colors_info=&#8220;{}&#8220;][et_pb_column type=&#8220;4_4&#8243; _builder_version=&#8220;4.27.4&#8243; _module_preset=&#8220;default&#8220; global_colors_info=&#8220;{}&#8220;][et_pb_post_title _builder_version=&#8220;4.27.4&#8243; _module_preset=&#8220;default&#8220; custom_margin=&#8220;||0px||false|false&#8220; global_colors_info=&#8220;{}&#8220;][\/et_pb_post_title][\/et_pb_column][\/et_pb_row][et_pb_row custom_padding_last_edited=&#8220;off|desktop&#8220; _builder_version=&#8220;4.27.4&#8243; _module_preset=&#8220;default&#8220; custom_padding=&#8220;1rem||1rem||true|false&#8220; global_colors_info=&#8220;{}&#8220;][et_pb_column type=&#8220;4_4&#8243; _builder_version=&#8220;4.27.4&#8243; _module_preset=&#8220;default&#8220; global_colors_info=&#8220;{}&#8220;][et_pb_text _builder_version=&#8220;4.27.4&#8243; _module_preset=&#8220;default&#8220; global_colors_info=&#8220;{}&#8220;]<\/p>\n<p>Treten Sie unserem Netzwerk bei und entdecken Sie die Leistungsf\u00e4higkeit innovativer 3D-Software. Als offizieller IronCAD-H\u00e4ndler erhalten Sie Zugang zu einzigartigen CAD-L\u00f6sungen, umfassendem Support und wertvollen Ressourcen, um Ihre Kunden optimal zu bedienen. <\/p>\n<p>[\/et_pb_text][et_pb_text _builder_version=&#8220;4.27.4&#8243; _module_preset=&#8220;default&#8220; global_colors_info=&#8220;{}&#8220;]<\/p>\n<h2>Warum IronCAD-Wiederverk\u00e4ufer werden?<\/h2>\n<p>IronCAD ist ein f\u00fchrendes 3D-CAD-Zeichenprogramm, das von Ingenieuren, Konstrukteuren und Fertigungsunternehmen weltweit eingesetzt wird. Wenn Sie Wiederverk\u00e4ufer werden, erweitern Sie Ihr Portfolio um eine leistungsstarke Software, die Flexibilit\u00e4t, Geschwindigkeit und Benutzerfreundlichkeit vereint. <\/p>\n<p>Als Wiederverk\u00e4ufer \u00fcber IronCAD Europe profitieren Sie von:<\/p>\n<ul>\n<li>Umfassender Support &#8211; technische und kommerzielle Unterst\u00fctzung f\u00fcr Ihre Kunden.<\/li>\n<li>Schulungen und Wissensaustausch &#8211; Kurse f\u00fcr Sie und Ihr Team, damit Sie das Beste aus IronCAD herausholen k\u00f6nnen.<\/li>\n<li>Marketingmaterialien und Demos &#8211; alles, was Sie brauchen, um IronCAD erfolgreich zu vermarkten.<\/li>\n<li>Ein starkes Netzwerk &#8211; werden Sie Teil einer wachsenden Gemeinschaft von Fachleuten in der Fertigungsindustrie.<\/li>\n<\/ul>\n<p>[\/et_pb_text][\/et_pb_column][\/et_pb_row][\/et_pb_section][et_pb_section fb_built=&#8220;1&#8243; theme_builder_area=&#8220;post_content&#8220; _builder_version=&#8220;4.27.4&#8243; _module_preset=&#8220;default&#8220; global_colors_info=&#8220;{%22gcid-f52cc46c-103a-4f3e-bb71-6efb5f79ee25%22:%91%22background_color%22%93}&#8220; background_color=&#8220;gcid-f52cc46c-103a-4f3e-bb71-6efb5f79ee25&#8243; hover_enabled=&#8220;0&#8243; sticky_enabled=&#8220;0&#8243;][et_pb_row _builder_version=&#8220;4.27.4&#8243; _module_preset=&#8220;default&#8220; theme_builder_area=&#8220;post_content&#8220;][et_pb_column _builder_version=&#8220;4.27.4&#8243; _module_preset=&#8220;default&#8220; type=&#8220;4_4&#8243; theme_builder_area=&#8220;post_content&#8220;][et_pb_text _builder_version=&#8220;4.27.4&#8243; _module_preset=&#8220;default&#8220; hover_enabled=&#8220;0&#8243; global_colors_info=&#8220;{}&#8220; sticky_enabled=&#8220;0&#8243; theme_builder_area=&#8220;post_content&#8220; custom_margin=&#8220;||4px|||&#8220;]<\/p>\n<h2>Gemeinsam zum Erfolg<\/h2>\n<p>Kontaktieren Sie uns noch heute \u00fcber das untenstehende Formular. Wir werden gerne mit Ihnen die M\u00f6glichkeiten und Vorteile einer Zusammenarbeit besprechen. <\/p>\n<p>[\/et_pb_text][dipi_gravity_forms_styler gf_form_id=&#8220;19&#8243; _builder_version=&#8220;4.27.4&#8243; _module_preset=&#8220;default&#8220; hover_enabled=&#8220;0&#8243; border_radii=&#8220;on|8px|8px|8px|8px&#8220; global_colors_info=&#8220;{%22gcid-342b504c-af3f-4a0e-9bbf-cd80ba9f1957%22:%91%22box_shadow_color%22,%22box_shadow_color%22%93}&#8220; form_title=&#8220;hide&#8220; sticky_enabled=&#8220;0&#8243; theme_builder_area=&#8220;post_content&#8220; custom_padding=&#8220;||||false|false&#8220; custom_margin=&#8220;||||false|false&#8220;][\/dipi_gravity_forms_styler][\/et_pb_column][\/et_pb_row][\/et_pb_section]<\/p>\n","protected":false},"excerpt":{"rendered":"<p>Treten Sie unserem Netzwerk bei und entdecken Sie die Leistungsf\u00e4higkeit innovativer 3D-Software. Als offizieller IronCAD-H\u00e4ndler erhalten Sie Zugang zu einzigartigen CAD-L\u00f6sungen, umfassendem Support und wertvollen Ressourcen, um Ihre Kunden optimal zu bedienen. Warum IronCAD-Wiederverk\u00e4ufer werden? IronCAD ist ein f\u00fchrendes 3D-CAD-Zeichenprogramm, das von Ingenieuren, Konstrukteuren und Fertigungsunternehmen weltweit eingesetzt wird. Wenn Sie Wiederverk\u00e4ufer werden, erweitern Sie [&hellip;]<\/p>\n","protected":false},"author":2,"featured_media":0,"parent":0,"menu_order":0,"comment_status":"closed","ping_status":"closed","template":"","meta":{"_et_pb_use_builder":"on","_et_pb_old_content":"","_et_gb_content_width":"","_improvement_type_select":"improve_an_existing","_thumb_yes_seoaic":false,"_frame_yes_seoaic":false,"seoaic_generate_description":"","seoaic_improve_instructions_prompt":"","seoaic_rollback_content_improvement":"","seoaic_idea_thumbnail_generator":"","thumbnail_generated":false,"thumbnail_generate_prompt":"","seoaic_article_description":"","footnotes":"","advanced-sidebar-menu\/link-title":"","advanced-sidebar-menu\/exclude-page":false},"dipi_cpt_category":[],"class_list":["post-18336","page","type-page","status-publish","hentry"],"_links":{"self":[{"href":"https:\/\/ironcad.eu\/de\/wp-json\/wp\/v2\/pages\/18336","targetHints":{"allow":["GET"]}}],"collection":[{"href":"https:\/\/ironcad.eu\/de\/wp-json\/wp\/v2\/pages"}],"about":[{"href":"https:\/\/ironcad.eu\/de\/wp-json\/wp\/v2\/types\/page"}],"author":[{"embeddable":true,"href":"https:\/\/ironcad.eu\/de\/wp-json\/wp\/v2\/users\/2"}],"replies":[{"embeddable":true,"href":"https:\/\/ironcad.eu\/de\/wp-json\/wp\/v2\/comments?post=18336"}],"version-history":[{"count":0,"href":"https:\/\/ironcad.eu\/de\/wp-json\/wp\/v2\/pages\/18336\/revisions"}],"wp:attachment":[{"href":"https:\/\/ironcad.eu\/de\/wp-json\/wp\/v2\/media?parent=18336"}],"wp:term":[{"taxonomy":"dipi_cpt_category","embeddable":true,"href":"https:\/\/ironcad.eu\/de\/wp-json\/wp\/v2\/dipi_cpt_category?post=18336"}],"curies":[{"name":"wp","href":"https:\/\/api.w.org\/{rel}","templated":true}]}}