{"id":18352,"date":"2025-07-01T11:43:29","date_gmt":"2025-07-01T09:43:29","guid":{"rendered":"https:\/\/ironcad.eu\/hottscan\/"},"modified":"2026-04-23T12:25:27","modified_gmt":"2026-04-23T10:25:27","slug":"hottscan","status":"publish","type":"page","link":"https:\/\/ironcad.eu\/de\/erweiterungen\/hottscan\/","title":{"rendered":"HottScan"},"content":{"rendered":"<p>[et_pb_section fb_built=&#8220;1&#8243; custom_padding_last_edited=&#8220;off|desktop&#8220; _builder_version=&#8220;4.27.4&#8243; _module_preset=&#8220;default&#8220; custom_padding=&#8220;1rem||1rem||true|false&#8220; locked=&#8220;off&#8220; global_colors_info=&#8220;{}&#8220;][et_pb_row custom_padding_last_edited=&#8220;on|desktop&#8220; admin_label=&#8220;Kr\u00fcmelpfad&#8220; _builder_version=&#8220;4.27.4&#8243; _module_preset=&#8220;default&#8220; custom_padding=&#8220;0rem||||false|false&#8220; custom_padding_tablet=&#8220;0rem||||false|false&#8220; custom_padding_phone=&#8220;0rem||||false|false&#8220; global_module=&#8220;11007&#8243; saved_tabs=&#8220;all&#8220; collapsed=&#8220;off&#8220; global_colors_info=&#8220;{}&#8220;][et_pb_column type=&#8220;4_4&#8243; _builder_version=&#8220;4.24.0&#8243; _module_preset=&#8220;default&#8220; global_colors_info=&#8220;{}&#8220;][et_pb_code admin_label=&#8220;Code&#8220; _builder_version=&#8220;4.24.1&#8243; _module_preset=&#8220;default&#8220; custom_css_main_element=&#8220;font-size: .7em;||text-transform: uppercase;&#8220; global_colors_info=&#8220;{}&#8220;]<nav aria-label=\"breadcrumbs\" class=\"rank-math-breadcrumb\"><p><span class=\"last\">Home<\/span><\/p><\/nav>[\/et_pb_code][\/et_pb_column][\/et_pb_row][et_pb_row column_structure=&#8220;1_2,1_2&#8243; _builder_version=&#8220;4.24.1&#8243; _module_preset=&#8220;default&#8220; custom_padding=&#8220;1rem||1rem||true|false&#8220; global_colors_info=&#8220;{}&#8220;][et_pb_column type=&#8220;1_2&#8243; _builder_version=&#8220;4.24.0&#8243; _module_preset=&#8220;default&#8220; global_colors_info=&#8220;{}&#8220;][et_pb_text _builder_version=&#8220;4.27.4&#8243; _module_preset=&#8220;default&#8220; global_colors_info=&#8220;{}&#8220;]<\/p>\n<h1>HottScan 3D-Messung<\/h1>\n<h2>Was ist HottScan?<\/h2>\n<p>Der <a href=\"https:\/\/www.hott-scan.com\/\" target=\"_blank\" rel=\"noopener nofollow\">HottScan<\/a> 3D-Scanner ist die ideale L\u00f6sung f\u00fcr die schnelle und genaue Vermessung von R\u00e4umen und Geb\u00e4uden, die direkt in der 3D-CAD-Konstruktion verwendet werden k\u00f6nnen. Dieses professionelle Vermessungsger\u00e4t scannt ganze Innenr\u00e4ume, W\u00e4nde, Decken und Aufbauten und wandelt sie direkt in verwertbare 3D-Daten um, ohne manuelles Messen. <\/p>\n<p>[\/et_pb_text][dipi_button_grid flex_direction=&#8220;row&#8220; justify_content=&#8220;flex-start&#8220; _builder_version=&#8220;4.27.4&#8243; _dynamic_attributes=&#8220;link_option_url&#8220; _module_preset=&#8220;default&#8220; link_option_url=&#8220;@ET-DC@eyJkeW5hbWljIjp0cnVlLCJjb250ZW50IjoicG9zdF9saW5rX3VybF9wYWdlIiwic2V0dGluZ3MiOnsicG9zdF9pZCI6IjExMjMyIn19@&#8220; global_colors_info=&#8220;{}&#8220;][dipi_button_grid_child button_id=&#8220;Plan een demo&#8220; button_type=&#8220;dp_button&#8220; button_text=&#8220;Termin f\u00fcr eine Demo&#8220; button_link=&#8220;@ET-DC@eyJkeW5hbWljIjp0cnVlLCJjb250ZW50IjoicG9zdF9saW5rX3VybF9wYWdlIiwic2V0dGluZ3MiOnsicG9zdF9pZCI6IjE1MjgzIn19@&#8220; _builder_version=&#8220;4.27.4&#8243; _dynamic_attributes=&#8220;button_link&#8220; _module_preset=&#8220;default&#8220; custom_button=&#8220;on&#8220; button_bg_color=&#8220;gcid-63088bc0-e4c4-4774-93b8-08271aeb4a25&#8243; button_font=&#8220;|600||on|||||&#8220; button_icon=&#8220;&#xf02b;||fa||900&#8243; button_icon_placement=&#8220;right&#8220; button_on_hover=&#8220;on&#8220; button_custom_margin=&#8220;||||false|false&#8220; button_custom_padding=&#8220;10px|35px|10px|35px|true|true&#8220; global_colors_info=&#8220;{%22gcid-heading-color%22:%91%22button_bg_color__hover%22%93,%22gcid-63088bc0-e4c4-4774-93b8-08271aeb4a25%22:%91%22button_bg_color%22%93}&#8220; button_bg_color__hover_enabled=&#8220;on|hover&#8220; button_bg_color__hover=&#8220;#474747&#8243; button_bg_enable_color__hover=&#8220;on&#8220;][\/dipi_button_grid_child][dipi_button_grid_child button_id=&#8220;Prijsopgave&#8220; button_type=&#8220;dp_button&#8220; button_text=&#8220;Angebot einholen&#8220; button_link=&#8220;@ET-DC@eyJkeW5hbWljIjp0cnVlLCJjb250ZW50IjoicG9zdF9saW5rX3VybF9wYWdlIiwic2V0dGluZ3MiOnsicG9zdF9pZCI6IjEzNDM2In19@&#8220; button_link_target=&#8220;on&#8220; _builder_version=&#8220;4.27.4&#8243; _dynamic_attributes=&#8220;button_link&#8220; _module_preset=&#8220;default&#8220; custom_button=&#8220;on&#8220; button_bg_color=&#8220;gcid-heading-color&#8220; button_font=&#8220;|600||on|||||&#8220; button_icon=&#8220;&#xf129;||fa||900&#8243; button_icon_placement=&#8220;right&#8220; button_on_hover=&#8220;on&#8220; button_custom_margin=&#8220;||||false|false&#8220; button_custom_padding=&#8220;10px|35px|10px|35px|true|true&#8220; global_colors_info=&#8220;{%22gcid-heading-color%22:%91%22button_bg_color%22%93,%22gcid-63088bc0-e4c4-4774-93b8-08271aeb4a25%22:%91%22button_bg_color__hover%22%93}&#8220; button_bg_color__hover_enabled=&#8220;on|hover&#8220; button_bg_color__hover=&#8220;#b51f20&#8243; button_bg_enable_color__hover=&#8220;on&#8220;][\/dipi_button_grid_child][\/dipi_button_grid][\/et_pb_column][et_pb_column type=&#8220;1_2&#8243; _builder_version=&#8220;4.24.0&#8243; _module_preset=&#8220;default&#8220; global_colors_info=&#8220;{}&#8220;][et_pb_image src=&#8220;https:\/\/ironcad.eu\/wp-content\/uploads\/2025\/07\/HottScan-01-1.webp&#8220; alt=&#8220;Nahaufnahme des HottScan 3D-Scanners f\u00fcr die 3D-Vermessung.&#8220; title_text=&#8220;HottScan 01 (1)&#8220; _builder_version=&#8220;4.27.4&#8243; _module_preset=&#8220;default&#8220; border_radii=&#8220;on|8px|8px|8px|8px&#8220; global_colors_info=&#8220;{}&#8220;][\/et_pb_image][\/et_pb_column][\/et_pb_row][et_pb_row _builder_version=&#8220;4.26.0&#8243; _module_preset=&#8220;default&#8220; custom_padding=&#8220;0rem||0rem||true|false&#8220; global_colors_info=&#8220;{}&#8220;][et_pb_column type=&#8220;4_4&#8243; _builder_version=&#8220;4.24.2&#8243; _module_preset=&#8220;default&#8220; global_colors_info=&#8220;{}&#8220;][et_pb_divider divider_weight=&#8220;3px&#8220; _builder_version=&#8220;4.26.0&#8243; _module_preset=&#8220;default&#8220; custom_padding=&#8220;10px||10px||true|false&#8220; global_colors_info=&#8220;{}&#8220;][\/et_pb_divider][\/et_pb_column][\/et_pb_row][et_pb_row column_structure=&#8220;1_5,1_5,1_5,1_5,1_5&#8243; custom_padding_last_edited=&#8220;off|desktop&#8220; _builder_version=&#8220;4.27.4&#8243; _module_preset=&#8220;default&#8220; custom_margin_last_edited=&#8220;off|desktop&#8220; custom_padding=&#8220;1rem||1rem||true|false&#8220; global_colors_info=&#8220;{}&#8220;][et_pb_column type=&#8220;1_5&#8243; _builder_version=&#8220;4.24.0&#8243; _module_preset=&#8220;default&#8220; global_colors_info=&#8220;{}&#8220;][et_pb_blurb use_icon=&#8220;on&#8220; font_icon=&#8220;&#xe049;||fa||400&#8243; icon_color=&#8220;gcid-63088bc0-e4c4-4774-93b8-08271aeb4a25&#8243; icon_alignment=&#8220;center&#8220; _builder_version=&#8220;4.27.4&#8243; _module_preset=&#8220;default&#8220; custom_margin=&#8220;||0rem||false|false&#8220; global_colors_info=&#8220;{%22gcid-2c6a33f9-5f77-4945-8274-f487275e6c76%22:%91%22box_shadow_color%22%93,%22gcid-63088bc0-e4c4-4774-93b8-08271aeb4a25%22:%91%22icon_color%22%93}&#8220;]<\/p>\n<p style=\"text-align: center;\"><b>Schnelle Messung vor Ort<\/b><\/p>\n<p>[\/et_pb_blurb][\/et_pb_column][et_pb_column type=&#8220;1_5&#8243; _builder_version=&#8220;4.24.0&#8243; _module_preset=&#8220;default&#8220; global_colors_info=&#8220;{}&#8220;][et_pb_blurb use_icon=&#8220;on&#8220; font_icon=&#8220;&#xf546;||fa||900&#8243; icon_color=&#8220;gcid-63088bc0-e4c4-4774-93b8-08271aeb4a25&#8243; icon_alignment=&#8220;center&#8220; _builder_version=&#8220;4.27.4&#8243; _module_preset=&#8220;default&#8220; custom_margin=&#8220;||0rem||false|false&#8220; global_colors_info=&#8220;{%22gcid-2c6a33f9-5f77-4945-8274-f487275e6c76%22:%91%22box_shadow_color%22%93,%22gcid-63088bc0-e4c4-4774-93b8-08271aeb4a25%22:%91%22icon_color%22%93}&#8220;]<\/p>\n<p style=\"text-align: center;\"><strong>Kein manuelles Messen mehr<\/strong><\/p>\n<p>[\/et_pb_blurb][\/et_pb_column][et_pb_column type=&#8220;1_5&#8243; _builder_version=&#8220;4.24.0&#8243; _module_preset=&#8220;default&#8220; global_colors_info=&#8220;{}&#8220;][et_pb_image src=&#8220;https:\/\/ironcad.eu\/wp-content\/uploads\/2025\/06\/Logo_HottSCAN.webp&#8220; alt=&#8220;Logo des HottScan 3D-Scanners&#8220; title_text=&#8220;Logoo_HottSCAN&#8220; align=&#8220;center&#8220; _builder_version=&#8220;4.27.4&#8243; _module_preset=&#8220;default&#8220; global_colors_info=&#8220;{}&#8220;][\/et_pb_image][\/et_pb_column][et_pb_column type=&#8220;1_5&#8243; _builder_version=&#8220;4.24.0&#8243; _module_preset=&#8220;default&#8220; global_colors_info=&#8220;{}&#8220;][et_pb_blurb use_icon=&#8220;on&#8220; font_icon=&#8220;&#xe0f2;||divi||400&#8243; icon_color=&#8220;gcid-63088bc0-e4c4-4774-93b8-08271aeb4a25&#8243; icon_alignment=&#8220;center&#8220; _builder_version=&#8220;4.27.4&#8243; _module_preset=&#8220;default&#8220; custom_margin=&#8220;||0rem||false|false&#8220; global_colors_info=&#8220;{%22gcid-2c6a33f9-5f77-4945-8274-f487275e6c76%22:%91%22box_shadow_color%22,%22box_shadow_color%22%93,%22gcid-63088bc0-e4c4-4774-93b8-08271aeb4a25%22:%91%22icon_color%22%93}&#8220;]<\/p>\n<p style=\"text-align: center;\"><strong>Genaue, brauchbare 3D-Daten<\/strong><\/p>\n<p>[\/et_pb_blurb][\/et_pb_column][et_pb_column type=&#8220;1_5&#8243; _builder_version=&#8220;4.24.0&#8243; _module_preset=&#8220;default&#8220; global_colors_info=&#8220;{}&#8220;][et_pb_blurb use_icon=&#8220;on&#8220; font_icon=&#8220;&#xf247;||fa||900&#8243; icon_color=&#8220;gcid-63088bc0-e4c4-4774-93b8-08271aeb4a25&#8243; icon_alignment=&#8220;center&#8220; _builder_version=&#8220;4.27.4&#8243; _module_preset=&#8220;default&#8220; custom_margin=&#8220;||0rem||false|false&#8220; global_colors_info=&#8220;{%22gcid-2c6a33f9-5f77-4945-8274-f487275e6c76%22:%91%22box_shadow_color%22%93,%22gcid-63088bc0-e4c4-4774-93b8-08271aeb4a25%22:%91%22icon_color%22%93}&#8220;]<\/p>\n<p style=\"text-align: center;\"><strong>Direkter Workflow zu IronCAD<\/strong><\/p>\n<p style=\"text-align: center;\">[\/et_pb_blurb][\/et_pb_column][\/et_pb_row][et_pb_row _builder_version=&#8220;4.26.0&#8243; _module_preset=&#8220;default&#8220; custom_padding=&#8220;0rem||0rem||true|false&#8220; global_colors_info=&#8220;{}&#8220;][et_pb_column type=&#8220;4_4&#8243; _builder_version=&#8220;4.24.2&#8243; _module_preset=&#8220;default&#8220; global_colors_info=&#8220;{}&#8220;][et_pb_divider divider_weight=&#8220;3px&#8220; _builder_version=&#8220;4.26.0&#8243; _module_preset=&#8220;default&#8220; custom_padding=&#8220;10px||10px||true|false&#8220; global_colors_info=&#8220;{}&#8220;][\/et_pb_divider][\/et_pb_column][\/et_pb_row][et_pb_row column_structure=&#8220;3_5,2_5&#8243; custom_padding_last_edited=&#8220;off|desktop&#8220; _builder_version=&#8220;4.27.4&#8243; _module_preset=&#8220;default&#8220; custom_padding=&#8220;1rem||1rem||true|false&#8220; global_colors_info=&#8220;{}&#8220;][et_pb_column type=&#8220;3_5&#8243; _builder_version=&#8220;4.24.2&#8243; _module_preset=&#8220;default&#8220; global_colors_info=&#8220;{}&#8220;][et_pb_text _builder_version=&#8220;4.27.4&#8243; _module_preset=&#8220;default&#8220; global_colors_info=&#8220;{}&#8220;]<\/p>\n<h2>Schnell vom Scan zum Entwurf in IronCAD<\/h2>\n<h3>Weniger Fehler, mehr Effizienz<\/h3>\n<p>Mit den HottScan Vermessungsger\u00e4ten wandeln Sie gemessene R\u00e4ume direkt in pr\u00e4zise 3D-Daten um, die sich leicht in IronCAD importieren lassen. Sie arbeiten nicht mehr mit manuellen Messungen oder groben Skizzen, sondern mit einer realistischen digitalen Darstellung der tats\u00e4chlichen Situation. Das verhindert Fehler, spart Zeit und beschleunigt Ihren gesamten Entwurfsprozess.  <\/p>\n<p>[\/et_pb_text][\/et_pb_column][et_pb_column type=&#8220;2_5&#8243; _builder_version=&#8220;4.24.2&#8243; _module_preset=&#8220;default&#8220; global_colors_info=&#8220;{}&#8220;][et_pb_image src=&#8220;https:\/\/ironcad.eu\/wp-content\/uploads\/2026\/02\/anwendungsbeispiele_Aufmasdienstleister-1.webp&#8220; alt=&#8220;HottScan misst einen Raum und zeigt die Abmessungen an&#8220; title_text=&#8220;HottScan Messung&#8220; _builder_version=&#8220;4.27.4&#8243; _module_preset=&#8220;default&#8220; hover_enabled=&#8220;0&#8243; border_radii=&#8220;on|8px|8px|8px|8px&#8220; global_colors_info=&#8220;{}&#8220; sticky_enabled=&#8220;0&#8243;][\/et_pb_image][\/et_pb_column][\/et_pb_row][\/et_pb_section][et_pb_section fb_built=&#8220;1&#8243; _builder_version=&#8220;4.27.4&#8243; _module_preset=&#8220;default&#8220; background_color=&#8220;gcid-f52cc46c-103a-4f3e-bb71-6efb5f79ee25&#8243; global_colors_info=&#8220;{%22gcid-f52cc46c-103a-4f3e-bb71-6efb5f79ee25%22:%91%22background_color%22%93}&#8220;][et_pb_row custom_padding_last_edited=&#8220;off|desktop&#8220; _builder_version=&#8220;4.27.4&#8243; _module_preset=&#8220;default&#8220; custom_padding=&#8220;1rem||1rem||true|false&#8220; global_colors_info=&#8220;{}&#8220; custom_padding__hover_enabled=&#8220;off|desktop&#8220;][et_pb_column type=&#8220;4_4&#8243; _builder_version=&#8220;4.27.4&#8243; _module_preset=&#8220;default&#8220; global_colors_info=&#8220;{}&#8220;][et_pb_text _builder_version=&#8220;4.27.4&#8243; _module_preset=&#8220;default&#8220; min_height=&#8220;60.8px&#8220; custom_margin=&#8220;||||false|false&#8220; global_colors_info=&#8220;{}&#8220;]<\/p>\n<h2 style=\"text-align: center;\">Manuelle vs. 3D-Vermessung<\/h2>\n<p style=\"text-align: center;\">Herk\u00f6mmliche Vermessung braucht Zeit, ist fehleranf\u00e4llig und erfordert mehrere manuelle Schritte. Mit der 3D-Vermessung digitalisieren Sie den gesamten Prozess in wenigen Minuten.  Schneller, genauer und sofort bereit f\u00fcr CAD.  <span style=\"color: #b51f20;\"><strong>Bis zu 5 Mal schneller.<\/strong><\/span><\/p>\n<p>[\/et_pb_text][\/et_pb_column][\/et_pb_row][et_pb_row column_structure=&#8220;1_2,1_2&#8243; use_custom_gutter=&#8220;on&#8220; gutter_width=&#8220;2&#8243; make_equal=&#8220;on&#8220; _builder_version=&#8220;4.27.4&#8243; _module_preset=&#8220;default&#8220; global_colors_info=&#8220;{}&#8220;][et_pb_column type=&#8220;1_2&#8243; _builder_version=&#8220;4.27.4&#8243; _module_preset=&#8220;default&#8220; background_color=&#8220;#FFFFFF&#8220; custom_padding=&#8220;1rem|2rem|1rem|2rem|true|true&#8220; border_radii=&#8220;on|8px|8px|8px|8px&#8220; box_shadow_style=&#8220;preset3&#8243; global_colors_info=&#8220;{}&#8220;][dipi_counter suffix=&#8220;  Minuten&#8220; text_direction=&#8220;inline&#8220; count_to_number=&#8220;110&#8243; count_from_number=&#8220;0&#8243; count_duration=&#8220;7500&#8243; count_animation_delay=&#8220;400&#8243; _builder_version=&#8220;4.27.4&#8243; _module_preset=&#8220;default&#8220; all_text_color=&#8220;gcid-63088bc0-e4c4-4774-93b8-08271aeb4a25&#8243; suffix_font_size=&#8220;0.3em&#8220; global_colors_info=&#8220;{%22gcid-63088bc0-e4c4-4774-93b8-08271aeb4a25%22:%91%22all_text_color%22%93}&#8220;][\/dipi_counter][et_pb_text _builder_version=&#8220;4.27.4&#8243; _module_preset=&#8220;default&#8220; global_colors_info=&#8220;{}&#8220;]<\/p>\n<h3 style=\"text-align: center;\">Manuelle Messung<\/h3>\n<table class=\"alignleft\" style=\"height: 138px; width: 100%; border-collapse: collapse;\" border=\"1\">\n<tbody>\n<tr>\n<td style=\"width: 14.6875px;\">1<\/td>\n<td style=\"width: 250.575px;\">Vor Ort<\/td>\n<td style=\"width: 472.475px;\">Platz zum Skizzieren<\/td>\n<td style=\"width: 80.6625px; text-align: center;\">5 min.<\/td>\n<\/tr>\n<tr style=\"height: 23px;\">\n<td style=\"width: 14.6875px; height: 23px;\">2<\/td>\n<td style=\"width: 250.575px; height: 23px;\">Vor Ort<\/td>\n<td style=\"width: 472.475px; height: 23px;\">Manuelle Messung<\/td>\n<td style=\"width: 80.6625px; height: 23px; text-align: center;\">40 min.<\/td>\n<\/tr>\n<tr style=\"height: 23px;\">\n<td style=\"width: 14.6875px; height: 23px;\">3<\/td>\n<td style=\"width: 250.575px; height: 23px;\">Vor Ort<\/td>\n<td style=\"width: 472.475px; height: 23px;\">Einige Fotos machen<\/td>\n<td style=\"width: 80.6625px; height: 23px; text-align: center;\">10 min.<\/td>\n<\/tr>\n<tr style=\"height: 23px;\">\n<td style=\"width: 14.6875px; height: 23px;\">4<\/td>\n<td style=\"width: 250.575px; height: 23px;\">B\u00fcro<\/td>\n<td style=\"width: 472.475px; height: 23px;\">Umwandlung einer Handskizze in eine CAD-Zeichnung<\/td>\n<td style=\"width: 80.6625px; height: 23px; text-align: center;\">45 min.<\/td>\n<\/tr>\n<tr style=\"height: 23px;\">\n<td style=\"width: 14.6875px; height: 23px;\">5<\/td>\n<td style=\"width: 250.575px; height: 23px;\">B\u00fcro<\/td>\n<td style=\"width: 472.475px; height: 23px;\">Koordinierung und \u00dcberpr\u00fcfung mit dem Vermesser<\/td>\n<td style=\"width: 80.6625px; height: 23px; text-align: center;\">10 min.<\/td>\n<\/tr>\n<\/tbody>\n<\/table>\n<p>&nbsp;<\/p>\n<p>[\/et_pb_text][\/et_pb_column][et_pb_column type=&#8220;1_2&#8243; _builder_version=&#8220;4.27.4&#8243; _module_preset=&#8220;default&#8220; background_color=&#8220;#FFFFFF&#8220; custom_padding=&#8220;1rem|2rem|1rem|2rem|true|true&#8220; border_radii=&#8220;on|8px|8px|8px|8px&#8220; box_shadow_style=&#8220;preset3&#8243; global_colors_info=&#8220;{}&#8220;][dipi_counter suffix=&#8220;  Minuten&#8220; text_direction=&#8220;inline&#8220; count_to_number=&#8220;23&#8243; count_from_number=&#8220;0&#8243; count_animation_delay=&#8220;400&#8243; _builder_version=&#8220;4.27.4&#8243; _module_preset=&#8220;default&#8220; all_text_color=&#8220;gcid-63088bc0-e4c4-4774-93b8-08271aeb4a25&#8243; suffix_font_size=&#8220;0.3em&#8220; custom_margin=&#8220;||||false|false&#8220; custom_padding=&#8220;||||false|false&#8220; global_colors_info=&#8220;{%22gcid-63088bc0-e4c4-4774-93b8-08271aeb4a25%22:%91%22all_text_color%22%93}&#8220;][\/dipi_counter][et_pb_text _builder_version=&#8220;4.27.4&#8243; _module_preset=&#8220;default&#8220; global_colors_info=&#8220;{}&#8220;]<\/p>\n<h3 style=\"text-align: center;\">3D-Messung mit HottScan<\/h3>\n<table class=\"alignleft\" style=\"height: 138px; width: 100%; border-collapse: collapse;\" border=\"1\">\n<tbody>\n<tr style=\"height: 23px;\">\n<td style=\"width: 2.10845%; height: 23px;\">1<\/td>\n<td style=\"width: 30.5423%; height: 23px;\">Vor Ort<\/td>\n<td style=\"width: 57.2892%; height: 23px;\">\n<p>F\u00fcr den Gebrauch vorbereiten und anschlie\u00dfend verpacken<\/p>\n<\/td>\n<td style=\"width: 10.0602%; height: 23px; text-align: center;\">3 min.<\/td>\n<\/tr>\n<tr>\n<td style=\"width: 2.10845%;\">2<\/td>\n<td style=\"width: 30.5423%;\">Vor Ort<\/td>\n<td style=\"width: 57.2892%;\">Automatischen Scan durchf\u00fchren<\/td>\n<td style=\"width: 10.0602%; text-align: center;\">2 min.<\/td>\n<\/tr>\n<tr>\n<td style=\"width: 2.10845%;\">3<\/td>\n<td style=\"width: 30.5423%;\">Vor Ort<\/td>\n<td style=\"width: 57.2892%;\">Messpunkte und Notizen hinzuf\u00fcgen<\/td>\n<td style=\"width: 10.0602%; text-align: center;\">2 min.<\/td>\n<\/tr>\n<tr style=\"height: 23px;\">\n<td style=\"width: 2.10845%; height: 23px;\">4<\/td>\n<td style=\"width: 30.5423%; height: 23px;\">B\u00fcro<\/td>\n<td style=\"width: 57.2892%; height: 23px;\">Erstellen eines 3D-Modells<\/td>\n<td style=\"width: 10.0602%; height: 23px; text-align: center;\">15 min.<\/td>\n<\/tr>\n<tr style=\"height: 23px;\">\n<td style=\"width: 2.10845%; height: 23px;\">5<\/td>\n<td style=\"width: 30.5423%; height: 23px;\">B\u00fcro<\/td>\n<td style=\"width: 57.2892%; height: 23px;\">Importieren in CAD: DWG-, DXF- und IFC-Dateien<\/td>\n<td style=\"width: 10.0602%; height: 23px; text-align: center;\">1 min.<\/td>\n<\/tr>\n<\/tbody>\n<\/table>\n<p>&nbsp;<\/p>\n<p>[\/et_pb_text][\/et_pb_column][\/et_pb_row][\/et_pb_section][et_pb_section fb_built=&#8220;1&#8243; custom_padding_last_edited=&#8220;off|desktop&#8220; _builder_version=&#8220;4.27.4&#8243; _module_preset=&#8220;default&#8220; background_color=&#8220;#FFFFFF&#8220; global_colors_info=&#8220;{}&#8220;][et_pb_row column_structure=&#8220;1_3,2_3&#8243; custom_padding_last_edited=&#8220;off|desktop&#8220; _builder_version=&#8220;4.27.4&#8243; _module_preset=&#8220;default&#8220; global_colors_info=&#8220;{}&#8220;][et_pb_column type=&#8220;1_3&#8243; _builder_version=&#8220;4.24.2&#8243; _module_preset=&#8220;default&#8220; global_colors_info=&#8220;{}&#8220;][et_pb_image src=&#8220;https:\/\/ironcad.eu\/wp-content\/uploads\/2025\/12\/HottScan-woning.webp&#8220; alt=&#8220;Digitaler HottScan 3D-Scan einer Immobilie f\u00fcr genaue Messungen und zuverl\u00e4ssige Planungsdaten&#8220; title_text=&#8220;HottScan Startseite&#8220; _builder_version=&#8220;4.27.4&#8243; _module_preset=&#8220;default&#8220; border_radii=&#8220;on|8px|8px|8px|8px&#8220; global_colors_info=&#8220;{}&#8220;][\/et_pb_image][\/et_pb_column][et_pb_column type=&#8220;2_3&#8243; _builder_version=&#8220;4.24.2&#8243; _module_preset=&#8220;default&#8220; global_colors_info=&#8220;{}&#8220;][et_pb_text _builder_version=&#8220;4.27.4&#8243; _module_preset=&#8220;default&#8220; global_colors_info=&#8220;{}&#8220;]<\/p>\n<h2>Ein Scan, dauerhafte Messsicherheit<\/h2>\n<h3>Greifen Sie immer auf einen hochaufl\u00f6senden 360\u00b0-Scan zur\u00fcck<\/h3>\n<p>W\u00e4hrend der Vermessung wird bei jedem Scan ein hochaufl\u00f6sendes 360\u00b0-Foto aufgenommen. Dieses Bild dient als digitaler Schnappschuss der Situation vor Ort, auf den jederzeit zur\u00fcckgegriffen werden kann. Auf diese Weise k\u00f6nnen Elemente zu einem sp\u00e4teren Zeitpunkt digital und \u00e4u\u00dferst genau \u00fcberpr\u00fcft werden, ohne dass vor Ort nachgemessen werden muss, unterst\u00fctzt durch fortschrittliche Berechnungsmodelle und innovative Software.  <\/p>\n<p>[\/et_pb_text][\/et_pb_column][\/et_pb_row][\/et_pb_section][et_pb_section fb_built=&#8220;1&#8243; custom_padding_last_edited=&#8220;off|desktop&#8220; _builder_version=&#8220;4.27.4&#8243; _module_preset=&#8220;default&#8220; background_color=&#8220;gcid-f52cc46c-103a-4f3e-bb71-6efb5f79ee25&#8243; global_colors_info=&#8220;{%22gcid-f52cc46c-103a-4f3e-bb71-6efb5f79ee25%22:%91%22background_color%22%93}&#8220;][et_pb_row column_structure=&#8220;1_2,1_2&#8243; custom_padding_last_edited=&#8220;off|desktop&#8220; _builder_version=&#8220;4.27.4&#8243; _module_preset=&#8220;default&#8220; custom_padding=&#8220;1rem||1rem||true|false&#8220; global_colors_info=&#8220;{}&#8220;][et_pb_column type=&#8220;1_2&#8243; _builder_version=&#8220;4.27.4&#8243; _module_preset=&#8220;default&#8220; global_colors_info=&#8220;{}&#8220;][et_pb_text _builder_version=&#8220;4.27.4&#8243; _module_preset=&#8220;default&#8220; min_height=&#8220;60.8px&#8220; custom_margin=&#8220;||||false|false&#8220; global_colors_info=&#8220;{}&#8220;]<\/p>\n<h3>Beginnen Sie mit der 3D-Messung<\/h3>\n<p>Dynfos ist die offizielle Verkaufsstelle von HottScan in den Niederlanden und hilft Ihnen gerne dabei, 3D-Messungen in Ihrem Arbeitsprozess einzusetzen. Entdecken Sie, wie schnell und einfach Sie mit HottScan arbeiten k\u00f6nnen. <\/p>\n<p>[\/et_pb_text][et_pb_button button_url=&#8220;@ET-DC@eyJkeW5hbWljIjp0cnVlLCJjb250ZW50IjoicG9zdF9saW5rX3VybF9wYWdlIiwic2V0dGluZ3MiOnsicG9zdF9pZCI6IjEzNDM2In19@&#8220; button_text=&#8220;Angebot einholen&#8220; _builder_version=&#8220;4.27.4&#8243; _dynamic_attributes=&#8220;button_url&#8220; _module_preset=&#8220;default&#8220; button_bg_color=&#8220;gcid-63088bc0-e4c4-4774-93b8-08271aeb4a25&#8243; global_colors_info=&#8220;{%22gcid-3421bf6d-18b2-4c4f-a72e-22b2864b9384%22:%91%22button_bg_color%22%93,%22gcid-63088bc0-e4c4-4774-93b8-08271aeb4a25%22:%91%22button_bg_color%22%93,%22gcid-heading-color%22:%91%22button_bg_color__hover%22%93}&#8220; button_bg_color__hover=&#8220;#474747&#8243;][\/et_pb_button][\/et_pb_column][et_pb_column type=&#8220;1_2&#8243; _builder_version=&#8220;4.27.4&#8243; _module_preset=&#8220;default&#8220; global_colors_info=&#8220;{}&#8220;][et_pb_text _builder_version=&#8220;4.27.4&#8243; _module_preset=&#8220;default&#8220; global_colors_info=&#8220;{}&#8220;]<\/p>\n<h2>HottScan in Ihrem Bereich<\/h2>\n<p>Angewandt in ma\u00dfgeschneiderten Projekten f\u00fcr:<\/p>\n<ul>\n<li>Innenausbau<\/li>\n<li>K\u00fcchenbau<\/li>\n<li>Ladenbau<\/li>\n<li>Technische Anlagen<\/li>\n<li>Architektur und Ingenieurwesen<\/li>\n<\/ul>\n<p>[\/et_pb_text][\/et_pb_column][\/et_pb_row][\/et_pb_section]<\/p>\n","protected":false},"excerpt":{"rendered":"<p><nav aria-label=\"breadcrumbs\" class=\"rank-math-breadcrumb\"><p><span class=\"last\">Home<\/span><\/p><\/nav>HottScan 3D-Messung Was ist HottScan? Der HottScan 3D-Scanner ist die ideale L\u00f6sung f\u00fcr die schnelle und genaue Vermessung von R\u00e4umen und Geb\u00e4uden, die direkt in der 3D-CAD-Konstruktion verwendet werden k\u00f6nnen. Dieses professionelle Vermessungsger\u00e4t scannt ganze Innenr\u00e4ume, W\u00e4nde, Decken und Aufbauten und wandelt sie direkt in verwertbare 3D-Daten um, ohne manuelles Messen. <div class=\"et_pb_module dipi_button_grid dipi_button_grid_0\">\n\t\t\t\t\n\t\t\t\t\n\t\t\t\t\n\t\t\t\t\n\t\t\t\t\n\t\t\t\t\n\t\t\t\t<div class=\"et_pb_module_inner\">\n\t\t\t\t\t<div class=\"dipi-button-grid-container\">\n                \n            <\/div>\n\t\t\t\t<\/div>\n\t\t\t<\/div><\/p>\n","protected":false},"author":2,"featured_media":18354,"parent":18507,"menu_order":0,"comment_status":"closed","ping_status":"closed","template":"","meta":{"_et_pb_use_builder":"on","_et_pb_old_content":"","_et_gb_content_width":"","_improvement_type_select":"improve_an_existing","_thumb_yes_seoaic":false,"_frame_yes_seoaic":false,"seoaic_generate_description":"","seoaic_improve_instructions_prompt":"","seoaic_rollback_content_improvement":"","seoaic_idea_thumbnail_generator":"","thumbnail_generated":false,"thumbnail_generate_prompt":"","seoaic_article_description":"","footnotes":"","advanced-sidebar-menu\/link-title":"HottScan","advanced-sidebar-menu\/exclude-page":false},"dipi_cpt_category":[],"class_list":["post-18352","page","type-page","status-publish","has-post-thumbnail","hentry"],"_links":{"self":[{"href":"https:\/\/ironcad.eu\/de\/wp-json\/wp\/v2\/pages\/18352","targetHints":{"allow":["GET"]}}],"collection":[{"href":"https:\/\/ironcad.eu\/de\/wp-json\/wp\/v2\/pages"}],"about":[{"href":"https:\/\/ironcad.eu\/de\/wp-json\/wp\/v2\/types\/page"}],"author":[{"embeddable":true,"href":"https:\/\/ironcad.eu\/de\/wp-json\/wp\/v2\/users\/2"}],"replies":[{"embeddable":true,"href":"https:\/\/ironcad.eu\/de\/wp-json\/wp\/v2\/comments?post=18352"}],"version-history":[{"count":0,"href":"https:\/\/ironcad.eu\/de\/wp-json\/wp\/v2\/pages\/18352\/revisions"}],"up":[{"embeddable":true,"href":"https:\/\/ironcad.eu\/de\/wp-json\/wp\/v2\/pages\/18507"}],"wp:featuredmedia":[{"embeddable":true,"href":"https:\/\/ironcad.eu\/de\/wp-json\/wp\/v2\/media\/18354"}],"wp:attachment":[{"href":"https:\/\/ironcad.eu\/de\/wp-json\/wp\/v2\/media?parent=18352"}],"wp:term":[{"taxonomy":"dipi_cpt_category","embeddable":true,"href":"https:\/\/ironcad.eu\/de\/wp-json\/wp\/v2\/dipi_cpt_category?post=18352"}],"curies":[{"name":"wp","href":"https:\/\/api.w.org\/{rel}","templated":true}]}}