{"id":18371,"date":"2025-07-02T13:53:59","date_gmt":"2025-07-02T11:53:59","guid":{"rendered":"https:\/\/ironcad.eu\/spezielle-und-massgeschneiderte-loesungen\/"},"modified":"2026-02-11T15:17:54","modified_gmt":"2026-02-11T14:17:54","slug":"spezielle-und-massgeschneiderte-loesungen","status":"publish","type":"page","link":"https:\/\/ironcad.eu\/de\/zweige\/spezielle-und-massgeschneiderte-loesungen\/","title":{"rendered":"Spezielle und ma\u00dfgeschneiderte L\u00f6sungen"},"content":{"rendered":"<p>[et_pb_section fb_built=&#8220;1&#8243; _builder_version=&#8220;4.24.0&#8243; _module_preset=&#8220;default&#8220; locked=&#8220;off&#8220; global_colors_info=&#8220;{}&#8220;][et_pb_row custom_padding_last_edited=&#8220;on|desktop&#8220; admin_label=&#8220;Kr\u00fcmelpfad&#8220; _builder_version=&#8220;4.26.0&#8243; _module_preset=&#8220;default&#8220; custom_padding=&#8220;0rem||||false|false&#8220; custom_padding_tablet=&#8220;0rem||1rem||false|false&#8220; custom_padding_phone=&#8220;0rem||0rem||false|false&#8220; global_module=&#8220;11007&#8243; saved_tabs=&#8220;all&#8220; global_colors_info=&#8220;{}&#8220;][et_pb_column type=&#8220;4_4&#8243; _builder_version=&#8220;4.24.0&#8243; _module_preset=&#8220;default&#8220; global_colors_info=&#8220;{}&#8220;][et_pb_code _builder_version=&#8220;4.24.1&#8243; _module_preset=&#8220;default&#8220; custom_css_main_element=&#8220;font-size: .7em;||text-transform: uppercase;&#8220; global_colors_info=&#8220;{}&#8220;]<nav aria-label=\"breadcrumbs\" class=\"rank-math-breadcrumb\"><p><span class=\"last\">Home<\/span><\/p><\/nav>[\/et_pb_code][\/et_pb_column][\/et_pb_row][et_pb_row custom_padding_last_edited=&#8220;off|desktop&#8220; _builder_version=&#8220;4.27.4&#8243; _module_preset=&#8220;default&#8220; custom_padding=&#8220;1rem||1rem||true|false&#8220; custom_padding_tablet=&#8220;2rem||1rem||false|false&#8220; custom_padding_phone=&#8220;2rem||0rem||false|false&#8220; global_colors_info=&#8220;{}&#8220;][et_pb_column type=&#8220;4_4&#8243; _builder_version=&#8220;4.24.0&#8243; _module_preset=&#8220;default&#8220; global_colors_info=&#8220;{}&#8220;][et_pb_post_title _builder_version=&#8220;4.27.4&#8243; _module_preset=&#8220;default&#8220; custom_margin=&#8220;||0px||false|false&#8220; global_colors_info=&#8220;{}&#8220;][\/et_pb_post_title][et_pb_text _builder_version=&#8220;4.27.4&#8243; _module_preset=&#8220;default&#8220; global_colors_info=&#8220;{}&#8220;]<\/p>\n<h2>Von ma\u00dfgeschneiderten Flightcases bis zu intelligenten Verpackungsl\u00f6sungen<\/h2>\n<p>IronCAD bietet Designern und Herstellern im Nischen- und Sonderanfertigungsbereich maximale Freiheit und Pr\u00e4zision. Ob robuste Flightcases f\u00fcr Touring- und AV-Ger\u00e4te oder innovative Verpackungskonzepte f\u00fcr Logistik und E-Commerce, mit IronCAD setzen Sie Ideen blitzschnell in realisierbare 3D-Modelle um. <\/p>\n<p>[\/et_pb_text][\/et_pb_column][\/et_pb_row][et_pb_row custom_padding_last_edited=&#8220;on|desktop&#8220; admin_label=&#8220;Standard-Verteiler&#8220; _builder_version=&#8220;4.24.1&#8243; _module_preset=&#8220;default&#8220; min_height=&#8220;41.6px&#8220; custom_margin=&#8220;|auto|-26px|auto|false|false&#8220; custom_padding=&#8220;1rem||1rem||true|false&#8220; custom_padding_tablet=&#8220;1rem||1rem||true|false&#8220; custom_padding_phone=&#8220;1rem||1rem||true|false&#8220; global_module=&#8220;11791&#8243; saved_tabs=&#8220;all&#8220; global_colors_info=&#8220;{}&#8220;][et_pb_column type=&#8220;4_4&#8243; _builder_version=&#8220;4.24.0&#8243; _module_preset=&#8220;default&#8220; global_colors_info=&#8220;{}&#8220;][et_pb_divider color=&#8220;gcid-342b504c-af3f-4a0e-9bbf-cd80ba9f1957&#8243; divider_weight=&#8220;2px&#8220; _builder_version=&#8220;4.26.0&#8243; _module_preset=&#8220;default&#8220; custom_margin=&#8220;0px||0px||true|false&#8220; global_colors_info=&#8220;{%22gcid-342b504c-af3f-4a0e-9bbf-cd80ba9f1957%22:%91%22color%22%93}&#8220;][\/et_pb_divider][\/et_pb_column][\/et_pb_row][et_pb_row column_structure=&#8220;1_2,1_2&#8243; _builder_version=&#8220;4.24.0&#8243; _module_preset=&#8220;default&#8220; global_colors_info=&#8220;{}&#8220;][et_pb_column type=&#8220;1_2&#8243; _builder_version=&#8220;4.24.0&#8243; _module_preset=&#8220;default&#8220; global_colors_info=&#8220;{}&#8220;][et_pb_image src=&#8220;https:\/\/ironcad.eu\/wp-content\/uploads\/2025\/06\/Mock-Up-flightcase-2.webp&#8220; alt=&#8220;Laptop mit IronCAD Entwurf einer Bibliothek in der Draufsicht.&#8220; title_text=&#8220;Mock Up Flightcase 2&#8243; url=&#8220;@ET-DC@eyJkeW5hbWljIjp0cnVlLCJjb250ZW50IjoicG9zdF9saW5rX3VybF9wYWdlIiwic2V0dGluZ3MiOnsicG9zdF9pZCI6IjExMzk0In19@&#8220; _builder_version=&#8220;4.27.4&#8243; _dynamic_attributes=&#8220;url&#8220; _module_preset=&#8220;default&#8220; global_colors_info=&#8220;{}&#8220;][\/et_pb_image][et_pb_cta title=&#8220;Flightcases&#8220; button_url=&#8220;@ET-DC@eyJkeW5hbWljIjp0cnVlLCJjb250ZW50IjoicG9zdF9saW5rX3VybF9wYWdlIiwic2V0dGluZ3MiOnsicG9zdF9pZCI6IjE2NTcyIn19@&#8220; button_text=&#8220;Mehr Informationen&#8220; _builder_version=&#8220;4.27.4&#8243; _dynamic_attributes=&#8220;button_url&#8220; _module_preset=&#8220;default&#8220; background_color=&#8220;RGBA(255,255,255,0)&#8220; custom_button=&#8220;on&#8220; button_text_color=&#8220;gcid-heading-color&#8220; button_bg_color=&#8220;RGBA(255,255,255,0)&#8220; button_border_width=&#8220;2px&#8220; button_border_color=&#8220;gcid-primary-color&#8220; text_orientation=&#8220;left&#8220; background_layout=&#8220;light&#8220; custom_padding=&#8220;0px|0px|0px|0px|true|true&#8220; global_colors_info=&#8220;{%22gcid-heading-color%22:%91%22button_text_color%22%93,%22gcid-primary-color%22:%91%22button_border_color%22%93,%22gcid-f52cc46c-103a-4f3e-bb71-6efb5f79ee25%22:%91%22button_bg_color__hover%22%93}&#8220; button_text_color__hover_enabled=&#8220;off|hover&#8220; button_text_color__hover=&#8220;#FFFFFF&#8220; button_bg_color__hover_enabled=&#8220;on|hover&#8220; button_bg_color__hover=&#8220;#efefef&#8220; button_bg_enable_color__hover=&#8220;on&#8220;]<\/p>\n<p>Entwerfen Sie haltbare individuelle Flightcases. Optimieren Sie den Materialeinsatz, erstellen Sie pr\u00e4zise Schaumstoffeins\u00e4tze und generieren Sie sofort produktionsfertige Ausschl\u00e4ge und Schnittlisten. <\/p>\n<p>[\/et_pb_cta][\/et_pb_column][et_pb_column type=&#8220;1_2&#8243; _builder_version=&#8220;4.24.0&#8243; _module_preset=&#8220;default&#8220; global_colors_info=&#8220;{}&#8220;][et_pb_image src=&#8220;https:\/\/ironcad.eu\/wp-content\/uploads\/2025\/06\/Mockup-verpakking.webp&#8220; alt=&#8220;Laptop mit einer in IronCAD entworfenen Maschine.&#8220; title_text=&#8220;Mockup Verpackung&#8220; url=&#8220;@ET-DC@eyJkeW5hbWljIjp0cnVlLCJjb250ZW50IjoicG9zdF9saW5rX3VybF9wYWdlIiwic2V0dGluZ3MiOnsicG9zdF9pZCI6IjExNjE4In19@&#8220; _builder_version=&#8220;4.27.4&#8243; _dynamic_attributes=&#8220;url&#8220; _module_preset=&#8220;default&#8220; global_colors_info=&#8220;{}&#8220;][\/et_pb_image][et_pb_cta title=&#8220;Verpackungsdesign&#8220; button_url=&#8220;@ET-DC@eyJkeW5hbWljIjp0cnVlLCJjb250ZW50IjoicG9zdF9saW5rX3VybF9wYWdlIiwic2V0dGluZ3MiOnsicG9zdF9pZCI6IjEyODgyIn19@&#8220; button_text=&#8220;Mehr Informationen&#8220; _builder_version=&#8220;4.27.4&#8243; _dynamic_attributes=&#8220;button_url&#8220; _module_preset=&#8220;default&#8220; background_color=&#8220;RGBA(255,255,255,0)&#8220; custom_button=&#8220;on&#8220; button_text_color=&#8220;gcid-heading-color&#8220; button_bg_color=&#8220;RGBA(255,255,255,0)&#8220; button_border_width=&#8220;2px&#8220; button_border_color=&#8220;gcid-primary-color&#8220; text_orientation=&#8220;left&#8220; background_layout=&#8220;light&#8220; custom_padding=&#8220;0px|0px|0px|0px|true|true&#8220; global_colors_info=&#8220;{%22gcid-heading-color%22:%91%22button_text_color%22%93,%22gcid-primary-color%22:%91%22button_border_color%22%93,%22gcid-f52cc46c-103a-4f3e-bb71-6efb5f79ee25%22:%91%22button_bg_color__hover%22%93}&#8220; button_bg_color__hover_enabled=&#8220;on|hover&#8220; button_bg_color__hover=&#8220;#efefef&#8220; button_bg_enable_color__hover=&#8220;on&#8220;]<\/p>\n<p>Entwickeln Sie intelligente, sch\u00fctzende Verpackungen f\u00fcr jedes Produkt. Arbeiten Sie schnell vom Konzept bis zum Stanzen, pr\u00fcfen Sie die Passform in 3D und exportieren Sie produktionsfertige Zeichnungen ohne zus\u00e4tzliche Schritte. <\/p>\n<p>[\/et_pb_cta][\/et_pb_column][\/et_pb_row][\/et_pb_section][et_pb_section fb_built=&#8220;1&#8243; custom_padding_last_edited=&#8220;on|desktop&#8220; _builder_version=&#8220;4.27.4&#8243; _module_preset=&#8220;default&#8220; background_color=&#8220;gcid-f52cc46c-103a-4f3e-bb71-6efb5f79ee25&#8243; custom_margin=&#8220;||||false|false&#8220; custom_padding=&#8220;1rem||1rem||true|false&#8220; custom_padding_tablet=&#8220;1rem||1rem||true|false&#8220; custom_padding_phone=&#8220;1rem||1rem||true|false&#8220; border_color_top=&#8220;gcid-0d1a127e-4ce1-4bb0-9503-eafc35a82551&#8243; saved_tabs=&#8220;all&#8220; global_colors_info=&#8220;{%22gcid-0d1a127e-4ce1-4bb0-9503-eafc35a82551%22:%91%22border_color_top%22%93,%22gcid-f52cc46c-103a-4f3e-bb71-6efb5f79ee25%22:%91%22background_color%22%93}&#8220;][et_pb_row make_equal=&#8220;on&#8220; _builder_version=&#8220;4.24.0&#8243; _module_preset=&#8220;default&#8220; width=&#8220;100%&#8220; width_tablet=&#8220;100%&#8220; width_phone=&#8220;100%&#8220; max_width=&#8220;100%&#8220; global_colors_info=&#8220;{}&#8220;][et_pb_column type=&#8220;4_4&#8243; _builder_version=&#8220;4.23&#8243; _module_preset=&#8220;default&#8220; global_colors_info=&#8220;{}&#8220;][et_pb_text _builder_version=&#8220;4.24.0&#8243; _module_preset=&#8220;default&#8220; custom_margin=&#8220;||21px|||&#8220; global_colors_info=&#8220;{}&#8220;]<\/p>\n<h2 style=\"text-align: center;\">Erfolgsgeschichten von Kunden<\/h2>\n<p>[\/et_pb_text][dipi_blog_slider posts_number=&#8220;8&#8243; select_post_type=&#8220;project&#8220; select_custom_tax=&#8220;project_category&#8220; include_term_ids_of_project_category=&#8220;65,98,68,47&#8243; orderby=&#8220;rand&#8220; show_author=&#8220;off&#8220; show_date=&#8220;off&#8220; columns=&#8220;4&#8243; navigation=&#8220;on&#8220; pagination=&#8220;off&#8220; navigation_prev_icon_yn=&#8220;on&#8220; navigation_next_icon_yn=&#8220;on&#8220; navigation_bg_color=&#8220;#FFFFFF&#8220; navigation_position_left=&#8220;60px&#8220; navigation_position_right=&#8220;60px&#8220; navigation_position_left_tablet=&#8220;20px&#8220; navigation_position_left_phone=&#8220;20px&#8220; navigation_position_right_tablet=&#8220;20px&#8220; navigation_position_right_phone=&#8220;20px&#8220; module_class=&#8220;referenties-slider&#8220; _builder_version=&#8220;4.27.4&#8243; _module_preset=&#8220;default&#8220; hover_enabled=&#8220;0&#8243; locked=&#8220;off&#8220; global_colors_info=&#8220;{%22gcid-3421bf6d-18b2-4c4f-a72e-22b2864b9384%22:%91%22navigation_color%22,%22pagination_color%22%93,%22gcid-342b504c-af3f-4a0e-9bbf-cd80ba9f1957%22:%91%22box_shadow_color_item%22%93,%22gcid-cec01bf0-fc62-410c-9831-380fd97d1c1b%22:%91%22header_text_color%22,%22pagination_active_color%22%93,%22gcid-d883c2cb-caee-4528-bec5-b8583b5b0c09%22:%91%22cat_text_color%22%93}&#8220; sticky_enabled=&#8220;0&#8243;][\/dipi_blog_slider][\/et_pb_column][\/et_pb_row][\/et_pb_section]<\/p>\n","protected":false},"excerpt":{"rendered":"<p><nav aria-label=\"breadcrumbs\" class=\"rank-math-breadcrumb\"><p><span class=\"last\">Home<\/span><\/p><\/nav>Von ma\u00dfgeschneiderten Flightcases bis zu intelligenten Verpackungsl\u00f6sungen IronCAD bietet Designern und Herstellern im Nischen- und Sonderanfertigungsbereich maximale Freiheit und Pr\u00e4zision. Ob robuste Flightcases f\u00fcr Touring- und AV-Ger\u00e4te oder innovative Verpackungskonzepte f\u00fcr Logistik und E-Commerce, mit IronCAD setzen Sie Ideen blitzschnell in realisierbare 3D-Modelle um. Entwerfen Sie haltbare individuelle Flightcases. Optimieren Sie den Materialeinsatz, erstellen Sie [&hellip;]<\/p>\n","protected":false},"author":2,"featured_media":0,"parent":18494,"menu_order":3,"comment_status":"closed","ping_status":"closed","template":"","meta":{"_et_pb_use_builder":"on","_et_pb_old_content":"","_et_gb_content_width":"","_improvement_type_select":"improve_an_existing","_thumb_yes_seoaic":false,"_frame_yes_seoaic":false,"seoaic_generate_description":"","seoaic_improve_instructions_prompt":"","seoaic_rollback_content_improvement":"","seoaic_idea_thumbnail_generator":"","thumbnail_generated":false,"thumbnail_generate_prompt":"","seoaic_article_description":"","footnotes":"","advanced-sidebar-menu\/link-title":"","advanced-sidebar-menu\/exclude-page":false},"dipi_cpt_category":[],"class_list":["post-18371","page","type-page","status-publish","hentry"],"_links":{"self":[{"href":"https:\/\/ironcad.eu\/de\/wp-json\/wp\/v2\/pages\/18371","targetHints":{"allow":["GET"]}}],"collection":[{"href":"https:\/\/ironcad.eu\/de\/wp-json\/wp\/v2\/pages"}],"about":[{"href":"https:\/\/ironcad.eu\/de\/wp-json\/wp\/v2\/types\/page"}],"author":[{"embeddable":true,"href":"https:\/\/ironcad.eu\/de\/wp-json\/wp\/v2\/users\/2"}],"replies":[{"embeddable":true,"href":"https:\/\/ironcad.eu\/de\/wp-json\/wp\/v2\/comments?post=18371"}],"version-history":[{"count":0,"href":"https:\/\/ironcad.eu\/de\/wp-json\/wp\/v2\/pages\/18371\/revisions"}],"up":[{"embeddable":true,"href":"https:\/\/ironcad.eu\/de\/wp-json\/wp\/v2\/pages\/18494"}],"wp:attachment":[{"href":"https:\/\/ironcad.eu\/de\/wp-json\/wp\/v2\/media?parent=18371"}],"wp:term":[{"taxonomy":"dipi_cpt_category","embeddable":true,"href":"https:\/\/ironcad.eu\/de\/wp-json\/wp\/v2\/dipi_cpt_category?post=18371"}],"curies":[{"name":"wp","href":"https:\/\/api.w.org\/{rel}","templated":true}]}}