{"id":18389,"date":"2025-03-27T11:33:50","date_gmt":"2025-03-27T10:33:50","guid":{"rendered":"https:\/\/ironcad.eu\/ironcad-komponieren\/"},"modified":"2026-01-30T12:16:03","modified_gmt":"2026-01-30T11:16:03","slug":"ironcad-komponieren","status":"publish","type":"page","link":"https:\/\/ironcad.eu\/de\/ironcad\/ironcad-komponieren\/","title":{"rendered":"IronCAD Compose"},"content":{"rendered":"<p>[et_pb_section fb_built=&#8220;1&#8243; _builder_version=&#8220;4.24.0&#8243; _module_preset=&#8220;default&#8220; locked=&#8220;off&#8220; global_colors_info=&#8220;{}&#8220;][et_pb_row custom_padding_last_edited=&#8220;on|desktop&#8220; admin_label=&#8220;Kr\u00fcmelpfad&#8220; _builder_version=&#8220;4.27.4&#8243; _module_preset=&#8220;default&#8220; custom_padding=&#8220;0rem||||false|false&#8220; custom_padding_tablet=&#8220;0rem||||false|false&#8220; custom_padding_phone=&#8220;0rem||||false|false&#8220; global_module=&#8220;11007&#8243; saved_tabs=&#8220;all&#8220; collapsed=&#8220;off&#8220; global_colors_info=&#8220;{}&#8220;][et_pb_column type=&#8220;4_4&#8243; _builder_version=&#8220;4.24.0&#8243; _module_preset=&#8220;default&#8220; global_colors_info=&#8220;{}&#8220;][et_pb_code admin_label=&#8220;Code&#8220; _builder_version=&#8220;4.24.1&#8243; _module_preset=&#8220;default&#8220; custom_css_main_element=&#8220;font-size: .7em;||text-transform: uppercase;&#8220; global_colors_info=&#8220;{}&#8220;]<nav aria-label=\"breadcrumbs\" class=\"rank-math-breadcrumb\"><p><span class=\"last\">Home<\/span><\/p><\/nav>[\/et_pb_code][\/et_pb_column][\/et_pb_row][et_pb_row column_structure=&#8220;1_2,1_2&#8243; use_custom_gutter=&#8220;on&#8220; gutter_width=&#8220;2&#8243; _builder_version=&#8220;4.27.4&#8243; _module_preset=&#8220;default&#8220; custom_padding=&#8220;1rem||1rem||true|false&#8220; global_colors_info=&#8220;{}&#8220;][et_pb_column type=&#8220;1_2&#8243; _builder_version=&#8220;4.24.0&#8243; _module_preset=&#8220;default&#8220; global_colors_info=&#8220;{}&#8220;][et_pb_post_title _builder_version=&#8220;4.27.4&#8243; _module_preset=&#8220;default&#8220; custom_margin=&#8220;||0px||false|false&#8220; global_colors_info=&#8220;{}&#8220;][\/et_pb_post_title][et_pb_text _builder_version=&#8220;4.27.4&#8243; _module_preset=&#8220;default&#8220; global_colors_info=&#8220;{}&#8220;]<\/p>\n<h2>Kostenloser 3D-CAD-Viewer und Tool zur Zusammenarbeit<\/h2>\n<p>IronCAD Compose ist eine kostenlose CAD-Software zum Anzeigen, Messen, Kommentieren und Teilen von 3D- und 2D-CAD-Dateien. Die Software ist ideal f\u00fcr die Zusammenarbeit zwischen Entwicklung, Produktion, Vertrieb und Kunden. Selbst Benutzer ohne CAD-Erfahrung k\u00f6nnen sich aktiv am Designprozess beteiligen.  <\/p>\n<p>Mit IronCAD Compose k\u00f6nnen Sie schnell Entw\u00fcrfe \u00f6ffnen, Ma\u00dfe \u00fcberpr\u00fcfen und Feedback geben, ohne dass Sie zus\u00e4tzliche CAD-Lizenzen ben\u00f6tigen. Das macht Compose zu einer leistungsstarken L\u00f6sung f\u00fcr die Entwurfspr\u00fcfung, die Produktionsvorbereitung und die Kundenkommunikation. <\/p>\n<p>[\/et_pb_text][et_pb_button button_url=&#8220;https:\/\/www.ironcad.com\/download\/COMPOSE\/latest*&#8220; button_text=&#8220;Compose herunterladen&#8220; _builder_version=&#8220;4.27.4&#8243; _module_preset=&#8220;default&#8220; button_bg_color=&#8220;gcid-primary-color&#8220; button_icon=&#8220;&#xe092;||divi||400&#8243; global_colors_info=&#8220;{%22gcid-3421bf6d-18b2-4c4f-a72e-22b2864b9384%22:%91%22button_bg_color%22%93,%22gcid-primary-color%22:%91%22button_bg_color%22%93,%22gcid-heading-color%22:%91%22button_bg_color__hover%22%93}&#8220; button_bg_color__hover=&#8220;#474747&#8243;][\/et_pb_button][\/et_pb_column][et_pb_column type=&#8220;1_2&#8243; _builder_version=&#8220;4.24.0&#8243; _module_preset=&#8220;default&#8220; global_colors_info=&#8220;{}&#8220;][et_pb_image src=&#8220;https:\/\/ironcad.eu\/wp-content\/uploads\/2026\/01\/Spring-Suspension.webp&#8220; alt=&#8220;3D-CAD-Konstruktion einer Federd\u00e4mpferbaugruppe mit Metallsto\u00dfd\u00e4mpfer und gelben Halterungen, entworfen in IronCAD&#8220; title_text=&#8220;Federaufh\u00e4ngung&#8220; _builder_version=&#8220;4.27.4&#8243; _module_preset=&#8220;default&#8220; border_radii=&#8220;on|8px|8px|8px|8px&#8220; global_colors_info=&#8220;{}&#8220;][\/et_pb_image][\/et_pb_column][\/et_pb_row][et_pb_row custom_padding_last_edited=&#8220;off|desktop&#8220; admin_label=&#8220;Laufwerk&#8220; _builder_version=&#8220;4.27.4&#8243; _module_preset=&#8220;default&#8220; custom_padding=&#8220;0rem||1rem||false|false&#8220; custom_padding_tablet=&#8220;2rem||0rem||false|false&#8220; custom_padding_phone=&#8220;2rem||0rem||false|false&#8220; global_colors_info=&#8220;{}&#8220;][et_pb_column type=&#8220;4_4&#8243; _builder_version=&#8220;4.24.0&#8243; _module_preset=&#8220;default&#8220; global_colors_info=&#8220;{}&#8220;][et_pb_divider divider_weight=&#8220;2px&#8220; _builder_version=&#8220;4.27.4&#8243; _module_preset=&#8220;default&#8220; custom_margin=&#8220;1rem||1rem||true|false&#8220; custom_padding=&#8220;0px||0px||true|false&#8220; global_colors_info=&#8220;{}&#8220;][\/et_pb_divider][\/et_pb_column][\/et_pb_row][et_pb_row column_structure=&#8220;3_5,2_5&#8243; custom_padding_last_edited=&#8220;off|desktop&#8220; admin_label=&#8220;Laufwerk&#8220; _builder_version=&#8220;4.27.4&#8243; _module_preset=&#8220;default&#8220; custom_padding=&#8220;0rem||1rem||false|false&#8220; custom_padding_tablet=&#8220;2rem||0rem||false|false&#8220; custom_padding_phone=&#8220;2rem||0rem||false|false&#8220; global_colors_info=&#8220;{}&#8220;][et_pb_column type=&#8220;3_5&#8243; _builder_version=&#8220;4.24.0&#8243; _module_preset=&#8220;default&#8220; global_colors_info=&#8220;{}&#8220;][et_pb_text _builder_version=&#8220;4.27.4&#8243; _module_preset=&#8220;default&#8220; global_colors_info=&#8220;{}&#8220;]<\/p>\n<h2>Was ist IronCAD Compose?<\/h2>\n<p>IronCAD Compose ist ein kostenloser 3D-CAD-Viewer f\u00fcr Windows, der speziell f\u00fcr das Betrachten und Analysieren von IronCAD-Dateien entwickelt wurde. Es unterst\u00fctzt sowohl 3D-Modelle als auch 2D-Zeichnungen und bietet umfassende Werkzeuge zum Pr\u00fcfen und Diskutieren von Entw\u00fcrfen. Die intuitive 3D-Umgebung erm\u00f6glicht es dem Benutzer, Teile einfach zu messen, zu pr\u00fcfen und zu positionieren. <\/p>\n<p>[\/et_pb_text][\/et_pb_column][et_pb_column type=&#8220;2_5&#8243; _builder_version=&#8220;4.27.4&#8243; _module_preset=&#8220;default&#8220; global_colors_info=&#8220;{}&#8220;][et_pb_blurb title=&#8220;Compose kann unter anderem die folgenden Dateiformate \u00f6ffnen&#8220; use_icon=&#8220;on&#8220; font_icon=&#8220;&#xf0c5;||fa||900&#8243; icon_placement=&#8220;left&#8220; _builder_version=&#8220;4.27.4&#8243; _module_preset=&#8220;default&#8220; background_color=&#8220;gcid-f52cc46c-103a-4f3e-bb71-6efb5f79ee25&#8243; custom_margin=&#8220;||0rem||false|false&#8220; custom_padding=&#8220;2rem|2rem|1rem|2rem|false|true&#8220; border_radii=&#8220;on|8px|8px|8px|8px&#8220; global_colors_info=&#8220;{%22gcid-2c6a33f9-5f77-4945-8274-f487275e6c76%22:%91%22box_shadow_color%22,%22box_shadow_color%22%93,%22gcid-f52cc46c-103a-4f3e-bb71-6efb5f79ee25%22:%91%22background_color%22%93}&#8220;]<\/p>\n<ul>\n<li>IronCAD 3D-Dateien (*.ics)<\/li>\n<li>IronCAD 2D-Zeichnungen (*.icd und *.exb)<\/li>\n<li>DWG und DXF 2D-Dateien<\/li>\n<li>Verschiedene 3D-Facettenformate<\/li>\n<\/ul>\n<p>[\/et_pb_blurb][\/et_pb_column][\/et_pb_row][\/et_pb_section][et_pb_section fb_built=&#8220;1&#8243; _builder_version=&#8220;4.27.4&#8243; _module_preset=&#8220;default&#8220; background_color=&#8220;gcid-f52cc46c-103a-4f3e-bb71-6efb5f79ee25&#8243; global_colors_info=&#8220;{%22gcid-f52cc46c-103a-4f3e-bb71-6efb5f79ee25%22:%91%22background_color%22%93}&#8220;][et_pb_row custom_padding_last_edited=&#8220;off|desktop&#8220; admin_label=&#8220;Laufwerk&#8220; _builder_version=&#8220;4.27.4&#8243; _module_preset=&#8220;default&#8220; custom_padding=&#8220;2rem||1rem||false|false&#8220; global_colors_info=&#8220;{}&#8220;][et_pb_column type=&#8220;4_4&#8243; _builder_version=&#8220;4.24.0&#8243; _module_preset=&#8220;default&#8220; global_colors_info=&#8220;{}&#8220;][et_pb_text _builder_version=&#8220;4.27.4&#8243; _module_preset=&#8220;default&#8220; global_colors_info=&#8220;{}&#8220;]<\/p>\n<h2 style=\"text-align: center;\">Hauptmerkmale von IronCAD Compose<\/h2>\n<p>[\/et_pb_text][\/et_pb_column][\/et_pb_row][et_pb_row column_structure=&#8220;1_2,1_2&#8243; use_custom_gutter=&#8220;on&#8220; make_equal=&#8220;on&#8220; custom_padding_last_edited=&#8220;off|desktop&#8220; _builder_version=&#8220;4.27.4&#8243; _module_preset=&#8220;default&#8220; custom_margin_last_edited=&#8220;off|desktop&#8220; custom_padding=&#8220;1rem||1rem||true|false&#8220; global_colors_info=&#8220;{}&#8220;][et_pb_column type=&#8220;1_2&#8243; _builder_version=&#8220;4.27.4&#8243; _module_preset=&#8220;default&#8220; background_color=&#8220;#FFFFFF&#8220; custom_padding=&#8220;2rem|2rem|2rem|2rem|true|true&#8220; border_radii=&#8220;on|8px|8px|8px|8px&#8220; global_colors_info=&#8220;{}&#8220;][et_pb_blurb title=&#8220;Betrachten und Analysieren von 3D- und 2D-CAD-Dateien&#8220; use_icon=&#8220;on&#8220; font_icon=&#8220;&#xf06e;||fa||900&#8243; icon_placement=&#8220;left&#8220; _builder_version=&#8220;4.27.4&#8243; _module_preset=&#8220;default&#8220; background_color=&#8220;RGBA(255,255,255,0)&#8220; custom_margin=&#8220;||0rem||false|false&#8220; border_radii=&#8220;on|8px|8px|8px|8px&#8220; global_colors_info=&#8220;{%22gcid-2c6a33f9-5f77-4945-8274-f487275e6c76%22:%91%22box_shadow_color%22,%22box_shadow_color%22,%22box_shadow_color%22%93}&#8220;]<\/p>\n<p>Betrachten Sie komplexe Baugruppen und technische Zeichnungen, ohne eine CAD-Lizenz zu ben\u00f6tigen. Ideal f\u00fcr Produktion, Arbeitsvorbereitung und Verkauf. <\/p>\n<p>[\/et_pb_blurb][\/et_pb_column][et_pb_column type=&#8220;1_2&#8243; _builder_version=&#8220;4.27.4&#8243; _module_preset=&#8220;default&#8220; background_color=&#8220;#FFFFFF&#8220; custom_padding=&#8220;2rem|2rem|2rem|2rem|true|true&#8220; border_radii=&#8220;on|8px|8px|8px|8px&#8220; global_colors_info=&#8220;{}&#8220;][et_pb_blurb title=&#8220;Messungen, Markierungen und Feedback&#8220; use_icon=&#8220;on&#8220; font_icon=&#8220;&#xf548;||fa||900&#8243; icon_placement=&#8220;left&#8220; _builder_version=&#8220;4.27.4&#8243; _module_preset=&#8220;default&#8220; background_color=&#8220;RGBA(255,255,255,0)&#8220; custom_margin=&#8220;||0rem||false|false&#8220; border_radii=&#8220;on|8px|8px|8px|8px&#8220; global_colors_info=&#8220;{%22gcid-2c6a33f9-5f77-4945-8274-f487275e6c76%22:%91%22box_shadow_color%22,%22box_shadow_color%22,%22box_shadow_color%22%93}&#8220;]<\/p>\n<p>Nehmen Sie genaue Messungen vor, platzieren Sie Markierungen und f\u00fcgen Sie Kommentare hinzu, um Feedback klar zu erfassen und weiterzugeben.<\/p>\n<p>[\/et_pb_blurb][\/et_pb_column][\/et_pb_row][et_pb_row column_structure=&#8220;1_2,1_2&#8243; use_custom_gutter=&#8220;on&#8220; make_equal=&#8220;on&#8220; custom_padding_last_edited=&#8220;off|desktop&#8220; _builder_version=&#8220;4.27.4&#8243; _module_preset=&#8220;default&#8220; custom_margin_last_edited=&#8220;off|desktop&#8220; custom_padding=&#8220;1rem||1rem||true|false&#8220; global_colors_info=&#8220;{}&#8220;][et_pb_column type=&#8220;1_2&#8243; _builder_version=&#8220;4.27.4&#8243; _module_preset=&#8220;default&#8220; background_color=&#8220;#FFFFFF&#8220; custom_padding=&#8220;2rem|2rem|2rem|2rem|true|true&#8220; border_radii=&#8220;on|8px|8px|8px|8px&#8220; global_colors_info=&#8220;{}&#8220;][et_pb_blurb title=&#8220;Baugruppen zusammenstellen und Varianten zeigen&#8220; use_icon=&#8220;on&#8220; font_icon=&#8220;&#xf12e;||fa||900&#8243; icon_placement=&#8220;left&#8220; _builder_version=&#8220;4.27.4&#8243; _module_preset=&#8220;default&#8220; background_color=&#8220;RGBA(255,255,255,0)&#8220; custom_margin=&#8220;||0rem||false|false&#8220; border_radii=&#8220;on|8px|8px|8px|8px&#8220; global_colors_info=&#8220;{%22gcid-2c6a33f9-5f77-4945-8274-f487275e6c76%22:%91%22box_shadow_color%22,%22box_shadow_color%22,%22box_shadow_color%22%93}&#8220;]<\/p>\n<p>Stellen Sie Baugruppen zusammen und zeigen Sie verschiedene Konfigurationen, um Designentscheidungen besser diskutieren zu k\u00f6nnen.<\/p>\n<p>[\/et_pb_blurb][\/et_pb_column][et_pb_column type=&#8220;1_2&#8243; _builder_version=&#8220;4.27.4&#8243; _module_preset=&#8220;default&#8220; background_color=&#8220;#FFFFFF&#8220; custom_padding=&#8220;2rem|2rem|2rem|2rem|true|true&#8220; border_radii=&#8220;on|8px|8px|8px|8px&#8220; global_colors_info=&#8220;{}&#8220;][et_pb_blurb title=&#8220;Erstellen von Renderings und Animationen&#8220; use_icon=&#8220;on&#8220; font_icon=&#8220;&#xf03e;||fa||900&#8243; icon_placement=&#8220;left&#8220; _builder_version=&#8220;4.27.4&#8243; _module_preset=&#8220;default&#8220; background_color=&#8220;RGBA(255,255,255,0)&#8220; custom_margin=&#8220;||0rem||false|false&#8220; border_radii=&#8220;on|8px|8px|8px|8px&#8220; global_colors_info=&#8220;{%22gcid-2c6a33f9-5f77-4945-8274-f487275e6c76%22:%91%22box_shadow_color%22,%22box_shadow_color%22,%22box_shadow_color%22%93}&#8220;]<\/p>\n<p>Erstellen Sie visuelle Pr\u00e4sentationen, Renderings und Animationen f\u00fcr eine klare Kommunikation mit Kunden und internen Teams.<\/p>\n<p>[\/et_pb_blurb][\/et_pb_column][\/et_pb_row][\/et_pb_section][et_pb_section fb_built=&#8220;1&#8243; _builder_version=&#8220;4.27.4&#8243; _module_preset=&#8220;default&#8220; background_color=&#8220;RGBA(255,255,255,0)&#8220; global_colors_info=&#8220;{}&#8220;][et_pb_row column_structure=&#8220;2_5,3_5&#8243; admin_label=&#8220;Laufwerk&#8220; _builder_version=&#8220;4.24.0&#8243; _module_preset=&#8220;default&#8220; global_colors_info=&#8220;{}&#8220;][et_pb_column type=&#8220;2_5&#8243; _builder_version=&#8220;4.24.0&#8243; _module_preset=&#8220;default&#8220; global_colors_info=&#8220;{}&#8220;][et_pb_image src=&#8220;https:\/\/ironcad.eu\/wp-content\/uploads\/2025\/09\/IRONCAD-COMPOSE_3D_2D.webp&#8220; alt=&#8220;Bildschirmfoto von IRONCAD COMPOSE, das ein 3D-Modell einer Radachse mit Bremskomponenten zeigt, neben der entsprechenden 2D-Zeichnung mit technischen Abmessungen und Details.&#8220; title_text=&#8220;IRONCAD-COMPOSE_3D_2D&#8220; show_in_lightbox=&#8220;on&#8220; _builder_version=&#8220;4.27.4&#8243; _module_preset=&#8220;default&#8220; border_radii=&#8220;on|8px|8px|8px|8px&#8220; global_colors_info=&#8220;{}&#8220;][\/et_pb_image][\/et_pb_column][et_pb_column type=&#8220;3_5&#8243; _builder_version=&#8220;4.24.0&#8243; _module_preset=&#8220;default&#8220; global_colors_info=&#8220;{}&#8220;][et_pb_text _builder_version=&#8220;4.27.4&#8243; _module_preset=&#8220;default&#8220; custom_padding=&#8220;||0px|||&#8220; global_colors_info=&#8220;{}&#8220;]<\/p>\n<h2>Zusammenarbeit in Echtzeit<\/h2>\n<p>IronCAD Compose ist mehr als ein Standard-CAD-Viewer. Die Software unterst\u00fctzt die interaktive Zusammenarbeit, bei der Teams und Kunden gemeinsam Entw\u00fcrfe ansehen, diskutieren und \u00fcberpr\u00fcfen k\u00f6nnen. <\/p>\n<p>Produktionsmitarbeiter k\u00f6nnen Modelle direkt \u00f6ffnen, um die Abmessungen zu \u00fcberpr\u00fcfen. Vertriebsmitarbeiter k\u00f6nnen Entw\u00fcrfe w\u00e4hrend eines Gespr\u00e4chs pr\u00e4sentieren. Kunden k\u00f6nnen bereits in einem fr\u00fchen Stadium des Prozesses Feedback geben. Dadurch wird die Vorlaufzeit bis zur Produktion verk\u00fcrzt und das Fehlerrisiko verringert.   <\/p>\n<p>[\/et_pb_text][\/et_pb_column][\/et_pb_row][et_pb_row column_structure=&#8220;3_5,2_5&#8243; admin_label=&#8220;Laufwerk&#8220; _builder_version=&#8220;4.24.0&#8243; _module_preset=&#8220;default&#8220; global_colors_info=&#8220;{}&#8220;][et_pb_column type=&#8220;3_5&#8243; _builder_version=&#8220;4.24.0&#8243; _module_preset=&#8220;default&#8220; global_colors_info=&#8220;{}&#8220;][et_pb_text _builder_version=&#8220;4.27.4&#8243; _module_preset=&#8220;default&#8220; custom_padding=&#8220;||0px|||&#8220; global_colors_info=&#8220;{}&#8220;]<\/p>\n<h2>IronCAD Compose-Konfigurator (optional)<\/h2>\n<p>Der optionale IronCAD Compose Configurator erweitert die Funktionalit\u00e4t f\u00fcr Verkauf und Konfiguration.<\/p>\n<p>W\u00e4hrend eines Verkaufsgespr\u00e4chs k\u00f6nnen Sie komplette Entw\u00fcrfe auf der Grundlage modularer Komponenten zusammenstellen. Varianten werden sofort sichtbar und es wird automatisch eine St\u00fcckliste erstellt, die Sie mit der Konstruktion oder der Produktion teilen k\u00f6nnen. <\/p>\n<p>[\/et_pb_text][et_pb_button button_url=&#8220;@ET-DC@eyJkeW5hbWljIjp0cnVlLCJjb250ZW50IjoicG9zdF9saW5rX3VybF9wYWdlIiwic2V0dGluZ3MiOnsicG9zdF9pZCI6IjE1MjgzIiwiZW5hYmxlX2h0bWwiOiJvZmYifX0=@&#8220; button_text=&#8220;Demo anfordern&#8220; _builder_version=&#8220;4.27.4&#8243; _dynamic_attributes=&#8220;button_url&#8220; _module_preset=&#8220;default&#8220; button_bg_color=&#8220;gcid-cec01bf0-fc62-410c-9831-380fd97d1c1b&#8220; button_icon=&#8220;&#x70;||divi||400&#8243; locked=&#8220;off&#8220; global_colors_info=&#8220;{%22gcid-3421bf6d-18b2-4c4f-a72e-22b2864b9384%22:%91%22button_bg_color%22,%22button_bg_color__hover%22%93,%22gcid-cec01bf0-fc62-410c-9831-380fd97d1c1b%22:%91%22button_bg_color%22%93}&#8220; button_bg_color__hover=&#8220;#474747&#8243;][\/et_pb_button][\/et_pb_column][et_pb_column type=&#8220;2_5&#8243; _builder_version=&#8220;4.24.0&#8243; _module_preset=&#8220;default&#8220; global_colors_info=&#8220;{}&#8220;][et_pb_image src=&#8220;https:\/\/ironcad.eu\/wp-content\/uploads\/2025\/09\/IRONCAD-COMPOSE-CONFIGURATOR.webp&#8220; alt=&#8220;Screenshot von IRONCAD COMPOSE Configurator mit einem 3D-Modell eines KUKA Industrieroboterarms&#8220; title_text=&#8220;IRONCAD-COMPOSE-KONFIGURATOR&#8220; show_in_lightbox=&#8220;on&#8220; _builder_version=&#8220;4.27.4&#8243; _module_preset=&#8220;default&#8220; border_radii=&#8220;on|8px|8px|8px|8px&#8220; global_colors_info=&#8220;{}&#8220;][\/et_pb_image][\/et_pb_column][\/et_pb_row][\/et_pb_section][et_pb_section fb_built=&#8220;1&#8243; _builder_version=&#8220;4.27.4&#8243; _module_preset=&#8220;default&#8220; background_color=&#8220;gcid-f52cc46c-103a-4f3e-bb71-6efb5f79ee25&#8243; global_colors_info=&#8220;{%22gcid-f52cc46c-103a-4f3e-bb71-6efb5f79ee25%22:%91%22background_color%22%93}&#8220;][et_pb_row admin_label=&#8220;Laufwerk&#8220; _builder_version=&#8220;4.27.4&#8243; _module_preset=&#8220;default&#8220; global_colors_info=&#8220;{}&#8220;][et_pb_column type=&#8220;4_4&#8243; _builder_version=&#8220;4.27.4&#8243; _module_preset=&#8220;default&#8220; global_colors_info=&#8220;{}&#8220;][et_pb_text _builder_version=&#8220;4.27.4&#8243; _module_preset=&#8220;default&#8220; custom_padding=&#8220;||0px|||&#8220; global_colors_info=&#8220;{}&#8220;]<\/p>\n<h2>FAQ \u00fcber IronCAD Compose<\/h2>\n<p>Nachfolgend finden Sie die am h\u00e4ufigsten gestellten Fragen mit kurzen und klaren Antworten zu IronCAD Compose.<\/p>\n<p>[\/et_pb_text][dipi_faq faq_categories=&#8220;119&#8243; faq_order_by=&#8220;date&#8220; faq_layout=&#8220;accordion&#8220; icon_closed=&#8220;&#xf067;||fa||900&#8243; icon_open=&#8220;&#xf068;||fa||900&#8243; icon_open_color=&#8220;gcid-primary-color&#8220; icon_closed_color=&#8220;gcid-primary-color&#8220; _builder_version=&#8220;4.27.4&#8243; _module_preset=&#8220;default&#8220; title_closed_font=&#8220;||||||||&#8220; title_closed_font_size=&#8220;20px&#8220; title_open_font=&#8220;||||||||&#8220; title_open_font_size=&#8220;20px&#8220; content_closed_font=&#8220;||||||||&#8220; global_colors_info=&#8220;{%22gcid-30b5efe5-d222-44ad-9df0-11db21b92f78%22:%91%22entry_background_closed%22%93,%22gcid-primary-color%22:%91%22icon_open_color%22,%22icon_closed_color%22%93}&#8220;][\/dipi_faq][\/et_pb_column][\/et_pb_row][et_pb_row _builder_version=&#8220;4.27.4&#8243; _module_preset=&#8220;default&#8220; global_colors_info=&#8220;{}&#8220;][et_pb_column type=&#8220;4_4&#8243; _builder_version=&#8220;4.27.4&#8243; _module_preset=&#8220;default&#8220; global_colors_info=&#8220;{}&#8220;][et_pb_text _builder_version=&#8220;4.27.4&#8243; _module_preset=&#8220;default&#8220; custom_padding=&#8220;||0px|||&#8220; global_colors_info=&#8220;{}&#8220;]<\/p>\n<h2>Fazit<\/h2>\n<p>IronCAD Compose ist ein kostenloser 3D-CAD-Viewer und ein Tool zur Zusammenarbeit, das weit \u00fcber das Betrachten hinausgeht. Ganz gleich, ob Sie in der Konstruktion, der Fertigung, im Vertrieb oder in der Zusammenarbeit mit Kunden t\u00e4tig sind, mit Compose k\u00f6nnen Sie Entw\u00fcrfe \u00fcberpr\u00fcfen, Feedback geben und Entscheidungen schneller treffen. <\/p>\n<p>Mit dem optionalen Configurator gehen Sie noch einen Schritt weiter und stellen komplette Entw\u00fcrfe mit automatischen St\u00fccklisten zusammen.<\/p>\n<p>[\/et_pb_text][et_pb_button button_url=&#8220;https:\/\/www.ironcad.com\/download\/COMPOSE\/latest*&#8220; button_text=&#8220;Compose herunterladen&#8220; _builder_version=&#8220;4.27.4&#8243; _module_preset=&#8220;default&#8220; button_bg_color=&#8220;gcid-primary-color&#8220; button_icon=&#8220;&#xe092;||divi||400&#8243; global_colors_info=&#8220;{%22gcid-3421bf6d-18b2-4c4f-a72e-22b2864b9384%22:%91%22button_bg_color%22%93,%22gcid-primary-color%22:%91%22button_bg_color%22%93,%22gcid-heading-color%22:%91%22button_bg_color__hover%22%93}&#8220; button_bg_color__hover=&#8220;#474747&#8243;][\/et_pb_button][\/et_pb_column][\/et_pb_row][\/et_pb_section]<\/p>\n","protected":false},"excerpt":{"rendered":"<p>IronCAD Compose ist ein kostenloser 3D-CAD-Viewer zum Anzeigen, Messen und Kommentieren von 2D- und 3D-CAD-Dateien. Ideal f\u00fcr die Zusammenarbeit mit Produktion, Vertrieb und Kunden. <\/p>\n","protected":false},"author":2,"featured_media":0,"parent":18489,"menu_order":0,"comment_status":"closed","ping_status":"closed","template":"","meta":{"_et_pb_use_builder":"on","_et_pb_old_content":"","_et_gb_content_width":"","_improvement_type_select":"improve_an_existing","_thumb_yes_seoaic":false,"_frame_yes_seoaic":false,"seoaic_generate_description":"","seoaic_improve_instructions_prompt":"","seoaic_rollback_content_improvement":"","seoaic_idea_thumbnail_generator":"","thumbnail_generated":false,"thumbnail_generate_prompt":"","seoaic_article_description":"","footnotes":"","advanced-sidebar-menu\/link-title":"","advanced-sidebar-menu\/exclude-page":false},"dipi_cpt_category":[],"class_list":["post-18389","page","type-page","status-publish","hentry"],"_links":{"self":[{"href":"https:\/\/ironcad.eu\/de\/wp-json\/wp\/v2\/pages\/18389","targetHints":{"allow":["GET"]}}],"collection":[{"href":"https:\/\/ironcad.eu\/de\/wp-json\/wp\/v2\/pages"}],"about":[{"href":"https:\/\/ironcad.eu\/de\/wp-json\/wp\/v2\/types\/page"}],"author":[{"embeddable":true,"href":"https:\/\/ironcad.eu\/de\/wp-json\/wp\/v2\/users\/2"}],"replies":[{"embeddable":true,"href":"https:\/\/ironcad.eu\/de\/wp-json\/wp\/v2\/comments?post=18389"}],"version-history":[{"count":0,"href":"https:\/\/ironcad.eu\/de\/wp-json\/wp\/v2\/pages\/18389\/revisions"}],"up":[{"embeddable":true,"href":"https:\/\/ironcad.eu\/de\/wp-json\/wp\/v2\/pages\/18489"}],"wp:attachment":[{"href":"https:\/\/ironcad.eu\/de\/wp-json\/wp\/v2\/media?parent=18389"}],"wp:term":[{"taxonomy":"dipi_cpt_category","embeddable":true,"href":"https:\/\/ironcad.eu\/de\/wp-json\/wp\/v2\/dipi_cpt_category?post=18389"}],"curies":[{"name":"wp","href":"https:\/\/api.w.org\/{rel}","templated":true}]}}