{"id":18436,"date":"2024-10-25T12:30:16","date_gmt":"2024-10-25T10:30:16","guid":{"rendered":"https:\/\/ironcad.eu\/demo\/"},"modified":"2026-02-11T15:23:24","modified_gmt":"2026-02-11T14:23:24","slug":"demo","status":"publish","type":"page","link":"https:\/\/ironcad.eu\/de\/ironcad\/demo\/","title":{"rendered":"Demo"},"content":{"rendered":"<p>[et_pb_section fb_built=&#8220;1&#8243; _builder_version=&#8220;4.24.0&#8243; _module_preset=&#8220;default&#8220; locked=&#8220;off&#8220; global_colors_info=&#8220;{}&#8220;][et_pb_row custom_padding_last_edited=&#8220;on|desktop&#8220; admin_label=&#8220;Kr\u00fcmelpfad&#8220; _builder_version=&#8220;4.26.0&#8243; _module_preset=&#8220;default&#8220; custom_padding=&#8220;0rem||||false|false&#8220; custom_padding_tablet=&#8220;0rem||||false|false&#8220; custom_padding_phone=&#8220;0rem||||false|false&#8220; global_module=&#8220;11007&#8243; saved_tabs=&#8220;all&#8220; global_colors_info=&#8220;{}&#8220;][et_pb_column type=&#8220;4_4&#8243; _builder_version=&#8220;4.24.0&#8243; _module_preset=&#8220;default&#8220; global_colors_info=&#8220;{}&#8220;][et_pb_code _builder_version=&#8220;4.24.1&#8243; _module_preset=&#8220;default&#8220; custom_css_main_element=&#8220;font-size: .7em;||text-transform: uppercase;&#8220; global_colors_info=&#8220;{}&#8220;]<nav aria-label=\"breadcrumbs\" class=\"rank-math-breadcrumb\"><p><span class=\"last\">Home<\/span><\/p><\/nav>[\/et_pb_code][\/et_pb_column][\/et_pb_row][et_pb_row _builder_version=&#8220;4.26.0&#8243; _module_preset=&#8220;default&#8220; custom_padding=&#8220;1rem||1rem||true|false&#8220; custom_padding_tablet=&#8220;2rem||1rem||false|false&#8220; custom_padding_phone=&#8220;2rem||0rem||false|false&#8220; global_colors_info=&#8220;{}&#8220;][et_pb_column type=&#8220;4_4&#8243; _builder_version=&#8220;4.24.0&#8243; _module_preset=&#8220;default&#8220; global_colors_info=&#8220;{}&#8220;][et_pb_text _builder_version=&#8220;4.26.0&#8243; _module_preset=&#8220;default&#8220; global_colors_info=&#8220;{}&#8220;]<\/p>\n<h1>Demo<\/h1>\n<p>Ein Termin f\u00fcr eine IronCAD-Demo ist ein wichtiger Schritt, um herauszufinden, ob diese Software den Designanforderungen Ihres Teams oder Ihrer Organisation entspricht. Eine ma\u00dfgeschneiderte interaktive Sitzung gibt Ihnen die M\u00f6glichkeit, IronCAD zu erleben und eine fundierte Entscheidung zu treffen. <\/p>\n<p>[\/et_pb_text][\/et_pb_column][\/et_pb_row][et_pb_row column_structure=&#8220;3_5,2_5&#8243; _builder_version=&#8220;4.27.4&#8243; _module_preset=&#8220;default&#8220; background_color=&#8220;RGBA(255,255,255,0)&#8220; custom_padding=&#8220;1rem||1rem||true|false&#8220; global_colors_info=&#8220;{%22gcid-342b504c-af3f-4a0e-9bbf-cd80ba9f1957%22:%91%22border_color_bottom%22,%22border_color_bottom%22%93}&#8220;][et_pb_column type=&#8220;3_5&#8243; _builder_version=&#8220;4.27.4&#8243; _module_preset=&#8220;default&#8220; custom_padding=&#8220;25px|25px|25px|25px|true|true&#8220; border_radii=&#8220;on|8px|8px|8px|8px&#8220; box_shadow_style=&#8220;preset3&#8243; global_colors_info=&#8220;{}&#8220;][et_pb_text _builder_version=&#8220;4.26.0&#8243; _module_preset=&#8220;default&#8220; custom_margin=&#8220;||-1px|||&#8220; global_colors_info=&#8220;{}&#8220;]<\/p>\n<h3>Termin f\u00fcr eine Demo<\/h3>\n<p>F\u00fcllen Sie das untenstehende Formular aus und wir werden uns mit Ihnen in Verbindung setzen, um eine Demo zu vereinbaren.<\/p>\n<p>[\/et_pb_text][dipi_gravity_forms_styler gf_form_id=&#8220;12&#8243; form_title=&#8220;hide&#8220; form_desc=&#8220;hide&#8220; _builder_version=&#8220;4.27.4&#8243; _module_preset=&#8220;default&#8220; background_color=&#8220;RGBA(255,255,255,0)&#8220; custom_margin=&#8220;||||false|false&#8220; custom_padding=&#8220;25px||25px|25px|true|false&#8220; global_colors_info=&#8220;{%22gcid-342b504c-af3f-4a0e-9bbf-cd80ba9f1957%22:%91%22box_shadow_color%22,%22box_shadow_color%22,%22box_shadow_color%22%93}&#8220;][\/dipi_gravity_forms_styler][\/et_pb_column][et_pb_column type=&#8220;2_5&#8243; _builder_version=&#8220;4.26.0&#8243; _module_preset=&#8220;default&#8220; background_color=&#8220;gcid-f52cc46c-103a-4f3e-bb71-6efb5f79ee25&#8243; custom_padding=&#8220;25px|25px|25px|25px|true|true&#8220; border_radii=&#8220;on|10px|10px|10px|10px&#8220; global_colors_info=&#8220;{%22gcid-f52cc46c-103a-4f3e-bb71-6efb5f79ee25%22:%91%22background_color%22%93}&#8220;][et_pb_blurb title=&#8220;Einf\u00fchrung und \u00dcberblick&#8220; use_icon=&#8220;on&#8220; font_icon=&#8220;&#xf0c9;||fa||900&#8243; icon_placement=&#8220;left&#8220; image_icon_width=&#8220;35px&#8220; _builder_version=&#8220;4.26.0&#8243; _module_preset=&#8220;default&#8220; global_colors_info=&#8220;{}&#8220;]<\/p>\n<p>Eine Demo beginnt oft mit einer kurzen Einf\u00fchrung in IronCAD und einem \u00dcberblick \u00fcber die wichtigsten Funktionen und Vorteile des Pakets.<\/p>\n<p>[\/et_pb_blurb][et_pb_blurb title=&#8220;Live-Demonstration&#8220; use_icon=&#8220;on&#8220; font_icon=&#8220;&#xf108;||fa||900&#8243; icon_placement=&#8220;left&#8220; image_icon_width=&#8220;35px&#8220; _builder_version=&#8220;4.26.0&#8243; _module_preset=&#8220;default&#8220; global_colors_info=&#8220;{}&#8220;]<\/p>\n<p>Einer unserer Spezialisten demonstriert, wie die Software funktioniert und zeigt die wichtigsten Funktionen. Zum Beispiel den TriBall, die Funktionen zum Strecken und Anbringen, die Arbeit mit 3D-Modellen und die praktischen Design-Tools. <\/p>\n<p>[\/et_pb_blurb][et_pb_blurb title=&#8220;Interaktive Sitzung&#8220; use_icon=&#8220;on&#8220; font_icon=&#8220;&#xf086;||fa||400&#8243; icon_placement=&#8220;left&#8220; image_icon_width=&#8220;35px&#8220; _builder_version=&#8220;4.26.0&#8243; _module_preset=&#8220;default&#8220; global_colors_info=&#8220;{}&#8220;]<\/p>\n<p>W\u00e4hrend der Demo gibt es Raum f\u00fcr Fragen, so dass die f\u00fcr Sie relevanten Themen abgedeckt werden. Der Spezialist kann in Echtzeit zeigen, wie Operationen durchgef\u00fchrt werden. <\/p>\n<p>[\/et_pb_blurb][et_pb_blurb title=&#8220;Fallstudie&#8220; use_icon=&#8220;on&#8220; font_icon=&#8220;&#xf1b3;||fa||900&#8243; icon_placement=&#8220;left&#8220; image_icon_width=&#8220;35px&#8220; _builder_version=&#8220;4.26.0&#8243; _module_preset=&#8220;default&#8220; global_colors_info=&#8220;{}&#8220;]<\/p>\n<p>W\u00e4hrend der Demo verwenden wir praktische Beispiele, die auf Ihr Arbeitsgebiet abgestimmt sind. So k\u00f6nnen Sie sich ein vollst\u00e4ndiges Bild von den M\u00f6glichkeiten von IronCAD f\u00fcr Ihre Design- und Produktionsprozesse machen. <\/p>\n<p>[\/et_pb_blurb][\/et_pb_column][\/et_pb_row][\/et_pb_section][et_pb_section fb_built=&#8220;1&#8243; _builder_version=&#8220;4.27.4&#8243; _module_preset=&#8220;default&#8220; background_color=&#8220;gcid-f52cc46c-103a-4f3e-bb71-6efb5f79ee25&#8243; hover_enabled=&#8220;0&#8243; global_colors_info=&#8220;{%22gcid-f52cc46c-103a-4f3e-bb71-6efb5f79ee25%22:%91%22background_color%22%93}&#8220; sticky_enabled=&#8220;0&#8243;][et_pb_row _builder_version=&#8220;4.26.0&#8243; _module_preset=&#8220;default&#8220; width=&#8220;100%&#8220; max_width=&#8220;2560px&#8220; custom_padding=&#8220;1rem||1rem||true|false&#8220; global_colors_info=&#8220;{}&#8220;][et_pb_column type=&#8220;4_4&#8243; _builder_version=&#8220;4.26.0&#8243; _module_preset=&#8220;default&#8220; global_colors_info=&#8220;{}&#8220;][et_pb_text _builder_version=&#8220;4.27.4&#8243; _module_preset=&#8220;default&#8220; text_orientation=&#8220;center&#8220; custom_margin=&#8220;||15px|||&#8220; hover_enabled=&#8220;0&#8243; global_colors_info=&#8220;{}&#8220; sticky_enabled=&#8220;0&#8243;]<\/p>\n<h3>Erfahrungen von Endbenutzern<\/h3>\n<p>[\/et_pb_text][dipi_blog_slider posts_number=&#8220;8&#8243; select_post_type=&#8220;project&#8220; select_custom_tax=&#8220;project_category&#8220; include_term_ids_of_project_category=&#8220;47,67,49,68,48,65&#8243; thumbnail_height=&#8220;190px&#8220; excerpt_length=&#8220;150&#8243; orderby=&#8220;rand&#8220; show_author=&#8220;off&#8220; show_date=&#8220;off&#8220; columns=&#8220;4&#8243; container_padding=&#8220;0px|50px|0px|50px|true|true&#8220; navigation=&#8220;on&#8220; navigation_prev_icon_yn=&#8220;on&#8220; navigation_next_icon_yn=&#8220;on&#8220; navigation_color=&#8220;#FFFFFF&#8220; navigation_position_left=&#8220;0px&#8220; navigation_position_right=&#8220;0px&#8220; _builder_version=&#8220;4.27.4&#8243; _module_preset=&#8220;default&#8220; hover_enabled=&#8220;0&#8243; global_colors_info=&#8220;{%22gcid-3421bf6d-18b2-4c4f-a72e-22b2864b9384%22:%91%22pagination_color%22,%22pagination_color%22,%22pagination_color%22,%22pagination_color%22%93,%22gcid-342b504c-af3f-4a0e-9bbf-cd80ba9f1957%22:%91%22box_shadow_color_item%22,%22box_shadow_color_item%22,%22box_shadow_color_item%22,%22box_shadow_color_item%22%93,%22gcid-cec01bf0-fc62-410c-9831-380fd97d1c1b%22:%91%22header_text_color%22,%22pagination_active_color%22,%22header_text_color%22,%22pagination_active_color%22,%22header_text_color%22,%22pagination_active_color%22,%22header_text_color%22,%22pagination_active_color%22%93,%22gcid-d883c2cb-caee-4528-bec5-b8583b5b0c09%22:%91%22cat_text_color%22,%22cat_text_color%22,%22cat_text_color%22,%22cat_text_color%22%93}&#8220; columns_last_edited=&#8220;on|phone&#8220; sticky_enabled=&#8220;0&#8243; columns_tablet=&#8220;4&#8243; columns_phone=&#8220;4&#8243;][\/dipi_blog_slider][\/et_pb_column][\/et_pb_row][\/et_pb_section]<\/p>\n","protected":false},"excerpt":{"rendered":"<p><nav aria-label=\"breadcrumbs\" class=\"rank-math-breadcrumb\"><p><span class=\"last\">Home<\/span><\/p><\/nav>Demo Ein Termin f\u00fcr eine IronCAD-Demo ist ein wichtiger Schritt, um herauszufinden, ob diese Software den Designanforderungen Ihres Teams oder Ihrer Organisation entspricht. Eine ma\u00dfgeschneiderte interaktive Sitzung gibt Ihnen die M\u00f6glichkeit, IronCAD zu erleben und eine fundierte Entscheidung zu treffen. Termin f\u00fcr eine Demo F\u00fcllen Sie das untenstehende Formular aus und wir werden uns mit [&hellip;]<\/p>\n","protected":false},"author":2,"featured_media":0,"parent":18489,"menu_order":0,"comment_status":"closed","ping_status":"closed","template":"","meta":{"_et_pb_use_builder":"on","_et_pb_old_content":"","_et_gb_content_width":"","_improvement_type_select":"improve_an_existing","_thumb_yes_seoaic":false,"_frame_yes_seoaic":false,"seoaic_generate_description":"","seoaic_improve_instructions_prompt":"","seoaic_rollback_content_improvement":"","seoaic_idea_thumbnail_generator":"","thumbnail_generated":false,"thumbnail_generate_prompt":"","seoaic_article_description":"","footnotes":"","advanced-sidebar-menu\/link-title":"","advanced-sidebar-menu\/exclude-page":false},"dipi_cpt_category":[],"class_list":["post-18436","page","type-page","status-publish","hentry"],"_links":{"self":[{"href":"https:\/\/ironcad.eu\/de\/wp-json\/wp\/v2\/pages\/18436","targetHints":{"allow":["GET"]}}],"collection":[{"href":"https:\/\/ironcad.eu\/de\/wp-json\/wp\/v2\/pages"}],"about":[{"href":"https:\/\/ironcad.eu\/de\/wp-json\/wp\/v2\/types\/page"}],"author":[{"embeddable":true,"href":"https:\/\/ironcad.eu\/de\/wp-json\/wp\/v2\/users\/2"}],"replies":[{"embeddable":true,"href":"https:\/\/ironcad.eu\/de\/wp-json\/wp\/v2\/comments?post=18436"}],"version-history":[{"count":0,"href":"https:\/\/ironcad.eu\/de\/wp-json\/wp\/v2\/pages\/18436\/revisions"}],"up":[{"embeddable":true,"href":"https:\/\/ironcad.eu\/de\/wp-json\/wp\/v2\/pages\/18489"}],"wp:attachment":[{"href":"https:\/\/ironcad.eu\/de\/wp-json\/wp\/v2\/media?parent=18436"}],"wp:term":[{"taxonomy":"dipi_cpt_category","embeddable":true,"href":"https:\/\/ironcad.eu\/de\/wp-json\/wp\/v2\/dipi_cpt_category?post=18436"}],"curies":[{"name":"wp","href":"https:\/\/api.w.org\/{rel}","templated":true}]}}