{"id":18446,"date":"2025-09-02T16:03:45","date_gmt":"2025-09-02T14:03:45","guid":{"rendered":"https:\/\/ironcad.eu\/ressourcen\/vorlagen\/"},"modified":"2026-03-26T10:29:27","modified_gmt":"2026-03-26T09:29:27","slug":"vorlagen","status":"publish","type":"page","link":"https:\/\/ironcad.eu\/de\/unterstuetzen-sie\/ressourcen\/vorlagen\/","title":{"rendered":"Vorlagen"},"content":{"rendered":"<p>[et_pb_section fb_built=&#8220;1&#8243; _builder_version=&#8220;4.24.1&#8243; _module_preset=&#8220;default&#8220; global_colors_info=&#8220;{}&#8220;][et_pb_row custom_padding_last_edited=&#8220;on|desktop&#8220; admin_label=&#8220;Kr\u00fcmelpfad&#8220; _builder_version=&#8220;4.27.4&#8243; _module_preset=&#8220;default&#8220; custom_padding=&#8220;0rem||||false|false&#8220; custom_padding_tablet=&#8220;0rem||||false|false&#8220; custom_padding_phone=&#8220;0rem||||false|false&#8220; global_module=&#8220;11007&#8243; saved_tabs=&#8220;all&#8220; collapsed=&#8220;off&#8220; global_colors_info=&#8220;{}&#8220;][et_pb_column type=&#8220;4_4&#8243; _builder_version=&#8220;4.24.0&#8243; _module_preset=&#8220;default&#8220; global_colors_info=&#8220;{}&#8220;][et_pb_code admin_label=&#8220;Code&#8220; _builder_version=&#8220;4.27.4&#8243; _module_preset=&#8220;default&#8220; custom_css_main_element=&#8220;font-size: .7em;||text-transform: uppercase;&#8220; global_colors_info=&#8220;{}&#8220;]<nav aria-label=\"breadcrumbs\" class=\"rank-math-breadcrumb\"><p><span class=\"last\">Home<\/span><\/p><\/nav>[\/et_pb_code][\/et_pb_column][\/et_pb_row][et_pb_row column_structure=&#8220;3_4,1_4&#8243; custom_padding_last_edited=&#8220;off|desktop&#8220; _builder_version=&#8220;4.27.4&#8243; _module_preset=&#8220;default&#8220; custom_padding=&#8220;1rem||1rem||true|false&#8220; global_colors_info=&#8220;{}&#8220;][et_pb_column type=&#8220;3_4&#8243; _builder_version=&#8220;4.24.0&#8243; _module_preset=&#8220;default&#8220; global_colors_info=&#8220;{}&#8220;][et_pb_post_title featured_image=&#8220;off&#8220; _builder_version=&#8220;4.27.4&#8243; _module_preset=&#8220;default&#8220; custom_margin=&#8220;||0px||false|false&#8220; global_colors_info=&#8220;{}&#8220;][\/et_pb_post_title][et_pb_text _builder_version=&#8220;4.27.4&#8243; _module_preset=&#8220;default&#8220; global_colors_info=&#8220;{}&#8220;]<\/p>\n<h2>Die Grundlage f\u00fcr jede neue Datei<\/h2>\n<p>Vorlagendateien sorgen daf\u00fcr, dass jedes neue Projekt sofort die richtigen Einstellungen und das richtige Aussehen hat. Sowohl in 3D (Szene) als auch in 2D (Zeichnung) k\u00f6nnen Sie mit benutzerdefinierten Vorlagen arbeiten, was Ihre Inbetriebnahme schneller und konsistenter macht. Sie k\u00f6nnen diese Dateien problemlos an Kollegen weitergeben oder sie in neue Versionen von IronCAD mitnehmen.  <\/p>\n<p>[\/et_pb_text][\/et_pb_column][et_pb_column type=&#8220;1_4&#8243; _builder_version=&#8220;4.24.0&#8243; _module_preset=&#8220;default&#8220; global_colors_info=&#8220;{}&#8220;][et_pb_icon font_icon=&#8220;&#xe059;||divi||400&#8243; icon_width=&#8220;150px&#8220; align=&#8220;center&#8220; _builder_version=&#8220;4.27.4&#8243; _module_preset=&#8220;default&#8220; global_colors_info=&#8220;{}&#8220;][\/et_pb_icon][\/et_pb_column][\/et_pb_row][et_pb_row custom_padding_last_edited=&#8220;off|desktop&#8220; admin_label=&#8220;Laufwerk&#8220; _builder_version=&#8220;4.27.4&#8243; _module_preset=&#8220;default&#8220; custom_padding=&#8220;0rem||0rem||false|false&#8220; custom_padding_tablet=&#8220;2rem||0rem||false|false&#8220; custom_padding_phone=&#8220;2rem||0rem||false|false&#8220; global_colors_info=&#8220;{}&#8220;][et_pb_column type=&#8220;4_4&#8243; _builder_version=&#8220;4.24.0&#8243; _module_preset=&#8220;default&#8220; global_colors_info=&#8220;{}&#8220;][et_pb_divider divider_weight=&#8220;2px&#8220; _builder_version=&#8220;4.27.4&#8243; _module_preset=&#8220;default&#8220; custom_margin=&#8220;0px||0px||true|false&#8220; custom_padding=&#8220;0px||0px||true|false&#8220; global_colors_info=&#8220;{}&#8220;][\/et_pb_divider][\/et_pb_column][\/et_pb_row][et_pb_row use_custom_gutter=&#8220;on&#8220; gutter_width=&#8220;2&#8243; custom_padding_last_edited=&#8220;off|desktop&#8220; _builder_version=&#8220;4.27.4&#8243; _module_preset=&#8220;default&#8220; custom_padding=&#8220;1rem||1rem||true|false&#8220; global_colors_info=&#8220;{}&#8220;][et_pb_column type=&#8220;4_4&#8243; _builder_version=&#8220;4.27.4&#8243; _module_preset=&#8220;default&#8220; background_color=&#8220;gcid-f52cc46c-103a-4f3e-bb71-6efb5f79ee25&#8243; custom_padding=&#8220;25px|25px|25px|25px|true|true&#8220; border_radii=&#8220;on|8px|8px|8px|8px&#8220; global_colors_info=&#8220;{%22gcid-f52cc46c-103a-4f3e-bb71-6efb5f79ee25%22:%91%22background_color%22%93}&#8220;][et_pb_text _builder_version=&#8220;4.27.4&#8243; _module_preset=&#8220;default&#8220; custom_padding=&#8220;||0px|||&#8220; global_colors_info=&#8220;{}&#8220;]<\/p>\n<h2>3D-Szene<\/h2>\n<p>Eine 3D-Vorlage bestimmt, wie Ihre neuen 3D-Dateien beginnen. Ber\u00fccksichtigen Sie Einstellungen wie Hintergrundfarbe, Linienansicht und Tribal-Optionen. <\/p>\n<p>[\/et_pb_text][et_pb_button button_url=&#8220;https:\/\/ironcad.eu\/download\/Blue.ics&#8220; button_text=&#8220;Vorlage herunterladen&#8220; _builder_version=&#8220;4.27.4&#8243; _module_preset=&#8220;default&#8220; button_bg_color=&#8220;gcid-heading-color&#8220; button_icon=&#8220;&#xe092;||divi||400&#8243; locked=&#8220;off&#8220; global_colors_info=&#8220;{%22gcid-3421bf6d-18b2-4c4f-a72e-22b2864b9384%22:%91%22button_bg_color%22%93,%22gcid-heading-color%22:%91%22button_bg_color%22%93,%22gcid-primary-color%22:%91%22button_bg_color__hover%22%93}&#8220;][\/et_pb_button][et_pb_accordion _builder_version=&#8220;4.27.4&#8243; _module_preset=&#8220;default&#8220; global_colors_info=&#8220;{}&#8220;][et_pb_accordion_item title=&#8220;Schritt 1. Laden Sie die Vorlage herunter &#8220; open=&#8220;off&#8220; _builder_version=&#8220;4.27.4&#8243; _module_preset=&#8220;default&#8220; global_colors_info=&#8220;{}&#8220;]<\/p>\n<p>Verwenden Sie die oben verf\u00fcgbare Vorlagendatei. Diese Datei enth\u00e4lt bereits die richtigen Einstellungen. <\/p>\n<p>[\/et_pb_accordion_item][et_pb_accordion_item title=&#8220;Schritt 2. Legen Sie die Datei in dem entsprechenden Ordner ab &#8220; _builder_version=&#8220;4.27.4&#8243; _module_preset=&#8220;default&#8220; global_colors_info=&#8220;{}&#8220; open=&#8220;on&#8220;]<\/p>\n<p>Legen Sie die Datei in dem Ordner: <em>C:benutzername und passwort.<\/em><\/p>\n<p>Die Datei kann dabei die Standarddatei Blue.ics \u00fcberschreiben. Optional k\u00f6nnen Sie auch Unterordner erstellen; diese erscheinen als Registerkarten im Auswahlbildschirm. <\/p>\n<p>[\/et_pb_accordion_item][et_pb_accordion_item title=&#8220;Schritt 3. Legen Sie die Datei als Standardvorlage fest &#8220; _builder_version=&#8220;4.27.4&#8243; _module_preset=&#8220;default&#8220; global_colors_info=&#8220;{}&#8220; open=&#8220;off&#8220;]<\/p>\n<ul>\n<li data-start=\"879\" data-end=\"900\">\n<p data-start=\"881\" data-end=\"900\"><em data-start=\"886\" data-end=\"897\">Neue Szene<\/em> \u00f6ffnen.<\/p>\n<\/li>\n<li data-start=\"901\" data-end=\"941\">\n<p data-start=\"903\" data-end=\"941\">W\u00e4hlen Sie die eingef\u00fcgte Vorlagendatei.<\/p>\n<\/li>\n<li data-start=\"942\" data-end=\"992\">\n<p data-start=\"944\" data-end=\"992\">Klicken Sie auf <strong data-start=\"952\" data-end=\"989\">Auswahl als Standardvorlage festlegen<\/strong>.<\/p>\n<\/li>\n<\/ul>\n<p><img loading=\"lazy\" class=\"alignnone wp-image-14848 size-full\" src=\"https:\/\/ironcad.eu\/wp-content\/uploads\/2024\/05\/Template-menu-Scene.png\" alt=\"\" width=\"626\" height=\"539\" title=\"\" srcset=\"https:\/\/ironcad.eu\/wp-content\/uploads\/2024\/05\/Template-menu-Scene.png 626w, https:\/\/ironcad.eu\/wp-content\/uploads\/2024\/05\/Template-menu-Scene-480x413.png 480w\" sizes=\"(min-width: 0px) and (max-width: 480px) 480px, (min-width: 481px) 626px, 100vw\" \/><\/p>\n<p>Diese Vorlage wird jetzt automatisch f\u00fcr neue 3D-Dateien verwendet.<\/p>\n<p>[\/et_pb_accordion_item][\/et_pb_accordion][\/et_pb_column][\/et_pb_row][\/et_pb_section][et_pb_section fb_built=&#8220;1&#8243; _builder_version=&#8220;4.27.4&#8243; _module_preset=&#8220;default&#8220; global_colors_info=&#8220;{}&#8220;][et_pb_row custom_padding_last_edited=&#8220;off|desktop&#8220; admin_label=&#8220;Laufwerk&#8220; _builder_version=&#8220;4.27.4&#8243; _module_preset=&#8220;default&#8220; custom_padding=&#8220;0rem||0rem||false|false&#8220; custom_padding_tablet=&#8220;2rem||0rem||false|false&#8220; custom_padding_phone=&#8220;2rem||0rem||false|false&#8220; global_colors_info=&#8220;{}&#8220;][et_pb_column type=&#8220;4_4&#8243; _builder_version=&#8220;4.24.0&#8243; _module_preset=&#8220;default&#8220; global_colors_info=&#8220;{}&#8220;][et_pb_divider divider_weight=&#8220;2px&#8220; _builder_version=&#8220;4.27.4&#8243; _module_preset=&#8220;default&#8220; custom_margin=&#8220;0px||0px||true|false&#8220; custom_padding=&#8220;0px||0px||true|false&#8220; global_colors_info=&#8220;{}&#8220;][\/et_pb_divider][\/et_pb_column][\/et_pb_row][et_pb_row use_custom_gutter=&#8220;on&#8220; gutter_width=&#8220;2&#8243; custom_padding_last_edited=&#8220;off|desktop&#8220; _builder_version=&#8220;4.27.4&#8243; _module_preset=&#8220;default&#8220; custom_padding=&#8220;1rem||1rem||true|false&#8220; global_colors_info=&#8220;{}&#8220;][et_pb_column type=&#8220;4_4&#8243; _builder_version=&#8220;4.27.4&#8243; _module_preset=&#8220;default&#8220; background_color=&#8220;gcid-f52cc46c-103a-4f3e-bb71-6efb5f79ee25&#8243; custom_padding=&#8220;25px|25px|25px|25px|true|true&#8220; border_radii=&#8220;on|8px|8px|8px|8px&#8220; global_colors_info=&#8220;{%22gcid-f52cc46c-103a-4f3e-bb71-6efb5f79ee25%22:%91%22background_color%22%93}&#8220;][et_pb_text _builder_version=&#8220;4.27.4&#8243; _module_preset=&#8220;default&#8220; custom_padding=&#8220;||0px|||&#8220; global_colors_info=&#8220;{}&#8220;]<\/p>\n<h2>2D-Zeichenvorlagen<\/h2>\n<p>Eine 2D-Vorlage bildet die Grundlage f\u00fcr Ihre Zeichnungen. Sie beginnen also immer mit dem richtigen Seitenlayout, den Linienst\u00e4rken, der Projektionsmethode und den Passepartoutstilen. <\/p>\n<p>[\/et_pb_text][et_pb_button button_url=&#8220;https:\/\/ironcad.eu\/download\/A3-IronCAD-EU.icd&#8220; button_text=&#8220;Vorlage herunterladen&#8220; _builder_version=&#8220;4.27.6&#8243; _module_preset=&#8220;default&#8220; button_bg_color=&#8220;gcid-heading-color&#8220; button_icon=&#8220;&#xe092;||divi||400&#8243; locked=&#8220;off&#8220; global_colors_info=&#8220;{%22gcid-3421bf6d-18b2-4c4f-a72e-22b2864b9384%22:%91%22button_bg_color%22%93,%22gcid-heading-color%22:%91%22button_bg_color%22%93,%22gcid-primary-color%22:%91%22button_bg_color__hover%22%93}&#8220;][\/et_pb_button][et_pb_accordion _builder_version=&#8220;4.27.6&#8243; _module_preset=&#8220;default&#8220; hover_enabled=&#8220;0&#8243; global_colors_info=&#8220;{}&#8220; sticky_enabled=&#8220;0&#8243;][et_pb_accordion_item title=&#8220;Schritt 1. Laden Sie die Vorlage herunter &#8220; open=&#8220;off&#8220; _builder_version=&#8220;4.27.4&#8243; _module_preset=&#8220;default&#8220; global_colors_info=&#8220;{}&#8220;]<\/p>\n<p>Verwenden Sie die oben verf\u00fcgbare Vorlagendatei. Diese Datei enth\u00e4lt bereits die richtigen Einstellungen. <\/p>\n<p>[\/et_pb_accordion_item][et_pb_accordion_item title=&#8220;Schritt 2. Legen Sie die Datei in dem entsprechenden Ordner ab &#8220; _builder_version=&#8220;4.27.4&#8243; _module_preset=&#8220;default&#8220; global_colors_info=&#8220;{}&#8220; open=&#8220;off&#8220;]<\/p>\n<p>Legen Sie die Datei in dem Ordner: <em>C:\\Users\\*Gebruiker*\\AppData\\Roaming\\IronCAD\\IRONCAD\\*Versie*\\en-us\\Template\\Drawing\\ISO<\/em><br \/>Van daaruit kun je het bestand sp\u00e4ter aanpassen, bijvoorbeeld met je eigen bedrijfslogo of indeling. Auch hier k\u00f6nnen Sie zus\u00e4tzliche Unterordner erstellen, die im Auswahlbildschirm sichtbar sind. <\/p>\n<p>[\/et_pb_accordion_item][et_pb_accordion_item title=&#8220;Schritt 3. Legen Sie die Datei als Standardvorlage fest &#8220; _builder_version=&#8220;4.27.6&#8243; _module_preset=&#8220;default&#8220; hover_enabled=&#8220;0&#8243; global_colors_info=&#8220;{}&#8220; open=&#8220;off&#8220; sticky_enabled=&#8220;0&#8243;]<\/p>\n<ul>\n<li data-start=\"879\" data-end=\"900\">Neue Zeichnung \u00f6ffnen<\/li>\n<li data-start=\"879\" data-end=\"900\">W\u00e4hlen Sie die eingef\u00fcgte Vorlagendatei<\/li>\n<li data-start=\"879\" data-end=\"900\">Klicken Sie auf Auswahl als Standardvorlage festlegen<br \/><img loading=\"lazy\" class=\"alignnone wp-image-14852 size-full\" src=\"https:\/\/ironcad.eu\/wp-content\/uploads\/2024\/05\/Template-menu-Drawing-1-e1774517274172.png\" alt=\"\" width=\"334\" height=\"35\" title=\"\"><\/li>\n<\/ul>\n<p>Diese Vorlage wird jetzt automatisch f\u00fcr neue 2D-Dateien verwendet<\/p>\n<p>[\/et_pb_accordion_item][\/et_pb_accordion][et_pb_text _builder_version=&#8220;4.27.4&#8243; _module_preset=&#8220;default&#8220; custom_padding=&#8220;||0px|||&#8220; global_colors_info=&#8220;{}&#8220;]<\/p>\n<p><strong>Zus\u00e4tzliche Hilfe<\/strong><br \/>Um eine 2D-Vorlage an Ihre eigenen Bed\u00fcrfnisse anzupassen, k\u00f6nnen Sie sich in der IronCAD Academy Schritt-f\u00fcr-Schritt-Videos ansehen: <a href=\"https:\/\/ironcad.academy\/tutorial\/training-51\" target=\"_blank\" rel=\"noopener nofollow\">Training 51<\/a> und <a href=\"https:\/\/ironcad.academy\/tutorial\/training-52\" target=\"_blank\" rel=\"noopener nofollow\">Training 52<\/a><\/p>\n<p>[\/et_pb_text][\/et_pb_column][\/et_pb_row][\/et_pb_section][et_pb_section fb_built=&#8220;1&#8243; custom_padding_last_edited=&#8220;on|desktop&#8220; _builder_version=&#8220;4.27.4&#8243; _module_preset=&#8220;default&#8220; background_color=&#8220;gcid-f52cc46c-103a-4f3e-bb71-6efb5f79ee25&#8243; custom_margin=&#8220;0px||||false|false&#8220; custom_padding_tablet=&#8220;&#8220; custom_padding_phone=&#8220;&#8220; border_color_top=&#8220;gcid-0d1a127e-4ce1-4bb0-9503-eafc35a82551&#8243; locked=&#8220;off&#8220; global_colors_info=&#8220;{%22gcid-0d1a127e-4ce1-4bb0-9503-eafc35a82551%22:%91%22border_color_top%22%93,%22gcid-f52cc46c-103a-4f3e-bb71-6efb5f79ee25%22:%91%22background_color%22%93}&#8220;][et_pb_row custom_padding_last_edited=&#8220;off|desktop&#8220; _builder_version=&#8220;4.27.4&#8243; _module_preset=&#8220;default&#8220; custom_padding=&#8220;1rem||1rem||true|false&#8220; global_colors_info=&#8220;{}&#8220;][et_pb_column type=&#8220;4_4&#8243; _builder_version=&#8220;4.27.4&#8243; _module_preset=&#8220;default&#8220; global_colors_info=&#8220;{}&#8220;][et_pb_text _builder_version=&#8220;4.27.4&#8243; _module_preset=&#8220;default&#8220; custom_padding=&#8220;||0px|||&#8220; global_colors_info=&#8220;{}&#8220;]<\/p>\n<h2 style=\"text-align: left;\">Ressourcen<\/h2>\n<p style=\"text-align: left;\">Mit den richtigen Tools k\u00f6nnen Sie in IronCAD schneller und konsistenter arbeiten. Sehen Sie sich weitere praktische Vorlagen, Grundeinstellungen und die Wissensdatenbank an. <\/p>\n<p>[\/et_pb_text][\/et_pb_column][\/et_pb_row][et_pb_row column_structure=&#8220;1_3,1_3,1_3&#8243; custom_padding_last_edited=&#8220;off|desktop&#8220; admin_label=&#8220;Laufwerk&#8220; _builder_version=&#8220;4.27.4&#8243; _module_preset=&#8220;default&#8220; custom_padding=&#8220;1rem||1rem||true|false&#8220; global_colors_info=&#8220;{}&#8220;][et_pb_column type=&#8220;1_3&#8243; _builder_version=&#8220;4.24.0&#8243; _module_preset=&#8220;default&#8220; global_colors_info=&#8220;{}&#8220;][et_pb_icon font_icon=&#8220;&#xf61f;||fa||900&#8243; _builder_version=&#8220;4.27.4&#8243; _module_preset=&#8220;default&#8220; global_colors_info=&#8220;{}&#8220;][\/et_pb_icon][et_pb_cta title=&#8220;Bibliotheken&#8220; button_url=&#8220;@ET-DC@eyJkeW5hbWljIjp0cnVlLCJjb250ZW50IjoicG9zdF9saW5rX3VybF9wYWdlIiwic2V0dGluZ3MiOnsicG9zdF9pZCI6IjE3MTIxIn19@&#8220; button_text=&#8220;Siehe&#8220; _builder_version=&#8220;4.27.6&#8243; _dynamic_attributes=&#8220;button_url&#8220; _module_preset=&#8220;default&#8220; background_color=&#8220;RGBA(255,255,255,0)&#8220; custom_button=&#8220;on&#8220; button_bg_color=&#8220;gcid-primary-color&#8220; button_custom_margin=&#8220;||||false|false&#8220; button_custom_padding=&#8220;|2rem||2rem|false|true&#8220; text_orientation=&#8220;left&#8220; background_layout=&#8220;light&#8220; custom_padding=&#8220;0px|0px|0px|0px|true|true&#8220; global_colors_info=&#8220;{%22gcid-primary-color%22:%91%22button_bg_color%22%93,%22gcid-body-color%22:%91%22button_bg_color__hover%22%93}&#8220; button_bg_color__hover_enabled=&#8220;on|hover&#8220; button_bg_color__hover=&#8220;rgba(71,71,71,0.8)&#8220; button_bg_enable_color__hover=&#8220;on&#8220;]<\/p>\n<p>Bibliotheken erm\u00f6glichen Ihnen den Zugriff auf vorgefertigte Teile, wodurch Ihr Design noch schneller und effizienter wird.<\/p>\n<p>[\/et_pb_cta][\/et_pb_column][et_pb_column type=&#8220;1_3&#8243; _builder_version=&#8220;4.24.0&#8243; _module_preset=&#8220;default&#8220; global_colors_info=&#8220;{}&#8220;][et_pb_icon font_icon=&#8220;&#xf085;||fa||900&#8243; _builder_version=&#8220;4.27.4&#8243; _module_preset=&#8220;default&#8220; global_colors_info=&#8220;{}&#8220;][\/et_pb_icon][et_pb_cta title=&#8220;Grundeinstellungen&#8220; button_url=&#8220;https:\/\/ironcad.eu\/de\/unterstuetzen-sie\/ressourcen\/grundeinstellungen\/&#8220; button_text=&#8220;Siehe&#8220; _builder_version=&#8220;4.27.6&#8243; _module_preset=&#8220;default&#8220; background_color=&#8220;RGBA(255,255,255,0)&#8220; custom_button=&#8220;on&#8220; button_bg_color=&#8220;gcid-primary-color&#8220; button_custom_padding=&#8220;|2rem||2rem|false|true&#8220; text_orientation=&#8220;left&#8220; background_layout=&#8220;light&#8220; custom_padding=&#8220;0px|0px|0px|0px|true|true&#8220; global_colors_info=&#8220;{%22gcid-primary-color%22:%91%22button_bg_color%22%93,%22gcid-body-color%22:%91%22button_bg_color__hover%22%93}&#8220; button_bg_color__hover_enabled=&#8220;on|hover&#8220; button_bg_color__hover=&#8220;rgba(71,71,71,0.8)&#8220; button_bg_enable_color__hover=&#8220;on&#8220;]<\/p>\n<p>Mit gut etablierten Grundeinstellungen arbeiten Sie schneller und konsistenter. Bei jedem neuen Projekt ist sofort alles richtig eingestellt. <\/p>\n<p>[\/et_pb_cta][\/et_pb_column][et_pb_column type=&#8220;1_3&#8243; _builder_version=&#8220;4.24.0&#8243; _module_preset=&#8220;default&#8220; global_colors_info=&#8220;{}&#8220;][et_pb_icon font_icon=&#8220;&#xf19d;||fa||900&#8243; _builder_version=&#8220;4.27.4&#8243; _module_preset=&#8220;default&#8220; global_colors_info=&#8220;{}&#8220;][\/et_pb_icon][et_pb_cta title=&#8220;Wissensbasis&#8220; button_url=&#8220;https:\/\/helpdesk.dynfos.nl\/&#8220; url_new_window=&#8220;on&#8220; button_text=&#8220;Siehe&#8220; _builder_version=&#8220;4.27.6&#8243; _module_preset=&#8220;default&#8220; background_color=&#8220;RGBA(255,255,255,0)&#8220; custom_button=&#8220;on&#8220; button_bg_color=&#8220;gcid-primary-color&#8220; button_custom_padding=&#8220;|2rem||2rem|false|true&#8220; text_orientation=&#8220;left&#8220; background_layout=&#8220;light&#8220; custom_padding=&#8220;0px|0px|0px|0px|true|true&#8220; global_colors_info=&#8220;{%22gcid-primary-color%22:%91%22button_bg_color%22%93,%22gcid-body-color%22:%91%22button_bg_color__hover%22%93}&#8220; button_bg_color__hover_enabled=&#8220;on|hover&#8220; button_bg_color__hover=&#8220;rgba(71,71,71,0.8)&#8220; button_bg_enable_color__hover=&#8220;on&#8220;]<\/p>\n<p>In der Wissensdatenbank finden Sie Artikel, die Funktionen, Einstellungen und Arbeitsmethoden in IronCAD erkl\u00e4ren.<\/p>\n<p>[\/et_pb_cta][\/et_pb_column][\/et_pb_row][\/et_pb_section]<\/p>\n","protected":false},"excerpt":{"rendered":"<p>Arbeiten Sie schneller und konsistenter in IronCAD mit intelligenten Vorlagen f\u00fcr 3D und 2D. Laden Sie ganz einfach Standarddateien f\u00fcr jedes neue Projekt herunter und legen Sie sie fest. <\/p>\n","protected":false},"author":2,"featured_media":0,"parent":18323,"menu_order":0,"comment_status":"closed","ping_status":"closed","template":"","meta":{"_et_pb_use_builder":"on","_et_pb_old_content":"","_et_gb_content_width":"","_improvement_type_select":"improve_an_existing","_thumb_yes_seoaic":false,"_frame_yes_seoaic":false,"seoaic_generate_description":"","seoaic_improve_instructions_prompt":"","seoaic_rollback_content_improvement":"","seoaic_idea_thumbnail_generator":"","thumbnail_generated":false,"thumbnail_generate_prompt":"","seoaic_article_description":"","footnotes":"","advanced-sidebar-menu\/link-title":"","advanced-sidebar-menu\/exclude-page":false},"dipi_cpt_category":[],"class_list":["post-18446","page","type-page","status-publish","hentry"],"_links":{"self":[{"href":"https:\/\/ironcad.eu\/de\/wp-json\/wp\/v2\/pages\/18446","targetHints":{"allow":["GET"]}}],"collection":[{"href":"https:\/\/ironcad.eu\/de\/wp-json\/wp\/v2\/pages"}],"about":[{"href":"https:\/\/ironcad.eu\/de\/wp-json\/wp\/v2\/types\/page"}],"author":[{"embeddable":true,"href":"https:\/\/ironcad.eu\/de\/wp-json\/wp\/v2\/users\/2"}],"replies":[{"embeddable":true,"href":"https:\/\/ironcad.eu\/de\/wp-json\/wp\/v2\/comments?post=18446"}],"version-history":[{"count":5,"href":"https:\/\/ironcad.eu\/de\/wp-json\/wp\/v2\/pages\/18446\/revisions"}],"predecessor-version":[{"id":28544,"href":"https:\/\/ironcad.eu\/de\/wp-json\/wp\/v2\/pages\/18446\/revisions\/28544"}],"up":[{"embeddable":true,"href":"https:\/\/ironcad.eu\/de\/wp-json\/wp\/v2\/pages\/18323"}],"wp:attachment":[{"href":"https:\/\/ironcad.eu\/de\/wp-json\/wp\/v2\/media?parent=18446"}],"wp:term":[{"taxonomy":"dipi_cpt_category","embeddable":true,"href":"https:\/\/ironcad.eu\/de\/wp-json\/wp\/v2\/dipi_cpt_category?post=18446"}],"curies":[{"name":"wp","href":"https:\/\/api.w.org\/{rel}","templated":true}]}}