{"id":18457,"date":"2024-02-12T11:40:30","date_gmt":"2024-02-12T10:40:30","guid":{"rendered":"https:\/\/ironcad.eu\/ironcad-testversion\/"},"modified":"2026-03-23T16:25:40","modified_gmt":"2026-03-23T15:25:40","slug":"ironcad-testversion","status":"publish","type":"page","link":"https:\/\/ironcad.eu\/de\/ironcad\/ironcad-testversion\/","title":{"rendered":"IronCAD Testversion"},"content":{"rendered":"<p>[et_pb_section fb_built=&#8220;1&#8243; _builder_version=&#8220;4.24.0&#8243; _module_preset=&#8220;default&#8220; locked=&#8220;off&#8220; global_colors_info=&#8220;{}&#8220;][et_pb_row custom_padding_last_edited=&#8220;on|desktop&#8220; admin_label=&#8220;Kr\u00fcmelpfad&#8220; _builder_version=&#8220;4.27.4&#8243; _module_preset=&#8220;default&#8220; custom_padding=&#8220;0rem||||false|false&#8220; custom_padding_tablet=&#8220;0rem||||false|false&#8220; custom_padding_phone=&#8220;0rem||||false|false&#8220; global_module=&#8220;11007&#8243; saved_tabs=&#8220;all&#8220; collapsed=&#8220;off&#8220; global_colors_info=&#8220;{}&#8220;][et_pb_column type=&#8220;4_4&#8243; _builder_version=&#8220;4.24.0&#8243; _module_preset=&#8220;default&#8220; global_colors_info=&#8220;{}&#8220;][et_pb_code admin_label=&#8220;Code&#8220; _builder_version=&#8220;4.27.4&#8243; _module_preset=&#8220;default&#8220; custom_css_main_element=&#8220;font-size: .7em;||text-transform: uppercase;&#8220; global_colors_info=&#8220;{}&#8220;]<nav aria-label=\"breadcrumbs\" class=\"rank-math-breadcrumb\"><p><span class=\"last\">Home<\/span><\/p><\/nav>[\/et_pb_code][\/et_pb_column][\/et_pb_row][et_pb_row _builder_version=&#8220;4.24.0&#8243; _module_preset=&#8220;default&#8220; custom_padding_tablet=&#8220;2rem||1rem||false|false&#8220; custom_padding_phone=&#8220;2rem||0rem||false|false&#8220; global_colors_info=&#8220;{}&#8220;][et_pb_column type=&#8220;4_4&#8243; _builder_version=&#8220;4.24.0&#8243; _module_preset=&#8220;default&#8220; global_colors_info=&#8220;{}&#8220;][et_pb_text _builder_version=&#8220;4.27.6&#8243; _module_preset=&#8220;default&#8220; global_colors_info=&#8220;{}&#8220;]<\/p>\n<h1>IronCAD Testversion herunterladen<\/h1>\n<h2>Testen Sie IronCAD kostenlos, 30 Tage Vollzugriff<\/h2>\n<p>Laden Sie die IronCAD Testversion herunter und erleben Sie selbst, wie diese 3D-CAD-Software funktioniert. Arbeiten Sie schneller vom Konzept bis zur Produktion mit einer leistungsstarken und intuitiven CAD-Software. F\u00fcllen Sie das Formular aus und Sie erhalten sofort den Download-Link.  <\/p>\n<p>[\/et_pb_text][\/et_pb_column][\/et_pb_row][et_pb_row column_structure=&#8220;3_5,2_5&#8243; _builder_version=&#8220;4.27.6&#8243; _module_preset=&#8220;default&#8220; custom_padding_tablet=&#8220;2rem||1rem||false|false&#8220; custom_padding_phone=&#8220;2rem||0rem||false|false&#8220; global_colors_info=&#8220;{}&#8220;][et_pb_column type=&#8220;3_5&#8243; _builder_version=&#8220;4.27.6&#8243; _module_preset=&#8220;default&#8220; background_color=&#8220;RGBA(255,255,255,0)&#8220; custom_padding=&#8220;2rem|2rem|2rem|2rem|true|true&#8220; border_radii=&#8220;on|8px|8px|8px|8px&#8220; border_width_all=&#8220;2px&#8220; border_color_all=&#8220;gcid-f52cc46c-103a-4f3e-bb71-6efb5f79ee25&#8243; box_shadow_style=&#8220;preset3&#8243; global_colors_info=&#8220;{%22gcid-f52cc46c-103a-4f3e-bb71-6efb5f79ee25%22:%91%22border_color_all%22%93}&#8220;][et_pb_text _builder_version=&#8220;4.27.6&#8243; _module_preset=&#8220;default&#8220; global_colors_info=&#8220;{}&#8220;]<\/p>\n<h2>Laden Sie Ihre IronCAD Testversion herunter<\/h2>\n<p>[\/et_pb_text][dipi_gravity_forms_styler gf_form_id=&#8220;5&#8243; form_title=&#8220;hide&#8220; form_desc=&#8220;hide&#8220; _builder_version=&#8220;4.27.6&#8243; _module_preset=&#8220;default&#8220; global_colors_info=&#8220;{}&#8220;][\/dipi_gravity_forms_styler][\/et_pb_column][et_pb_column type=&#8220;2_5&#8243; _builder_version=&#8220;4.27.6&#8243; _module_preset=&#8220;default&#8220; background_color=&#8220;RGBA(255,255,255,0)&#8220; custom_padding=&#8220;2rem|2rem|2rem|2rem|true|true&#8220; border_radii=&#8220;on|8px|8px|8px|8px&#8220; border_width_all=&#8220;2px&#8220; border_color_all=&#8220;gcid-f52cc46c-103a-4f3e-bb71-6efb5f79ee25&#8243; box_shadow_style=&#8220;preset3&#8243; global_colors_info=&#8220;{%22gcid-f52cc46c-103a-4f3e-bb71-6efb5f79ee25%22:%91%22border_color_all%22%93}&#8220;][et_pb_text _builder_version=&#8220;4.27.6&#8243; _module_preset=&#8220;default&#8220; global_colors_info=&#8220;{}&#8220;]<\/p>\n<h3>Dies ist, was Sie erwarten k\u00f6nnen:<\/h3>\n<ul>\n<li>Vollversion, keine Einschr\u00e4nkungen<\/li>\n<li>Kostenlose 30-Tage-Testversion<\/li>\n<li>Intuitive 3D-Modellierung<\/li>\n<li>Schnell vom Konzept zur Produktion<\/li>\n<\/ul>\n<p>\u2b50 Wird von \u00fcber 100.000 Nutzern weltweit verwendet<\/p>\n<p>[\/et_pb_text][et_pb_image src=&#8220;https:\/\/ironcad.eu\/wp-content\/uploads\/2024\/04\/Dynfos-algemeen-18-scaled-e1713534353656.webp&#8220; alt=&#8220;Verpackung der IronCAD CAD-Software.&#8220; title_text=&#8220;Dynfos-allgemein-18&#8243; _builder_version=&#8220;4.27.4&#8243; _module_preset=&#8220;default&#8220; border_radii=&#8220;on|8px|8px|8px|8px&#8220; box_shadow_style=&#8220;preset2&#8243; global_colors_info=&#8220;{}&#8220;][\/et_pb_image][\/et_pb_column][\/et_pb_row][\/et_pb_section][et_pb_section fb_built=&#8220;1&#8243; _builder_version=&#8220;4.27.6&#8243; _module_preset=&#8220;default&#8220; background_color=&#8220;gcid-f52cc46c-103a-4f3e-bb71-6efb5f79ee25&#8243; global_colors_info=&#8220;{%22gcid-f52cc46c-103a-4f3e-bb71-6efb5f79ee25%22:%91%22background_color%22%93}&#8220;][et_pb_row _builder_version=&#8220;4.27.6&#8243; _module_preset=&#8220;default&#8220; global_colors_info=&#8220;{}&#8220;][et_pb_column type=&#8220;4_4&#8243; _builder_version=&#8220;4.27.6&#8243; _module_preset=&#8220;default&#8220; global_colors_info=&#8220;{}&#8220;][et_pb_text _builder_version=&#8220;4.27.6&#8243; _module_preset=&#8220;default&#8220; global_colors_info=&#8220;{}&#8220;]<\/p>\n<h2>Was passiert nach Ihrer Bewerbung?<\/h2>\n<ul>\n<li>Sie erhalten den Download-Link sofort per E-Mail<\/li>\n<li>Sie k\u00f6nnen sofort mit der Installation beginnen<\/li>\n<li>Beginnen Sie mit den <a href=\"https:\/\/ironcad.eu\/de\/ironcad-erste-schritte-tutorials\/\" target=\"_blank\" rel=\"noopener\">Getting Started-Tutorials<\/a> und erstellen Sie Ihr erstes 3D-Modell<\/li>\n<\/ul>\n<p>[\/et_pb_text][et_pb_text _builder_version=&#8220;4.27.6&#8243; _module_preset=&#8220;default&#8220; global_colors_info=&#8220;{}&#8220;]<\/p>\n<h3>Warum sollten Sie IronCAD ausprobieren?<\/h3>\n<p>IronCAD ist eine leistungsstarke 3D-CAD-Software f\u00fcr Ingenieure und Designer, die schneller arbeiten m\u00f6chten. Im Gegensatz zu herk\u00f6mmlichen CAD-Systemen arbeiten Sie direkt in 3D und passen Ihre Entw\u00fcrfe flexibel und ohne komplizierte Schritte an. <\/p>\n<p>Ganz gleich, ob Sie in der Innenarchitektur, im Maschinenbau, in der Produktentwicklung oder im Ingenieurwesen arbeiten, mit IronCAD k\u00f6nnen Sie effizienter entwerfen und schneller von der Idee bis zur Produktion arbeiten.<\/p>\n<p>[\/et_pb_text][\/et_pb_column][\/et_pb_row][\/et_pb_section][et_pb_section fb_built=&#8220;1&#8243; _builder_version=&#8220;4.27.6&#8243; _module_preset=&#8220;default&#8220; background_color=&#8220;RGBA(255,255,255,0)&#8220; custom_margin=&#8220;0px||||false|false&#8220; border_color_top=&#8220;gcid-0d1a127e-4ce1-4bb0-9503-eafc35a82551&#8243; locked=&#8220;off&#8220; global_colors_info=&#8220;{%22gcid-0d1a127e-4ce1-4bb0-9503-eafc35a82551%22:%91%22border_color_top%22%93}&#8220;][et_pb_row make_equal=&#8220;on&#8220; _builder_version=&#8220;4.24.1&#8243; _module_preset=&#8220;default&#8220; width=&#8220;100%&#8220; width_tablet=&#8220;100%&#8220; width_phone=&#8220;100%&#8220; width_last_edited=&#8220;on|desktop&#8220; max_width=&#8220;2560px&#8220; global_colors_info=&#8220;{}&#8220;][et_pb_column type=&#8220;4_4&#8243; _builder_version=&#8220;4.23&#8243; _module_preset=&#8220;default&#8220; global_colors_info=&#8220;{}&#8220;][et_pb_text _builder_version=&#8220;4.27.6&#8243; _module_preset=&#8220;default&#8220; custom_margin=&#8220;||-1px||false|false&#8220; custom_padding=&#8220;|5%||5%|false|true&#8220; custom_padding_tablet=&#8220;|5%||5%|false|true&#8220; custom_padding_phone=&#8220;|5%||5%|false|true&#8220; custom_padding_last_edited=&#8220;on|desktop&#8220; global_colors_info=&#8220;{}&#8220;]<\/p>\n<h2 style=\"text-align: center;\">Warum Anwender IronCAD w\u00e4hlen<\/h2>\n<p>[\/et_pb_text][dipi_blog_slider select_post_type=&#8220;project&#8220; select_custom_tax=&#8220;project_category&#8220; include_term_ids_of_project_category=&#8220;all&#8220; thumbnail_height=&#8220;280px&#8220; orderby=&#8220;rand&#8220; show_author=&#8220;off&#8220; show_date=&#8220;off&#8220; columns=&#8220;3&#8243; loop=&#8220;on&#8220; autoplay=&#8220;on&#8220; autoplay_speed=&#8220;2500&#8243; pagination=&#8220;off&#8220; dynamic_bullets=&#8220;off&#8220; navigation_prev_icon_yn=&#8220;on&#8220; navigation_next_icon_yn=&#8220;on&#8220; item_bg_color=&#8220;gcid-f52cc46c-103a-4f3e-bb71-6efb5f79ee25&#8243; thumbnail_height_tablet=&#8220;200px&#8220; thumbnail_height_phone=&#8220;160px&#8220; thumbnail_height_last_edited=&#8220;on|desktop&#8220; _builder_version=&#8220;4.27.6&#8243; _module_preset=&#8220;default&#8220; global_colors_info=&#8220;{%22gcid-3421bf6d-18b2-4c4f-a72e-22b2864b9384%22:%91%22navigation_color%22,%22pagination_color%22,%22navigation_color%22,%22pagination_color%22,%22navigation_color%22,%22pagination_color%22%93,%22gcid-f52cc46c-103a-4f3e-bb71-6efb5f79ee25%22:%91%22item_bg_color%22%93}&#8220;][\/dipi_blog_slider][\/et_pb_column][\/et_pb_row][\/et_pb_section][et_pb_section fb_built=&#8220;1&#8243; _builder_version=&#8220;4.27.6&#8243; _module_preset=&#8220;default&#8220; background_color=&#8220;gcid-f52cc46c-103a-4f3e-bb71-6efb5f79ee25&#8243; global_colors_info=&#8220;{%22gcid-f52cc46c-103a-4f3e-bb71-6efb5f79ee25%22:%91%22background_color%22%93}&#8220;][et_pb_row _builder_version=&#8220;4.27.6&#8243; _module_preset=&#8220;default&#8220; global_colors_info=&#8220;{}&#8220;][et_pb_column type=&#8220;4_4&#8243; _builder_version=&#8220;4.27.6&#8243; _module_preset=&#8220;default&#8220; global_colors_info=&#8220;{}&#8220;][et_pb_text _builder_version=&#8220;4.27.6&#8243; _module_preset=&#8220;default&#8220; global_colors_info=&#8220;{}&#8220;]<\/p>\n<h2>H\u00e4ufig gestellte Fragen<\/h2>\n<p>[\/et_pb_text][dipi_faq faq_categories=&#8220;403&#8243; _builder_version=&#8220;4.27.6&#8243; _module_preset=&#8220;default&#8220; hover_enabled=&#8220;0&#8243; global_colors_info=&#8220;{}&#8220; sticky_enabled=&#8220;0&#8243;][\/dipi_faq][\/et_pb_column][\/et_pb_row][\/et_pb_section]<\/p>\n","protected":false},"excerpt":{"rendered":"<p>Laden Sie die IronCAD Testversion herunter und testen Sie 30 Tage lang kostenlos. Entdecken Sie die leistungsstarke und intuitive 3D-CAD-Software. Beginnen Sie sofort.  <\/p>\n","protected":false},"author":1,"featured_media":0,"parent":18489,"menu_order":36,"comment_status":"closed","ping_status":"closed","template":"","meta":{"_et_pb_use_builder":"on","_et_pb_old_content":"","_et_gb_content_width":"","_improvement_type_select":"improve_an_existing","_thumb_yes_seoaic":false,"_frame_yes_seoaic":false,"seoaic_generate_description":"","seoaic_improve_instructions_prompt":"","seoaic_rollback_content_improvement":"","seoaic_idea_thumbnail_generator":"","thumbnail_generated":false,"thumbnail_generate_prompt":"","seoaic_article_description":"","footnotes":"","advanced-sidebar-menu\/link-title":"","advanced-sidebar-menu\/exclude-page":false},"dipi_cpt_category":[],"class_list":["post-18457","page","type-page","status-publish","hentry"],"_links":{"self":[{"href":"https:\/\/ironcad.eu\/de\/wp-json\/wp\/v2\/pages\/18457","targetHints":{"allow":["GET"]}}],"collection":[{"href":"https:\/\/ironcad.eu\/de\/wp-json\/wp\/v2\/pages"}],"about":[{"href":"https:\/\/ironcad.eu\/de\/wp-json\/wp\/v2\/types\/page"}],"author":[{"embeddable":true,"href":"https:\/\/ironcad.eu\/de\/wp-json\/wp\/v2\/users\/1"}],"replies":[{"embeddable":true,"href":"https:\/\/ironcad.eu\/de\/wp-json\/wp\/v2\/comments?post=18457"}],"version-history":[{"count":5,"href":"https:\/\/ironcad.eu\/de\/wp-json\/wp\/v2\/pages\/18457\/revisions"}],"predecessor-version":[{"id":28426,"href":"https:\/\/ironcad.eu\/de\/wp-json\/wp\/v2\/pages\/18457\/revisions\/28426"}],"up":[{"embeddable":true,"href":"https:\/\/ironcad.eu\/de\/wp-json\/wp\/v2\/pages\/18489"}],"wp:attachment":[{"href":"https:\/\/ironcad.eu\/de\/wp-json\/wp\/v2\/media?parent=18457"}],"wp:term":[{"taxonomy":"dipi_cpt_category","embeddable":true,"href":"https:\/\/ironcad.eu\/de\/wp-json\/wp\/v2\/dipi_cpt_category?post=18457"}],"curies":[{"name":"wp","href":"https:\/\/api.w.org\/{rel}","templated":true}]}}