{"id":18507,"date":"2024-02-08T14:06:18","date_gmt":"2024-02-08T13:06:18","guid":{"rendered":"https:\/\/ironcad.eu\/erweiterungen\/"},"modified":"2026-03-20T16:32:58","modified_gmt":"2026-03-20T15:32:58","slug":"erweiterungen","status":"publish","type":"page","link":"https:\/\/ironcad.eu\/de\/erweiterungen\/","title":{"rendered":"Erweiterungen"},"content":{"rendered":"<p>[et_pb_section fb_built=&#8220;1&#8243; _builder_version=&#8220;4.24.0&#8243; _module_preset=&#8220;default&#8220; locked=&#8220;off&#8220; global_colors_info=&#8220;{}&#8220;][et_pb_row custom_padding_last_edited=&#8220;on|desktop&#8220; admin_label=&#8220;Kr\u00fcmelpfad&#8220; _builder_version=&#8220;4.27.4&#8243; _module_preset=&#8220;default&#8220; custom_padding=&#8220;0rem||1rem||false|false&#8220; custom_padding_tablet=&#8220;0rem||1rem||false|false&#8220; custom_padding_phone=&#8220;3rem||1rem||false|false&#8220; global_module=&#8220;11007&#8243; saved_tabs=&#8220;all&#8220; collapsed=&#8220;off&#8220; global_colors_info=&#8220;{}&#8220;][et_pb_column type=&#8220;4_4&#8243; _builder_version=&#8220;4.24.0&#8243; _module_preset=&#8220;default&#8220; global_colors_info=&#8220;{}&#8220;][et_pb_code admin_label=&#8220;Code&#8220; _builder_version=&#8220;4.27.4&#8243; _module_preset=&#8220;default&#8220; custom_css_main_element=&#8220;font-size: .7em;||text-transform: uppercase;&#8220; global_colors_info=&#8220;{}&#8220;]<nav aria-label=\"breadcrumbs\" class=\"rank-math-breadcrumb\"><p><span class=\"last\">Home<\/span><\/p><\/nav>[\/et_pb_code][\/et_pb_column][\/et_pb_row][et_pb_row _builder_version=&#8220;4.24.0&#8243; _module_preset=&#8220;default&#8220; custom_padding_tablet=&#8220;2rem||1rem||false|false&#8220; custom_padding_phone=&#8220;2rem||0rem||false|false&#8220; global_colors_info=&#8220;{}&#8220;][et_pb_column type=&#8220;4_4&#8243; _builder_version=&#8220;4.24.0&#8243; _module_preset=&#8220;default&#8220; global_colors_info=&#8220;{}&#8220;][et_pb_text _builder_version=&#8220;4.24.1&#8243; _module_preset=&#8220;default&#8220; global_colors_info=&#8220;{}&#8220;]<\/p>\n<h1>Erweiterungen<\/h1>\n<p>IronCAD bietet schon von sich aus zahlreiche Designfunktionen, aber es gibt noch mehr. F\u00fcgen Sie eine Erweiterung hinzu und erhalten Sie Zugang zu n\u00fctzlichen Tools, Funktionen oder Katalogen. Weitere Informationen und Testversionen finden Sie auf den Seiten der Erweiterungen.  <\/p>\n<p>[\/et_pb_text][\/et_pb_column][\/et_pb_row][et_pb_row custom_padding_last_edited=&#8220;on|desktop&#8220; admin_label=&#8220;Standard-Verteiler&#8220; _builder_version=&#8220;4.24.1&#8243; _module_preset=&#8220;default&#8220; min_height=&#8220;41.6px&#8220; custom_margin=&#8220;|auto|-26px|auto|false|false&#8220; custom_padding=&#8220;1rem||1rem||true|false&#8220; custom_padding_tablet=&#8220;1rem||1rem||true|false&#8220; custom_padding_phone=&#8220;1rem||1rem||true|false&#8220; global_module=&#8220;11791&#8243; saved_tabs=&#8220;all&#8220; global_colors_info=&#8220;{}&#8220;][et_pb_column type=&#8220;4_4&#8243; _builder_version=&#8220;4.24.0&#8243; _module_preset=&#8220;default&#8220; global_colors_info=&#8220;{}&#8220;][et_pb_divider color=&#8220;gcid-342b504c-af3f-4a0e-9bbf-cd80ba9f1957&#8243; divider_weight=&#8220;2px&#8220; _builder_version=&#8220;4.26.0&#8243; _module_preset=&#8220;default&#8220; custom_margin=&#8220;0px||0px||true|false&#8220; global_colors_info=&#8220;{%22gcid-342b504c-af3f-4a0e-9bbf-cd80ba9f1957%22:%91%22color%22%93}&#8220;][\/et_pb_divider][et_pb_text _builder_version=&#8220;4.27.4&#8243; _module_preset=&#8220;default&#8220; custom_margin=&#8220;||0px||false|false&#8220; global_colors_info=&#8220;{}&#8220;]<\/p>\n<h2 style=\"text-align: center;\">Warum Fachleute IronCAD w\u00e4hlen<\/h2>\n<p>[\/et_pb_text][\/et_pb_column][\/et_pb_row][et_pb_row column_structure=&#8220;1_3,1_3,1_3&#8243; custom_padding_last_edited=&#8220;off|desktop&#8220; _builder_version=&#8220;4.27.4&#8243; _module_preset=&#8220;default&#8220; custom_margin_last_edited=&#8220;off|desktop&#8220; custom_padding_tablet=&#8220;2rem||4rem||false|false&#8220; custom_padding_phone=&#8220;2rem||4rem||false|false&#8220; locked=&#8220;off&#8220; global_colors_info=&#8220;{}&#8220;][et_pb_column type=&#8220;1_3&#8243; _builder_version=&#8220;4.24.0&#8243; _module_preset=&#8220;default&#8220; global_colors_info=&#8220;{}&#8220;][et_pb_blurb title=&#8220;Para-Flex&#8220; image=&#8220;https:\/\/ironcad.eu\/wp-content\/uploads\/2026\/03\/software-box-ironcad-para-flex-1.webp&#8220; alt=&#8220;Software-Box der Erweiterung Para-Flex f\u00fcr IronCAD.&#8220; image_icon_width=&#8220;250px&#8220; _builder_version=&#8220;4.27.6&#8243; _module_preset=&#8220;default&#8220; hover_enabled=&#8220;0&#8243; global_colors_info=&#8220;{}&#8220; image__hover_enabled=&#8220;off|desktop&#8220; title_text=&#8220;software-box-ironcad-para-flex (1)&#8220; sticky_enabled=&#8220;0&#8243;]<\/p>\n<p>Automatisierung f\u00fcr die Arbeitsvorbereitung. Generieren Sie Daten wie S\u00e4gelisten, Plattenoptimierung, NC-Code und verwenden Sie intelligente Design-Tools. H\u00f6here Produktivit\u00e4t und geringere Fehlerquote.  <\/p>\n<p>[\/et_pb_blurb][et_pb_button button_url=&#8220;@ET-DC@eyJkeW5hbWljIjp0cnVlLCJjb250ZW50IjoicG9zdF9saW5rX3VybF9wYWdlIiwic2V0dGluZ3MiOnsicG9zdF9pZCI6IjExNjczIiwiZW5hYmxlX2h0bWwiOiJvZmYifX0=@&#8220; button_text=&#8220;Mehr Informationen&#8220; _builder_version=&#8220;4.24.1&#8243; _dynamic_attributes=&#8220;button_url&#8220; _module_preset=&#8220;default&#8220; button_text_color=&#8220;gcid-3421bf6d-18b2-4c4f-a72e-22b2864b9384&#8243; button_bg_color=&#8220;#FFFFFF&#8220; button_border_width=&#8220;2px&#8220; button_border_color=&#8220;gcid-342b504c-af3f-4a0e-9bbf-cd80ba9f1957&#8243; global_colors_info=&#8220;{%22gcid-3421bf6d-18b2-4c4f-a72e-22b2864b9384%22:%91%22button_bg_color%22,%22button_text_color%22%93,%22gcid-342b504c-af3f-4a0e-9bbf-cd80ba9f1957%22:%91%22button_border_color%22,%22button_bg_color__hover%22%93}&#8220; button_bg_color__hover=&#8220;rgba(71,71,71,0.15)&#8220;][\/et_pb_button][\/et_pb_column][et_pb_column type=&#8220;1_3&#8243; _builder_version=&#8220;4.24.0&#8243; _module_preset=&#8220;default&#8220; global_colors_info=&#8220;{}&#8220;][et_pb_blurb title=&#8220;KeyShot&#8220; image=&#8220;https:\/\/ironcad.eu\/wp-content\/uploads\/2026\/03\/software-box-ironcad-keyshot-1.webp&#8220; alt=&#8220;Software-Box der Erweiterung KeyShot f\u00fcr IronCAD.&#8220; image_icon_width=&#8220;250px&#8220; _builder_version=&#8220;4.27.6&#8243; _module_preset=&#8220;default&#8220; hover_enabled=&#8220;0&#8243; global_colors_info=&#8220;{}&#8220; image__hover_enabled=&#8220;off|desktop&#8220; title_text=&#8220;software-box-ironcad-keyshot (1)&#8220; sticky_enabled=&#8220;0&#8243;]<\/p>\n<p>Fotorealistische Renderings f\u00fcr beeindruckende Designpr\u00e4sentationen. W\u00e4hlen Sie aus umfangreichen Optionen f\u00fcr Beleuchtung, Material, Schattierung und Texturen. <\/p>\n<p>[\/et_pb_blurb][et_pb_button button_url=&#8220;@ET-DC@eyJkeW5hbWljIjp0cnVlLCJjb250ZW50IjoicG9zdF9saW5rX3VybF9wYWdlIiwic2V0dGluZ3MiOnsicG9zdF9pZCI6IjEyNjE1IiwiZW5hYmxlX2h0bWwiOiJvZmYifX0=@&#8220; button_text=&#8220;Mehr Informationen&#8220; _builder_version=&#8220;4.24.1&#8243; _dynamic_attributes=&#8220;button_url&#8220; _module_preset=&#8220;default&#8220; button_text_color=&#8220;gcid-3421bf6d-18b2-4c4f-a72e-22b2864b9384&#8243; button_bg_color=&#8220;#FFFFFF&#8220; button_border_width=&#8220;2px&#8220; button_border_color=&#8220;gcid-342b504c-af3f-4a0e-9bbf-cd80ba9f1957&#8243; global_colors_info=&#8220;{%22gcid-3421bf6d-18b2-4c4f-a72e-22b2864b9384%22:%91%22button_bg_color%22,%22button_text_color%22%93,%22gcid-342b504c-af3f-4a0e-9bbf-cd80ba9f1957%22:%91%22button_border_color%22,%22button_bg_color__hover%22%93}&#8220; button_bg_color__hover=&#8220;rgba(71,71,71,0.15)&#8220;][\/et_pb_button][\/et_pb_column][et_pb_column type=&#8220;1_3&#8243; _builder_version=&#8220;4.24.0&#8243; _module_preset=&#8220;default&#8220; global_colors_info=&#8220;{}&#8220;][et_pb_blurb title=&#8220;Mechanical&#8220; image=&#8220;https:\/\/ironcad.eu\/wp-content\/uploads\/2026\/03\/software-box-ironcad-mechanical-1.webp&#8220; alt=&#8220;Softwarebox der Erweiterung Mechanical f\u00fcr IronCAD.&#8220; image_icon_width=&#8220;250px&#8220; _builder_version=&#8220;4.27.6&#8243; _module_preset=&#8220;default&#8220; custom_padding=&#8220;||0px|||&#8220; hover_enabled=&#8220;0&#8243; global_colors_info=&#8220;{}&#8220; image__hover_enabled=&#8220;off|desktop&#8220; title_text=&#8220;software-box-ironcad-mechanical (1)&#8220; sticky_enabled=&#8220;0&#8243;]<\/p>\n<p>Praktischer Katalog mit Standardkomponenten und zus\u00e4tzlichen zeitsparenden Funktionen. Zum Beispiel Befestigungselemente, Lager, O-Ringe, Rohre und Flansche. <\/p>\n<p>[\/et_pb_blurb][et_pb_button button_url=&#8220;@ET-DC@eyJkeW5hbWljIjp0cnVlLCJjb250ZW50IjoicG9zdF9saW5rX3VybF9wYWdlIiwic2V0dGluZ3MiOnsicG9zdF9pZCI6IjEzMDM4IiwiZW5hYmxlX2h0bWwiOiJvZmYifX0=@&#8220; button_text=&#8220;Mehr Informationen&#8220; _builder_version=&#8220;4.24.1&#8243; _dynamic_attributes=&#8220;button_url&#8220; _module_preset=&#8220;default&#8220; button_text_color=&#8220;gcid-3421bf6d-18b2-4c4f-a72e-22b2864b9384&#8243; button_bg_color=&#8220;#FFFFFF&#8220; button_border_width=&#8220;2px&#8220; button_border_color=&#8220;gcid-342b504c-af3f-4a0e-9bbf-cd80ba9f1957&#8243; global_colors_info=&#8220;{%22gcid-3421bf6d-18b2-4c4f-a72e-22b2864b9384%22:%91%22button_bg_color%22,%22button_text_color%22%93,%22gcid-342b504c-af3f-4a0e-9bbf-cd80ba9f1957%22:%91%22button_border_color%22,%22button_bg_color__hover%22%93}&#8220; button_bg_color__hover=&#8220;rgba(71,71,71,0.15)&#8220;][\/et_pb_button][\/et_pb_column][\/et_pb_row][et_pb_row column_structure=&#8220;1_3,1_3,1_3&#8243; custom_padding_last_edited=&#8220;off|desktop&#8220; _builder_version=&#8220;4.27.4&#8243; _module_preset=&#8220;default&#8220; custom_margin_last_edited=&#8220;off|desktop&#8220; locked=&#8220;off&#8220; global_colors_info=&#8220;{}&#8220;][et_pb_column type=&#8220;1_3&#8243; _builder_version=&#8220;4.24.0&#8243; _module_preset=&#8220;default&#8220; global_colors_info=&#8220;{}&#8220;][et_pb_blurb title=&#8220;Translator&#8220; image=&#8220;https:\/\/ironcad.eu\/wp-content\/uploads\/2026\/03\/software-box-ironcad-translator-1.webp&#8220; alt=&#8220;Software-Box der Erweiterung Translator f\u00fcr IronCAD Import- und Exportfunktionen f\u00fcr verschiedene Dateiformate&#8220; image_icon_width=&#8220;250px&#8220; _builder_version=&#8220;4.27.6&#8243; _module_preset=&#8220;default&#8220; hover_enabled=&#8220;0&#8243; global_colors_info=&#8220;{}&#8220; title_text=&#8220;software-box-ironcad-translator (1)&#8220; sticky_enabled=&#8220;0&#8243;]<\/p>\n<p>Fehlerfreier Datei-Import und -Export. Mit Lese- und Schreibfunktionen f\u00fcr verschiedene Dateitypen. <\/p>\n<p>[\/et_pb_blurb][et_pb_button button_url=&#8220;@ET-DC@eyJkeW5hbWljIjp0cnVlLCJjb250ZW50IjoicG9zdF9saW5rX3VybF9wYWdlIiwic2V0dGluZ3MiOnsicG9zdF9pZCI6IjEzMTAwIiwiZW5hYmxlX2h0bWwiOiJvZmYifX0=@&#8220; button_text=&#8220;Mehr Informationen&#8220; _builder_version=&#8220;4.24.1&#8243; _dynamic_attributes=&#8220;button_url&#8220; _module_preset=&#8220;default&#8220; button_text_color=&#8220;gcid-3421bf6d-18b2-4c4f-a72e-22b2864b9384&#8243; button_bg_color=&#8220;#FFFFFF&#8220; button_border_width=&#8220;2px&#8220; button_border_color=&#8220;gcid-342b504c-af3f-4a0e-9bbf-cd80ba9f1957&#8243; global_colors_info=&#8220;{%22gcid-3421bf6d-18b2-4c4f-a72e-22b2864b9384%22:%91%22button_bg_color%22,%22button_text_color%22%93,%22gcid-342b504c-af3f-4a0e-9bbf-cd80ba9f1957%22:%91%22button_border_color%22,%22button_bg_color__hover%22%93}&#8220; button_bg_color__hover=&#8220;rgba(71,71,71,0.15)&#8220;][\/et_pb_button][\/et_pb_column][et_pb_column type=&#8220;1_3&#8243; _builder_version=&#8220;4.24.0&#8243; _module_preset=&#8220;default&#8220; global_colors_info=&#8220;{}&#8220;][et_pb_blurb title=&#8220;Multiphysics&#8220; image=&#8220;https:\/\/ironcad.eu\/wp-content\/uploads\/2026\/03\/software-box-ironcad-multiphysics-1.webp&#8220; alt=&#8220;Softwarebox der Erweiterung Multiphysics f\u00fcr IronCAD.&#8220; image_icon_width=&#8220;250px&#8220; _builder_version=&#8220;4.27.6&#8243; _module_preset=&#8220;default&#8220; hover_enabled=&#8220;0&#8243; global_colors_info=&#8220;{}&#8220; title_text=&#8220;software-box-ironcad-multiphysics (1)&#8220; sticky_enabled=&#8220;0&#8243;]<\/p>\n<p>Nahtlos integriertes Multiphysik-Tool f\u00fcr erweiterte Festigkeitsberechnungen. Verformungen, Spannungen, Temperaturen und Elektronik mit einem Klick. <\/p>\n<p>[\/et_pb_blurb][et_pb_button button_url=&#8220;@ET-DC@eyJkeW5hbWljIjp0cnVlLCJjb250ZW50IjoicG9zdF9saW5rX3VybF9wYWdlIiwic2V0dGluZ3MiOnsicG9zdF9pZCI6IjEzMDgyIiwiZW5hYmxlX2h0bWwiOiJvZmYifX0=@&#8220; button_text=&#8220;Mehr Informationen&#8220; _builder_version=&#8220;4.24.1&#8243; _dynamic_attributes=&#8220;button_url&#8220; _module_preset=&#8220;default&#8220; button_text_color=&#8220;gcid-3421bf6d-18b2-4c4f-a72e-22b2864b9384&#8243; button_bg_color=&#8220;#FFFFFF&#8220; button_border_width=&#8220;2px&#8220; button_border_color=&#8220;gcid-342b504c-af3f-4a0e-9bbf-cd80ba9f1957&#8243; global_colors_info=&#8220;{%22gcid-3421bf6d-18b2-4c4f-a72e-22b2864b9384%22:%91%22button_bg_color%22,%22button_text_color%22%93,%22gcid-342b504c-af3f-4a0e-9bbf-cd80ba9f1957%22:%91%22button_border_color%22,%22button_bg_color__hover%22%93}&#8220; button_bg_color__hover=&#8220;rgba(71,71,71,0.15)&#8220;][\/et_pb_button][\/et_pb_column][et_pb_column type=&#8220;1_3&#8243; _builder_version=&#8220;4.24.0&#8243; _module_preset=&#8220;default&#8220; global_colors_info=&#8220;{}&#8220;][dipi_image_magnifier _builder_version=&#8220;4.27.4&#8243; _module_preset=&#8220;default&#8220; global_colors_info=&#8220;{}&#8220;][\/dipi_image_magnifier][\/et_pb_column][\/et_pb_row][\/et_pb_section]<\/p>\n","protected":false},"excerpt":{"rendered":"<p>Entdecken Sie Erweiterungen f\u00fcr IronCAD: von Automatisierung und Rendering bis hin zu Standardteilen und Simulationen. Erweitern Sie Ihre Konstruktionssoftware auf intelligente Weise. <\/p>\n","protected":false},"author":1,"featured_media":0,"parent":0,"menu_order":0,"comment_status":"closed","ping_status":"closed","template":"","meta":{"_et_pb_use_builder":"on","_et_pb_old_content":"","_et_gb_content_width":"","_improvement_type_select":"improve_an_existing","_thumb_yes_seoaic":false,"_frame_yes_seoaic":false,"seoaic_generate_description":"","seoaic_improve_instructions_prompt":"","seoaic_rollback_content_improvement":"","seoaic_idea_thumbnail_generator":"","thumbnail_generated":false,"thumbnail_generate_prompt":"","seoaic_article_description":"","footnotes":"","advanced-sidebar-menu\/link-title":"","advanced-sidebar-menu\/exclude-page":false},"dipi_cpt_category":[],"class_list":["post-18507","page","type-page","status-publish","hentry"],"_links":{"self":[{"href":"https:\/\/ironcad.eu\/de\/wp-json\/wp\/v2\/pages\/18507","targetHints":{"allow":["GET"]}}],"collection":[{"href":"https:\/\/ironcad.eu\/de\/wp-json\/wp\/v2\/pages"}],"about":[{"href":"https:\/\/ironcad.eu\/de\/wp-json\/wp\/v2\/types\/page"}],"author":[{"embeddable":true,"href":"https:\/\/ironcad.eu\/de\/wp-json\/wp\/v2\/users\/1"}],"replies":[{"embeddable":true,"href":"https:\/\/ironcad.eu\/de\/wp-json\/wp\/v2\/comments?post=18507"}],"version-history":[{"count":3,"href":"https:\/\/ironcad.eu\/de\/wp-json\/wp\/v2\/pages\/18507\/revisions"}],"predecessor-version":[{"id":28018,"href":"https:\/\/ironcad.eu\/de\/wp-json\/wp\/v2\/pages\/18507\/revisions\/28018"}],"wp:attachment":[{"href":"https:\/\/ironcad.eu\/de\/wp-json\/wp\/v2\/media?parent=18507"}],"wp:term":[{"taxonomy":"dipi_cpt_category","embeddable":true,"href":"https:\/\/ironcad.eu\/de\/wp-json\/wp\/v2\/dipi_cpt_category?post=18507"}],"curies":[{"name":"wp","href":"https:\/\/api.w.org\/{rel}","templated":true}]}}