{"id":18605,"date":"2024-02-15T11:29:13","date_gmt":"2024-02-15T10:29:13","guid":{"rendered":"https:\/\/ironcad.eu\/unterstuetzen-sie\/systemanforderungen\/"},"modified":"2026-02-11T15:22:36","modified_gmt":"2026-02-11T14:22:36","slug":"systemanforderungen","status":"publish","type":"page","link":"https:\/\/ironcad.eu\/de\/unterstuetzen-sie\/systemanforderungen\/","title":{"rendered":"Systemanforderungen"},"content":{"rendered":"<p>[et_pb_section fb_built=&#8220;1&#8243; _builder_version=&#8220;4.24.0&#8243; _module_preset=&#8220;default&#8220; locked=&#8220;off&#8220; global_colors_info=&#8220;{}&#8220;][et_pb_row custom_padding_last_edited=&#8220;on|desktop&#8220; admin_label=&#8220;Kr\u00fcmelpfad&#8220; _builder_version=&#8220;4.26.0&#8243; _module_preset=&#8220;default&#8220; custom_padding=&#8220;0rem||||false|false&#8220; custom_padding_tablet=&#8220;0rem||||false|false&#8220; custom_padding_phone=&#8220;0rem||||false|false&#8220; global_module=&#8220;11007&#8243; saved_tabs=&#8220;all&#8220; global_colors_info=&#8220;{}&#8220;][et_pb_column type=&#8220;4_4&#8243; _builder_version=&#8220;4.24.0&#8243; _module_preset=&#8220;default&#8220; global_colors_info=&#8220;{}&#8220;][et_pb_code _builder_version=&#8220;4.24.1&#8243; _module_preset=&#8220;default&#8220; custom_css_main_element=&#8220;font-size: .7em;||text-transform: uppercase;&#8220; global_colors_info=&#8220;{}&#8220;]<nav aria-label=\"breadcrumbs\" class=\"rank-math-breadcrumb\"><p><span class=\"last\">Home<\/span><\/p><\/nav>[\/et_pb_code][\/et_pb_column][\/et_pb_row][et_pb_row _builder_version=&#8220;4.24.0&#8243; _module_preset=&#8220;default&#8220; custom_padding_tablet=&#8220;2rem||1rem||false|false&#8220; custom_padding_phone=&#8220;2rem||0rem||false|false&#8220; global_colors_info=&#8220;{}&#8220;][et_pb_column type=&#8220;4_4&#8243; _builder_version=&#8220;4.24.0&#8243; _module_preset=&#8220;default&#8220; global_colors_info=&#8220;{}&#8220;][et_pb_text _builder_version=&#8220;4.24.1&#8243; _module_preset=&#8220;default&#8220; global_colors_info=&#8220;{}&#8220;]<\/p>\n<h1>Systemanforderungen<\/h1>\n<p>IronCAD ist ein Design-Softwarepaket f\u00fcr Microsoft Windows. Ab der IronCAD Version 2018 werden nur noch 64-Bit-Versionen von Windows unterst\u00fctzt. Weiter unten auf dieser Seite finden Sie eine Tabelle, die zeigt, welche Windows-Versionen kompatibel sind.  <\/p>\n<p>[\/et_pb_text][\/et_pb_column][\/et_pb_row][et_pb_row column_structure=&#8220;3_5,2_5&#8243; _builder_version=&#8220;4.24.1&#8243; _module_preset=&#8220;default&#8220; custom_padding=&#8220;0rem||0rem||true|false&#8220; global_colors_info=&#8220;{}&#8220;][et_pb_column type=&#8220;3_5&#8243; _builder_version=&#8220;4.24.0&#8243; _module_preset=&#8220;default&#8220; global_colors_info=&#8220;{}&#8220;][et_pb_text _builder_version=&#8220;4.24.2&#8243; _module_preset=&#8220;default&#8220; background_color=&#8220;RGBA(255,255,255,0)&#8220; custom_margin=&#8220;||||false|false&#8220; custom_padding=&#8220;||||true|true&#8220; global_colors_info=&#8220;{%22gcid-d38a596d-3e8b-40f6-9d02-8dae2d740817%22:%91%22ol_text_color%22,%22ol_text_color%22,%22ol_text_color%22%93,%22gcid-cec01bf0-fc62-410c-9831-380fd97d1c1b%22:%91%22text_text_color%22,%22ul_text_color%22,%22text_text_color%22,%22ul_text_color%22,%22text_text_color%22,%22ul_text_color%22,%22text_text_color%22,%22ul_text_color%22,%22text_text_color%22,%22ul_text_color%22,%22text_text_color%22,%22ul_text_color%22,%22text_text_color%22,%22ul_text_color%22,%22text_text_color%22,%22ul_text_color%22,%22text_text_color%22,%22ul_text_color%22,%22text_text_color%22,%22ul_text_color%22,%22text_text_color%22,%22ul_text_color%22%93,%22gcid-3421bf6d-18b2-4c4f-a72e-22b2864b9384%22:%91%22link_text_color__hover%22,%22link_text_color__hover%22,%22link_text_color__hover%22,%22link_text_color__hover%22,%22link_text_color__hover%22%93}&#8220;]<\/p>\n<h3>Erforderliche Spezifikationen<\/h3>\n<p>Um IronCAD auszuf\u00fchren, sollte ein PC mindestens die folgenden Spezifikationen erf\u00fcllen:<\/p>\n<div class=\"wpb_column vc_column_container vc_col-sm-6\">\n<div class=\"vc_column-inner\">\n<div class=\"wpb_wrapper\">\n<div class=\"wpb_text_column wpb_content_element \">\n<div class=\"wpb_wrapper\">\n<ul>\n<li>64-Bit-Windows-Betriebssystem<\/li>\n<li>Pentium 4 CPU oder h\u00f6her (aktuelle AMD-Prozessoren werden unterst\u00fctzt)<\/li>\n<li>4 GB Speicher (8 GB oder mehr f\u00fcr gro\u00dfe Montagezeichnungen)<\/li>\n<li>Direct X- und\/oder OpenGL-kompatible beschleunigte Grafikkarte<\/li>\n<li>2 GB freier Festplattenplatz f\u00fcr die Installation<\/li>\n<\/ul>\n<p><strong><em>Beachten Sie, dass dies die Mindestanforderungen f\u00fcr die Ausf\u00fchrung von IronCAD sind. Bessere Spezifikationen sind f\u00fcr eine bessere Leistung erforderlich. <\/em><\/strong><\/p>\n<\/div>\n<\/div>\n<\/div>\n<\/div>\n<\/div>\n<p>[\/et_pb_text][\/et_pb_column][et_pb_column type=&#8220;2_5&#8243; _builder_version=&#8220;4.24.0&#8243; _module_preset=&#8220;default&#8220; global_colors_info=&#8220;{}&#8220;][et_pb_image src=&#8220;https:\/\/ironcad.eu\/wp-content\/uploads\/2024\/02\/shutterstock_782845423-scaled.jpg&#8220; title_text=&#8220;Nahaufnahme,des,Ingenieurs,der,einen,Laptop,mit,Cad,Bauteil,Modell h\u00e4lt&#8220; _builder_version=&#8220;4.24.1&#8243; _module_preset=&#8220;default&#8220; border_radii=&#8220;on|15px|15px|15px|15px&#8220; global_colors_info=&#8220;{}&#8220;][\/et_pb_image][\/et_pb_column][\/et_pb_row][et_pb_row custom_padding_last_edited=&#8220;on|desktop&#8220; admin_label=&#8220;Standard-Verteiler&#8220; _builder_version=&#8220;4.24.1&#8243; _module_preset=&#8220;default&#8220; min_height=&#8220;41.6px&#8220; custom_margin=&#8220;|auto|-26px|auto|false|false&#8220; custom_padding=&#8220;1rem||1rem||true|false&#8220; custom_padding_tablet=&#8220;1rem||1rem||true|false&#8220; custom_padding_phone=&#8220;1rem||1rem||true|false&#8220; global_module=&#8220;11791&#8243; saved_tabs=&#8220;all&#8220; global_colors_info=&#8220;{}&#8220;][et_pb_column type=&#8220;4_4&#8243; _builder_version=&#8220;4.24.0&#8243; _module_preset=&#8220;default&#8220; global_colors_info=&#8220;{}&#8220;][et_pb_divider color=&#8220;gcid-342b504c-af3f-4a0e-9bbf-cd80ba9f1957&#8243; divider_weight=&#8220;2px&#8220; _builder_version=&#8220;4.26.0&#8243; _module_preset=&#8220;default&#8220; custom_margin=&#8220;0px||0px||true|false&#8220; global_colors_info=&#8220;{%22gcid-342b504c-af3f-4a0e-9bbf-cd80ba9f1957%22:%91%22color%22%93}&#8220;][\/et_pb_divider][\/et_pb_column][\/et_pb_row][et_pb_row column_structure=&#8220;3_4,1_4&#8243; make_equal=&#8220;on&#8220; custom_padding_last_edited=&#8220;on|desktop&#8220; _builder_version=&#8220;4.24.0&#8243; _module_preset=&#8220;default&#8220; custom_margin_tablet=&#8220;&#8220; custom_margin_phone=&#8220;&#8220; custom_margin_last_edited=&#8220;on|phone&#8220; custom_padding=&#8220;0rem||0rem||true|false&#8220; custom_padding_tablet=&#8220;&#8220; custom_padding_phone=&#8220;&#8220; locked=&#8220;off&#8220; global_colors_info=&#8220;{}&#8220;][et_pb_column type=&#8220;3_4&#8243; _builder_version=&#8220;4.24.0&#8243; _module_preset=&#8220;default&#8220; global_colors_info=&#8220;{}&#8220;][et_pb_text _builder_version=&#8220;4.24.1&#8243; _module_preset=&#8220;default&#8220; global_colors_info=&#8220;{}&#8220;]<\/p>\n<h2>Empfehlung PC<\/h2>\n<p>In Zusammenarbeit mit CADCO haben wir eine Reihe von Systemen ausgew\u00e4hlt, die den Bed\u00fcrfnissen fast aller Anwender entsprechen. Sie k\u00f6nnen sich die Modelle unten auf der <a href=\"https:\/\/cad-computers.nl\/productontwerp-productie\/ironcad\/\" rel=\"nofollow noopener\" target=\"_blank\">IronCAD-Seite<\/a> von CADCO ansehen. <\/p>\n<p>[\/et_pb_text][\/et_pb_column][et_pb_column type=&#8220;1_4&#8243; _builder_version=&#8220;4.24.0&#8243; _module_preset=&#8220;default&#8220; global_colors_info=&#8220;{}&#8220;][et_pb_image src=&#8220;https:\/\/ironcad.eu\/wp-content\/uploads\/2024\/02\/CADCO.png&#8220; title_text=&#8220;CADCO&#8220; url=&#8220;https:\/\/cad-computers.nl\/productontwerp-productie\/ironcad\/&#8220; url_new_window=&#8220;on&#8220; _builder_version=&#8220;4.24.1&#8243; _module_preset=&#8220;default&#8220; global_colors_info=&#8220;{}&#8220;][\/et_pb_image][\/et_pb_column][\/et_pb_row][et_pb_row column_structure=&#8220;1_3,1_3,1_3&#8243; _builder_version=&#8220;4.24.1&#8243; _module_preset=&#8220;default&#8220; background_color=&#8220;RGBA(255,255,255,0)&#8220; global_colors_info=&#8220;{}&#8220;][et_pb_column type=&#8220;1_3&#8243; _builder_version=&#8220;4.24.1&#8243; _module_preset=&#8220;default&#8220; background_color=&#8220;#FFFFFF&#8220; custom_padding=&#8220;20px|20px|20px|20px|true|true&#8220; border_radii=&#8220;on|15px|15px|15px|15px&#8220; border_width_all=&#8220;2px&#8220; border_color_all=&#8220;gcid-342b504c-af3f-4a0e-9bbf-cd80ba9f1957&#8243; global_colors_info=&#8220;{%22gcid-342b504c-af3f-4a0e-9bbf-cd80ba9f1957%22:%91%22background_color%22,%22border_color_all%22%93}&#8220;][et_pb_text _builder_version=&#8220;4.27.4&#8243; _module_preset=&#8220;default&#8220; hover_enabled=&#8220;0&#8243; global_colors_info=&#8220;{}&#8220; sticky_enabled=&#8220;0&#8243;]<\/p>\n<h3>iDraw Pro<\/h3>\n<p>Diese Workstation ist f\u00fcr IronCAD-Anwender geeignet, die haupts\u00e4chlich viel zeichnen. Unsere empfohlene Konfiguration umfasst einen AMD Ryzen 7 oder Intel Core i7, 32 GB Arbeitsspeicher und eine RTX A2000-Grafikkarte. Die Konfiguration kann ganz einfach auf der Website konfiguriert werden.  <\/p>\n<p>[\/et_pb_text][et_pb_button button_url=&#8220;https:\/\/cad-computers.nl\/idraw-pro\/&#8220; url_new_window=&#8220;on&#8220; button_text=&#8220;Siehe&#8220; _builder_version=&#8220;4.27.4&#8243; _module_preset=&#8220;default&#8220; button_border_width=&#8220;0px&#8220; button_border_color=&#8220;RGBA(255,255,255,0)&#8220; button_icon=&#8220;&#xe03c;||divi||400&#8243; hover_enabled=&#8220;0&#8243; global_colors_info=&#8220;{%22gcid-3421bf6d-18b2-4c4f-a72e-22b2864b9384%22:%91%22button_bg_color%22,%22button_bg_color%22,%22button_bg_color__hover%22,%22button_bg_color%22%93,%22gcid-cec01bf0-fc62-410c-9831-380fd97d1c1b%22:%91%22button_bg_color__hover%22,%22button_bg_color__hover%22,%22button_bg_color__hover%22,%22button_bg_color__hover%22,%22button_bg_color__hover%22,%22button_bg_color__hover%22,%22button_bg_color__hover%22,%22button_bg_color__hover%22,%22button_bg_color__hover%22,%22button_bg_color__hover%22,%22button_bg_color__hover%22%93}&#8220; button_bg_color__hover=&#8220;#474747&#8243; sticky_enabled=&#8220;0&#8243;][\/et_pb_button][\/et_pb_column][et_pb_column type=&#8220;1_3&#8243; _builder_version=&#8220;4.24.1&#8243; _module_preset=&#8220;default&#8220; background_color=&#8220;RGBA(255,255,255,0)&#8220; custom_padding=&#8220;20px|20px|20px|20px|true|true&#8220; border_radii=&#8220;on|15px|15px|15px|15px&#8220; border_width_all=&#8220;2px&#8220; border_color_all=&#8220;gcid-342b504c-af3f-4a0e-9bbf-cd80ba9f1957&#8243; global_colors_info=&#8220;{%22gcid-342b504c-af3f-4a0e-9bbf-cd80ba9f1957%22:%91%22border_color_all%22%93}&#8220;][et_pb_text _builder_version=&#8220;4.24.1&#8243; _module_preset=&#8220;default&#8220; hover_enabled=&#8220;0&#8243; global_colors_info=&#8220;{}&#8220; sticky_enabled=&#8220;0&#8243;]<\/p>\n<h3>iDraw Pro Mini<\/h3>\n<p>Genauso leistungsstark wie der iDraw Pro, aber in einem kleineren Paket. Eine ideale Workstation f\u00fcr Ihren Schreibtisch. <\/p>\n<p>[\/et_pb_text][et_pb_button button_url=&#8220;https:\/\/cad-computers.nl\/idraw-pro-mini\/&#8220; url_new_window=&#8220;on&#8220; button_text=&#8220;Siehe&#8220; _builder_version=&#8220;4.27.4&#8243; _module_preset=&#8220;default&#8220; button_border_width=&#8220;0px&#8220; button_border_color=&#8220;RGBA(255,255,255,0)&#8220; button_icon=&#8220;&#xe03c;||divi||400&#8243; hover_enabled=&#8220;0&#8243; global_colors_info=&#8220;{%22gcid-3421bf6d-18b2-4c4f-a72e-22b2864b9384%22:%91%22button_bg_color%22,%22button_bg_color%22,%22button_bg_color__hover%22,%22button_bg_color%22%93,%22gcid-cec01bf0-fc62-410c-9831-380fd97d1c1b%22:%91%22button_bg_color__hover%22,%22button_bg_color__hover%22,%22button_bg_color__hover%22,%22button_bg_color__hover%22,%22button_bg_color__hover%22,%22button_bg_color__hover%22,%22button_bg_color__hover%22,%22button_bg_color__hover%22,%22button_bg_color__hover%22,%22button_bg_color__hover%22,%22button_bg_color__hover%22%93}&#8220; button_bg_color__hover=&#8220;#474747&#8243; sticky_enabled=&#8220;0&#8243;][\/et_pb_button][\/et_pb_column][et_pb_column type=&#8220;1_3&#8243; _builder_version=&#8220;4.24.1&#8243; _module_preset=&#8220;default&#8220; background_color=&#8220;RGBA(255,255,255,0)&#8220; custom_padding=&#8220;20px|20px|20px|20px|true|true&#8220; border_radii=&#8220;on|15px|15px|15px|15px&#8220; border_width_all=&#8220;2px&#8220; border_color_all=&#8220;gcid-342b504c-af3f-4a0e-9bbf-cd80ba9f1957&#8243; global_colors_info=&#8220;{%22gcid-342b504c-af3f-4a0e-9bbf-cd80ba9f1957%22:%91%22border_color_all%22%93}&#8220;][et_pb_text _builder_version=&#8220;4.27.4&#8243; _module_preset=&#8220;default&#8220; hover_enabled=&#8220;0&#8243; global_colors_info=&#8220;{}&#8220; sticky_enabled=&#8220;0&#8243;]<\/p>\n<h3>iVisualize+<\/h3>\n<p>Diese Workstation wurde f\u00fcr IronCAD- und KeyShot-Anwender zusammengestellt. Das System ist mit einem Intel Core Ultra 7-Prozessor und einer leistungsstarken GeForce RTX-Grafikkarte ausgestattet, so dass das Rendering mit KeyShot schnell und fl\u00fcssig verl\u00e4uft. <\/p>\n<p>[\/et_pb_text][et_pb_button button_url=&#8220;https:\/\/cad-computers.nl\/ivisualize-plus\/&#8220; url_new_window=&#8220;on&#8220; button_text=&#8220;Siehe&#8220; _builder_version=&#8220;4.27.4&#8243; _module_preset=&#8220;default&#8220; button_border_width=&#8220;0px&#8220; button_border_color=&#8220;RGBA(255,255,255,0)&#8220; button_icon=&#8220;&#xe03c;||divi||400&#8243; hover_enabled=&#8220;0&#8243; global_colors_info=&#8220;{%22gcid-3421bf6d-18b2-4c4f-a72e-22b2864b9384%22:%91%22button_bg_color%22,%22button_bg_color%22,%22button_bg_color__hover%22,%22button_bg_color%22%93,%22gcid-cec01bf0-fc62-410c-9831-380fd97d1c1b%22:%91%22button_bg_color__hover%22,%22button_bg_color__hover%22,%22button_bg_color__hover%22,%22button_bg_color__hover%22,%22button_bg_color__hover%22,%22button_bg_color__hover%22,%22button_bg_color__hover%22,%22button_bg_color__hover%22,%22button_bg_color__hover%22,%22button_bg_color__hover%22,%22button_bg_color__hover%22%93}&#8220; button_bg_color__hover=&#8220;#474747&#8243; sticky_enabled=&#8220;0&#8243;][\/et_pb_button][\/et_pb_column][\/et_pb_row][\/et_pb_section][et_pb_section fb_built=&#8220;1&#8243; _builder_version=&#8220;4.24.0&#8243; _module_preset=&#8220;default&#8220; background_color=&#8220;gcid-f52cc46c-103a-4f3e-bb71-6efb5f79ee25&#8243; custom_margin=&#8220;0px||||false|false&#8220; border_color_top=&#8220;gcid-0d1a127e-4ce1-4bb0-9503-eafc35a82551&#8243; locked=&#8220;off&#8220; global_colors_info=&#8220;{%22gcid-0d1a127e-4ce1-4bb0-9503-eafc35a82551%22:%91%22border_color_top%22%93,%22gcid-f52cc46c-103a-4f3e-bb71-6efb5f79ee25%22:%91%22background_color%22%93}&#8220;][et_pb_row _builder_version=&#8220;4.24.1&#8243; _module_preset=&#8220;default&#8220; custom_padding=&#8220;0rem||0rem||true|false&#8220; global_colors_info=&#8220;{}&#8220;][et_pb_column type=&#8220;4_4&#8243; _builder_version=&#8220;4.24.1&#8243; _module_preset=&#8220;default&#8220; global_colors_info=&#8220;{}&#8220;][et_pb_text _builder_version=&#8220;4.24.1&#8243; _module_preset=&#8220;default&#8220; global_colors_info=&#8220;{}&#8220;]<\/p>\n<h2>IronCAD Kompatibilit\u00e4t mit Windows<\/h2>\n<p>Bitte beachten Sie, dass die Version von Windows mindestens PRO sein muss. Windows Home-Versionen werden nicht unterst\u00fctzt. <\/p>\n<p>[\/et_pb_text][\/et_pb_column][\/et_pb_row][et_pb_row column_structure=&#8220;1_4,1_4,1_4,1_4&#8243; _builder_version=&#8220;4.24.1&#8243; _module_preset=&#8220;default&#8220; custom_padding=&#8220;1rem||1rem||true|false&#8220; global_colors_info=&#8220;{}&#8220;][et_pb_column type=&#8220;1_4&#8243; _builder_version=&#8220;4.24.1&#8243; _module_preset=&#8220;default&#8220; global_colors_info=&#8220;{}&#8220;][et_pb_text _builder_version=&#8220;4.24.1&#8243; _module_preset=&#8220;default&#8220; global_colors_info=&#8220;{}&#8220;]<\/p>\n<p><strong>IronCAD Version 2023<\/strong><\/p>\n<ul>\n<li>Windows 11, 10, 8<\/li>\n<\/ul>\n<p>[\/et_pb_text][\/et_pb_column][et_pb_column type=&#8220;1_4&#8243; _builder_version=&#8220;4.24.1&#8243; _module_preset=&#8220;default&#8220; global_colors_info=&#8220;{}&#8220;][et_pb_text _builder_version=&#8220;4.24.1&#8243; _module_preset=&#8220;default&#8220; global_colors_info=&#8220;{}&#8220;]<\/p>\n<p><strong>IronCAD Version 2022<\/strong><\/p>\n<ul>\n<li>Windows 11, 10, 8, 7<\/li>\n<\/ul>\n<p>[\/et_pb_text][\/et_pb_column][et_pb_column type=&#8220;1_4&#8243; _builder_version=&#8220;4.24.1&#8243; _module_preset=&#8220;default&#8220; global_colors_info=&#8220;{}&#8220;][et_pb_text _builder_version=&#8220;4.24.1&#8243; _module_preset=&#8220;default&#8220; global_colors_info=&#8220;{}&#8220;]<\/p>\n<p><strong>IronCAD Version 2021-2016<\/strong><\/p>\n<ul>\n<li>Windows 10, 8, 7<\/li>\n<\/ul>\n<p>[\/et_pb_text][\/et_pb_column][et_pb_column type=&#8220;1_4&#8243; _builder_version=&#8220;4.24.1&#8243; _module_preset=&#8220;default&#8220; global_colors_info=&#8220;{}&#8220;][et_pb_text _builder_version=&#8220;4.24.1&#8243; _module_preset=&#8220;default&#8220; global_colors_info=&#8220;{}&#8220;]<\/p>\n<p><strong>IronCAD Version 2015 und fr\u00fcher<\/strong><\/p>\n<ul>\n<li>Windows 8, 7<\/li>\n<\/ul>\n<p>[\/et_pb_text][\/et_pb_column][\/et_pb_row][\/et_pb_section]<\/p>\n","protected":false},"excerpt":{"rendered":"<p><nav aria-label=\"breadcrumbs\" class=\"rank-math-breadcrumb\"><p><span class=\"last\">Home<\/span><\/p><\/nav>Systemanforderungen IronCAD ist ein Design-Softwarepaket f\u00fcr Microsoft Windows. Ab der IronCAD Version 2018 werden nur noch 64-Bit-Versionen von Windows unterst\u00fctzt. Weiter unten auf dieser Seite finden Sie eine Tabelle, die zeigt, welche Windows-Versionen kompatibel sind. Erforderliche Spezifikationen Um IronCAD auszuf\u00fchren, sollte ein PC mindestens die folgenden Spezifikationen erf\u00fcllen: 64-Bit-Windows-Betriebssystem Pentium 4 CPU oder h\u00f6her (aktuelle [&hellip;]<\/p>\n","protected":false},"author":1,"featured_media":0,"parent":18575,"menu_order":14,"comment_status":"closed","ping_status":"closed","template":"","meta":{"_et_pb_use_builder":"on","_et_pb_old_content":"","_et_gb_content_width":"","_improvement_type_select":"improve_an_existing","_thumb_yes_seoaic":false,"_frame_yes_seoaic":false,"seoaic_generate_description":"","seoaic_improve_instructions_prompt":"","seoaic_rollback_content_improvement":"","seoaic_idea_thumbnail_generator":"","thumbnail_generated":false,"thumbnail_generate_prompt":"","seoaic_article_description":"","footnotes":"","advanced-sidebar-menu\/link-title":"","advanced-sidebar-menu\/exclude-page":false},"dipi_cpt_category":[],"class_list":["post-18605","page","type-page","status-publish","hentry"],"_links":{"self":[{"href":"https:\/\/ironcad.eu\/de\/wp-json\/wp\/v2\/pages\/18605","targetHints":{"allow":["GET"]}}],"collection":[{"href":"https:\/\/ironcad.eu\/de\/wp-json\/wp\/v2\/pages"}],"about":[{"href":"https:\/\/ironcad.eu\/de\/wp-json\/wp\/v2\/types\/page"}],"author":[{"embeddable":true,"href":"https:\/\/ironcad.eu\/de\/wp-json\/wp\/v2\/users\/1"}],"replies":[{"embeddable":true,"href":"https:\/\/ironcad.eu\/de\/wp-json\/wp\/v2\/comments?post=18605"}],"version-history":[{"count":0,"href":"https:\/\/ironcad.eu\/de\/wp-json\/wp\/v2\/pages\/18605\/revisions"}],"up":[{"embeddable":true,"href":"https:\/\/ironcad.eu\/de\/wp-json\/wp\/v2\/pages\/18575"}],"wp:attachment":[{"href":"https:\/\/ironcad.eu\/de\/wp-json\/wp\/v2\/media?parent=18605"}],"wp:term":[{"taxonomy":"dipi_cpt_category","embeddable":true,"href":"https:\/\/ironcad.eu\/de\/wp-json\/wp\/v2\/dipi_cpt_category?post=18605"}],"curies":[{"name":"wp","href":"https:\/\/api.w.org\/{rel}","templated":true}]}}