{"id":18643,"date":"2024-03-12T16:38:15","date_gmt":"2024-03-12T15:38:15","guid":{"rendered":"https:\/\/ironcad.eu\/erklaerung-zum-datenschutz\/"},"modified":"2026-02-11T15:22:55","modified_gmt":"2026-02-11T14:22:55","slug":"erklaerung-zum-datenschutz","status":"publish","type":"page","link":"https:\/\/ironcad.eu\/de\/erklaerung-zum-datenschutz\/","title":{"rendered":"Erkl\u00e4rung zum Datenschutz"},"content":{"rendered":"<p>[et_pb_section fb_built=&#8220;1&#8243; _builder_version=&#8220;4.24.0&#8243; _module_preset=&#8220;default&#8220; locked=&#8220;off&#8220; global_colors_info=&#8220;{}&#8220;][et_pb_row custom_padding_last_edited=&#8220;on|desktop&#8220; admin_label=&#8220;Kr\u00fcmelpfad&#8220; _builder_version=&#8220;4.26.0&#8243; _module_preset=&#8220;default&#8220; custom_padding=&#8220;0rem||||false|false&#8220; custom_padding_tablet=&#8220;0rem||||false|false&#8220; custom_padding_phone=&#8220;0rem||||false|false&#8220; global_module=&#8220;11007&#8243; saved_tabs=&#8220;all&#8220; collapsed=&#8220;off&#8220; global_colors_info=&#8220;{}&#8220;][et_pb_column type=&#8220;4_4&#8243; _builder_version=&#8220;4.24.0&#8243; _module_preset=&#8220;default&#8220; global_colors_info=&#8220;{}&#8220;][et_pb_code admin_label=&#8220;Code&#8220; _builder_version=&#8220;4.24.1&#8243; _module_preset=&#8220;default&#8220; custom_css_main_element=&#8220;font-size: .7em;||text-transform: uppercase;&#8220; global_colors_info=&#8220;{}&#8220;]<nav aria-label=\"breadcrumbs\" class=\"rank-math-breadcrumb\"><p><span class=\"last\">Home<\/span><\/p><\/nav>[\/et_pb_code][\/et_pb_column][\/et_pb_row][et_pb_row _builder_version=&#8220;4.24.0&#8243; _module_preset=&#8220;default&#8220; custom_padding=&#8220;0rem||0rem||true|false&#8220; custom_padding_tablet=&#8220;2rem||1rem||false|false&#8220; custom_padding_phone=&#8220;2rem||0rem||false|false&#8220; global_colors_info=&#8220;{}&#8220;][et_pb_column type=&#8220;4_4&#8243; _builder_version=&#8220;4.24.0&#8243; _module_preset=&#8220;default&#8220; global_colors_info=&#8220;{}&#8220;][et_pb_text _builder_version=&#8220;4.27.4&#8243; _module_preset=&#8220;default&#8220; custom_margin=&#8220;||0px|||&#8220; hover_enabled=&#8220;0&#8243; global_colors_info=&#8220;{}&#8220; sticky_enabled=&#8220;0&#8243;]<\/p>\n<h1>Erkl\u00e4rung zum Datenschutz<\/h1>\n<p>Zuletzt aktualisiert: Oktober 2025<\/p>\n<p><strong>Kontaktinformationen:<br \/><\/strong>IronCAD Europe<br \/>James Wattstraat 1<br \/>7442 DC NIJVERDAL<br \/>+31548622247<\/p>\n<p>Ihre Privatsph\u00e4re ist uns wichtig. In dieser Datenschutzerkl\u00e4rung wird erl\u00e4utert, welche pers\u00f6nlichen Daten IronCAD Europe von Ihnen durch unsere Interaktionen mit Ihnen und \u00fcber unsere Website sammelt und wie wir diese Daten verwenden. <\/p>\n<h2>Pers\u00f6nliche Daten, die wir verarbeiten<\/h2>\n<p>IronCAD Europe verarbeitet Ihre pers\u00f6nlichen Daten, weil Sie unsere Dienstleistungen in Anspruch nehmen und\/oder weil Sie sie uns selbst zur Verf\u00fcgung stellen.<\/p>\n<p><strong data-start=\"1193\" data-end=\"1248\">Beispiele f\u00fcr personenbezogene Daten, die wir verarbeiten:<\/strong><\/p>\n<ul>\n<li>Vorname und Nachname<\/li>\n<li>Geschlecht<\/li>\n<li>Datum und Ort der Geburt<\/li>\n<li>Adresse Details<\/li>\n<li>Telefonnummer und E-Mail Adresse<\/li>\n<li>Andere Daten, die Sie aktiv zur Verf\u00fcgung stellen, z.B. bei der Erstellung eines Kontos oder in der Korrespondenz<\/li>\n<li>Details zum Standort<\/li>\n<li>Daten \u00fcber Ihre Aktivit\u00e4ten auf unserer Website<\/li>\n<li>Internet-Browser und Ger\u00e4tetyp<\/li>\n<li>Bankkontonummer<\/li>\n<\/ul>\n<h2>Besondere und\/oder sensible pers\u00f6nliche Daten, die wir verarbeiten<\/h2>\n<p>Wir verarbeiten besondere personenbezogene Daten nur, wenn dies unbedingt erforderlich ist.<br \/>Unsere Website und Dienste richten sich nicht an Kinder unter 16 Jahren. Wenn Sie den Verdacht haben, dass wir Daten ohne elterliche Zustimmung gesammelt haben, kontaktieren Sie uns bitte unter info@ironcad.eu. Wir werden diese Informationen dann l\u00f6schen. <\/p>\n<h2>Zu welchem Zweck und auf welcher Grundlage wir personenbezogene Daten verarbeiten<\/h2>\n<p>IronCAD Europe verarbeitet Ihre pers\u00f6nlichen Daten f\u00fcr die folgenden Zwecke:<\/p>\n<ul>\n<li>Abwicklung von Zahlungen<\/li>\n<li>Zusendung von Newslettern und\/oder Marketingmitteilungen (nach Zustimmung)<\/li>\n<li>In der Lage sein, Sie anzurufen oder Ihnen eine E-Mail zu schicken, wenn Sie unsere Dienste ben\u00f6tigen<\/li>\n<li>Sie \u00fcber \u00c4nderungen an unseren Dienstleistungen und Produkten zu informieren<\/li>\n<li>Erm\u00f6glicht Ihnen die Erstellung eines Kontos<\/li>\n<li>Bereitstellung von Waren und Dienstleistungen<\/li>\n<li>Analyse des Verhaltens auf der Website zur Verbesserung unserer Dienste<\/li>\n<li>Erf\u00fcllung gesetzlicher Verpflichtungen (z.B. Steuervorschriften)<\/li>\n<\/ul>\n<p>Wir treffen keine Entscheidungen auf der Grundlage automatisierter Verarbeitung, die Sie erheblich beeintr\u00e4chtigen.<\/p>\n<h2>Aufbewahrungsfristen<\/h2>\n<p>Wir speichern Ihre Daten nicht l\u00e4nger als unbedingt n\u00f6tig. Beispiele: <\/p>\n<ul>\n<li>Konten und Formulare: Die Daten werden aufbewahrt, bis Sie sie selbst l\u00f6schen oder eine Anfrage stellen.<\/li>\n<li>Statistische Daten: Wir verwenden Google Analytics. Dabei werden die IP-Adressen anonymisiert und es besteht eine Verarbeitungsvereinbarung mit Google. Die Daten werden maximal 14 Monate lang aufbewahrt.  <\/li>\n<\/ul>\n<h2>Weitergabe pers\u00f6nlicher Daten an Dritte<\/h2>\n<p>Wir verkaufen Ihre Daten nicht an Dritte und geben sie nur weiter, wenn dies f\u00fcr die Erf\u00fcllung unseres Vertrags oder zur Einhaltung gesetzlicher Verpflichtungen erforderlich ist. Wir schlie\u00dfen Verarbeitungsvertr\u00e4ge mit Parteien ab, die Daten in unserem Auftrag verarbeiten. <\/p>\n<p>Bitte beachten Sie, dass einige unserer Produkte oder Websites Links zu Diensten Dritter enthalten, die ihre eigenen Datenschutzrichtlinien haben.<\/p>\n<h2>Cookies<\/h2>\n<p>IronCAD Europe verwendet funktionale, analytische und Tracking-Cookies. Cookies sorgen daf\u00fcr, dass die Website ordnungsgem\u00e4\u00df funktioniert und Pr\u00e4ferenzen gespeichert werden. <\/p>\n<h2>Ihre Rechte<\/h2>\n<p>Sie haben das Recht dazu:<\/p>\n<ul>\n<li>Ihre Daten einsehen, korrigieren oder l\u00f6schen<\/li>\n<li>Widerspruch gegen die Verarbeitung<\/li>\n<li>Einverst\u00e4ndnis zum R\u00fccktritt<\/li>\n<li>Ihre Daten \u00fcbertragen lassen (Daten\u00fcbertragbarkeit)<\/li>\n<\/ul>\n<p>Bitte senden Sie eine Anfrage an info@ironcad.eu. Wir werden Ihnen innerhalb von 4 Wochen antworten. <\/p>\n<p>Bei Zweifeln an Ihrer Identit\u00e4t k\u00f6nnen wir Sie bitten, eine Kopie Ihres Ausweises (mit Foto, MRZ, Passnummer und gesch\u00fctzter BSN) zu schicken.<\/p>\n<p>Sie k\u00f6nnen auch eine Beschwerde bei der Beh\u00f6rde f\u00fcr personenbezogene Daten einreichen: https:\/\/autoriteitpersoonsgegevens.nl<\/p>\n<h2>Sicherheit<\/h2>\n<p>IronCAD Europe ergreift geeignete Ma\u00dfnahmen, um Missbrauch, Verlust, unbefugten Zugriff und unbefugte \u00c4nderungen zu verhindern. Wenn Sie glauben, dass Ihre Daten nicht ordnungsgem\u00e4\u00df gesichert sind oder es Anzeichen f\u00fcr einen Missbrauch gibt, kontaktieren Sie uns bitte unter info@ironcad.eu. <\/p>\n<p>[\/et_pb_text][\/et_pb_column][\/et_pb_row][\/et_pb_section]<\/p>\n","protected":false},"excerpt":{"rendered":"<p><nav aria-label=\"breadcrumbs\" class=\"rank-math-breadcrumb\"><p><span class=\"last\">Home<\/span><\/p><\/nav>Erkl\u00e4rung zum Datenschutz Zuletzt aktualisiert: Oktober 2025 Kontaktinformationen:IronCAD EuropeJames Wattstraat 17442 DC NIJVERDAL+31548622247 Ihre Privatsph\u00e4re ist uns wichtig. In dieser Datenschutzerkl\u00e4rung wird erl\u00e4utert, welche pers\u00f6nlichen Daten IronCAD Europe von Ihnen durch unsere Interaktionen mit Ihnen und \u00fcber unsere Website sammelt und wie wir diese Daten verwenden. Pers\u00f6nliche Daten, die wir verarbeiten IronCAD Europe verarbeitet Ihre [&hellip;]<\/p>\n","protected":false},"author":2,"featured_media":0,"parent":0,"menu_order":0,"comment_status":"closed","ping_status":"closed","template":"","meta":{"_et_pb_use_builder":"on","_et_pb_old_content":"","_et_gb_content_width":"","_improvement_type_select":"improve_an_existing","_thumb_yes_seoaic":false,"_frame_yes_seoaic":false,"seoaic_generate_description":"","seoaic_improve_instructions_prompt":"","seoaic_rollback_content_improvement":"","seoaic_idea_thumbnail_generator":"","thumbnail_generated":false,"thumbnail_generate_prompt":"","seoaic_article_description":"","footnotes":"","advanced-sidebar-menu\/link-title":"","advanced-sidebar-menu\/exclude-page":false},"dipi_cpt_category":[],"class_list":["post-18643","page","type-page","status-publish","hentry"],"_links":{"self":[{"href":"https:\/\/ironcad.eu\/de\/wp-json\/wp\/v2\/pages\/18643","targetHints":{"allow":["GET"]}}],"collection":[{"href":"https:\/\/ironcad.eu\/de\/wp-json\/wp\/v2\/pages"}],"about":[{"href":"https:\/\/ironcad.eu\/de\/wp-json\/wp\/v2\/types\/page"}],"author":[{"embeddable":true,"href":"https:\/\/ironcad.eu\/de\/wp-json\/wp\/v2\/users\/2"}],"replies":[{"embeddable":true,"href":"https:\/\/ironcad.eu\/de\/wp-json\/wp\/v2\/comments?post=18643"}],"version-history":[{"count":0,"href":"https:\/\/ironcad.eu\/de\/wp-json\/wp\/v2\/pages\/18643\/revisions"}],"wp:attachment":[{"href":"https:\/\/ironcad.eu\/de\/wp-json\/wp\/v2\/media?parent=18643"}],"wp:term":[{"taxonomy":"dipi_cpt_category","embeddable":true,"href":"https:\/\/ironcad.eu\/de\/wp-json\/wp\/v2\/dipi_cpt_category?post=18643"}],"curies":[{"name":"wp","href":"https:\/\/api.w.org\/{rel}","templated":true}]}}