{"id":23823,"date":"2026-01-27T16:02:23","date_gmt":"2026-01-27T15:02:23","guid":{"rendered":"https:\/\/ironcad.eu\/erweiterungen\/3d-verbindung\/"},"modified":"2026-04-23T12:31:24","modified_gmt":"2026-04-23T10:31:24","slug":"3d-verbindung","status":"publish","type":"page","link":"https:\/\/ironcad.eu\/de\/erweiterungen\/3d-verbindung\/","title":{"rendered":"3Dconnexion"},"content":{"rendered":"<p>[et_pb_section fb_built=&#8220;1&#8243; custom_padding_last_edited=&#8220;off|desktop&#8220; _builder_version=&#8220;4.27.4&#8243; _module_preset=&#8220;default&#8220; custom_padding=&#8220;1rem||2rem||false|false&#8220; locked=&#8220;off&#8220; global_colors_info=&#8220;{}&#8220;][et_pb_row custom_padding_last_edited=&#8220;on|desktop&#8220; admin_label=&#8220;Kr\u00fcmelpfad&#8220; _builder_version=&#8220;4.27.4&#8243; _module_preset=&#8220;default&#8220; custom_padding=&#8220;0rem||||false|false&#8220; custom_padding_tablet=&#8220;0rem||||false|false&#8220; custom_padding_phone=&#8220;0rem||||false|false&#8220; global_module=&#8220;11007&#8243; saved_tabs=&#8220;all&#8220; collapsed=&#8220;off&#8220; global_colors_info=&#8220;{}&#8220;][et_pb_column type=&#8220;4_4&#8243; _builder_version=&#8220;4.24.0&#8243; _module_preset=&#8220;default&#8220; global_colors_info=&#8220;{}&#8220;][et_pb_code admin_label=&#8220;Code&#8220; _builder_version=&#8220;4.27.4&#8243; _module_preset=&#8220;default&#8220; custom_css_main_element=&#8220;font-size: .7em;||text-transform: uppercase;&#8220; global_colors_info=&#8220;{}&#8220;]<nav aria-label=\"breadcrumbs\" class=\"rank-math-breadcrumb\"><p><span class=\"last\">Home<\/span><\/p><\/nav>[\/et_pb_code][\/et_pb_column][\/et_pb_row][et_pb_row custom_padding_last_edited=&#8220;off|desktop&#8220; _builder_version=&#8220;4.27.4&#8243; _module_preset=&#8220;default&#8220; module_alignment=&#8220;center&#8220; custom_margin_last_edited=&#8220;off|desktop&#8220; custom_padding=&#8220;1rem||0rem||false|false&#8220; global_colors_info=&#8220;{}&#8220;][et_pb_column type=&#8220;4_4&#8243; _builder_version=&#8220;4.24.0&#8243; _module_preset=&#8220;default&#8220; global_colors_info=&#8220;{}&#8220;][et_pb_post_title _builder_version=&#8220;4.27.4&#8243; _module_preset=&#8220;default&#8220; custom_margin=&#8220;||0px||false|false&#8220; custom_padding=&#8220;||0px||false|false&#8220; global_colors_info=&#8220;{}&#8220;][\/et_pb_post_title][\/et_pb_column][\/et_pb_row][et_pb_row column_structure=&#8220;2_3,1_3&#8243; _builder_version=&#8220;4.27.4&#8243; _module_preset=&#8220;default&#8220; module_alignment=&#8220;center&#8220; custom_margin=&#8220;|376px||auto|false|false&#8220; custom_padding=&#8220;1rem||1rem||true|false&#8220; global_colors_info=&#8220;{}&#8220;][et_pb_column type=&#8220;2_3&#8243; _builder_version=&#8220;4.24.0&#8243; _module_preset=&#8220;default&#8220; global_colors_info=&#8220;{}&#8220;][et_pb_text _builder_version=&#8220;4.27.4&#8243; _module_preset=&#8220;default&#8220; global_colors_info=&#8220;{}&#8220;]<\/p>\n<h2>3Dconnexion Hardware f\u00fcr IronCAD<\/h2>\n<p><a href=\"https:\/\/3dconnexion.com\/\" target=\"_blank\" rel=\"noopener nofollow\">3Dconnexion<\/a> entwickelt ergonomische Hardware und unterst\u00fctzende Software, die das Arbeiten mit IronCAD schneller, komfortabler und intuitiver machen. Die Produkte sind direkt mit der Art und Weise verbunden, wie IronCAD-Benutzer in 3D navigieren, modellieren und entwerfen. <\/p>\n<p>Durch die Kombination spezieller Eingabeger\u00e4te mit intelligenter Software hilft 3Dconnexion IronCAD professionellen Anwendern, ihren Arbeitsablauf zu verbessern &#8211; mit mehr Kontrolle, weniger Aktionen und einer nat\u00fcrlicheren Arbeitsweise.<\/p>\n<p>[\/et_pb_text][\/et_pb_column][et_pb_column type=&#8220;1_3&#8243; _builder_version=&#8220;4.27.4&#8243; _module_preset=&#8220;default&#8220; custom_padding=&#8220;2rem|1rem|2rem|1rem|true|true&#8220; border_radii=&#8220;on|8px|8px|8px|8px&#8220; box_shadow_style=&#8220;preset2&#8243; global_colors_info=&#8220;{}&#8220;][et_pb_image src=&#8220;https:\/\/ironcad.eu\/wp-content\/uploads\/2026\/01\/3dconnexion_logo.webp&#8220; alt=&#8220;Logo 3Dconnexion&#8220; title_text=&#8220;3dconnexion_logo&#8220; url=&#8220;https:\/\/3dconnexion.com\/nl\/&#8220; url_new_window=&#8220;on&#8220; align=&#8220;center&#8220; _builder_version=&#8220;4.27.6&#8243; _module_preset=&#8220;default&#8220; hover_enabled=&#8220;0&#8243; border_radii=&#8220;on|8px|8px|8px|8px&#8220; global_colors_info=&#8220;{}&#8220; sticky_enabled=&#8220;0&#8243;][\/et_pb_image][et_pb_button button_url=&#8220;https:\/\/3dconnexion.com\/nl\/&#8220; url_new_window=&#8220;on&#8220; button_text=&#8220;Mehr Informationen&#8220; button_alignment=&#8220;center&#8220; _builder_version=&#8220;4.27.6&#8243; _module_preset=&#8220;default&#8220; button_bg_color=&#8220;gcid-primary-color&#8220; hover_enabled=&#8220;0&#8243; global_colors_info=&#8220;{%22gcid-cec01bf0-fc62-410c-9831-380fd97d1c1b%22:%91%22button_bg_color__hover%22%93,%22gcid-heading-color%22:%91%22button_bg_color__hover%22%93,%22gcid-primary-color%22:%91%22button_bg_color%22%93}&#8220; button_bg_color__hover=&#8220;#474747&#8243; sticky_enabled=&#8220;0&#8243;][\/et_pb_button][\/et_pb_column][\/et_pb_row][et_pb_row custom_padding_last_edited=&#8220;off|desktop&#8220; _builder_version=&#8220;4.27.4&#8243; _module_preset=&#8220;default&#8220; global_colors_info=&#8220;{}&#8220;][et_pb_column type=&#8220;4_4&#8243; _builder_version=&#8220;4.24.2&#8243; _module_preset=&#8220;default&#8220; global_colors_info=&#8220;{}&#8220;][et_pb_image src=&#8220;https:\/\/ironcad.eu\/wp-content\/uploads\/2026\/01\/navigation_main_image-e1769521380808.webp&#8220; alt=&#8220;3Dconnexion SpaceMouse auf einem modernen Schreibtisch neben Tastatur und Monitor mit CAD-Design&#8220; title_text=&#8220;navigation_haupt_bild&#8220; _builder_version=&#8220;4.27.4&#8243; _module_preset=&#8220;default&#8220; border_radii=&#8220;on|8px|8px|8px|8px&#8220; global_colors_info=&#8220;{}&#8220;][\/et_pb_image][et_pb_text _builder_version=&#8220;4.27.4&#8243; _module_preset=&#8220;default&#8220; global_colors_info=&#8220;{}&#8220;]<\/p>\n<h2>Entwickelt f\u00fcr professionelle CAD-Arbeiten<\/h2>\n<p>Bei IronCAD dreht sich alles um Flexibilit\u00e4t, Geschwindigkeit und direkte Interaktion mit dem Modell. Die Hardware von 3Dconnexion verst\u00e4rkt diese Eigenschaften, indem sie die Navigation und Eingabe von der eigentlichen Modellierung entkoppelt. Die Kombination von IronCAD und 3Dconnexion schafft einen fl\u00fcssigen, logischen Design-Workflow.  <\/p>\n<p>[\/et_pb_text][\/et_pb_column][\/et_pb_row][et_pb_row column_structure=&#8220;1_4,1_4,1_4,1_4&#8243; custom_padding_last_edited=&#8220;off|desktop&#8220; _builder_version=&#8220;4.27.4&#8243; _module_preset=&#8220;default&#8220; custom_margin_last_edited=&#8220;off|desktop&#8220; custom_padding=&#8220;1rem||1rem||true|false&#8220; global_colors_info=&#8220;{}&#8220;][et_pb_column type=&#8220;1_4&#8243; _builder_version=&#8220;4.24.0&#8243; _module_preset=&#8220;default&#8220; global_colors_info=&#8220;{}&#8220;][et_pb_blurb use_icon=&#8220;on&#8220; font_icon=&#8220;&#xe049;||fa||400&#8243; icon_color=&#8220;gcid-primary-color&#8220; icon_alignment=&#8220;center&#8220; _builder_version=&#8220;4.27.4&#8243; _module_preset=&#8220;default&#8220; custom_margin=&#8220;||0rem||false|false&#8220; global_colors_info=&#8220;{%22gcid-2c6a33f9-5f77-4945-8274-f487275e6c76%22:%91%22box_shadow_color%22,%22box_shadow_color%22%93,%22gcid-primary-color%22:%91%22icon_color%22%93}&#8220;]<\/p>\n<p style=\"text-align: center;\"><strong>Gleichzeitige Navigation und Gestaltung<\/strong><\/p>\n<p>[\/et_pb_blurb][\/et_pb_column][et_pb_column type=&#8220;1_4&#8243; _builder_version=&#8220;4.24.0&#8243; _module_preset=&#8220;default&#8220; global_colors_info=&#8220;{}&#8220;][et_pb_blurb use_icon=&#8220;on&#8220; font_icon=&#8220;&#xf8cc;||fa||900&#8243; icon_color=&#8220;gcid-primary-color&#8220; icon_alignment=&#8220;center&#8220; _builder_version=&#8220;4.27.4&#8243; _module_preset=&#8220;default&#8220; custom_margin=&#8220;||0rem||false|false&#8220; global_colors_info=&#8220;{%22gcid-2c6a33f9-5f77-4945-8274-f487275e6c76%22:%91%22box_shadow_color%22,%22box_shadow_color%22%93,%22gcid-primary-color%22:%91%22icon_color%22%93}&#8220;]<\/p>\n<p style=\"text-align: center;\"><strong>Schnelleres Umschalten zwischen \u00dcbersicht und Detail<\/strong><\/p>\n<p>[\/et_pb_blurb][\/et_pb_column][et_pb_column type=&#8220;1_4&#8243; _builder_version=&#8220;4.24.0&#8243; _module_preset=&#8220;default&#8220; global_colors_info=&#8220;{}&#8220;][et_pb_blurb use_icon=&#8220;on&#8220; font_icon=&#8220;&#xe08d;||divi||400&#8243; icon_color=&#8220;gcid-primary-color&#8220; icon_alignment=&#8220;center&#8220; _builder_version=&#8220;4.27.4&#8243; _module_preset=&#8220;default&#8220; custom_margin=&#8220;||0rem||false|false&#8220; global_colors_info=&#8220;{%22gcid-2c6a33f9-5f77-4945-8274-f487275e6c76%22:%91%22box_shadow_color%22,%22box_shadow_color%22,%22box_shadow_color%22%93,%22gcid-primary-color%22:%91%22icon_color%22%93}&#8220;]<\/p>\n<p style=\"text-align: center;\"><strong>Mehr Pr\u00e4zision und Kontrolle bei komplexen Modellen<\/strong><\/p>\n<p>[\/et_pb_blurb][\/et_pb_column][et_pb_column type=&#8220;1_4&#8243; _builder_version=&#8220;4.24.0&#8243; _module_preset=&#8220;default&#8220; global_colors_info=&#8220;{}&#8220;][et_pb_blurb use_icon=&#8220;on&#8220; font_icon=&#8220;&#xf007;||fa||900&#8243; icon_color=&#8220;gcid-primary-color&#8220; icon_alignment=&#8220;center&#8220; _builder_version=&#8220;4.27.4&#8243; _module_preset=&#8220;default&#8220; custom_margin=&#8220;||0rem||false|false&#8220; global_colors_info=&#8220;{%22gcid-2c6a33f9-5f77-4945-8274-f487275e6c76%22:%91%22box_shadow_color%22,%22box_shadow_color%22%93,%22gcid-primary-color%22:%91%22icon_color%22%93}&#8220;]<\/p>\n<p style=\"text-align: center;\"><strong>L\u00e4nger bequem arbeiten<\/strong><\/p>\n<p>[\/et_pb_blurb][\/et_pb_column][\/et_pb_row][\/et_pb_section][et_pb_section fb_built=&#8220;1&#8243; _builder_version=&#8220;4.27.4&#8243; _module_preset=&#8220;default&#8220; background_color=&#8220;gcid-f52cc46c-103a-4f3e-bb71-6efb5f79ee25&#8243; global_colors_info=&#8220;{%22gcid-f52cc46c-103a-4f3e-bb71-6efb5f79ee25%22:%91%22background_color%22%93}&#8220;][et_pb_row custom_padding_last_edited=&#8220;off|desktop&#8220; _builder_version=&#8220;4.27.4&#8243; _module_preset=&#8220;default&#8220; custom_margin_last_edited=&#8220;off|desktop&#8220; custom_padding=&#8220;2rem||0rem||false|false&#8220; global_colors_info=&#8220;{}&#8220;][et_pb_column type=&#8220;4_4&#8243; _builder_version=&#8220;4.24.2&#8243; _module_preset=&#8220;default&#8220; global_colors_info=&#8220;{}&#8220;][et_pb_text _builder_version=&#8220;4.27.4&#8243; _module_preset=&#8220;default&#8220; text_orientation=&#8220;center&#8220; global_colors_info=&#8220;{}&#8220;]<\/p>\n<h2>Produkte von 3Dconnexion<\/h2>\n<p>Zusammen bilden diese Ger\u00e4te eine integrierte L\u00f6sung f\u00fcr den professionellen CAD-Einsatz.<\/p>\n<p>[\/et_pb_text][\/et_pb_column][\/et_pb_row][et_pb_row column_structure=&#8220;1_3,1_3,1_3&#8243; make_equal=&#8220;on&#8220; custom_padding_last_edited=&#8220;off|desktop&#8220; _builder_version=&#8220;4.27.4&#8243; _module_preset=&#8220;default&#8220; global_colors_info=&#8220;{}&#8220;][et_pb_column type=&#8220;1_3&#8243; _builder_version=&#8220;4.24.2&#8243; _module_preset=&#8220;default&#8220; global_colors_info=&#8220;{}&#8220;][et_pb_blurb title=&#8220;SpaceMouse 3D-M\u00e4use&#8220; url_new_window=&#8220;on&#8220; image=&#8220;https:\/\/ironcad.eu\/wp-content\/uploads\/2026\/01\/SpaceMouse-Wireless-Bluetooth-Edition_gallery_01-1.webp&#8220; alt=&#8220;3Dconnexion SpaceMouse Kabellose 3D-Navigationsmaus f\u00fcr CAD- und 3D-Software&#8220; image_icon_width=&#8220;50%&#8220; icon_alignment=&#8220;center&#8220; _builder_version=&#8220;4.27.6&#8243; _module_preset=&#8220;default&#8220; text_orientation=&#8220;center&#8220; hover_enabled=&#8220;0&#8243; global_colors_info=&#8220;{}&#8220; sticky_enabled=&#8220;0&#8243;]<\/p>\n<p>Die <a href=\"https:\/\/3dconnexion.com\/nl\/spacemouse\/\" target=\"_blank\" rel=\"noopener nofollow\">SpaceMouse-Serie<\/a> wurde f\u00fcr die intuitive 3D-Navigation in IronCAD entwickelt, bei der Sie das Modell mit einer Hand steuern und mit der anderen Hand entwerfen.<\/p>\n<p>[\/et_pb_blurb][\/et_pb_column][et_pb_column type=&#8220;1_3&#8243; _builder_version=&#8220;4.24.2&#8243; _module_preset=&#8220;default&#8220; global_colors_info=&#8220;{}&#8220;][et_pb_blurb title=&#8220;CadMouse&#8220; image=&#8220;https:\/\/ironcad.eu\/wp-content\/uploads\/2026\/01\/cmpw_gallery_thumb_01-1.webp&#8220; alt=&#8220;3Dconnexion CadMouse Pro kabelgebundene Maus f\u00fcr CAD und 3D-Design&#8220; image_icon_width=&#8220;40%&#8220; icon_alignment=&#8220;center&#8220; _builder_version=&#8220;4.27.6&#8243; _module_preset=&#8220;default&#8220; text_orientation=&#8220;center&#8220; hover_enabled=&#8220;0&#8243; global_colors_info=&#8220;{}&#8220; sticky_enabled=&#8220;0&#8243;]<\/p>\n<p>Die <a href=\"https:\/\/3dconnexion.com\/nl\/cadmouse\/\" target=\"_blank\" rel=\"noopener nofollow\">CadMouse<\/a> wurde f\u00fcr pr\u00e4zises Arbeiten in IronCAD optimiert und bietet im Vergleich zu einer Standardmaus mehr Pr\u00e4zision und Komfort.<\/p>\n<p>[\/et_pb_blurb][\/et_pb_column][et_pb_column type=&#8220;1_3&#8243; _builder_version=&#8220;4.24.2&#8243; _module_preset=&#8220;default&#8220; global_colors_info=&#8220;{}&#8220;][et_pb_blurb title=&#8220;Tastatur und Numpad&#8220; image=&#8220;https:\/\/ironcad.eu\/wp-content\/uploads\/2026\/01\/keyboard-pro-with-numpad_us_lp_gallery_01.webp&#8220; alt=&#8220;3Dconnexion Keyboard Pro mit separatem Ziffernblock f\u00fcr den professionellen Einsatz&#8220; image_icon_width=&#8220;50%&#8220; icon_alignment=&#8220;center&#8220; _builder_version=&#8220;4.27.6&#8243; _module_preset=&#8220;default&#8220; text_orientation=&#8220;center&#8220; hover_enabled=&#8220;0&#8243; global_colors_info=&#8220;{}&#8220; sticky_enabled=&#8220;0&#8243;]<\/p>\n<p>Die 3Dconnexion <a href=\"https:\/\/3dconnexion.com\/nl\/product\/keyboard-pro-with-numpad\/\" target=\"_blank\" rel=\"noopener nofollow\">Tastatur und das Numpad<\/a> wurden f\u00fcr eine effiziente Eingabe in IronCAD entwickelt und bieten programmierbare Tasten f\u00fcr h\u00e4ufig verwendete Befehle.<\/p>\n<p>[\/et_pb_blurb][\/et_pb_column][\/et_pb_row][\/et_pb_section][et_pb_section fb_built=&#8220;1&#8243; custom_padding_last_edited=&#8220;off|desktop&#8220; _builder_version=&#8220;4.27.4&#8243; _module_preset=&#8220;default&#8220; background_color=&#8220;#FFFFFF&#8220; global_colors_info=&#8220;{}&#8220;][et_pb_row custom_padding_last_edited=&#8220;off|desktop&#8220; _builder_version=&#8220;4.27.4&#8243; _module_preset=&#8220;default&#8220; global_colors_info=&#8220;{}&#8220;][et_pb_column type=&#8220;4_4&#8243; _builder_version=&#8220;4.24.2&#8243; _module_preset=&#8220;default&#8220; global_colors_info=&#8220;{}&#8220;][et_pb_text _builder_version=&#8220;4.27.4&#8243; _module_preset=&#8220;default&#8220; global_colors_info=&#8220;{}&#8220;]<\/p>\n<h2>Hardware und Software arbeiten zusammen<\/h2>\n<p>Die Hardware von 3Dconnexion wird von einer intelligenten, benutzerfreundlichen Software unterst\u00fctzt. Damit k\u00f6nnen Benutzer Tasten konfigurieren, Profile f\u00fcr jede Anwendung festlegen und die Hardware vollst\u00e4ndig an ihren pers\u00f6nlichen Workflow in IronCAD und anderen CAD-Systemen anpassen. <\/p>\n<p>Diese Kombination gew\u00e4hrleistet eine konsistente und effiziente Benutzererfahrung in verschiedenen 3D-Designumgebungen.<\/p>\n<p>[\/et_pb_text][et_pb_text _builder_version=&#8220;4.27.4&#8243; _module_preset=&#8220;default&#8220; global_colors_info=&#8220;{}&#8220;]<\/p>\n<h2>Weltweit t\u00e4tig<\/h2>\n<p>3Dconnexion ist ein internationales Unternehmen mit Niederlassungen in Deutschland, Japan, Monaco, Polen und den Vereinigten Staaten. Von diesen Standorten aus unterst\u00fctzt das Unternehmen ein globales Netzwerk von Fachleuten aus den Bereichen Engineering, Design und Technologie. <\/p>\n<p>[\/et_pb_text][\/et_pb_column][\/et_pb_row][\/et_pb_section][et_pb_section fb_built=&#8220;1&#8243; custom_padding_last_edited=&#8220;off|desktop&#8220; _builder_version=&#8220;4.27.4&#8243; _module_preset=&#8220;default&#8220; background_color=&#8220;gcid-f52cc46c-103a-4f3e-bb71-6efb5f79ee25&#8243; global_colors_info=&#8220;{%22gcid-f52cc46c-103a-4f3e-bb71-6efb5f79ee25%22:%91%22background_color%22%93}&#8220;][et_pb_row column_structure=&#8220;3_5,2_5&#8243; custom_padding_last_edited=&#8220;off|desktop&#8220; _builder_version=&#8220;4.27.4&#8243; _module_preset=&#8220;default&#8220; custom_padding=&#8220;1rem||1rem||true|false&#8220; global_colors_info=&#8220;{}&#8220;][et_pb_column type=&#8220;3_5&#8243; _builder_version=&#8220;4.27.4&#8243; _module_preset=&#8220;default&#8220; global_colors_info=&#8220;{}&#8220;][et_pb_text _builder_version=&#8220;4.27.4&#8243; _module_preset=&#8220;default&#8220; min_height=&#8220;60.8px&#8220; custom_margin=&#8220;||||false|false&#8220; global_colors_info=&#8220;{}&#8220;]<\/p>\n<h2>3Dconnexion und IronCAD<\/h2>\n<p>Die L\u00f6sungen von 3Dconnexion lassen sich nahtlos in IronCAD integrieren. Durch den Einsatz dieser speziellen Hardware k\u00f6nnen IronCAD-Anwender ihre Arbeitsabl\u00e4ufe beschleunigen und sowohl bei der Konzeptentwicklung als auch bei der Detailkonstruktion bequemer arbeiten. <\/p>\n<p>Entdecken Sie die vollst\u00e4ndige \u00dcbersicht \u00fcber die Hardware und L\u00f6sungen auf der Website von 3Dconnexion und entscheiden Sie, welche Konfiguration am besten zu Ihrer Arbeitsweise passt.<\/p>\n<p>[\/et_pb_text][dipi_button_grid flex_direction=&#8220;row&#8220; justify_content=&#8220;flex-start&#8220; _builder_version=&#8220;4.27.6&#8243; _dynamic_attributes=&#8220;link_option_url&#8220; _module_preset=&#8220;default&#8220; link_option_url=&#8220;@ET-DC@eyJkeW5hbWljIjp0cnVlLCJjb250ZW50IjoicG9zdF9saW5rX3VybF9wYWdlIiwic2V0dGluZ3MiOnsicG9zdF9pZCI6IjExMjMyIn19@&#8220; hover_enabled=&#8220;0&#8243; global_colors_info=&#8220;{}&#8220; sticky_enabled=&#8220;0&#8243;][dipi_button_grid_child button_id=&#8220;Bekijk 3Dconnexion&#8220; button_type=&#8220;dp_button&#8220; button_text=&#8220;3Dconnexion Produkte ansehen&#8220; button_link=&#8220;https:\/\/3dconnexion.com\/nl\/&#8220; button_link_target=&#8220;on&#8220; _builder_version=&#8220;4.27.6&#8243; _module_preset=&#8220;default&#8220; custom_button=&#8220;on&#8220; button_bg_color=&#8220;gcid-primary-color&#8220; button_font=&#8220;|600||on|||||&#8220; button_icon=&#8220;&#xf129;||fa||900&#8243; button_icon_placement=&#8220;right&#8220; button_on_hover=&#8220;on&#8220; button_custom_margin=&#8220;||||false|false&#8220; button_custom_padding=&#8220;10px|35px|10px|35px|true|true&#8220; hover_enabled=&#8220;0&#8243; global_colors_info=&#8220;{%22gcid-primary-color%22:%91%22button_bg_color%22%93,%22gcid-heading-color%22:%91%22button_bg_color__hover%22%93}&#8220; button_bg_color__hover_enabled=&#8220;on|hover&#8220; button_bg_color__hover=&#8220;#474747&#8243; button_bg_enable_color__hover=&#8220;on&#8220; sticky_enabled=&#8220;0&#8243;][\/dipi_button_grid_child][dipi_button_grid_child button_id=&#8220;Probeer IronCAD&#8220; button_type=&#8220;dp_button&#8220; button_text=&#8220;Versuchen Sie IronCAD&#8220; button_link=&#8220;@ET-DC@eyJkeW5hbWljIjp0cnVlLCJjb250ZW50IjoicG9zdF9saW5rX3VybF9wYWdlIiwic2V0dGluZ3MiOnsicG9zdF9pZCI6IjExMDYzIn19@&#8220; _builder_version=&#8220;4.27.4&#8243; _dynamic_attributes=&#8220;button_link&#8220; _module_preset=&#8220;default&#8220; custom_button=&#8220;on&#8220; button_bg_color=&#8220;gcid-heading-color&#8220; button_font=&#8220;|600||on|||||&#8220; button_icon=&#8220;&#xe092;||divi||400&#8243; button_icon_placement=&#8220;right&#8220; button_on_hover=&#8220;on&#8220; button_custom_margin=&#8220;||||false|false&#8220; button_custom_padding=&#8220;10px|35px|10px|35px|true|true&#8220; global_colors_info=&#8220;{%22gcid-heading-color%22:%91%22button_bg_color%22%93,%22gcid-primary-color%22:%91%22button_bg_color__hover%22%93}&#8220; button_bg_color__hover_enabled=&#8220;on|hover&#8220; button_bg_color__hover=&#8220;#1694b2&#8243; button_bg_enable_color__hover=&#8220;on&#8220;][\/dipi_button_grid_child][\/dipi_button_grid][\/et_pb_column][et_pb_column type=&#8220;2_5&#8243; _builder_version=&#8220;4.27.4&#8243; _module_preset=&#8220;default&#8220; global_colors_info=&#8220;{}&#8220;][et_pb_image src=&#8220;https:\/\/ironcad.eu\/wp-content\/uploads\/2026\/01\/productpage-teaser_desktop-pro_desktop-e1769523564170.webp&#8220; alt=&#8220;3Dconnexion Desktop Pro mit SpaceMouse, numerischem Tastenfeld, Desktop-Tastatur und Maus&#8220; title_text=&#8220;produktseite-teaser_desktop-pro_desktop&#8220; _builder_version=&#8220;4.27.4&#8243; _module_preset=&#8220;default&#8220; border_radii=&#8220;on|8px|8px|8px|8px&#8220; global_colors_info=&#8220;{}&#8220;][\/et_pb_image][\/et_pb_column][\/et_pb_row][\/et_pb_section]<\/p>\n","protected":false},"excerpt":{"rendered":"<p>Entdecken Sie ergonomische Hardware von 3Dconnexion f\u00fcr IronCAD. SpaceMouse, CadMouse, Tastatur und Numpad f\u00fcr schnelleres und komfortableres 3D-Design. <\/p>\n","protected":false},"author":2,"featured_media":0,"parent":18507,"menu_order":0,"comment_status":"closed","ping_status":"closed","template":"","meta":{"_et_pb_use_builder":"on","_et_pb_old_content":"","_et_gb_content_width":"","_improvement_type_select":"improve_an_existing","_thumb_yes_seoaic":false,"_frame_yes_seoaic":false,"seoaic_generate_description":"","seoaic_improve_instructions_prompt":"","seoaic_rollback_content_improvement":"","seoaic_idea_thumbnail_generator":"","thumbnail_generated":false,"thumbnail_generate_prompt":"","seoaic_article_description":"","footnotes":"","advanced-sidebar-menu\/link-title":"","advanced-sidebar-menu\/exclude-page":false},"dipi_cpt_category":[],"class_list":["post-23823","page","type-page","status-publish","hentry"],"_links":{"self":[{"href":"https:\/\/ironcad.eu\/de\/wp-json\/wp\/v2\/pages\/23823","targetHints":{"allow":["GET"]}}],"collection":[{"href":"https:\/\/ironcad.eu\/de\/wp-json\/wp\/v2\/pages"}],"about":[{"href":"https:\/\/ironcad.eu\/de\/wp-json\/wp\/v2\/types\/page"}],"author":[{"embeddable":true,"href":"https:\/\/ironcad.eu\/de\/wp-json\/wp\/v2\/users\/2"}],"replies":[{"embeddable":true,"href":"https:\/\/ironcad.eu\/de\/wp-json\/wp\/v2\/comments?post=23823"}],"version-history":[{"count":0,"href":"https:\/\/ironcad.eu\/de\/wp-json\/wp\/v2\/pages\/23823\/revisions"}],"up":[{"embeddable":true,"href":"https:\/\/ironcad.eu\/de\/wp-json\/wp\/v2\/pages\/18507"}],"wp:attachment":[{"href":"https:\/\/ironcad.eu\/de\/wp-json\/wp\/v2\/media?parent=23823"}],"wp:term":[{"taxonomy":"dipi_cpt_category","embeddable":true,"href":"https:\/\/ironcad.eu\/de\/wp-json\/wp\/v2\/dipi_cpt_category?post=23823"}],"curies":[{"name":"wp","href":"https:\/\/api.w.org\/{rel}","templated":true}]}}