{"id":36293,"date":"2026-05-12T16:12:23","date_gmt":"2026-05-12T14:12:23","guid":{"rendered":"https:\/\/ironcad.eu\/unterstuetzen-sie\/ressourcen\/bibliotheken\/zusaetzliche-bibliotheken\/"},"modified":"2026-05-12T16:18:46","modified_gmt":"2026-05-12T14:18:46","slug":"zusaetzliche-bibliotheken","status":"publish","type":"page","link":"https:\/\/ironcad.eu\/de\/unterstuetzen-sie\/ressourcen\/bibliotheken\/zusaetzliche-bibliotheken\/","title":{"rendered":"Zus\u00e4tzliche Bibliotheken"},"content":{"rendered":"<p>[et_pb_section fb_built=&#8220;1&#8243; _builder_version=&#8220;4.27.6&#8243; _module_preset=&#8220;default&#8220; background_color=&#8220;gcid-f52cc46c-103a-4f3e-bb71-6efb5f79ee25&#8243; global_colors_info=&#8220;{%22gcid-f52cc46c-103a-4f3e-bb71-6efb5f79ee25%22:%91%22background_color%22%93}&#8220;][et_pb_row custom_padding_last_edited=&#8220;on|desktop&#8220; admin_label=&#8220;Kr\u00fcmelpfad&#8220; _builder_version=&#8220;4.27.4&#8243; _module_preset=&#8220;default&#8220; custom_padding=&#8220;0rem||||false|false&#8220; custom_padding_tablet=&#8220;0rem||||false|false&#8220; custom_padding_phone=&#8220;0rem||||false|false&#8220; saved_tabs=&#8220;all&#8220; collapsed=&#8220;off&#8220; global_colors_info=&#8220;{%22gcid-342b504c-af3f-4a0e-9bbf-cd80ba9f1957%22:%91%22border_color_bottom%22%93}&#8220;][et_pb_column type=&#8220;4_4&#8243; _builder_version=&#8220;4.24.0&#8243; _module_preset=&#8220;default&#8220; global_colors_info=&#8220;{}&#8220;][et_pb_code _builder_version=&#8220;4.27.6&#8243; _module_preset=&#8220;default&#8220; global_colors_info=&#8220;{}&#8220;]<nav aria-label=\"breadcrumbs\" class=\"rank-math-breadcrumb\"><p><span class=\"last\">Home<\/span><\/p><\/nav>[\/et_pb_code][\/et_pb_column][\/et_pb_row][et_pb_row column_structure=&#8220;1_2,1_2&#8243; custom_padding_last_edited=&#8220;off|desktop&#8220; _builder_version=&#8220;4.27.6&#8243; _module_preset=&#8220;default&#8220; custom_margin_last_edited=&#8220;off|desktop&#8220; global_colors_info=&#8220;{}&#8220;][et_pb_column type=&#8220;1_2&#8243; _builder_version=&#8220;4.24.0&#8243; _module_preset=&#8220;default&#8220; global_colors_info=&#8220;{}&#8220;][et_pb_text _builder_version=&#8220;4.27.6&#8243; _module_preset=&#8220;default&#8220; global_colors_info=&#8220;{}&#8220;]<\/p>\n<h1>Zus\u00e4tzliche Bibliotheken<\/h1>\n<h2>Praktische Bibliotheken und Erweiterungen f\u00fcr IronCAD<\/h2>\n<p>Erweitern Sie IronCAD mit zus\u00e4tzlichen Komponenten, intelligenten Konfigurationen und praktischen Werkzeugen f\u00fcr effizienteres Design und Engineering.<\/p>\n<p>[\/et_pb_text][et_pb_button button_url=&#8220;@ET-DC@eyJkeW5hbWljIjp0cnVlLCJjb250ZW50IjoicG9zdF9saW5rX3VybF9wYWdlIiwic2V0dGluZ3MiOnsicG9zdF9pZCI6IjE3MTIxIn19@&#8220; button_text=&#8220;Standardbibliotheken anzeigen&#8220; _builder_version=&#8220;4.27.6&#8243; _dynamic_attributes=&#8220;button_url&#8220; _module_preset=&#8220;default&#8220; global_colors_info=&#8220;{}&#8220;][\/et_pb_button][\/et_pb_column][et_pb_column type=&#8220;1_2&#8243; _builder_version=&#8220;4.24.0&#8243; _module_preset=&#8220;default&#8220; global_colors_info=&#8220;{}&#8220;][et_pb_image src=&#8220;https:\/\/ironcad.eu\/wp-content\/uploads\/2024\/02\/balie-transparant-scaled.webp&#8220; alt=&#8220;IronCAD-Rendering eines Z\u00e4hlers mit Kurve&#8220; title_text=&#8220;Z\u00e4hler transparent&#8220; align=&#8220;center&#8220; _builder_version=&#8220;4.27.6&#8243; _module_preset=&#8220;default&#8220; border_radii=&#8220;on|8px|8px|8px|8px&#8220; global_colors_info=&#8220;{}&#8220;][\/et_pb_image][\/et_pb_column][\/et_pb_row][\/et_pb_section][et_pb_section fb_built=&#8220;1&#8243; _builder_version=&#8220;4.27.6&#8243; _module_preset=&#8220;default&#8220; global_colors_info=&#8220;{}&#8220;][et_pb_row custom_padding_last_edited=&#8220;off|desktop&#8220; admin_label=&#8220;Laufwerk&#8220; _builder_version=&#8220;4.27.6&#8243; _module_preset=&#8220;default&#8220; global_colors_info=&#8220;{}&#8220;][et_pb_column type=&#8220;4_4&#8243; _builder_version=&#8220;4.24.0&#8243; _module_preset=&#8220;default&#8220; global_colors_info=&#8220;{}&#8220;][et_pb_text _builder_version=&#8220;4.27.6&#8243; _module_preset=&#8220;default&#8220; custom_padding=&#8220;||0px|||&#8220; global_colors_info=&#8220;{}&#8220;]<\/p>\n<h2>Zweigbibliotheken<\/h2>\n<h3>Bibliotheken f\u00fcr spezielle Anwendungen<\/h3>\n<p>Arbeiten Sie schneller mit praxisorientierten Bibliotheken f\u00fcr Anpassungen, technische Konstruktionen und produktionsorientierte Arbeitsabl\u00e4ufe.<\/p>\n<p>[\/et_pb_text][\/et_pb_column][\/et_pb_row][et_pb_row column_structure=&#8220;1_2,1_2&#8243; use_custom_gutter=&#8220;on&#8220; gutter_width=&#8220;2&#8243; make_equal=&#8220;on&#8220; _builder_version=&#8220;4.27.6&#8243; _module_preset=&#8220;default&#8220; global_colors_info=&#8220;{}&#8220;][et_pb_column type=&#8220;1_2&#8243; _builder_version=&#8220;4.27.6&#8243; _module_preset=&#8220;default&#8220; background_color=&#8220;RGBA(255,255,255,0)&#8220; custom_padding=&#8220;2rem|2rem|2rem|2rem|true|true&#8220; border_radii=&#8220;on|8px|8px|8px|8px&#8220; border_width_all=&#8220;2px&#8220; border_color_all=&#8220;gcid-f52cc46c-103a-4f3e-bb71-6efb5f79ee25&#8243; box_shadow_style=&#8220;preset3&#8243; global_colors_info=&#8220;{%22gcid-f52cc46c-103a-4f3e-bb71-6efb5f79ee25%22:%91%22border_color_all%22%93}&#8220;][et_pb_blurb title=&#8220;Innenausbau&#8220; image=&#8220;https:\/\/ironcad.eu\/wp-content\/uploads\/2025\/06\/Mock-Up-interieurbouw.webp&#8220; alt=&#8220;In IronCAD erstellter 3D-Entwurf einer ma\u00dfgeschneiderten Catering-Theke und eines Innenmoduls, die auf einem Laptop-Bildschirm angezeigt werden&#8220; image_icon_width=&#8220;100%&#8220; icon_alignment=&#8220;center&#8220; _builder_version=&#8220;4.27.6&#8243; _module_preset=&#8220;default&#8220; global_colors_info=&#8220;{}&#8220;]<\/p>\n<p>Arbeiten Sie effizienter mit Bibliotheken f\u00fcr ma\u00dfgeschneiderte Inneneinrichtungen, M\u00f6belkonstruktionen und komplette Schrankkonfigurationen.<\/p>\n<p>Sie haben sofortigen Zugriff auf Standardteile, Materialien und intelligente Komponenten, die in die t\u00e4glichen Design- und Produktionsprozesse passen.<\/p>\n<ul>\n<li>Konfigurationen der Schr\u00e4nke<\/li>\n<li>Paneele und Plattenmaterialien<\/li>\n<li>Beschl\u00e4ge und Zubeh\u00f6r<\/li>\n<li>M\u00f6bel Komponenten<\/li>\n<li>Praktische Designstandards<\/li>\n<\/ul>\n<p>[\/et_pb_blurb][et_pb_button button_url=&#8220;https:\/\/ironcad.eu\/download\/dynfos_interieurbouw-icc.zip&#8220; button_text=&#8220;Herunterladen&#8220; _builder_version=&#8220;4.27.6&#8243; _module_preset=&#8220;default&#8220; global_colors_info=&#8220;{}&#8220;][\/et_pb_button][\/et_pb_column][et_pb_column type=&#8220;1_2&#8243; _builder_version=&#8220;4.27.6&#8243; _module_preset=&#8220;default&#8220; background_color=&#8220;RGBA(255,255,255,0)&#8220; custom_padding=&#8220;2rem|2rem|2rem|2rem|true|true&#8220; border_radii=&#8220;on|8px|8px|8px|8px&#8220; border_width_all=&#8220;2px&#8220; border_color_all=&#8220;gcid-f52cc46c-103a-4f3e-bb71-6efb5f79ee25&#8243; box_shadow_style=&#8220;preset3&#8243; global_colors_info=&#8220;{%22gcid-f52cc46c-103a-4f3e-bb71-6efb5f79ee25%22:%91%22border_color_all%22%93}&#8220;][et_pb_blurb title=&#8220;Flightcases&#8220; image=&#8220;https:\/\/ironcad.eu\/wp-content\/uploads\/2025\/06\/Mock-Up-flightcase-2.webp&#8220; alt=&#8220;Laptop, auf dem ein schwarzes Flightcase mit Metallecken und R\u00e4dern abgebildet ist&#8220; image_icon_width=&#8220;100%&#8220; icon_alignment=&#8220;center&#8220; _builder_version=&#8220;4.27.6&#8243; _module_preset=&#8220;default&#8220; global_colors_info=&#8220;{}&#8220;]<\/p>\n<p>Erstellen Sie mit den Bibliotheken f\u00fcr Flightcases, Geh\u00e4use und Spezialanwendungen schneller ma\u00dfgeschneiderte technische Konstruktionen.<\/p>\n<p>Arbeiten Sie mit h\u00e4ufig verwendeten Profilen, Komponenten und Bauteilen, die Sie sofort in Ihrem Design-Workflow verwenden k\u00f6nnen.<\/p>\n<ul>\n<li>Flightcase Teile<\/li>\n<li>Aluminium Profile<\/li>\n<li>Eckst\u00fccke und Beschl\u00e4ge<\/li>\n<li>Rack-Komponenten<\/li>\n<li>Ma\u00dfgeschneiderte technische Konstruktionen<\/li>\n<\/ul>\n<p>[\/et_pb_blurb][et_pb_button button_url=&#8220;https:\/\/ironcad.eu\/download\/dynfos_flightcases-icc.zip&#8220; button_text=&#8220;Herunterladen&#8220; _builder_version=&#8220;4.27.6&#8243; _module_preset=&#8220;default&#8220; global_colors_info=&#8220;{}&#8220;][\/et_pb_button][\/et_pb_column][\/et_pb_row][\/et_pb_section][et_pb_section fb_built=&#8220;1&#8243; _builder_version=&#8220;4.27.6&#8243; _module_preset=&#8220;default&#8220; background_color=&#8220;gcid-f52cc46c-103a-4f3e-bb71-6efb5f79ee25&#8243; global_colors_info=&#8220;{%22gcid-f52cc46c-103a-4f3e-bb71-6efb5f79ee25%22:%91%22background_color%22%93}&#8220;][et_pb_row custom_padding_last_edited=&#8220;off|desktop&#8220; admin_label=&#8220;Laufwerk&#8220; _builder_version=&#8220;4.27.6&#8243; _module_preset=&#8220;default&#8220; global_colors_info=&#8220;{}&#8220;][et_pb_column type=&#8220;4_4&#8243; _builder_version=&#8220;4.24.0&#8243; _module_preset=&#8220;default&#8220; global_colors_info=&#8220;{}&#8220;][et_pb_text _builder_version=&#8220;4.27.6&#8243; _module_preset=&#8220;default&#8220; custom_padding=&#8220;||0px|||&#8220; global_colors_info=&#8220;{}&#8220;]<\/p>\n<h1>Add-ins &amp; Erweiterungen<\/h1>\n<h2>Bessere Arbeitsabl\u00e4ufe in IronCAD<\/h2>\n<p>Erweitern Sie IronCAD um zus\u00e4tzliche Werkzeuge, Konfigurationen und intelligente Arbeitsabl\u00e4ufe f\u00fcr effizienteres Design, Standardisierung und Engineering.<\/p>\n<p>[\/et_pb_text][\/et_pb_column][\/et_pb_row][et_pb_row column_structure=&#8220;1_2,1_2&#8243; use_custom_gutter=&#8220;on&#8220; gutter_width=&#8220;2&#8243; make_equal=&#8220;on&#8220; _builder_version=&#8220;4.27.6&#8243; _module_preset=&#8220;default&#8220; global_colors_info=&#8220;{}&#8220;][et_pb_column type=&#8220;1_2&#8243; _builder_version=&#8220;4.27.6&#8243; _module_preset=&#8220;default&#8220; background_color=&#8220;#FFFFFF&#8220; custom_padding=&#8220;2rem|2rem|2rem|2rem|true|true&#8220; border_radii=&#8220;on|8px|8px|8px|8px&#8220; border_width_all=&#8220;2px&#8220; border_color_all=&#8220;gcid-f52cc46c-103a-4f3e-bb71-6efb5f79ee25&#8243; box_shadow_style=&#8220;preset3&#8243; global_colors_info=&#8220;{%22gcid-f52cc46c-103a-4f3e-bb71-6efb5f79ee25%22:%91%22border_color_all%22%93}&#8220;][et_pb_blurb title=&#8220;Para-Flex&#8220; image=&#8220;https:\/\/ironcad.eu\/wp-content\/uploads\/2024\/02\/Logo-Para-Flex-vierkantje-SVG.webp&#8220; alt=&#8220;Para-Flex Logo mit drei schwarzen Kacheln und einer schr\u00e4gen gr\u00fcnen Kachel&#8220; image_icon_width=&#8220;80px&#8220; _builder_version=&#8220;4.27.6&#8243; _module_preset=&#8220;default&#8220; global_colors_info=&#8220;{}&#8220;]<\/p>\n<p>Para-Flex ist eine Erweiterung f\u00fcr IronCAD, mit der Sie schneller und konsistenter in den Arbeitsabl\u00e4ufen der mechanischen Konstruktion und Fertigung arbeiten k\u00f6nnen.<\/p>\n<p>Mit intelligenten Konfigurationen, Vorlagen und praktischen Werkzeugen automatisieren Sie g\u00e4ngige Aufgaben und verwalten Komponenten effizienter in jedem Projekt.<\/p>\n<ul>\n<li>Datenbanken f\u00fcr Standardkomponenten<\/li>\n<li>Intelligente Konfigurationen und Varianten<\/li>\n<li>Schnelle Filter und Berichte<\/li>\n<li>IronCAD Vorlagen<\/li>\n<li>Standardisierung von Komponenten<\/li>\n<li>Effizientere technische Arbeitsabl\u00e4ufe<\/li>\n<\/ul>\n<p>[\/et_pb_blurb][et_pb_button button_url=&#8220;https:\/\/para-flex.com\/download\/ParaFlexSampleDataNL.zip&#8220; button_text=&#8220;Herunterladen&#8220; _builder_version=&#8220;4.27.6&#8243; _module_preset=&#8220;default&#8220; global_colors_info=&#8220;{}&#8220;][\/et_pb_button][\/et_pb_column][et_pb_column type=&#8220;1_2&#8243; _builder_version=&#8220;4.27.6&#8243; _module_preset=&#8220;default&#8220; background_color=&#8220;#FFFFFF&#8220; custom_padding=&#8220;2rem|2rem|2rem|2rem|true|true&#8220; border_radii=&#8220;on|8px|8px|8px|8px&#8220; border_width_all=&#8220;2px&#8220; border_color_all=&#8220;gcid-f52cc46c-103a-4f3e-bb71-6efb5f79ee25&#8243; box_shadow_style=&#8220;preset3&#8243; global_colors_info=&#8220;{%22gcid-f52cc46c-103a-4f3e-bb71-6efb5f79ee25%22:%91%22border_color_all%22%93}&#8220;][et_pb_blurb title=&#8220;Mechanical&#8220; image=&#8220;https:\/\/ironcad.eu\/wp-content\/uploads\/2026\/05\/Naamloos.webp&#8220; alt=&#8220;Icon Mechanical&#8220; image_icon_width=&#8220;80px&#8220; _builder_version=&#8220;4.27.6&#8243; _module_preset=&#8220;default&#8220; global_colors_info=&#8220;{}&#8220;]<\/p>\n<p>Arbeiten Sie schneller mit Bibliotheken f\u00fcr Maschinenbau, Bauwesen und technisches Ingenieurwesen.<\/p>\n<p>Sie haben sofortigen Zugriff auf h\u00e4ufig verwendete Teile, Profile und intelligente Komponenten f\u00fcr effizientere Konstruktions- und Produktionsprozesse im Maschinenbau.<\/p>\n<ul>\n<li>Bauprofile<\/li>\n<li>Maschinenteile<\/li>\n<li>Befestigungselemente und Standardkomponenten<\/li>\n<li>Blechteile<\/li>\n<li>Technische Baugruppen<\/li>\n<li>Produktionsorientierte Arbeitsabl\u00e4ufe<\/li>\n<\/ul>\n<p>[\/et_pb_blurb][et_pb_button button_url=&#8220;@ET-DC@eyJkeW5hbWljIjp0cnVlLCJjb250ZW50IjoicG9zdF9saW5rX3VybF9wYWdlIiwic2V0dGluZ3MiOnsicG9zdF9pZCI6IjEzMDQ0In19@&#8220; button_text=&#8220;Testversion herunterladen&#8220; _builder_version=&#8220;4.27.6&#8243; _dynamic_attributes=&#8220;button_url&#8220; _module_preset=&#8220;default&#8220; global_colors_info=&#8220;{}&#8220;][\/et_pb_button][\/et_pb_column][\/et_pb_row][\/et_pb_section][et_pb_section fb_built=&#8220;1&#8243; _builder_version=&#8220;4.27.6&#8243; _module_preset=&#8220;default&#8220; background_color=&#8220;RGBA(255,255,255,0)&#8220; global_colors_info=&#8220;{}&#8220;][et_pb_row custom_padding_last_edited=&#8220;off|desktop&#8220; admin_label=&#8220;Laufwerk&#8220; _builder_version=&#8220;4.27.6&#8243; _module_preset=&#8220;default&#8220; global_colors_info=&#8220;{}&#8220;][et_pb_column type=&#8220;4_4&#8243; _builder_version=&#8220;4.24.0&#8243; _module_preset=&#8220;default&#8220; global_colors_info=&#8220;{}&#8220;][et_pb_text _builder_version=&#8220;4.27.6&#8243; _module_preset=&#8220;default&#8220; custom_padding=&#8220;||0px|||&#8220; global_colors_info=&#8220;{}&#8220;]<\/p>\n<h1>Partner Kataloge<\/h1>\n<h2>Direktes Arbeiten mit Lieferantenprodukten<\/h2>\n<p>In Zusammenarbeit mit Lieferanten sind zus\u00e4tzliche Kataloge mit Produkten erh\u00e4ltlich, die direkt in IronCAD verwendet werden k\u00f6nnen.<\/p>\n<p>So entwerfen Sie schneller mit realistischen, praktischen und beschaffungsorientierten Komponenten.<\/p>\n<p>[\/et_pb_text][\/et_pb_column][\/et_pb_row][et_pb_row column_structure=&#8220;1_2,1_2&#8243; use_custom_gutter=&#8220;on&#8220; gutter_width=&#8220;2&#8243; make_equal=&#8220;on&#8220; _builder_version=&#8220;4.27.6&#8243; _module_preset=&#8220;default&#8220; global_colors_info=&#8220;{}&#8220;][et_pb_column type=&#8220;1_2&#8243; _builder_version=&#8220;4.27.6&#8243; _module_preset=&#8220;default&#8220; background_color=&#8220;#FFFFFF&#8220; custom_padding=&#8220;2rem|2rem|2rem|2rem|true|true&#8220; border_radii=&#8220;on|8px|8px|8px|8px&#8220; border_width_all=&#8220;2px&#8220; border_color_all=&#8220;gcid-f52cc46c-103a-4f3e-bb71-6efb5f79ee25&#8243; box_shadow_style=&#8220;preset3&#8243; global_colors_info=&#8220;{%22gcid-f52cc46c-103a-4f3e-bb71-6efb5f79ee25%22:%91%22border_color_all%22%93}&#8220;][et_pb_blurb title=&#8220;Prodinter&#8220; image=&#8220;https:\/\/ironcad.eu\/wp-content\/uploads\/2026\/05\/Prodinter-Logo-Final-1024&#215;262-1.webp&#8220; alt=&#8220;Logo Prodinter&#8220; image_icon_width=&#8220;150px&#8220; _builder_version=&#8220;4.27.6&#8243; _module_preset=&#8220;default&#8220; global_colors_info=&#8220;{}&#8220;]<\/p>\n<p>Katalog mit Griffen und Komponenten f\u00fcr den Innenausbau und M\u00f6belanwendungen.<\/p>\n<ul>\n<li>Sofort einsatzbereit<\/li>\n<li>Praktische Produktauswahl<\/li>\n<li>Geeignet f\u00fcr ma\u00dfgeschneiderte Inneneinrichtungen<\/li>\n<\/ul>\n<p>[\/et_pb_blurb][et_pb_button button_url=&#8220;https:\/\/ironcad.eu\/download\/Prodinter.zip&#8220; button_text=&#8220;Herunterladen&#8220; _builder_version=&#8220;4.27.6&#8243; _module_preset=&#8220;default&#8220; global_colors_info=&#8220;{}&#8220;][\/et_pb_button][\/et_pb_column][et_pb_column type=&#8220;1_2&#8243; _builder_version=&#8220;4.27.6&#8243; _module_preset=&#8220;default&#8220; background_color=&#8220;#FFFFFF&#8220; custom_padding=&#8220;2rem|2rem|2rem|2rem|true|true&#8220; border_radii=&#8220;on|8px|8px|8px|8px&#8220; border_width_all=&#8220;2px&#8220; border_color_all=&#8220;gcid-f52cc46c-103a-4f3e-bb71-6efb5f79ee25&#8243; box_shadow_style=&#8220;preset3&#8243; global_colors_info=&#8220;{%22gcid-f52cc46c-103a-4f3e-bb71-6efb5f79ee25%22:%91%22border_color_all%22%93}&#8220;][et_pb_blurb title=&#8220;Werden Sie Katalogpartner&#8220; use_icon=&#8220;on&#8220; font_icon=&#8220;&#xf507;||fa||900&#8243; image_icon_width=&#8220;80px&#8220; _builder_version=&#8220;4.27.6&#8243; _module_preset=&#8220;default&#8220; global_colors_info=&#8220;{}&#8220;]<\/p>\n<p>Ihre Produkte als IronCAD-Bibliothek<\/p>\n<p>M\u00f6chten Sie Ihre Produkte, Materialien oder Komponenten als Bibliothek in IronCAD anbieten? Stellen Sie den Konstrukteuren und Ingenieuren innerhalb ihres t\u00e4glichen Arbeitsablaufs Teile sofort zur Verf\u00fcgung.<\/p>\n<p>[\/et_pb_blurb][et_pb_button button_url=&#8220;@ET-DC@eyJkeW5hbWljIjp0cnVlLCJjb250ZW50IjoicG9zdF9saW5rX3VybF9wYWdlIiwic2V0dGluZ3MiOnsicG9zdF9pZCI6IjEyMTk4In19@&#8220; button_text=&#8220;Werden Sie Partner&#8220; _builder_version=&#8220;4.27.6&#8243; _dynamic_attributes=&#8220;button_url&#8220; _module_preset=&#8220;default&#8220; global_colors_info=&#8220;{}&#8220;][\/et_pb_button][\/et_pb_column][\/et_pb_row][\/et_pb_section][et_pb_section fb_built=&#8220;1&#8243; custom_padding_last_edited=&#8220;on|desktop&#8220; _builder_version=&#8220;4.27.6&#8243; _module_preset=&#8220;default&#8220; background_color=&#8220;gcid-f52cc46c-103a-4f3e-bb71-6efb5f79ee25&#8243; custom_margin=&#8220;0px||||false|false&#8220; custom_padding_tablet=&#8220;&#8220; custom_padding_phone=&#8220;&#8220; border_color_top=&#8220;gcid-0d1a127e-4ce1-4bb0-9503-eafc35a82551&#8243; locked=&#8220;off&#8220; global_colors_info=&#8220;{%22gcid-0d1a127e-4ce1-4bb0-9503-eafc35a82551%22:%91%22border_color_top%22%93,%22gcid-f52cc46c-103a-4f3e-bb71-6efb5f79ee25%22:%91%22background_color%22%93}&#8220;][et_pb_row custom_padding_last_edited=&#8220;off|desktop&#8220; _builder_version=&#8220;4.27.6&#8243; _module_preset=&#8220;default&#8220; global_colors_info=&#8220;{}&#8220;][et_pb_column type=&#8220;4_4&#8243; _builder_version=&#8220;4.27.4&#8243; _module_preset=&#8220;default&#8220; global_colors_info=&#8220;{}&#8220;][et_pb_text _builder_version=&#8220;4.27.6&#8243; _module_preset=&#8220;default&#8220; custom_padding=&#8220;||0px|||&#8220; global_colors_info=&#8220;{}&#8220;]<\/p>\n<h2>Mehr Werkzeuge<\/h2>\n<p>Mit den richtigen Tools k\u00f6nnen Sie in IronCAD schneller und konsistenter arbeiten.<\/p>\n<p>[\/et_pb_text][\/et_pb_column][\/et_pb_row][et_pb_row column_structure=&#8220;1_3,1_3,1_3&#8243; custom_padding_last_edited=&#8220;off|desktop&#8220; admin_label=&#8220;Laufwerk&#8220; _builder_version=&#8220;4.27.4&#8243; _module_preset=&#8220;default&#8220; custom_padding=&#8220;1rem||1rem||true|false&#8220; global_colors_info=&#8220;{}&#8220;][et_pb_column type=&#8220;1_3&#8243; _builder_version=&#8220;4.24.0&#8243; _module_preset=&#8220;default&#8220; global_colors_info=&#8220;{}&#8220;][et_pb_icon font_icon=&#8220;&#xe059;||divi||400&#8243; _builder_version=&#8220;4.27.4&#8243; _module_preset=&#8220;default&#8220; global_colors_info=&#8220;{}&#8220;][\/et_pb_icon][et_pb_cta title=&#8220;Vorlagen&#8220; button_url=&#8220;https:\/\/ironcad.eu\/de\/unterstuetzen-sie\/ressourcen\/vorlagen\/&#8220; button_text=&#8220;Siehe&#8220; _builder_version=&#8220;4.27.6&#8243; _module_preset=&#8220;default&#8220; background_color=&#8220;RGBA(255,255,255,0)&#8220; custom_button=&#8220;on&#8220; button_bg_color=&#8220;gcid-primary-color&#8220; text_orientation=&#8220;left&#8220; background_layout=&#8220;light&#8220; custom_padding=&#8220;0px|0px|0px|0px|true|true&#8220; global_colors_info=&#8220;{%22gcid-primary-color%22:%91%22button_bg_color%22%93,%22gcid-body-color%22:%91%22button_bg_color__hover%22%93}&#8220; button_bg_color__hover_enabled=&#8220;on|hover&#8220; button_bg_color__hover=&#8220;rgba(71,71,71,0.8)&#8220; button_bg_enable_color__hover=&#8220;on&#8220;]<\/p>\n<p>Vorlagen bilden die Basis f\u00fcr neue Dateien und sorgen daf\u00fcr, dass Entw\u00fcrfe sofort die richtigen Einstellungen f\u00fcr 3D und 2D enthalten.<\/p>\n<p>[\/et_pb_cta][\/et_pb_column][et_pb_column type=&#8220;1_3&#8243; _builder_version=&#8220;4.24.0&#8243; _module_preset=&#8220;default&#8220; global_colors_info=&#8220;{}&#8220;][et_pb_icon font_icon=&#8220;&#xf085;||fa||900&#8243; _builder_version=&#8220;4.27.4&#8243; _module_preset=&#8220;default&#8220; global_colors_info=&#8220;{}&#8220;][\/et_pb_icon][et_pb_cta title=&#8220;Grundeinstellungen&#8220; button_url=&#8220;https:\/\/ironcad.eu\/de\/unterstuetzen-sie\/ressourcen\/grundeinstellungen\/&#8220; button_text=&#8220;Siehe&#8220; _builder_version=&#8220;4.27.6&#8243; _module_preset=&#8220;default&#8220; background_color=&#8220;RGBA(255,255,255,0)&#8220; custom_button=&#8220;on&#8220; button_bg_color=&#8220;gcid-primary-color&#8220; text_orientation=&#8220;left&#8220; background_layout=&#8220;light&#8220; custom_padding=&#8220;0px|0px|0px|0px|true|true&#8220; global_colors_info=&#8220;{%22gcid-primary-color%22:%91%22button_bg_color%22%93,%22gcid-body-color%22:%91%22button_bg_color__hover%22%93}&#8220; button_bg_color__hover_enabled=&#8220;on|hover&#8220; button_bg_color__hover=&#8220;rgba(71,71,71,0.8)&#8220; button_bg_enable_color__hover=&#8220;on&#8220;]<\/p>\n<p>Mit gut etablierten Grundeinstellungen arbeiten Sie bei jedem Projekt effizienter und konsistenter.<\/p>\n<p>[\/et_pb_cta][\/et_pb_column][et_pb_column type=&#8220;1_3&#8243; _builder_version=&#8220;4.24.0&#8243; _module_preset=&#8220;default&#8220; global_colors_info=&#8220;{}&#8220;][et_pb_icon font_icon=&#8220;&#xf19d;||fa||900&#8243; _builder_version=&#8220;4.27.4&#8243; _module_preset=&#8220;default&#8220; global_colors_info=&#8220;{}&#8220;][\/et_pb_icon][et_pb_cta title=&#8220;Wissensbasis&#8220; button_url=&#8220;https:\/\/helpdesk.dynfos.nl\/&#8220; url_new_window=&#8220;on&#8220; button_text=&#8220;Siehe&#8220; _builder_version=&#8220;4.27.6&#8243; _module_preset=&#8220;default&#8220; background_color=&#8220;RGBA(255,255,255,0)&#8220; custom_button=&#8220;on&#8220; button_bg_color=&#8220;gcid-primary-color&#8220; text_orientation=&#8220;left&#8220; background_layout=&#8220;light&#8220; custom_padding=&#8220;0px|0px|0px|0px|true|true&#8220; global_colors_info=&#8220;{%22gcid-primary-color%22:%91%22button_bg_color%22%93,%22gcid-body-color%22:%91%22button_bg_color__hover%22%93}&#8220; button_bg_color__hover_enabled=&#8220;on|hover&#8220; button_bg_color__hover=&#8220;rgba(71,71,71,0.8)&#8220; button_bg_enable_color__hover=&#8220;on&#8220;]<\/p>\n<p>In der Wissensdatenbank finden Sie Artikel, die Funktionen, Einstellungen und praktische Arbeitsabl\u00e4ufe in IronCAD erkl\u00e4ren.<\/p>\n<p>[\/et_pb_cta][\/et_pb_column][\/et_pb_row][\/et_pb_section]<\/p>\n","protected":false},"excerpt":{"rendered":"<p>Erweitern Sie IronCAD mit zus\u00e4tzlichen Bibliotheken, Add-Ins und Partnerkatalogen f\u00fcr Mechanical Engineering, Innenarchitektur und Fertigungsabl\u00e4ufe.<\/p>\n","protected":false},"author":2,"featured_media":0,"parent":18432,"menu_order":0,"comment_status":"closed","ping_status":"closed","template":"","meta":{"_et_pb_use_builder":"on","_et_pb_old_content":"","_et_gb_content_width":"","_improvement_type_select":"improve_an_existing","_thumb_yes_seoaic":false,"_frame_yes_seoaic":false,"seoaic_generate_description":"","seoaic_improve_instructions_prompt":"","seoaic_rollback_content_improvement":"","seoaic_idea_thumbnail_generator":"","thumbnail_generated":false,"thumbnail_generate_prompt":"","seoaic_article_description":"","footnotes":"","advanced-sidebar-menu\/link-title":"","advanced-sidebar-menu\/exclude-page":false},"dipi_cpt_category":[],"class_list":["post-36293","page","type-page","status-publish","hentry"],"_links":{"self":[{"href":"https:\/\/ironcad.eu\/de\/wp-json\/wp\/v2\/pages\/36293","targetHints":{"allow":["GET"]}}],"collection":[{"href":"https:\/\/ironcad.eu\/de\/wp-json\/wp\/v2\/pages"}],"about":[{"href":"https:\/\/ironcad.eu\/de\/wp-json\/wp\/v2\/types\/page"}],"author":[{"embeddable":true,"href":"https:\/\/ironcad.eu\/de\/wp-json\/wp\/v2\/users\/2"}],"replies":[{"embeddable":true,"href":"https:\/\/ironcad.eu\/de\/wp-json\/wp\/v2\/comments?post=36293"}],"version-history":[{"count":1,"href":"https:\/\/ironcad.eu\/de\/wp-json\/wp\/v2\/pages\/36293\/revisions"}],"predecessor-version":[{"id":36298,"href":"https:\/\/ironcad.eu\/de\/wp-json\/wp\/v2\/pages\/36293\/revisions\/36298"}],"up":[{"embeddable":true,"href":"https:\/\/ironcad.eu\/de\/wp-json\/wp\/v2\/pages\/18432"}],"wp:attachment":[{"href":"https:\/\/ironcad.eu\/de\/wp-json\/wp\/v2\/media?parent=36293"}],"wp:term":[{"taxonomy":"dipi_cpt_category","embeddable":true,"href":"https:\/\/ironcad.eu\/de\/wp-json\/wp\/v2\/dipi_cpt_category?post=36293"}],"curies":[{"name":"wp","href":"https:\/\/api.w.org\/{rel}","templated":true}]}}