{"id":25643,"date":"2025-09-30T14:22:31","date_gmt":"2025-09-30T12:22:31","guid":{"rendered":"https:\/\/ironcad.eu\/conviertete-en-distribuidor-de-ironcad\/"},"modified":"2026-02-11T16:00:18","modified_gmt":"2026-02-11T15:00:18","slug":"conviertete-en-distribuidor-de-ironcad","status":"publish","type":"page","link":"https:\/\/ironcad.eu\/es\/conviertete-en-distribuidor-de-ironcad\/","title":{"rendered":"Convi\u00e9rtete en distribuidor de IronCAD"},"content":{"rendered":"<p>[et_pb_section fb_built=\u00bb1&#8243; _builder_version=\u00bb4.24.0&#8243; _module_preset=\u00bbdefault\u00bb locked=\u00bboff\u00bb global_colors_info=\u00bb{}\u00bb][et_pb_row custom_padding_last_edited=\u00bboff|desktop\u00bb _builder_version=\u00bb4.27.4&#8243; _module_preset=\u00bbdefault\u00bb custom_padding=\u00bb2rem||0rem||false|false\u00bb global_colors_info=\u00bb{}\u00bb][et_pb_column type=\u00bb4_4&#8243; _builder_version=\u00bb4.27.4&#8243; _module_preset=\u00bbdefault\u00bb global_colors_info=\u00bb{}\u00bb][et_pb_post_title _builder_version=\u00bb4.27.4&#8243; _module_preset=\u00bbdefault\u00bb custom_margin=\u00bb||0px||false|false\u00bb global_colors_info=\u00bb{}\u00bb][\/et_pb_post_title][\/et_pb_column][\/et_pb_row][et_pb_row custom_padding_last_edited=\u00bboff|desktop\u00bb _builder_version=\u00bb4.27.4&#8243; _module_preset=\u00bbdefault\u00bb custom_padding=\u00bb1rem||1rem||true|false\u00bb global_colors_info=\u00bb{}\u00bb][et_pb_column type=\u00bb4_4&#8243; _builder_version=\u00bb4.27.4&#8243; _module_preset=\u00bbdefault\u00bb global_colors_info=\u00bb{}\u00bb][et_pb_text _builder_version=\u00bb4.27.4&#8243; _module_preset=\u00bbdefault\u00bb global_colors_info=\u00bb{}\u00bb]<\/p>\n<p>\u00danete a nuestra red y descubre el poder del innovador software 3D. Como distribuidor oficial de IronCAD, tendr\u00e1s acceso a soluciones CAD \u00fanicas, asistencia completa y valiosos recursos para servir mejor a tus clientes. <\/p>\n<p>[\/et_pb_text][et_pb_text _builder_version=\u00bb4.27.4&#8243; _module_preset=\u00bbdefault\u00bb global_colors_info=\u00bb{}\u00bb]<\/p>\n<h2>\u00bfPor qu\u00e9 convertirse en distribuidor de IronCAD?<\/h2>\n<p>IronCAD es un programa l\u00edder de dibujo CAD en 3D utilizado por ingenieros, dise\u00f1adores y empresas de fabricaci\u00f3n de todo el mundo. Al convertirte en distribuidor, ampl\u00edas tu cartera con un potente software que combina flexibilidad, velocidad y facilidad de uso. <\/p>\n<p>Como revendedor a trav\u00e9s de IronCAD Europe, te beneficias de:<\/p>\n<ul>\n<li>Soporte completo: soporte t\u00e9cnico y comercial para ayudar a tus clientes.<\/li>\n<li>Formaci\u00f3n e intercambio de conocimientos: cursos para que t\u00fa y tu equipo saqu\u00e9is el m\u00e1ximo partido a IronCAD.<\/li>\n<li>Material de marketing y demostraciones: todo lo que necesitas para comercializar IronCAD con \u00e9xito.<\/li>\n<li>Una red s\u00f3lida: \u00fanete a una comunidad creciente de profesionales de la industria manufacturera.<\/li>\n<\/ul>\n<p>[\/et_pb_text][\/et_pb_column][\/et_pb_row][\/et_pb_section][et_pb_section fb_built=\u00bb1&#8243; theme_builder_area=\u00bbpost_content\u00bb _builder_version=\u00bb4.27.4&#8243; _module_preset=\u00bbdefault\u00bb global_colors_info=\u00bb{%22gcid-f52cc46c-103a-4f3e-bb71-6efb5f79ee25%22:%91%22background_color%22%93}\u00bb background_color=\u00bbgcid-f52cc46c-103a-4f3e-bb71-6efb5f79ee25&#8243; hover_enabled=\u00bb0&#8243; sticky_enabled=\u00bb0&#8243;][et_pb_row _builder_version=\u00bb4.27.4&#8243; _module_preset=\u00bbdefault\u00bb theme_builder_area=\u00bbpost_content\u00bb][et_pb_column _builder_version=\u00bb4.27.4&#8243; _module_preset=\u00bbdefault\u00bb type=\u00bb4_4&#8243; theme_builder_area=\u00bbpost_content\u00bb][et_pb_text _builder_version=\u00bb4.27.4&#8243; _module_preset=\u00bbdefault\u00bb hover_enabled=\u00bb0&#8243; global_colors_info=\u00bb{}\u00bb sticky_enabled=\u00bb0&#8243; theme_builder_area=\u00bbpost_content\u00bb custom_margin=\u00bb||4px|||\u00bb]<\/p>\n<h2>Trabajando juntos por el \u00e9xito<\/h2>\n<p>Ponte en contacto con nosotros hoy mismo mediante el siguiente formulario. Estaremos encantados de hablar de las posibilidades y ventajas de trabajar juntos. <\/p>\n<p>[\/et_pb_text][dipi_gravity_forms_styler gf_form_id=\u00bb19&#8243; _builder_version=\u00bb4.27.4&#8243; _module_preset=\u00bbdefault\u00bb hover_enabled=\u00bb0&#8243; border_radii=\u00bbon|8px|8px|8px|8px\u00bb global_colors_info=\u00bb{%22gcid-342b504c-af3f-4a0e-9bbf-cd80ba9f1957%22:%91%22box_shadow_color%22,%22box_shadow_color%22%93}\u00bb form_title=\u00bbhide\u00bb sticky_enabled=\u00bb0&#8243; theme_builder_area=\u00bbpost_content\u00bb custom_padding=\u00bb||||false|false\u00bb custom_margin=\u00bb||||false|false\u00bb][\/dipi_gravity_forms_styler][\/et_pb_column][\/et_pb_row][\/et_pb_section]<\/p>\n","protected":false},"excerpt":{"rendered":"<p>\u00danete a nuestra red y descubre el poder del innovador software 3D. Como distribuidor oficial de IronCAD, tendr\u00e1s acceso a soluciones CAD \u00fanicas, asistencia completa y valiosos recursos para servir mejor a tus clientes. \u00bfPor qu\u00e9 convertirse en distribuidor de IronCAD? IronCAD es un programa l\u00edder de dibujo CAD en 3D utilizado por ingenieros, dise\u00f1adores [&hellip;]<\/p>\n","protected":false},"author":2,"featured_media":0,"parent":0,"menu_order":0,"comment_status":"closed","ping_status":"closed","template":"","meta":{"_et_pb_use_builder":"on","_et_pb_old_content":"","_et_gb_content_width":"","_improvement_type_select":"improve_an_existing","_thumb_yes_seoaic":false,"_frame_yes_seoaic":false,"seoaic_generate_description":"","seoaic_improve_instructions_prompt":"","seoaic_rollback_content_improvement":"","seoaic_idea_thumbnail_generator":"","thumbnail_generated":false,"thumbnail_generate_prompt":"","seoaic_article_description":"","footnotes":"","advanced-sidebar-menu\/link-title":"","advanced-sidebar-menu\/exclude-page":false},"dipi_cpt_category":[],"class_list":["post-25643","page","type-page","status-publish","hentry"],"_links":{"self":[{"href":"https:\/\/ironcad.eu\/es\/wp-json\/wp\/v2\/pages\/25643","targetHints":{"allow":["GET"]}}],"collection":[{"href":"https:\/\/ironcad.eu\/es\/wp-json\/wp\/v2\/pages"}],"about":[{"href":"https:\/\/ironcad.eu\/es\/wp-json\/wp\/v2\/types\/page"}],"author":[{"embeddable":true,"href":"https:\/\/ironcad.eu\/es\/wp-json\/wp\/v2\/users\/2"}],"replies":[{"embeddable":true,"href":"https:\/\/ironcad.eu\/es\/wp-json\/wp\/v2\/comments?post=25643"}],"version-history":[{"count":0,"href":"https:\/\/ironcad.eu\/es\/wp-json\/wp\/v2\/pages\/25643\/revisions"}],"wp:attachment":[{"href":"https:\/\/ironcad.eu\/es\/wp-json\/wp\/v2\/media?parent=25643"}],"wp:term":[{"taxonomy":"dipi_cpt_category","embeddable":true,"href":"https:\/\/ironcad.eu\/es\/wp-json\/wp\/v2\/dipi_cpt_category?post=25643"}],"curies":[{"name":"wp","href":"https:\/\/api.w.org\/{rel}","templated":true}]}}