{"id":25664,"date":"2025-09-02T16:03:45","date_gmt":"2025-09-02T14:03:45","guid":{"rendered":"https:\/\/ironcad.eu\/recursos\/plantillas\/"},"modified":"2026-03-26T10:29:27","modified_gmt":"2026-03-26T09:29:27","slug":"plantillas","status":"publish","type":"page","link":"https:\/\/ironcad.eu\/es\/ayuda\/recursos\/plantillas\/","title":{"rendered":"Plantillas"},"content":{"rendered":"<p>[et_pb_section fb_built=\u00bb1&#8243; _builder_version=\u00bb4.24.1&#8243; _module_preset=\u00bbdefault\u00bb global_colors_info=\u00bb{}\u00bb][et_pb_row custom_padding_last_edited=\u00bbon|desktop\u00bb admin_label=\u00bbRastro de migas\u00bb _builder_version=\u00bb4.27.4&#8243; _module_preset=\u00bbdefault\u00bb custom_padding=\u00bb0rem||||false|false\u00bb custom_padding_tablet=\u00bb0rem||||false|false\u00bb custom_padding_phone=\u00bb0rem||||false|false\u00bb global_module=\u00bb11007&#8243; saved_tabs=\u00bball\u00bb collapsed=\u00bboff\u00bb global_colors_info=\u00bb{}\u00bb][et_pb_column type=\u00bb4_4&#8243; _builder_version=\u00bb4.24.0&#8243; _module_preset=\u00bbdefault\u00bb global_colors_info=\u00bb{}\u00bb][et_pb_code admin_label=\u00bbC\u00f3digo\u00bb _builder_version=\u00bb4.27.4&#8243; _module_preset=\u00bbdefault\u00bb custom_css_main_element=\u00bbfont-size: .7em;||text-transform: uppercase;\u00bb global_colors_info=\u00bb{}\u00bb]<nav aria-label=\"breadcrumbs\" class=\"rank-math-breadcrumb\"><p><span class=\"last\">Home<\/span><\/p><\/nav>[\/et_pb_code][\/et_pb_column][\/et_pb_row][et_pb_row column_structure=\u00bb3_4,1_4&#8243; custom_padding_last_edited=\u00bboff|desktop\u00bb _builder_version=\u00bb4.27.4&#8243; _module_preset=\u00bbdefault\u00bb custom_padding=\u00bb1rem||1rem||true|false\u00bb global_colors_info=\u00bb{}\u00bb][et_pb_column type=\u00bb3_4&#8243; _builder_version=\u00bb4.24.0&#8243; _module_preset=\u00bbdefault\u00bb global_colors_info=\u00bb{}\u00bb][et_pb_post_title featured_image=\u00bboff\u00bb _builder_version=\u00bb4.27.4&#8243; _module_preset=\u00bbdefault\u00bb custom_margin=\u00bb||0px||false|false\u00bb global_colors_info=\u00bb{}\u00bb][\/et_pb_post_title][et_pb_text _builder_version=\u00bb4.27.4&#8243; _module_preset=\u00bbdefault\u00bb global_colors_info=\u00bb{}\u00bb]<\/p>\n<h2>La base de cada nuevo archivo<\/h2>\n<p>Los archivos de plantilla garantizan que cada nuevo proyecto tenga inmediatamente la configuraci\u00f3n y el aspecto adecuados. Tanto en 3D (Escena) como en 2D (Dibujo), puedes trabajar con plantillas personalizadas, haciendo que tu puesta en marcha sea m\u00e1s r\u00e1pida y coherente. Puedes compartir f\u00e1cilmente estos archivos con tus colegas o llevarlos contigo a nuevas versiones de IronCAD.  <\/p>\n<p>[\/et_pb_text][\/et_pb_column][et_pb_column type=\u00bb1_4&#8243; _builder_version=\u00bb4.24.0&#8243; _module_preset=\u00bbdefault\u00bb global_colors_info=\u00bb{}\u00bb][et_pb_icon font_icon=\u00bb&#xe059;||divi||400&#8243; icon_width=\u00bb150px\u00bb align=\u00bbcenter\u00bb _builder_version=\u00bb4.27.4&#8243; _module_preset=\u00bbdefault\u00bb global_colors_info=\u00bb{}\u00bb][\/et_pb_icon][\/et_pb_column][\/et_pb_row][et_pb_row custom_padding_last_edited=\u00bboff|desktop\u00bb admin_label=\u00bbConducir\u00bb _builder_version=\u00bb4.27.4&#8243; _module_preset=\u00bbdefault\u00bb custom_padding=\u00bb0rem||0rem||false|false\u00bb custom_padding_tablet=\u00bb2rem||0rem||false|false\u00bb custom_padding_phone=\u00bb2rem||0rem||false|false\u00bb global_colors_info=\u00bb{}\u00bb][et_pb_column type=\u00bb4_4&#8243; _builder_version=\u00bb4.24.0&#8243; _module_preset=\u00bbdefault\u00bb global_colors_info=\u00bb{}\u00bb][et_pb_divider divider_weight=\u00bb2px\u00bb _builder_version=\u00bb4.27.4&#8243; _module_preset=\u00bbdefault\u00bb custom_margin=\u00bb0px||0px||true|false\u00bb custom_padding=\u00bb0px||0px||true|false\u00bb global_colors_info=\u00bb{}\u00bb][\/et_pb_divider][\/et_pb_column][\/et_pb_row][et_pb_row use_custom_gutter=\u00bbon\u00bb gutter_width=\u00bb2&#8243; custom_padding_last_edited=\u00bboff|desktop\u00bb _builder_version=\u00bb4.27.4&#8243; _module_preset=\u00bbdefault\u00bb custom_padding=\u00bb1rem||1rem||true|false\u00bb global_colors_info=\u00bb{}\u00bb][et_pb_column type=\u00bb4_4&#8243; _builder_version=\u00bb4.27.4&#8243; _module_preset=\u00bbdefault\u00bb background_color=\u00bbgcid-f52cc46c-103a-4f3e-bb71-6efb5f79ee25&#8243; custom_padding=\u00bb25px|25px|25px|25px|true|true\u00bb border_radii=\u00bbon|8px|8px|8px|8px\u00bb global_colors_info=\u00bb{%22gcid-f52cc46c-103a-4f3e-bb71-6efb5f79ee25%22:%91%22background_color%22%93}\u00bb][et_pb_text _builder_version=\u00bb4.27.4&#8243; _module_preset=\u00bbdefault\u00bb custom_padding=\u00bb||0px|||\u00bb global_colors_info=\u00bb{}\u00bb]<\/p>\n<h2>Escena 3D<\/h2>\n<p>Una plantilla 3D determina c\u00f3mo empiezan tus nuevos archivos 3D. Ten en cuenta ajustes como el color de fondo, la vista de l\u00edneas y las opciones tribales. <\/p>\n<p>[\/et_pb_text][et_pb_button button_url=\u00bbhttps:\/\/ironcad.eu\/download\/Blue.ics\u00bb button_text=\u00bbDescargar plantilla\u00bb _builder_version=\u00bb4.27.4&#8243; _module_preset=\u00bbdefault\u00bb button_bg_color=\u00bbgcid-heading-color\u00bb button_icon=\u00bb&#xe092;||divi||400&#8243; locked=\u00bboff\u00bb global_colors_info=\u00bb{%22gcid-3421bf6d-18b2-4c4f-a72e-22b2864b9384%22:%91%22button_bg_color%22%93,%22gcid-heading-color%22:%91%22button_bg_color%22%93,%22gcid-primary-color%22:%91%22button_bg_color__hover%22%93}\u00bb][\/et_pb_button][et_pb_accordion _builder_version=\u00bb4.27.4&#8243; _module_preset=\u00bbdefault\u00bb global_colors_info=\u00bb{}\u00bb][et_pb_accordion_item title=\u00bbPaso 1. Descarga la plantilla \u00bb open=\u00bboff\u00bb _builder_version=\u00bb4.27.4&#8243; _module_preset=\u00bbdefault\u00bb global_colors_info=\u00bb{}\u00bb]<\/p>\n<p>Utiliza el archivo de plantilla disponible m\u00e1s arriba. Este archivo ya contiene los ajustes correctos. <\/p>\n<p>[\/et_pb_accordion_item][et_pb_accordion_item title=\u00bbPaso 2. Coloca el archivo en la carpeta adecuada \u00bb _builder_version=\u00bb4.27.4&#8243; _module_preset=\u00bbdefault\u00bb global_colors_info=\u00bb{}\u00bb open=\u00bbon\u00bb]<\/p>\n<p>Coloca el archivo en la carpeta <em>C:nombre de usuario y contrase\u00f1a.<\/em><\/p>\n<p>De este modo, el archivo puede sobrescribir el archivo Blue.ics predeterminado. Opcionalmente, tambi\u00e9n puedes crear subcarpetas; \u00e9stas aparecen como pesta\u00f1as en la pantalla de selecci\u00f3n. <\/p>\n<p>[\/et_pb_accordion_item][et_pb_accordion_item title=\u00bbPaso 3. Establece el archivo como plantilla por defecto \u00bb _builder_version=\u00bb4.27.4&#8243; _module_preset=\u00bbdefault\u00bb global_colors_info=\u00bb{}\u00bb open=\u00bboff\u00bb]<\/p>\n<ul>\n<li data-start=\"879\" data-end=\"900\">\n<p data-start=\"881\" data-end=\"900\">Abrir <em data-start=\"886\" data-end=\"897\">nueva escena<\/em>.<\/p>\n<\/li>\n<li data-start=\"901\" data-end=\"941\">\n<p data-start=\"903\" data-end=\"941\">Elige el archivo de plantilla insertado.<\/p>\n<\/li>\n<li data-start=\"942\" data-end=\"992\">\n<p data-start=\"944\" data-end=\"992\">Haz clic en <strong data-start=\"952\" data-end=\"989\">Establecer selecci\u00f3n como plantilla por defecto<\/strong>.<\/p>\n<\/li>\n<\/ul>\n<p><img loading=\"lazy\" class=\"alignnone wp-image-14848 size-full\" src=\"https:\/\/ironcad.eu\/wp-content\/uploads\/2024\/05\/Template-menu-Scene.png\" alt=\"\" width=\"626\" height=\"539\" title=\"\" srcset=\"https:\/\/ironcad.eu\/wp-content\/uploads\/2024\/05\/Template-menu-Scene.png 626w, https:\/\/ironcad.eu\/wp-content\/uploads\/2024\/05\/Template-menu-Scene-480x413.png 480w\" sizes=\"(min-width: 0px) and (max-width: 480px) 480px, (min-width: 481px) 626px, 100vw\" \/><\/p>\n<p>Esta plantilla se utiliza ahora autom\u00e1ticamente para los nuevos archivos 3D.<\/p>\n<p>[\/et_pb_accordion_item][\/et_pb_accordion][\/et_pb_column][\/et_pb_row][\/et_pb_section][et_pb_section fb_built=\u00bb1&#8243; _builder_version=\u00bb4.27.4&#8243; _module_preset=\u00bbdefault\u00bb global_colors_info=\u00bb{}\u00bb][et_pb_row custom_padding_last_edited=\u00bboff|desktop\u00bb admin_label=\u00bbConducir\u00bb _builder_version=\u00bb4.27.4&#8243; _module_preset=\u00bbdefault\u00bb custom_padding=\u00bb0rem||0rem||false|false\u00bb custom_padding_tablet=\u00bb2rem||0rem||false|false\u00bb custom_padding_phone=\u00bb2rem||0rem||false|false\u00bb global_colors_info=\u00bb{}\u00bb][et_pb_column type=\u00bb4_4&#8243; _builder_version=\u00bb4.24.0&#8243; _module_preset=\u00bbdefault\u00bb global_colors_info=\u00bb{}\u00bb][et_pb_divider divider_weight=\u00bb2px\u00bb _builder_version=\u00bb4.27.4&#8243; _module_preset=\u00bbdefault\u00bb custom_margin=\u00bb0px||0px||true|false\u00bb custom_padding=\u00bb0px||0px||true|false\u00bb global_colors_info=\u00bb{}\u00bb][\/et_pb_divider][\/et_pb_column][\/et_pb_row][et_pb_row use_custom_gutter=\u00bbon\u00bb gutter_width=\u00bb2&#8243; custom_padding_last_edited=\u00bboff|desktop\u00bb _builder_version=\u00bb4.27.4&#8243; _module_preset=\u00bbdefault\u00bb custom_padding=\u00bb1rem||1rem||true|false\u00bb global_colors_info=\u00bb{}\u00bb][et_pb_column type=\u00bb4_4&#8243; _builder_version=\u00bb4.27.4&#8243; _module_preset=\u00bbdefault\u00bb background_color=\u00bbgcid-f52cc46c-103a-4f3e-bb71-6efb5f79ee25&#8243; custom_padding=\u00bb25px|25px|25px|25px|true|true\u00bb border_radii=\u00bbon|8px|8px|8px|8px\u00bb global_colors_info=\u00bb{%22gcid-f52cc46c-103a-4f3e-bb71-6efb5f79ee25%22:%91%22background_color%22%93}\u00bb][et_pb_text _builder_version=\u00bb4.27.4&#8243; _module_preset=\u00bbdefault\u00bb custom_padding=\u00bb||0px|||\u00bb global_colors_info=\u00bb{}\u00bb]<\/p>\n<h2>Plantillas de dibujo 2D<\/h2>\n<p>Una plantilla 2D define la base de tus dibujos. As\u00ed siempre empezar\u00e1s con el dise\u00f1o de p\u00e1gina, los grosores de l\u00ednea, el m\u00e9todo de proyecci\u00f3n y los estilos de matizado correctos. <\/p>\n<p>[\/et_pb_text][et_pb_button button_url=\u00bbhttps:\/\/ironcad.eu\/download\/A3-IronCAD-EU.icd\u00bb button_text=\u00bbDescargar plantilla\u00bb _builder_version=\u00bb4.27.6&#8243; _module_preset=\u00bbdefault\u00bb button_bg_color=\u00bbgcid-heading-color\u00bb button_icon=\u00bb&#xe092;||divi||400&#8243; locked=\u00bboff\u00bb global_colors_info=\u00bb{%22gcid-3421bf6d-18b2-4c4f-a72e-22b2864b9384%22:%91%22button_bg_color%22%93,%22gcid-heading-color%22:%91%22button_bg_color%22%93,%22gcid-primary-color%22:%91%22button_bg_color__hover%22%93}\u00bb][\/et_pb_button][et_pb_accordion _builder_version=\u00bb4.27.6&#8243; _module_preset=\u00bbdefault\u00bb hover_enabled=\u00bb0&#8243; global_colors_info=\u00bb{}\u00bb sticky_enabled=\u00bb0&#8243;][et_pb_accordion_item title=\u00bbPaso 1. Descarga la plantilla \u00bb open=\u00bboff\u00bb _builder_version=\u00bb4.27.4&#8243; _module_preset=\u00bbdefault\u00bb global_colors_info=\u00bb{}\u00bb]<\/p>\n<p>Utiliza el archivo de plantilla disponible m\u00e1s arriba. Este archivo ya contiene los ajustes correctos. <\/p>\n<p>[\/et_pb_accordion_item][et_pb_accordion_item title=\u00bbPaso 2. Coloca el archivo en la carpeta adecuada \u00bb _builder_version=\u00bb4.27.4&#8243; _module_preset=\u00bbdefault\u00bb global_colors_info=\u00bb{}\u00bb open=\u00bboff\u00bb]<\/p>\n<p>Coloca el archivo en la carpeta <em>C:\\Users\\*Gebruiker*\\AppData\\Roaming\\IronCAD\\IRONCAD\\*Versie*\\en-us\\Template\\Drawing\\ISO<\/em><br \/>Van daaruit kun je het bestand later aanpassen, bijvoorbeeld met je eigen bedrijfslogo of indeling. De nuevo, puedes crear subcarpetas adicionales visibles en la pantalla de selecci\u00f3n. <\/p>\n<p>[\/et_pb_accordion_item][et_pb_accordion_item title=\u00bbPaso 3. Establece el archivo como plantilla por defecto \u00bb _builder_version=\u00bb4.27.6&#8243; _module_preset=\u00bbdefault\u00bb hover_enabled=\u00bb0&#8243; global_colors_info=\u00bb{}\u00bb open=\u00bboff\u00bb sticky_enabled=\u00bb0&#8243;]<\/p>\n<ul>\n<li data-start=\"879\" data-end=\"900\">Abrir nuevo dibujo<\/li>\n<li data-start=\"879\" data-end=\"900\">Selecciona el archivo de plantilla insertado<\/li>\n<li data-start=\"879\" data-end=\"900\">Haz clic en Establecer selecci\u00f3n como plantilla por defecto<br \/><img loading=\"lazy\" class=\"alignnone wp-image-14852 size-full\" src=\"https:\/\/ironcad.eu\/wp-content\/uploads\/2024\/05\/Template-menu-Drawing-1-e1774517274172.png\" alt=\"\" width=\"334\" height=\"35\" title=\"\"><\/li>\n<\/ul>\n<p>Esta plantilla se utiliza ahora autom\u00e1ticamente para los nuevos archivos 2D<\/p>\n<p>[\/et_pb_accordion_item][\/et_pb_accordion][et_pb_text _builder_version=\u00bb4.27.4&#8243; _module_preset=\u00bbdefault\u00bb custom_padding=\u00bb||0px|||\u00bb global_colors_info=\u00bb{}\u00bb]<\/p>\n<p><strong>Ayuda extra<\/strong><br \/>Para adaptar una plantilla 2D a tus propias necesidades, puedes ver v\u00eddeos paso a paso en la IronCAD Academy: <a href=\"https:\/\/ironcad.academy\/tutorial\/training-51\" target=\"_blank\" rel=\"noopener nofollow\">Formaci\u00f3n 51<\/a> y <a href=\"https:\/\/ironcad.academy\/tutorial\/training-52\" target=\"_blank\" rel=\"noopener nofollow\">Formaci\u00f3n 52<\/a>.<\/p>\n<p>[\/et_pb_text][\/et_pb_column][\/et_pb_row][\/et_pb_section][et_pb_section fb_built=\u00bb1&#8243; custom_padding_last_edited=\u00bbon|desktop\u00bb _builder_version=\u00bb4.27.4&#8243; _module_preset=\u00bbdefault\u00bb background_color=\u00bbgcid-f52cc46c-103a-4f3e-bb71-6efb5f79ee25&#8243; custom_margin=\u00bb0px||||false|false\u00bb custom_padding_tablet=\u00bb\u00bb custom_padding_phone=\u00bb\u00bb border_color_top=\u00bbgcid-0d1a127e-4ce1-4bb0-9503-eafc35a82551&#8243; locked=\u00bboff\u00bb global_colors_info=\u00bb{%22gcid-0d1a127e-4ce1-4bb0-9503-eafc35a82551%22:%91%22border_color_top%22%93,%22gcid-f52cc46c-103a-4f3e-bb71-6efb5f79ee25%22:%91%22background_color%22%93}\u00bb][et_pb_row custom_padding_last_edited=\u00bboff|desktop\u00bb _builder_version=\u00bb4.27.4&#8243; _module_preset=\u00bbdefault\u00bb custom_padding=\u00bb1rem||1rem||true|false\u00bb global_colors_info=\u00bb{}\u00bb][et_pb_column type=\u00bb4_4&#8243; _builder_version=\u00bb4.27.4&#8243; _module_preset=\u00bbdefault\u00bb global_colors_info=\u00bb{}\u00bb][et_pb_text _builder_version=\u00bb4.27.4&#8243; _module_preset=\u00bbdefault\u00bb custom_padding=\u00bb||0px|||\u00bb global_colors_info=\u00bb{}\u00bb]<\/p>\n<h2 style=\"text-align: left;\">Recursos<\/h2>\n<p style=\"text-align: left;\">Con las herramientas adecuadas, puedes trabajar de forma m\u00e1s r\u00e1pida y consistente en IronCAD. Consulta m\u00e1s plantillas pr\u00e1cticas, ajustes b\u00e1sicos y la base de conocimientos. <\/p>\n<p>[\/et_pb_text][\/et_pb_column][\/et_pb_row][et_pb_row column_structure=\u00bb1_3,1_3,1_3&#8243; custom_padding_last_edited=\u00bboff|desktop\u00bb admin_label=\u00bbConducir\u00bb _builder_version=\u00bb4.27.4&#8243; _module_preset=\u00bbdefault\u00bb custom_padding=\u00bb1rem||1rem||true|false\u00bb global_colors_info=\u00bb{}\u00bb][et_pb_column type=\u00bb1_3&#8243; _builder_version=\u00bb4.24.0&#8243; _module_preset=\u00bbdefault\u00bb global_colors_info=\u00bb{}\u00bb][et_pb_icon font_icon=\u00bb&#xf61f;||fa||900&#8243; _builder_version=\u00bb4.27.4&#8243; _module_preset=\u00bbdefault\u00bb global_colors_info=\u00bb{}\u00bb][\/et_pb_icon][et_pb_cta title=\u00bbBibliotecas\u00bb button_url=\u00bb@ET-DC@eyJkeW5hbWljIjp0cnVlLCJjb250ZW50IjoicG9zdF9saW5rX3VybF9wYWdlIiwic2V0dGluZ3MiOnsicG9zdF9pZCI6IjE3MTIxIn19@\u00bb button_text=\u00bbVer\u00bb _builder_version=\u00bb4.27.6&#8243; _dynamic_attributes=\u00bbbutton_url\u00bb _module_preset=\u00bbdefault\u00bb background_color=\u00bbRGBA(255,255,255,0)\u00bb custom_button=\u00bbon\u00bb button_bg_color=\u00bbgcid-primary-color\u00bb button_custom_margin=\u00bb||||false|false\u00bb button_custom_padding=\u00bb|2rem||2rem|false|true\u00bb text_orientation=\u00bbleft\u00bb background_layout=\u00bblight\u00bb custom_padding=\u00bb0px|0px|0px|0px|true|true\u00bb global_colors_info=\u00bb{%22gcid-primary-color%22:%91%22button_bg_color%22%93,%22gcid-body-color%22:%91%22button_bg_color__hover%22%93}\u00bb button_bg_color__hover_enabled=\u00bbon|hover\u00bb button_bg_color__hover=\u00bbrgba(71,71,71,0.8)\u00bb button_bg_enable_color__hover=\u00bbon\u00bb]<\/p>\n<p>Las bibliotecas te dan acceso a piezas ya preparadas, haciendo que tu dise\u00f1o sea a\u00fan m\u00e1s r\u00e1pido y eficaz.<\/p>\n<p>[\/et_pb_cta][\/et_pb_column][et_pb_column type=\u00bb1_3&#8243; _builder_version=\u00bb4.24.0&#8243; _module_preset=\u00bbdefault\u00bb global_colors_info=\u00bb{}\u00bb][et_pb_icon font_icon=\u00bb&#xf085;||fa||900&#8243; _builder_version=\u00bb4.27.4&#8243; _module_preset=\u00bbdefault\u00bb global_colors_info=\u00bb{}\u00bb][\/et_pb_icon][et_pb_cta title=\u00bbAjustes b\u00e1sicos\u00bb button_url=\u00bbhttps:\/\/ironcad.eu\/es\/ayuda\/recursos\/ajustes-basicos\/\u00bb button_text=\u00bbVer\u00bb _builder_version=\u00bb4.27.6&#8243; _module_preset=\u00bbdefault\u00bb background_color=\u00bbRGBA(255,255,255,0)\u00bb custom_button=\u00bbon\u00bb button_bg_color=\u00bbgcid-primary-color\u00bb button_custom_padding=\u00bb|2rem||2rem|false|true\u00bb text_orientation=\u00bbleft\u00bb background_layout=\u00bblight\u00bb custom_padding=\u00bb0px|0px|0px|0px|true|true\u00bb global_colors_info=\u00bb{%22gcid-primary-color%22:%91%22button_bg_color%22%93,%22gcid-body-color%22:%91%22button_bg_color__hover%22%93}\u00bb button_bg_color__hover_enabled=\u00bbon|hover\u00bb button_bg_color__hover=\u00bbrgba(71,71,71,0.8)\u00bb button_bg_enable_color__hover=\u00bbon\u00bb]<\/p>\n<p>Con unos ajustes b\u00e1sicos bien establecidos, trabajas m\u00e1s r\u00e1pido y de forma m\u00e1s coherente. Con cada nuevo proyecto, todo se ajusta inmediatamente. <\/p>\n<p>[\/et_pb_cta][\/et_pb_column][et_pb_column type=\u00bb1_3&#8243; _builder_version=\u00bb4.24.0&#8243; _module_preset=\u00bbdefault\u00bb global_colors_info=\u00bb{}\u00bb][et_pb_icon font_icon=\u00bb&#xf19d;||fa||900&#8243; _builder_version=\u00bb4.27.4&#8243; _module_preset=\u00bbdefault\u00bb global_colors_info=\u00bb{}\u00bb][\/et_pb_icon][et_pb_cta title=\u00bbBase de conocimientos\u00bb button_url=\u00bbhttps:\/\/helpdesk.dynfos.nl\/\u00bb url_new_window=\u00bbon\u00bb button_text=\u00bbVer\u00bb _builder_version=\u00bb4.27.6&#8243; _module_preset=\u00bbdefault\u00bb background_color=\u00bbRGBA(255,255,255,0)\u00bb custom_button=\u00bbon\u00bb button_bg_color=\u00bbgcid-primary-color\u00bb button_custom_padding=\u00bb|2rem||2rem|false|true\u00bb text_orientation=\u00bbleft\u00bb background_layout=\u00bblight\u00bb custom_padding=\u00bb0px|0px|0px|0px|true|true\u00bb global_colors_info=\u00bb{%22gcid-primary-color%22:%91%22button_bg_color%22%93,%22gcid-body-color%22:%91%22button_bg_color__hover%22%93}\u00bb button_bg_color__hover_enabled=\u00bbon|hover\u00bb button_bg_color__hover=\u00bbrgba(71,71,71,0.8)\u00bb button_bg_enable_color__hover=\u00bbon\u00bb]<\/p>\n<p>En la base de conocimientos encontrar\u00e1s art\u00edculos que explican funciones, ajustes y m\u00e9todos de trabajo en IronCAD.<\/p>\n<p>[\/et_pb_cta][\/et_pb_column][\/et_pb_row][\/et_pb_section]<\/p>\n","protected":false},"excerpt":{"rendered":"<p>Trabaja de forma m\u00e1s r\u00e1pida y coherente en IronCAD con plantillas inteligentes para 3D y 2D. Descarga y establece f\u00e1cilmente archivos predeterminados para cada nuevo proyecto. <\/p>\n","protected":false},"author":2,"featured_media":0,"parent":25656,"menu_order":0,"comment_status":"closed","ping_status":"closed","template":"","meta":{"_et_pb_use_builder":"on","_et_pb_old_content":"","_et_gb_content_width":"","_improvement_type_select":"improve_an_existing","_thumb_yes_seoaic":false,"_frame_yes_seoaic":false,"seoaic_generate_description":"","seoaic_improve_instructions_prompt":"","seoaic_rollback_content_improvement":"","seoaic_idea_thumbnail_generator":"","thumbnail_generated":false,"thumbnail_generate_prompt":"","seoaic_article_description":"","footnotes":"","advanced-sidebar-menu\/link-title":"","advanced-sidebar-menu\/exclude-page":false},"dipi_cpt_category":[],"class_list":["post-25664","page","type-page","status-publish","hentry"],"_links":{"self":[{"href":"https:\/\/ironcad.eu\/es\/wp-json\/wp\/v2\/pages\/25664","targetHints":{"allow":["GET"]}}],"collection":[{"href":"https:\/\/ironcad.eu\/es\/wp-json\/wp\/v2\/pages"}],"about":[{"href":"https:\/\/ironcad.eu\/es\/wp-json\/wp\/v2\/types\/page"}],"author":[{"embeddable":true,"href":"https:\/\/ironcad.eu\/es\/wp-json\/wp\/v2\/users\/2"}],"replies":[{"embeddable":true,"href":"https:\/\/ironcad.eu\/es\/wp-json\/wp\/v2\/comments?post=25664"}],"version-history":[{"count":5,"href":"https:\/\/ironcad.eu\/es\/wp-json\/wp\/v2\/pages\/25664\/revisions"}],"predecessor-version":[{"id":28542,"href":"https:\/\/ironcad.eu\/es\/wp-json\/wp\/v2\/pages\/25664\/revisions\/28542"}],"up":[{"embeddable":true,"href":"https:\/\/ironcad.eu\/es\/wp-json\/wp\/v2\/pages\/25656"}],"wp:attachment":[{"href":"https:\/\/ironcad.eu\/es\/wp-json\/wp\/v2\/media?parent=25664"}],"wp:term":[{"taxonomy":"dipi_cpt_category","embeddable":true,"href":"https:\/\/ironcad.eu\/es\/wp-json\/wp\/v2\/dipi_cpt_category?post=25664"}],"curies":[{"name":"wp","href":"https:\/\/api.w.org\/{rel}","templated":true}]}}