{"id":25681,"date":"2025-07-01T11:43:29","date_gmt":"2025-07-01T09:43:29","guid":{"rendered":"https:\/\/ironcad.eu\/hottscan\/"},"modified":"2026-02-17T11:27:21","modified_gmt":"2026-02-17T10:27:21","slug":"hottscan","status":"publish","type":"page","link":"https:\/\/ironcad.eu\/es\/extensiones\/hottscan\/","title":{"rendered":"HottScan"},"content":{"rendered":"<p>[et_pb_section fb_built=\u00bb1&#8243; custom_padding_last_edited=\u00bboff|desktop\u00bb _builder_version=\u00bb4.27.4&#8243; _module_preset=\u00bbdefault\u00bb custom_padding=\u00bb1rem||1rem||true|false\u00bb locked=\u00bboff\u00bb global_colors_info=\u00bb{}\u00bb][et_pb_row custom_padding_last_edited=\u00bbon|desktop\u00bb admin_label=\u00bbRastro de migas\u00bb _builder_version=\u00bb4.27.4&#8243; _module_preset=\u00bbdefault\u00bb custom_padding=\u00bb0rem||||false|false\u00bb custom_padding_tablet=\u00bb0rem||||false|false\u00bb custom_padding_phone=\u00bb0rem||||false|false\u00bb global_module=\u00bb11007&#8243; saved_tabs=\u00bball\u00bb collapsed=\u00bboff\u00bb global_colors_info=\u00bb{}\u00bb][et_pb_column type=\u00bb4_4&#8243; _builder_version=\u00bb4.24.0&#8243; _module_preset=\u00bbdefault\u00bb global_colors_info=\u00bb{}\u00bb][et_pb_code admin_label=\u00bbC\u00f3digo\u00bb _builder_version=\u00bb4.24.1&#8243; _module_preset=\u00bbdefault\u00bb custom_css_main_element=\u00bbfont-size: .7em;||text-transform: uppercase;\u00bb global_colors_info=\u00bb{}\u00bb]<nav aria-label=\"breadcrumbs\" class=\"rank-math-breadcrumb\"><p><span class=\"last\">Home<\/span><\/p><\/nav>[\/et_pb_code][\/et_pb_column][\/et_pb_row][et_pb_row column_structure=\u00bb1_2,1_2&#8243; _builder_version=\u00bb4.24.1&#8243; _module_preset=\u00bbdefault\u00bb custom_padding=\u00bb1rem||1rem||true|false\u00bb global_colors_info=\u00bb{}\u00bb][et_pb_column type=\u00bb1_2&#8243; _builder_version=\u00bb4.24.0&#8243; _module_preset=\u00bbdefault\u00bb global_colors_info=\u00bb{}\u00bb][et_pb_text _builder_version=\u00bb4.27.4&#8243; _module_preset=\u00bbdefault\u00bb global_colors_info=\u00bb{}\u00bb]<\/p>\n<h1>Medici\u00f3n HottScan 3D<\/h1>\n<h2>\u00bfQu\u00e9 es HottScan?<\/h2>\n<p>El esc\u00e1ner 3D <a href=\"https:\/\/www.hott-scan.com\/\" target=\"_blank\" rel=\"noopener nofollow\">HottScan<\/a> es la soluci\u00f3n ideal para medir de forma r\u00e1pida y precisa habitaciones y edificios para utilizarlos directamente en el dise\u00f1o CAD en 3D. Esta m\u00e1quina topogr\u00e1fica profesional escanea interiores, paredes, techos y montajes enteros y los convierte directamente en datos 3D utilizables, sin necesidad de medici\u00f3n manual.<\/p>\n<p>[\/et_pb_text][dipi_button_grid flex_direction=\u00bbrow\u00bb justify_content=\u00bbflex-start\u00bb _builder_version=\u00bb4.27.4&#8243; _dynamic_attributes=\u00bblink_option_url\u00bb _module_preset=\u00bbdefault\u00bb link_option_url=\u00bb@ET-DC@eyJkeW5hbWljIjp0cnVlLCJjb250ZW50IjoicG9zdF9saW5rX3VybF9wYWdlIiwic2V0dGluZ3MiOnsicG9zdF9pZCI6IjExMjMyIn19@\u00bb global_colors_info=\u00bb{}\u00bb][dipi_button_grid_child button_id=\u00bbPlan een demo\u00bb button_type=\u00bbdp_button\u00bb button_text=\u00bbPrograma una demostraci\u00f3n\u00bb button_link=\u00bb@ET-DC@eyJkeW5hbWljIjp0cnVlLCJjb250ZW50IjoicG9zdF9saW5rX3VybF9wYWdlIiwic2V0dGluZ3MiOnsicG9zdF9pZCI6IjE1MjgzIn19@\u00bb _builder_version=\u00bb4.27.4&#8243; _dynamic_attributes=\u00bbbutton_link\u00bb _module_preset=\u00bbdefault\u00bb custom_button=\u00bbon\u00bb button_bg_color=\u00bbgcid-63088bc0-e4c4-4774-93b8-08271aeb4a25&#8243; button_font=\u00bb|600||on|||||\u00bb button_icon=\u00bb&#xf02b;||fa||900&#8243; button_icon_placement=\u00bbright\u00bb button_on_hover=\u00bbon\u00bb button_custom_margin=\u00bb||||false|false\u00bb button_custom_padding=\u00bb10px|35px|10px|35px|true|true\u00bb global_colors_info=\u00bb{%22gcid-heading-color%22:%91%22button_bg_color__hover%22%93,%22gcid-63088bc0-e4c4-4774-93b8-08271aeb4a25%22:%91%22button_bg_color%22%93}\u00bb button_bg_color__hover_enabled=\u00bbon|hover\u00bb button_bg_color__hover=\u00bb#474747&#8243; button_bg_enable_color__hover=\u00bbon\u00bb][\/dipi_button_grid_child][dipi_button_grid_child button_id=\u00bbPrijsopgave\u00bb button_type=\u00bbdp_button\u00bb button_text=\u00bbObtener presupuesto\u00bb button_link=\u00bb@ET-DC@eyJkeW5hbWljIjp0cnVlLCJjb250ZW50IjoicG9zdF9saW5rX3VybF9wYWdlIiwic2V0dGluZ3MiOnsicG9zdF9pZCI6IjEzNDM2In19@\u00bb button_link_target=\u00bbon\u00bb _builder_version=\u00bb4.27.4&#8243; _dynamic_attributes=\u00bbbutton_link\u00bb _module_preset=\u00bbdefault\u00bb custom_button=\u00bbon\u00bb button_bg_color=\u00bbgcid-heading-color\u00bb button_font=\u00bb|600||on|||||\u00bb button_icon=\u00bb&#xf129;||fa||900&#8243; button_icon_placement=\u00bbright\u00bb button_on_hover=\u00bbon\u00bb button_custom_margin=\u00bb||||false|false\u00bb button_custom_padding=\u00bb10px|35px|10px|35px|true|true\u00bb global_colors_info=\u00bb{%22gcid-heading-color%22:%91%22button_bg_color%22%93,%22gcid-63088bc0-e4c4-4774-93b8-08271aeb4a25%22:%91%22button_bg_color__hover%22%93}\u00bb button_bg_color__hover_enabled=\u00bbon|hover\u00bb button_bg_color__hover=\u00bb#b51f20&#8243; button_bg_enable_color__hover=\u00bbon\u00bb][\/dipi_button_grid_child][\/dipi_button_grid][\/et_pb_column][et_pb_column type=\u00bb1_2&#8243; _builder_version=\u00bb4.24.0&#8243; _module_preset=\u00bbdefault\u00bb global_colors_info=\u00bb{}\u00bb][et_pb_image src=\u00bbhttps:\/\/ironcad.eu\/wp-content\/uploads\/2025\/07\/HottScan-01-1.webp\u00bb alt=\u00bbPrimer plano del esc\u00e1ner HottScan 3D para topograf\u00eda 3D.\u00bb title_text=\u00bbHottScan 01 (1)\u00bb _builder_version=\u00bb4.27.4&#8243; _module_preset=\u00bbdefault\u00bb border_radii=\u00bbon|8px|8px|8px|8px\u00bb global_colors_info=\u00bb{}\u00bb][\/et_pb_image][\/et_pb_column][\/et_pb_row][et_pb_row _builder_version=\u00bb4.26.0&#8243; _module_preset=\u00bbdefault\u00bb custom_padding=\u00bb0rem||0rem||true|false\u00bb global_colors_info=\u00bb{}\u00bb][et_pb_column type=\u00bb4_4&#8243; _builder_version=\u00bb4.24.2&#8243; _module_preset=\u00bbdefault\u00bb global_colors_info=\u00bb{}\u00bb][et_pb_divider divider_weight=\u00bb3px\u00bb _builder_version=\u00bb4.26.0&#8243; _module_preset=\u00bbdefault\u00bb custom_padding=\u00bb10px||10px||true|false\u00bb global_colors_info=\u00bb{}\u00bb][\/et_pb_divider][\/et_pb_column][\/et_pb_row][et_pb_row column_structure=\u00bb1_5,1_5,1_5,1_5,1_5&#8243; custom_padding_last_edited=\u00bboff|desktop\u00bb _builder_version=\u00bb4.27.4&#8243; _module_preset=\u00bbdefault\u00bb custom_margin_last_edited=\u00bboff|desktop\u00bb custom_padding=\u00bb1rem||1rem||true|false\u00bb global_colors_info=\u00bb{}\u00bb][et_pb_column type=\u00bb1_5&#8243; _builder_version=\u00bb4.24.0&#8243; _module_preset=\u00bbdefault\u00bb global_colors_info=\u00bb{}\u00bb][et_pb_blurb use_icon=\u00bbon\u00bb font_icon=\u00bb&#xe049;||fa||400&#8243; icon_color=\u00bbgcid-63088bc0-e4c4-4774-93b8-08271aeb4a25&#8243; icon_alignment=\u00bbcenter\u00bb _builder_version=\u00bb4.27.4&#8243; _module_preset=\u00bbdefault\u00bb custom_margin=\u00bb||0rem||false|false\u00bb global_colors_info=\u00bb{%22gcid-2c6a33f9-5f77-4945-8274-f487275e6c76%22:%91%22box_shadow_color%22%93,%22gcid-63088bc0-e4c4-4774-93b8-08271aeb4a25%22:%91%22icon_color%22%93}\u00bb]<\/p>\n<p style=\"text-align: center;\"><b>Medici\u00f3n r\u00e1pida in situ<\/b><\/p>\n<p>[\/et_pb_blurb][\/et_pb_column][et_pb_column type=\u00bb1_5&#8243; _builder_version=\u00bb4.24.0&#8243; _module_preset=\u00bbdefault\u00bb global_colors_info=\u00bb{}\u00bb][et_pb_blurb use_icon=\u00bbon\u00bb font_icon=\u00bb&#xf546;||fa||900&#8243; icon_color=\u00bbgcid-63088bc0-e4c4-4774-93b8-08271aeb4a25&#8243; icon_alignment=\u00bbcenter\u00bb _builder_version=\u00bb4.27.4&#8243; _module_preset=\u00bbdefault\u00bb custom_margin=\u00bb||0rem||false|false\u00bb global_colors_info=\u00bb{%22gcid-2c6a33f9-5f77-4945-8274-f487275e6c76%22:%91%22box_shadow_color%22%93,%22gcid-63088bc0-e4c4-4774-93b8-08271aeb4a25%22:%91%22icon_color%22%93}\u00bb]<\/p>\n<p style=\"text-align: center;\"><strong>Se acabaron las mediciones manuales<\/strong><\/p>\n<p>[\/et_pb_blurb][\/et_pb_column][et_pb_column type=\u00bb1_5&#8243; _builder_version=\u00bb4.24.0&#8243; _module_preset=\u00bbdefault\u00bb global_colors_info=\u00bb{}\u00bb][et_pb_image src=\u00bbhttps:\/\/ironcad.eu\/wp-content\/uploads\/2025\/06\/Logo_HottSCAN.webp\u00bb alt=\u00bbLogotipo del esc\u00e1ner 3D HottScan\u00bb title_text=\u00bbHottScan\u00bb align=\u00bbcenter\u00bb _builder_version=\u00bb4.27.4&#8243; _module_preset=\u00bbdefault\u00bb global_colors_info=\u00bb{}\u00bb][\/et_pb_image][\/et_pb_column][et_pb_column type=\u00bb1_5&#8243; _builder_version=\u00bb4.24.0&#8243; _module_preset=\u00bbdefault\u00bb global_colors_info=\u00bb{}\u00bb][et_pb_blurb use_icon=\u00bbon\u00bb font_icon=\u00bb&#xe0f2;||divi||400&#8243; icon_color=\u00bbgcid-63088bc0-e4c4-4774-93b8-08271aeb4a25&#8243; icon_alignment=\u00bbcenter\u00bb _builder_version=\u00bb4.27.4&#8243; _module_preset=\u00bbdefault\u00bb custom_margin=\u00bb||0rem||false|false\u00bb global_colors_info=\u00bb{%22gcid-2c6a33f9-5f77-4945-8274-f487275e6c76%22:%91%22box_shadow_color%22,%22box_shadow_color%22%93,%22gcid-63088bc0-e4c4-4774-93b8-08271aeb4a25%22:%91%22icon_color%22%93}\u00bb]<\/p>\n<p style=\"text-align: center;\"><strong>Datos 3D precisos y utilizables<\/strong><\/p>\n<p>[\/et_pb_blurb][\/et_pb_column][et_pb_column type=\u00bb1_5&#8243; _builder_version=\u00bb4.24.0&#8243; _module_preset=\u00bbdefault\u00bb global_colors_info=\u00bb{}\u00bb][et_pb_blurb use_icon=\u00bbon\u00bb font_icon=\u00bb&#xf247;||fa||900&#8243; icon_color=\u00bbgcid-63088bc0-e4c4-4774-93b8-08271aeb4a25&#8243; icon_alignment=\u00bbcenter\u00bb _builder_version=\u00bb4.27.4&#8243; _module_preset=\u00bbdefault\u00bb custom_margin=\u00bb||0rem||false|false\u00bb global_colors_info=\u00bb{%22gcid-2c6a33f9-5f77-4945-8274-f487275e6c76%22:%91%22box_shadow_color%22%93,%22gcid-63088bc0-e4c4-4774-93b8-08271aeb4a25%22:%91%22icon_color%22%93}\u00bb]<\/p>\n<p style=\"text-align: center;\"><strong>Flujo de trabajo directo a IronCAD<\/strong><\/p>\n<p style=\"text-align: center;\">[\/et_pb_blurb][\/et_pb_column][\/et_pb_row][et_pb_row _builder_version=\u00bb4.26.0&#8243; _module_preset=\u00bbdefault\u00bb custom_padding=\u00bb0rem||0rem||true|false\u00bb global_colors_info=\u00bb{}\u00bb][et_pb_column type=\u00bb4_4&#8243; _builder_version=\u00bb4.24.2&#8243; _module_preset=\u00bbdefault\u00bb global_colors_info=\u00bb{}\u00bb][et_pb_divider divider_weight=\u00bb3px\u00bb _builder_version=\u00bb4.26.0&#8243; _module_preset=\u00bbdefault\u00bb custom_padding=\u00bb10px||10px||true|false\u00bb global_colors_info=\u00bb{}\u00bb][\/et_pb_divider][\/et_pb_column][\/et_pb_row][et_pb_row column_structure=\u00bb3_5,2_5&#8243; custom_padding_last_edited=\u00bboff|desktop\u00bb _builder_version=\u00bb4.27.4&#8243; _module_preset=\u00bbdefault\u00bb custom_padding=\u00bb1rem||1rem||true|false\u00bb global_colors_info=\u00bb{}\u00bb][et_pb_column type=\u00bb3_5&#8243; _builder_version=\u00bb4.24.2&#8243; _module_preset=\u00bbdefault\u00bb global_colors_info=\u00bb{}\u00bb][et_pb_text _builder_version=\u00bb4.27.4&#8243; _module_preset=\u00bbdefault\u00bb global_colors_info=\u00bb{}\u00bb]<\/p>\n<h2>Pasa r\u00e1pidamente del escaneado al dise\u00f1o en IronCAD<\/h2>\n<h3>Menos errores, mayor eficacia<\/h3>\n<p>Con el equipo topogr\u00e1fico HottScan, conviertes directamente los espacios medidos en datos 3D precisos que son f\u00e1ciles de importar a IronCAD. Ya no trabajas con mediciones manuales o bocetos, sino con una representaci\u00f3n digital realista de la situaci\u00f3n real. Esto evita errores, ahorra tiempo y acelera todo el proceso de dise\u00f1o.  <\/p>\n<p>[\/et_pb_text][\/et_pb_column][et_pb_column type=\u00bb2_5&#8243; _builder_version=\u00bb4.24.2&#8243; _module_preset=\u00bbdefault\u00bb global_colors_info=\u00bb{}\u00bb][et_pb_image src=\u00bbhttps:\/\/ironcad.eu\/wp-content\/uploads\/2026\/02\/anwendungsbeispiele_Aufmasdienstleister-1.webp\u00bb alt=\u00bbHottScan mide una habitaci\u00f3n y muestra las dimensiones\u00bb title_text=\u00bbMedici\u00f3n HottScan\u00bb _builder_version=\u00bb4.27.4&#8243; _module_preset=\u00bbdefault\u00bb hover_enabled=\u00bb0&#8243; border_radii=\u00bbon|8px|8px|8px|8px\u00bb global_colors_info=\u00bb{}\u00bb sticky_enabled=\u00bb0&#8243;][\/et_pb_image][\/et_pb_column][\/et_pb_row][\/et_pb_section][et_pb_section fb_built=\u00bb1&#8243; _builder_version=\u00bb4.27.4&#8243; _module_preset=\u00bbdefault\u00bb background_color=\u00bbgcid-f52cc46c-103a-4f3e-bb71-6efb5f79ee25&#8243; global_colors_info=\u00bb{%22gcid-f52cc46c-103a-4f3e-bb71-6efb5f79ee25%22:%91%22background_color%22%93}\u00bb][et_pb_row custom_padding_last_edited=\u00bboff|desktop\u00bb _builder_version=\u00bb4.27.4&#8243; _module_preset=\u00bbdefault\u00bb custom_padding=\u00bb1rem||1rem||true|false\u00bb global_colors_info=\u00bb{}\u00bb custom_padding__hover_enabled=\u00bboff|desktop\u00bb][et_pb_column type=\u00bb4_4&#8243; _builder_version=\u00bb4.27.4&#8243; _module_preset=\u00bbdefault\u00bb global_colors_info=\u00bb{}\u00bb][et_pb_text _builder_version=\u00bb4.27.4&#8243; _module_preset=\u00bbdefault\u00bb min_height=\u00bb60.8px\u00bb custom_margin=\u00bb||||false|false\u00bb global_colors_info=\u00bb{}\u00bb]<\/p>\n<h2 style=\"text-align: center;\">Topograf\u00eda manual vs 3D<\/h2>\n<p style=\"text-align: center;\">La topograf\u00eda tradicional lleva tiempo, es propensa a errores y requiere m\u00faltiples pasos manuales. Con la topograf\u00eda 3D, digitalizas todo el proceso en minutos. M\u00e1s r\u00e1pido, m\u00e1s preciso e inmediatamente listo para CAD.    <span style=\"color: #b51f20;\"><strong>Hasta 5 veces m\u00e1s r\u00e1pido.<\/strong><\/span><\/p>\n<p>[\/et_pb_text][\/et_pb_column][\/et_pb_row][et_pb_row column_structure=\u00bb1_2,1_2&#8243; use_custom_gutter=\u00bbon\u00bb gutter_width=\u00bb2&#8243; make_equal=\u00bbon\u00bb _builder_version=\u00bb4.27.4&#8243; _module_preset=\u00bbdefault\u00bb global_colors_info=\u00bb{}\u00bb][et_pb_column type=\u00bb1_2&#8243; _builder_version=\u00bb4.27.4&#8243; _module_preset=\u00bbdefault\u00bb background_color=\u00bb#FFFFFF\u00bb custom_padding=\u00bb1rem|2rem|1rem|2rem|true|true\u00bb border_radii=\u00bbon|8px|8px|8px|8px\u00bb box_shadow_style=\u00bbpreset3&#8243; global_colors_info=\u00bb{}\u00bb][dipi_counter suffix=\u00bb  minutos\u00bb text_direction=\u00bbinline\u00bb count_to_number=\u00bb110&#8243; count_from_number=\u00bb0&#8243; count_duration=\u00bb7500&#8243; count_animation_delay=\u00bb400&#8243; _builder_version=\u00bb4.27.4&#8243; _module_preset=\u00bbdefault\u00bb all_text_color=\u00bbgcid-63088bc0-e4c4-4774-93b8-08271aeb4a25&#8243; suffix_font_size=\u00bb0.3em\u00bb global_colors_info=\u00bb{%22gcid-63088bc0-e4c4-4774-93b8-08271aeb4a25%22:%91%22all_text_color%22%93}\u00bb][\/dipi_counter][et_pb_text _builder_version=\u00bb4.27.4&#8243; _module_preset=\u00bbdefault\u00bb global_colors_info=\u00bb{}\u00bb]<\/p>\n<h3 style=\"text-align: center;\">Medici\u00f3n manual<\/h3>\n<table class=\"alignleft\" style=\"height: 138px; width: 100%; border-collapse: collapse;\" border=\"1\">\n<tbody>\n<tr>\n<td style=\"width: 14.6875px;\">1<\/td>\n<td style=\"width: 250.575px;\">En el sitio<\/td>\n<td style=\"width: 472.475px;\">Espacio para bocetos<\/td>\n<td style=\"width: 80.6625px; text-align: center;\">5 min.<\/td>\n<\/tr>\n<tr style=\"height: 23px;\">\n<td style=\"width: 14.6875px; height: 23px;\">2<\/td>\n<td style=\"width: 250.575px; height: 23px;\">In situ<\/td>\n<td style=\"width: 472.475px; height: 23px;\">Medici\u00f3n manual<\/td>\n<td style=\"width: 80.6625px; height: 23px; text-align: center;\">40 min.<\/td>\n<\/tr>\n<tr style=\"height: 23px;\">\n<td style=\"width: 14.6875px; height: 23px;\">3<\/td>\n<td style=\"width: 250.575px; height: 23px;\">En el lugar<\/td>\n<td style=\"width: 472.475px; height: 23px;\">Hacer algunas fotos<\/td>\n<td style=\"width: 80.6625px; height: 23px; text-align: center;\">10 min.<\/td>\n<\/tr>\n<tr style=\"height: 23px;\">\n<td style=\"width: 14.6875px; height: 23px;\">4<\/td>\n<td style=\"width: 250.575px; height: 23px;\">Oficina<\/td>\n<td style=\"width: 472.475px; height: 23px;\">Convertir un boceto a mano en un dibujo CAD<\/td>\n<td style=\"width: 80.6625px; height: 23px; text-align: center;\">45 min.<\/td>\n<\/tr>\n<tr style=\"height: 23px;\">\n<td style=\"width: 14.6875px; height: 23px;\">5<\/td>\n<td style=\"width: 250.575px; height: 23px;\">Oficina<\/td>\n<td style=\"width: 472.475px; height: 23px;\">Coordinaci\u00f3n y comprobaci\u00f3n con el top\u00f3grafo<\/td>\n<td style=\"width: 80.6625px; height: 23px; text-align: center;\">10 min.<\/td>\n<\/tr>\n<\/tbody>\n<\/table>\n<p>&nbsp;<\/p>\n<p>[\/et_pb_text][\/et_pb_column][et_pb_column type=\u00bb1_2&#8243; _builder_version=\u00bb4.27.4&#8243; _module_preset=\u00bbdefault\u00bb background_color=\u00bb#FFFFFF\u00bb custom_padding=\u00bb1rem|2rem|1rem|2rem|true|true\u00bb border_radii=\u00bbon|8px|8px|8px|8px\u00bb box_shadow_style=\u00bbpreset3&#8243; global_colors_info=\u00bb{}\u00bb][dipi_counter suffix=\u00bb  minutos\u00bb text_direction=\u00bbinline\u00bb count_to_number=\u00bb23&#8243; count_from_number=\u00bb0&#8243; count_animation_delay=\u00bb400&#8243; _builder_version=\u00bb4.27.4&#8243; _module_preset=\u00bbdefault\u00bb all_text_color=\u00bbgcid-63088bc0-e4c4-4774-93b8-08271aeb4a25&#8243; suffix_font_size=\u00bb0.3em\u00bb custom_margin=\u00bb||||false|false\u00bb custom_padding=\u00bb||||false|false\u00bb global_colors_info=\u00bb{%22gcid-63088bc0-e4c4-4774-93b8-08271aeb4a25%22:%91%22all_text_color%22%93}\u00bb][\/dipi_counter][et_pb_text _builder_version=\u00bb4.27.4&#8243; _module_preset=\u00bbdefault\u00bb global_colors_info=\u00bb{}\u00bb]<\/p>\n<h3 style=\"text-align: center;\">Medici\u00f3n 3D con HottScan<\/h3>\n<table class=\"alignleft\" style=\"height: 138px; width: 100%; border-collapse: collapse;\" border=\"1\">\n<tbody>\n<tr style=\"height: 23px;\">\n<td style=\"width: 2.10845%; height: 23px;\">1<\/td>\n<td style=\"width: 30.5423%; height: 23px;\">In situ<\/td>\n<td style=\"width: 57.2892%; height: 23px;\">\n<p>Preparaci\u00f3n para el uso y embalaje posterior<\/p>\n<\/td>\n<td style=\"width: 10.0602%; height: 23px; text-align: center;\">3 min.<\/td>\n<\/tr>\n<tr>\n<td style=\"width: 2.10845%;\">2<\/td>\n<td style=\"width: 30.5423%;\">En el sitio<\/td>\n<td style=\"width: 57.2892%;\">Realiza un escaneado autom\u00e1tico<\/td>\n<td style=\"width: 10.0602%; text-align: center;\">2 min.<\/td>\n<\/tr>\n<tr>\n<td style=\"width: 2.10845%;\">3<\/td>\n<td style=\"width: 30.5423%;\">En el sitio<\/td>\n<td style=\"width: 57.2892%;\">A\u00f1adir puntos de medici\u00f3n y notas<\/td>\n<td style=\"width: 10.0602%; text-align: center;\">2 min.<\/td>\n<\/tr>\n<tr style=\"height: 23px;\">\n<td style=\"width: 2.10845%; height: 23px;\">4<\/td>\n<td style=\"width: 30.5423%; height: 23px;\">Oficina<\/td>\n<td style=\"width: 57.2892%; height: 23px;\">Crear un modelo 3D<\/td>\n<td style=\"width: 10.0602%; height: 23px; text-align: center;\">15 min.<\/td>\n<\/tr>\n<tr style=\"height: 23px;\">\n<td style=\"width: 2.10845%; height: 23px;\">5<\/td>\n<td style=\"width: 30.5423%; height: 23px;\">Oficina<\/td>\n<td style=\"width: 57.2892%; height: 23px;\">Importaci\u00f3n en CAD: archivos DWG, DXF e IFC<\/td>\n<td style=\"width: 10.0602%; height: 23px; text-align: center;\">1 min.<\/td>\n<\/tr>\n<\/tbody>\n<\/table>\n<p>&nbsp;<\/p>\n<p>[\/et_pb_text][\/et_pb_column][\/et_pb_row][\/et_pb_section][et_pb_section fb_built=\u00bb1&#8243; custom_padding_last_edited=\u00bboff|desktop\u00bb _builder_version=\u00bb4.27.4&#8243; _module_preset=\u00bbdefault\u00bb background_color=\u00bb#FFFFFF\u00bb global_colors_info=\u00bb{}\u00bb][et_pb_row column_structure=\u00bb1_3,2_3&#8243; custom_padding_last_edited=\u00bboff|desktop\u00bb _builder_version=\u00bb4.27.4&#8243; _module_preset=\u00bbdefault\u00bb global_colors_info=\u00bb{}\u00bb][et_pb_column type=\u00bb1_3&#8243; _builder_version=\u00bb4.24.2&#8243; _module_preset=\u00bbdefault\u00bb global_colors_info=\u00bb{}\u00bb][et_pb_image src=\u00bbhttps:\/\/ironcad.eu\/wp-content\/uploads\/2025\/12\/HottScan-woning.webp\u00bb alt=\u00bbEscaneado digital HottScan 3D de una propiedad para obtener mediciones precisas y datos de dise\u00f1o fiables\u00bb title_text=\u00bbHottScan inicio\u00bb _builder_version=\u00bb4.27.4&#8243; _module_preset=\u00bbdefault\u00bb border_radii=\u00bbon|8px|8px|8px|8px\u00bb global_colors_info=\u00bb{}\u00bb][\/et_pb_image][\/et_pb_column][et_pb_column type=\u00bb2_3&#8243; _builder_version=\u00bb4.24.2&#8243; _module_preset=\u00bbdefault\u00bb global_colors_info=\u00bb{}\u00bb][et_pb_text _builder_version=\u00bb4.27.4&#8243; _module_preset=\u00bbdefault\u00bb global_colors_info=\u00bb{}\u00bb]<\/p>\n<h2>Un escaneado, seguridad de medici\u00f3n duradera<\/h2>\n<h3>Recurre siempre a una exploraci\u00f3n de 360\u00b0 de alta resoluci\u00f3n<\/h3>\n<p>Durante la prospecci\u00f3n, se captura una foto de 360\u00b0 de alta resoluci\u00f3n para cada escaneado. Esta imagen act\u00faa como una instant\u00e1nea digital de la situaci\u00f3n in situ, a la que se puede hacer referencia en cualquier momento. Esto permite comprobar los elementos digitalmente y con extrema precisi\u00f3n en cualquier momento posterior, sin tener que volver a medir in situ, con el apoyo de modelos de c\u00e1lculo avanzados y un software innovador.  <\/p>\n<p>[\/et_pb_text][\/et_pb_column][\/et_pb_row][\/et_pb_section][et_pb_section fb_built=\u00bb1&#8243; custom_padding_last_edited=\u00bboff|desktop\u00bb _builder_version=\u00bb4.27.4&#8243; _module_preset=\u00bbdefault\u00bb background_color=\u00bbgcid-f52cc46c-103a-4f3e-bb71-6efb5f79ee25&#8243; global_colors_info=\u00bb{%22gcid-f52cc46c-103a-4f3e-bb71-6efb5f79ee25%22:%91%22background_color%22%93}\u00bb][et_pb_row column_structure=\u00bb1_2,1_2&#8243; custom_padding_last_edited=\u00bboff|desktop\u00bb _builder_version=\u00bb4.27.4&#8243; _module_preset=\u00bbdefault\u00bb custom_padding=\u00bb1rem||1rem||true|false\u00bb global_colors_info=\u00bb{}\u00bb][et_pb_column type=\u00bb1_2&#8243; _builder_version=\u00bb4.27.4&#8243; _module_preset=\u00bbdefault\u00bb global_colors_info=\u00bb{}\u00bb][et_pb_text _builder_version=\u00bb4.27.4&#8243; _module_preset=\u00bbdefault\u00bb min_height=\u00bb60.8px\u00bb custom_margin=\u00bb||||false|false\u00bb global_colors_info=\u00bb{}\u00bb]<\/p>\n<h3>Empezar con la medici\u00f3n 3D<\/h3>\n<p>Dynfos es el punto de venta oficial de HottScan en Holanda y estar\u00e1 encantado de ayudarte a implantar la medici\u00f3n 3D en tu proceso de trabajo. Descubre con qu\u00e9 rapidez y facilidad puedes trabajar con HottScan. <\/p>\n<p>[\/et_pb_text][et_pb_button button_url=\u00bb@ET-DC@eyJkeW5hbWljIjp0cnVlLCJjb250ZW50IjoicG9zdF9saW5rX3VybF9wYWdlIiwic2V0dGluZ3MiOnsicG9zdF9pZCI6IjEzNDM2In19@\u00bb button_text=\u00bbObtener presupuesto\u00bb _builder_version=\u00bb4.27.4&#8243; _dynamic_attributes=\u00bbbutton_url\u00bb _module_preset=\u00bbdefault\u00bb button_bg_color=\u00bbgcid-63088bc0-e4c4-4774-93b8-08271aeb4a25&#8243; global_colors_info=\u00bb{%22gcid-3421bf6d-18b2-4c4f-a72e-22b2864b9384%22:%91%22button_bg_color%22%93,%22gcid-63088bc0-e4c4-4774-93b8-08271aeb4a25%22:%91%22button_bg_color%22%93,%22gcid-heading-color%22:%91%22button_bg_color__hover%22%93}\u00bb button_bg_color__hover=\u00bb#474747&#8243;][\/et_pb_button][\/et_pb_column][et_pb_column type=\u00bb1_2&#8243; _builder_version=\u00bb4.27.4&#8243; _module_preset=\u00bbdefault\u00bb global_colors_info=\u00bb{}\u00bb][et_pb_text _builder_version=\u00bb4.27.4&#8243; _module_preset=\u00bbdefault\u00bb global_colors_info=\u00bb{}\u00bb]<\/p>\n<h2>HottScan en tu campo<\/h2>\n<p>Aplicado en proyectos a medida para:<\/p>\n<ul>\n<li>Construcci\u00f3n interior<\/li>\n<li>Construcci\u00f3n de cocinas<\/li>\n<li>Equipamiento de tiendas<\/li>\n<li>Instalaciones t\u00e9cnicas<\/li>\n<li>Arquitectura e ingenier\u00eda<\/li>\n<\/ul>\n<p>[\/et_pb_text][\/et_pb_column][\/et_pb_row][\/et_pb_section]<\/p>\n","protected":false},"excerpt":{"rendered":"<p><nav aria-label=\"breadcrumbs\" class=\"rank-math-breadcrumb\"><p><span class=\"last\">Home<\/span><\/p><\/nav>Medici\u00f3n HottScan 3D \u00bfQu\u00e9 es HottScan? El esc\u00e1ner 3D HottScan es la soluci\u00f3n ideal para medir de forma r\u00e1pida y precisa habitaciones y edificios para utilizarlos directamente en el dise\u00f1o CAD en 3D. Esta m\u00e1quina topogr\u00e1fica profesional escanea interiores, paredes, techos y montajes enteros y los convierte directamente en datos 3D utilizables, sin necesidad de [&hellip;]<\/p>\n","protected":false},"author":2,"featured_media":25683,"parent":25853,"menu_order":0,"comment_status":"closed","ping_status":"closed","template":"","meta":{"_et_pb_use_builder":"on","_et_pb_old_content":"","_et_gb_content_width":"","_improvement_type_select":"improve_an_existing","_thumb_yes_seoaic":false,"_frame_yes_seoaic":false,"seoaic_generate_description":"","seoaic_improve_instructions_prompt":"","seoaic_rollback_content_improvement":"","seoaic_idea_thumbnail_generator":"","thumbnail_generated":false,"thumbnail_generate_prompt":"","seoaic_article_description":"","footnotes":"","advanced-sidebar-menu\/link-title":"","advanced-sidebar-menu\/exclude-page":false},"dipi_cpt_category":[],"class_list":["post-25681","page","type-page","status-publish","has-post-thumbnail","hentry"],"_links":{"self":[{"href":"https:\/\/ironcad.eu\/es\/wp-json\/wp\/v2\/pages\/25681","targetHints":{"allow":["GET"]}}],"collection":[{"href":"https:\/\/ironcad.eu\/es\/wp-json\/wp\/v2\/pages"}],"about":[{"href":"https:\/\/ironcad.eu\/es\/wp-json\/wp\/v2\/types\/page"}],"author":[{"embeddable":true,"href":"https:\/\/ironcad.eu\/es\/wp-json\/wp\/v2\/users\/2"}],"replies":[{"embeddable":true,"href":"https:\/\/ironcad.eu\/es\/wp-json\/wp\/v2\/comments?post=25681"}],"version-history":[{"count":0,"href":"https:\/\/ironcad.eu\/es\/wp-json\/wp\/v2\/pages\/25681\/revisions"}],"up":[{"embeddable":true,"href":"https:\/\/ironcad.eu\/es\/wp-json\/wp\/v2\/pages\/25853"}],"wp:featuredmedia":[{"embeddable":true,"href":"https:\/\/ironcad.eu\/es\/wp-json\/wp\/v2\/media\/25683"}],"wp:attachment":[{"href":"https:\/\/ironcad.eu\/es\/wp-json\/wp\/v2\/media?parent=25681"}],"wp:term":[{"taxonomy":"dipi_cpt_category","embeddable":true,"href":"https:\/\/ironcad.eu\/es\/wp-json\/wp\/v2\/dipi_cpt_category?post=25681"}],"curies":[{"name":"wp","href":"https:\/\/api.w.org\/{rel}","templated":true}]}}