{"id":25688,"date":"2026-01-18T20:02:46","date_gmt":"2026-01-18T19:02:46","guid":{"rendered":"https:\/\/ironcad.eu\/blog\/"},"modified":"2026-03-27T15:49:49","modified_gmt":"2026-03-27T14:49:49","slug":"blog","status":"publish","type":"page","link":"https:\/\/ironcad.eu\/es\/blog\/","title":{"rendered":"Blog"},"content":{"rendered":"<p>Aqu\u00ed encontrar\u00e1s art\u00edculos de conocimiento, consejos y actualizaciones sobre dise\u00f1o CAD en 3D con IronCAD. Desde gu\u00edas pr\u00e1cticas hasta noticias sobre productos, descubre c\u00f3mo trabajar de forma m\u00e1s eficaz y creativa con el software CAD. <\/p>\n","protected":false},"excerpt":{"rendered":"<p>Aqu\u00ed encontrar\u00e1s art\u00edculos de conocimiento, consejos y actualizaciones sobre dise\u00f1o CAD en 3D con IronCAD. Desde gu\u00edas pr\u00e1cticas hasta noticias sobre productos, descubre c\u00f3mo trabajar de forma m\u00e1s eficaz y creativa con el software CAD.<\/p>\n","protected":false},"author":1,"featured_media":0,"parent":0,"menu_order":0,"comment_status":"closed","ping_status":"closed","template":"page-blog.php","meta":{"_et_pb_use_builder":"off","_et_pb_old_content":"","_et_gb_content_width":"","_improvement_type_select":"improve_an_existing","_thumb_yes_seoaic":false,"_frame_yes_seoaic":false,"seoaic_generate_description":"","seoaic_improve_instructions_prompt":"","seoaic_rollback_content_improvement":"","seoaic_idea_thumbnail_generator":"","thumbnail_generated":false,"thumbnail_generate_prompt":"","seoaic_article_description":"","footnotes":"","advanced-sidebar-menu\/link-title":"","advanced-sidebar-menu\/exclude-page":false},"dipi_cpt_category":[],"class_list":["post-25688","page","type-page","status-publish","hentry"],"_links":{"self":[{"href":"https:\/\/ironcad.eu\/es\/wp-json\/wp\/v2\/pages\/25688","targetHints":{"allow":["GET"]}}],"collection":[{"href":"https:\/\/ironcad.eu\/es\/wp-json\/wp\/v2\/pages"}],"about":[{"href":"https:\/\/ironcad.eu\/es\/wp-json\/wp\/v2\/types\/page"}],"author":[{"embeddable":true,"href":"https:\/\/ironcad.eu\/es\/wp-json\/wp\/v2\/users\/1"}],"replies":[{"embeddable":true,"href":"https:\/\/ironcad.eu\/es\/wp-json\/wp\/v2\/comments?post=25688"}],"version-history":[{"count":1,"href":"https:\/\/ironcad.eu\/es\/wp-json\/wp\/v2\/pages\/25688\/revisions"}],"predecessor-version":[{"id":28634,"href":"https:\/\/ironcad.eu\/es\/wp-json\/wp\/v2\/pages\/25688\/revisions\/28634"}],"wp:attachment":[{"href":"https:\/\/ironcad.eu\/es\/wp-json\/wp\/v2\/media?parent=25688"}],"wp:term":[{"taxonomy":"dipi_cpt_category","embeddable":true,"href":"https:\/\/ironcad.eu\/es\/wp-json\/wp\/v2\/dipi_cpt_category?post=25688"}],"curies":[{"name":"wp","href":"https:\/\/api.w.org\/{rel}","templated":true}]}}