{"id":25691,"date":"2026-01-27T16:02:23","date_gmt":"2026-01-27T15:02:23","guid":{"rendered":"https:\/\/ironcad.eu\/3dconnexion\/"},"modified":"2026-03-18T09:00:43","modified_gmt":"2026-03-18T08:00:43","slug":"3dconnexion","status":"publish","type":"page","link":"https:\/\/ironcad.eu\/es\/extensiones\/3dconnexion\/","title":{"rendered":"3Dconnexion"},"content":{"rendered":"<p>[et_pb_section fb_built=\u00bb1&#8243; custom_padding_last_edited=\u00bboff|desktop\u00bb _builder_version=\u00bb4.27.4&#8243; _module_preset=\u00bbdefault\u00bb custom_padding=\u00bb1rem||2rem||false|false\u00bb locked=\u00bboff\u00bb global_colors_info=\u00bb{}\u00bb][et_pb_row custom_padding_last_edited=\u00bbon|desktop\u00bb admin_label=\u00bbRastro de migas\u00bb _builder_version=\u00bb4.27.4&#8243; _module_preset=\u00bbdefault\u00bb custom_padding=\u00bb0rem||||false|false\u00bb custom_padding_tablet=\u00bb0rem||||false|false\u00bb custom_padding_phone=\u00bb0rem||||false|false\u00bb global_module=\u00bb11007&#8243; saved_tabs=\u00bball\u00bb collapsed=\u00bboff\u00bb global_colors_info=\u00bb{}\u00bb][et_pb_column type=\u00bb4_4&#8243; _builder_version=\u00bb4.24.0&#8243; _module_preset=\u00bbdefault\u00bb global_colors_info=\u00bb{}\u00bb][et_pb_code admin_label=\u00bbC\u00f3digo\u00bb _builder_version=\u00bb4.27.4&#8243; _module_preset=\u00bbdefault\u00bb custom_css_main_element=\u00bbfont-size: .7em;||text-transform: uppercase;\u00bb global_colors_info=\u00bb{}\u00bb]<nav aria-label=\"breadcrumbs\" class=\"rank-math-breadcrumb\"><p><span class=\"last\">Home<\/span><\/p><\/nav>[\/et_pb_code][\/et_pb_column][\/et_pb_row][et_pb_row custom_padding_last_edited=\u00bboff|desktop\u00bb _builder_version=\u00bb4.27.4&#8243; _module_preset=\u00bbdefault\u00bb module_alignment=\u00bbcenter\u00bb custom_margin_last_edited=\u00bboff|desktop\u00bb custom_padding=\u00bb1rem||0rem||false|false\u00bb global_colors_info=\u00bb{}\u00bb][et_pb_column type=\u00bb4_4&#8243; _builder_version=\u00bb4.24.0&#8243; _module_preset=\u00bbdefault\u00bb global_colors_info=\u00bb{}\u00bb][et_pb_post_title _builder_version=\u00bb4.27.4&#8243; _module_preset=\u00bbdefault\u00bb custom_margin=\u00bb||0px||false|false\u00bb custom_padding=\u00bb||0px||false|false\u00bb global_colors_info=\u00bb{}\u00bb][\/et_pb_post_title][\/et_pb_column][\/et_pb_row][et_pb_row column_structure=\u00bb2_3,1_3&#8243; _builder_version=\u00bb4.27.4&#8243; _module_preset=\u00bbdefault\u00bb module_alignment=\u00bbcenter\u00bb custom_margin=\u00bb|376px||auto|false|false\u00bb custom_padding=\u00bb1rem||1rem||true|false\u00bb global_colors_info=\u00bb{}\u00bb][et_pb_column type=\u00bb2_3&#8243; _builder_version=\u00bb4.24.0&#8243; _module_preset=\u00bbdefault\u00bb global_colors_info=\u00bb{}\u00bb][et_pb_text _builder_version=\u00bb4.27.4&#8243; _module_preset=\u00bbdefault\u00bb global_colors_info=\u00bb{}\u00bb]<\/p>\n<h2>Hardware de 3Dconnexion para IronCAD<\/h2>\n<p><a href=\"https:\/\/3dconnexion.com\/\" target=\"_blank\" rel=\"noopener nofollow\">3Dconnexion<\/a> desarrolla hardware ergon\u00f3mico y software de apoyo que hacen que trabajar en IronCAD sea m\u00e1s r\u00e1pido, c\u00f3modo e intuitivo. Los productos conectan directamente con la forma en que los usuarios de IronCAD navegan, modelan y dise\u00f1an en 3D. <\/p>\n<p>Al combinar dispositivos de entrada especializados con software inteligente, 3Dconnexion IronCAD ayuda a los profesionales a mejorar su flujo de trabajo, con m\u00e1s control, menos acciones y una forma m\u00e1s natural de trabajar.<\/p>\n<p>[\/et_pb_text][\/et_pb_column][et_pb_column type=\u00bb1_3&#8243; _builder_version=\u00bb4.27.4&#8243; _module_preset=\u00bbdefault\u00bb custom_padding=\u00bb2rem|1rem|2rem|1rem|true|true\u00bb border_radii=\u00bbon|8px|8px|8px|8px\u00bb box_shadow_style=\u00bbpreset2&#8243; global_colors_info=\u00bb{}\u00bb][et_pb_image src=\u00bbhttps:\/\/ironcad.eu\/wp-content\/uploads\/2026\/01\/3dconnexion_logo.webp\u00bb alt=\u00bbLogotipo 3Dconnexion\u00bb title_text=\u00bb3Dconnexion\u00bb url=\u00bbhttps:\/\/3dconnexion.com\/nl\/\u00bb url_new_window=\u00bbon\u00bb align=\u00bbcenter\u00bb _builder_version=\u00bb4.27.6&#8243; _module_preset=\u00bbdefault\u00bb hover_enabled=\u00bb0&#8243; border_radii=\u00bbon|8px|8px|8px|8px\u00bb global_colors_info=\u00bb{}\u00bb sticky_enabled=\u00bb0&#8243;][\/et_pb_image][et_pb_button button_url=\u00bbhttps:\/\/3dconnexion.com\/nl\/\u00bb url_new_window=\u00bbon\u00bb button_text=\u00bbM\u00e1s informaci\u00f3n\u00bb button_alignment=\u00bbcenter\u00bb _builder_version=\u00bb4.27.6&#8243; _module_preset=\u00bbdefault\u00bb button_bg_color=\u00bbgcid-primary-color\u00bb hover_enabled=\u00bb0&#8243; global_colors_info=\u00bb{%22gcid-cec01bf0-fc62-410c-9831-380fd97d1c1b%22:%91%22button_bg_color__hover%22%93,%22gcid-heading-color%22:%91%22button_bg_color__hover%22%93,%22gcid-primary-color%22:%91%22button_bg_color%22%93}\u00bb button_bg_color__hover=\u00bb#474747&#8243; sticky_enabled=\u00bb0&#8243;][\/et_pb_button][\/et_pb_column][\/et_pb_row][et_pb_row custom_padding_last_edited=\u00bboff|desktop\u00bb _builder_version=\u00bb4.27.4&#8243; _module_preset=\u00bbdefault\u00bb global_colors_info=\u00bb{}\u00bb][et_pb_column type=\u00bb4_4&#8243; _builder_version=\u00bb4.24.2&#8243; _module_preset=\u00bbdefault\u00bb global_colors_info=\u00bb{}\u00bb][et_pb_image src=\u00bbhttps:\/\/ironcad.eu\/wp-content\/uploads\/2026\/01\/navigation_main_image-e1769521380808.webp\u00bb alt=\u00bb3Dconnexion SpaceMouse en un escritorio moderno junto al teclado y el monitor con dise\u00f1o CAD\u00bb title_text=\u00bbimagen_principal_de_navegaci\u00f3n\u00bb _builder_version=\u00bb4.27.4&#8243; _module_preset=\u00bbdefault\u00bb border_radii=\u00bbon|8px|8px|8px|8px\u00bb global_colors_info=\u00bb{}\u00bb][\/et_pb_image][et_pb_text _builder_version=\u00bb4.27.4&#8243; _module_preset=\u00bbdefault\u00bb global_colors_info=\u00bb{}\u00bb]<\/p>\n<h2>Dise\u00f1ado para trabajos CAD profesionales<\/h2>\n<p>IronCAD es sin\u00f3nimo de flexibilidad, velocidad e interacci\u00f3n directa con el modelo. El hardware de 3Dconnexion refuerza estas caracter\u00edsticas desvinculando la navegaci\u00f3n y la entrada de datos del propio modelado. La combinaci\u00f3n de IronCAD y 3Dconnexion crea un flujo de trabajo de dise\u00f1o fluido y l\u00f3gico.  <\/p>\n<p>[\/et_pb_text][\/et_pb_column][\/et_pb_row][et_pb_row column_structure=\u00bb1_4,1_4,1_4,1_4&#8243; custom_padding_last_edited=\u00bboff|desktop\u00bb _builder_version=\u00bb4.27.4&#8243; _module_preset=\u00bbdefault\u00bb custom_margin_last_edited=\u00bboff|desktop\u00bb custom_padding=\u00bb1rem||1rem||true|false\u00bb global_colors_info=\u00bb{}\u00bb][et_pb_column type=\u00bb1_4&#8243; _builder_version=\u00bb4.24.0&#8243; _module_preset=\u00bbdefault\u00bb global_colors_info=\u00bb{}\u00bb][et_pb_blurb use_icon=\u00bbon\u00bb font_icon=\u00bb&#xe049;||fa||400&#8243; icon_color=\u00bbgcid-primary-color\u00bb icon_alignment=\u00bbcenter\u00bb _builder_version=\u00bb4.27.4&#8243; _module_preset=\u00bbdefault\u00bb custom_margin=\u00bb||0rem||false|false\u00bb global_colors_info=\u00bb{%22gcid-2c6a33f9-5f77-4945-8274-f487275e6c76%22:%91%22box_shadow_color%22,%22box_shadow_color%22%93,%22gcid-primary-color%22:%91%22icon_color%22%93}\u00bb]<\/p>\n<p style=\"text-align: center;\"><strong>Navegaci\u00f3n y dise\u00f1o simult\u00e1neos<\/strong><\/p>\n<p>[\/et_pb_blurb][\/et_pb_column][et_pb_column type=\u00bb1_4&#8243; _builder_version=\u00bb4.24.0&#8243; _module_preset=\u00bbdefault\u00bb global_colors_info=\u00bb{}\u00bb][et_pb_blurb use_icon=\u00bbon\u00bb font_icon=\u00bb&#xf8cc;||fa||900&#8243; icon_color=\u00bbgcid-primary-color\u00bb icon_alignment=\u00bbcenter\u00bb _builder_version=\u00bb4.27.4&#8243; _module_preset=\u00bbdefault\u00bb custom_margin=\u00bb||0rem||false|false\u00bb global_colors_info=\u00bb{%22gcid-2c6a33f9-5f77-4945-8274-f487275e6c76%22:%91%22box_shadow_color%22,%22box_shadow_color%22%93,%22gcid-primary-color%22:%91%22icon_color%22%93}\u00bb]<\/p>\n<p style=\"text-align: center;\"><strong>Cambio m\u00e1s r\u00e1pido entre vista general y detallada<\/strong><\/p>\n<p>[\/et_pb_blurb][\/et_pb_column][et_pb_column type=\u00bb1_4&#8243; _builder_version=\u00bb4.24.0&#8243; _module_preset=\u00bbdefault\u00bb global_colors_info=\u00bb{}\u00bb][et_pb_blurb use_icon=\u00bbon\u00bb font_icon=\u00bb&#xe08d;||divi||400&#8243; icon_color=\u00bbgcid-primary-color\u00bb icon_alignment=\u00bbcenter\u00bb _builder_version=\u00bb4.27.4&#8243; _module_preset=\u00bbdefault\u00bb custom_margin=\u00bb||0rem||false|false\u00bb global_colors_info=\u00bb{%22gcid-2c6a33f9-5f77-4945-8274-f487275e6c76%22:%91%22box_shadow_color%22,%22box_shadow_color%22,%22box_shadow_color%22%93,%22gcid-primary-color%22:%91%22icon_color%22%93}\u00bb]<\/p>\n<p style=\"text-align: center;\"><strong>M\u00e1s precisi\u00f3n y control en modelos complejos<\/strong><\/p>\n<p>[\/et_pb_blurb][\/et_pb_column][et_pb_column type=\u00bb1_4&#8243; _builder_version=\u00bb4.24.0&#8243; _module_preset=\u00bbdefault\u00bb global_colors_info=\u00bb{}\u00bb][et_pb_blurb use_icon=\u00bbon\u00bb font_icon=\u00bb&#xf007;||fa||900&#8243; icon_color=\u00bbgcid-primary-color\u00bb icon_alignment=\u00bbcenter\u00bb _builder_version=\u00bb4.27.4&#8243; _module_preset=\u00bbdefault\u00bb custom_margin=\u00bb||0rem||false|false\u00bb global_colors_info=\u00bb{%22gcid-2c6a33f9-5f77-4945-8274-f487275e6c76%22:%91%22box_shadow_color%22,%22box_shadow_color%22%93,%22gcid-primary-color%22:%91%22icon_color%22%93}\u00bb]<\/p>\n<p style=\"text-align: center;\"><strong>Trabajar c\u00f3modamente durante m\u00e1s tiempo<\/strong><\/p>\n<p>[\/et_pb_blurb][\/et_pb_column][\/et_pb_row][\/et_pb_section][et_pb_section fb_built=\u00bb1&#8243; _builder_version=\u00bb4.27.4&#8243; _module_preset=\u00bbdefault\u00bb background_color=\u00bbgcid-f52cc46c-103a-4f3e-bb71-6efb5f79ee25&#8243; global_colors_info=\u00bb{%22gcid-f52cc46c-103a-4f3e-bb71-6efb5f79ee25%22:%91%22background_color%22%93}\u00bb][et_pb_row custom_padding_last_edited=\u00bboff|desktop\u00bb _builder_version=\u00bb4.27.4&#8243; _module_preset=\u00bbdefault\u00bb custom_margin_last_edited=\u00bboff|desktop\u00bb custom_padding=\u00bb2rem||0rem||false|false\u00bb global_colors_info=\u00bb{}\u00bb][et_pb_column type=\u00bb4_4&#8243; _builder_version=\u00bb4.24.2&#8243; _module_preset=\u00bbdefault\u00bb global_colors_info=\u00bb{}\u00bb][et_pb_text _builder_version=\u00bb4.27.4&#8243; _module_preset=\u00bbdefault\u00bb text_orientation=\u00bbcenter\u00bb global_colors_info=\u00bb{}\u00bb]<\/p>\n<h2>Productos de 3Dconnexion<\/h2>\n<p>Juntos, estos dispositivos forman una soluci\u00f3n integrada para el uso profesional de CAD.<\/p>\n<p>[\/et_pb_text][\/et_pb_column][\/et_pb_row][et_pb_row column_structure=\u00bb1_3,1_3,1_3&#8243; make_equal=\u00bbon\u00bb custom_padding_last_edited=\u00bboff|desktop\u00bb _builder_version=\u00bb4.27.4&#8243; _module_preset=\u00bbdefault\u00bb global_colors_info=\u00bb{}\u00bb][et_pb_column type=\u00bb1_3&#8243; _builder_version=\u00bb4.24.2&#8243; _module_preset=\u00bbdefault\u00bb global_colors_info=\u00bb{}\u00bb][et_pb_blurb title=\u00bbRatones 3D SpaceMouse\u00bb url_new_window=\u00bbon\u00bb image=\u00bbhttps:\/\/ironcad.eu\/wp-content\/uploads\/2026\/01\/SpaceMouse-Wireless-Bluetooth-Edition_gallery_01-1.webp\u00bb alt=\u00bb3Dconnexion SpaceMouse Rat\u00f3n inal\u00e1mbrico de navegaci\u00f3n 3D para software CAD y 3D\u00bb image_icon_width=\u00bb50%\u00bb icon_alignment=\u00bbcenter\u00bb _builder_version=\u00bb4.27.6&#8243; _module_preset=\u00bbdefault\u00bb text_orientation=\u00bbcenter\u00bb hover_enabled=\u00bb0&#8243; global_colors_info=\u00bb{}\u00bb sticky_enabled=\u00bb0&#8243;]<\/p>\n<p>La <a href=\"https:\/\/3dconnexion.com\/nl\/spacemouse\/\" target=\"_blank\" rel=\"noopener nofollow\">serie SpaceMouse<\/a> est\u00e1 dise\u00f1ada para una navegaci\u00f3n 3D intuitiva en IronCAD, en la que controlas el modelo con una mano y dise\u00f1as con la otra.<\/p>\n<p>[\/et_pb_blurb][\/et_pb_column][et_pb_column type=\u00bb1_3&#8243; _builder_version=\u00bb4.24.2&#8243; _module_preset=\u00bbdefault\u00bb global_colors_info=\u00bb{}\u00bb][et_pb_blurb title=\u00bbCadMouse\u00bb image=\u00bbhttps:\/\/ironcad.eu\/wp-content\/uploads\/2026\/01\/cmpw_gallery_thumb_01-1.webp\u00bb alt=\u00bbRat\u00f3n con cable 3Dconnexion CadMouse Pro para CAD y dise\u00f1o 3D\u00bb image_icon_width=\u00bb40%\u00bb icon_alignment=\u00bbcenter\u00bb _builder_version=\u00bb4.27.6&#8243; _module_preset=\u00bbdefault\u00bb text_orientation=\u00bbcenter\u00bb hover_enabled=\u00bb0&#8243; global_colors_info=\u00bb{}\u00bb sticky_enabled=\u00bb0&#8243;]<\/p>\n<p>Optimizado para trabajar con precisi\u00f3n en IronCAD, el <a href=\"https:\/\/3dconnexion.com\/nl\/cadmouse\/\" target=\"_blank\" rel=\"noopener nofollow\">CadMouse<\/a> ofrece mayor precisi\u00f3n y comodidad que un rat\u00f3n est\u00e1ndar.<\/p>\n<p>[\/et_pb_blurb][\/et_pb_column][et_pb_column type=\u00bb1_3&#8243; _builder_version=\u00bb4.24.2&#8243; _module_preset=\u00bbdefault\u00bb global_colors_info=\u00bb{}\u00bb][et_pb_blurb title=\u00bbTeclado y Numpad\u00bb image=\u00bbhttps:\/\/ironcad.eu\/wp-content\/uploads\/2026\/01\/keyboard-pro-with-numpad_us_lp_gallery_01.webp\u00bb alt=\u00bbTeclado 3Dconnexion Pro con teclado num\u00e9rico independiente para uso profesional\u00bb image_icon_width=\u00bb50%\u00bb icon_alignment=\u00bbcenter\u00bb _builder_version=\u00bb4.27.6&#8243; _module_preset=\u00bbdefault\u00bb text_orientation=\u00bbcenter\u00bb hover_enabled=\u00bb0&#8243; global_colors_info=\u00bb{}\u00bb sticky_enabled=\u00bb0&#8243;]<\/p>\n<p>Dise\u00f1ados para una introducci\u00f3n eficaz en IronCAD, el <a href=\"https:\/\/3dconnexion.com\/nl\/product\/keyboard-pro-with-numpad\/\" target=\"_blank\" rel=\"noopener nofollow\">teclado y el Numpad<\/a> de 3Dconnexion ofrecen teclas programables para los comandos m\u00e1s utilizados.<\/p>\n<p>[\/et_pb_blurb][\/et_pb_column][\/et_pb_row][\/et_pb_section][et_pb_section fb_built=\u00bb1&#8243; custom_padding_last_edited=\u00bboff|desktop\u00bb _builder_version=\u00bb4.27.4&#8243; _module_preset=\u00bbdefault\u00bb background_color=\u00bb#FFFFFF\u00bb global_colors_info=\u00bb{}\u00bb][et_pb_row custom_padding_last_edited=\u00bboff|desktop\u00bb _builder_version=\u00bb4.27.4&#8243; _module_preset=\u00bbdefault\u00bb global_colors_info=\u00bb{}\u00bb][et_pb_column type=\u00bb4_4&#8243; _builder_version=\u00bb4.24.2&#8243; _module_preset=\u00bbdefault\u00bb global_colors_info=\u00bb{}\u00bb][et_pb_text _builder_version=\u00bb4.27.4&#8243; _module_preset=\u00bbdefault\u00bb global_colors_info=\u00bb{}\u00bb]<\/p>\n<h2>Hardware y software trabajando juntos<\/h2>\n<p>El hardware de 3Dconnexion est\u00e1 respaldado por un software inteligente y f\u00e1cil de usar. Esto permite a los usuarios configurar botones, establecer perfiles por aplicaci\u00f3n y adaptar completamente el hardware a su flujo de trabajo personal en IronCAD y otros sistemas CAD. <\/p>\n<p>Esta combinaci\u00f3n garantiza una experiencia de usuario coherente y eficaz en distintos entornos de dise\u00f1o 3D.<\/p>\n<p>[\/et_pb_text][et_pb_text _builder_version=\u00bb4.27.4&#8243; _module_preset=\u00bbdefault\u00bb global_colors_info=\u00bb{}\u00bb]<\/p>\n<h2>Operando en todo el mundo<\/h2>\n<p>3Dconnexion es una organizaci\u00f3n internacional con oficinas en Alemania, Jap\u00f3n, M\u00f3naco, Polonia y Estados Unidos. Desde estas sedes, la empresa presta apoyo a una red mundial de profesionales de la ingenier\u00eda, el dise\u00f1o y la tecnolog\u00eda. <\/p>\n<p>[\/et_pb_text][\/et_pb_column][\/et_pb_row][\/et_pb_section][et_pb_section fb_built=\u00bb1&#8243; custom_padding_last_edited=\u00bboff|desktop\u00bb _builder_version=\u00bb4.27.4&#8243; _module_preset=\u00bbdefault\u00bb background_color=\u00bbgcid-f52cc46c-103a-4f3e-bb71-6efb5f79ee25&#8243; global_colors_info=\u00bb{%22gcid-f52cc46c-103a-4f3e-bb71-6efb5f79ee25%22:%91%22background_color%22%93}\u00bb][et_pb_row column_structure=\u00bb3_5,2_5&#8243; custom_padding_last_edited=\u00bboff|desktop\u00bb _builder_version=\u00bb4.27.4&#8243; _module_preset=\u00bbdefault\u00bb custom_padding=\u00bb1rem||1rem||true|false\u00bb global_colors_info=\u00bb{}\u00bb][et_pb_column type=\u00bb3_5&#8243; _builder_version=\u00bb4.27.4&#8243; _module_preset=\u00bbdefault\u00bb global_colors_info=\u00bb{}\u00bb][et_pb_text _builder_version=\u00bb4.27.4&#8243; _module_preset=\u00bbdefault\u00bb min_height=\u00bb60.8px\u00bb custom_margin=\u00bb||||false|false\u00bb global_colors_info=\u00bb{}\u00bb]<\/p>\n<h2>3Dconnexion y IronCAD<\/h2>\n<p>Las soluciones de 3Dconnexion se integran perfectamente con IronCAD. Utilizando este hardware especializado, los usuarios de IronCAD pueden acelerar su flujo de trabajo y trabajar m\u00e1s c\u00f3modamente tanto en el desarrollo de conceptos como en la ingenier\u00eda de detalle. <\/p>\n<p>Descubre toda la oferta de hardware y soluciones en el sitio web de 3Dconnexion y decide qu\u00e9 configuraci\u00f3n se adapta mejor a tu forma de trabajar.<\/p>\n<p>[\/et_pb_text][dipi_button_grid flex_direction=\u00bbrow\u00bb justify_content=\u00bbflex-start\u00bb _builder_version=\u00bb4.27.6&#8243; _dynamic_attributes=\u00bblink_option_url\u00bb _module_preset=\u00bbdefault\u00bb link_option_url=\u00bb@ET-DC@eyJkeW5hbWljIjp0cnVlLCJjb250ZW50IjoicG9zdF9saW5rX3VybF9wYWdlIiwic2V0dGluZ3MiOnsicG9zdF9pZCI6IjExMjMyIiwiZW5hYmxlX2h0bWwiOiJvZmYifX0=@\u00bb hover_enabled=\u00bb0&#8243; global_colors_info=\u00bb{}\u00bb sticky_enabled=\u00bb0&#8243;][dipi_button_grid_child button_id=\u00bbBekijk 3Dconnexion\u00bb button_type=\u00bbdp_button\u00bb button_text=\u00bbVer los productos de 3Dconnexion\u00bb button_link=\u00bbhttps:\/\/3dconnexion.com\/nl\/\u00bb button_link_target=\u00bbon\u00bb _builder_version=\u00bb4.27.6&#8243; _module_preset=\u00bbdefault\u00bb custom_button=\u00bbon\u00bb button_bg_color=\u00bbgcid-primary-color\u00bb button_font=\u00bb|600||on|||||\u00bb button_icon=\u00bb&#xf129;||fa||900&#8243; button_icon_placement=\u00bbright\u00bb button_on_hover=\u00bbon\u00bb button_custom_margin=\u00bb||||false|false\u00bb button_custom_padding=\u00bb10px|35px|10px|35px|true|true\u00bb hover_enabled=\u00bb0&#8243; global_colors_info=\u00bb{%22gcid-primary-color%22:%91%22button_bg_color%22%93,%22gcid-heading-color%22:%91%22button_bg_color__hover%22%93}\u00bb button_bg_color__hover_enabled=\u00bbon|hover\u00bb button_bg_color__hover=\u00bb#474747&#8243; button_bg_enable_color__hover=\u00bbon\u00bb sticky_enabled=\u00bb0&#8243;][\/dipi_button_grid_child][dipi_button_grid_child button_id=\u00bbProbeer IronCAD\u00bb button_type=\u00bbdp_button\u00bb button_text=\u00bbPrueba IronCAD\u00bb button_link=\u00bb@ET-DC@eyJkeW5hbWljIjp0cnVlLCJjb250ZW50IjoicG9zdF9saW5rX3VybF9wYWdlIiwic2V0dGluZ3MiOnsicG9zdF9pZCI6IjExMDYzIiwiZW5hYmxlX2h0bWwiOiJvZmYifX0=@\u00bb _builder_version=\u00bb4.27.4&#8243; _dynamic_attributes=\u00bbbutton_link\u00bb _module_preset=\u00bbdefault\u00bb custom_button=\u00bbon\u00bb button_bg_color=\u00bbgcid-heading-color\u00bb button_font=\u00bb|600||on|||||\u00bb button_icon=\u00bb&#xe092;||divi||400&#8243; button_icon_placement=\u00bbright\u00bb button_on_hover=\u00bbon\u00bb button_custom_margin=\u00bb||||false|false\u00bb button_custom_padding=\u00bb10px|35px|10px|35px|true|true\u00bb global_colors_info=\u00bb{%22gcid-heading-color%22:%91%22button_bg_color%22%93,%22gcid-primary-color%22:%91%22button_bg_color__hover%22%93}\u00bb button_bg_color__hover_enabled=\u00bbon|hover\u00bb button_bg_color__hover=\u00bb#1694b2&#8243; button_bg_enable_color__hover=\u00bbon\u00bb][\/dipi_button_grid_child][\/dipi_button_grid][\/et_pb_column][et_pb_column type=\u00bb2_5&#8243; _builder_version=\u00bb4.27.4&#8243; _module_preset=\u00bbdefault\u00bb global_colors_info=\u00bb{}\u00bb][et_pb_image src=\u00bbhttps:\/\/ironcad.eu\/wp-content\/uploads\/2026\/01\/productpage-teaser_desktop-pro_desktop-e1769523564170.webp\u00bb alt=\u00bb3Dconnexion Desktop Pro con SpaceMouse, teclado num\u00e9rico, teclado y rat\u00f3n de escritorio\u00bb title_text=\u00bbproductpage-teaser_desktop-pro_desktop\u00bb _builder_version=\u00bb4.27.4&#8243; _module_preset=\u00bbdefault\u00bb border_radii=\u00bbon|8px|8px|8px|8px\u00bb global_colors_info=\u00bb{}\u00bb][\/et_pb_image][\/et_pb_column][\/et_pb_row][\/et_pb_section]<\/p>\n","protected":false},"excerpt":{"rendered":"<p>Descubre el hardware ergon\u00f3mico de 3Dconnexion para IronCAD. SpaceMouse, CadMouse, Teclado y Numpad para un dise\u00f1o 3D m\u00e1s r\u00e1pido y c\u00f3modo. <\/p>\n","protected":false},"author":2,"featured_media":0,"parent":25853,"menu_order":0,"comment_status":"closed","ping_status":"closed","template":"","meta":{"_et_pb_use_builder":"on","_et_pb_old_content":"","_et_gb_content_width":"","_improvement_type_select":"improve_an_existing","_thumb_yes_seoaic":false,"_frame_yes_seoaic":false,"seoaic_generate_description":"","seoaic_improve_instructions_prompt":"","seoaic_rollback_content_improvement":"","seoaic_idea_thumbnail_generator":"","thumbnail_generated":false,"thumbnail_generate_prompt":"","seoaic_article_description":"","footnotes":"","advanced-sidebar-menu\/link-title":"","advanced-sidebar-menu\/exclude-page":false},"dipi_cpt_category":[],"class_list":["post-25691","page","type-page","status-publish","hentry"],"_links":{"self":[{"href":"https:\/\/ironcad.eu\/es\/wp-json\/wp\/v2\/pages\/25691","targetHints":{"allow":["GET"]}}],"collection":[{"href":"https:\/\/ironcad.eu\/es\/wp-json\/wp\/v2\/pages"}],"about":[{"href":"https:\/\/ironcad.eu\/es\/wp-json\/wp\/v2\/types\/page"}],"author":[{"embeddable":true,"href":"https:\/\/ironcad.eu\/es\/wp-json\/wp\/v2\/users\/2"}],"replies":[{"embeddable":true,"href":"https:\/\/ironcad.eu\/es\/wp-json\/wp\/v2\/comments?post=25691"}],"version-history":[{"count":0,"href":"https:\/\/ironcad.eu\/es\/wp-json\/wp\/v2\/pages\/25691\/revisions"}],"up":[{"embeddable":true,"href":"https:\/\/ironcad.eu\/es\/wp-json\/wp\/v2\/pages\/25853"}],"wp:attachment":[{"href":"https:\/\/ironcad.eu\/es\/wp-json\/wp\/v2\/media?parent=25691"}],"wp:term":[{"taxonomy":"dipi_cpt_category","embeddable":true,"href":"https:\/\/ironcad.eu\/es\/wp-json\/wp\/v2\/dipi_cpt_category?post=25691"}],"curies":[{"name":"wp","href":"https:\/\/api.w.org\/{rel}","templated":true}]}}