{"id":25793,"date":"2025-03-27T11:33:50","date_gmt":"2025-03-27T10:33:50","guid":{"rendered":"https:\/\/ironcad.eu\/ironcad-componer\/"},"modified":"2026-02-11T16:01:23","modified_gmt":"2026-02-11T15:01:23","slug":"ironcad-componer","status":"publish","type":"page","link":"https:\/\/ironcad.eu\/es\/ironcad\/ironcad-componer\/","title":{"rendered":"IronCAD Componer"},"content":{"rendered":"<p>[et_pb_section fb_built=\u00bb1&#8243; _builder_version=\u00bb4.24.0&#8243; _module_preset=\u00bbdefault\u00bb locked=\u00bboff\u00bb global_colors_info=\u00bb{}\u00bb][et_pb_row custom_padding_last_edited=\u00bbon|desktop\u00bb admin_label=\u00bbRastro de migas\u00bb _builder_version=\u00bb4.27.4&#8243; _module_preset=\u00bbdefault\u00bb custom_padding=\u00bb0rem||||false|false\u00bb custom_padding_tablet=\u00bb0rem||||false|false\u00bb custom_padding_phone=\u00bb0rem||||false|false\u00bb global_module=\u00bb11007&#8243; saved_tabs=\u00bball\u00bb collapsed=\u00bboff\u00bb global_colors_info=\u00bb{}\u00bb][et_pb_column type=\u00bb4_4&#8243; _builder_version=\u00bb4.24.0&#8243; _module_preset=\u00bbdefault\u00bb global_colors_info=\u00bb{}\u00bb][et_pb_code admin_label=\u00bbC\u00f3digo\u00bb _builder_version=\u00bb4.24.1&#8243; _module_preset=\u00bbdefault\u00bb custom_css_main_element=\u00bbfont-size: .7em;||text-transform: uppercase;\u00bb global_colors_info=\u00bb{}\u00bb]<nav aria-label=\"breadcrumbs\" class=\"rank-math-breadcrumb\"><p><span class=\"last\">Home<\/span><\/p><\/nav>[\/et_pb_code][\/et_pb_column][\/et_pb_row][et_pb_row column_structure=\u00bb1_2,1_2&#8243; use_custom_gutter=\u00bbon\u00bb gutter_width=\u00bb2&#8243; _builder_version=\u00bb4.27.4&#8243; _module_preset=\u00bbdefault\u00bb custom_padding=\u00bb1rem||1rem||true|false\u00bb global_colors_info=\u00bb{}\u00bb][et_pb_column type=\u00bb1_2&#8243; _builder_version=\u00bb4.24.0&#8243; _module_preset=\u00bbdefault\u00bb global_colors_info=\u00bb{}\u00bb][et_pb_post_title _builder_version=\u00bb4.27.4&#8243; _module_preset=\u00bbdefault\u00bb custom_margin=\u00bb||0px||false|false\u00bb global_colors_info=\u00bb{}\u00bb][\/et_pb_post_title][et_pb_text _builder_version=\u00bb4.27.4&#8243; _module_preset=\u00bbdefault\u00bb global_colors_info=\u00bb{}\u00bb]<\/p>\n<h2>Visor CAD 3D gratuito y herramienta de colaboraci\u00f3n<\/h2>\n<p>IronCAD Compose es un software CAD gratuito para ver, medir, anotar y compartir archivos CAD 3D y 2D. El software es ideal para la colaboraci\u00f3n entre ingenier\u00eda, producci\u00f3n, ventas y clientes. Incluso los usuarios sin experiencia en CAD pueden participar activamente en el proceso de dise\u00f1o.  <\/p>\n<p>IronCAD Compose te permite abrir r\u00e1pidamente dise\u00f1os, comprobar dimensiones y proporcionar comentarios sin necesidad de licencias CAD adicionales. Esto convierte a Compose en una potente soluci\u00f3n para la revisi\u00f3n de dise\u00f1os, la preparaci\u00f3n de la producci\u00f3n y la comunicaci\u00f3n con el cliente. <\/p>\n<p>[\/et_pb_text][et_pb_button button_url=\u00bbhttps:\/\/www.ironcad.com\/download\/COMPOSE\/latest*\u00bb button_text=\u00bbDescargar Componer\u00bb _builder_version=\u00bb4.27.4&#8243; _module_preset=\u00bbdefault\u00bb button_bg_color=\u00bbgcid-primary-color\u00bb button_icon=\u00bb&#xe092;||divi||400&#8243; global_colors_info=\u00bb{%22gcid-3421bf6d-18b2-4c4f-a72e-22b2864b9384%22:%91%22button_bg_color%22%93,%22gcid-primary-color%22:%91%22button_bg_color%22%93,%22gcid-heading-color%22:%91%22button_bg_color__hover%22%93}\u00bb button_bg_color__hover=\u00bb#474747&#8243;][\/et_pb_button][\/et_pb_column][et_pb_column type=\u00bb1_2&#8243; _builder_version=\u00bb4.24.0&#8243; _module_preset=\u00bbdefault\u00bb global_colors_info=\u00bb{}\u00bb][et_pb_image src=\u00bbhttps:\/\/ironcad.eu\/wp-content\/uploads\/2026\/01\/Spring-Suspension.webp\u00bb alt=\u00bbDise\u00f1o CAD 3D de un conjunto de amortiguador de muelle con amortiguador met\u00e1lico y soportes de montaje amarillos, dise\u00f1ado en IronCAD\u00bb title_text=\u00bbSuspensi\u00f3n de muelles\u00bb _builder_version=\u00bb4.27.4&#8243; _module_preset=\u00bbdefault\u00bb border_radii=\u00bbon|8px|8px|8px|8px\u00bb global_colors_info=\u00bb{}\u00bb][\/et_pb_image][\/et_pb_column][\/et_pb_row][et_pb_row custom_padding_last_edited=\u00bboff|desktop\u00bb admin_label=\u00bbConducir\u00bb _builder_version=\u00bb4.27.4&#8243; _module_preset=\u00bbdefault\u00bb custom_padding=\u00bb0rem||1rem||false|false\u00bb custom_padding_tablet=\u00bb2rem||0rem||false|false\u00bb custom_padding_phone=\u00bb2rem||0rem||false|false\u00bb global_colors_info=\u00bb{}\u00bb][et_pb_column type=\u00bb4_4&#8243; _builder_version=\u00bb4.24.0&#8243; _module_preset=\u00bbdefault\u00bb global_colors_info=\u00bb{}\u00bb][et_pb_divider divider_weight=\u00bb2px\u00bb _builder_version=\u00bb4.27.4&#8243; _module_preset=\u00bbdefault\u00bb custom_margin=\u00bb1rem||1rem||true|false\u00bb custom_padding=\u00bb0px||0px||true|false\u00bb global_colors_info=\u00bb{}\u00bb][\/et_pb_divider][\/et_pb_column][\/et_pb_row][et_pb_row column_structure=\u00bb3_5,2_5&#8243; custom_padding_last_edited=\u00bboff|desktop\u00bb admin_label=\u00bbConducir\u00bb _builder_version=\u00bb4.27.4&#8243; _module_preset=\u00bbdefault\u00bb custom_padding=\u00bb0rem||1rem||false|false\u00bb custom_padding_tablet=\u00bb2rem||0rem||false|false\u00bb custom_padding_phone=\u00bb2rem||0rem||false|false\u00bb global_colors_info=\u00bb{}\u00bb][et_pb_column type=\u00bb3_5&#8243; _builder_version=\u00bb4.24.0&#8243; _module_preset=\u00bbdefault\u00bb global_colors_info=\u00bb{}\u00bb][et_pb_text _builder_version=\u00bb4.27.4&#8243; _module_preset=\u00bbdefault\u00bb global_colors_info=\u00bb{}\u00bb]<\/p>\n<h2>\u00bfQu\u00e9 es IronCAD Compose?<\/h2>\n<p>IronCAD Compose es un visor CAD 3D gratuito para Windows dise\u00f1ado espec\u00edficamente para ver y analizar archivos IronCAD. Admite tanto modelos 3D como dibujos 2D y proporciona herramientas completas para comprobar y discutir dise\u00f1os.El intuitivo entorno 3D permite a los usuarios medir, comprobar y posicionar piezas f\u00e1cilmente. <\/p>\n<p>[\/et_pb_text][\/et_pb_column][et_pb_column type=\u00bb2_5&#8243; _builder_version=\u00bb4.27.4&#8243; _module_preset=\u00bbdefault\u00bb global_colors_info=\u00bb{}\u00bb][et_pb_blurb title=\u00bbComponer puede abrir, entre otros, los siguientes formatos de archivo\u00bb use_icon=\u00bbon\u00bb font_icon=\u00bb&#xf0c5;||fa||900&#8243; icon_placement=\u00bbleft\u00bb _builder_version=\u00bb4.27.4&#8243; _module_preset=\u00bbdefault\u00bb background_color=\u00bbgcid-f52cc46c-103a-4f3e-bb71-6efb5f79ee25&#8243; custom_margin=\u00bb||0rem||false|false\u00bb custom_padding=\u00bb2rem|2rem|1rem|2rem|false|true\u00bb border_radii=\u00bbon|8px|8px|8px|8px\u00bb global_colors_info=\u00bb{%22gcid-2c6a33f9-5f77-4945-8274-f487275e6c76%22:%91%22box_shadow_color%22,%22box_shadow_color%22%93,%22gcid-f52cc46c-103a-4f3e-bb71-6efb5f79ee25%22:%91%22background_color%22%93}\u00bb]<\/p>\n<ul>\n<li>Archivos IronCAD 3D (*.ics)<\/li>\n<li>Dibujos 2D de IronCAD (*.icd y *.exb)<\/li>\n<li>Archivos DWG y DXF 2D<\/li>\n<li>Varios formatos de facetas 3D<\/li>\n<\/ul>\n<p>[\/et_pb_blurb][\/et_pb_column][\/et_pb_row][\/et_pb_section][et_pb_section fb_built=\u00bb1&#8243; _builder_version=\u00bb4.27.4&#8243; _module_preset=\u00bbdefault\u00bb background_color=\u00bbgcid-f52cc46c-103a-4f3e-bb71-6efb5f79ee25&#8243; global_colors_info=\u00bb{%22gcid-f52cc46c-103a-4f3e-bb71-6efb5f79ee25%22:%91%22background_color%22%93}\u00bb][et_pb_row custom_padding_last_edited=\u00bboff|desktop\u00bb admin_label=\u00bbConducir\u00bb _builder_version=\u00bb4.27.4&#8243; _module_preset=\u00bbdefault\u00bb custom_padding=\u00bb2rem||1rem||false|false\u00bb global_colors_info=\u00bb{}\u00bb][et_pb_column type=\u00bb4_4&#8243; _builder_version=\u00bb4.24.0&#8243; _module_preset=\u00bbdefault\u00bb global_colors_info=\u00bb{}\u00bb][et_pb_text _builder_version=\u00bb4.27.4&#8243; _module_preset=\u00bbdefault\u00bb global_colors_info=\u00bb{}\u00bb]<\/p>\n<h2 style=\"text-align: center;\">Caracter\u00edsticas principales de IronCAD Compose<\/h2>\n<p>[\/et_pb_text][\/et_pb_column][\/et_pb_row][et_pb_row column_structure=\u00bb1_2,1_2&#8243; use_custom_gutter=\u00bbon\u00bb make_equal=\u00bbon\u00bb custom_padding_last_edited=\u00bboff|desktop\u00bb _builder_version=\u00bb4.27.4&#8243; _module_preset=\u00bbdefault\u00bb custom_margin_last_edited=\u00bboff|desktop\u00bb custom_padding=\u00bb1rem||1rem||true|false\u00bb global_colors_info=\u00bb{}\u00bb][et_pb_column type=\u00bb1_2&#8243; _builder_version=\u00bb4.27.4&#8243; _module_preset=\u00bbdefault\u00bb background_color=\u00bb#FFFFFF\u00bb custom_padding=\u00bb2rem|2rem|2rem|2rem|true|true\u00bb border_radii=\u00bbon|8px|8px|8px|8px\u00bb global_colors_info=\u00bb{}\u00bb][et_pb_blurb title=\u00bbVisualizaci\u00f3n y an\u00e1lisis de archivos CAD 3D y 2D\u00bb use_icon=\u00bbon\u00bb font_icon=\u00bb&#xf06e;||fa||900&#8243; icon_placement=\u00bbleft\u00bb _builder_version=\u00bb4.27.4&#8243; _module_preset=\u00bbdefault\u00bb background_color=\u00bbRGBA(255,255,255,0)\u00bb custom_margin=\u00bb||0rem||false|false\u00bb border_radii=\u00bbon|8px|8px|8px|8px\u00bb global_colors_info=\u00bb{%22gcid-2c6a33f9-5f77-4945-8274-f487275e6c76%22:%91%22box_shadow_color%22,%22box_shadow_color%22,%22box_shadow_color%22%93}\u00bb]<\/p>\n<p>Visualiza montajes complejos y dibujos t\u00e9cnicos sin licencia CAD. Ideal para producci\u00f3n, preparaci\u00f3n de trabajos y ventas. <\/p>\n<p>[\/et_pb_blurb][\/et_pb_column][et_pb_column type=\u00bb1_2&#8243; _builder_version=\u00bb4.27.4&#8243; _module_preset=\u00bbdefault\u00bb background_color=\u00bb#FFFFFF\u00bb custom_padding=\u00bb2rem|2rem|2rem|2rem|true|true\u00bb border_radii=\u00bbon|8px|8px|8px|8px\u00bb global_colors_info=\u00bb{}\u00bb][et_pb_blurb title=\u00bbMedidas, marcas e informaci\u00f3n\u00bb use_icon=\u00bbon\u00bb font_icon=\u00bb&#xf548;||fa||900&#8243; icon_placement=\u00bbleft\u00bb _builder_version=\u00bb4.27.4&#8243; _module_preset=\u00bbdefault\u00bb background_color=\u00bbRGBA(255,255,255,0)\u00bb custom_margin=\u00bb||0rem||false|false\u00bb border_radii=\u00bbon|8px|8px|8px|8px\u00bb global_colors_info=\u00bb{%22gcid-2c6a33f9-5f77-4945-8274-f487275e6c76%22:%91%22box_shadow_color%22,%22box_shadow_color%22,%22box_shadow_color%22%93}\u00bb]<\/p>\n<p>Toma medidas precisas, coloca marcas y a\u00f1ade comentarios para registrar y compartir opiniones con claridad.<\/p>\n<p>[\/et_pb_blurb][\/et_pb_column][\/et_pb_row][et_pb_row column_structure=\u00bb1_2,1_2&#8243; use_custom_gutter=\u00bbon\u00bb make_equal=\u00bbon\u00bb custom_padding_last_edited=\u00bboff|desktop\u00bb _builder_version=\u00bb4.27.4&#8243; _module_preset=\u00bbdefault\u00bb custom_margin_last_edited=\u00bboff|desktop\u00bb custom_padding=\u00bb1rem||1rem||true|false\u00bb global_colors_info=\u00bb{}\u00bb][et_pb_column type=\u00bb1_2&#8243; _builder_version=\u00bb4.27.4&#8243; _module_preset=\u00bbdefault\u00bb background_color=\u00bb#FFFFFF\u00bb custom_padding=\u00bb2rem|2rem|2rem|2rem|true|true\u00bb border_radii=\u00bbon|8px|8px|8px|8px\u00bb global_colors_info=\u00bb{}\u00bb][et_pb_blurb title=\u00bbMontar conjuntos y mostrar variantes\u00bb use_icon=\u00bbon\u00bb font_icon=\u00bb&#xf12e;||fa||900&#8243; icon_placement=\u00bbleft\u00bb _builder_version=\u00bb4.27.4&#8243; _module_preset=\u00bbdefault\u00bb background_color=\u00bbRGBA(255,255,255,0)\u00bb custom_margin=\u00bb||0rem||false|false\u00bb border_radii=\u00bbon|8px|8px|8px|8px\u00bb global_colors_info=\u00bb{%22gcid-2c6a33f9-5f77-4945-8274-f487275e6c76%22:%91%22box_shadow_color%22,%22box_shadow_color%22,%22box_shadow_color%22%93}\u00bb]<\/p>\n<p>Monta conjuntos y muestra diferentes configuraciones para debatir mejor las opciones de dise\u00f1o.<\/p>\n<p>[\/et_pb_blurb][\/et_pb_column][et_pb_column type=\u00bb1_2&#8243; _builder_version=\u00bb4.27.4&#8243; _module_preset=\u00bbdefault\u00bb background_color=\u00bb#FFFFFF\u00bb custom_padding=\u00bb2rem|2rem|2rem|2rem|true|true\u00bb border_radii=\u00bbon|8px|8px|8px|8px\u00bb global_colors_info=\u00bb{}\u00bb][et_pb_blurb title=\u00bbGenerar renders y animaciones\u00bb use_icon=\u00bbon\u00bb font_icon=\u00bb&#xf03e;||fa||900&#8243; icon_placement=\u00bbleft\u00bb _builder_version=\u00bb4.27.4&#8243; _module_preset=\u00bbdefault\u00bb background_color=\u00bbRGBA(255,255,255,0)\u00bb custom_margin=\u00bb||0rem||false|false\u00bb border_radii=\u00bbon|8px|8px|8px|8px\u00bb global_colors_info=\u00bb{%22gcid-2c6a33f9-5f77-4945-8274-f487275e6c76%22:%91%22box_shadow_color%22,%22box_shadow_color%22,%22box_shadow_color%22%93}\u00bb]<\/p>\n<p>Crea presentaciones visuales, renders y animaciones para una comunicaci\u00f3n clara con los clientes y los equipos internos.<\/p>\n<p>[\/et_pb_blurb][\/et_pb_column][\/et_pb_row][\/et_pb_section][et_pb_section fb_built=\u00bb1&#8243; _builder_version=\u00bb4.27.4&#8243; _module_preset=\u00bbdefault\u00bb background_color=\u00bbRGBA(255,255,255,0)\u00bb global_colors_info=\u00bb{}\u00bb][et_pb_row column_structure=\u00bb2_5,3_5&#8243; admin_label=\u00bbConducir\u00bb _builder_version=\u00bb4.24.0&#8243; _module_preset=\u00bbdefault\u00bb global_colors_info=\u00bb{}\u00bb][et_pb_column type=\u00bb2_5&#8243; _builder_version=\u00bb4.24.0&#8243; _module_preset=\u00bbdefault\u00bb global_colors_info=\u00bb{}\u00bb][et_pb_image src=\u00bbhttps:\/\/ironcad.eu\/wp-content\/uploads\/2025\/09\/IRONCAD-COMPOSE_3D_2D.webp\u00bb alt=\u00bbCaptura de pantalla de IronCAD COMPOSE que muestra un modelo 3D de un eje de rueda con componentes de freno, junto con el dibujo 2D correspondiente con dimensiones y detalles t\u00e9cnicos.\u00bb title_text=\u00bbIRONCAD-COMPOSE_3D_2D\u00bb show_in_lightbox=\u00bbon\u00bb _builder_version=\u00bb4.27.4&#8243; _module_preset=\u00bbdefault\u00bb border_radii=\u00bbon|8px|8px|8px|8px\u00bb global_colors_info=\u00bb{}\u00bb][\/et_pb_image][\/et_pb_column][et_pb_column type=\u00bb3_5&#8243; _builder_version=\u00bb4.24.0&#8243; _module_preset=\u00bbdefault\u00bb global_colors_info=\u00bb{}\u00bb][et_pb_text _builder_version=\u00bb4.27.4&#8243; _module_preset=\u00bbdefault\u00bb custom_padding=\u00bb||0px|||\u00bb global_colors_info=\u00bb{}\u00bb]<\/p>\n<h2>Colaboraci\u00f3n en tiempo real<\/h2>\n<p>IronCAD Compose es m\u00e1s que un visor CAD est\u00e1ndar. El software admite la colaboraci\u00f3n interactiva, en la que los equipos y los clientes pueden ver, discutir y revisar conjuntamente los dise\u00f1os. <\/p>\n<p>El personal de producci\u00f3n puede abrir los modelos directamente para comprobar las dimensiones. El personal de ventas puede presentar dise\u00f1os durante las conversaciones. Los clientes pueden dar su opini\u00f3n en una fase temprana del proceso. Esto acorta el plazo hasta la producci\u00f3n y reduce el riesgo de errores.   <\/p>\n<p>[\/et_pb_text][\/et_pb_column][\/et_pb_row][et_pb_row column_structure=\u00bb3_5,2_5&#8243; admin_label=\u00bbConducir\u00bb _builder_version=\u00bb4.24.0&#8243; _module_preset=\u00bbdefault\u00bb global_colors_info=\u00bb{}\u00bb][et_pb_column type=\u00bb3_5&#8243; _builder_version=\u00bb4.24.0&#8243; _module_preset=\u00bbdefault\u00bb global_colors_info=\u00bb{}\u00bb][et_pb_text _builder_version=\u00bb4.27.4&#8243; _module_preset=\u00bbdefault\u00bb custom_padding=\u00bb||0px|||\u00bb global_colors_info=\u00bb{}\u00bb]<\/p>\n<h2>Configurador IronCAD Compose (opcional)<\/h2>\n<p>El Configurador IronCAD Compose opcional ampl\u00eda la funcionalidad de venta y configuraci\u00f3n.<\/p>\n<p>Durante una reuni\u00f3n de ventas, puedes elaborar dise\u00f1os completos basados en componentes modulares. Las variantes se hacen visibles al instante y se genera autom\u00e1ticamente una lista de piezas (BOM) que puedes compartir con ingenier\u00eda o producci\u00f3n. <\/p>\n<p>[\/et_pb_text][et_pb_button button_url=\u00bb@ET-DC@eyJkeW5hbWljIjp0cnVlLCJjb250ZW50IjoicG9zdF9saW5rX3VybF9wYWdlIiwic2V0dGluZ3MiOnsicG9zdF9pZCI6IjE1MjgzIn19@\u00bb button_text=\u00bbSolicita una demostraci\u00f3n\u00bb _builder_version=\u00bb4.27.4&#8243; _dynamic_attributes=\u00bbbutton_url\u00bb _module_preset=\u00bbdefault\u00bb button_bg_color=\u00bbgcid-cec01bf0-fc62-410c-9831-380fd97d1c1b\u00bb button_icon=\u00bb&#x70;||divi||400&#8243; locked=\u00bboff\u00bb global_colors_info=\u00bb{%22gcid-3421bf6d-18b2-4c4f-a72e-22b2864b9384%22:%91%22button_bg_color%22,%22button_bg_color__hover%22%93,%22gcid-cec01bf0-fc62-410c-9831-380fd97d1c1b%22:%91%22button_bg_color%22%93}\u00bb button_bg_color__hover=\u00bb#474747&#8243;][\/et_pb_button][\/et_pb_column][et_pb_column type=\u00bb2_5&#8243; _builder_version=\u00bb4.24.0&#8243; _module_preset=\u00bbdefault\u00bb global_colors_info=\u00bb{}\u00bb][et_pb_image src=\u00bbhttps:\/\/ironcad.eu\/wp-content\/uploads\/2025\/09\/IRONCAD-COMPOSE-CONFIGURATOR.webp\u00bb alt=\u00bbCaptura de pantalla del Configurador IronCAD COMPOSE que muestra un modelo 3D de un brazo rob\u00f3tico industrial KUKA\u00bb title_text=\u00bbIRONCAD-COMPONER-CONFIGURADOR\u00bb show_in_lightbox=\u00bbon\u00bb _builder_version=\u00bb4.27.4&#8243; _module_preset=\u00bbdefault\u00bb border_radii=\u00bbon|8px|8px|8px|8px\u00bb global_colors_info=\u00bb{}\u00bb][\/et_pb_image][\/et_pb_column][\/et_pb_row][\/et_pb_section][et_pb_section fb_built=\u00bb1&#8243; _builder_version=\u00bb4.27.4&#8243; _module_preset=\u00bbdefault\u00bb background_color=\u00bbgcid-f52cc46c-103a-4f3e-bb71-6efb5f79ee25&#8243; global_colors_info=\u00bb{%22gcid-f52cc46c-103a-4f3e-bb71-6efb5f79ee25%22:%91%22background_color%22%93}\u00bb][et_pb_row admin_label=\u00bbConducir\u00bb _builder_version=\u00bb4.27.4&#8243; _module_preset=\u00bbdefault\u00bb global_colors_info=\u00bb{}\u00bb][et_pb_column type=\u00bb4_4&#8243; _builder_version=\u00bb4.27.4&#8243; _module_preset=\u00bbdefault\u00bb global_colors_info=\u00bb{}\u00bb][et_pb_text _builder_version=\u00bb4.27.4&#8243; _module_preset=\u00bbdefault\u00bb custom_padding=\u00bb||0px|||\u00bb global_colors_info=\u00bb{}\u00bb]<\/p>\n<h2>Preguntas frecuentes sobre IronCAD Compose<\/h2>\n<p>A continuaci\u00f3n encontrar\u00e1s las preguntas m\u00e1s frecuentes con respuestas breves y claras sobre IronCAD Compose.<\/p>\n<p>[\/et_pb_text][dipi_faq faq_categories=\u00bb119&#8243; faq_order_by=\u00bbdate\u00bb faq_layout=\u00bbaccordion\u00bb icon_closed=\u00bb&#xf067;||fa||900&#8243; icon_open=\u00bb&#xf068;||fa||900&#8243; icon_open_color=\u00bbgcid-primary-color\u00bb icon_closed_color=\u00bbgcid-primary-color\u00bb _builder_version=\u00bb4.27.4&#8243; _module_preset=\u00bbdefault\u00bb title_closed_font=\u00bb||||||||\u00bb title_closed_font_size=\u00bb20px\u00bb title_open_font=\u00bb||||||||\u00bb title_open_font_size=\u00bb20px\u00bb content_closed_font=\u00bb||||||||\u00bb global_colors_info=\u00bb{%22gcid-30b5efe5-d222-44ad-9df0-11db21b92f78%22:%91%22entry_background_closed%22%93,%22gcid-primary-color%22:%91%22icon_open_color%22,%22icon_closed_color%22%93}\u00bb][\/dipi_faq][\/et_pb_column][\/et_pb_row][et_pb_row _builder_version=\u00bb4.27.4&#8243; _module_preset=\u00bbdefault\u00bb global_colors_info=\u00bb{}\u00bb][et_pb_column type=\u00bb4_4&#8243; _builder_version=\u00bb4.27.4&#8243; _module_preset=\u00bbdefault\u00bb global_colors_info=\u00bb{}\u00bb][et_pb_text _builder_version=\u00bb4.27.4&#8243; _module_preset=\u00bbdefault\u00bb custom_padding=\u00bb||0px|||\u00bb global_colors_info=\u00bb{}\u00bb]<\/p>\n<h2>Conclusi\u00f3n<\/h2>\n<p>IronCAD Compose es un visor CAD 3D gratuito y una herramienta de colaboraci\u00f3n que va mucho m\u00e1s all\u00e1 de la visualizaci\u00f3n. Tanto si trabajas en ingenier\u00eda, fabricaci\u00f3n, ventas o colaboras con clientes, Compose te permite revisar dise\u00f1os, dar tu opini\u00f3n y tomar decisiones m\u00e1s r\u00e1pidamente. <\/p>\n<p>Con el Configurador opcional, puedes ir un paso m\u00e1s all\u00e1 y compilar dise\u00f1os completos con listas de piezas autom\u00e1ticas.<\/p>\n<p>[\/et_pb_text][et_pb_button button_url=\u00bbhttps:\/\/www.ironcad.com\/download\/COMPOSE\/latest*\u00bb button_text=\u00bbDescargar Componer\u00bb _builder_version=\u00bb4.27.4&#8243; _module_preset=\u00bbdefault\u00bb button_bg_color=\u00bbgcid-primary-color\u00bb button_icon=\u00bb&#xe092;||divi||400&#8243; global_colors_info=\u00bb{%22gcid-3421bf6d-18b2-4c4f-a72e-22b2864b9384%22:%91%22button_bg_color%22%93,%22gcid-primary-color%22:%91%22button_bg_color%22%93,%22gcid-heading-color%22:%91%22button_bg_color__hover%22%93}\u00bb button_bg_color__hover=\u00bb#474747&#8243;][\/et_pb_button][\/et_pb_column][\/et_pb_row][\/et_pb_section]<\/p>\n","protected":false},"excerpt":{"rendered":"<p>IronCAD Compose es un visor CAD 3D gratuito para ver, medir y anotar archivos CAD 2D y 3D. Ideal para colaborar con producci\u00f3n, ventas y clientes. <\/p>\n","protected":false},"author":2,"featured_media":0,"parent":25799,"menu_order":0,"comment_status":"closed","ping_status":"closed","template":"","meta":{"_et_pb_use_builder":"on","_et_pb_old_content":"","_et_gb_content_width":"","_improvement_type_select":"improve_an_existing","_thumb_yes_seoaic":false,"_frame_yes_seoaic":false,"seoaic_generate_description":"","seoaic_improve_instructions_prompt":"","seoaic_rollback_content_improvement":"","seoaic_idea_thumbnail_generator":"","thumbnail_generated":false,"thumbnail_generate_prompt":"","seoaic_article_description":"","footnotes":"","advanced-sidebar-menu\/link-title":"","advanced-sidebar-menu\/exclude-page":false},"dipi_cpt_category":[],"class_list":["post-25793","page","type-page","status-publish","hentry"],"_links":{"self":[{"href":"https:\/\/ironcad.eu\/es\/wp-json\/wp\/v2\/pages\/25793","targetHints":{"allow":["GET"]}}],"collection":[{"href":"https:\/\/ironcad.eu\/es\/wp-json\/wp\/v2\/pages"}],"about":[{"href":"https:\/\/ironcad.eu\/es\/wp-json\/wp\/v2\/types\/page"}],"author":[{"embeddable":true,"href":"https:\/\/ironcad.eu\/es\/wp-json\/wp\/v2\/users\/2"}],"replies":[{"embeddable":true,"href":"https:\/\/ironcad.eu\/es\/wp-json\/wp\/v2\/comments?post=25793"}],"version-history":[{"count":0,"href":"https:\/\/ironcad.eu\/es\/wp-json\/wp\/v2\/pages\/25793\/revisions"}],"up":[{"embeddable":true,"href":"https:\/\/ironcad.eu\/es\/wp-json\/wp\/v2\/pages\/25799"}],"wp:attachment":[{"href":"https:\/\/ironcad.eu\/es\/wp-json\/wp\/v2\/media?parent=25793"}],"wp:term":[{"taxonomy":"dipi_cpt_category","embeddable":true,"href":"https:\/\/ironcad.eu\/es\/wp-json\/wp\/v2\/dipi_cpt_category?post=25793"}],"curies":[{"name":"wp","href":"https:\/\/api.w.org\/{rel}","templated":true}]}}