{"id":25829,"date":"2024-10-25T12:30:16","date_gmt":"2024-10-25T10:30:16","guid":{"rendered":"https:\/\/ironcad.eu\/ironcad\/demo\/"},"modified":"2026-02-11T16:01:22","modified_gmt":"2026-02-11T15:01:22","slug":"demo","status":"publish","type":"page","link":"https:\/\/ironcad.eu\/es\/ironcad\/demo\/","title":{"rendered":"Demo"},"content":{"rendered":"<p>[et_pb_section fb_built=\u00bb1&#8243; _builder_version=\u00bb4.24.0&#8243; _module_preset=\u00bbdefault\u00bb locked=\u00bboff\u00bb global_colors_info=\u00bb{}\u00bb][et_pb_row custom_padding_last_edited=\u00bbon|desktop\u00bb admin_label=\u00bbRastro de migas\u00bb _builder_version=\u00bb4.26.0&#8243; _module_preset=\u00bbdefault\u00bb custom_padding=\u00bb0rem||||false|false\u00bb custom_padding_tablet=\u00bb0rem||||false|false\u00bb custom_padding_phone=\u00bb0rem||||false|false\u00bb global_module=\u00bb11007&#8243; saved_tabs=\u00bball\u00bb global_colors_info=\u00bb{}\u00bb][et_pb_column type=\u00bb4_4&#8243; _builder_version=\u00bb4.24.0&#8243; _module_preset=\u00bbdefault\u00bb global_colors_info=\u00bb{}\u00bb][et_pb_code _builder_version=\u00bb4.24.1&#8243; _module_preset=\u00bbdefault\u00bb custom_css_main_element=\u00bbfont-size: .7em;||text-transform: uppercase;\u00bb global_colors_info=\u00bb{}\u00bb]<nav aria-label=\"breadcrumbs\" class=\"rank-math-breadcrumb\"><p><span class=\"last\">Home<\/span><\/p><\/nav>[\/et_pb_code][\/et_pb_column][\/et_pb_row][et_pb_row _builder_version=\u00bb4.26.0&#8243; _module_preset=\u00bbdefault\u00bb custom_padding=\u00bb1rem||1rem||true|false\u00bb custom_padding_tablet=\u00bb2rem||1rem||false|false\u00bb custom_padding_phone=\u00bb2rem||0rem||false|false\u00bb global_colors_info=\u00bb{}\u00bb][et_pb_column type=\u00bb4_4&#8243; _builder_version=\u00bb4.24.0&#8243; _module_preset=\u00bbdefault\u00bb global_colors_info=\u00bb{}\u00bb][et_pb_text _builder_version=\u00bb4.26.0&#8243; _module_preset=\u00bbdefault\u00bb global_colors_info=\u00bb{}\u00bb]<\/p>\n<h1>Demo<\/h1>\n<p>Programar una demostraci\u00f3n de IronCAD es un paso valioso para descubrir si este software se adapta a las necesidades de dise\u00f1o de tu equipo u organizaci\u00f3n. Una sesi\u00f3n interactiva personalizada te dar\u00e1 la oportunidad de experimentar IronCAD y tomar una decisi\u00f3n informada. <\/p>\n<p>[\/et_pb_text][\/et_pb_column][\/et_pb_row][et_pb_row column_structure=\u00bb3_5,2_5&#8243; _builder_version=\u00bb4.27.4&#8243; _module_preset=\u00bbdefault\u00bb background_color=\u00bbRGBA(255,255,255,0)\u00bb custom_padding=\u00bb1rem||1rem||true|false\u00bb global_colors_info=\u00bb{%22gcid-342b504c-af3f-4a0e-9bbf-cd80ba9f1957%22:%91%22border_color_bottom%22,%22border_color_bottom%22%93}\u00bb][et_pb_column type=\u00bb3_5&#8243; _builder_version=\u00bb4.27.4&#8243; _module_preset=\u00bbdefault\u00bb custom_padding=\u00bb25px|25px|25px|25px|true|true\u00bb border_radii=\u00bbon|8px|8px|8px|8px\u00bb box_shadow_style=\u00bbpreset3&#8243; global_colors_info=\u00bb{}\u00bb][et_pb_text _builder_version=\u00bb4.26.0&#8243; _module_preset=\u00bbdefault\u00bb custom_margin=\u00bb||-1px|||\u00bb global_colors_info=\u00bb{}\u00bb]<\/p>\n<h3>Programa una demostraci\u00f3n<\/h3>\n<p>Rellena el siguiente formulario y nos pondremos en contacto contigo para programar una demostraci\u00f3n.<\/p>\n<p>[\/et_pb_text][dipi_gravity_forms_styler gf_form_id=\u00bb12&#8243; form_title=\u00bbhide\u00bb form_desc=\u00bbhide\u00bb _builder_version=\u00bb4.27.4&#8243; _module_preset=\u00bbdefault\u00bb background_color=\u00bbRGBA(255,255,255,0)\u00bb custom_margin=\u00bb||||false|false\u00bb custom_padding=\u00bb25px||25px|25px|true|false\u00bb global_colors_info=\u00bb{%22gcid-342b504c-af3f-4a0e-9bbf-cd80ba9f1957%22:%91%22box_shadow_color%22,%22box_shadow_color%22,%22box_shadow_color%22%93}\u00bb][\/dipi_gravity_forms_styler][\/et_pb_column][et_pb_column type=\u00bb2_5&#8243; _builder_version=\u00bb4.26.0&#8243; _module_preset=\u00bbdefault\u00bb background_color=\u00bbgcid-f52cc46c-103a-4f3e-bb71-6efb5f79ee25&#8243; custom_padding=\u00bb25px|25px|25px|25px|true|true\u00bb border_radii=\u00bbon|10px|10px|10px|10px\u00bb global_colors_info=\u00bb{%22gcid-f52cc46c-103a-4f3e-bb71-6efb5f79ee25%22:%91%22background_color%22%93}\u00bb][et_pb_blurb title=\u00bbIntroducci\u00f3n y visi\u00f3n general\u00bb use_icon=\u00bbon\u00bb font_icon=\u00bb&#xf0c9;||fa||900&#8243; icon_placement=\u00bbleft\u00bb image_icon_width=\u00bb35px\u00bb _builder_version=\u00bb4.26.0&#8243; _module_preset=\u00bbdefault\u00bb global_colors_info=\u00bb{}\u00bb]<\/p>\n<p>Una demostraci\u00f3n suele empezar con una breve introducci\u00f3n sobre IronCAD y una visi\u00f3n general de las principales caracter\u00edsticas y ventajas del paquete.<\/p>\n<p>[\/et_pb_blurb][et_pb_blurb title=\u00bbDemostraci\u00f3n en directo\u00bb use_icon=\u00bbon\u00bb font_icon=\u00bb&#xf108;||fa||900&#8243; icon_placement=\u00bbleft\u00bb image_icon_width=\u00bb35px\u00bb _builder_version=\u00bb4.26.0&#8243; _module_preset=\u00bbdefault\u00bb global_colors_info=\u00bb{}\u00bb]<\/p>\n<p>Uno de nuestros especialistas demuestra c\u00f3mo funciona el software y muestra sus principales caracter\u00edsticas. Como las funciones TriBall, estirar y fijar, el trabajo con modelos 3D y las pr\u00e1cticas herramientas de dise\u00f1o. <\/p>\n<p>[\/et_pb_blurb][et_pb_blurb title=\u00bbSesi\u00f3n interactiva\u00bb use_icon=\u00bbon\u00bb font_icon=\u00bb&#xf086;||fa||400&#8243; icon_placement=\u00bbleft\u00bb image_icon_width=\u00bb35px\u00bb _builder_version=\u00bb4.26.0&#8243; _module_preset=\u00bbdefault\u00bb global_colors_info=\u00bb{}\u00bb]<\/p>\n<p>Durante la demostraci\u00f3n, hay espacio para preguntas, de modo que se cubran los temas que sean relevantes para ti. El especialista puede mostrar en tiempo real c\u00f3mo se realizan las operaciones. <\/p>\n<p>[\/et_pb_blurb][et_pb_blurb title=\u00bbEstudio de caso\u00bb use_icon=\u00bbon\u00bb font_icon=\u00bb&#xf1b3;||fa||900&#8243; icon_placement=\u00bbleft\u00bb image_icon_width=\u00bb35px\u00bb _builder_version=\u00bb4.26.0&#8243; _module_preset=\u00bbdefault\u00bb global_colors_info=\u00bb{}\u00bb]<\/p>\n<p>Durante la demostraci\u00f3n, utilizamos ejemplos pr\u00e1cticos acordes con tu campo de trabajo. Esto te dar\u00e1 una visi\u00f3n completa de las posibilidades de IronCAD para tus procesos de dise\u00f1o y producci\u00f3n. <\/p>\n<p>[\/et_pb_blurb][\/et_pb_column][\/et_pb_row][\/et_pb_section][et_pb_section fb_built=\u00bb1&#8243; _builder_version=\u00bb4.27.4&#8243; _module_preset=\u00bbdefault\u00bb background_color=\u00bbgcid-f52cc46c-103a-4f3e-bb71-6efb5f79ee25&#8243; hover_enabled=\u00bb0&#8243; global_colors_info=\u00bb{%22gcid-f52cc46c-103a-4f3e-bb71-6efb5f79ee25%22:%91%22background_color%22%93}\u00bb sticky_enabled=\u00bb0&#8243;][et_pb_row _builder_version=\u00bb4.26.0&#8243; _module_preset=\u00bbdefault\u00bb width=\u00bb100%\u00bb max_width=\u00bb2560px\u00bb custom_padding=\u00bb1rem||1rem||true|false\u00bb global_colors_info=\u00bb{}\u00bb][et_pb_column type=\u00bb4_4&#8243; _builder_version=\u00bb4.26.0&#8243; _module_preset=\u00bbdefault\u00bb global_colors_info=\u00bb{}\u00bb][et_pb_text _builder_version=\u00bb4.27.4&#8243; _module_preset=\u00bbdefault\u00bb text_orientation=\u00bbcenter\u00bb custom_margin=\u00bb||15px|||\u00bb hover_enabled=\u00bb0&#8243; global_colors_info=\u00bb{}\u00bb sticky_enabled=\u00bb0&#8243;]<\/p>\n<h3>Experiencias de los usuarios finales<\/h3>\n<p>[\/et_pb_text][dipi_blog_slider posts_number=\u00bb8&#8243; select_post_type=\u00bbproject\u00bb select_custom_tax=\u00bbproject_category\u00bb include_term_ids_of_project_category=\u00bb47,67,49,68,48,65&#8243; thumbnail_height=\u00bb190px\u00bb excerpt_length=\u00bb150&#8243; orderby=\u00bbrand\u00bb show_author=\u00bboff\u00bb show_date=\u00bboff\u00bb columns=\u00bb4&#8243; container_padding=\u00bb0px|50px|0px|50px|true|true\u00bb navigation=\u00bbon\u00bb navigation_prev_icon_yn=\u00bbon\u00bb navigation_next_icon_yn=\u00bbon\u00bb navigation_color=\u00bb#FFFFFF\u00bb navigation_position_left=\u00bb0px\u00bb navigation_position_right=\u00bb0px\u00bb _builder_version=\u00bb4.27.4&#8243; _module_preset=\u00bbdefault\u00bb hover_enabled=\u00bb0&#8243; global_colors_info=\u00bb{%22gcid-3421bf6d-18b2-4c4f-a72e-22b2864b9384%22:%91%22pagination_color%22,%22pagination_color%22,%22pagination_color%22,%22pagination_color%22%93,%22gcid-342b504c-af3f-4a0e-9bbf-cd80ba9f1957%22:%91%22box_shadow_color_item%22,%22box_shadow_color_item%22,%22box_shadow_color_item%22,%22box_shadow_color_item%22%93,%22gcid-cec01bf0-fc62-410c-9831-380fd97d1c1b%22:%91%22header_text_color%22,%22pagination_active_color%22,%22header_text_color%22,%22pagination_active_color%22,%22header_text_color%22,%22pagination_active_color%22,%22header_text_color%22,%22pagination_active_color%22%93,%22gcid-d883c2cb-caee-4528-bec5-b8583b5b0c09%22:%91%22cat_text_color%22,%22cat_text_color%22,%22cat_text_color%22,%22cat_text_color%22%93}\u00bb columns_last_edited=\u00bbon|phone\u00bb sticky_enabled=\u00bb0&#8243; columns_tablet=\u00bb4&#8243; columns_phone=\u00bb4&#8243;][\/dipi_blog_slider][\/et_pb_column][\/et_pb_row][\/et_pb_section]<\/p>\n","protected":false},"excerpt":{"rendered":"<p><nav aria-label=\"breadcrumbs\" class=\"rank-math-breadcrumb\"><p><span class=\"last\">Home<\/span><\/p><\/nav>Demo Programar una demostraci\u00f3n de IronCAD es un paso valioso para descubrir si este software se adapta a las necesidades de dise\u00f1o de tu equipo u organizaci\u00f3n. Una sesi\u00f3n interactiva personalizada te dar\u00e1 la oportunidad de experimentar IronCAD y tomar una decisi\u00f3n informada. Programa una demostraci\u00f3n Rellena el siguiente formulario y nos pondremos en contacto [&hellip;]<\/p>\n","protected":false},"author":2,"featured_media":0,"parent":25799,"menu_order":0,"comment_status":"closed","ping_status":"closed","template":"","meta":{"_et_pb_use_builder":"on","_et_pb_old_content":"","_et_gb_content_width":"","_improvement_type_select":"improve_an_existing","_thumb_yes_seoaic":false,"_frame_yes_seoaic":false,"seoaic_generate_description":"","seoaic_improve_instructions_prompt":"","seoaic_rollback_content_improvement":"","seoaic_idea_thumbnail_generator":"","thumbnail_generated":false,"thumbnail_generate_prompt":"","seoaic_article_description":"","footnotes":"","advanced-sidebar-menu\/link-title":"","advanced-sidebar-menu\/exclude-page":false},"dipi_cpt_category":[],"class_list":["post-25829","page","type-page","status-publish","hentry"],"_links":{"self":[{"href":"https:\/\/ironcad.eu\/es\/wp-json\/wp\/v2\/pages\/25829","targetHints":{"allow":["GET"]}}],"collection":[{"href":"https:\/\/ironcad.eu\/es\/wp-json\/wp\/v2\/pages"}],"about":[{"href":"https:\/\/ironcad.eu\/es\/wp-json\/wp\/v2\/types\/page"}],"author":[{"embeddable":true,"href":"https:\/\/ironcad.eu\/es\/wp-json\/wp\/v2\/users\/2"}],"replies":[{"embeddable":true,"href":"https:\/\/ironcad.eu\/es\/wp-json\/wp\/v2\/comments?post=25829"}],"version-history":[{"count":0,"href":"https:\/\/ironcad.eu\/es\/wp-json\/wp\/v2\/pages\/25829\/revisions"}],"up":[{"embeddable":true,"href":"https:\/\/ironcad.eu\/es\/wp-json\/wp\/v2\/pages\/25799"}],"wp:attachment":[{"href":"https:\/\/ironcad.eu\/es\/wp-json\/wp\/v2\/media?parent=25829"}],"wp:term":[{"taxonomy":"dipi_cpt_category","embeddable":true,"href":"https:\/\/ironcad.eu\/es\/wp-json\/wp\/v2\/dipi_cpt_category?post=25829"}],"curies":[{"name":"wp","href":"https:\/\/api.w.org\/{rel}","templated":true}]}}