{"id":25853,"date":"2024-02-08T14:06:18","date_gmt":"2024-02-08T13:06:18","guid":{"rendered":"https:\/\/ironcad.eu\/extensiones\/"},"modified":"2026-03-20T16:32:53","modified_gmt":"2026-03-20T15:32:53","slug":"extensiones","status":"publish","type":"page","link":"https:\/\/ironcad.eu\/es\/extensiones\/","title":{"rendered":"Extensiones"},"content":{"rendered":"<p>[et_pb_section fb_built=\u00bb1&#8243; _builder_version=\u00bb4.24.0&#8243; _module_preset=\u00bbdefault\u00bb locked=\u00bboff\u00bb global_colors_info=\u00bb{}\u00bb][et_pb_row custom_padding_last_edited=\u00bbon|desktop\u00bb admin_label=\u00bbRastro de migas\u00bb _builder_version=\u00bb4.27.4&#8243; _module_preset=\u00bbdefault\u00bb custom_padding=\u00bb0rem||1rem||false|false\u00bb custom_padding_tablet=\u00bb0rem||1rem||false|false\u00bb custom_padding_phone=\u00bb3rem||1rem||false|false\u00bb global_module=\u00bb11007&#8243; saved_tabs=\u00bball\u00bb collapsed=\u00bboff\u00bb global_colors_info=\u00bb{}\u00bb][et_pb_column type=\u00bb4_4&#8243; _builder_version=\u00bb4.24.0&#8243; _module_preset=\u00bbdefault\u00bb global_colors_info=\u00bb{}\u00bb][et_pb_code admin_label=\u00bbC\u00f3digo\u00bb _builder_version=\u00bb4.27.4&#8243; _module_preset=\u00bbdefault\u00bb custom_css_main_element=\u00bbfont-size: .7em;||text-transform: uppercase;\u00bb global_colors_info=\u00bb{}\u00bb]<nav aria-label=\"breadcrumbs\" class=\"rank-math-breadcrumb\"><p><span class=\"last\">Home<\/span><\/p><\/nav>[\/et_pb_code][\/et_pb_column][\/et_pb_row][et_pb_row _builder_version=\u00bb4.24.0&#8243; _module_preset=\u00bbdefault\u00bb custom_padding_tablet=\u00bb2rem||1rem||false|false\u00bb custom_padding_phone=\u00bb2rem||0rem||false|false\u00bb global_colors_info=\u00bb{}\u00bb][et_pb_column type=\u00bb4_4&#8243; _builder_version=\u00bb4.24.0&#8243; _module_preset=\u00bbdefault\u00bb global_colors_info=\u00bb{}\u00bb][et_pb_text _builder_version=\u00bb4.24.1&#8243; _module_preset=\u00bbdefault\u00bb global_colors_info=\u00bb{}\u00bb]<\/p>\n<h1>Extensiones<\/h1>\n<p>IronCAD ofrece numerosas capacidades de dise\u00f1o por s\u00ed mismo, pero a\u00fan hay m\u00e1s. A\u00f1ade una extensi\u00f3n y accede a herramientas, funciones o cat\u00e1logos \u00fatiles. Puedes encontrar m\u00e1s informaci\u00f3n y versiones de prueba en las p\u00e1ginas de extensiones.  <\/p>\n<p>[\/et_pb_text][\/et_pb_column][\/et_pb_row][et_pb_row custom_padding_last_edited=\u00bbon|desktop\u00bb admin_label=\u00bbDistribuidor est\u00e1ndar\u00bb _builder_version=\u00bb4.24.1&#8243; _module_preset=\u00bbdefault\u00bb min_height=\u00bb41.6px\u00bb custom_margin=\u00bb|auto|-26px|auto|false|false\u00bb custom_padding=\u00bb1rem||1rem||true|false\u00bb custom_padding_tablet=\u00bb1rem||1rem||true|false\u00bb custom_padding_phone=\u00bb1rem||1rem||true|false\u00bb global_module=\u00bb11791&#8243; saved_tabs=\u00bball\u00bb global_colors_info=\u00bb{}\u00bb][et_pb_column type=\u00bb4_4&#8243; _builder_version=\u00bb4.24.0&#8243; _module_preset=\u00bbdefault\u00bb global_colors_info=\u00bb{}\u00bb][et_pb_divider color=\u00bbgcid-342b504c-af3f-4a0e-9bbf-cd80ba9f1957&#8243; divider_weight=\u00bb2px\u00bb _builder_version=\u00bb4.26.0&#8243; _module_preset=\u00bbdefault\u00bb custom_margin=\u00bb0px||0px||true|false\u00bb global_colors_info=\u00bb{%22gcid-342b504c-af3f-4a0e-9bbf-cd80ba9f1957%22:%91%22color%22%93}\u00bb][\/et_pb_divider][et_pb_text _builder_version=\u00bb4.27.4&#8243; _module_preset=\u00bbdefault\u00bb custom_margin=\u00bb||0px||false|false\u00bb global_colors_info=\u00bb{}\u00bb]<\/p>\n<h2 style=\"text-align: center;\">Por qu\u00e9 los profesionales eligen IronCAD<\/h2>\n<p>[\/et_pb_text][\/et_pb_column][\/et_pb_row][et_pb_row column_structure=\u00bb1_3,1_3,1_3&#8243; custom_padding_last_edited=\u00bboff|desktop\u00bb _builder_version=\u00bb4.27.4&#8243; _module_preset=\u00bbdefault\u00bb custom_margin_last_edited=\u00bboff|desktop\u00bb custom_padding_tablet=\u00bb2rem||4rem||false|false\u00bb custom_padding_phone=\u00bb2rem||4rem||false|false\u00bb locked=\u00bboff\u00bb global_colors_info=\u00bb{}\u00bb][et_pb_column type=\u00bb1_3&#8243; _builder_version=\u00bb4.24.0&#8243; _module_preset=\u00bbdefault\u00bb global_colors_info=\u00bb{}\u00bb][et_pb_blurb title=\u00bbPara-Flex\u00bb image=\u00bbhttps:\/\/ironcad.eu\/wp-content\/uploads\/2026\/03\/software-box-ironcad-para-flex-1.webp\u00bb alt=\u00bbCaja de software de la extensi\u00f3n Para-Flex para IronCAD.\u00bb image_icon_width=\u00bb250px\u00bb _builder_version=\u00bb4.27.6&#8243; _module_preset=\u00bbdefault\u00bb hover_enabled=\u00bb0&#8243; global_colors_info=\u00bb{}\u00bb image__hover_enabled=\u00bboff|desktop\u00bb title_text=\u00bbsoftware-box-ironcad-para-flex (1)\u00bb sticky_enabled=\u00bb0&#8243;]<\/p>\n<p>Automatizaci\u00f3n de la preparaci\u00f3n del trabajo. Genera datos como listas de corte, optimizaci\u00f3n de chapas, c\u00f3digo NC y utiliza herramientas de dise\u00f1o inteligentes. Mayor productividad y menor tasa de errores.  <\/p>\n<p>[\/et_pb_blurb][et_pb_button button_url=\u00bb@ET-DC@eyJkeW5hbWljIjp0cnVlLCJjb250ZW50IjoicG9zdF9saW5rX3VybF9wYWdlIiwic2V0dGluZ3MiOnsicG9zdF9pZCI6IjExNjczIiwiZW5hYmxlX2h0bWwiOiJvZmYifX0=@\u00bb button_text=\u00bbM\u00e1s informaci\u00f3n\u00bb _builder_version=\u00bb4.24.1&#8243; _dynamic_attributes=\u00bbbutton_url\u00bb _module_preset=\u00bbdefault\u00bb button_text_color=\u00bbgcid-3421bf6d-18b2-4c4f-a72e-22b2864b9384&#8243; button_bg_color=\u00bb#FFFFFF\u00bb button_border_width=\u00bb2px\u00bb button_border_color=\u00bbgcid-342b504c-af3f-4a0e-9bbf-cd80ba9f1957&#8243; global_colors_info=\u00bb{%22gcid-3421bf6d-18b2-4c4f-a72e-22b2864b9384%22:%91%22button_bg_color%22,%22button_text_color%22%93,%22gcid-342b504c-af3f-4a0e-9bbf-cd80ba9f1957%22:%91%22button_border_color%22,%22button_bg_color__hover%22%93}\u00bb button_bg_color__hover=\u00bbrgba(71,71,71,0.15)\u00bb][\/et_pb_button][\/et_pb_column][et_pb_column type=\u00bb1_3&#8243; _builder_version=\u00bb4.24.0&#8243; _module_preset=\u00bbdefault\u00bb global_colors_info=\u00bb{}\u00bb][et_pb_blurb title=\u00bbKeyShot\u00bb image=\u00bbhttps:\/\/ironcad.eu\/wp-content\/uploads\/2026\/03\/software-box-ironcad-keyshot-1.webp\u00bb alt=\u00bbCaja de software de la extensi\u00f3n KeyShot para IronCAD.\u00bb image_icon_width=\u00bb250px\u00bb _builder_version=\u00bb4.27.6&#8243; _module_preset=\u00bbdefault\u00bb hover_enabled=\u00bb0&#8243; global_colors_info=\u00bb{}\u00bb image__hover_enabled=\u00bboff|desktop\u00bb title_text=\u00bbsoftware-box-ironcad-keyshot (1)\u00bb sticky_enabled=\u00bb0&#8243;]<\/p>\n<p>Renderizados fotorrealistas para impresionantes presentaciones de dise\u00f1o. Elige entre amplias opciones de iluminaci\u00f3n, material, sombreado y texturas. <\/p>\n<p>[\/et_pb_blurb][et_pb_button button_url=\u00bb@ET-DC@eyJkeW5hbWljIjp0cnVlLCJjb250ZW50IjoicG9zdF9saW5rX3VybF9wYWdlIiwic2V0dGluZ3MiOnsicG9zdF9pZCI6IjEyNjE1IiwiZW5hYmxlX2h0bWwiOiJvZmYifX0=@\u00bb button_text=\u00bbM\u00e1s informaci\u00f3n\u00bb _builder_version=\u00bb4.24.1&#8243; _dynamic_attributes=\u00bbbutton_url\u00bb _module_preset=\u00bbdefault\u00bb button_text_color=\u00bbgcid-3421bf6d-18b2-4c4f-a72e-22b2864b9384&#8243; button_bg_color=\u00bb#FFFFFF\u00bb button_border_width=\u00bb2px\u00bb button_border_color=\u00bbgcid-342b504c-af3f-4a0e-9bbf-cd80ba9f1957&#8243; global_colors_info=\u00bb{%22gcid-3421bf6d-18b2-4c4f-a72e-22b2864b9384%22:%91%22button_bg_color%22,%22button_text_color%22%93,%22gcid-342b504c-af3f-4a0e-9bbf-cd80ba9f1957%22:%91%22button_border_color%22,%22button_bg_color__hover%22%93}\u00bb button_bg_color__hover=\u00bbrgba(71,71,71,0.15)\u00bb][\/et_pb_button][\/et_pb_column][et_pb_column type=\u00bb1_3&#8243; _builder_version=\u00bb4.24.0&#8243; _module_preset=\u00bbdefault\u00bb global_colors_info=\u00bb{}\u00bb][et_pb_blurb title=\u00bbMechanical\u00bb image=\u00bbhttps:\/\/ironcad.eu\/wp-content\/uploads\/2026\/03\/software-box-ironcad-mechanical-1.webp\u00bb alt=\u00bbCaja de software de la extensi\u00f3n Mechanical para IronCAD.\u00bb image_icon_width=\u00bb250px\u00bb _builder_version=\u00bb4.27.6&#8243; _module_preset=\u00bbdefault\u00bb custom_padding=\u00bb||0px|||\u00bb hover_enabled=\u00bb0&#8243; global_colors_info=\u00bb{}\u00bb image__hover_enabled=\u00bboff|desktop\u00bb title_text=\u00bbsoftware-box-ironcad-mechanical (1)\u00bb sticky_enabled=\u00bb0&#8243;]<\/p>\n<p>Pr\u00e1ctico cat\u00e1logo con componentes est\u00e1ndar y funciones adicionales para ahorrar tiempo. Como elementos de fijaci\u00f3n, cojinetes, juntas t\u00f3ricas, tubos y bridas. <\/p>\n<p>[\/et_pb_blurb][et_pb_button button_url=\u00bb@ET-DC@eyJkeW5hbWljIjp0cnVlLCJjb250ZW50IjoicG9zdF9saW5rX3VybF9wYWdlIiwic2V0dGluZ3MiOnsicG9zdF9pZCI6IjEzMDM4IiwiZW5hYmxlX2h0bWwiOiJvZmYifX0=@\u00bb button_text=\u00bbM\u00e1s informaci\u00f3n\u00bb _builder_version=\u00bb4.24.1&#8243; _dynamic_attributes=\u00bbbutton_url\u00bb _module_preset=\u00bbdefault\u00bb button_text_color=\u00bbgcid-3421bf6d-18b2-4c4f-a72e-22b2864b9384&#8243; button_bg_color=\u00bb#FFFFFF\u00bb button_border_width=\u00bb2px\u00bb button_border_color=\u00bbgcid-342b504c-af3f-4a0e-9bbf-cd80ba9f1957&#8243; global_colors_info=\u00bb{%22gcid-3421bf6d-18b2-4c4f-a72e-22b2864b9384%22:%91%22button_bg_color%22,%22button_text_color%22%93,%22gcid-342b504c-af3f-4a0e-9bbf-cd80ba9f1957%22:%91%22button_border_color%22,%22button_bg_color__hover%22%93}\u00bb button_bg_color__hover=\u00bbrgba(71,71,71,0.15)\u00bb][\/et_pb_button][\/et_pb_column][\/et_pb_row][et_pb_row column_structure=\u00bb1_3,1_3,1_3&#8243; custom_padding_last_edited=\u00bboff|desktop\u00bb _builder_version=\u00bb4.27.4&#8243; _module_preset=\u00bbdefault\u00bb custom_margin_last_edited=\u00bboff|desktop\u00bb locked=\u00bboff\u00bb global_colors_info=\u00bb{}\u00bb][et_pb_column type=\u00bb1_3&#8243; _builder_version=\u00bb4.24.0&#8243; _module_preset=\u00bbdefault\u00bb global_colors_info=\u00bb{}\u00bb][et_pb_blurb title=\u00bbTranslator\u00bb image=\u00bbhttps:\/\/ironcad.eu\/wp-content\/uploads\/2026\/03\/software-box-ironcad-translator-1.webp\u00bb alt=\u00bbCaja de software de la extensi\u00f3n Translator para IronCAD Capacidades de importaci\u00f3n y exportaci\u00f3n para diferentes formatos de archivo\u00bb image_icon_width=\u00bb250px\u00bb _builder_version=\u00bb4.27.6&#8243; _module_preset=\u00bbdefault\u00bb hover_enabled=\u00bb0&#8243; global_colors_info=\u00bb{}\u00bb title_text=\u00bbsoftware-box-ironcad-translator (1)\u00bb sticky_enabled=\u00bb0&#8243;]<\/p>\n<p>Importaci\u00f3n y exportaci\u00f3n de archivos sin errores. Con capacidad de lectura-escritura para varios tipos de archivos. <\/p>\n<p>[\/et_pb_blurb][et_pb_button button_url=\u00bb@ET-DC@eyJkeW5hbWljIjp0cnVlLCJjb250ZW50IjoicG9zdF9saW5rX3VybF9wYWdlIiwic2V0dGluZ3MiOnsicG9zdF9pZCI6IjEzMTAwIiwiZW5hYmxlX2h0bWwiOiJvZmYifX0=@\u00bb button_text=\u00bbM\u00e1s informaci\u00f3n\u00bb _builder_version=\u00bb4.24.1&#8243; _dynamic_attributes=\u00bbbutton_url\u00bb _module_preset=\u00bbdefault\u00bb button_text_color=\u00bbgcid-3421bf6d-18b2-4c4f-a72e-22b2864b9384&#8243; button_bg_color=\u00bb#FFFFFF\u00bb button_border_width=\u00bb2px\u00bb button_border_color=\u00bbgcid-342b504c-af3f-4a0e-9bbf-cd80ba9f1957&#8243; global_colors_info=\u00bb{%22gcid-3421bf6d-18b2-4c4f-a72e-22b2864b9384%22:%91%22button_bg_color%22,%22button_text_color%22%93,%22gcid-342b504c-af3f-4a0e-9bbf-cd80ba9f1957%22:%91%22button_border_color%22,%22button_bg_color__hover%22%93}\u00bb button_bg_color__hover=\u00bbrgba(71,71,71,0.15)\u00bb][\/et_pb_button][\/et_pb_column][et_pb_column type=\u00bb1_3&#8243; _builder_version=\u00bb4.24.0&#8243; _module_preset=\u00bbdefault\u00bb global_colors_info=\u00bb{}\u00bb][et_pb_blurb title=\u00bbMultiphysics\u00bb image=\u00bbhttps:\/\/ironcad.eu\/wp-content\/uploads\/2026\/03\/software-box-ironcad-multiphysics-1.webp\u00bb alt=\u00bbCaja de software de la extensi\u00f3n Multiphysics para IronCAD.\u00bb image_icon_width=\u00bb250px\u00bb _builder_version=\u00bb4.27.6&#8243; _module_preset=\u00bbdefault\u00bb hover_enabled=\u00bb0&#8243; global_colors_info=\u00bb{}\u00bb title_text=\u00bbsoftware-box-ironcad-multiphysics (1)\u00bb sticky_enabled=\u00bb0&#8243;]<\/p>\n<p>Herramienta multif\u00edsica perfectamente integrada para c\u00e1lculos avanzados de resistencia. Deformaciones, tensiones, temperaturas y electr\u00f3nica en un clic. <\/p>\n<p>[\/et_pb_blurb][et_pb_button button_url=\u00bb@ET-DC@eyJkeW5hbWljIjp0cnVlLCJjb250ZW50IjoicG9zdF9saW5rX3VybF9wYWdlIiwic2V0dGluZ3MiOnsicG9zdF9pZCI6IjEzMDgyIiwiZW5hYmxlX2h0bWwiOiJvZmYifX0=@\u00bb button_text=\u00bbM\u00e1s informaci\u00f3n\u00bb _builder_version=\u00bb4.24.1&#8243; _dynamic_attributes=\u00bbbutton_url\u00bb _module_preset=\u00bbdefault\u00bb button_text_color=\u00bbgcid-3421bf6d-18b2-4c4f-a72e-22b2864b9384&#8243; button_bg_color=\u00bb#FFFFFF\u00bb button_border_width=\u00bb2px\u00bb button_border_color=\u00bbgcid-342b504c-af3f-4a0e-9bbf-cd80ba9f1957&#8243; global_colors_info=\u00bb{%22gcid-3421bf6d-18b2-4c4f-a72e-22b2864b9384%22:%91%22button_bg_color%22,%22button_text_color%22%93,%22gcid-342b504c-af3f-4a0e-9bbf-cd80ba9f1957%22:%91%22button_border_color%22,%22button_bg_color__hover%22%93}\u00bb button_bg_color__hover=\u00bbrgba(71,71,71,0.15)\u00bb][\/et_pb_button][\/et_pb_column][et_pb_column type=\u00bb1_3&#8243; _builder_version=\u00bb4.24.0&#8243; _module_preset=\u00bbdefault\u00bb global_colors_info=\u00bb{}\u00bb][dipi_image_magnifier _builder_version=\u00bb4.27.4&#8243; _module_preset=\u00bbdefault\u00bb global_colors_info=\u00bb{}\u00bb][\/dipi_image_magnifier][\/et_pb_column][\/et_pb_row][\/et_pb_section]<\/p>\n","protected":false},"excerpt":{"rendered":"<p>Descubre las extensiones para IronCAD: desde automatizaci\u00f3n y renderizados hasta piezas est\u00e1ndar y simulaciones. Ampl\u00eda tu software de dise\u00f1o de forma inteligente. <\/p>\n","protected":false},"author":1,"featured_media":0,"parent":0,"menu_order":0,"comment_status":"closed","ping_status":"closed","template":"","meta":{"_et_pb_use_builder":"on","_et_pb_old_content":"","_et_gb_content_width":"","_improvement_type_select":"improve_an_existing","_thumb_yes_seoaic":false,"_frame_yes_seoaic":false,"seoaic_generate_description":"","seoaic_improve_instructions_prompt":"","seoaic_rollback_content_improvement":"","seoaic_idea_thumbnail_generator":"","thumbnail_generated":false,"thumbnail_generate_prompt":"","seoaic_article_description":"","footnotes":"","advanced-sidebar-menu\/link-title":"","advanced-sidebar-menu\/exclude-page":false},"dipi_cpt_category":[],"class_list":["post-25853","page","type-page","status-publish","hentry"],"_links":{"self":[{"href":"https:\/\/ironcad.eu\/es\/wp-json\/wp\/v2\/pages\/25853","targetHints":{"allow":["GET"]}}],"collection":[{"href":"https:\/\/ironcad.eu\/es\/wp-json\/wp\/v2\/pages"}],"about":[{"href":"https:\/\/ironcad.eu\/es\/wp-json\/wp\/v2\/types\/page"}],"author":[{"embeddable":true,"href":"https:\/\/ironcad.eu\/es\/wp-json\/wp\/v2\/users\/1"}],"replies":[{"embeddable":true,"href":"https:\/\/ironcad.eu\/es\/wp-json\/wp\/v2\/comments?post=25853"}],"version-history":[{"count":3,"href":"https:\/\/ironcad.eu\/es\/wp-json\/wp\/v2\/pages\/25853\/revisions"}],"predecessor-version":[{"id":28004,"href":"https:\/\/ironcad.eu\/es\/wp-json\/wp\/v2\/pages\/25853\/revisions\/28004"}],"wp:attachment":[{"href":"https:\/\/ironcad.eu\/es\/wp-json\/wp\/v2\/media?parent=25853"}],"wp:term":[{"taxonomy":"dipi_cpt_category","embeddable":true,"href":"https:\/\/ironcad.eu\/es\/wp-json\/wp\/v2\/dipi_cpt_category?post=25853"}],"curies":[{"name":"wp","href":"https:\/\/api.w.org\/{rel}","templated":true}]}}