{"id":25861,"date":"2024-02-12T11:40:30","date_gmt":"2024-02-12T10:40:30","guid":{"rendered":"https:\/\/ironcad.eu\/ironcad\/version-de-prueba-de-ironcad\/"},"modified":"2026-03-23T16:25:08","modified_gmt":"2026-03-23T15:25:08","slug":"version-de-prueba-de-ironcad","status":"publish","type":"page","link":"https:\/\/ironcad.eu\/es\/ironcad\/version-de-prueba-de-ironcad\/","title":{"rendered":"Versi\u00f3n de prueba de IronCAD"},"content":{"rendered":"<p>[et_pb_section fb_built=\u00bb1&#8243; _builder_version=\u00bb4.24.0&#8243; _module_preset=\u00bbdefault\u00bb locked=\u00bboff\u00bb global_colors_info=\u00bb{}\u00bb][et_pb_row custom_padding_last_edited=\u00bbon|desktop\u00bb admin_label=\u00bbRastro de migas\u00bb _builder_version=\u00bb4.27.4&#8243; _module_preset=\u00bbdefault\u00bb custom_padding=\u00bb0rem||||false|false\u00bb custom_padding_tablet=\u00bb0rem||||false|false\u00bb custom_padding_phone=\u00bb0rem||||false|false\u00bb global_module=\u00bb11007&#8243; saved_tabs=\u00bball\u00bb collapsed=\u00bboff\u00bb global_colors_info=\u00bb{}\u00bb][et_pb_column type=\u00bb4_4&#8243; _builder_version=\u00bb4.24.0&#8243; _module_preset=\u00bbdefault\u00bb global_colors_info=\u00bb{}\u00bb][et_pb_code admin_label=\u00bbC\u00f3digo\u00bb _builder_version=\u00bb4.27.4&#8243; _module_preset=\u00bbdefault\u00bb custom_css_main_element=\u00bbfont-size: .7em;||text-transform: uppercase;\u00bb global_colors_info=\u00bb{}\u00bb]<nav aria-label=\"breadcrumbs\" class=\"rank-math-breadcrumb\"><p><span class=\"last\">Home<\/span><\/p><\/nav>[\/et_pb_code][\/et_pb_column][\/et_pb_row][et_pb_row _builder_version=\u00bb4.24.0&#8243; _module_preset=\u00bbdefault\u00bb custom_padding_tablet=\u00bb2rem||1rem||false|false\u00bb custom_padding_phone=\u00bb2rem||0rem||false|false\u00bb global_colors_info=\u00bb{}\u00bb][et_pb_column type=\u00bb4_4&#8243; _builder_version=\u00bb4.24.0&#8243; _module_preset=\u00bbdefault\u00bb global_colors_info=\u00bb{}\u00bb][et_pb_text _builder_version=\u00bb4.27.6&#8243; _module_preset=\u00bbdefault\u00bb global_colors_info=\u00bb{}\u00bb]<\/p>\n<h1>Descarga de la versi\u00f3n de prueba de IronCAD<\/h1>\n<h2>Prueba IronCAD gratis, 30 d\u00edas de acceso completo<\/h2>\n<p>Descarga la versi\u00f3n de prueba de IronCAD y experimenta por ti mismo c\u00f3mo funciona este software de CAD en 3D. Trabaja m\u00e1s r\u00e1pido desde el concepto hasta la producci\u00f3n con un software CAD potente e intuitivo. Rellena el formulario y recibe inmediatamente el enlace de descarga.  <\/p>\n<p>[\/et_pb_text][\/et_pb_column][\/et_pb_row][et_pb_row column_structure=\u00bb3_5,2_5&#8243; _builder_version=\u00bb4.27.6&#8243; _module_preset=\u00bbdefault\u00bb custom_padding_tablet=\u00bb2rem||1rem||false|false\u00bb custom_padding_phone=\u00bb2rem||0rem||false|false\u00bb global_colors_info=\u00bb{}\u00bb][et_pb_column type=\u00bb3_5&#8243; _builder_version=\u00bb4.27.6&#8243; _module_preset=\u00bbdefault\u00bb background_color=\u00bbRGBA(255,255,255,0)\u00bb custom_padding=\u00bb2rem|2rem|2rem|2rem|true|true\u00bb border_radii=\u00bbon|8px|8px|8px|8px\u00bb border_width_all=\u00bb2px\u00bb border_color_all=\u00bbgcid-f52cc46c-103a-4f3e-bb71-6efb5f79ee25&#8243; box_shadow_style=\u00bbpreset3&#8243; global_colors_info=\u00bb{%22gcid-f52cc46c-103a-4f3e-bb71-6efb5f79ee25%22:%91%22border_color_all%22%93}\u00bb][et_pb_text _builder_version=\u00bb4.27.6&#8243; _module_preset=\u00bbdefault\u00bb global_colors_info=\u00bb{}\u00bb]<\/p>\n<h2>Descarga tu versi\u00f3n de prueba de IronCAD<\/h2>\n<p>[\/et_pb_text][dipi_gravity_forms_styler gf_form_id=\u00bb5&#8243; form_title=\u00bbhide\u00bb form_desc=\u00bbhide\u00bb _builder_version=\u00bb4.27.6&#8243; _module_preset=\u00bbdefault\u00bb global_colors_info=\u00bb{}\u00bb][\/dipi_gravity_forms_styler][\/et_pb_column][et_pb_column type=\u00bb2_5&#8243; _builder_version=\u00bb4.27.6&#8243; _module_preset=\u00bbdefault\u00bb background_color=\u00bbRGBA(255,255,255,0)\u00bb custom_padding=\u00bb2rem|2rem|2rem|2rem|true|true\u00bb border_radii=\u00bbon|8px|8px|8px|8px\u00bb border_width_all=\u00bb2px\u00bb border_color_all=\u00bbgcid-f52cc46c-103a-4f3e-bb71-6efb5f79ee25&#8243; box_shadow_style=\u00bbpreset3&#8243; global_colors_info=\u00bb{%22gcid-f52cc46c-103a-4f3e-bb71-6efb5f79ee25%22:%91%22border_color_all%22%93}\u00bb][et_pb_text _builder_version=\u00bb4.27.6&#8243; _module_preset=\u00bbdefault\u00bb global_colors_info=\u00bb{}\u00bb]<\/p>\n<h3>Esto es lo que puedes esperar:<\/h3>\n<ul>\n<li>Versi\u00f3n completa, sin restricciones<\/li>\n<li>Prueba gratuita de 30 d\u00edas<\/li>\n<li>Modelado 3D intuitivo<\/li>\n<li>R\u00e1pido del concepto a la producci\u00f3n<\/li>\n<\/ul>\n<p>\u2b50 Utilizado por m\u00e1s de 100.000 usuarios en todo el mundo<\/p>\n<p>[\/et_pb_text][et_pb_image src=\u00bbhttps:\/\/ironcad.eu\/wp-content\/uploads\/2024\/04\/Dynfos-algemeen-18-scaled-e1713534353656.webp\u00bb alt=\u00bbEmpaquetado del software CAD IronCAD.\u00bb title_text=\u00bbDynfos-general-18&#8243; _builder_version=\u00bb4.27.4&#8243; _module_preset=\u00bbdefault\u00bb border_radii=\u00bbon|8px|8px|8px|8px\u00bb box_shadow_style=\u00bbpreset2&#8243; global_colors_info=\u00bb{}\u00bb][\/et_pb_image][\/et_pb_column][\/et_pb_row][\/et_pb_section][et_pb_section fb_built=\u00bb1&#8243; _builder_version=\u00bb4.27.6&#8243; _module_preset=\u00bbdefault\u00bb background_color=\u00bbgcid-f52cc46c-103a-4f3e-bb71-6efb5f79ee25&#8243; global_colors_info=\u00bb{%22gcid-f52cc46c-103a-4f3e-bb71-6efb5f79ee25%22:%91%22background_color%22%93}\u00bb][et_pb_row _builder_version=\u00bb4.27.6&#8243; _module_preset=\u00bbdefault\u00bb global_colors_info=\u00bb{}\u00bb][et_pb_column type=\u00bb4_4&#8243; _builder_version=\u00bb4.27.6&#8243; _module_preset=\u00bbdefault\u00bb global_colors_info=\u00bb{}\u00bb][et_pb_text _builder_version=\u00bb4.27.6&#8243; _module_preset=\u00bbdefault\u00bb global_colors_info=\u00bb{}\u00bb]<\/p>\n<h2>\u00bfQu\u00e9 ocurre despu\u00e9s de tu solicitud?<\/h2>\n<ul>\n<li>Recibir\u00e1s inmediatamente el enlace de descarga por correo electr\u00f3nico<\/li>\n<li>Puedes empezar a instalarlo inmediatamente<\/li>\n<li>Empieza con <a href=\"https:\/\/ironcad.eu\/es\/tutoriales-de-iniciacion-a-ironcad\/\" target=\"_blank\" rel=\"noopener\">los tutoriales de Introducci\u00f3n<\/a> y crea tu primer modelo 3D<\/li>\n<\/ul>\n<p>[\/et_pb_text][et_pb_text _builder_version=\u00bb4.27.6&#8243; _module_preset=\u00bbdefault\u00bb global_colors_info=\u00bb{}\u00bb]<\/p>\n<h3>\u00bfPor qu\u00e9 probar IronCAD?<\/h3>\n<p>IronCAD es un potente software de CAD en 3D para ingenieros y dise\u00f1adores que quieren trabajar m\u00e1s r\u00e1pido. A diferencia de los sistemas CAD tradicionales, trabajas directamente en 3D y adaptas los dise\u00f1os con flexibilidad, sin pasos complejos. <\/p>\n<p>Tanto si trabajas en dise\u00f1o de interiores, ingenier\u00eda mec\u00e1nica, desarrollo de productos o ingenier\u00eda, IronCAD te permite dise\u00f1ar con m\u00e1s eficacia y trabajar m\u00e1s r\u00e1pido desde la idea hasta la producci\u00f3n.<\/p>\n<p>[\/et_pb_text][\/et_pb_column][\/et_pb_row][\/et_pb_section][et_pb_section fb_built=\u00bb1&#8243; _builder_version=\u00bb4.27.6&#8243; _module_preset=\u00bbdefault\u00bb background_color=\u00bbRGBA(255,255,255,0)\u00bb custom_margin=\u00bb0px||||false|false\u00bb border_color_top=\u00bbgcid-0d1a127e-4ce1-4bb0-9503-eafc35a82551&#8243; locked=\u00bboff\u00bb global_colors_info=\u00bb{%22gcid-0d1a127e-4ce1-4bb0-9503-eafc35a82551%22:%91%22border_color_top%22%93}\u00bb][et_pb_row make_equal=\u00bbon\u00bb _builder_version=\u00bb4.24.1&#8243; _module_preset=\u00bbdefault\u00bb width=\u00bb100%\u00bb width_tablet=\u00bb100%\u00bb width_phone=\u00bb100%\u00bb width_last_edited=\u00bbon|desktop\u00bb max_width=\u00bb2560px\u00bb global_colors_info=\u00bb{}\u00bb][et_pb_column type=\u00bb4_4&#8243; _builder_version=\u00bb4.23&#8243; _module_preset=\u00bbdefault\u00bb global_colors_info=\u00bb{}\u00bb][et_pb_text _builder_version=\u00bb4.27.6&#8243; _module_preset=\u00bbdefault\u00bb custom_margin=\u00bb||-1px||false|false\u00bb custom_padding=\u00bb|5%||5%|false|true\u00bb custom_padding_tablet=\u00bb|5%||5%|false|true\u00bb custom_padding_phone=\u00bb|5%||5%|false|true\u00bb custom_padding_last_edited=\u00bbon|desktop\u00bb global_colors_info=\u00bb{}\u00bb]<\/p>\n<h2 style=\"text-align: center;\">Por qu\u00e9 los usuarios eligen IronCAD<\/h2>\n<p>[\/et_pb_text][dipi_blog_slider select_post_type=\u00bbproject\u00bb select_custom_tax=\u00bbproject_category\u00bb include_term_ids_of_project_category=\u00bball\u00bb thumbnail_height=\u00bb280px\u00bb orderby=\u00bbrand\u00bb show_author=\u00bboff\u00bb show_date=\u00bboff\u00bb columns=\u00bb3&#8243; loop=\u00bbon\u00bb autoplay=\u00bbon\u00bb autoplay_speed=\u00bb2500&#8243; pagination=\u00bboff\u00bb dynamic_bullets=\u00bboff\u00bb navigation_prev_icon_yn=\u00bbon\u00bb navigation_next_icon_yn=\u00bbon\u00bb item_bg_color=\u00bbgcid-f52cc46c-103a-4f3e-bb71-6efb5f79ee25&#8243; thumbnail_height_tablet=\u00bb200px\u00bb thumbnail_height_phone=\u00bb160px\u00bb thumbnail_height_last_edited=\u00bbon|desktop\u00bb _builder_version=\u00bb4.27.6&#8243; _module_preset=\u00bbdefault\u00bb global_colors_info=\u00bb{%22gcid-3421bf6d-18b2-4c4f-a72e-22b2864b9384%22:%91%22navigation_color%22,%22pagination_color%22,%22navigation_color%22,%22pagination_color%22,%22navigation_color%22,%22pagination_color%22%93,%22gcid-f52cc46c-103a-4f3e-bb71-6efb5f79ee25%22:%91%22item_bg_color%22%93}\u00bb][\/dipi_blog_slider][\/et_pb_column][\/et_pb_row][\/et_pb_section][et_pb_section fb_built=\u00bb1&#8243; _builder_version=\u00bb4.27.6&#8243; _module_preset=\u00bbdefault\u00bb background_color=\u00bbgcid-f52cc46c-103a-4f3e-bb71-6efb5f79ee25&#8243; global_colors_info=\u00bb{%22gcid-f52cc46c-103a-4f3e-bb71-6efb5f79ee25%22:%91%22background_color%22%93}\u00bb][et_pb_row _builder_version=\u00bb4.27.6&#8243; _module_preset=\u00bbdefault\u00bb global_colors_info=\u00bb{}\u00bb][et_pb_column type=\u00bb4_4&#8243; _builder_version=\u00bb4.27.6&#8243; _module_preset=\u00bbdefault\u00bb global_colors_info=\u00bb{}\u00bb][et_pb_text _builder_version=\u00bb4.27.6&#8243; _module_preset=\u00bbdefault\u00bb global_colors_info=\u00bb{}\u00bb]<\/p>\n<h2>Preguntas m\u00e1s frecuentes<\/h2>\n<p>[\/et_pb_text][dipi_faq faq_categories=\u00bb403&#8243; _builder_version=\u00bb4.27.6&#8243; _module_preset=\u00bbdefault\u00bb hover_enabled=\u00bb0&#8243; global_colors_info=\u00bb{}\u00bb sticky_enabled=\u00bb0&#8243;][\/dipi_faq][\/et_pb_column][\/et_pb_row][\/et_pb_section]<\/p>\n","protected":false},"excerpt":{"rendered":"<p>Descarga la versi\u00f3n de prueba de IronCAD y pru\u00e9balo gratis durante 30 d\u00edas. Descubre un software CAD 3D potente e intuitivo. Empieza inmediatamente.  <\/p>\n","protected":false},"author":1,"featured_media":0,"parent":25799,"menu_order":36,"comment_status":"closed","ping_status":"closed","template":"","meta":{"_et_pb_use_builder":"on","_et_pb_old_content":"","_et_gb_content_width":"","_improvement_type_select":"improve_an_existing","_thumb_yes_seoaic":false,"_frame_yes_seoaic":false,"seoaic_generate_description":"","seoaic_improve_instructions_prompt":"","seoaic_rollback_content_improvement":"","seoaic_idea_thumbnail_generator":"","thumbnail_generated":false,"thumbnail_generate_prompt":"","seoaic_article_description":"","footnotes":"","advanced-sidebar-menu\/link-title":"","advanced-sidebar-menu\/exclude-page":false},"dipi_cpt_category":[],"class_list":["post-25861","page","type-page","status-publish","hentry"],"_links":{"self":[{"href":"https:\/\/ironcad.eu\/es\/wp-json\/wp\/v2\/pages\/25861","targetHints":{"allow":["GET"]}}],"collection":[{"href":"https:\/\/ironcad.eu\/es\/wp-json\/wp\/v2\/pages"}],"about":[{"href":"https:\/\/ironcad.eu\/es\/wp-json\/wp\/v2\/types\/page"}],"author":[{"embeddable":true,"href":"https:\/\/ironcad.eu\/es\/wp-json\/wp\/v2\/users\/1"}],"replies":[{"embeddable":true,"href":"https:\/\/ironcad.eu\/es\/wp-json\/wp\/v2\/comments?post=25861"}],"version-history":[{"count":5,"href":"https:\/\/ironcad.eu\/es\/wp-json\/wp\/v2\/pages\/25861\/revisions"}],"predecessor-version":[{"id":28418,"href":"https:\/\/ironcad.eu\/es\/wp-json\/wp\/v2\/pages\/25861\/revisions\/28418"}],"up":[{"embeddable":true,"href":"https:\/\/ironcad.eu\/es\/wp-json\/wp\/v2\/pages\/25799"}],"wp:attachment":[{"href":"https:\/\/ironcad.eu\/es\/wp-json\/wp\/v2\/media?parent=25861"}],"wp:term":[{"taxonomy":"dipi_cpt_category","embeddable":true,"href":"https:\/\/ironcad.eu\/es\/wp-json\/wp\/v2\/dipi_cpt_category?post=25861"}],"curies":[{"name":"wp","href":"https:\/\/api.w.org\/{rel}","templated":true}]}}