{"id":36345,"date":"2026-05-12T16:12:23","date_gmt":"2026-05-12T14:12:23","guid":{"rendered":"https:\/\/ironcad.eu\/ayuda\/recursos\/bibliotecas\/bibliotecas-adicionales\/"},"modified":"2026-05-12T16:19:13","modified_gmt":"2026-05-12T14:19:13","slug":"bibliotecas-adicionales","status":"publish","type":"page","link":"https:\/\/ironcad.eu\/es\/ayuda\/recursos\/bibliotecas\/bibliotecas-adicionales\/","title":{"rendered":"Bibliotecas adicionales"},"content":{"rendered":"<p>[et_pb_section fb_built=\u00bb1&#8243; _builder_version=\u00bb4.27.6&#8243; _module_preset=\u00bbdefault\u00bb background_color=\u00bbgcid-f52cc46c-103a-4f3e-bb71-6efb5f79ee25&#8243; global_colors_info=\u00bb{%22gcid-f52cc46c-103a-4f3e-bb71-6efb5f79ee25%22:%91%22background_color%22%93}\u00bb][et_pb_row custom_padding_last_edited=\u00bbon|desktop\u00bb admin_label=\u00bbRastro de migas\u00bb _builder_version=\u00bb4.27.4&#8243; _module_preset=\u00bbdefault\u00bb custom_padding=\u00bb0rem||||false|false\u00bb custom_padding_tablet=\u00bb0rem||||false|false\u00bb custom_padding_phone=\u00bb0rem||||false|false\u00bb saved_tabs=\u00bball\u00bb collapsed=\u00bboff\u00bb global_colors_info=\u00bb{%22gcid-342b504c-af3f-4a0e-9bbf-cd80ba9f1957%22:%91%22border_color_bottom%22%93}\u00bb][et_pb_column type=\u00bb4_4&#8243; _builder_version=\u00bb4.24.0&#8243; _module_preset=\u00bbdefault\u00bb global_colors_info=\u00bb{}\u00bb][et_pb_code _builder_version=\u00bb4.27.6&#8243; _module_preset=\u00bbdefault\u00bb global_colors_info=\u00bb{}\u00bb]<nav aria-label=\"breadcrumbs\" class=\"rank-math-breadcrumb\"><p><span class=\"last\">Home<\/span><\/p><\/nav>[\/et_pb_code][\/et_pb_column][\/et_pb_row][et_pb_row column_structure=\u00bb1_2,1_2&#8243; custom_padding_last_edited=\u00bboff|desktop\u00bb _builder_version=\u00bb4.27.6&#8243; _module_preset=\u00bbdefault\u00bb custom_margin_last_edited=\u00bboff|desktop\u00bb global_colors_info=\u00bb{}\u00bb][et_pb_column type=\u00bb1_2&#8243; _builder_version=\u00bb4.24.0&#8243; _module_preset=\u00bbdefault\u00bb global_colors_info=\u00bb{}\u00bb][et_pb_text _builder_version=\u00bb4.27.6&#8243; _module_preset=\u00bbdefault\u00bb global_colors_info=\u00bb{}\u00bb]<\/p>\n<h1>Bibliotecas adicionales<\/h1>\n<h2>Bibliotecas y extensiones pr\u00e1cticas para IronCAD<\/h2>\n<p>Ampl\u00eda IronCAD con componentes adicionales, configuraciones inteligentes y herramientas pr\u00e1cticas para un dise\u00f1o y una ingenier\u00eda m\u00e1s eficientes.<\/p>\n<p>[\/et_pb_text][et_pb_button button_url=\u00bb@ET-DC@eyJkeW5hbWljIjp0cnVlLCJjb250ZW50IjoicG9zdF9saW5rX3VybF9wYWdlIiwic2V0dGluZ3MiOnsicG9zdF9pZCI6IjE3MTIxIn19@\u00bb button_text=\u00bbVer bibliotecas est\u00e1ndar\u00bb _builder_version=\u00bb4.27.6&#8243; _dynamic_attributes=\u00bbbutton_url\u00bb _module_preset=\u00bbdefault\u00bb global_colors_info=\u00bb{}\u00bb][\/et_pb_button][\/et_pb_column][et_pb_column type=\u00bb1_2&#8243; _builder_version=\u00bb4.24.0&#8243; _module_preset=\u00bbdefault\u00bb global_colors_info=\u00bb{}\u00bb][et_pb_image src=\u00bbhttps:\/\/ironcad.eu\/wp-content\/uploads\/2024\/02\/balie-transparant-scaled.webp\u00bb alt=\u00bbRender IronCAD de un contador con curva\u00bb title_text=\u00bbcontador transparente\u00bb align=\u00bbcenter\u00bb _builder_version=\u00bb4.27.6&#8243; _module_preset=\u00bbdefault\u00bb border_radii=\u00bbon|8px|8px|8px|8px\u00bb global_colors_info=\u00bb{}\u00bb][\/et_pb_image][\/et_pb_column][\/et_pb_row][\/et_pb_section][et_pb_section fb_built=\u00bb1&#8243; _builder_version=\u00bb4.27.6&#8243; _module_preset=\u00bbdefault\u00bb global_colors_info=\u00bb{}\u00bb][et_pb_row custom_padding_last_edited=\u00bboff|desktop\u00bb admin_label=\u00bbConducir\u00bb _builder_version=\u00bb4.27.6&#8243; _module_preset=\u00bbdefault\u00bb global_colors_info=\u00bb{}\u00bb][et_pb_column type=\u00bb4_4&#8243; _builder_version=\u00bb4.24.0&#8243; _module_preset=\u00bbdefault\u00bb global_colors_info=\u00bb{}\u00bb][et_pb_text _builder_version=\u00bb4.27.6&#8243; _module_preset=\u00bbdefault\u00bb custom_padding=\u00bb||0px|||\u00bb global_colors_info=\u00bb{}\u00bb]<\/p>\n<h2>Bibliotecas sucursales<\/h2>\n<h3>Bibliotecas para aplicaciones espec\u00edficas<\/h3>\n<p>Trabaja m\u00e1s r\u00e1pido con bibliotecas orientadas a la pr\u00e1ctica para la personalizaci\u00f3n, las construcciones t\u00e9cnicas y los flujos de trabajo orientados a la producci\u00f3n.<\/p>\n<p>[\/et_pb_text][\/et_pb_column][\/et_pb_row][et_pb_row column_structure=\u00bb1_2,1_2&#8243; use_custom_gutter=\u00bbon\u00bb gutter_width=\u00bb2&#8243; make_equal=\u00bbon\u00bb _builder_version=\u00bb4.27.6&#8243; _module_preset=\u00bbdefault\u00bb global_colors_info=\u00bb{}\u00bb][et_pb_column type=\u00bb1_2&#8243; _builder_version=\u00bb4.27.6&#8243; _module_preset=\u00bbdefault\u00bb background_color=\u00bbRGBA(255,255,255,0)\u00bb custom_padding=\u00bb2rem|2rem|2rem|2rem|true|true\u00bb border_radii=\u00bbon|8px|8px|8px|8px\u00bb border_width_all=\u00bb2px\u00bb border_color_all=\u00bbgcid-f52cc46c-103a-4f3e-bb71-6efb5f79ee25&#8243; box_shadow_style=\u00bbpreset3&#8243; global_colors_info=\u00bb{%22gcid-f52cc46c-103a-4f3e-bb71-6efb5f79ee25%22:%91%22border_color_all%22%93}\u00bb][et_pb_blurb title=\u00bbConstrucci\u00f3n interior\u00bb image=\u00bbhttps:\/\/ironcad.eu\/wp-content\/uploads\/2025\/06\/Mock-Up-interieurbouw.webp\u00bb alt=\u00bbDise\u00f1o en 3D creado en IronCAD de un mostrador de catering personalizado y un m\u00f3dulo interior visualizado en la pantalla de un port\u00e1til\u00bb image_icon_width=\u00bb100%\u00bb icon_alignment=\u00bbcenter\u00bb _builder_version=\u00bb4.27.6&#8243; _module_preset=\u00bbdefault\u00bb global_colors_info=\u00bb{}\u00bb]<\/p>\n<p>Trabaja m\u00e1s eficazmente con bibliotecas para interiores personalizados, construcci\u00f3n de muebles y configuraciones completas de armarios.<\/p>\n<p>Ten acceso instant\u00e1neo a piezas est\u00e1ndar, materiales y componentes inteligentes que se adaptan a los procesos diarios de dise\u00f1o y producci\u00f3n.<\/p>\n<ul>\n<li>Configuraciones de armarios<\/li>\n<li>Paneles y chapas<\/li>\n<li>Herrajes y accesorios<\/li>\n<li>Componentes de muebles<\/li>\n<li>Normas pr\u00e1cticas de dise\u00f1o<\/li>\n<\/ul>\n<p>[\/et_pb_blurb][et_pb_button button_url=\u00bbhttps:\/\/ironcad.eu\/download\/dynfos_interieurbouw-icc.zip\u00bb button_text=\u00bbDescarga\u00bb _builder_version=\u00bb4.27.6&#8243; _module_preset=\u00bbdefault\u00bb global_colors_info=\u00bb{}\u00bb][\/et_pb_button][\/et_pb_column][et_pb_column type=\u00bb1_2&#8243; _builder_version=\u00bb4.27.6&#8243; _module_preset=\u00bbdefault\u00bb background_color=\u00bbRGBA(255,255,255,0)\u00bb custom_padding=\u00bb2rem|2rem|2rem|2rem|true|true\u00bb border_radii=\u00bbon|8px|8px|8px|8px\u00bb border_width_all=\u00bb2px\u00bb border_color_all=\u00bbgcid-f52cc46c-103a-4f3e-bb71-6efb5f79ee25&#8243; box_shadow_style=\u00bbpreset3&#8243; global_colors_info=\u00bb{%22gcid-f52cc46c-103a-4f3e-bb71-6efb5f79ee25%22:%91%22border_color_all%22%93}\u00bb][et_pb_blurb title=\u00bbFlightcases\u00bb image=\u00bbhttps:\/\/ironcad.eu\/wp-content\/uploads\/2025\/06\/Mock-Up-flightcase-2.webp\u00bb alt=\u00bbOrdenador port\u00e1til en cuya pantalla aparece un flight case negro con esquinas y ruedas met\u00e1licas\u00bb image_icon_width=\u00bb100%\u00bb icon_alignment=\u00bbcenter\u00bb _builder_version=\u00bb4.27.6&#8243; _module_preset=\u00bbdefault\u00bb global_colors_info=\u00bb{}\u00bb]<\/p>\n<p>Crea construcciones t\u00e9cnicas personalizadas m\u00e1s r\u00e1pidamente con bibliotecas para flight cases, armarios y aplicaciones especiales.<\/p>\n<p>Trabaja con perfiles, componentes y piezas estructurales de uso com\u00fan que puedes utilizar inmediatamente en tu flujo de trabajo de dise\u00f1o.<\/p>\n<ul>\n<li>Piezas del malet\u00edn de vuelo<\/li>\n<li>Perfiles de aluminio<\/li>\n<li>Esquineras y herrajes<\/li>\n<li>Componentes del bastidor<\/li>\n<li>Construcciones t\u00e9cnicas a medida<\/li>\n<\/ul>\n<p>[\/et_pb_blurb][et_pb_button button_url=\u00bbhttps:\/\/ironcad.eu\/download\/dynfos_flightcases-icc.zip\u00bb button_text=\u00bbDescarga\u00bb _builder_version=\u00bb4.27.6&#8243; _module_preset=\u00bbdefault\u00bb global_colors_info=\u00bb{}\u00bb][\/et_pb_button][\/et_pb_column][\/et_pb_row][\/et_pb_section][et_pb_section fb_built=\u00bb1&#8243; _builder_version=\u00bb4.27.6&#8243; _module_preset=\u00bbdefault\u00bb background_color=\u00bbgcid-f52cc46c-103a-4f3e-bb71-6efb5f79ee25&#8243; global_colors_info=\u00bb{%22gcid-f52cc46c-103a-4f3e-bb71-6efb5f79ee25%22:%91%22background_color%22%93}\u00bb][et_pb_row custom_padding_last_edited=\u00bboff|desktop\u00bb admin_label=\u00bbConducir\u00bb _builder_version=\u00bb4.27.6&#8243; _module_preset=\u00bbdefault\u00bb global_colors_info=\u00bb{}\u00bb][et_pb_column type=\u00bb4_4&#8243; _builder_version=\u00bb4.24.0&#8243; _module_preset=\u00bbdefault\u00bb global_colors_info=\u00bb{}\u00bb][et_pb_text _builder_version=\u00bb4.27.6&#8243; _module_preset=\u00bbdefault\u00bb custom_padding=\u00bb||0px|||\u00bb global_colors_info=\u00bb{}\u00bb]<\/p>\n<h1>Complementos y extensiones<\/h1>\n<h2>Flujos de trabajo m\u00e1s inteligentes en IronCAD<\/h2>\n<p>Ampl\u00eda IronCAD con herramientas adicionales, configuraciones y flujos de trabajo inteligentes para un dise\u00f1o, una normalizaci\u00f3n y una ingenier\u00eda m\u00e1s eficientes.<\/p>\n<p>[\/et_pb_text][\/et_pb_column][\/et_pb_row][et_pb_row column_structure=\u00bb1_2,1_2&#8243; use_custom_gutter=\u00bbon\u00bb gutter_width=\u00bb2&#8243; make_equal=\u00bbon\u00bb _builder_version=\u00bb4.27.6&#8243; _module_preset=\u00bbdefault\u00bb global_colors_info=\u00bb{}\u00bb][et_pb_column type=\u00bb1_2&#8243; _builder_version=\u00bb4.27.6&#8243; _module_preset=\u00bbdefault\u00bb background_color=\u00bb#FFFFFF\u00bb custom_padding=\u00bb2rem|2rem|2rem|2rem|true|true\u00bb border_radii=\u00bbon|8px|8px|8px|8px\u00bb border_width_all=\u00bb2px\u00bb border_color_all=\u00bbgcid-f52cc46c-103a-4f3e-bb71-6efb5f79ee25&#8243; box_shadow_style=\u00bbpreset3&#8243; global_colors_info=\u00bb{%22gcid-f52cc46c-103a-4f3e-bb71-6efb5f79ee25%22:%91%22border_color_all%22%93}\u00bb][et_pb_blurb title=\u00bbPara-Flex\u00bb image=\u00bbhttps:\/\/ironcad.eu\/wp-content\/uploads\/2024\/02\/Logo-Para-Flex-vierkantje-SVG.webp\u00bb alt=\u00bbLogotipo de Para-Flex con tres fichas negras y una verde inclinada\u00bb image_icon_width=\u00bb80px\u00bb _builder_version=\u00bb4.27.6&#8243; _module_preset=\u00bbdefault\u00bb global_colors_info=\u00bb{}\u00bb]<\/p>\n<p>Para-Flex es una extensi\u00f3n para IronCAD que te permite trabajar con mayor rapidez y coherencia en los flujos de trabajo de ingenier\u00eda mec\u00e1nica y fabricaci\u00f3n.<\/p>\n<p>Con configuraciones inteligentes, plantillas y herramientas pr\u00e1cticas, automatizas las tareas habituales y gestionas los componentes de forma m\u00e1s eficaz dentro de cada proyecto.<\/p>\n<ul>\n<li>Bases de datos para componentes est\u00e1ndar<\/li>\n<li>Configuraciones y variantes inteligentes<\/li>\n<li>Filtros e informes r\u00e1pidos<\/li>\n<li>Plantillas IronCAD<\/li>\n<li>Normalizaci\u00f3n de componentes<\/li>\n<li>Flujos de trabajo de ingenier\u00eda m\u00e1s eficientes<\/li>\n<\/ul>\n<p>[\/et_pb_blurb][et_pb_button button_url=\u00bbhttps:\/\/para-flex.com\/download\/ParaFlexSampleDataNL.zip\u00bb button_text=\u00bbDescarga\u00bb _builder_version=\u00bb4.27.6&#8243; _module_preset=\u00bbdefault\u00bb global_colors_info=\u00bb{}\u00bb][\/et_pb_button][\/et_pb_column][et_pb_column type=\u00bb1_2&#8243; _builder_version=\u00bb4.27.6&#8243; _module_preset=\u00bbdefault\u00bb background_color=\u00bb#FFFFFF\u00bb custom_padding=\u00bb2rem|2rem|2rem|2rem|true|true\u00bb border_radii=\u00bbon|8px|8px|8px|8px\u00bb border_width_all=\u00bb2px\u00bb border_color_all=\u00bbgcid-f52cc46c-103a-4f3e-bb71-6efb5f79ee25&#8243; box_shadow_style=\u00bbpreset3&#8243; global_colors_info=\u00bb{%22gcid-f52cc46c-103a-4f3e-bb71-6efb5f79ee25%22:%91%22border_color_all%22%93}\u00bb][et_pb_blurb title=\u00bbMechanical\u00bb image=\u00bbhttps:\/\/ironcad.eu\/wp-content\/uploads\/2026\/05\/Naamloos.webp\u00bb alt=\u00bbIcono Mechanical\u00bb image_icon_width=\u00bb80px\u00bb _builder_version=\u00bb4.27.6&#8243; _module_preset=\u00bbdefault\u00bb global_colors_info=\u00bb{}\u00bb]<\/p>\n<p>Trabaja m\u00e1s r\u00e1pido con bibliotecas de ingenier\u00eda mec\u00e1nica, obras de construcci\u00f3n e ingenier\u00eda t\u00e9cnica.<\/p>\n<p>Accede al instante a piezas, perfiles y componentes inteligentes de uso com\u00fan para conseguir procesos de dise\u00f1o y producci\u00f3n m\u00e1s eficientes dentro de la ingenier\u00eda mec\u00e1nica.<\/p>\n<ul>\n<li>Perfiles de construcci\u00f3n<\/li>\n<li>Piezas de m\u00e1quinas<\/li>\n<li>Elementos de fijaci\u00f3n y componentes est\u00e1ndar<\/li>\n<li>Piezas de chapa<\/li>\n<li>Montajes t\u00e9cnicos<\/li>\n<li>Flujos de trabajo orientados a la producci\u00f3n<\/li>\n<\/ul>\n<p>[\/et_pb_blurb][et_pb_button button_url=\u00bb@ET-DC@eyJkeW5hbWljIjp0cnVlLCJjb250ZW50IjoicG9zdF9saW5rX3VybF9wYWdlIiwic2V0dGluZ3MiOnsicG9zdF9pZCI6IjEzMDQ0In19@\u00bb button_text=\u00bbDescargar versi\u00f3n de prueba\u00bb _builder_version=\u00bb4.27.6&#8243; _dynamic_attributes=\u00bbbutton_url\u00bb _module_preset=\u00bbdefault\u00bb global_colors_info=\u00bb{}\u00bb][\/et_pb_button][\/et_pb_column][\/et_pb_row][\/et_pb_section][et_pb_section fb_built=\u00bb1&#8243; _builder_version=\u00bb4.27.6&#8243; _module_preset=\u00bbdefault\u00bb background_color=\u00bbRGBA(255,255,255,0)\u00bb global_colors_info=\u00bb{}\u00bb][et_pb_row custom_padding_last_edited=\u00bboff|desktop\u00bb admin_label=\u00bbConducir\u00bb _builder_version=\u00bb4.27.6&#8243; _module_preset=\u00bbdefault\u00bb global_colors_info=\u00bb{}\u00bb][et_pb_column type=\u00bb4_4&#8243; _builder_version=\u00bb4.24.0&#8243; _module_preset=\u00bbdefault\u00bb global_colors_info=\u00bb{}\u00bb][et_pb_text _builder_version=\u00bb4.27.6&#8243; _module_preset=\u00bbdefault\u00bb custom_padding=\u00bb||0px|||\u00bb global_colors_info=\u00bb{}\u00bb]<\/p>\n<h1>Cat\u00e1logos de socios<\/h1>\n<h2>Trabajar directamente con los productos de los proveedores<\/h2>\n<p>En colaboraci\u00f3n con los proveedores, existen cat\u00e1logos adicionales con productos que pueden utilizarse directamente en IronCAD.<\/p>\n<p>As\u00ed dise\u00f1as m\u00e1s r\u00e1pido con componentes realistas, pr\u00e1cticos y orientados a la contrataci\u00f3n.<\/p>\n<p>[\/et_pb_text][\/et_pb_column][\/et_pb_row][et_pb_row column_structure=\u00bb1_2,1_2&#8243; use_custom_gutter=\u00bbon\u00bb gutter_width=\u00bb2&#8243; make_equal=\u00bbon\u00bb _builder_version=\u00bb4.27.6&#8243; _module_preset=\u00bbdefault\u00bb global_colors_info=\u00bb{}\u00bb][et_pb_column type=\u00bb1_2&#8243; _builder_version=\u00bb4.27.6&#8243; _module_preset=\u00bbdefault\u00bb background_color=\u00bb#FFFFFF\u00bb custom_padding=\u00bb2rem|2rem|2rem|2rem|true|true\u00bb border_radii=\u00bbon|8px|8px|8px|8px\u00bb border_width_all=\u00bb2px\u00bb border_color_all=\u00bbgcid-f52cc46c-103a-4f3e-bb71-6efb5f79ee25&#8243; box_shadow_style=\u00bbpreset3&#8243; global_colors_info=\u00bb{%22gcid-f52cc46c-103a-4f3e-bb71-6efb5f79ee25%22:%91%22border_color_all%22%93}\u00bb][et_pb_blurb title=\u00bbProdinter\u00bb image=\u00bbhttps:\/\/ironcad.eu\/wp-content\/uploads\/2026\/05\/Prodinter-Logo-Final-1024&#215;262-1.webp\u00bb alt=\u00bbLogotipo Prodinter\u00bb image_icon_width=\u00bb150px\u00bb _builder_version=\u00bb4.27.6&#8243; _module_preset=\u00bbdefault\u00bb global_colors_info=\u00bb{}\u00bb]<\/p>\n<p>Cat\u00e1logo de tiradores y componentes para aplicaciones de construcci\u00f3n interior y mobiliario.<\/p>\n<ul>\n<li>Listo para su uso inmediato<\/li>\n<li>Selecci\u00f3n pr\u00e1ctica de productos<\/li>\n<li>Adecuado para interiores personalizados<\/li>\n<\/ul>\n<p>[\/et_pb_blurb][et_pb_button button_url=\u00bbhttps:\/\/ironcad.eu\/download\/Prodinter.zip\u00bb button_text=\u00bbDescarga\u00bb _builder_version=\u00bb4.27.6&#8243; _module_preset=\u00bbdefault\u00bb global_colors_info=\u00bb{}\u00bb][\/et_pb_button][\/et_pb_column][et_pb_column type=\u00bb1_2&#8243; _builder_version=\u00bb4.27.6&#8243; _module_preset=\u00bbdefault\u00bb background_color=\u00bb#FFFFFF\u00bb custom_padding=\u00bb2rem|2rem|2rem|2rem|true|true\u00bb border_radii=\u00bbon|8px|8px|8px|8px\u00bb border_width_all=\u00bb2px\u00bb border_color_all=\u00bbgcid-f52cc46c-103a-4f3e-bb71-6efb5f79ee25&#8243; box_shadow_style=\u00bbpreset3&#8243; global_colors_info=\u00bb{%22gcid-f52cc46c-103a-4f3e-bb71-6efb5f79ee25%22:%91%22border_color_all%22%93}\u00bb][et_pb_blurb title=\u00bbHazte socio del cat\u00e1logo\u00bb use_icon=\u00bbon\u00bb font_icon=\u00bb&#xf507;||fa||900&#8243; image_icon_width=\u00bb80px\u00bb _builder_version=\u00bb4.27.6&#8243; _module_preset=\u00bbdefault\u00bb global_colors_info=\u00bb{}\u00bb]<\/p>\n<p>Tus productos como biblioteca IronCAD<\/p>\n<p>\u00bfTe gustar\u00eda ofrecer tus productos, materiales o componentes como una biblioteca dentro de IronCAD? Haz que las piezas est\u00e9n disponibles al instante para dise\u00f1adores e ingenieros dentro de su flujo de trabajo diario.<\/p>\n<p>[\/et_pb_blurb][et_pb_button button_url=\u00bb@ET-DC@eyJkeW5hbWljIjp0cnVlLCJjb250ZW50IjoicG9zdF9saW5rX3VybF9wYWdlIiwic2V0dGluZ3MiOnsicG9zdF9pZCI6IjEyMTk4In19@\u00bb button_text=\u00bbHazte socio\u00bb _builder_version=\u00bb4.27.6&#8243; _dynamic_attributes=\u00bbbutton_url\u00bb _module_preset=\u00bbdefault\u00bb global_colors_info=\u00bb{}\u00bb][\/et_pb_button][\/et_pb_column][\/et_pb_row][\/et_pb_section][et_pb_section fb_built=\u00bb1&#8243; custom_padding_last_edited=\u00bbon|desktop\u00bb _builder_version=\u00bb4.27.6&#8243; _module_preset=\u00bbdefault\u00bb background_color=\u00bbgcid-f52cc46c-103a-4f3e-bb71-6efb5f79ee25&#8243; custom_margin=\u00bb0px||||false|false\u00bb custom_padding_tablet=\u00bb\u00bb custom_padding_phone=\u00bb\u00bb border_color_top=\u00bbgcid-0d1a127e-4ce1-4bb0-9503-eafc35a82551&#8243; locked=\u00bboff\u00bb global_colors_info=\u00bb{%22gcid-0d1a127e-4ce1-4bb0-9503-eafc35a82551%22:%91%22border_color_top%22%93,%22gcid-f52cc46c-103a-4f3e-bb71-6efb5f79ee25%22:%91%22background_color%22%93}\u00bb][et_pb_row custom_padding_last_edited=\u00bboff|desktop\u00bb _builder_version=\u00bb4.27.6&#8243; _module_preset=\u00bbdefault\u00bb global_colors_info=\u00bb{}\u00bb][et_pb_column type=\u00bb4_4&#8243; _builder_version=\u00bb4.27.4&#8243; _module_preset=\u00bbdefault\u00bb global_colors_info=\u00bb{}\u00bb][et_pb_text _builder_version=\u00bb4.27.6&#8243; _module_preset=\u00bbdefault\u00bb custom_padding=\u00bb||0px|||\u00bb global_colors_info=\u00bb{}\u00bb]<\/p>\n<h2>M\u00e1s herramientas<\/h2>\n<p>Con las herramientas adecuadas, puedes trabajar de forma m\u00e1s r\u00e1pida y coherente en IronCAD.<\/p>\n<p>[\/et_pb_text][\/et_pb_column][\/et_pb_row][et_pb_row column_structure=\u00bb1_3,1_3,1_3&#8243; custom_padding_last_edited=\u00bboff|desktop\u00bb admin_label=\u00bbConducir\u00bb _builder_version=\u00bb4.27.4&#8243; _module_preset=\u00bbdefault\u00bb custom_padding=\u00bb1rem||1rem||true|false\u00bb global_colors_info=\u00bb{}\u00bb][et_pb_column type=\u00bb1_3&#8243; _builder_version=\u00bb4.24.0&#8243; _module_preset=\u00bbdefault\u00bb global_colors_info=\u00bb{}\u00bb][et_pb_icon font_icon=\u00bb&#xe059;||divi||400&#8243; _builder_version=\u00bb4.27.4&#8243; _module_preset=\u00bbdefault\u00bb global_colors_info=\u00bb{}\u00bb][\/et_pb_icon][et_pb_cta title=\u00bbPlantillas\u00bb button_url=\u00bbhttps:\/\/ironcad.eu\/es\/ayuda\/recursos\/plantillas\/\u00bb button_text=\u00bbVer\u00bb _builder_version=\u00bb4.27.6&#8243; _module_preset=\u00bbdefault\u00bb background_color=\u00bbRGBA(255,255,255,0)\u00bb custom_button=\u00bbon\u00bb button_bg_color=\u00bbgcid-primary-color\u00bb text_orientation=\u00bbleft\u00bb background_layout=\u00bblight\u00bb custom_padding=\u00bb0px|0px|0px|0px|true|true\u00bb global_colors_info=\u00bb{%22gcid-primary-color%22:%91%22button_bg_color%22%93,%22gcid-body-color%22:%91%22button_bg_color__hover%22%93}\u00bb button_bg_color__hover_enabled=\u00bbon|hover\u00bb button_bg_color__hover=\u00bbrgba(71,71,71,0.8)\u00bb button_bg_enable_color__hover=\u00bbon\u00bb]<\/p>\n<p>Las plantillas constituyen la base de los nuevos archivos y garantizan que los dise\u00f1os contengan inmediatamente los ajustes adecuados para 3D y 2D.<\/p>\n<p>[\/et_pb_cta][\/et_pb_column][et_pb_column type=\u00bb1_3&#8243; _builder_version=\u00bb4.24.0&#8243; _module_preset=\u00bbdefault\u00bb global_colors_info=\u00bb{}\u00bb][et_pb_icon font_icon=\u00bb&#xf085;||fa||900&#8243; _builder_version=\u00bb4.27.4&#8243; _module_preset=\u00bbdefault\u00bb global_colors_info=\u00bb{}\u00bb][\/et_pb_icon][et_pb_cta title=\u00bbAjustes b\u00e1sicos\u00bb button_url=\u00bbhttps:\/\/ironcad.eu\/es\/ayuda\/recursos\/ajustes-basicos\/\u00bb button_text=\u00bbVer\u00bb _builder_version=\u00bb4.27.6&#8243; _module_preset=\u00bbdefault\u00bb background_color=\u00bbRGBA(255,255,255,0)\u00bb custom_button=\u00bbon\u00bb button_bg_color=\u00bbgcid-primary-color\u00bb text_orientation=\u00bbleft\u00bb background_layout=\u00bblight\u00bb custom_padding=\u00bb0px|0px|0px|0px|true|true\u00bb global_colors_info=\u00bb{%22gcid-primary-color%22:%91%22button_bg_color%22%93,%22gcid-body-color%22:%91%22button_bg_color__hover%22%93}\u00bb button_bg_color__hover_enabled=\u00bbon|hover\u00bb button_bg_color__hover=\u00bbrgba(71,71,71,0.8)\u00bb button_bg_enable_color__hover=\u00bbon\u00bb]<\/p>\n<p>Con unos ajustes b\u00e1sicos bien establecidos, trabajar\u00e1s de forma m\u00e1s eficaz y coherente en cada proyecto.<\/p>\n<p>[\/et_pb_cta][\/et_pb_column][et_pb_column type=\u00bb1_3&#8243; _builder_version=\u00bb4.24.0&#8243; _module_preset=\u00bbdefault\u00bb global_colors_info=\u00bb{}\u00bb][et_pb_icon font_icon=\u00bb&#xf19d;||fa||900&#8243; _builder_version=\u00bb4.27.4&#8243; _module_preset=\u00bbdefault\u00bb global_colors_info=\u00bb{}\u00bb][\/et_pb_icon][et_pb_cta title=\u00bbBase de conocimientos\u00bb button_url=\u00bbhttps:\/\/helpdesk.dynfos.nl\/\u00bb url_new_window=\u00bbon\u00bb button_text=\u00bbVer\u00bb _builder_version=\u00bb4.27.6&#8243; _module_preset=\u00bbdefault\u00bb background_color=\u00bbRGBA(255,255,255,0)\u00bb custom_button=\u00bbon\u00bb button_bg_color=\u00bbgcid-primary-color\u00bb text_orientation=\u00bbleft\u00bb background_layout=\u00bblight\u00bb custom_padding=\u00bb0px|0px|0px|0px|true|true\u00bb global_colors_info=\u00bb{%22gcid-primary-color%22:%91%22button_bg_color%22%93,%22gcid-body-color%22:%91%22button_bg_color__hover%22%93}\u00bb button_bg_color__hover_enabled=\u00bbon|hover\u00bb button_bg_color__hover=\u00bbrgba(71,71,71,0.8)\u00bb button_bg_enable_color__hover=\u00bbon\u00bb]<\/p>\n<p>En la base de conocimientos encontrar\u00e1s art\u00edculos que explican funciones, ajustes y flujos de trabajo pr\u00e1cticos dentro de IronCAD.<\/p>\n<p>[\/et_pb_cta][\/et_pb_column][\/et_pb_row][\/et_pb_section]<\/p>\n","protected":false},"excerpt":{"rendered":"<p>Ampl\u00eda IronCAD con bibliotecas adicionales, complementos y cat\u00e1logos de socios para los flujos de trabajo de Ingenier\u00eda Mec\u00e1nica, Dise\u00f1o de Interiores y Fabricaci\u00f3n.<\/p>\n","protected":false},"author":2,"featured_media":0,"parent":25644,"menu_order":0,"comment_status":"closed","ping_status":"closed","template":"","meta":{"_et_pb_use_builder":"on","_et_pb_old_content":"","_et_gb_content_width":"","_improvement_type_select":"improve_an_existing","_thumb_yes_seoaic":false,"_frame_yes_seoaic":false,"seoaic_generate_description":"","seoaic_improve_instructions_prompt":"","seoaic_rollback_content_improvement":"","seoaic_idea_thumbnail_generator":"","thumbnail_generated":false,"thumbnail_generate_prompt":"","seoaic_article_description":"","footnotes":"","advanced-sidebar-menu\/link-title":"","advanced-sidebar-menu\/exclude-page":false},"dipi_cpt_category":[],"class_list":["post-36345","page","type-page","status-publish","hentry"],"_links":{"self":[{"href":"https:\/\/ironcad.eu\/es\/wp-json\/wp\/v2\/pages\/36345","targetHints":{"allow":["GET"]}}],"collection":[{"href":"https:\/\/ironcad.eu\/es\/wp-json\/wp\/v2\/pages"}],"about":[{"href":"https:\/\/ironcad.eu\/es\/wp-json\/wp\/v2\/types\/page"}],"author":[{"embeddable":true,"href":"https:\/\/ironcad.eu\/es\/wp-json\/wp\/v2\/users\/2"}],"replies":[{"embeddable":true,"href":"https:\/\/ironcad.eu\/es\/wp-json\/wp\/v2\/comments?post=36345"}],"version-history":[{"count":1,"href":"https:\/\/ironcad.eu\/es\/wp-json\/wp\/v2\/pages\/36345\/revisions"}],"predecessor-version":[{"id":36355,"href":"https:\/\/ironcad.eu\/es\/wp-json\/wp\/v2\/pages\/36345\/revisions\/36355"}],"up":[{"embeddable":true,"href":"https:\/\/ironcad.eu\/es\/wp-json\/wp\/v2\/pages\/25644"}],"wp:attachment":[{"href":"https:\/\/ironcad.eu\/es\/wp-json\/wp\/v2\/media?parent=36345"}],"wp:term":[{"taxonomy":"dipi_cpt_category","embeddable":true,"href":"https:\/\/ironcad.eu\/es\/wp-json\/wp\/v2\/dipi_cpt_category?post=36345"}],"curies":[{"name":"wp","href":"https:\/\/api.w.org\/{rel}","templated":true}]}}