{"id":32825,"date":"2026-01-18T20:02:46","date_gmt":"2026-01-18T19:02:46","guid":{"rendered":"https:\/\/ironcad.eu\/blog\/"},"modified":"2026-01-18T20:02:46","modified_gmt":"2026-01-18T19:02:46","slug":"blog","status":"publish","type":"page","link":"https:\/\/ironcad.eu\/fr\/blog\/","title":{"rendered":"Blog"},"content":{"rendered":"<p>Vous trouverez ici des articles de connaissance, des conseils et des mises \u00e0 jour sur la conception CAO 3D avec IronCAD. Des guides pratiques aux nouvelles sur les produits, d\u00e9couvrez comment travailler plus efficacement et de mani\u00e8re plus cr\u00e9ative avec le logiciel de CAO. <\/p>\n","protected":false},"excerpt":{"rendered":"<p>Vous trouverez ici des articles de connaissance, des conseils et des mises \u00e0 jour sur la conception CAO 3D avec IronCAD. Des guides pratiques aux nouvelles sur les produits, d\u00e9couvrez comment travailler plus efficacement et de mani\u00e8re plus cr\u00e9ative avec le logiciel de CAO.<\/p>\n","protected":false},"author":1,"featured_media":0,"parent":0,"menu_order":0,"comment_status":"closed","ping_status":"closed","template":"page-blog.php","meta":{"_et_pb_use_builder":"off","_et_pb_old_content":"","_et_gb_content_width":"","_improvement_type_select":"improve_an_existing","_thumb_yes_seoaic":false,"_frame_yes_seoaic":false,"seoaic_generate_description":"","seoaic_improve_instructions_prompt":"","seoaic_rollback_content_improvement":"","seoaic_idea_thumbnail_generator":"","thumbnail_generated":false,"thumbnail_generate_prompt":"","seoaic_article_description":"","footnotes":"","advanced-sidebar-menu\/link-title":"","advanced-sidebar-menu\/exclude-page":false},"dipi_cpt_category":[],"class_list":["post-32825","page","type-page","status-publish","hentry"],"_links":{"self":[{"href":"https:\/\/ironcad.eu\/fr\/wp-json\/wp\/v2\/pages\/32825","targetHints":{"allow":["GET"]}}],"collection":[{"href":"https:\/\/ironcad.eu\/fr\/wp-json\/wp\/v2\/pages"}],"about":[{"href":"https:\/\/ironcad.eu\/fr\/wp-json\/wp\/v2\/types\/page"}],"author":[{"embeddable":true,"href":"https:\/\/ironcad.eu\/fr\/wp-json\/wp\/v2\/users\/1"}],"replies":[{"embeddable":true,"href":"https:\/\/ironcad.eu\/fr\/wp-json\/wp\/v2\/comments?post=32825"}],"version-history":[{"count":0,"href":"https:\/\/ironcad.eu\/fr\/wp-json\/wp\/v2\/pages\/32825\/revisions"}],"wp:attachment":[{"href":"https:\/\/ironcad.eu\/fr\/wp-json\/wp\/v2\/media?parent=32825"}],"wp:term":[{"taxonomy":"dipi_cpt_category","embeddable":true,"href":"https:\/\/ironcad.eu\/fr\/wp-json\/wp\/v2\/dipi_cpt_category?post=32825"}],"curies":[{"name":"wp","href":"https:\/\/api.w.org\/{rel}","templated":true}]}}