{"id":33036,"date":"2024-03-12T16:38:15","date_gmt":"2024-03-12T15:38:15","guid":{"rendered":"https:\/\/ironcad.eu\/declaration-de-confidentialite\/"},"modified":"2026-05-06T16:30:29","modified_gmt":"2026-05-06T14:30:29","slug":"declaration-de-confidentialite","status":"publish","type":"page","link":"https:\/\/ironcad.eu\/fr\/declaration-de-confidentialite\/","title":{"rendered":"D\u00e9claration de confidentialit\u00e9"},"content":{"rendered":"<p>[et_pb_section fb_built=\u00a0\u00bb1&Prime; _builder_version=\u00a0\u00bb4.24.0&Prime; _module_preset=\u00a0\u00bbdefault\u00a0\u00bb locked=\u00a0\u00bboff\u00a0\u00bb global_colors_info=\u00a0\u00bb{}\u00a0\u00bb][et_pb_row custom_padding_last_edited=\u00a0\u00bbon|desktop\u00a0\u00bb admin_label=\u00a0\u00bbSillon de miettes\u00a0\u00bb _builder_version=\u00a0\u00bb4.26.0&Prime; _module_preset=\u00a0\u00bbdefault\u00a0\u00bb custom_padding=\u00a0\u00bb0rem||||false|false\u00a0\u00bb custom_padding_tablet=\u00a0\u00bb0rem||||false|false\u00a0\u00bb custom_padding_phone=\u00a0\u00bb0rem||||false|false\u00a0\u00bb global_module=\u00a0\u00bb11007&Prime; saved_tabs=\u00a0\u00bball\u00a0\u00bb collapsed=\u00a0\u00bboff\u00a0\u00bb global_colors_info=\u00a0\u00bb{}\u00a0\u00bb][et_pb_column type=\u00a0\u00bb4_4&Prime; _builder_version=\u00a0\u00bb4.24.0&Prime; _module_preset=\u00a0\u00bbdefault\u00a0\u00bb global_colors_info=\u00a0\u00bb{}\u00a0\u00bb][et_pb_code admin_label=\u00a0\u00bbCode\u00a0\u00bb _builder_version=\u00a0\u00bb4.24.1&Prime; _module_preset=\u00a0\u00bbdefault\u00a0\u00bb custom_css_main_element=\u00a0\u00bbfont-size: .7em;||text-transform: uppercase;\u00a0\u00bb global_colors_info=\u00a0\u00bb{}\u00a0\u00bb]<nav aria-label=\"breadcrumbs\" class=\"rank-math-breadcrumb\"><p><span class=\"last\">Home<\/span><\/p><\/nav>[\/et_pb_code][\/et_pb_column][\/et_pb_row][et_pb_row _builder_version=\u00a0\u00bb4.24.0&Prime; _module_preset=\u00a0\u00bbdefault\u00a0\u00bb custom_padding=\u00a0\u00bb0rem||0rem||true|false\u00a0\u00bb custom_padding_tablet=\u00a0\u00bb2rem||1rem||false|false\u00a0\u00bb custom_padding_phone=\u00a0\u00bb2rem||0rem||false|false\u00a0\u00bb global_colors_info=\u00a0\u00bb{}\u00a0\u00bb][et_pb_column type=\u00a0\u00bb4_4&Prime; _builder_version=\u00a0\u00bb4.24.0&Prime; _module_preset=\u00a0\u00bbdefault\u00a0\u00bb global_colors_info=\u00a0\u00bb{}\u00a0\u00bb][et_pb_text _builder_version=\u00a0\u00bb4.27.4&Prime; _module_preset=\u00a0\u00bbdefault\u00a0\u00bb custom_margin=\u00a0\u00bb||0px|||\u00a0\u00bb hover_enabled=\u00a0\u00bb0&Prime; global_colors_info=\u00a0\u00bb{}\u00a0\u00bb sticky_enabled=\u00a0\u00bb0&Prime;]<\/p>\n<h1>D\u00e9claration de confidentialit\u00e9<\/h1>\n<p>Derni\u00e8re mise \u00e0 jour : Octobre 2025<\/p>\n<p><strong>Coordonn\u00e9es :<br \/><\/strong>IronCAD Europe<br \/>James Wattstraat 1<br \/>7442 DC NIJVERDAL<br \/>+31548622247<\/p>\n<p>Votre vie priv\u00e9e est importante pour nous. Cet avis de confidentialit\u00e9 explique quelles informations personnelles IronCAD Europe recueille aupr\u00e8s de vous dans le cadre de nos interactions avec vous et par le biais de notre site Web, et comment nous utilisons ces informations. <\/p>\n<h2>Donn\u00e9es personnelles que nous traitons<\/h2>\n<p>IronCAD Europe traite vos donn\u00e9es personnelles parce que vous utilisez nos services et\/ou parce que vous nous les fournissez vous-m\u00eame.<\/p>\n<p><strong data-start=\"1193\" data-end=\"1248\">Exemples de donn\u00e9es personnelles que nous traitons :<\/strong><\/p>\n<ul>\n<li>Pr\u00e9nom et nom<\/li>\n<li>Genre<\/li>\n<li>Date et lieu de naissance<\/li>\n<li>D\u00e9tails de l&rsquo;adresse<\/li>\n<li>Num\u00e9ro de t\u00e9l\u00e9phone et adresse \u00e9lectronique<\/li>\n<li>d&rsquo;autres donn\u00e9es que vous fournissez activement, par exemple en cr\u00e9ant un compte ou par correspondance<\/li>\n<li>D\u00e9tails de l&#8217;emplacement<\/li>\n<li>Donn\u00e9es relatives \u00e0 vos activit\u00e9s sur notre site web<\/li>\n<li>Navigateur Internet et type d&rsquo;appareil<\/li>\n<li>Num\u00e9ro de compte bancaire<\/li>\n<\/ul>\n<h2>Donn\u00e9es personnelles sp\u00e9ciales et\/ou sensibles que nous traitons<\/h2>\n<p>Nous ne traitons des donn\u00e9es personnelles particuli\u00e8res qu&rsquo;en cas de stricte n\u00e9cessit\u00e9.<br \/>Notre site web et nos services ne s&rsquo;adressent pas aux enfants de moins de 16 ans. Si vous pensez que nous avons collect\u00e9 des donn\u00e9es sans le consentement des parents, veuillez nous contacter \u00e0 l&rsquo;adresse info@ironcad.eu et nous supprimerons ces informations. <\/p>\n<h2>Dans quel but et sur quelle base nous traitons les donn\u00e9es \u00e0 caract\u00e8re personnel<\/h2>\n<p>IronCAD Europe traite vos donn\u00e9es personnelles aux fins suivantes :<\/p>\n<ul>\n<li>Traitement des paiements<\/li>\n<li>Envoi de lettres d&rsquo;information et\/ou de communications marketing (apr\u00e8s consentement)<\/li>\n<li>\u00eatre en mesure de vous appeler ou de vous envoyer un courrier \u00e9lectronique si cela est n\u00e9cessaire pour nos services<\/li>\n<li>vous informer des modifications apport\u00e9es \u00e0 nos services et produits<\/li>\n<li>Vous permettre de cr\u00e9er un compte<\/li>\n<li>Fournir des biens et des services<\/li>\n<li>Analyser le comportement sur le site web afin d&rsquo;am\u00e9liorer nos services<\/li>\n<li>Respecter les obligations l\u00e9gales (telles que les r\u00e9glementations fiscales)<\/li>\n<\/ul>\n<p>Nous ne prenons pas de d\u00e9cisions fond\u00e9es sur un traitement automatis\u00e9 qui vous affectent de mani\u00e8re significative.<\/p>\n<h2>D\u00e9lais de conservation<\/h2>\n<p>Nous ne conservons pas vos donn\u00e9es plus longtemps que ce qui est strictement n\u00e9cessaire. Exemples : <\/p>\n<ul>\n<li>Comptes et formulaires : les donn\u00e9es seront conserv\u00e9es jusqu&rsquo;\u00e0 ce que vous les supprimiez vous-m\u00eame ou que vous en fassiez la demande.<\/li>\n<li>Donn\u00e9es statistiques : nous utilisons Google Analytics. Les adresses IP sont rendues anonymes et un accord de traitement a \u00e9t\u00e9 conclu avec Google. Les donn\u00e9es sont conserv\u00e9es pendant 14 mois au maximum.  <\/li>\n<\/ul>\n<h2>Partage de donn\u00e9es personnelles avec des tiers<\/h2>\n<p>Nous ne vendons pas vos donn\u00e9es \u00e0 des tiers et nous ne les fournissons que lorsque cela est n\u00e9cessaire pour l&rsquo;ex\u00e9cution de notre contrat ou pour respecter des obligations l\u00e9gales. Nous concluons des accords de traitement avec des parties qui traitent les donn\u00e9es en notre nom. <\/p>\n<p>Veuillez noter que certains de nos produits ou sites web contiennent des liens vers des services tiers ayant leur propre politique de confidentialit\u00e9.<\/p>\n<h2>Cookies<\/h2>\n<p>IronCAD Europe utilise des cookies fonctionnels, analytiques et de suivi. Les cookies garantissent le bon fonctionnement du site web et la m\u00e9morisation des pr\u00e9f\u00e9rences. <\/p>\n<h2>Vos droits<\/h2>\n<p>Vous avez le droit de :<\/p>\n<ul>\n<li>Consulter, corriger ou supprimer vos donn\u00e9es<\/li>\n<li>S&rsquo;opposer au traitement<\/li>\n<li>Consentement au retrait<\/li>\n<li>Faire transf\u00e9rer vos donn\u00e9es (portabilit\u00e9 des donn\u00e9es)<\/li>\n<\/ul>\n<p>Veuillez envoyer une demande \u00e0 info@ironcad.eu. Nous vous r\u00e9pondrons dans un d\u00e9lai de 4 semaines. <\/p>\n<p>En cas de doute sur votre identit\u00e9, nous pouvons vous demander d&rsquo;envoyer une copie de votre pi\u00e8ce d&rsquo;identit\u00e9 (avec votre photo, le MRZ, le num\u00e9ro de passeport et le BSN prot\u00e9g\u00e9).<\/p>\n<p>Vous pouvez \u00e9galement d\u00e9poser une plainte aupr\u00e8s de l&rsquo;Autorit\u00e9 des donn\u00e9es personnelles : https:\/\/autoriteitpersoonsgegevens.nl<\/p>\n<h2>S\u00e9curit\u00e9<\/h2>\n<p>IronCAD Europe prend des mesures appropri\u00e9es pour pr\u00e9venir les abus, les pertes, les acc\u00e8s non autoris\u00e9s et les modifications non autoris\u00e9es. Si vous pensez que vos donn\u00e9es ne sont pas correctement s\u00e9curis\u00e9es ou qu&rsquo;il y a des indications de mauvaise utilisation, veuillez nous contacter \u00e0 l&rsquo;adresse info@ironcad.eu. <\/p>\n<p>[\/et_pb_text][\/et_pb_column][\/et_pb_row][\/et_pb_section]<\/p>\n","protected":false},"excerpt":{"rendered":"<p><nav aria-label=\"breadcrumbs\" class=\"rank-math-breadcrumb\"><p><span class=\"last\">Home<\/span><\/p><\/nav>D\u00e9claration de confidentialit\u00e9 Derni\u00e8re mise \u00e0 jour : Octobre 2025 Coordonn\u00e9es :IronCAD EuropeJames Wattstraat 17442 DC NIJVERDAL+31548622247 Votre vie priv\u00e9e est importante pour nous. Cet avis de confidentialit\u00e9 explique quelles informations personnelles IronCAD Europe recueille aupr\u00e8s de vous dans le cadre de nos interactions avec vous et par le biais de notre site Web, et [&hellip;]<\/p>\n","protected":false},"author":2,"featured_media":0,"parent":0,"menu_order":0,"comment_status":"closed","ping_status":"closed","template":"","meta":{"_et_pb_use_builder":"on","_et_pb_old_content":"","_et_gb_content_width":"","_improvement_type_select":"improve_an_existing","_thumb_yes_seoaic":false,"_frame_yes_seoaic":false,"seoaic_generate_description":"","seoaic_improve_instructions_prompt":"","seoaic_rollback_content_improvement":"","seoaic_idea_thumbnail_generator":"","thumbnail_generated":false,"thumbnail_generate_prompt":"","seoaic_article_description":"","footnotes":"","advanced-sidebar-menu\/link-title":"","advanced-sidebar-menu\/exclude-page":false},"dipi_cpt_category":[],"class_list":["post-33036","page","type-page","status-publish","hentry"],"_links":{"self":[{"href":"https:\/\/ironcad.eu\/fr\/wp-json\/wp\/v2\/pages\/33036","targetHints":{"allow":["GET"]}}],"collection":[{"href":"https:\/\/ironcad.eu\/fr\/wp-json\/wp\/v2\/pages"}],"about":[{"href":"https:\/\/ironcad.eu\/fr\/wp-json\/wp\/v2\/types\/page"}],"author":[{"embeddable":true,"href":"https:\/\/ironcad.eu\/fr\/wp-json\/wp\/v2\/users\/2"}],"replies":[{"embeddable":true,"href":"https:\/\/ironcad.eu\/fr\/wp-json\/wp\/v2\/comments?post=33036"}],"version-history":[{"count":0,"href":"https:\/\/ironcad.eu\/fr\/wp-json\/wp\/v2\/pages\/33036\/revisions"}],"wp:attachment":[{"href":"https:\/\/ironcad.eu\/fr\/wp-json\/wp\/v2\/media?parent=33036"}],"wp:term":[{"taxonomy":"dipi_cpt_category","embeddable":true,"href":"https:\/\/ironcad.eu\/fr\/wp-json\/wp\/v2\/dipi_cpt_category?post=33036"}],"curies":[{"name":"wp","href":"https:\/\/api.w.org\/{rel}","templated":true}]}}