{"id":33298,"date":"2024-02-15T11:29:13","date_gmt":"2024-02-15T10:29:13","guid":{"rendered":"https:\/\/ironcad.eu\/soutien\/exigences-du-systeme\/"},"modified":"2026-05-06T16:46:11","modified_gmt":"2026-05-06T14:46:11","slug":"exigences-du-systeme","status":"publish","type":"page","link":"https:\/\/ironcad.eu\/fr\/soutien\/exigences-du-systeme\/","title":{"rendered":"Exigences du syst\u00e8me"},"content":{"rendered":"<p>[et_pb_section fb_built=\u00a0\u00bb1&Prime; _builder_version=\u00a0\u00bb4.24.0&Prime; _module_preset=\u00a0\u00bbdefault\u00a0\u00bb locked=\u00a0\u00bboff\u00a0\u00bb global_colors_info=\u00a0\u00bb{}\u00a0\u00bb][et_pb_row custom_padding_last_edited=\u00a0\u00bbon|desktop\u00a0\u00bb admin_label=\u00a0\u00bbSillon de miettes\u00a0\u00bb _builder_version=\u00a0\u00bb4.26.0&Prime; _module_preset=\u00a0\u00bbdefault\u00a0\u00bb custom_padding=\u00a0\u00bb0rem||||false|false\u00a0\u00bb custom_padding_tablet=\u00a0\u00bb0rem||||false|false\u00a0\u00bb custom_padding_phone=\u00a0\u00bb0rem||||false|false\u00a0\u00bb global_module=\u00a0\u00bb11007&Prime; saved_tabs=\u00a0\u00bball\u00a0\u00bb global_colors_info=\u00a0\u00bb{}\u00a0\u00bb][et_pb_column type=\u00a0\u00bb4_4&Prime; _builder_version=\u00a0\u00bb4.24.0&Prime; _module_preset=\u00a0\u00bbdefault\u00a0\u00bb global_colors_info=\u00a0\u00bb{}\u00a0\u00bb][et_pb_code _builder_version=\u00a0\u00bb4.24.1&Prime; _module_preset=\u00a0\u00bbdefault\u00a0\u00bb custom_css_main_element=\u00a0\u00bbfont-size: .7em;||text-transform: uppercase;\u00a0\u00bb global_colors_info=\u00a0\u00bb{}\u00a0\u00bb]<nav aria-label=\"breadcrumbs\" class=\"rank-math-breadcrumb\"><p><span class=\"last\">Home<\/span><\/p><\/nav>[\/et_pb_code][\/et_pb_column][\/et_pb_row][et_pb_row _builder_version=\u00a0\u00bb4.24.0&Prime; _module_preset=\u00a0\u00bbdefault\u00a0\u00bb custom_padding_tablet=\u00a0\u00bb2rem||1rem||false|false\u00a0\u00bb custom_padding_phone=\u00a0\u00bb2rem||0rem||false|false\u00a0\u00bb global_colors_info=\u00a0\u00bb{}\u00a0\u00bb][et_pb_column type=\u00a0\u00bb4_4&Prime; _builder_version=\u00a0\u00bb4.24.0&Prime; _module_preset=\u00a0\u00bbdefault\u00a0\u00bb global_colors_info=\u00a0\u00bb{}\u00a0\u00bb][et_pb_text _builder_version=\u00a0\u00bb4.24.1&Prime; _module_preset=\u00a0\u00bbdefault\u00a0\u00bb global_colors_info=\u00a0\u00bb{}\u00a0\u00bb]<\/p>\n<h1>Exigences du syst\u00e8me<\/h1>\n<p>IronCAD est un logiciel de conception con\u00e7u pour Microsoft Windows. \u00c0 partir de la version 2018 d&rsquo;IronCAD, seules les versions 64 bits de Windows sont prises en charge. Plus bas sur cette page, vous trouverez un tableau indiquant les versions de Windows compatibles.  <\/p>\n<p>[\/et_pb_text][\/et_pb_column][\/et_pb_row][et_pb_row column_structure=\u00a0\u00bb3_5,2_5&Prime; _builder_version=\u00a0\u00bb4.24.1&Prime; _module_preset=\u00a0\u00bbdefault\u00a0\u00bb custom_padding=\u00a0\u00bb0rem||0rem||true|false\u00a0\u00bb global_colors_info=\u00a0\u00bb{}\u00a0\u00bb][et_pb_column type=\u00a0\u00bb3_5&Prime; _builder_version=\u00a0\u00bb4.24.0&Prime; _module_preset=\u00a0\u00bbdefault\u00a0\u00bb global_colors_info=\u00a0\u00bb{}\u00a0\u00bb][et_pb_text _builder_version=\u00a0\u00bb4.24.2&Prime; _module_preset=\u00a0\u00bbdefault\u00a0\u00bb background_color=\u00a0\u00bbRGBA(255,255,255,0)\u00a0\u00bb custom_margin=\u00a0\u00bb||||false|false\u00a0\u00bb custom_padding=\u00a0\u00bb||||true|true\u00a0\u00bb global_colors_info=\u00a0\u00bb{%22gcid-d38a596d-3e8b-40f6-9d02-8dae2d740817%22:%91%22ol_text_color%22,%22ol_text_color%22,%22ol_text_color%22%93,%22gcid-cec01bf0-fc62-410c-9831-380fd97d1c1b%22:%91%22text_text_color%22,%22ul_text_color%22,%22text_text_color%22,%22ul_text_color%22,%22text_text_color%22,%22ul_text_color%22,%22text_text_color%22,%22ul_text_color%22,%22text_text_color%22,%22ul_text_color%22,%22text_text_color%22,%22ul_text_color%22,%22text_text_color%22,%22ul_text_color%22,%22text_text_color%22,%22ul_text_color%22,%22text_text_color%22,%22ul_text_color%22,%22text_text_color%22,%22ul_text_color%22,%22text_text_color%22,%22ul_text_color%22%93,%22gcid-3421bf6d-18b2-4c4f-a72e-22b2864b9384%22:%91%22link_text_color__hover%22,%22link_text_color__hover%22,%22link_text_color__hover%22,%22link_text_color__hover%22,%22link_text_color__hover%22%93}\u00a0\u00bb]<\/p>\n<h3>Sp\u00e9cifications requises<\/h3>\n<p>Pour faire fonctionner IronCAD, un PC doit r\u00e9pondre au moins aux sp\u00e9cifications suivantes :<\/p>\n<div class=\"wpb_column vc_column_container vc_col-sm-6\">\n<div class=\"vc_column-inner\">\n<div class=\"wpb_wrapper\">\n<div class=\"wpb_text_column wpb_content_element \">\n<div class=\"wpb_wrapper\">\n<ul>\n<li>Syst\u00e8me d&rsquo;exploitation Windows 64 bits<\/li>\n<li>Processeur Pentium 4 ou sup\u00e9rieur (les processeurs AMD actuels sont pris en charge)<\/li>\n<li>4 Go de m\u00e9moire (8 Go ou plus pour les dessins d&rsquo;assemblage de grande taille)<\/li>\n<li>Carte vid\u00e9o acc\u00e9l\u00e9r\u00e9e compatible Direct X et\/ou OpenGL<\/li>\n<li>2 Go d&rsquo;espace disque libre pour l&rsquo;installation<\/li>\n<\/ul>\n<p><strong><em>Notez qu&rsquo;il s&rsquo;agit de la configuration minimale requise pour faire fonctionner IronCAD. De meilleures sp\u00e9cifications sont n\u00e9cessaires pour obtenir de meilleures performances. <\/em><\/strong><\/p>\n<\/div>\n<\/div>\n<\/div>\n<\/div>\n<\/div>\n<p>[\/et_pb_text][\/et_pb_column][et_pb_column type=\u00a0\u00bb2_5&Prime; _builder_version=\u00a0\u00bb4.24.0&Prime; _module_preset=\u00a0\u00bbdefault\u00a0\u00bb global_colors_info=\u00a0\u00bb{}\u00a0\u00bb][et_pb_image src=\u00a0\u00bbhttps:\/\/ironcad.eu\/wp-content\/uploads\/2024\/02\/shutterstock_782845423-scaled.jpg\u00a0\u00bb title_text=\u00a0\u00bbGros plan,de,l&#039;ing\u00e9nieur,tenant,l&#039;ordinateur,portable,avec,le,mod\u00e8le,de,composant,de,CAO\u00a0\u00bb _builder_version=\u00a0\u00bb4.24.1&Prime; _module_preset=\u00a0\u00bbdefault\u00a0\u00bb border_radii=\u00a0\u00bbon|15px|15px|15px|15px\u00a0\u00bb global_colors_info=\u00a0\u00bb{}\u00a0\u00bb][\/et_pb_image][\/et_pb_column][\/et_pb_row][et_pb_row custom_padding_last_edited=\u00a0\u00bbon|desktop\u00a0\u00bb admin_label=\u00a0\u00bbDistributeur standard\u00a0\u00bb _builder_version=\u00a0\u00bb4.24.1&Prime; _module_preset=\u00a0\u00bbdefault\u00a0\u00bb min_height=\u00a0\u00bb41.6px\u00a0\u00bb custom_margin=\u00a0\u00bb|auto|-26px|auto|false|false\u00a0\u00bb custom_padding=\u00a0\u00bb1rem||1rem||true|false\u00a0\u00bb custom_padding_tablet=\u00a0\u00bb1rem||1rem||true|false\u00a0\u00bb custom_padding_phone=\u00a0\u00bb1rem||1rem||true|false\u00a0\u00bb global_module=\u00a0\u00bb11791&Prime; saved_tabs=\u00a0\u00bball\u00a0\u00bb global_colors_info=\u00a0\u00bb{}\u00a0\u00bb][et_pb_column type=\u00a0\u00bb4_4&Prime; _builder_version=\u00a0\u00bb4.24.0&Prime; _module_preset=\u00a0\u00bbdefault\u00a0\u00bb global_colors_info=\u00a0\u00bb{}\u00a0\u00bb][et_pb_divider color=\u00a0\u00bbgcid-342b504c-af3f-4a0e-9bbf-cd80ba9f1957&Prime; divider_weight=\u00a0\u00bb2px\u00a0\u00bb _builder_version=\u00a0\u00bb4.26.0&Prime; _module_preset=\u00a0\u00bbdefault\u00a0\u00bb custom_margin=\u00a0\u00bb0px||0px||true|false\u00a0\u00bb global_colors_info=\u00a0\u00bb{%22gcid-342b504c-af3f-4a0e-9bbf-cd80ba9f1957%22:%91%22color%22%93}\u00a0\u00bb][\/et_pb_divider][\/et_pb_column][\/et_pb_row][et_pb_row column_structure=\u00a0\u00bb3_4,1_4&Prime; make_equal=\u00a0\u00bbon\u00a0\u00bb custom_padding_last_edited=\u00a0\u00bbon|desktop\u00a0\u00bb _builder_version=\u00a0\u00bb4.24.0&Prime; _module_preset=\u00a0\u00bbdefault\u00a0\u00bb custom_margin_tablet=\u00a0\u00bb\u00a0\u00bb custom_margin_phone=\u00a0\u00bb\u00a0\u00bb custom_margin_last_edited=\u00a0\u00bbon|phone\u00a0\u00bb custom_padding=\u00a0\u00bb0rem||0rem||true|false\u00a0\u00bb custom_padding_tablet=\u00a0\u00bb\u00a0\u00bb custom_padding_phone=\u00a0\u00bb\u00a0\u00bb locked=\u00a0\u00bboff\u00a0\u00bb global_colors_info=\u00a0\u00bb{}\u00a0\u00bb][et_pb_column type=\u00a0\u00bb3_4&Prime; _builder_version=\u00a0\u00bb4.24.0&Prime; _module_preset=\u00a0\u00bbdefault\u00a0\u00bb global_colors_info=\u00a0\u00bb{}\u00a0\u00bb][et_pb_text _builder_version=\u00a0\u00bb4.24.1&Prime; _module_preset=\u00a0\u00bbdefault\u00a0\u00bb global_colors_info=\u00a0\u00bb{}\u00a0\u00bb]<\/p>\n<h2>Recommandation PC<\/h2>\n<p>En collaboration avec CADCO, nous avons s\u00e9lectionn\u00e9 un certain nombre de syst\u00e8mes qui r\u00e9pondent aux besoins de presque tous les utilisateurs. Vous pouvez consulter les mod\u00e8les ci-dessous sur la <a href=\"https:\/\/cad-computers.nl\/productontwerp-productie\/ironcad\/\" rel=\"nofollow noopener\" target=\"_blank\">page IronCAD<\/a> de CADCO. <\/p>\n<p>[\/et_pb_text][\/et_pb_column][et_pb_column type=\u00a0\u00bb1_4&Prime; _builder_version=\u00a0\u00bb4.24.0&Prime; _module_preset=\u00a0\u00bbdefault\u00a0\u00bb global_colors_info=\u00a0\u00bb{}\u00a0\u00bb][et_pb_image src=\u00a0\u00bbhttps:\/\/ironcad.eu\/wp-content\/uploads\/2024\/02\/CADCO.png\u00a0\u00bb title_text=\u00a0\u00bbCADCO\u00a0\u00bb url=\u00a0\u00bbhttps:\/\/cad-computers.nl\/productontwerp-productie\/ironcad\/\u00a0\u00bb url_new_window=\u00a0\u00bbon\u00a0\u00bb _builder_version=\u00a0\u00bb4.24.1&Prime; _module_preset=\u00a0\u00bbdefault\u00a0\u00bb global_colors_info=\u00a0\u00bb{}\u00a0\u00bb][\/et_pb_image][\/et_pb_column][\/et_pb_row][et_pb_row column_structure=\u00a0\u00bb1_3,1_3,1_3&Prime; _builder_version=\u00a0\u00bb4.24.1&Prime; _module_preset=\u00a0\u00bbdefault\u00a0\u00bb background_color=\u00a0\u00bbRGBA(255,255,255,0)\u00a0\u00bb global_colors_info=\u00a0\u00bb{}\u00a0\u00bb][et_pb_column type=\u00a0\u00bb1_3&Prime; _builder_version=\u00a0\u00bb4.24.1&Prime; _module_preset=\u00a0\u00bbdefault\u00a0\u00bb background_color=\u00a0\u00bb#FFFFFF\u00a0\u00bb custom_padding=\u00a0\u00bb20px|20px|20px|20px|true|true\u00a0\u00bb border_radii=\u00a0\u00bbon|15px|15px|15px|15px\u00a0\u00bb border_width_all=\u00a0\u00bb2px\u00a0\u00bb border_color_all=\u00a0\u00bbgcid-342b504c-af3f-4a0e-9bbf-cd80ba9f1957&Prime; global_colors_info=\u00a0\u00bb{%22gcid-342b504c-af3f-4a0e-9bbf-cd80ba9f1957%22:%91%22background_color%22,%22border_color_all%22%93}\u00a0\u00bb][et_pb_text _builder_version=\u00a0\u00bb4.27.4&Prime; _module_preset=\u00a0\u00bbdefault\u00a0\u00bb hover_enabled=\u00a0\u00bb0&Prime; global_colors_info=\u00a0\u00bb{}\u00a0\u00bb sticky_enabled=\u00a0\u00bb0&Prime;]<\/p>\n<h3>iDraw Pro<\/h3>\n<p>Cette station de travail convient aux utilisateurs d&rsquo;IronCAD qui dessinent principalement beaucoup. Notre configuration recommand\u00e9e comprend un AMD Ryzen 7 ou un Intel Core i7, 32 Go de m\u00e9moire de travail et une carte graphique RTX A2000. La configuration peut \u00eatre facilement param\u00e9tr\u00e9e sur le site web.  <\/p>\n<p>[\/et_pb_text][et_pb_button button_url=\u00a0\u00bbhttps:\/\/cad-computers.nl\/idraw-pro\/\u00a0\u00bb url_new_window=\u00a0\u00bbon\u00a0\u00bb button_text=\u00a0\u00bbVoir\u00a0\u00bb _builder_version=\u00a0\u00bb4.27.4&Prime; _module_preset=\u00a0\u00bbdefault\u00a0\u00bb button_border_width=\u00a0\u00bb0px\u00a0\u00bb button_border_color=\u00a0\u00bbRGBA(255,255,255,0)\u00a0\u00bb button_icon=\u00a0\u00bb&#xe03c;||divi||400&Prime; hover_enabled=\u00a0\u00bb0&Prime; global_colors_info=\u00a0\u00bb{%22gcid-3421bf6d-18b2-4c4f-a72e-22b2864b9384%22:%91%22button_bg_color%22,%22button_bg_color%22,%22button_bg_color__hover%22,%22button_bg_color%22%93,%22gcid-cec01bf0-fc62-410c-9831-380fd97d1c1b%22:%91%22button_bg_color__hover%22,%22button_bg_color__hover%22,%22button_bg_color__hover%22,%22button_bg_color__hover%22,%22button_bg_color__hover%22,%22button_bg_color__hover%22,%22button_bg_color__hover%22,%22button_bg_color__hover%22,%22button_bg_color__hover%22,%22button_bg_color__hover%22,%22button_bg_color__hover%22%93}\u00a0\u00bb button_bg_color__hover=\u00a0\u00bb#474747&Prime; sticky_enabled=\u00a0\u00bb0&Prime;][\/et_pb_button][\/et_pb_column][et_pb_column type=\u00a0\u00bb1_3&Prime; _builder_version=\u00a0\u00bb4.24.1&Prime; _module_preset=\u00a0\u00bbdefault\u00a0\u00bb background_color=\u00a0\u00bbRGBA(255,255,255,0)\u00a0\u00bb custom_padding=\u00a0\u00bb20px|20px|20px|20px|true|true\u00a0\u00bb border_radii=\u00a0\u00bbon|15px|15px|15px|15px\u00a0\u00bb border_width_all=\u00a0\u00bb2px\u00a0\u00bb border_color_all=\u00a0\u00bbgcid-342b504c-af3f-4a0e-9bbf-cd80ba9f1957&Prime; global_colors_info=\u00a0\u00bb{%22gcid-342b504c-af3f-4a0e-9bbf-cd80ba9f1957%22:%91%22border_color_all%22%93}\u00a0\u00bb][et_pb_text _builder_version=\u00a0\u00bb4.24.1&Prime; _module_preset=\u00a0\u00bbdefault\u00a0\u00bb hover_enabled=\u00a0\u00bb0&Prime; global_colors_info=\u00a0\u00bb{}\u00a0\u00bb sticky_enabled=\u00a0\u00bb0&Prime;]<\/p>\n<h3>iDraw Pro Mini<\/h3>\n<p>Aussi puissant que l&rsquo;iDraw Pro, mais dans un format plus petit. Une station de travail id\u00e9ale pour votre bureau. <\/p>\n<p>[\/et_pb_text][et_pb_button button_url=\u00a0\u00bbhttps:\/\/cad-computers.nl\/idraw-pro-mini\/\u00a0\u00bb url_new_window=\u00a0\u00bbon\u00a0\u00bb button_text=\u00a0\u00bbVoir\u00a0\u00bb _builder_version=\u00a0\u00bb4.27.4&Prime; _module_preset=\u00a0\u00bbdefault\u00a0\u00bb button_border_width=\u00a0\u00bb0px\u00a0\u00bb button_border_color=\u00a0\u00bbRGBA(255,255,255,0)\u00a0\u00bb button_icon=\u00a0\u00bb&#xe03c;||divi||400&Prime; hover_enabled=\u00a0\u00bb0&Prime; global_colors_info=\u00a0\u00bb{%22gcid-3421bf6d-18b2-4c4f-a72e-22b2864b9384%22:%91%22button_bg_color%22,%22button_bg_color%22,%22button_bg_color__hover%22,%22button_bg_color%22%93,%22gcid-cec01bf0-fc62-410c-9831-380fd97d1c1b%22:%91%22button_bg_color__hover%22,%22button_bg_color__hover%22,%22button_bg_color__hover%22,%22button_bg_color__hover%22,%22button_bg_color__hover%22,%22button_bg_color__hover%22,%22button_bg_color__hover%22,%22button_bg_color__hover%22,%22button_bg_color__hover%22,%22button_bg_color__hover%22,%22button_bg_color__hover%22%93}\u00a0\u00bb button_bg_color__hover=\u00a0\u00bb#474747&Prime; sticky_enabled=\u00a0\u00bb0&Prime;][\/et_pb_button][\/et_pb_column][et_pb_column type=\u00a0\u00bb1_3&Prime; _builder_version=\u00a0\u00bb4.24.1&Prime; _module_preset=\u00a0\u00bbdefault\u00a0\u00bb background_color=\u00a0\u00bbRGBA(255,255,255,0)\u00a0\u00bb custom_padding=\u00a0\u00bb20px|20px|20px|20px|true|true\u00a0\u00bb border_radii=\u00a0\u00bbon|15px|15px|15px|15px\u00a0\u00bb border_width_all=\u00a0\u00bb2px\u00a0\u00bb border_color_all=\u00a0\u00bbgcid-342b504c-af3f-4a0e-9bbf-cd80ba9f1957&Prime; global_colors_info=\u00a0\u00bb{%22gcid-342b504c-af3f-4a0e-9bbf-cd80ba9f1957%22:%91%22border_color_all%22%93}\u00a0\u00bb][et_pb_text _builder_version=\u00a0\u00bb4.27.4&Prime; _module_preset=\u00a0\u00bbdefault\u00a0\u00bb hover_enabled=\u00a0\u00bb0&Prime; global_colors_info=\u00a0\u00bb{}\u00a0\u00bb sticky_enabled=\u00a0\u00bb0&Prime;]<\/p>\n<h3>iVisualiser+<\/h3>\n<p>Cette station de travail est destin\u00e9e aux utilisateurs d&rsquo;IronCAD et de KeyShot. Le syst\u00e8me est \u00e9quip\u00e9 d&rsquo;un processeur Intel Core Ultra 7 et d&rsquo;une puissante carte graphique GeForce RTX, de sorte que le rendu avec KeyShot est spool et rapide. <\/p>\n<p>[\/et_pb_text][et_pb_button button_url=\u00a0\u00bbhttps:\/\/cad-computers.nl\/ivisualize-plus\/\u00a0\u00bb url_new_window=\u00a0\u00bbon\u00a0\u00bb button_text=\u00a0\u00bbVoir\u00a0\u00bb _builder_version=\u00a0\u00bb4.27.4&Prime; _module_preset=\u00a0\u00bbdefault\u00a0\u00bb button_border_width=\u00a0\u00bb0px\u00a0\u00bb button_border_color=\u00a0\u00bbRGBA(255,255,255,0)\u00a0\u00bb button_icon=\u00a0\u00bb&#xe03c;||divi||400&Prime; hover_enabled=\u00a0\u00bb0&Prime; global_colors_info=\u00a0\u00bb{%22gcid-3421bf6d-18b2-4c4f-a72e-22b2864b9384%22:%91%22button_bg_color%22,%22button_bg_color%22,%22button_bg_color__hover%22,%22button_bg_color%22%93,%22gcid-cec01bf0-fc62-410c-9831-380fd97d1c1b%22:%91%22button_bg_color__hover%22,%22button_bg_color__hover%22,%22button_bg_color__hover%22,%22button_bg_color__hover%22,%22button_bg_color__hover%22,%22button_bg_color__hover%22,%22button_bg_color__hover%22,%22button_bg_color__hover%22,%22button_bg_color__hover%22,%22button_bg_color__hover%22,%22button_bg_color__hover%22%93}\u00a0\u00bb button_bg_color__hover=\u00a0\u00bb#474747&Prime; sticky_enabled=\u00a0\u00bb0&Prime;][\/et_pb_button][\/et_pb_column][\/et_pb_row][\/et_pb_section][et_pb_section fb_built=\u00a0\u00bb1&Prime; _builder_version=\u00a0\u00bb4.24.0&Prime; _module_preset=\u00a0\u00bbdefault\u00a0\u00bb background_color=\u00a0\u00bbgcid-f52cc46c-103a-4f3e-bb71-6efb5f79ee25&Prime; custom_margin=\u00a0\u00bb0px||||false|false\u00a0\u00bb border_color_top=\u00a0\u00bbgcid-0d1a127e-4ce1-4bb0-9503-eafc35a82551&Prime; locked=\u00a0\u00bboff\u00a0\u00bb global_colors_info=\u00a0\u00bb{%22gcid-0d1a127e-4ce1-4bb0-9503-eafc35a82551%22:%91%22border_color_top%22%93,%22gcid-f52cc46c-103a-4f3e-bb71-6efb5f79ee25%22:%91%22background_color%22%93}\u00a0\u00bb][et_pb_row _builder_version=\u00a0\u00bb4.24.1&Prime; _module_preset=\u00a0\u00bbdefault\u00a0\u00bb custom_padding=\u00a0\u00bb0rem||0rem||true|false\u00a0\u00bb global_colors_info=\u00a0\u00bb{}\u00a0\u00bb][et_pb_column type=\u00a0\u00bb4_4&Prime; _builder_version=\u00a0\u00bb4.24.1&Prime; _module_preset=\u00a0\u00bbdefault\u00a0\u00bb global_colors_info=\u00a0\u00bb{}\u00a0\u00bb][et_pb_text _builder_version=\u00a0\u00bb4.24.1&Prime; _module_preset=\u00a0\u00bbdefault\u00a0\u00bb global_colors_info=\u00a0\u00bb{}\u00a0\u00bb]<\/p>\n<h2>Compatibilit\u00e9 d&rsquo;IronCAD avec Windows<\/h2>\n<p>Veuillez noter que la version de Windows doit \u00eatre au moins PRO. Les versions Windows Home ne sont pas prises en charge. <\/p>\n<p>[\/et_pb_text][\/et_pb_column][\/et_pb_row][et_pb_row column_structure=\u00a0\u00bb1_4,1_4,1_4,1_4&Prime; _builder_version=\u00a0\u00bb4.24.1&Prime; _module_preset=\u00a0\u00bbdefault\u00a0\u00bb custom_padding=\u00a0\u00bb1rem||1rem||true|false\u00a0\u00bb global_colors_info=\u00a0\u00bb{}\u00a0\u00bb][et_pb_column type=\u00a0\u00bb1_4&Prime; _builder_version=\u00a0\u00bb4.24.1&Prime; _module_preset=\u00a0\u00bbdefault\u00a0\u00bb global_colors_info=\u00a0\u00bb{}\u00a0\u00bb][et_pb_text _builder_version=\u00a0\u00bb4.24.1&Prime; _module_preset=\u00a0\u00bbdefault\u00a0\u00bb global_colors_info=\u00a0\u00bb{}\u00a0\u00bb]<\/p>\n<p><strong>IronCAD version 2023<\/strong><\/p>\n<ul>\n<li>Windows 11, 10, 8<\/li>\n<\/ul>\n<p>[\/et_pb_text][\/et_pb_column][et_pb_column type=\u00a0\u00bb1_4&Prime; _builder_version=\u00a0\u00bb4.24.1&Prime; _module_preset=\u00a0\u00bbdefault\u00a0\u00bb global_colors_info=\u00a0\u00bb{}\u00a0\u00bb][et_pb_text _builder_version=\u00a0\u00bb4.24.1&Prime; _module_preset=\u00a0\u00bbdefault\u00a0\u00bb global_colors_info=\u00a0\u00bb{}\u00a0\u00bb]<\/p>\n<p><strong>IronCAD version 2022<\/strong><\/p>\n<ul>\n<li>Windows 11, 10, 8, 7<\/li>\n<\/ul>\n<p>[\/et_pb_text][\/et_pb_column][et_pb_column type=\u00a0\u00bb1_4&Prime; _builder_version=\u00a0\u00bb4.24.1&Prime; _module_preset=\u00a0\u00bbdefault\u00a0\u00bb global_colors_info=\u00a0\u00bb{}\u00a0\u00bb][et_pb_text _builder_version=\u00a0\u00bb4.24.1&Prime; _module_preset=\u00a0\u00bbdefault\u00a0\u00bb global_colors_info=\u00a0\u00bb{}\u00a0\u00bb]<\/p>\n<p><strong>IronCAD version 2021-2016<\/strong><\/p>\n<ul>\n<li>Windows 10, 8, 7<\/li>\n<\/ul>\n<p>[\/et_pb_text][\/et_pb_column][et_pb_column type=\u00a0\u00bb1_4&Prime; _builder_version=\u00a0\u00bb4.24.1&Prime; _module_preset=\u00a0\u00bbdefault\u00a0\u00bb global_colors_info=\u00a0\u00bb{}\u00a0\u00bb][et_pb_text _builder_version=\u00a0\u00bb4.24.1&Prime; _module_preset=\u00a0\u00bbdefault\u00a0\u00bb global_colors_info=\u00a0\u00bb{}\u00a0\u00bb]<\/p>\n<p><strong>IronCAD version 2015 et ant\u00e9rieures<\/strong><\/p>\n<ul>\n<li>Windows 8, 7<\/li>\n<\/ul>\n<p>[\/et_pb_text][\/et_pb_column][\/et_pb_row][\/et_pb_section]<\/p>\n","protected":false},"excerpt":{"rendered":"<p><nav aria-label=\"breadcrumbs\" class=\"rank-math-breadcrumb\"><p><span class=\"last\">Home<\/span><\/p><\/nav>Exigences du syst\u00e8me IronCAD est un logiciel de conception con\u00e7u pour Microsoft Windows. \u00c0 partir de la version 2018 d&rsquo;IronCAD, seules les versions 64 bits de Windows sont prises en charge. Plus bas sur cette page, vous trouverez un tableau indiquant les versions de Windows compatibles. Sp\u00e9cifications requises Pour faire fonctionner IronCAD, un PC doit [&hellip;]<\/p>\n","protected":false},"author":1,"featured_media":0,"parent":33252,"menu_order":14,"comment_status":"closed","ping_status":"closed","template":"","meta":{"_et_pb_use_builder":"on","_et_pb_old_content":"","_et_gb_content_width":"","_improvement_type_select":"improve_an_existing","_thumb_yes_seoaic":false,"_frame_yes_seoaic":false,"seoaic_generate_description":"","seoaic_improve_instructions_prompt":"","seoaic_rollback_content_improvement":"","seoaic_idea_thumbnail_generator":"","thumbnail_generated":false,"thumbnail_generate_prompt":"","seoaic_article_description":"","footnotes":"","advanced-sidebar-menu\/link-title":"","advanced-sidebar-menu\/exclude-page":false},"dipi_cpt_category":[],"class_list":["post-33298","page","type-page","status-publish","hentry"],"_links":{"self":[{"href":"https:\/\/ironcad.eu\/fr\/wp-json\/wp\/v2\/pages\/33298","targetHints":{"allow":["GET"]}}],"collection":[{"href":"https:\/\/ironcad.eu\/fr\/wp-json\/wp\/v2\/pages"}],"about":[{"href":"https:\/\/ironcad.eu\/fr\/wp-json\/wp\/v2\/types\/page"}],"author":[{"embeddable":true,"href":"https:\/\/ironcad.eu\/fr\/wp-json\/wp\/v2\/users\/1"}],"replies":[{"embeddable":true,"href":"https:\/\/ironcad.eu\/fr\/wp-json\/wp\/v2\/comments?post=33298"}],"version-history":[{"count":0,"href":"https:\/\/ironcad.eu\/fr\/wp-json\/wp\/v2\/pages\/33298\/revisions"}],"up":[{"embeddable":true,"href":"https:\/\/ironcad.eu\/fr\/wp-json\/wp\/v2\/pages\/33252"}],"wp:attachment":[{"href":"https:\/\/ironcad.eu\/fr\/wp-json\/wp\/v2\/media?parent=33298"}],"wp:term":[{"taxonomy":"dipi_cpt_category","embeddable":true,"href":"https:\/\/ironcad.eu\/fr\/wp-json\/wp\/v2\/dipi_cpt_category?post=33298"}],"curies":[{"name":"wp","href":"https:\/\/api.w.org\/{rel}","templated":true}]}}