{"id":33375,"date":"2024-02-12T11:40:30","date_gmt":"2024-02-12T10:40:30","guid":{"rendered":"https:\/\/ironcad.eu\/ironcad\/version-dessai-dironcad\/"},"modified":"2026-05-06T16:39:58","modified_gmt":"2026-05-06T14:39:58","slug":"version-dessai-dironcad","status":"publish","type":"page","link":"https:\/\/ironcad.eu\/fr\/ironcad\/version-dessai-dironcad\/","title":{"rendered":"Version d&rsquo;essai d&rsquo;IronCAD"},"content":{"rendered":"<p>[et_pb_section fb_built=\u00a0\u00bb1&Prime; _builder_version=\u00a0\u00bb4.27.6&Prime; _module_preset=\u00a0\u00bbdefault\u00a0\u00bb global_colors_info=\u00a0\u00bb{}\u00a0\u00bb][et_pb_row column_structure=\u00a0\u00bb1_2,1_2&Prime; _builder_version=\u00a0\u00bb4.27.6&Prime; _module_preset=\u00a0\u00bbdefault\u00a0\u00bb global_colors_info=\u00a0\u00bb{}\u00a0\u00bb][et_pb_column type=\u00a0\u00bb1_2&Prime; _builder_version=\u00a0\u00bb4.27.6&Prime; _module_preset=\u00a0\u00bbdefault\u00a0\u00bb global_colors_info=\u00a0\u00bb{}\u00a0\u00bb][et_pb_text _builder_version=\u00a0\u00bb4.27.6&Prime; _module_preset=\u00a0\u00bbdefault\u00a0\u00bb global_colors_info=\u00a0\u00bb{}\u00a0\u00bb]<\/p>\n<h1>Essayez IronCAD gratuitement pendant 30 jours<\/h1>\n<p>D\u00e9couvrez par vous-m\u00eame comment concevoir plus rapidement, r\u00e9duire les retouches et passer directement \u00e0 la production.<\/p>\n<p>[\/et_pb_text][et_pb_blurb use_icon=\u00a0\u00bbon\u00a0\u00bb font_icon=\u00a0\u00bb&#xf058;||fa||400&Prime; icon_placement=\u00a0\u00bbleft\u00a0\u00bb image_icon_width=\u00a0\u00bb25px\u00a0\u00bb _builder_version=\u00a0\u00bb4.27.6&Prime; _module_preset=\u00a0\u00bbdefault\u00a0\u00bb custom_margin=\u00a0\u00bb||1rem||false|false\u00a0\u00bb global_colors_info=\u00a0\u00bb{}\u00a0\u00bb]<\/p>\n<p>Essai gratuit de 30 jours sans obligation<\/p>\n<p>[\/et_pb_blurb][et_pb_blurb use_icon=\u00a0\u00bbon\u00a0\u00bb font_icon=\u00a0\u00bb&#xf058;||fa||400&Prime; icon_placement=\u00a0\u00bbleft\u00a0\u00bb image_icon_width=\u00a0\u00bb25px\u00a0\u00bb _builder_version=\u00a0\u00bb4.27.6&Prime; _module_preset=\u00a0\u00bbdefault\u00a0\u00bb custom_margin=\u00a0\u00bb||1rem||false|false\u00a0\u00bb global_colors_info=\u00a0\u00bb{}\u00a0\u00bb]<\/p>\n<p>Convient \u00e0 Windows 10\/11 (64-bit)<\/p>\n<p>[\/et_pb_blurb][et_pb_image src=\u00a0\u00bbhttps:\/\/ironcad.eu\/wp-content\/uploads\/2026\/03\/Mock-Up-kantoor-2-sm.webp\u00a0\u00bb title_text=\u00a0\u00bbMaquette bureau-2-sm\u00a0\u00bb align=\u00a0\u00bbcenter\u00a0\u00bb _builder_version=\u00a0\u00bb4.27.6&Prime; _module_preset=\u00a0\u00bbdefault\u00a0\u00bb global_colors_info=\u00a0\u00bb{}\u00a0\u00bb][\/et_pb_image][et_pb_text _builder_version=\u00a0\u00bb4.27.6&Prime; _module_preset=\u00a0\u00bbdefault\u00a0\u00bb custom_margin=\u00a0\u00bb||1rem||false|false\u00a0\u00bb global_colors_info=\u00a0\u00bb{}\u00a0\u00bb]<\/p>\n<p>Utilis\u00e9 par plus de 100 000 ing\u00e9nieurs dans le monde<\/p>\n<p>[\/et_pb_text][dipi_carousel columns=\u00a0\u00bb4&Prime; space_between=\u00a0\u00bb50&Prime; container_padding=\u00a0\u00bb0px|30px|0px|30px|true|false\u00a0\u00bb speed=\u00a0\u00bb2500&Prime; loop_wide=\u00a0\u00bbon\u00a0\u00bb autoplay_wide=\u00a0\u00bbon\u00a0\u00bb continues_wide=\u00a0\u00bbon\u00a0\u00bb loop_mid=\u00a0\u00bbon\u00a0\u00bb autoplay_mid=\u00a0\u00bbon\u00a0\u00bb continues_mid=\u00a0\u00bbon\u00a0\u00bb loop_small=\u00a0\u00bbon\u00a0\u00bb autoplay_small=\u00a0\u00bbon\u00a0\u00bb continues_small=\u00a0\u00bbon\u00a0\u00bb show_lightbox=\u00a0\u00bboff\u00a0\u00bb dynamic_bullets=\u00a0\u00bboff\u00a0\u00bb use_thumbnail_height=\u00a0\u00bbon\u00a0\u00bb thumbnail_height=\u00a0\u00bb40px\u00a0\u00bb thumbnail_fit=\u00a0\u00bbcontain\u00a0\u00bb columns_tablet=\u00a0\u00bb2&Prime; _builder_version=\u00a0\u00bb4.27.6&Prime; _module_preset=\u00a0\u00bbdefault\u00a0\u00bb filter_opacity=\u00a0\u00bb50%\u00a0\u00bb global_colors_info=\u00a0\u00bb{}\u00a0\u00bb][dipi_carousel_child label=\u00a0\u00bbARtica\u00a0\u00bb img_src=\u00a0\u00bbhttps:\/\/ironcad.eu\/wp-content\/uploads\/2025\/01\/Naamloos-1.webp\u00a0\u00bb alt=\u00a0\u00bbLogo Artica\u00a0\u00bb _builder_version=\u00a0\u00bb4.27.6&Prime; _module_preset=\u00a0\u00bbdefault\u00a0\u00bb filter_saturate=\u00a0\u00bb0%\u00a0\u00bb global_colors_info=\u00a0\u00bb{}\u00a0\u00bb][\/dipi_carousel_child][dipi_carousel_child label=\u00a0\u00bbBaltic\u00a0\u00bb img_src=\u00a0\u00bbhttps:\/\/ironcad.eu\/wp-content\/uploads\/2024\/02\/logo-baltic-yachts-dark.png\u00a0\u00bb alt=\u00a0\u00bbLogo Baltic Yachts zwart\u00a0\u00bb _builder_version=\u00a0\u00bb4.27.6&Prime; _module_preset=\u00a0\u00bbdefault\u00a0\u00bb filter_saturate=\u00a0\u00bb0%\u00a0\u00bb global_colors_info=\u00a0\u00bb{}\u00a0\u00bb][\/dipi_carousel_child][dipi_carousel_child label=\u00a0\u00bbDe Jongh Machines\u00a0\u00bb img_src=\u00a0\u00bbhttps:\/\/ironcad.eu\/wp-content\/uploads\/2024\/03\/logo-2.webp\u00a0\u00bb alt=\u00a0\u00bbLogo De Jongh Machines\u00a0\u00bb _builder_version=\u00a0\u00bb4.27.6&Prime; _module_preset=\u00a0\u00bbdefault\u00a0\u00bb filter_saturate=\u00a0\u00bb0%\u00a0\u00bb global_colors_info=\u00a0\u00bb{}\u00a0\u00bb][\/dipi_carousel_child][dipi_carousel_child label=\u00a0\u00bbHangOn\u00a0\u00bb img_src=\u00a0\u00bbhttps:\/\/ironcad.eu\/wp-content\/uploads\/2024\/05\/zwart-hangon.webp\u00a0\u00bb alt=\u00a0\u00bbLogo van het bedrijf HangOn\u00a0\u00bb _builder_version=\u00a0\u00bb4.27.6&Prime; _module_preset=\u00a0\u00bbdefault\u00a0\u00bb filter_saturate=\u00a0\u00bb0%\u00a0\u00bb global_colors_info=\u00a0\u00bb{}\u00a0\u00bb][\/dipi_carousel_child][dipi_carousel_child label=\u00a0\u00bbHarmeling\u00a0\u00bb img_src=\u00a0\u00bbhttps:\/\/ironcad.eu\/wp-content\/uploads\/2024\/03\/Harmeling-logo.webp\u00a0\u00bb alt=\u00a0\u00bbLogo Harmeling Interieurs\u00a0\u00bb _builder_version=\u00a0\u00bb4.27.6&Prime; _module_preset=\u00a0\u00bbdefault\u00a0\u00bb filter_saturate=\u00a0\u00bb0%\u00a0\u00bb global_colors_info=\u00a0\u00bb{}\u00a0\u00bb][\/dipi_carousel_child][dipi_carousel_child label=\u00a0\u00bbNefab\u00a0\u00bb img_src=\u00a0\u00bbhttps:\/\/ironcad.eu\/wp-content\/uploads\/2024\/02\/Logo-nefab.webp\u00a0\u00bb alt=\u00a0\u00bbLogo Nefab\u00a0\u00bb _builder_version=\u00a0\u00bb4.27.6&Prime; _module_preset=\u00a0\u00bbdefault\u00a0\u00bb filter_saturate=\u00a0\u00bb0%\u00a0\u00bb global_colors_info=\u00a0\u00bb{}\u00a0\u00bb][\/dipi_carousel_child][dipi_carousel_child label=\u00a0\u00bbTP\u00a0\u00bb img_src=\u00a0\u00bbhttps:\/\/ironcad.eu\/wp-content\/uploads\/2025\/10\/LogoTechnoplanning.webp\u00a0\u00bb alt=\u00a0\u00bbLogo van Technoplanning\u00a0\u00bb _builder_version=\u00a0\u00bb4.27.6&Prime; _module_preset=\u00a0\u00bbdefault\u00a0\u00bb filter_saturate=\u00a0\u00bb0%\u00a0\u00bb global_colors_info=\u00a0\u00bb{}\u00a0\u00bb][\/dipi_carousel_child][dipi_carousel_child label=\u00a0\u00bbVD Lee\u00a0\u00bb img_src=\u00a0\u00bbhttps:\/\/ironcad.eu\/wp-content\/uploads\/2024\/06\/logo-vd-Lee-maatwerk-Uden-zwart.webp\u00a0\u00bb alt=\u00a0\u00bbLogo Van der Lee Interieurbouw\u00a0\u00bb _builder_version=\u00a0\u00bb4.27.6&Prime; _module_preset=\u00a0\u00bbdefault\u00a0\u00bb filter_saturate=\u00a0\u00bb0%\u00a0\u00bb global_colors_info=\u00a0\u00bb{}\u00a0\u00bb][\/dipi_carousel_child][dipi_carousel_child label=\u00a0\u00bbVan Keulen\u00a0\u00bb img_src=\u00a0\u00bbhttps:\/\/ironcad.eu\/wp-content\/uploads\/2023\/10\/Logo-Van-Keulen-InterieurbouwZW-e1695886471347.png\u00a0\u00bb alt=\u00a0\u00bbVan Keulen Interieurbouw logo\u00a0\u00bb _builder_version=\u00a0\u00bb4.27.6&Prime; _module_preset=\u00a0\u00bbdefault\u00a0\u00bb filter_saturate=\u00a0\u00bb0%\u00a0\u00bb global_colors_info=\u00a0\u00bb{}\u00a0\u00bb][\/dipi_carousel_child][dipi_carousel_child label=\u00a0\u00bbROC\u00a0\u00bb img_src=\u00a0\u00bbhttps:\/\/ironcad.eu\/wp-content\/uploads\/2024\/03\/roc-van-twente-scaled.webp\u00a0\u00bb alt=\u00a0\u00bbLogo ROC van Twente\u00a0\u00bb _builder_version=\u00a0\u00bb4.27.6&Prime; _module_preset=\u00a0\u00bbdefault\u00a0\u00bb filter_saturate=\u00a0\u00bb0%\u00a0\u00bb global_colors_info=\u00a0\u00bb{}\u00a0\u00bb][\/dipi_carousel_child][\/dipi_carousel][\/et_pb_column][et_pb_column type=\u00a0\u00bb1_2&Prime; _builder_version=\u00a0\u00bb4.27.6&Prime; _module_preset=\u00a0\u00bbdefault\u00a0\u00bb custom_padding=\u00a0\u00bb3rem|3rem|3rem|3rem|true|true\u00a0\u00bb border_radii=\u00a0\u00bbon|8px|8px|8px|8px\u00a0\u00bb box_shadow_style=\u00a0\u00bbpreset1&Prime; global_colors_info=\u00a0\u00bb{}\u00a0\u00bb][et_pb_text _builder_version=\u00a0\u00bb4.27.6&Prime; _module_preset=\u00a0\u00bbdefault\u00a0\u00bb global_colors_info=\u00a0\u00bb{}\u00a0\u00bb]<\/p>\n<h2>Commencez imm\u00e9diatement votre essai gratuit<\/h2>\n<p>Saisissez vos coordonn\u00e9es et recevez imm\u00e9diatement le lien de t\u00e9l\u00e9chargement.<\/p>\n<p>[\/et_pb_text][dipi_gravity_forms_styler gf_form_id=\u00a0\u00bb5&Prime; form_title=\u00a0\u00bbhide\u00a0\u00bb form_desc=\u00a0\u00bbhide\u00a0\u00bb _builder_version=\u00a0\u00bb4.27.6&Prime; _module_preset=\u00a0\u00bbdefault\u00a0\u00bb border_radii=\u00a0\u00bbon|8px|8px|8px|8px\u00a0\u00bb global_colors_info=\u00a0\u00bb{}\u00a0\u00bb][\/dipi_gravity_forms_styler][\/et_pb_column][\/et_pb_row][\/et_pb_section][et_pb_section fb_built=\u00a0\u00bb1&Prime; theme_builder_area=\u00a0\u00bbpost_content\u00a0\u00bb _builder_version=\u00a0\u00bb4.27.6&Prime; _module_preset=\u00a0\u00bbdefault\u00a0\u00bb global_colors_info=\u00a0\u00bb{%22gcid-f52cc46c-103a-4f3e-bb71-6efb5f79ee25%22:%91%22background_color%22%93}\u00a0\u00bb background_color=\u00a0\u00bbgcid-f52cc46c-103a-4f3e-bb71-6efb5f79ee25&Prime; hover_enabled=\u00a0\u00bb0&Prime; sticky_enabled=\u00a0\u00bb0&Prime;][et_pb_row _builder_version=\u00a0\u00bb4.27.6&Prime; _module_preset=\u00a0\u00bbdefault\u00a0\u00bb theme_builder_area=\u00a0\u00bbpost_content\u00a0\u00bb][et_pb_column _builder_version=\u00a0\u00bb4.27.6&Prime; _module_preset=\u00a0\u00bbdefault\u00a0\u00bb type=\u00a0\u00bb4_4&Prime; theme_builder_area=\u00a0\u00bbpost_content\u00a0\u00bb][et_pb_text _builder_version=\u00a0\u00bb4.27.6&Prime; _module_preset=\u00a0\u00bbdefault\u00a0\u00bb hover_enabled=\u00a0\u00bb0&Prime; global_colors_info=\u00a0\u00bb{}\u00a0\u00bb theme_builder_area=\u00a0\u00bbpost_content\u00a0\u00bb sticky_enabled=\u00a0\u00bb0&Prime;]<\/p>\n<h2 style=\"text-align: center;\">Pourquoi les ing\u00e9nieurs choisissent-ils IronCAD ?<\/h2>\n<p>[\/et_pb_text][\/et_pb_column][\/et_pb_row][et_pb_row _builder_version=\u00a0\u00bb4.27.6&Prime; _module_preset=\u00a0\u00bbdefault\u00a0\u00bb column_structure=\u00a0\u00bb1_4,1_4,1_4,1_4&Prime; theme_builder_area=\u00a0\u00bbpost_content\u00a0\u00bb][et_pb_column _builder_version=\u00a0\u00bb4.27.6&Prime; _module_preset=\u00a0\u00bbdefault\u00a0\u00bb type=\u00a0\u00bb1_4&Prime; theme_builder_area=\u00a0\u00bbpost_content\u00a0\u00bb][et_pb_blurb title=\u00a0\u00bbUne conception plus rapide\u00a0\u00bb _builder_version=\u00a0\u00bb4.27.6&Prime; _module_preset=\u00a0\u00bbdefault\u00a0\u00bb theme_builder_area=\u00a0\u00bbpost_content\u00a0\u00bb use_icon=\u00a0\u00bbon\u00a0\u00bb font_icon=\u00a0\u00bb&#xf0e7;||fa||900&Prime; icon_alignment=\u00a0\u00bbcenter\u00a0\u00bb text_orientation=\u00a0\u00bbcenter\u00a0\u00bb hover_enabled=\u00a0\u00bb0&Prime; sticky_enabled=\u00a0\u00bb0&Prime;]<\/p>\n<p>Mod\u00e9lisation instantan\u00e9e sans flux de travail complexe<\/p>\n<p>[\/et_pb_blurb][\/et_pb_column][et_pb_column _builder_version=\u00a0\u00bb4.27.6&Prime; _module_preset=\u00a0\u00bbdefault\u00a0\u00bb type=\u00a0\u00bb1_4&Prime; theme_builder_area=\u00a0\u00bbpost_content\u00a0\u00bb][et_pb_blurb title=\u00a0\u00bbPersonnalisation flexible\u00a0\u00bb _builder_version=\u00a0\u00bb4.27.6&Prime; _module_preset=\u00a0\u00bbdefault\u00a0\u00bb theme_builder_area=\u00a0\u00bbpost_content\u00a0\u00bb use_icon=\u00a0\u00bbon\u00a0\u00bb font_icon=\u00a0\u00bb&#xf044;||fa||900&Prime; icon_alignment=\u00a0\u00bbcenter\u00a0\u00bb text_orientation=\u00a0\u00bbcenter\u00a0\u00bb hover_enabled=\u00a0\u00bb0&Prime; sticky_enabled=\u00a0\u00bb0&Prime;]<\/p>\n<p>Ajuster les conceptions sans reconstruire<\/p>\n<p>[\/et_pb_blurb][\/et_pb_column][et_pb_column _builder_version=\u00a0\u00bb4.27.6&Prime; _module_preset=\u00a0\u00bbdefault\u00a0\u00bb type=\u00a0\u00bb1_4&Prime; theme_builder_area=\u00a0\u00bbpost_content\u00a0\u00bb][et_pb_blurb title=\u00a0\u00bbMoins d&#039;erreurs\u00a0\u00bb _builder_version=\u00a0\u00bb4.27.6&Prime; _module_preset=\u00a0\u00bbdefault\u00a0\u00bb theme_builder_area=\u00a0\u00bbpost_content\u00a0\u00bb use_icon=\u00a0\u00bbon\u00a0\u00bb font_icon=\u00a0\u00bb&#xe0f5;||divi||400&Prime; icon_alignment=\u00a0\u00bbcenter\u00a0\u00bb text_orientation=\u00a0\u00bbcenter\u00a0\u00bb hover_enabled=\u00a0\u00bb0&Prime; sticky_enabled=\u00a0\u00bb0&Prime;]<\/p>\n<p>Moins de retouches gr\u00e2ce \u00e0 une m\u00e9thode de travail logique<\/p>\n<p>[\/et_pb_blurb][\/et_pb_column][et_pb_column _builder_version=\u00a0\u00bb4.27.6&Prime; _module_preset=\u00a0\u00bbdefault\u00a0\u00bb type=\u00a0\u00bb1_4&Prime; theme_builder_area=\u00a0\u00bbpost_content\u00a0\u00bb][et_pb_blurb title=\u00a0\u00bbDirectement \u00e0 la production\u00a0\u00bb _builder_version=\u00a0\u00bb4.27.6&Prime; _module_preset=\u00a0\u00bbdefault\u00a0\u00bb theme_builder_area=\u00a0\u00bbpost_content\u00a0\u00bb use_icon=\u00a0\u00bbon\u00a0\u00bb font_icon=\u00a0\u00bb&#xf275;||fa||900&Prime; icon_alignment=\u00a0\u00bbcenter\u00a0\u00bb text_orientation=\u00a0\u00bbcenter\u00a0\u00bb hover_enabled=\u00a0\u00bb0&Prime; sticky_enabled=\u00a0\u00bb0&Prime;]<\/p>\n<p>Du mod\u00e8le 3D \u00e0 l&rsquo;atelier sans \u00e9tapes suppl\u00e9mentaires<\/p>\n<p>[\/et_pb_blurb][\/et_pb_column][\/et_pb_row][\/et_pb_section][et_pb_section fb_built=\u00a0\u00bb1&Prime; theme_builder_area=\u00a0\u00bbpost_content\u00a0\u00bb _builder_version=\u00a0\u00bb4.27.6&Prime; _module_preset=\u00a0\u00bbdefault\u00a0\u00bb][et_pb_row _builder_version=\u00a0\u00bb4.27.6&Prime; _module_preset=\u00a0\u00bbdefault\u00a0\u00bb column_structure=\u00a0\u00bb2_3,1_3&Prime; theme_builder_area=\u00a0\u00bbpost_content\u00a0\u00bb][et_pb_column _builder_version=\u00a0\u00bb4.27.6&Prime; _module_preset=\u00a0\u00bbdefault\u00a0\u00bb type=\u00a0\u00bb2_3&Prime; theme_builder_area=\u00a0\u00bbpost_content\u00a0\u00bb][et_pb_text _builder_version=\u00a0\u00bb4.27.6&Prime; _module_preset=\u00a0\u00bbdefault\u00a0\u00bb theme_builder_area=\u00a0\u00bbpost_content\u00a0\u00bb hover_enabled=\u00a0\u00bb0&Prime; sticky_enabled=\u00a0\u00bb0&Prime;]<\/p>\n<blockquote>\n<p>\u00ab\u00a0Avec IronCAD, nous pouvons rapidement modifier les conceptions et les pr\u00e9parer directement pour la production. Cela permet de r\u00e9duire le nombre d&rsquo;erreurs et de rendre le processus plus efficace, du dessin \u00e0 l&rsquo;atelier.<\/p>\n<\/blockquote>\n<p><a href=\"https:\/\/ironcad.eu\/fr\/referenties\/emballage-nefab\/\"><strong>&#8211; Emballage Nefab<\/strong><\/a><\/p>\n<p>[\/et_pb_text][\/et_pb_column][et_pb_column _builder_version=\u00a0\u00bb4.27.6&Prime; _module_preset=\u00a0\u00bbdefault\u00a0\u00bb type=\u00a0\u00bb1_3&Prime; theme_builder_area=\u00a0\u00bbpost_content\u00a0\u00bb][et_pb_image src=\u00a0\u00bbhttps:\/\/ironcad.eu\/wp-content\/uploads\/2024\/02\/nefab-verpakking.webp\u00a0\u00bb _builder_version=\u00a0\u00bb4.27.6&Prime; _module_preset=\u00a0\u00bbdefault\u00a0\u00bb theme_builder_area=\u00a0\u00bbpost_content\u00a0\u00bb alt=\u00a0\u00bbVue \u00e9clat\u00e9e d&#039;un module d&#039;emballage en bois NEFAB avec les panneaux individuels et les profils de fixation m\u00e9talliques comme r\u00e9f\u00e9rence de pi\u00e8ce\u00a0\u00bb title_text=\u00a0\u00bbemballage nefab\u00a0\u00bb hover_enabled=\u00a0\u00bb0&Prime; sticky_enabled=\u00a0\u00bb0&Prime;][\/et_pb_image][\/et_pb_column][\/et_pb_row][\/et_pb_section][et_pb_section fb_built=\u00a0\u00bb1&Prime; theme_builder_area=\u00a0\u00bbpost_content\u00a0\u00bb _builder_version=\u00a0\u00bb4.27.6&Prime; _module_preset=\u00a0\u00bbdefault\u00a0\u00bb global_colors_info=\u00a0\u00bb{%22gcid-f52cc46c-103a-4f3e-bb71-6efb5f79ee25%22:%91%22background_color%22%93}\u00a0\u00bb background_color=\u00a0\u00bbgcid-f52cc46c-103a-4f3e-bb71-6efb5f79ee25&Prime; hover_enabled=\u00a0\u00bb0&Prime; sticky_enabled=\u00a0\u00bb0&Prime;][et_pb_row _builder_version=\u00a0\u00bb4.27.6&Prime; _module_preset=\u00a0\u00bbdefault\u00a0\u00bb theme_builder_area=\u00a0\u00bbpost_content\u00a0\u00bb custom_padding__hover_enabled=\u00a0\u00bboff|desktop\u00a0\u00bb custom_padding_last_edited=\u00a0\u00bboff|desktop\u00a0\u00bb hover_enabled=\u00a0\u00bb0&Prime; sticky_enabled=\u00a0\u00bb0&Prime;][et_pb_column _builder_version=\u00a0\u00bb4.27.6&Prime; _module_preset=\u00a0\u00bbdefault\u00a0\u00bb type=\u00a0\u00bb4_4&Prime; theme_builder_area=\u00a0\u00bbpost_content\u00a0\u00bb][et_pb_text _builder_version=\u00a0\u00bb4.27.6&Prime; _module_preset=\u00a0\u00bbdefault\u00a0\u00bb theme_builder_area=\u00a0\u00bbpost_content\u00a0\u00bb hover_enabled=\u00a0\u00bb0&Prime; sticky_enabled=\u00a0\u00bb0&Prime;]<\/p>\n<h2 style=\"text-align: center;\">C&rsquo;est aussi simple que cela<\/h2>\n<p>[\/et_pb_text][\/et_pb_column][\/et_pb_row][et_pb_row _builder_version=\u00a0\u00bb4.27.6&Prime; _module_preset=\u00a0\u00bbdefault\u00a0\u00bb column_structure=\u00a0\u00bb1_3,1_3,1_3&Prime; theme_builder_area=\u00a0\u00bbpost_content\u00a0\u00bb hover_enabled=\u00a0\u00bb0&Prime; sticky_enabled=\u00a0\u00bb0&Prime;][et_pb_column _builder_version=\u00a0\u00bb4.27.6&Prime; _module_preset=\u00a0\u00bbdefault\u00a0\u00bb type=\u00a0\u00bb1_3&Prime; theme_builder_area=\u00a0\u00bbpost_content\u00a0\u00bb][et_pb_blurb title=\u00a0\u00bbT\u00e9l\u00e9charger\u00a0\u00bb _builder_version=\u00a0\u00bb4.27.6&Prime; _module_preset=\u00a0\u00bbdefault\u00a0\u00bb theme_builder_area=\u00a0\u00bbpost_content\u00a0\u00bb use_icon=\u00a0\u00bbon\u00a0\u00bb font_icon=\u00a0\u00bb&#xe092;||divi||400&Prime; hover_enabled=\u00a0\u00bb0&Prime; sticky_enabled=\u00a0\u00bb0&Prime; icon_placement=\u00a0\u00bbleft\u00a0\u00bb global_colors_info=\u00a0\u00bb{%22gcid-2c6a33f9-5f77-4945-8274-f487275e6c76%22:%91%22box_shadow_color%22,%22box_shadow_color%22%93}\u00a0\u00bb]<\/p>\n<p>Il suffit de t\u00e9l\u00e9charger et d&rsquo;installer IronCAD sur votre syst\u00e8me<\/p>\n<p>[\/et_pb_blurb][\/et_pb_column][et_pb_column _builder_version=\u00a0\u00bb4.27.6&Prime; _module_preset=\u00a0\u00bbdefault\u00a0\u00bb type=\u00a0\u00bb1_3&Prime; theme_builder_area=\u00a0\u00bbpost_content\u00a0\u00bb][et_pb_blurb title=\u00a0\u00bbApprendre\u00a0\u00bb _builder_version=\u00a0\u00bb4.27.6&Prime; _module_preset=\u00a0\u00bbdefault\u00a0\u00bb theme_builder_area=\u00a0\u00bbpost_content\u00a0\u00bb use_icon=\u00a0\u00bbon\u00a0\u00bb font_icon=\u00a0\u00bb&#xf19d;||fa||900&Prime; hover_enabled=\u00a0\u00bb0&Prime; sticky_enabled=\u00a0\u00bb0&Prime; icon_placement=\u00a0\u00bbleft\u00a0\u00bb global_colors_info=\u00a0\u00bb{%22gcid-2c6a33f9-5f77-4945-8274-f487275e6c76%22:%91%22box_shadow_color%22,%22box_shadow_color%22%93}\u00a0\u00bb]<\/p>\n<p>Suivez des tutoriels et des exemples courts pour vous familiariser rapidement avec le syst\u00e8me.<\/p>\n<p>[\/et_pb_blurb][\/et_pb_column][et_pb_column _builder_version=\u00a0\u00bb4.27.6&Prime; _module_preset=\u00a0\u00bbdefault\u00a0\u00bb type=\u00a0\u00bb1_3&Prime; theme_builder_area=\u00a0\u00bbpost_content\u00a0\u00bb][et_pb_blurb title=\u00a0\u00bbConception\u00a0\u00bb _builder_version=\u00a0\u00bb4.27.6&Prime; _module_preset=\u00a0\u00bbdefault\u00a0\u00bb theme_builder_area=\u00a0\u00bbpost_content\u00a0\u00bb use_icon=\u00a0\u00bbon\u00a0\u00bb font_icon=\u00a0\u00bb&#xf19d;||fa||900&Prime; hover_enabled=\u00a0\u00bb0&Prime; sticky_enabled=\u00a0\u00bb0&Prime; icon_placement=\u00a0\u00bbleft\u00a0\u00bb global_colors_info=\u00a0\u00bb{%22gcid-2c6a33f9-5f77-4945-8274-f487275e6c76%22:%91%22box_shadow_color%22,%22box_shadow_color%22%93}\u00a0\u00bb]<\/p>\n<p>Commencez \u00e0 concevoir d\u00e8s maintenant et constatez la diff\u00e9rence par vous-m\u00eame<\/p>\n<p>[\/et_pb_blurb][\/et_pb_column][\/et_pb_row][\/et_pb_section][et_pb_section fb_built=\u00a0\u00bb1&Prime; theme_builder_area=\u00a0\u00bbpost_content\u00a0\u00bb _builder_version=\u00a0\u00bb4.27.6&Prime; _module_preset=\u00a0\u00bbdefault\u00a0\u00bb][et_pb_row _builder_version=\u00a0\u00bb4.27.6&Prime; _module_preset=\u00a0\u00bbdefault\u00a0\u00bb theme_builder_area=\u00a0\u00bbpost_content\u00a0\u00bb column_structure=\u00a0\u00bb3_4,1_4&Prime; hover_enabled=\u00a0\u00bb0&Prime; sticky_enabled=\u00a0\u00bb0&Prime; global_colors_info=\u00a0\u00bb{%22gcid-342b504c-af3f-4a0e-9bbf-cd80ba9f1957%22:%91%22border_color_bottom%22,%22border_color_bottom%22%93,%22gcid-primary-color%22:%91%22background_color%22%93}\u00a0\u00bb background_color=\u00a0\u00bbgcid-primary-color\u00a0\u00bb custom_padding=\u00a0\u00bb2rem|2rem|2rem|2rem|true|true\u00a0\u00bb custom_padding_last_edited=\u00a0\u00bboff|desktop\u00a0\u00bb border_radii=\u00a0\u00bbon|8px|8px|8px|8px\u00a0\u00bb][et_pb_column _builder_version=\u00a0\u00bb4.27.6&Prime; _module_preset=\u00a0\u00bbdefault\u00a0\u00bb type=\u00a0\u00bb3_4&Prime; theme_builder_area=\u00a0\u00bbpost_content\u00a0\u00bb hover_enabled=\u00a0\u00bb0&Prime; sticky_enabled=\u00a0\u00bb0&Prime;][et_pb_text _builder_version=\u00a0\u00bb4.27.6&Prime; _module_preset=\u00a0\u00bbdefault\u00a0\u00bb hover_enabled=\u00a0\u00bb0&Prime; global_colors_info=\u00a0\u00bb{%22gcid-3421bf6d-18b2-4c4f-a72e-22b2864b9384%22:%91%22link_text_color__hover%22%93,%22gcid-body-color%22:%91%22ol_text_color%22%93}\u00a0\u00bb theme_builder_area=\u00a0\u00bbpost_content\u00a0\u00bb sticky_enabled=\u00a0\u00bb0&Prime; background_layout=\u00a0\u00bbdark\u00a0\u00bb text_text_color=\u00a0\u00bb#FFFFFF\u00a0\u00bb]<\/p>\n<h2>Vous avez des questions ou besoin d&rsquo;aide ?<\/h2>\n<p>Nos sp\u00e9cialistes sont pr\u00eats \u00e0 vous rendre rapidement op\u00e9rationnel.<\/p>\n<p>[\/et_pb_text][\/et_pb_column][et_pb_column _builder_version=\u00a0\u00bb4.27.6&Prime; _module_preset=\u00a0\u00bbdefault\u00a0\u00bb type=\u00a0\u00bb1_4&Prime; theme_builder_area=\u00a0\u00bbpost_content\u00a0\u00bb][et_pb_button button_text=\u00a0\u00bbPrenez contact avec nous\u00a0\u00bb _builder_version=\u00a0\u00bb4.27.6&Prime; _module_preset=\u00a0\u00bbdefault\u00a0\u00bb theme_builder_area=\u00a0\u00bbpost_content\u00a0\u00bb button_url=\u00a0\u00bb@ET-DC@eyJkeW5hbWljIjp0cnVlLCJjb250ZW50IjoicG9zdF9saW5rX3VybF9wYWdlIiwic2V0dGluZ3MiOnsicG9zdF9pZCI6IjExODUwIn19@\u00a0\u00bb _dynamic_attributes=\u00a0\u00bbbutton_url\u00a0\u00bb hover_enabled=\u00a0\u00bb0&Prime; sticky_enabled=\u00a0\u00bb0&Prime; global_colors_info=\u00a0\u00bb{%22gcid-3421bf6d-18b2-4c4f-a72e-22b2864b9384%22:%91%22button_bg_color%22,%22button_bg_color%22,%22button_bg_color%22,%22button_bg_color%22,%22button_bg_color%22%93,%22gcid-primary-color%22:%91%22button_text_color__hover%22%93}\u00a0\u00bb button_bg_color=\u00a0\u00bbRGBA(255,255,255,0)\u00a0\u00bb button_border_width=\u00a0\u00bb2px\u00a0\u00bb button_border_color=\u00a0\u00bb#FFFFFF\u00a0\u00bb button_bg_color__hover=\u00a0\u00bb#FFFFFF\u00a0\u00bb button_text_color__hover_enabled=\u00a0\u00bbon|hover\u00a0\u00bb button_text_color__hover=\u00a0\u00bbgcid-primary-color\u00a0\u00bb button_bg_color__hover_enabled=\u00a0\u00bbon|desktop\u00a0\u00bb][\/et_pb_button][\/et_pb_column][\/et_pb_row][\/et_pb_section][et_pb_section fb_built=\u00a0\u00bb1&Prime; _builder_version=\u00a0\u00bb4.27.6&Prime; _module_preset=\u00a0\u00bbdefault\u00a0\u00bb background_color=\u00a0\u00bbgcid-f52cc46c-103a-4f3e-bb71-6efb5f79ee25&Prime; global_colors_info=\u00a0\u00bb{%22gcid-f52cc46c-103a-4f3e-bb71-6efb5f79ee25%22:%91%22background_color%22%93}\u00a0\u00bb][et_pb_row _builder_version=\u00a0\u00bb4.27.6&Prime; _module_preset=\u00a0\u00bbdefault\u00a0\u00bb global_colors_info=\u00a0\u00bb{}\u00a0\u00bb][et_pb_column type=\u00a0\u00bb4_4&Prime; _builder_version=\u00a0\u00bb4.27.6&Prime; _module_preset=\u00a0\u00bbdefault\u00a0\u00bb global_colors_info=\u00a0\u00bb{}\u00a0\u00bb][et_pb_text _builder_version=\u00a0\u00bb4.27.6&Prime; _module_preset=\u00a0\u00bbdefault\u00a0\u00bb global_colors_info=\u00a0\u00bb{}\u00a0\u00bb]<\/p>\n<h2>Questions fr\u00e9quemment pos\u00e9es<\/h2>\n<p>[\/et_pb_text][dipi_faq faq_categories=\u00a0\u00bb403&Prime; _builder_version=\u00a0\u00bb4.27.6&Prime; _module_preset=\u00a0\u00bbdefault\u00a0\u00bb global_colors_info=\u00a0\u00bb{}\u00a0\u00bb][\/dipi_faq][\/et_pb_column][\/et_pb_row][\/et_pb_section]<\/p>\n","protected":false},"excerpt":{"rendered":"<p>T\u00e9l\u00e9chargez la version d&rsquo;\u00e9valuation d&rsquo;IronCAD et essayez-la gratuitement pendant 30 jours. D\u00e9couvrez un logiciel de CAO 3D puissant et intuitif. Commencez imm\u00e9diatement.  <\/p>\n","protected":false},"author":1,"featured_media":0,"parent":33178,"menu_order":36,"comment_status":"closed","ping_status":"closed","template":"","meta":{"_et_pb_use_builder":"on","_et_pb_old_content":"","_et_gb_content_width":"","_improvement_type_select":"improve_an_existing","_thumb_yes_seoaic":false,"_frame_yes_seoaic":false,"seoaic_generate_description":"","seoaic_improve_instructions_prompt":"","seoaic_rollback_content_improvement":"","seoaic_idea_thumbnail_generator":"","thumbnail_generated":false,"thumbnail_generate_prompt":"","seoaic_article_description":"","footnotes":"","advanced-sidebar-menu\/link-title":"","advanced-sidebar-menu\/exclude-page":false},"dipi_cpt_category":[],"class_list":["post-33375","page","type-page","status-publish","hentry"],"_links":{"self":[{"href":"https:\/\/ironcad.eu\/fr\/wp-json\/wp\/v2\/pages\/33375","targetHints":{"allow":["GET"]}}],"collection":[{"href":"https:\/\/ironcad.eu\/fr\/wp-json\/wp\/v2\/pages"}],"about":[{"href":"https:\/\/ironcad.eu\/fr\/wp-json\/wp\/v2\/types\/page"}],"author":[{"embeddable":true,"href":"https:\/\/ironcad.eu\/fr\/wp-json\/wp\/v2\/users\/1"}],"replies":[{"embeddable":true,"href":"https:\/\/ironcad.eu\/fr\/wp-json\/wp\/v2\/comments?post=33375"}],"version-history":[{"count":0,"href":"https:\/\/ironcad.eu\/fr\/wp-json\/wp\/v2\/pages\/33375\/revisions"}],"up":[{"embeddable":true,"href":"https:\/\/ironcad.eu\/fr\/wp-json\/wp\/v2\/pages\/33178"}],"wp:attachment":[{"href":"https:\/\/ironcad.eu\/fr\/wp-json\/wp\/v2\/media?parent=33375"}],"wp:term":[{"taxonomy":"dipi_cpt_category","embeddable":true,"href":"https:\/\/ironcad.eu\/fr\/wp-json\/wp\/v2\/dipi_cpt_category?post=33375"}],"curies":[{"name":"wp","href":"https:\/\/api.w.org\/{rel}","templated":true}]}}