{"id":33390,"date":"2024-02-08T14:06:18","date_gmt":"2024-02-08T13:06:18","guid":{"rendered":"https:\/\/ironcad.eu\/extensions\/"},"modified":"2026-05-06T16:36:38","modified_gmt":"2026-05-06T14:36:38","slug":"extensions","status":"publish","type":"page","link":"https:\/\/ironcad.eu\/fr\/extensions\/","title":{"rendered":"Extensions"},"content":{"rendered":"<p>[et_pb_section fb_built=\u00a0\u00bb1&Prime; _builder_version=\u00a0\u00bb4.24.0&Prime; _module_preset=\u00a0\u00bbdefault\u00a0\u00bb locked=\u00a0\u00bboff\u00a0\u00bb global_colors_info=\u00a0\u00bb{}\u00a0\u00bb][et_pb_row custom_padding_last_edited=\u00a0\u00bbon|desktop\u00a0\u00bb admin_label=\u00a0\u00bbSillon de miettes\u00a0\u00bb _builder_version=\u00a0\u00bb4.27.4&Prime; _module_preset=\u00a0\u00bbdefault\u00a0\u00bb custom_padding=\u00a0\u00bb0rem||1rem||false|false\u00a0\u00bb custom_padding_tablet=\u00a0\u00bb0rem||1rem||false|false\u00a0\u00bb custom_padding_phone=\u00a0\u00bb3rem||1rem||false|false\u00a0\u00bb global_module=\u00a0\u00bb11007&Prime; saved_tabs=\u00a0\u00bball\u00a0\u00bb collapsed=\u00a0\u00bboff\u00a0\u00bb global_colors_info=\u00a0\u00bb{}\u00a0\u00bb][et_pb_column type=\u00a0\u00bb4_4&Prime; _builder_version=\u00a0\u00bb4.24.0&Prime; _module_preset=\u00a0\u00bbdefault\u00a0\u00bb global_colors_info=\u00a0\u00bb{}\u00a0\u00bb][et_pb_code admin_label=\u00a0\u00bbCode\u00a0\u00bb _builder_version=\u00a0\u00bb4.27.4&Prime; _module_preset=\u00a0\u00bbdefault\u00a0\u00bb custom_css_main_element=\u00a0\u00bbfont-size: .7em;||text-transform: uppercase;\u00a0\u00bb global_colors_info=\u00a0\u00bb{}\u00a0\u00bb]<nav aria-label=\"breadcrumbs\" class=\"rank-math-breadcrumb\"><p><span class=\"last\">Home<\/span><\/p><\/nav>[\/et_pb_code][\/et_pb_column][\/et_pb_row][et_pb_row _builder_version=\u00a0\u00bb4.24.0&Prime; _module_preset=\u00a0\u00bbdefault\u00a0\u00bb custom_padding_tablet=\u00a0\u00bb2rem||1rem||false|false\u00a0\u00bb custom_padding_phone=\u00a0\u00bb2rem||0rem||false|false\u00a0\u00bb global_colors_info=\u00a0\u00bb{}\u00a0\u00bb][et_pb_column type=\u00a0\u00bb4_4&Prime; _builder_version=\u00a0\u00bb4.24.0&Prime; _module_preset=\u00a0\u00bbdefault\u00a0\u00bb global_colors_info=\u00a0\u00bb{}\u00a0\u00bb][et_pb_text _builder_version=\u00a0\u00bb4.24.1&Prime; _module_preset=\u00a0\u00bbdefault\u00a0\u00bb global_colors_info=\u00a0\u00bb{}\u00a0\u00bb]<\/p>\n<h1>Extensions<\/h1>\n<p>IronCAD offre de nombreuses possibilit\u00e9s de conception en soi, mais il y en a encore plus. Ajoutez une extension et acc\u00e9dez \u00e0 des outils, des fonctions ou des catalogues utiles. Vous trouverez plus d&rsquo;informations et des versions d&rsquo;essai sur les pages consacr\u00e9es aux extensions.  <\/p>\n<p>[\/et_pb_text][\/et_pb_column][\/et_pb_row][et_pb_row custom_padding_last_edited=\u00a0\u00bbon|desktop\u00a0\u00bb admin_label=\u00a0\u00bbDistributeur standard\u00a0\u00bb _builder_version=\u00a0\u00bb4.24.1&Prime; _module_preset=\u00a0\u00bbdefault\u00a0\u00bb min_height=\u00a0\u00bb41.6px\u00a0\u00bb custom_margin=\u00a0\u00bb|auto|-26px|auto|false|false\u00a0\u00bb custom_padding=\u00a0\u00bb1rem||1rem||true|false\u00a0\u00bb custom_padding_tablet=\u00a0\u00bb1rem||1rem||true|false\u00a0\u00bb custom_padding_phone=\u00a0\u00bb1rem||1rem||true|false\u00a0\u00bb global_module=\u00a0\u00bb11791&Prime; saved_tabs=\u00a0\u00bball\u00a0\u00bb global_colors_info=\u00a0\u00bb{}\u00a0\u00bb][et_pb_column type=\u00a0\u00bb4_4&Prime; _builder_version=\u00a0\u00bb4.24.0&Prime; _module_preset=\u00a0\u00bbdefault\u00a0\u00bb global_colors_info=\u00a0\u00bb{}\u00a0\u00bb][et_pb_divider color=\u00a0\u00bbgcid-342b504c-af3f-4a0e-9bbf-cd80ba9f1957&Prime; divider_weight=\u00a0\u00bb2px\u00a0\u00bb _builder_version=\u00a0\u00bb4.26.0&Prime; _module_preset=\u00a0\u00bbdefault\u00a0\u00bb custom_margin=\u00a0\u00bb0px||0px||true|false\u00a0\u00bb global_colors_info=\u00a0\u00bb{%22gcid-342b504c-af3f-4a0e-9bbf-cd80ba9f1957%22:%91%22color%22%93}\u00a0\u00bb][\/et_pb_divider][et_pb_text _builder_version=\u00a0\u00bb4.27.4&Prime; _module_preset=\u00a0\u00bbdefault\u00a0\u00bb custom_margin=\u00a0\u00bb||0px||false|false\u00a0\u00bb global_colors_info=\u00a0\u00bb{}\u00a0\u00bb]<\/p>\n<h2 style=\"text-align: center;\">Pourquoi les professionnels choisissent-ils IronCAD ?<\/h2>\n<p>[\/et_pb_text][\/et_pb_column][\/et_pb_row][et_pb_row column_structure=\u00a0\u00bb1_3,1_3,1_3&Prime; custom_padding_last_edited=\u00a0\u00bboff|desktop\u00a0\u00bb _builder_version=\u00a0\u00bb4.27.4&Prime; _module_preset=\u00a0\u00bbdefault\u00a0\u00bb custom_margin_last_edited=\u00a0\u00bboff|desktop\u00a0\u00bb custom_padding_tablet=\u00a0\u00bb2rem||4rem||false|false\u00a0\u00bb custom_padding_phone=\u00a0\u00bb2rem||4rem||false|false\u00a0\u00bb locked=\u00a0\u00bboff\u00a0\u00bb global_colors_info=\u00a0\u00bb{}\u00a0\u00bb][et_pb_column type=\u00a0\u00bb1_3&Prime; _builder_version=\u00a0\u00bb4.24.0&Prime; _module_preset=\u00a0\u00bbdefault\u00a0\u00bb global_colors_info=\u00a0\u00bb{}\u00a0\u00bb][et_pb_blurb title=\u00a0\u00bbPara-Flex\u00a0\u00bb image=\u00a0\u00bbhttps:\/\/ironcad.eu\/wp-content\/uploads\/2026\/03\/software-box-ironcad-para-flex-1.webp\u00a0\u00bb alt=\u00a0\u00bbBo\u00eete de logiciels de l&#039;extension Para-Flex pour IronCAD.\u00a0\u00bb image_icon_width=\u00a0\u00bb250px\u00a0\u00bb _builder_version=\u00a0\u00bb4.27.6&Prime; _module_preset=\u00a0\u00bbdefault\u00a0\u00bb hover_enabled=\u00a0\u00bb0&Prime; global_colors_info=\u00a0\u00bb{}\u00a0\u00bb image__hover_enabled=\u00a0\u00bboff|desktop\u00a0\u00bb title_text=\u00a0\u00bbsoftware-box-ironcad-para-flex (1)\u00a0\u00bb sticky_enabled=\u00a0\u00bb0&Prime;]<\/p>\n<p>Automatisation de la pr\u00e9paration du travail. G\u00e9n\u00e9rez des donn\u00e9es telles que les listes de coupe, l&rsquo;optimisation des plaques, le code NC et utilisez des outils de conception intelligents. Augmentation de la productivit\u00e9 et r\u00e9duction du taux d&rsquo;erreur.  <\/p>\n<p>[\/et_pb_blurb][et_pb_button button_url=\u00a0\u00bb@ET-DC@eyJkeW5hbWljIjp0cnVlLCJjb250ZW50IjoicG9zdF9saW5rX3VybF9wYWdlIiwic2V0dGluZ3MiOnsicG9zdF9pZCI6IjExNjczIn19@\u00a0\u00bb button_text=\u00a0\u00bbPlus d&apos;informations\u00a0\u00bb _builder_version=\u00a0\u00bb4.24.1&Prime; _dynamic_attributes=\u00a0\u00bbbutton_url\u00a0\u00bb _module_preset=\u00a0\u00bbdefault\u00a0\u00bb button_text_color=\u00a0\u00bbgcid-3421bf6d-18b2-4c4f-a72e-22b2864b9384&Prime; button_bg_color=\u00a0\u00bb#FFFFFF\u00a0\u00bb button_border_width=\u00a0\u00bb2px\u00a0\u00bb button_border_color=\u00a0\u00bbgcid-342b504c-af3f-4a0e-9bbf-cd80ba9f1957&Prime; global_colors_info=\u00a0\u00bb{%22gcid-3421bf6d-18b2-4c4f-a72e-22b2864b9384%22:%91%22button_bg_color%22,%22button_text_color%22%93,%22gcid-342b504c-af3f-4a0e-9bbf-cd80ba9f1957%22:%91%22button_border_color%22,%22button_bg_color__hover%22%93}\u00a0\u00bb button_bg_color__hover=\u00a0\u00bbrgba(71,71,71,0.15)\u00a0\u00bb][\/et_pb_button][\/et_pb_column][et_pb_column type=\u00a0\u00bb1_3&Prime; _builder_version=\u00a0\u00bb4.24.0&Prime; _module_preset=\u00a0\u00bbdefault\u00a0\u00bb global_colors_info=\u00a0\u00bb{}\u00a0\u00bb][et_pb_blurb title=\u00a0\u00bbKeyShot\u00a0\u00bb image=\u00a0\u00bbhttps:\/\/ironcad.eu\/wp-content\/uploads\/2026\/03\/software-box-ironcad-keyshot-1.webp\u00a0\u00bb alt=\u00a0\u00bbBo\u00eete de logiciels de l&#039;extension KeyShot pour IronCAD.\u00a0\u00bb image_icon_width=\u00a0\u00bb250px\u00a0\u00bb _builder_version=\u00a0\u00bb4.27.6&Prime; _module_preset=\u00a0\u00bbdefault\u00a0\u00bb hover_enabled=\u00a0\u00bb0&Prime; global_colors_info=\u00a0\u00bb{}\u00a0\u00bb image__hover_enabled=\u00a0\u00bboff|desktop\u00a0\u00bb title_text=\u00a0\u00bbsoftware-box-ironcad-keyshot (1)\u00a0\u00bb sticky_enabled=\u00a0\u00bb0&Prime;]<\/p>\n<p>Des rendus photor\u00e9alistes pour des pr\u00e9sentations de design \u00e9poustouflantes. Choisissez parmi de nombreuses options d&rsquo;\u00e9clairage, de mat\u00e9riaux, d&rsquo;ombrage et de textures. <\/p>\n<p>[\/et_pb_blurb][et_pb_button button_url=\u00a0\u00bb@ET-DC@eyJkeW5hbWljIjp0cnVlLCJjb250ZW50IjoicG9zdF9saW5rX3VybF9wYWdlIiwic2V0dGluZ3MiOnsicG9zdF9pZCI6IjEyNjE1In19@\u00a0\u00bb button_text=\u00a0\u00bbPlus d&apos;informations\u00a0\u00bb _builder_version=\u00a0\u00bb4.24.1&Prime; _dynamic_attributes=\u00a0\u00bbbutton_url\u00a0\u00bb _module_preset=\u00a0\u00bbdefault\u00a0\u00bb button_text_color=\u00a0\u00bbgcid-3421bf6d-18b2-4c4f-a72e-22b2864b9384&Prime; button_bg_color=\u00a0\u00bb#FFFFFF\u00a0\u00bb button_border_width=\u00a0\u00bb2px\u00a0\u00bb button_border_color=\u00a0\u00bbgcid-342b504c-af3f-4a0e-9bbf-cd80ba9f1957&Prime; global_colors_info=\u00a0\u00bb{%22gcid-3421bf6d-18b2-4c4f-a72e-22b2864b9384%22:%91%22button_bg_color%22,%22button_text_color%22%93,%22gcid-342b504c-af3f-4a0e-9bbf-cd80ba9f1957%22:%91%22button_border_color%22,%22button_bg_color__hover%22%93}\u00a0\u00bb button_bg_color__hover=\u00a0\u00bbrgba(71,71,71,0.15)\u00a0\u00bb][\/et_pb_button][\/et_pb_column][et_pb_column type=\u00a0\u00bb1_3&Prime; _builder_version=\u00a0\u00bb4.24.0&Prime; _module_preset=\u00a0\u00bbdefault\u00a0\u00bb global_colors_info=\u00a0\u00bb{}\u00a0\u00bb][et_pb_blurb title=\u00a0\u00bbMechanical\u00a0\u00bb image=\u00a0\u00bbhttps:\/\/ironcad.eu\/wp-content\/uploads\/2026\/03\/software-box-ironcad-mechanical-1.webp\u00a0\u00bb alt=\u00a0\u00bbBo\u00eete de logiciels d&#039;extension Mechanical pour IronCAD.\u00a0\u00bb image_icon_width=\u00a0\u00bb250px\u00a0\u00bb _builder_version=\u00a0\u00bb4.27.6&Prime; _module_preset=\u00a0\u00bbdefault\u00a0\u00bb custom_padding=\u00a0\u00bb||0px|||\u00a0\u00bb hover_enabled=\u00a0\u00bb0&Prime; global_colors_info=\u00a0\u00bb{}\u00a0\u00bb image__hover_enabled=\u00a0\u00bboff|desktop\u00a0\u00bb title_text=\u00a0\u00bbsoftware-box-ironcad-mechanical (1)\u00a0\u00bb sticky_enabled=\u00a0\u00bb0&Prime;]<\/p>\n<p>Catalogue pratique avec des composants standard et des caract\u00e9ristiques suppl\u00e9mentaires permettant de gagner du temps. Par exemple, des fixations, des roulements, des joints toriques, des tuyaux et des brides. <\/p>\n<p>[\/et_pb_blurb][et_pb_button button_url=\u00a0\u00bb@ET-DC@eyJkeW5hbWljIjp0cnVlLCJjb250ZW50IjoicG9zdF9saW5rX3VybF9wYWdlIiwic2V0dGluZ3MiOnsicG9zdF9pZCI6IjEzMDM4In19@\u00a0\u00bb button_text=\u00a0\u00bbPlus d&apos;informations\u00a0\u00bb _builder_version=\u00a0\u00bb4.24.1&Prime; _dynamic_attributes=\u00a0\u00bbbutton_url\u00a0\u00bb _module_preset=\u00a0\u00bbdefault\u00a0\u00bb button_text_color=\u00a0\u00bbgcid-3421bf6d-18b2-4c4f-a72e-22b2864b9384&Prime; button_bg_color=\u00a0\u00bb#FFFFFF\u00a0\u00bb button_border_width=\u00a0\u00bb2px\u00a0\u00bb button_border_color=\u00a0\u00bbgcid-342b504c-af3f-4a0e-9bbf-cd80ba9f1957&Prime; global_colors_info=\u00a0\u00bb{%22gcid-3421bf6d-18b2-4c4f-a72e-22b2864b9384%22:%91%22button_bg_color%22,%22button_text_color%22%93,%22gcid-342b504c-af3f-4a0e-9bbf-cd80ba9f1957%22:%91%22button_border_color%22,%22button_bg_color__hover%22%93}\u00a0\u00bb button_bg_color__hover=\u00a0\u00bbrgba(71,71,71,0.15)\u00a0\u00bb][\/et_pb_button][\/et_pb_column][\/et_pb_row][et_pb_row column_structure=\u00a0\u00bb1_3,1_3,1_3&Prime; custom_padding_last_edited=\u00a0\u00bboff|desktop\u00a0\u00bb _builder_version=\u00a0\u00bb4.27.4&Prime; _module_preset=\u00a0\u00bbdefault\u00a0\u00bb custom_margin_last_edited=\u00a0\u00bboff|desktop\u00a0\u00bb locked=\u00a0\u00bboff\u00a0\u00bb global_colors_info=\u00a0\u00bb{}\u00a0\u00bb][et_pb_column type=\u00a0\u00bb1_3&Prime; _builder_version=\u00a0\u00bb4.24.0&Prime; _module_preset=\u00a0\u00bbdefault\u00a0\u00bb global_colors_info=\u00a0\u00bb{}\u00a0\u00bb][et_pb_blurb title=\u00a0\u00bbTranslator\u00a0\u00bb image=\u00a0\u00bbhttps:\/\/ironcad.eu\/wp-content\/uploads\/2026\/03\/software-box-ironcad-translator-1.webp\u00a0\u00bb alt=\u00a0\u00bbBo\u00eete \u00e0 outils de l&#039;extension Translator pour IronCAD capacit\u00e9s d&#039;importation et d&#039;exportation pour diff\u00e9rents formats de fichiers\u00a0\u00bb image_icon_width=\u00a0\u00bb250px\u00a0\u00bb _builder_version=\u00a0\u00bb4.27.6&Prime; _module_preset=\u00a0\u00bbdefault\u00a0\u00bb hover_enabled=\u00a0\u00bb0&Prime; global_colors_info=\u00a0\u00bb{}\u00a0\u00bb title_text=\u00a0\u00bbsoftware-box-ironcad-translator (1)\u00a0\u00bb sticky_enabled=\u00a0\u00bb0&Prime;]<\/p>\n<p>Importation et exportation de fichiers sans erreur. Avec des capacit\u00e9s de lecture-\u00e9criture pour diff\u00e9rents types de fichiers. <\/p>\n<p>[\/et_pb_blurb][et_pb_button button_url=\u00a0\u00bb@ET-DC@eyJkeW5hbWljIjp0cnVlLCJjb250ZW50IjoicG9zdF9saW5rX3VybF9wYWdlIiwic2V0dGluZ3MiOnsicG9zdF9pZCI6IjEzMTAwIn19@\u00a0\u00bb button_text=\u00a0\u00bbPlus d&apos;informations\u00a0\u00bb _builder_version=\u00a0\u00bb4.24.1&Prime; _dynamic_attributes=\u00a0\u00bbbutton_url\u00a0\u00bb _module_preset=\u00a0\u00bbdefault\u00a0\u00bb button_text_color=\u00a0\u00bbgcid-3421bf6d-18b2-4c4f-a72e-22b2864b9384&Prime; button_bg_color=\u00a0\u00bb#FFFFFF\u00a0\u00bb button_border_width=\u00a0\u00bb2px\u00a0\u00bb button_border_color=\u00a0\u00bbgcid-342b504c-af3f-4a0e-9bbf-cd80ba9f1957&Prime; global_colors_info=\u00a0\u00bb{%22gcid-3421bf6d-18b2-4c4f-a72e-22b2864b9384%22:%91%22button_bg_color%22,%22button_text_color%22%93,%22gcid-342b504c-af3f-4a0e-9bbf-cd80ba9f1957%22:%91%22button_border_color%22,%22button_bg_color__hover%22%93}\u00a0\u00bb button_bg_color__hover=\u00a0\u00bbrgba(71,71,71,0.15)\u00a0\u00bb][\/et_pb_button][\/et_pb_column][et_pb_column type=\u00a0\u00bb1_3&Prime; _builder_version=\u00a0\u00bb4.24.0&Prime; _module_preset=\u00a0\u00bbdefault\u00a0\u00bb global_colors_info=\u00a0\u00bb{}\u00a0\u00bb][et_pb_blurb title=\u00a0\u00bbMultiphysics\u00a0\u00bb image=\u00a0\u00bbhttps:\/\/ironcad.eu\/wp-content\/uploads\/2026\/03\/software-box-ironcad-multiphysics-1.webp\u00a0\u00bb alt=\u00a0\u00bbBo\u00eete de logiciels de l&#039;extension Multiphysics pour IronCAD.\u00a0\u00bb image_icon_width=\u00a0\u00bb250px\u00a0\u00bb _builder_version=\u00a0\u00bb4.27.6&Prime; _module_preset=\u00a0\u00bbdefault\u00a0\u00bb hover_enabled=\u00a0\u00bb0&Prime; global_colors_info=\u00a0\u00bb{}\u00a0\u00bb title_text=\u00a0\u00bbsoftware-box-ironcad-multiphysics (1)\u00a0\u00bb sticky_enabled=\u00a0\u00bb0&Prime;]<\/p>\n<p>Outil multi-physique int\u00e9gr\u00e9 de mani\u00e8re transparente pour les calculs de r\u00e9sistance avanc\u00e9s. D\u00e9formations, contraintes, temp\u00e9ratures et \u00e9lectronique en un seul clic. <\/p>\n<p>[\/et_pb_blurb][et_pb_button button_url=\u00a0\u00bb@ET-DC@eyJkeW5hbWljIjp0cnVlLCJjb250ZW50IjoicG9zdF9saW5rX3VybF9wYWdlIiwic2V0dGluZ3MiOnsicG9zdF9pZCI6IjEzMDgyIn19@\u00a0\u00bb button_text=\u00a0\u00bbPlus d&apos;informations\u00a0\u00bb _builder_version=\u00a0\u00bb4.24.1&Prime; _dynamic_attributes=\u00a0\u00bbbutton_url\u00a0\u00bb _module_preset=\u00a0\u00bbdefault\u00a0\u00bb button_text_color=\u00a0\u00bbgcid-3421bf6d-18b2-4c4f-a72e-22b2864b9384&Prime; button_bg_color=\u00a0\u00bb#FFFFFF\u00a0\u00bb button_border_width=\u00a0\u00bb2px\u00a0\u00bb button_border_color=\u00a0\u00bbgcid-342b504c-af3f-4a0e-9bbf-cd80ba9f1957&Prime; global_colors_info=\u00a0\u00bb{%22gcid-3421bf6d-18b2-4c4f-a72e-22b2864b9384%22:%91%22button_bg_color%22,%22button_text_color%22%93,%22gcid-342b504c-af3f-4a0e-9bbf-cd80ba9f1957%22:%91%22button_border_color%22,%22button_bg_color__hover%22%93}\u00a0\u00bb button_bg_color__hover=\u00a0\u00bbrgba(71,71,71,0.15)\u00a0\u00bb][\/et_pb_button][\/et_pb_column][et_pb_column type=\u00a0\u00bb1_3&Prime; _builder_version=\u00a0\u00bb4.24.0&Prime; _module_preset=\u00a0\u00bbdefault\u00a0\u00bb global_colors_info=\u00a0\u00bb{}\u00a0\u00bb][dipi_image_magnifier _builder_version=\u00a0\u00bb4.27.4&Prime; _module_preset=\u00a0\u00bbdefault\u00a0\u00bb global_colors_info=\u00a0\u00bb{}\u00a0\u00bb][\/dipi_image_magnifier][\/et_pb_column][\/et_pb_row][\/et_pb_section]<\/p>\n","protected":false},"excerpt":{"rendered":"<p>D\u00e9couvrez les extensions pour IronCAD : de l&rsquo;automatisation et des rendus aux pi\u00e8ces standard et aux simulations. D\u00e9veloppez intelligemment votre logiciel de conception. <\/p>\n","protected":false},"author":1,"featured_media":0,"parent":0,"menu_order":0,"comment_status":"closed","ping_status":"closed","template":"","meta":{"_et_pb_use_builder":"on","_et_pb_old_content":"","_et_gb_content_width":"","_improvement_type_select":"improve_an_existing","_thumb_yes_seoaic":false,"_frame_yes_seoaic":false,"seoaic_generate_description":"","seoaic_improve_instructions_prompt":"","seoaic_rollback_content_improvement":"","seoaic_idea_thumbnail_generator":"","thumbnail_generated":false,"thumbnail_generate_prompt":"","seoaic_article_description":"","footnotes":"","advanced-sidebar-menu\/link-title":"","advanced-sidebar-menu\/exclude-page":false},"dipi_cpt_category":[],"class_list":["post-33390","page","type-page","status-publish","hentry"],"_links":{"self":[{"href":"https:\/\/ironcad.eu\/fr\/wp-json\/wp\/v2\/pages\/33390","targetHints":{"allow":["GET"]}}],"collection":[{"href":"https:\/\/ironcad.eu\/fr\/wp-json\/wp\/v2\/pages"}],"about":[{"href":"https:\/\/ironcad.eu\/fr\/wp-json\/wp\/v2\/types\/page"}],"author":[{"embeddable":true,"href":"https:\/\/ironcad.eu\/fr\/wp-json\/wp\/v2\/users\/1"}],"replies":[{"embeddable":true,"href":"https:\/\/ironcad.eu\/fr\/wp-json\/wp\/v2\/comments?post=33390"}],"version-history":[{"count":0,"href":"https:\/\/ironcad.eu\/fr\/wp-json\/wp\/v2\/pages\/33390\/revisions"}],"wp:attachment":[{"href":"https:\/\/ironcad.eu\/fr\/wp-json\/wp\/v2\/media?parent=33390"}],"wp:term":[{"taxonomy":"dipi_cpt_category","embeddable":true,"href":"https:\/\/ironcad.eu\/fr\/wp-json\/wp\/v2\/dipi_cpt_category?post=33390"}],"curies":[{"name":"wp","href":"https:\/\/api.w.org\/{rel}","templated":true}]}}