{"id":20569,"date":"2025-09-30T14:22:31","date_gmt":"2025-09-30T12:22:31","guid":{"rendered":"https:\/\/ironcad.eu\/ironcad-bayisi-olun\/"},"modified":"2026-02-11T15:20:35","modified_gmt":"2026-02-11T14:20:35","slug":"ironcad-bayisi-olun","status":"publish","type":"page","link":"https:\/\/ironcad.eu\/tr\/ironcad-bayisi-olun\/","title":{"rendered":"IronCAD bayisi olun"},"content":{"rendered":"<p>[et_pb_section fb_built=&#8221;1&#8243; _builder_version=&#8221;4.24.0&#8243; _module_preset=&#8221;default&#8221; locked=&#8221;off&#8221; global_colors_info=&#8221;{}&#8221;][et_pb_row custom_padding_last_edited=&#8221;off|desktop&#8221; _builder_version=&#8221;4.27.4&#8243; _module_preset=&#8221;default&#8221; custom_padding=&#8221;2rem||0rem||false|false&#8221; global_colors_info=&#8221;{}&#8221;][et_pb_column type=&#8221;4_4&#8243; _builder_version=&#8221;4.27.4&#8243; _module_preset=&#8221;default&#8221; global_colors_info=&#8221;{}&#8221;][et_pb_post_title _builder_version=&#8221;4.27.4&#8243; _module_preset=&#8221;default&#8221; custom_margin=&#8221;||0px||false|false&#8221; global_colors_info=&#8221;{}&#8221;][\/et_pb_post_title][\/et_pb_column][\/et_pb_row][et_pb_row custom_padding_last_edited=&#8221;off|desktop&#8221; _builder_version=&#8221;4.27.4&#8243; _module_preset=&#8221;default&#8221; custom_padding=&#8221;1rem||1rem||true|false&#8221; global_colors_info=&#8221;{}&#8221;][et_pb_column type=&#8221;4_4&#8243; _builder_version=&#8221;4.27.4&#8243; _module_preset=&#8221;default&#8221; global_colors_info=&#8221;{}&#8221;][et_pb_text _builder_version=&#8221;4.27.4&#8243; _module_preset=&#8221;default&#8221; global_colors_info=&#8221;{}&#8221;]<\/p>\n<p>A\u011f\u0131m\u0131za kat\u0131l\u0131n ve yenilik\u00e7i 3D yaz\u0131l\u0131m\u0131n g\u00fcc\u00fcn\u00fc ke\u015ffedin. Resmi bir IronCAD sat\u0131c\u0131s\u0131 olarak, m\u00fc\u015fterilerinize en iyi \u015fekilde hizmet vermek i\u00e7in benzersiz CAD \u00e7\u00f6z\u00fcmlerine, kapsaml\u0131 deste\u011fe ve de\u011ferli kaynaklara eri\u015febilirsiniz. <\/p>\n<p>[\/et_pb_text][et_pb_text _builder_version=&#8221;4.27.4&#8243; _module_preset=&#8221;default&#8221; global_colors_info=&#8221;{}&#8221;]<\/p>\n<h2>Neden bir IronCAD bayisi olmal\u0131s\u0131n\u0131z?<\/h2>\n<p>IronCAD, d\u00fcnya \u00e7ap\u0131nda m\u00fchendisler, tasar\u0131mc\u0131lar ve \u00fcretim \u015firketleri taraf\u0131ndan kullan\u0131lan lider bir 3D CAD \u00e7izim program\u0131d\u0131r. Bayi olarak portf\u00f6y\u00fcn\u00fcz\u00fc esneklik, h\u0131z ve kullan\u0131m kolayl\u0131\u011f\u0131n\u0131 bir araya getiren g\u00fc\u00e7l\u00fc bir yaz\u0131l\u0131mla geni\u015fletebilirsiniz. <\/p>\n<p>IronCAD Europe arac\u0131l\u0131\u011f\u0131yla bir bayi olarak \u015funlardan faydalan\u0131rs\u0131n\u0131z:<\/p>\n<ul>\n<li>Tam destek &#8211; m\u00fc\u015fterilerinize yard\u0131mc\u0131 olmak i\u00e7in teknik ve ticari destek.<\/li>\n<li>E\u011fitim ve bilgi payla\u015f\u0131m\u0131 &#8211; sizin ve ekibinizin IronCAD&#8217;den en iyi \u015fekilde yararlanman\u0131z i\u00e7in kurslar.<\/li>\n<li>Pazarlama materyalleri ve demolar &#8211; IronCAD&#8217;i ba\u015far\u0131l\u0131 bir \u015fekilde pazarlamak i\u00e7in ihtiyac\u0131n\u0131z olan her \u015fey.<\/li>\n<li>G\u00fc\u00e7l\u00fc bir a\u011f &#8211; imalat sekt\u00f6r\u00fcndeki profesyonellerden olu\u015fan ve giderek b\u00fcy\u00fcyen bir toplulu\u011fa kat\u0131l\u0131n.<\/li>\n<\/ul>\n<p>[\/et_pb_text][\/et_pb_column][\/et_pb_row][\/et_pb_section][et_pb_section fb_built=&#8221;1&#8243; theme_builder_area=&#8221;post_content&#8221; _builder_version=&#8221;4.27.4&#8243; _module_preset=&#8221;default&#8221; global_colors_info=&#8221;{%22gcid-f52cc46c-103a-4f3e-bb71-6efb5f79ee25%22:%91%22background_color%22%93}&#8221; background_color=&#8221;gcid-f52cc46c-103a-4f3e-bb71-6efb5f79ee25&#8243; hover_enabled=&#8221;0&#8243; sticky_enabled=&#8221;0&#8243;][et_pb_row _builder_version=&#8221;4.27.4&#8243; _module_preset=&#8221;default&#8221; theme_builder_area=&#8221;post_content&#8221;][et_pb_column _builder_version=&#8221;4.27.4&#8243; _module_preset=&#8221;default&#8221; type=&#8221;4_4&#8243; theme_builder_area=&#8221;post_content&#8221;][et_pb_text _builder_version=&#8221;4.27.4&#8243; _module_preset=&#8221;default&#8221; hover_enabled=&#8221;0&#8243; global_colors_info=&#8221;{}&#8221; sticky_enabled=&#8221;0&#8243; theme_builder_area=&#8221;post_content&#8221; custom_margin=&#8221;||4px|||&#8221;]<\/p>\n<h2>Ba\u015far\u0131 i\u00e7in birlikte \u00e7al\u0131\u015fmak<\/h2>\n<p>A\u015fa\u011f\u0131daki formu kullanarak bug\u00fcn bize ula\u015f\u0131n. Birlikte \u00e7al\u0131\u015fman\u0131n olanaklar\u0131n\u0131 ve faydalar\u0131n\u0131 g\u00f6r\u00fc\u015fmekten mutluluk duyaca\u011f\u0131z. <\/p>\n<p>[\/et_pb_text][dipi_gravity_forms_styler gf_form_id=&#8221;19&#8243; _builder_version=&#8221;4.27.4&#8243; _module_preset=&#8221;default&#8221; hover_enabled=&#8221;0&#8243; border_radii=&#8221;on|8px|8px|8px|8px&#8221; global_colors_info=&#8221;{%22gcid-342b504c-af3f-4a0e-9bbf-cd80ba9f1957%22:%91%22box_shadow_color%22,%22box_shadow_color%22%93}&#8221; form_title=&#8221;hide&#8221; sticky_enabled=&#8221;0&#8243; theme_builder_area=&#8221;post_content&#8221; custom_padding=&#8221;||||false|false&#8221; custom_margin=&#8221;||||false|false&#8221;][\/dipi_gravity_forms_styler][\/et_pb_column][\/et_pb_row][\/et_pb_section]<\/p>\n","protected":false},"excerpt":{"rendered":"<p>A\u011f\u0131m\u0131za kat\u0131l\u0131n ve yenilik\u00e7i 3D yaz\u0131l\u0131m\u0131n g\u00fcc\u00fcn\u00fc ke\u015ffedin. Resmi bir IronCAD sat\u0131c\u0131s\u0131 olarak, m\u00fc\u015fterilerinize en iyi \u015fekilde hizmet vermek i\u00e7in benzersiz CAD \u00e7\u00f6z\u00fcmlerine, kapsaml\u0131 deste\u011fe ve de\u011ferli kaynaklara eri\u015febilirsiniz. Neden bir IronCAD bayisi olmal\u0131s\u0131n\u0131z? IronCAD, d\u00fcnya \u00e7ap\u0131nda m\u00fchendisler, tasar\u0131mc\u0131lar ve \u00fcretim \u015firketleri taraf\u0131ndan kullan\u0131lan lider bir 3D CAD \u00e7izim program\u0131d\u0131r. Bayi olarak portf\u00f6y\u00fcn\u00fcz\u00fc esneklik, h\u0131z [&hellip;]<\/p>\n","protected":false},"author":2,"featured_media":0,"parent":0,"menu_order":0,"comment_status":"closed","ping_status":"closed","template":"","meta":{"_et_pb_use_builder":"on","_et_pb_old_content":"","_et_gb_content_width":"","_improvement_type_select":"improve_an_existing","_thumb_yes_seoaic":false,"_frame_yes_seoaic":false,"seoaic_generate_description":"","seoaic_improve_instructions_prompt":"","seoaic_rollback_content_improvement":"","seoaic_idea_thumbnail_generator":"","thumbnail_generated":false,"thumbnail_generate_prompt":"","seoaic_article_description":"","footnotes":"","advanced-sidebar-menu\/link-title":"","advanced-sidebar-menu\/exclude-page":false},"dipi_cpt_category":[],"class_list":["post-20569","page","type-page","status-publish","hentry"],"_links":{"self":[{"href":"https:\/\/ironcad.eu\/tr\/wp-json\/wp\/v2\/pages\/20569","targetHints":{"allow":["GET"]}}],"collection":[{"href":"https:\/\/ironcad.eu\/tr\/wp-json\/wp\/v2\/pages"}],"about":[{"href":"https:\/\/ironcad.eu\/tr\/wp-json\/wp\/v2\/types\/page"}],"author":[{"embeddable":true,"href":"https:\/\/ironcad.eu\/tr\/wp-json\/wp\/v2\/users\/2"}],"replies":[{"embeddable":true,"href":"https:\/\/ironcad.eu\/tr\/wp-json\/wp\/v2\/comments?post=20569"}],"version-history":[{"count":0,"href":"https:\/\/ironcad.eu\/tr\/wp-json\/wp\/v2\/pages\/20569\/revisions"}],"wp:attachment":[{"href":"https:\/\/ironcad.eu\/tr\/wp-json\/wp\/v2\/media?parent=20569"}],"wp:term":[{"taxonomy":"dipi_cpt_category","embeddable":true,"href":"https:\/\/ironcad.eu\/tr\/wp-json\/wp\/v2\/dipi_cpt_category?post=20569"}],"curies":[{"name":"wp","href":"https:\/\/api.w.org\/{rel}","templated":true}]}}