{"id":20663,"date":"2024-02-08T14:06:18","date_gmt":"2024-02-08T13:06:18","guid":{"rendered":"https:\/\/ironcad.eu\/uzantilar\/"},"modified":"2026-03-20T16:32:10","modified_gmt":"2026-03-20T15:32:10","slug":"uzantilar","status":"publish","type":"page","link":"https:\/\/ironcad.eu\/tr\/uzantilar\/","title":{"rendered":"Uzant\u0131lar"},"content":{"rendered":"<p>[et_pb_section fb_built=&#8221;1&#8243; _builder_version=&#8221;4.24.0&#8243; _module_preset=&#8221;default&#8221; locked=&#8221;off&#8221; global_colors_info=&#8221;{}&#8221;][et_pb_row custom_padding_last_edited=&#8221;on|desktop&#8221; admin_label=&#8221;K\u0131r\u0131nt\u0131 izi&#8221; _builder_version=&#8221;4.27.4&#8243; _module_preset=&#8221;default&#8221; custom_padding=&#8221;0rem||1rem||false|false&#8221; custom_padding_tablet=&#8221;0rem||1rem||false|false&#8221; custom_padding_phone=&#8221;3rem||1rem||false|false&#8221; global_module=&#8221;11007&#8243; saved_tabs=&#8221;all&#8221; collapsed=&#8221;off&#8221; global_colors_info=&#8221;{}&#8221;][et_pb_column type=&#8221;4_4&#8243; _builder_version=&#8221;4.24.0&#8243; _module_preset=&#8221;default&#8221; global_colors_info=&#8221;{}&#8221;][et_pb_code admin_label=&#8221;Kod&#8221; _builder_version=&#8221;4.27.4&#8243; _module_preset=&#8221;default&#8221; custom_css_main_element=&#8221;font-size: .7em;||text-transform: uppercase;&#8221; global_colors_info=&#8221;{}&#8221;]<nav aria-label=\"breadcrumbs\" class=\"rank-math-breadcrumb\"><p><span class=\"last\">Home<\/span><\/p><\/nav>[\/et_pb_code][\/et_pb_column][\/et_pb_row][et_pb_row _builder_version=&#8221;4.24.0&#8243; _module_preset=&#8221;default&#8221; custom_padding_tablet=&#8221;2rem||1rem||false|false&#8221; custom_padding_phone=&#8221;2rem||0rem||false|false&#8221; global_colors_info=&#8221;{}&#8221;][et_pb_column type=&#8221;4_4&#8243; _builder_version=&#8221;4.24.0&#8243; _module_preset=&#8221;default&#8221; global_colors_info=&#8221;{}&#8221;][et_pb_text _builder_version=&#8221;4.24.1&#8243; _module_preset=&#8221;default&#8221; global_colors_info=&#8221;{}&#8221;]<\/p>\n<h1>Uzant\u0131lar<\/h1>\n<p>IronCAD kendi ba\u015f\u0131na \u00e7ok say\u0131da tasar\u0131m yetene\u011fi sunar, ancak daha da fazlas\u0131 vard\u0131r. Bir uzant\u0131 ekleyin ve faydal\u0131 ara\u00e7lara, fonksiyonlara veya kataloglara eri\u015fim sa\u011flay\u0131n. Daha fazla bilgi ve deneme s\u00fcr\u00fcmleri uzant\u0131lar sayfalar\u0131nda bulunabilir.  <\/p>\n<p>[\/et_pb_text][\/et_pb_column][\/et_pb_row][et_pb_row custom_padding_last_edited=&#8221;on|desktop&#8221; admin_label=&#8221;Standart distrib\u00fct\u00f6r&#8221; _builder_version=&#8221;4.24.1&#8243; _module_preset=&#8221;default&#8221; min_height=&#8221;41.6px&#8221; custom_margin=&#8221;|auto|-26px|auto|false|false&#8221; custom_padding=&#8221;1rem||1rem||true|false&#8221; custom_padding_tablet=&#8221;1rem||1rem||true|false&#8221; custom_padding_phone=&#8221;1rem||1rem||true|false&#8221; global_module=&#8221;11791&#8243; saved_tabs=&#8221;all&#8221; global_colors_info=&#8221;{}&#8221;][et_pb_column type=&#8221;4_4&#8243; _builder_version=&#8221;4.24.0&#8243; _module_preset=&#8221;default&#8221; global_colors_info=&#8221;{}&#8221;][et_pb_divider color=&#8221;gcid-342b504c-af3f-4a0e-9bbf-cd80ba9f1957&#8243; divider_weight=&#8221;2px&#8221; _builder_version=&#8221;4.26.0&#8243; _module_preset=&#8221;default&#8221; custom_margin=&#8221;0px||0px||true|false&#8221; global_colors_info=&#8221;{%22gcid-342b504c-af3f-4a0e-9bbf-cd80ba9f1957%22:%91%22color%22%93}&#8221;][\/et_pb_divider][et_pb_text _builder_version=&#8221;4.27.4&#8243; _module_preset=&#8221;default&#8221; custom_margin=&#8221;||0px||false|false&#8221; global_colors_info=&#8221;{}&#8221;]<\/p>\n<h2 style=\"text-align: center;\">Profesyoneller neden IronCAD&#8217;i se\u00e7iyor?<\/h2>\n<p>[\/et_pb_text][\/et_pb_column][\/et_pb_row][et_pb_row column_structure=&#8221;1_3,1_3,1_3&#8243; custom_padding_last_edited=&#8221;off|desktop&#8221; _builder_version=&#8221;4.27.4&#8243; _module_preset=&#8221;default&#8221; custom_margin_last_edited=&#8221;off|desktop&#8221; custom_padding_tablet=&#8221;2rem||4rem||false|false&#8221; custom_padding_phone=&#8221;2rem||4rem||false|false&#8221; locked=&#8221;off&#8221; global_colors_info=&#8221;{}&#8221;][et_pb_column type=&#8221;1_3&#8243; _builder_version=&#8221;4.24.0&#8243; _module_preset=&#8221;default&#8221; global_colors_info=&#8221;{}&#8221;][et_pb_blurb title=&#8221;Para-Flex&#8221; image=&#8221;https:\/\/ironcad.eu\/wp-content\/uploads\/2026\/03\/software-box-ironcad-para-flex-1.webp&#8221; alt=&#8221;IronCAD i\u00e7in Para-Flex uzant\u0131s\u0131n\u0131n yaz\u0131l\u0131m kutusu.&#8221; image_icon_width=&#8221;250px&#8221; _builder_version=&#8221;4.27.6&#8243; _module_preset=&#8221;default&#8221; hover_enabled=&#8221;0&#8243; global_colors_info=&#8221;{}&#8221; image__hover_enabled=&#8221;off|desktop&#8221; title_text=&#8221;software-box-ironcad-para-flex (1)&#8221; sticky_enabled=&#8221;0&#8243;]<\/p>\n<p>\u0130\u015f haz\u0131rl\u0131\u011f\u0131 i\u00e7in otomasyon. Kesim listeleri, plaka optimizasyonu, NC kodu gibi verileri olu\u015fturun ve ak\u0131ll\u0131 tasar\u0131m ara\u00e7lar\u0131n\u0131 kullan\u0131n. Artan \u00fcretkenlik ve daha d\u00fc\u015f\u00fck hata oran\u0131.  <\/p>\n<p>[\/et_pb_blurb][et_pb_button button_url=&#8221;@ET-DC@eyJkeW5hbWljIjp0cnVlLCJjb250ZW50IjoicG9zdF9saW5rX3VybF9wYWdlIiwic2V0dGluZ3MiOnsicG9zdF9pZCI6IjExNjczIiwiZW5hYmxlX2h0bWwiOiJvZmYifX0=@&#8221; button_text=&#8221;Daha fazla bilgi&#8221; _builder_version=&#8221;4.24.1&#8243; _dynamic_attributes=&#8221;button_url&#8221; _module_preset=&#8221;default&#8221; button_text_color=&#8221;gcid-3421bf6d-18b2-4c4f-a72e-22b2864b9384&#8243; button_bg_color=&#8221;#FFFFFF&#8221; button_border_width=&#8221;2px&#8221; button_border_color=&#8221;gcid-342b504c-af3f-4a0e-9bbf-cd80ba9f1957&#8243; global_colors_info=&#8221;{%22gcid-3421bf6d-18b2-4c4f-a72e-22b2864b9384%22:%91%22button_bg_color%22,%22button_text_color%22%93,%22gcid-342b504c-af3f-4a0e-9bbf-cd80ba9f1957%22:%91%22button_border_color%22,%22button_bg_color__hover%22%93}&#8221; button_bg_color__hover=&#8221;rgba(71,71,71,0.15)&#8221;][\/et_pb_button][\/et_pb_column][et_pb_column type=&#8221;1_3&#8243; _builder_version=&#8221;4.24.0&#8243; _module_preset=&#8221;default&#8221; global_colors_info=&#8221;{}&#8221;][et_pb_blurb title=&#8221;KeyShot&#8221; image=&#8221;https:\/\/ironcad.eu\/wp-content\/uploads\/2026\/03\/software-box-ironcad-keyshot-1.webp&#8221; alt=&#8221;IronCAD i\u00e7in KeyShot uzant\u0131s\u0131n\u0131n yaz\u0131l\u0131m kutusu.&#8221; image_icon_width=&#8221;250px&#8221; _builder_version=&#8221;4.27.6&#8243; _module_preset=&#8221;default&#8221; hover_enabled=&#8221;0&#8243; global_colors_info=&#8221;{}&#8221; image__hover_enabled=&#8221;off|desktop&#8221; title_text=&#8221;software-box-ironcad-keyshot (1)&#8221; sticky_enabled=&#8221;0&#8243;]<\/p>\n<p>\u00c7arp\u0131c\u0131 tasar\u0131m sunumlar\u0131 i\u00e7in foto-ger\u00e7ek\u00e7i renderlar. Ayd\u0131nlatma, malzeme, g\u00f6lgelendirme ve dokularda kapsaml\u0131 se\u00e7enekler aras\u0131ndan se\u00e7im yap\u0131n. <\/p>\n<p>[\/et_pb_blurb][et_pb_button button_url=&#8221;@ET-DC@eyJkeW5hbWljIjp0cnVlLCJjb250ZW50IjoicG9zdF9saW5rX3VybF9wYWdlIiwic2V0dGluZ3MiOnsicG9zdF9pZCI6IjEyNjE1IiwiZW5hYmxlX2h0bWwiOiJvZmYifX0=@&#8221; button_text=&#8221;Daha fazla bilgi&#8221; _builder_version=&#8221;4.24.1&#8243; _dynamic_attributes=&#8221;button_url&#8221; _module_preset=&#8221;default&#8221; button_text_color=&#8221;gcid-3421bf6d-18b2-4c4f-a72e-22b2864b9384&#8243; button_bg_color=&#8221;#FFFFFF&#8221; button_border_width=&#8221;2px&#8221; button_border_color=&#8221;gcid-342b504c-af3f-4a0e-9bbf-cd80ba9f1957&#8243; global_colors_info=&#8221;{%22gcid-3421bf6d-18b2-4c4f-a72e-22b2864b9384%22:%91%22button_bg_color%22,%22button_text_color%22%93,%22gcid-342b504c-af3f-4a0e-9bbf-cd80ba9f1957%22:%91%22button_border_color%22,%22button_bg_color__hover%22%93}&#8221; button_bg_color__hover=&#8221;rgba(71,71,71,0.15)&#8221;][\/et_pb_button][\/et_pb_column][et_pb_column type=&#8221;1_3&#8243; _builder_version=&#8221;4.24.0&#8243; _module_preset=&#8221;default&#8221; global_colors_info=&#8221;{}&#8221;][et_pb_blurb title=&#8221;Mechanical&#8221; image=&#8221;https:\/\/ironcad.eu\/wp-content\/uploads\/2026\/03\/software-box-ironcad-mechanical-1.webp&#8221; alt=&#8221;IronCAD i\u00e7in Mechanical uzant\u0131l\u0131 yaz\u0131l\u0131m kutusu.&#8221; image_icon_width=&#8221;250px&#8221; _builder_version=&#8221;4.27.6&#8243; _module_preset=&#8221;default&#8221; custom_padding=&#8221;||0px|||&#8221; hover_enabled=&#8221;0&#8243; global_colors_info=&#8221;{}&#8221; image__hover_enabled=&#8221;off|desktop&#8221; title_text=&#8221;software-box-ironcad-mechanical (1)&#8221; sticky_enabled=&#8221;0&#8243;]<\/p>\n<p>Standart bile\u015fenler ve zaman kazand\u0131ran ek \u00f6zellikler i\u00e7eren kullan\u0131\u015fl\u0131 katalog. Ba\u011flant\u0131 elemanlar\u0131, rulmanlar, O-ringler, borular ve flan\u015flar gibi. <\/p>\n<p>[\/et_pb_blurb][et_pb_button button_url=&#8221;@ET-DC@eyJkeW5hbWljIjp0cnVlLCJjb250ZW50IjoicG9zdF9saW5rX3VybF9wYWdlIiwic2V0dGluZ3MiOnsicG9zdF9pZCI6IjEzMDM4IiwiZW5hYmxlX2h0bWwiOiJvZmYifX0=@&#8221; button_text=&#8221;Daha fazla bilgi&#8221; _builder_version=&#8221;4.24.1&#8243; _dynamic_attributes=&#8221;button_url&#8221; _module_preset=&#8221;default&#8221; button_text_color=&#8221;gcid-3421bf6d-18b2-4c4f-a72e-22b2864b9384&#8243; button_bg_color=&#8221;#FFFFFF&#8221; button_border_width=&#8221;2px&#8221; button_border_color=&#8221;gcid-342b504c-af3f-4a0e-9bbf-cd80ba9f1957&#8243; global_colors_info=&#8221;{%22gcid-3421bf6d-18b2-4c4f-a72e-22b2864b9384%22:%91%22button_bg_color%22,%22button_text_color%22%93,%22gcid-342b504c-af3f-4a0e-9bbf-cd80ba9f1957%22:%91%22button_border_color%22,%22button_bg_color__hover%22%93}&#8221; button_bg_color__hover=&#8221;rgba(71,71,71,0.15)&#8221;][\/et_pb_button][\/et_pb_column][\/et_pb_row][et_pb_row column_structure=&#8221;1_3,1_3,1_3&#8243; custom_padding_last_edited=&#8221;off|desktop&#8221; _builder_version=&#8221;4.27.4&#8243; _module_preset=&#8221;default&#8221; custom_margin_last_edited=&#8221;off|desktop&#8221; locked=&#8221;off&#8221; global_colors_info=&#8221;{}&#8221;][et_pb_column type=&#8221;1_3&#8243; _builder_version=&#8221;4.24.0&#8243; _module_preset=&#8221;default&#8221; global_colors_info=&#8221;{}&#8221;][et_pb_blurb title=&#8221;Translator&#8221; image=&#8221;https:\/\/ironcad.eu\/wp-content\/uploads\/2026\/03\/software-box-ironcad-translator-1.webp&#8221; alt=&#8221;IronCAD i\u00e7in Translator uzant\u0131l\u0131 yaz\u0131l\u0131m kutusu farkl\u0131 dosya formatlar\u0131 i\u00e7in i\u00e7e ve d\u0131\u015fa aktarma yetenekleri&#8221; image_icon_width=&#8221;250px&#8221; _builder_version=&#8221;4.27.6&#8243; _module_preset=&#8221;default&#8221; hover_enabled=&#8221;0&#8243; global_colors_info=&#8221;{}&#8221; title_text=&#8221;software-box-ironcad-translator (1)&#8221; sticky_enabled=&#8221;0&#8243;]<\/p>\n<p>Hatas\u0131z dosya i\u00e7e ve d\u0131\u015fa aktarma. \u00c7e\u015fitli dosya t\u00fcrleri i\u00e7in okuma-yazma yetenekleri ile. <\/p>\n<p>[\/et_pb_blurb][et_pb_button button_url=&#8221;@ET-DC@eyJkeW5hbWljIjp0cnVlLCJjb250ZW50IjoicG9zdF9saW5rX3VybF9wYWdlIiwic2V0dGluZ3MiOnsicG9zdF9pZCI6IjEzMTAwIiwiZW5hYmxlX2h0bWwiOiJvZmYifX0=@&#8221; button_text=&#8221;Daha fazla bilgi&#8221; _builder_version=&#8221;4.24.1&#8243; _dynamic_attributes=&#8221;button_url&#8221; _module_preset=&#8221;default&#8221; button_text_color=&#8221;gcid-3421bf6d-18b2-4c4f-a72e-22b2864b9384&#8243; button_bg_color=&#8221;#FFFFFF&#8221; button_border_width=&#8221;2px&#8221; button_border_color=&#8221;gcid-342b504c-af3f-4a0e-9bbf-cd80ba9f1957&#8243; global_colors_info=&#8221;{%22gcid-3421bf6d-18b2-4c4f-a72e-22b2864b9384%22:%91%22button_bg_color%22,%22button_text_color%22%93,%22gcid-342b504c-af3f-4a0e-9bbf-cd80ba9f1957%22:%91%22button_border_color%22,%22button_bg_color__hover%22%93}&#8221; button_bg_color__hover=&#8221;rgba(71,71,71,0.15)&#8221;][\/et_pb_button][\/et_pb_column][et_pb_column type=&#8221;1_3&#8243; _builder_version=&#8221;4.24.0&#8243; _module_preset=&#8221;default&#8221; global_colors_info=&#8221;{}&#8221;][et_pb_blurb title=&#8221;Multiphysics&#8221; image=&#8221;https:\/\/ironcad.eu\/wp-content\/uploads\/2026\/03\/software-box-ironcad-multiphysics-1.webp&#8221; alt=&#8221;IronCAD i\u00e7in Multiphysics uzant\u0131s\u0131 yaz\u0131l\u0131m kutusu.&#8221; image_icon_width=&#8221;250px&#8221; _builder_version=&#8221;4.27.6&#8243; _module_preset=&#8221;default&#8221; hover_enabled=&#8221;0&#8243; global_colors_info=&#8221;{}&#8221; title_text=&#8221;software-box-ironcad-multiphysics (1)&#8221; sticky_enabled=&#8221;0&#8243;]<\/p>\n<p>Geli\u015fmi\u015f mukavemet hesaplamalar\u0131 i\u00e7in sorunsuz entegre \u00e7oklu fizik arac\u0131. Deformasyonlar, gerilmeler, s\u0131cakl\u0131klar ve elektronikler tek bir t\u0131klamayla. <\/p>\n<p>[\/et_pb_blurb][et_pb_button button_url=&#8221;@ET-DC@eyJkeW5hbWljIjp0cnVlLCJjb250ZW50IjoicG9zdF9saW5rX3VybF9wYWdlIiwic2V0dGluZ3MiOnsicG9zdF9pZCI6IjEzMDgyIiwiZW5hYmxlX2h0bWwiOiJvZmYifX0=@&#8221; button_text=&#8221;Daha fazla bilgi&#8221; _builder_version=&#8221;4.24.1&#8243; _dynamic_attributes=&#8221;button_url&#8221; _module_preset=&#8221;default&#8221; button_text_color=&#8221;gcid-3421bf6d-18b2-4c4f-a72e-22b2864b9384&#8243; button_bg_color=&#8221;#FFFFFF&#8221; button_border_width=&#8221;2px&#8221; button_border_color=&#8221;gcid-342b504c-af3f-4a0e-9bbf-cd80ba9f1957&#8243; global_colors_info=&#8221;{%22gcid-3421bf6d-18b2-4c4f-a72e-22b2864b9384%22:%91%22button_bg_color%22,%22button_text_color%22%93,%22gcid-342b504c-af3f-4a0e-9bbf-cd80ba9f1957%22:%91%22button_border_color%22,%22button_bg_color__hover%22%93}&#8221; button_bg_color__hover=&#8221;rgba(71,71,71,0.15)&#8221;][\/et_pb_button][\/et_pb_column][et_pb_column type=&#8221;1_3&#8243; _builder_version=&#8221;4.24.0&#8243; _module_preset=&#8221;default&#8221; global_colors_info=&#8221;{}&#8221;][dipi_image_magnifier _builder_version=&#8221;4.27.4&#8243; _module_preset=&#8221;default&#8221; global_colors_info=&#8221;{}&#8221;][\/dipi_image_magnifier][\/et_pb_column][\/et_pb_row][\/et_pb_section]<\/p>\n","protected":false},"excerpt":{"rendered":"<p>IronCAD i\u00e7in uzant\u0131lar\u0131 ke\u015ffedin: otomasyon ve renderlardan standart par\u00e7alara ve sim\u00fclasyonlara kadar. Tasar\u0131m yaz\u0131l\u0131m\u0131n\u0131z\u0131 ak\u0131ll\u0131ca geni\u015fletin. <\/p>\n","protected":false},"author":1,"featured_media":0,"parent":0,"menu_order":0,"comment_status":"closed","ping_status":"closed","template":"","meta":{"_et_pb_use_builder":"on","_et_pb_old_content":"","_et_gb_content_width":"","_improvement_type_select":"improve_an_existing","_thumb_yes_seoaic":false,"_frame_yes_seoaic":false,"seoaic_generate_description":"","seoaic_improve_instructions_prompt":"","seoaic_rollback_content_improvement":"","seoaic_idea_thumbnail_generator":"","thumbnail_generated":false,"thumbnail_generate_prompt":"","seoaic_article_description":"","footnotes":"","advanced-sidebar-menu\/link-title":"","advanced-sidebar-menu\/exclude-page":false},"dipi_cpt_category":[],"class_list":["post-20663","page","type-page","status-publish","hentry"],"_links":{"self":[{"href":"https:\/\/ironcad.eu\/tr\/wp-json\/wp\/v2\/pages\/20663","targetHints":{"allow":["GET"]}}],"collection":[{"href":"https:\/\/ironcad.eu\/tr\/wp-json\/wp\/v2\/pages"}],"about":[{"href":"https:\/\/ironcad.eu\/tr\/wp-json\/wp\/v2\/types\/page"}],"author":[{"embeddable":true,"href":"https:\/\/ironcad.eu\/tr\/wp-json\/wp\/v2\/users\/1"}],"replies":[{"embeddable":true,"href":"https:\/\/ironcad.eu\/tr\/wp-json\/wp\/v2\/comments?post=20663"}],"version-history":[{"count":3,"href":"https:\/\/ironcad.eu\/tr\/wp-json\/wp\/v2\/pages\/20663\/revisions"}],"predecessor-version":[{"id":27891,"href":"https:\/\/ironcad.eu\/tr\/wp-json\/wp\/v2\/pages\/20663\/revisions\/27891"}],"wp:attachment":[{"href":"https:\/\/ironcad.eu\/tr\/wp-json\/wp\/v2\/media?parent=20663"}],"wp:term":[{"taxonomy":"dipi_cpt_category","embeddable":true,"href":"https:\/\/ironcad.eu\/tr\/wp-json\/wp\/v2\/dipi_cpt_category?post=20663"}],"curies":[{"name":"wp","href":"https:\/\/api.w.org\/{rel}","templated":true}]}}