{"id":20851,"date":"2025-09-02T16:03:45","date_gmt":"2025-09-02T14:03:45","guid":{"rendered":"https:\/\/ironcad.eu\/sablonlar\/"},"modified":"2026-03-26T10:29:27","modified_gmt":"2026-03-26T09:29:27","slug":"sablonlar","status":"publish","type":"page","link":"https:\/\/ironcad.eu\/tr\/destek\/kaynaklar\/sablonlar\/","title":{"rendered":"\u015eablonlar"},"content":{"rendered":"<p>[et_pb_section fb_built=&#8221;1&#8243; _builder_version=&#8221;4.24.1&#8243; _module_preset=&#8221;default&#8221; global_colors_info=&#8221;{}&#8221;][et_pb_row custom_padding_last_edited=&#8221;on|desktop&#8221; admin_label=&#8221;K\u0131r\u0131nt\u0131 izi&#8221; _builder_version=&#8221;4.27.4&#8243; _module_preset=&#8221;default&#8221; custom_padding=&#8221;0rem||||false|false&#8221; custom_padding_tablet=&#8221;0rem||||false|false&#8221; custom_padding_phone=&#8221;0rem||||false|false&#8221; global_module=&#8221;11007&#8243; saved_tabs=&#8221;all&#8221; collapsed=&#8221;off&#8221; global_colors_info=&#8221;{}&#8221;][et_pb_column type=&#8221;4_4&#8243; _builder_version=&#8221;4.24.0&#8243; _module_preset=&#8221;default&#8221; global_colors_info=&#8221;{}&#8221;][et_pb_code admin_label=&#8221;Kod&#8221; _builder_version=&#8221;4.27.4&#8243; _module_preset=&#8221;default&#8221; custom_css_main_element=&#8221;font-size: .7em;||text-transform: uppercase;&#8221; global_colors_info=&#8221;{}&#8221;]<nav aria-label=\"breadcrumbs\" class=\"rank-math-breadcrumb\"><p><span class=\"last\">Home<\/span><\/p><\/nav>[\/et_pb_code][\/et_pb_column][\/et_pb_row][et_pb_row column_structure=&#8221;3_4,1_4&#8243; custom_padding_last_edited=&#8221;off|desktop&#8221; _builder_version=&#8221;4.27.4&#8243; _module_preset=&#8221;default&#8221; custom_padding=&#8221;1rem||1rem||true|false&#8221; global_colors_info=&#8221;{}&#8221;][et_pb_column type=&#8221;3_4&#8243; _builder_version=&#8221;4.24.0&#8243; _module_preset=&#8221;default&#8221; global_colors_info=&#8221;{}&#8221;][et_pb_post_title featured_image=&#8221;off&#8221; _builder_version=&#8221;4.27.4&#8243; _module_preset=&#8221;default&#8221; custom_margin=&#8221;||0px||false|false&#8221; global_colors_info=&#8221;{}&#8221;][\/et_pb_post_title][et_pb_text _builder_version=&#8221;4.27.4&#8243; _module_preset=&#8221;default&#8221; global_colors_info=&#8221;{}&#8221;]<\/p>\n<h2>Her yeni dosya i\u00e7in temel<\/h2>\n<p>\u015eablon dosyalar\u0131, her yeni projenin hemen do\u011fru ayarlara ve g\u00f6r\u00fcn\u00fcme sahip olmas\u0131n\u0131 sa\u011flar. Hem 3D&#8217;de (Sahne) hem de 2D&#8217;de (\u00c7izim) \u00f6zel \u015fablonlarla \u00e7al\u0131\u015farak ba\u015flang\u0131\u00e7lar\u0131n\u0131z\u0131 daha h\u0131zl\u0131 ve tutarl\u0131 hale getirebilirsiniz. Bu dosyalar\u0131 i\u015f arkada\u015flar\u0131n\u0131zla kolayca payla\u015fabilir veya IronCAD&#8217;in yeni s\u00fcr\u00fcmlerine yan\u0131n\u0131zda g\u00f6t\u00fcrebilirsiniz.  <\/p>\n<p>[\/et_pb_text][\/et_pb_column][et_pb_column type=&#8221;1_4&#8243; _builder_version=&#8221;4.24.0&#8243; _module_preset=&#8221;default&#8221; global_colors_info=&#8221;{}&#8221;][et_pb_icon font_icon=&#8221;&#xe059;||divi||400&#8243; icon_width=&#8221;150px&#8221; align=&#8221;center&#8221; _builder_version=&#8221;4.27.4&#8243; _module_preset=&#8221;default&#8221; global_colors_info=&#8221;{}&#8221;][\/et_pb_icon][\/et_pb_column][\/et_pb_row][et_pb_row custom_padding_last_edited=&#8221;off|desktop&#8221; admin_label=&#8221;S\u00fcr\u00fc\u015f&#8221; _builder_version=&#8221;4.27.4&#8243; _module_preset=&#8221;default&#8221; custom_padding=&#8221;0rem||0rem||false|false&#8221; custom_padding_tablet=&#8221;2rem||0rem||false|false&#8221; custom_padding_phone=&#8221;2rem||0rem||false|false&#8221; global_colors_info=&#8221;{}&#8221;][et_pb_column type=&#8221;4_4&#8243; _builder_version=&#8221;4.24.0&#8243; _module_preset=&#8221;default&#8221; global_colors_info=&#8221;{}&#8221;][et_pb_divider divider_weight=&#8221;2px&#8221; _builder_version=&#8221;4.27.4&#8243; _module_preset=&#8221;default&#8221; custom_margin=&#8221;0px||0px||true|false&#8221; custom_padding=&#8221;0px||0px||true|false&#8221; global_colors_info=&#8221;{}&#8221;][\/et_pb_divider][\/et_pb_column][\/et_pb_row][et_pb_row use_custom_gutter=&#8221;on&#8221; gutter_width=&#8221;2&#8243; custom_padding_last_edited=&#8221;off|desktop&#8221; _builder_version=&#8221;4.27.4&#8243; _module_preset=&#8221;default&#8221; custom_padding=&#8221;1rem||1rem||true|false&#8221; global_colors_info=&#8221;{}&#8221;][et_pb_column type=&#8221;4_4&#8243; _builder_version=&#8221;4.27.4&#8243; _module_preset=&#8221;default&#8221; background_color=&#8221;gcid-f52cc46c-103a-4f3e-bb71-6efb5f79ee25&#8243; custom_padding=&#8221;25px|25px|25px|25px|true|true&#8221; border_radii=&#8221;on|8px|8px|8px|8px&#8221; global_colors_info=&#8221;{%22gcid-f52cc46c-103a-4f3e-bb71-6efb5f79ee25%22:%91%22background_color%22%93}&#8221;][et_pb_text _builder_version=&#8221;4.27.4&#8243; _module_preset=&#8221;default&#8221; custom_padding=&#8221;||0px|||&#8221; global_colors_info=&#8221;{}&#8221;]<\/p>\n<h2>3D sahne<\/h2>\n<p>Bir 3D \u015fablonu, yeni 3D dosyalar\u0131n\u0131z\u0131n nas\u0131l ba\u015flayaca\u011f\u0131n\u0131 belirler. Arka plan rengi, \u00e7izgi g\u00f6r\u00fcn\u00fcm\u00fc ve Kabile se\u00e7enekleri gibi ayarlar\u0131 g\u00f6z \u00f6n\u00fcnde bulundurun. <\/p>\n<p>[\/et_pb_text][et_pb_button button_url=&#8221;https:\/\/ironcad.eu\/download\/Blue.ics&#8221; button_text=&#8221;\u015eablonu indirin&#8221; _builder_version=&#8221;4.27.4&#8243; _module_preset=&#8221;default&#8221; button_bg_color=&#8221;gcid-heading-color&#8221; button_icon=&#8221;&#xe092;||divi||400&#8243; locked=&#8221;off&#8221; global_colors_info=&#8221;{%22gcid-3421bf6d-18b2-4c4f-a72e-22b2864b9384%22:%91%22button_bg_color%22%93,%22gcid-heading-color%22:%91%22button_bg_color%22%93,%22gcid-primary-color%22:%91%22button_bg_color__hover%22%93}&#8221;][\/et_pb_button][et_pb_accordion _builder_version=&#8221;4.27.4&#8243; _module_preset=&#8221;default&#8221; global_colors_info=&#8221;{}&#8221;][et_pb_accordion_item title=&#8221;1. Ad\u0131m \u015eablonu indirin &#8221; open=&#8221;off&#8221; _builder_version=&#8221;4.27.4&#8243; _module_preset=&#8221;default&#8221; global_colors_info=&#8221;{}&#8221;]<\/p>\n<p>Yukar\u0131da bulunan \u015fablon dosyas\u0131n\u0131 kullan\u0131n. Bu dosya zaten do\u011fru ayarlar\u0131 i\u00e7ermektedir. <\/p>\n<p>[\/et_pb_accordion_item][et_pb_accordion_item title=&#8221;Ad\u0131m 2. Dosyay\u0131 uygun klas\u00f6re yerle\u015ftirin &#8221; _builder_version=&#8221;4.27.4&#8243; _module_preset=&#8221;default&#8221; global_colors_info=&#8221;{}&#8221; open=&#8221;on&#8221;]<\/p>\n<p>Dosyay\u0131 klas\u00f6re yerle\u015ftirin: <em>C:kullan\u0131c\u0131 ad\u0131 ve parola.<\/em><\/p>\n<p>B\u00f6ylece dosya varsay\u0131lan Blue.ics dosyas\u0131n\u0131n \u00fczerine yaz\u0131labilir. \u0130ste\u011fe ba\u011fl\u0131 olarak alt klas\u00f6rler de olu\u015fturabilirsiniz; bunlar se\u00e7im ekran\u0131nda sekmeler olarak g\u00f6r\u00fcn\u00fcr. <\/p>\n<p>[\/et_pb_accordion_item][et_pb_accordion_item title=&#8221;Ad\u0131m 3. Dosyay\u0131 varsay\u0131lan \u015fablon olarak ayarlay\u0131n &#8221; _builder_version=&#8221;4.27.4&#8243; _module_preset=&#8221;default&#8221; global_colors_info=&#8221;{}&#8221; open=&#8221;off&#8221;]<\/p>\n<ul>\n<li data-start=\"879\" data-end=\"900\">\n<p data-start=\"881\" data-end=\"900\"><em data-start=\"886\" data-end=\"897\">Yeni Sahne<\/em> A\u00e7.<\/p>\n<\/li>\n<li data-start=\"901\" data-end=\"941\">\n<p data-start=\"903\" data-end=\"941\">Eklenen \u015fablon dosyas\u0131n\u0131 se\u00e7in.<\/p>\n<\/li>\n<li data-start=\"942\" data-end=\"992\">\n<p data-start=\"944\" data-end=\"992\"><strong data-start=\"952\" data-end=\"989\">Se\u00e7imi Varsay\u0131lan \u015eablon Olarak Ayarla<\/strong>&#8216;ya t\u0131klay\u0131n.<\/p>\n<\/li>\n<\/ul>\n<p><img loading=\"lazy\" class=\"alignnone wp-image-14848 size-full\" src=\"https:\/\/ironcad.eu\/wp-content\/uploads\/2024\/05\/Template-menu-Scene.png\" alt=\"\" width=\"626\" height=\"539\" title=\"\" srcset=\"https:\/\/ironcad.eu\/wp-content\/uploads\/2024\/05\/Template-menu-Scene.png 626w, https:\/\/ironcad.eu\/wp-content\/uploads\/2024\/05\/Template-menu-Scene-480x413.png 480w\" sizes=\"(min-width: 0px) and (max-width: 480px) 480px, (min-width: 481px) 626px, 100vw\" \/><\/p>\n<p>Bu \u015fablon art\u0131k yeni 3D dosyalar i\u00e7in otomatik olarak kullan\u0131lmaktad\u0131r.<\/p>\n<p>[\/et_pb_accordion_item][\/et_pb_accordion][\/et_pb_column][\/et_pb_row][\/et_pb_section][et_pb_section fb_built=&#8221;1&#8243; _builder_version=&#8221;4.27.4&#8243; _module_preset=&#8221;default&#8221; global_colors_info=&#8221;{}&#8221;][et_pb_row custom_padding_last_edited=&#8221;off|desktop&#8221; admin_label=&#8221;S\u00fcr\u00fc\u015f&#8221; _builder_version=&#8221;4.27.4&#8243; _module_preset=&#8221;default&#8221; custom_padding=&#8221;0rem||0rem||false|false&#8221; custom_padding_tablet=&#8221;2rem||0rem||false|false&#8221; custom_padding_phone=&#8221;2rem||0rem||false|false&#8221; global_colors_info=&#8221;{}&#8221;][et_pb_column type=&#8221;4_4&#8243; _builder_version=&#8221;4.24.0&#8243; _module_preset=&#8221;default&#8221; global_colors_info=&#8221;{}&#8221;][et_pb_divider divider_weight=&#8221;2px&#8221; _builder_version=&#8221;4.27.4&#8243; _module_preset=&#8221;default&#8221; custom_margin=&#8221;0px||0px||true|false&#8221; custom_padding=&#8221;0px||0px||true|false&#8221; global_colors_info=&#8221;{}&#8221;][\/et_pb_divider][\/et_pb_column][\/et_pb_row][et_pb_row use_custom_gutter=&#8221;on&#8221; gutter_width=&#8221;2&#8243; custom_padding_last_edited=&#8221;off|desktop&#8221; _builder_version=&#8221;4.27.4&#8243; _module_preset=&#8221;default&#8221; custom_padding=&#8221;1rem||1rem||true|false&#8221; global_colors_info=&#8221;{}&#8221;][et_pb_column type=&#8221;4_4&#8243; _builder_version=&#8221;4.27.4&#8243; _module_preset=&#8221;default&#8221; background_color=&#8221;gcid-f52cc46c-103a-4f3e-bb71-6efb5f79ee25&#8243; custom_padding=&#8221;25px|25px|25px|25px|true|true&#8221; border_radii=&#8221;on|8px|8px|8px|8px&#8221; global_colors_info=&#8221;{%22gcid-f52cc46c-103a-4f3e-bb71-6efb5f79ee25%22:%91%22background_color%22%93}&#8221;][et_pb_text _builder_version=&#8221;4.27.4&#8243; _module_preset=&#8221;default&#8221; custom_padding=&#8221;||0px|||&#8221; global_colors_info=&#8221;{}&#8221;]<\/p>\n<h2>2D \u00e7izim \u015fablonlar\u0131<\/h2>\n<p>2D \u015fablon, \u00e7izimlerinizin temelini tan\u0131mlar. B\u00f6ylece her zaman do\u011fru sayfa d\u00fczeni, \u00e7izgi kal\u0131nl\u0131klar\u0131, projeksiyon y\u00f6ntemi ve matla\u015ft\u0131rma stilleri ile ba\u015flars\u0131n\u0131z. <\/p>\n<p>[\/et_pb_text][et_pb_button button_url=&#8221;https:\/\/ironcad.eu\/download\/A3-IronCAD-EU.icd&#8221; button_text=&#8221;\u015eablonu indirin&#8221; _builder_version=&#8221;4.27.6&#8243; _module_preset=&#8221;default&#8221; button_bg_color=&#8221;gcid-heading-color&#8221; button_icon=&#8221;&#xe092;||divi||400&#8243; locked=&#8221;off&#8221; global_colors_info=&#8221;{%22gcid-3421bf6d-18b2-4c4f-a72e-22b2864b9384%22:%91%22button_bg_color%22%93,%22gcid-heading-color%22:%91%22button_bg_color%22%93,%22gcid-primary-color%22:%91%22button_bg_color__hover%22%93}&#8221;][\/et_pb_button][et_pb_accordion _builder_version=&#8221;4.27.6&#8243; _module_preset=&#8221;default&#8221; hover_enabled=&#8221;0&#8243; global_colors_info=&#8221;{}&#8221; sticky_enabled=&#8221;0&#8243;][et_pb_accordion_item title=&#8221;1. Ad\u0131m \u015eablonu indirin &#8221; open=&#8221;off&#8221; _builder_version=&#8221;4.27.4&#8243; _module_preset=&#8221;default&#8221; global_colors_info=&#8221;{}&#8221;]<\/p>\n<p>Yukar\u0131da bulunan \u015fablon dosyas\u0131n\u0131 kullan\u0131n. Bu dosya zaten do\u011fru ayarlar\u0131 i\u00e7ermektedir. <\/p>\n<p>[\/et_pb_accordion_item][et_pb_accordion_item title=&#8221;Ad\u0131m 2. Dosyay\u0131 uygun klas\u00f6re yerle\u015ftirin &#8221; _builder_version=&#8221;4.27.4&#8243; _module_preset=&#8221;default&#8221; global_colors_info=&#8221;{}&#8221; open=&#8221;off&#8221;]<\/p>\n<p>Dosyay\u0131 klas\u00f6re yerle\u015ftirin: <em>C:\\Users\\*Gebruiker*\\AppData\\Roaming\\IronCAD\\IRONCAD\\*Versie*\\en-us\\Template\\Drawing\\ISO<\/em><br \/>Van daaruit kun je het bestand later aanpassen, bijvoorbeeld met je eigen bedrijfslogo of indeling. Yine, se\u00e7im ekran\u0131nda g\u00f6r\u00fclebilen ek alt klas\u00f6rler olu\u015fturabilirsiniz. <\/p>\n<p>[\/et_pb_accordion_item][et_pb_accordion_item title=&#8221;Ad\u0131m 3. Dosyay\u0131 varsay\u0131lan \u015fablon olarak ayarlay\u0131n &#8221; _builder_version=&#8221;4.27.6&#8243; _module_preset=&#8221;default&#8221; hover_enabled=&#8221;0&#8243; global_colors_info=&#8221;{}&#8221; open=&#8221;off&#8221; sticky_enabled=&#8221;0&#8243;]<\/p>\n<ul>\n<li data-start=\"879\" data-end=\"900\">Yeni \u00c7izim A\u00e7<\/li>\n<li data-start=\"879\" data-end=\"900\">Eklenen \u015fablon dosyas\u0131n\u0131 se\u00e7in<\/li>\n<li data-start=\"879\" data-end=\"900\">Se\u00e7imi Varsay\u0131lan \u015eablon Olarak Ayarla&#8217;ya t\u0131klay\u0131n<br \/><img loading=\"lazy\" class=\"alignnone wp-image-14852 size-full\" src=\"https:\/\/ironcad.eu\/wp-content\/uploads\/2024\/05\/Template-menu-Drawing-1-e1774517274172.png\" alt=\"\" width=\"334\" height=\"35\" title=\"\"><\/li>\n<\/ul>\n<p>Bu \u015fablon art\u0131k yeni 2D dosyalar\u0131 i\u00e7in otomatik olarak kullan\u0131l\u0131yor<\/p>\n<p>[\/et_pb_accordion_item][\/et_pb_accordion][et_pb_text _builder_version=&#8221;4.27.4&#8243; _module_preset=&#8221;default&#8221; custom_padding=&#8221;||0px|||&#8221; global_colors_info=&#8221;{}&#8221;]<\/p>\n<p><strong>Ek yard\u0131m<\/strong><br \/>Bir 2D \u015fablonu kendi ihtiya\u00e7lar\u0131n\u0131za g\u00f6re \u00f6zelle\u015ftirmek i\u00e7in <a href=\"https:\/\/ironcad.academy\/tutorial\/training-51\" target=\"_blank\" rel=\"noopener nofollow\">IronCAD Academy&#8217;deki ad\u0131m ad\u0131m videolar\u0131 izleyebilirsiniz :<\/a> <a href=\"https:\/\/ironcad.academy\/tutorial\/training-52\" target=\"_blank\" rel=\"noopener nofollow\">E\u011fitim 51 ve E\u011fitim<\/a> 52<\/p>\n<p>[\/et_pb_text][\/et_pb_column][\/et_pb_row][\/et_pb_section][et_pb_section fb_built=&#8221;1&#8243; custom_padding_last_edited=&#8221;on|desktop&#8221; _builder_version=&#8221;4.27.4&#8243; _module_preset=&#8221;default&#8221; background_color=&#8221;gcid-f52cc46c-103a-4f3e-bb71-6efb5f79ee25&#8243; custom_margin=&#8221;0px||||false|false&#8221; custom_padding_tablet=&#8221;&#8221; custom_padding_phone=&#8221;&#8221; border_color_top=&#8221;gcid-0d1a127e-4ce1-4bb0-9503-eafc35a82551&#8243; locked=&#8221;off&#8221; global_colors_info=&#8221;{%22gcid-0d1a127e-4ce1-4bb0-9503-eafc35a82551%22:%91%22border_color_top%22%93,%22gcid-f52cc46c-103a-4f3e-bb71-6efb5f79ee25%22:%91%22background_color%22%93}&#8221;][et_pb_row custom_padding_last_edited=&#8221;off|desktop&#8221; _builder_version=&#8221;4.27.4&#8243; _module_preset=&#8221;default&#8221; custom_padding=&#8221;1rem||1rem||true|false&#8221; global_colors_info=&#8221;{}&#8221;][et_pb_column type=&#8221;4_4&#8243; _builder_version=&#8221;4.27.4&#8243; _module_preset=&#8221;default&#8221; global_colors_info=&#8221;{}&#8221;][et_pb_text _builder_version=&#8221;4.27.4&#8243; _module_preset=&#8221;default&#8221; custom_padding=&#8221;||0px|||&#8221; global_colors_info=&#8221;{}&#8221;]<\/p>\n<h2 style=\"text-align: left;\">Kaynaklar<\/h2>\n<p style=\"text-align: left;\">Do\u011fru ara\u00e7larla IronCAD&#8217;de daha h\u0131zl\u0131 ve daha tutarl\u0131 \u00e7al\u0131\u015fabilirsiniz. Daha fazla kullan\u0131\u015fl\u0131 \u015fablona, temel ayarlara ve bilgi taban\u0131na bak\u0131n. <\/p>\n<p>[\/et_pb_text][\/et_pb_column][\/et_pb_row][et_pb_row column_structure=&#8221;1_3,1_3,1_3&#8243; custom_padding_last_edited=&#8221;off|desktop&#8221; admin_label=&#8221;S\u00fcr\u00fc\u015f&#8221; _builder_version=&#8221;4.27.4&#8243; _module_preset=&#8221;default&#8221; custom_padding=&#8221;1rem||1rem||true|false&#8221; global_colors_info=&#8221;{}&#8221;][et_pb_column type=&#8221;1_3&#8243; _builder_version=&#8221;4.24.0&#8243; _module_preset=&#8221;default&#8221; global_colors_info=&#8221;{}&#8221;][et_pb_icon font_icon=&#8221;&#xf61f;||fa||900&#8243; _builder_version=&#8221;4.27.4&#8243; _module_preset=&#8221;default&#8221; global_colors_info=&#8221;{}&#8221;][\/et_pb_icon][et_pb_cta title=&#8221;K\u00fct\u00fcphaneler&#8221; button_url=&#8221;@ET-DC@eyJkeW5hbWljIjp0cnVlLCJjb250ZW50IjoicG9zdF9saW5rX3VybF9wYWdlIiwic2V0dGluZ3MiOnsicG9zdF9pZCI6IjE3MTIxIn19@&#8221; button_text=&#8221;G\u00f6r\u00fcn\u00fcm&#8221; _builder_version=&#8221;4.27.6&#8243; _dynamic_attributes=&#8221;button_url&#8221; _module_preset=&#8221;default&#8221; background_color=&#8221;RGBA(255,255,255,0)&#8221; custom_button=&#8221;on&#8221; button_bg_color=&#8221;gcid-primary-color&#8221; button_custom_margin=&#8221;||||false|false&#8221; button_custom_padding=&#8221;|2rem||2rem|false|true&#8221; text_orientation=&#8221;left&#8221; background_layout=&#8221;light&#8221; custom_padding=&#8221;0px|0px|0px|0px|true|true&#8221; global_colors_info=&#8221;{%22gcid-primary-color%22:%91%22button_bg_color%22%93,%22gcid-body-color%22:%91%22button_bg_color__hover%22%93}&#8221; button_bg_color__hover_enabled=&#8221;on|hover&#8221; button_bg_color__hover=&#8221;rgba(71,71,71,0.8)&#8221; button_bg_enable_color__hover=&#8221;on&#8221;]<\/p>\n<p>K\u00fct\u00fcphaneler haz\u0131r par\u00e7alara eri\u015fmenizi sa\u011flayarak tasar\u0131m\u0131n\u0131z\u0131 daha da h\u0131zl\u0131 ve verimli hale getirir.<\/p>\n<p>[\/et_pb_cta][\/et_pb_column][et_pb_column type=&#8221;1_3&#8243; _builder_version=&#8221;4.24.0&#8243; _module_preset=&#8221;default&#8221; global_colors_info=&#8221;{}&#8221;][et_pb_icon font_icon=&#8221;&#xf085;||fa||900&#8243; _builder_version=&#8221;4.27.4&#8243; _module_preset=&#8221;default&#8221; global_colors_info=&#8221;{}&#8221;][\/et_pb_icon][et_pb_cta title=&#8221;Temel ayarlar&#8221; button_url=&#8221;https:\/\/ironcad.eu\/tr\/destek\/kaynaklar\/temel-ayarlar\/&#8221; button_text=&#8221;G\u00f6r\u00fcn\u00fcm&#8221; _builder_version=&#8221;4.27.6&#8243; _module_preset=&#8221;default&#8221; background_color=&#8221;RGBA(255,255,255,0)&#8221; custom_button=&#8221;on&#8221; button_bg_color=&#8221;gcid-primary-color&#8221; button_custom_padding=&#8221;|2rem||2rem|false|true&#8221; text_orientation=&#8221;left&#8221; background_layout=&#8221;light&#8221; custom_padding=&#8221;0px|0px|0px|0px|true|true&#8221; global_colors_info=&#8221;{%22gcid-primary-color%22:%91%22button_bg_color%22%93,%22gcid-body-color%22:%91%22button_bg_color__hover%22%93}&#8221; button_bg_color__hover_enabled=&#8221;on|hover&#8221; button_bg_color__hover=&#8221;rgba(71,71,71,0.8)&#8221; button_bg_enable_color__hover=&#8221;on&#8221;]<\/p>\n<p>\u0130yi olu\u015fturulmu\u015f temel ayarlarla daha h\u0131zl\u0131 ve daha tutarl\u0131 \u00e7al\u0131\u015f\u0131rs\u0131n\u0131z. Her yeni projede her \u015fey hemen do\u011fru \u015fekilde ayarlan\u0131r. <\/p>\n<p>[\/et_pb_cta][\/et_pb_column][et_pb_column type=&#8221;1_3&#8243; _builder_version=&#8221;4.24.0&#8243; _module_preset=&#8221;default&#8221; global_colors_info=&#8221;{}&#8221;][et_pb_icon font_icon=&#8221;&#xf19d;||fa||900&#8243; _builder_version=&#8221;4.27.4&#8243; _module_preset=&#8221;default&#8221; global_colors_info=&#8221;{}&#8221;][\/et_pb_icon][et_pb_cta title=&#8221;Bilgi taban\u0131&#8221; button_url=&#8221;https:\/\/helpdesk.dynfos.nl\/&#8221; url_new_window=&#8221;on&#8221; button_text=&#8221;G\u00f6r\u00fcn\u00fcm&#8221; _builder_version=&#8221;4.27.6&#8243; _module_preset=&#8221;default&#8221; background_color=&#8221;RGBA(255,255,255,0)&#8221; custom_button=&#8221;on&#8221; button_bg_color=&#8221;gcid-primary-color&#8221; button_custom_padding=&#8221;|2rem||2rem|false|true&#8221; text_orientation=&#8221;left&#8221; background_layout=&#8221;light&#8221; custom_padding=&#8221;0px|0px|0px|0px|true|true&#8221; global_colors_info=&#8221;{%22gcid-primary-color%22:%91%22button_bg_color%22%93,%22gcid-body-color%22:%91%22button_bg_color__hover%22%93}&#8221; button_bg_color__hover_enabled=&#8221;on|hover&#8221; button_bg_color__hover=&#8221;rgba(71,71,71,0.8)&#8221; button_bg_enable_color__hover=&#8221;on&#8221;]<\/p>\n<p>Bilgi taban\u0131nda, IronCAD&#8217;deki i\u015flevleri, ayarlar\u0131 ve \u00e7al\u0131\u015fma y\u00f6ntemlerini a\u00e7\u0131klayan makaleler bulacaks\u0131n\u0131z.<\/p>\n<p>[\/et_pb_cta][\/et_pb_column][\/et_pb_row][\/et_pb_section]<\/p>\n","protected":false},"excerpt":{"rendered":"<p>3D ve 2D i\u00e7in ak\u0131ll\u0131 \u015fablonlarla IronCAD&#8217;de daha h\u0131zl\u0131 ve daha tutarl\u0131 \u00e7al\u0131\u015f\u0131n. Her yeni proje i\u00e7in varsay\u0131lan dosyalar\u0131 kolayca indirin ve ayarlay\u0131n. <\/p>\n","protected":false},"author":2,"featured_media":0,"parent":21174,"menu_order":0,"comment_status":"closed","ping_status":"closed","template":"","meta":{"_et_pb_use_builder":"on","_et_pb_old_content":"","_et_gb_content_width":"","_improvement_type_select":"improve_an_existing","_thumb_yes_seoaic":false,"_frame_yes_seoaic":false,"seoaic_generate_description":"","seoaic_improve_instructions_prompt":"","seoaic_rollback_content_improvement":"","seoaic_idea_thumbnail_generator":"","thumbnail_generated":false,"thumbnail_generate_prompt":"","seoaic_article_description":"","footnotes":"","advanced-sidebar-menu\/link-title":"","advanced-sidebar-menu\/exclude-page":false},"dipi_cpt_category":[],"class_list":["post-20851","page","type-page","status-publish","hentry"],"_links":{"self":[{"href":"https:\/\/ironcad.eu\/tr\/wp-json\/wp\/v2\/pages\/20851","targetHints":{"allow":["GET"]}}],"collection":[{"href":"https:\/\/ironcad.eu\/tr\/wp-json\/wp\/v2\/pages"}],"about":[{"href":"https:\/\/ironcad.eu\/tr\/wp-json\/wp\/v2\/types\/page"}],"author":[{"embeddable":true,"href":"https:\/\/ironcad.eu\/tr\/wp-json\/wp\/v2\/users\/2"}],"replies":[{"embeddable":true,"href":"https:\/\/ironcad.eu\/tr\/wp-json\/wp\/v2\/comments?post=20851"}],"version-history":[{"count":5,"href":"https:\/\/ironcad.eu\/tr\/wp-json\/wp\/v2\/pages\/20851\/revisions"}],"predecessor-version":[{"id":28541,"href":"https:\/\/ironcad.eu\/tr\/wp-json\/wp\/v2\/pages\/20851\/revisions\/28541"}],"up":[{"embeddable":true,"href":"https:\/\/ironcad.eu\/tr\/wp-json\/wp\/v2\/pages\/21174"}],"wp:attachment":[{"href":"https:\/\/ironcad.eu\/tr\/wp-json\/wp\/v2\/media?parent=20851"}],"wp:term":[{"taxonomy":"dipi_cpt_category","embeddable":true,"href":"https:\/\/ironcad.eu\/tr\/wp-json\/wp\/v2\/dipi_cpt_category?post=20851"}],"curies":[{"name":"wp","href":"https:\/\/api.w.org\/{rel}","templated":true}]}}