{"id":20946,"date":"2024-02-15T11:26:06","date_gmt":"2024-02-15T10:26:06","guid":{"rendered":"https:\/\/ironcad.eu\/destek\/"},"modified":"2026-03-12T08:48:29","modified_gmt":"2026-03-12T07:48:29","slug":"destek","status":"publish","type":"page","link":"https:\/\/ironcad.eu\/tr\/destek\/","title":{"rendered":"Destek"},"content":{"rendered":"<p>[et_pb_section fb_built=&#8221;1&#8243; _builder_version=&#8221;4.24.0&#8243; _module_preset=&#8221;default&#8221; locked=&#8221;off&#8221; global_colors_info=&#8221;{}&#8221;][et_pb_row custom_padding_last_edited=&#8221;on|desktop&#8221; admin_label=&#8221;K\u0131r\u0131nt\u0131 izi&#8221; _builder_version=&#8221;4.27.4&#8243; _module_preset=&#8221;default&#8221; custom_padding=&#8221;0rem||||false|false&#8221; custom_padding_tablet=&#8221;0rem||||false|false&#8221; custom_padding_phone=&#8221;0rem||||false|false&#8221; global_module=&#8221;11007&#8243; saved_tabs=&#8221;all&#8221; collapsed=&#8221;off&#8221; global_colors_info=&#8221;{}&#8221;][et_pb_column type=&#8221;4_4&#8243; _builder_version=&#8221;4.24.0&#8243; _module_preset=&#8221;default&#8221; global_colors_info=&#8221;{}&#8221;][et_pb_code admin_label=&#8221;Kod&#8221; _builder_version=&#8221;4.27.4&#8243; _module_preset=&#8221;default&#8221; custom_css_main_element=&#8221;font-size: .7em;||text-transform: uppercase;&#8221; global_colors_info=&#8221;{}&#8221;]<nav aria-label=\"breadcrumbs\" class=\"rank-math-breadcrumb\"><p><span class=\"last\">Home<\/span><\/p><\/nav>[\/et_pb_code][\/et_pb_column][\/et_pb_row][et_pb_row _builder_version=&#8221;4.24.2&#8243; _module_preset=&#8221;default&#8221; custom_padding=&#8221;0rem||0rem||true|false&#8221; custom_padding_tablet=&#8221;2rem||1rem||false|false&#8221; custom_padding_phone=&#8221;2rem||0rem||false|false&#8221; global_colors_info=&#8221;{}&#8221;][et_pb_column type=&#8221;4_4&#8243; _builder_version=&#8221;4.24.0&#8243; _module_preset=&#8221;default&#8221; global_colors_info=&#8221;{}&#8221;][et_pb_text _builder_version=&#8221;4.24.0&#8243; _module_preset=&#8221;default&#8221; global_colors_info=&#8221;{}&#8221;]<\/p>\n<h1>Destek<\/h1>\n<p>[\/et_pb_text][\/et_pb_column][\/et_pb_row][et_pb_row column_structure=&#8221;1_4,1_4,1_4,1_4&#8243; _builder_version=&#8221;4.24.0&#8243; _module_preset=&#8221;default&#8221; locked=&#8221;off&#8221; global_colors_info=&#8221;{}&#8221;][et_pb_column type=&#8221;1_4&#8243; _builder_version=&#8221;4.24.0&#8243; _module_preset=&#8221;default&#8221; global_colors_info=&#8221;{}&#8221;][et_pb_text _builder_version=&#8221;4.27.4&#8243; _module_preset=&#8221;default&#8221; global_colors_info=&#8221;{}&#8221;]<\/p>\n<h3>Yard\u0131m Masas\u0131<\/h3>\n<p>Teknik ve \u00e7izim yard\u0131m\u0131 almak i\u00e7in bir bilet olu\u015fturun.<\/p>\n<p>[\/et_pb_text][et_pb_button button_url=&#8221;https:\/\/support.ironcad.eu\/&#8221; button_text=&#8221;Bilet olu\u015fturma&#8221; _builder_version=&#8221;4.27.4&#8243; _module_preset=&#8221;default&#8221; button_bg_color=&#8221;gcid-cec01bf0-fc62-410c-9831-380fd97d1c1b&#8221; button_icon=&#8221;&#xf02b;||fa||900&#8243; hover_enabled=&#8221;0&#8243; global_colors_info=&#8221;{%22gcid-3421bf6d-18b2-4c4f-a72e-22b2864b9384%22:%91%22button_bg_color%22,%22button_bg_color__hover%22%93,%22gcid-cec01bf0-fc62-410c-9831-380fd97d1c1b%22:%91%22button_bg_color%22%93}&#8221; button_bg_color__hover=&#8221;#474747&#8243; url_new_window=&#8221;on&#8221; sticky_enabled=&#8221;0&#8243;][\/et_pb_button][\/et_pb_column][et_pb_column type=&#8221;1_4&#8243; _builder_version=&#8221;4.24.0&#8243; _module_preset=&#8221;default&#8221; global_colors_info=&#8221;{}&#8221;][et_pb_text _builder_version=&#8221;4.27.4&#8243; _module_preset=&#8221;default&#8221; global_colors_info=&#8221;{}&#8221;]<\/p>\n<h3>Kaynaklar<\/h3>\n<p>Gerekli spesifikasyonlar\u0131 ve tavsiyeleri inceleyin.<\/p>\n<p>[\/et_pb_text][et_pb_button button_url=&#8221;@ET-DC@eyJkeW5hbWljIjp0cnVlLCJjb250ZW50IjoicG9zdF9saW5rX3VybF9wYWdlIiwic2V0dGluZ3MiOnsicG9zdF9pZCI6IjE3MTQ4In19@&#8221; button_text=&#8221;Temel \u00f6\u011feler&#8221; _builder_version=&#8221;4.27.4&#8243; _dynamic_attributes=&#8221;button_url&#8221; _module_preset=&#8221;default&#8221; button_icon=&#8221;&#x69;||divi||400&#8243; global_colors_info=&#8221;{}&#8221;][\/et_pb_button][\/et_pb_column][et_pb_column type=&#8221;1_4&#8243; _builder_version=&#8221;4.24.0&#8243; _module_preset=&#8221;default&#8221; global_colors_info=&#8221;{}&#8221;][et_pb_text _builder_version=&#8221;4.26.0&#8243; _module_preset=&#8221;default&#8221; global_colors_info=&#8221;{}&#8221;]<\/p>\n<h3>\u00dcr\u00fcn g\u00fcncellemeleri<\/h3>\n<p>IronCAD ve Para-Flex i\u00e7in t\u00fcm \u00fcr\u00fcn g\u00fcncellemelerini g\u00f6r\u00fcn.<\/p>\n<p>[\/et_pb_text][et_pb_button button_url=&#8221;@ET-DC@eyJkeW5hbWljIjp0cnVlLCJjb250ZW50IjoicG9zdF9saW5rX3VybF9wYWdlIiwic2V0dGluZ3MiOnsicG9zdF9pZCI6IjExODU3In19@&#8221; button_text=&#8221;G\u00fcncellemeleri g\u00f6r\u00fcnt\u00fcle&#8221; _builder_version=&#8221;4.27.4&#8243; _dynamic_attributes=&#8221;button_url&#8221; _module_preset=&#8221;default&#8221; button_icon=&#8221;&#xf021;||fa||900&#8243; global_colors_info=&#8221;{}&#8221;][\/et_pb_button][\/et_pb_column][et_pb_column type=&#8221;1_4&#8243; _builder_version=&#8221;4.24.0&#8243; _module_preset=&#8221;default&#8221; global_colors_info=&#8221;{}&#8221;][et_pb_text _builder_version=&#8221;4.24.2&#8243; _module_preset=&#8221;default&#8221; global_colors_info=&#8221;{}&#8221;]<\/p>\n<h3>Sistem gereksinimleri<\/h3>\n<p>Gerekli spesifikasyonlar\u0131 ve tavsiyeleri inceleyin.<a href=\"https:\/\/ironcad.eu\/tr\/destek\/sistem-gereksinimleri\/\"><\/a><\/p>\n<p>[\/et_pb_text][et_pb_button button_url=&#8221;@ET-DC@eyJkeW5hbWljIjp0cnVlLCJjb250ZW50IjoicG9zdF9saW5rX3VybF9wYWdlIiwic2V0dGluZ3MiOnsicG9zdF9pZCI6IjExODY1In19@&#8221; button_text=&#8221;Sistem gereksinimleri&#8221; _builder_version=&#8221;4.24.2&#8243; _dynamic_attributes=&#8221;button_url&#8221; _module_preset=&#8221;default&#8221; button_icon=&#8221;&#xf17a;||fa||400&#8243; global_colors_info=&#8221;{}&#8221;][\/et_pb_button][\/et_pb_column][\/et_pb_row][et_pb_row column_structure=&#8221;1_4,1_4,1_4,1_4&#8243; _builder_version=&#8221;4.27.4&#8243; _module_preset=&#8221;default&#8221; locked=&#8221;off&#8221; global_colors_info=&#8221;{}&#8221;][et_pb_column type=&#8221;1_4&#8243; _builder_version=&#8221;4.24.0&#8243; _module_preset=&#8221;default&#8221; global_colors_info=&#8221;{}&#8221;][et_pb_text _builder_version=&#8221;4.27.4&#8243; _module_preset=&#8221;default&#8221; global_colors_info=&#8221;{}&#8221;]<\/p>\n<h3>Uzaktan destek<\/h3>\n<p>Uzaktan \u00e7al\u0131\u015fan personelimizle ileti\u015fime ge\u00e7in.<\/p>\n<p>[\/et_pb_text][et_pb_button button_url=&#8221;@ET-DC@eyJkeW5hbWljIjp0cnVlLCJjb250ZW50IjoicG9zdF9saW5rX3VybF9wYWdlIiwic2V0dGluZ3MiOnsicG9zdF9pZCI6IjExOTUyIn19@&#8221; button_text=&#8221;Yard\u0131m al\u0131n&#8221; _builder_version=&#8221;4.27.4&#8243; _dynamic_attributes=&#8221;button_url&#8221; _module_preset=&#8221;default&#8221; button_bg_color=&#8221;gcid-heading-color&#8221; button_icon=&#8221;&#xf590;||fa||900&#8243; global_colors_info=&#8221;{%22gcid-3421bf6d-18b2-4c4f-a72e-22b2864b9384%22:%91%22button_bg_color%22%93,%22gcid-heading-color%22:%91%22button_bg_color%22%93,%22gcid-primary-color%22:%91%22button_bg_color__hover%22%93}&#8221;][\/et_pb_button][\/et_pb_column][et_pb_column type=&#8221;1_4&#8243; _builder_version=&#8221;4.24.0&#8243; _module_preset=&#8221;default&#8221; global_colors_info=&#8221;{}&#8221;][\/et_pb_column][et_pb_column type=&#8221;1_4&#8243; _builder_version=&#8221;4.24.0&#8243; _module_preset=&#8221;default&#8221; global_colors_info=&#8221;{}&#8221;][\/et_pb_column][et_pb_column type=&#8221;1_4&#8243; _builder_version=&#8221;4.24.0&#8243; _module_preset=&#8221;default&#8221; global_colors_info=&#8221;{}&#8221;][\/et_pb_column][\/et_pb_row][\/et_pb_section][et_pb_section fb_built=&#8221;1&#8243; _builder_version=&#8221;4.27.4&#8243; _module_preset=&#8221;default&#8221; background_color=&#8221;gcid-f52cc46c-103a-4f3e-bb71-6efb5f79ee25&#8243; global_colors_info=&#8221;{%22gcid-f52cc46c-103a-4f3e-bb71-6efb5f79ee25%22:%91%22background_color%22%93}&#8221;][et_pb_row column_structure=&#8221;3_4,1_4&#8243; custom_padding_last_edited=&#8221;off|desktop&#8221; _builder_version=&#8221;4.27.4&#8243; _module_preset=&#8221;default&#8221; custom_padding=&#8221;1rem||1rem||true|false&#8221; global_colors_info=&#8221;{}&#8221;][et_pb_column type=&#8221;3_4&#8243; _builder_version=&#8221;4.27.4&#8243; _module_preset=&#8221;default&#8221; global_colors_info=&#8221;{}&#8221;][et_pb_text _builder_version=&#8221;4.24.2&#8243; _module_preset=&#8221;default&#8221; global_colors_info=&#8221;{}&#8221;]<\/p>\n<h3>FAQ<\/h3>\n<p>IronCAD ve uzant\u0131lar\u0131 hakk\u0131nda t\u00fcm s\u0131k sorulan sorular\u0131 g\u00f6r\u00fcnt\u00fcleyin.<\/p>\n<p>[\/et_pb_text][\/et_pb_column][et_pb_column type=&#8221;1_4&#8243; _builder_version=&#8221;4.27.4&#8243; _module_preset=&#8221;default&#8221; global_colors_info=&#8221;{}&#8221;][et_pb_button button_url=&#8221;@ET-DC@eyJkeW5hbWljIjp0cnVlLCJjb250ZW50IjoicG9zdF9saW5rX3VybF9wYWdlIiwic2V0dGluZ3MiOnsicG9zdF9pZCI6IjExODY5In19@&#8221; button_text=&#8221;T\u00fcm SSS&apos;leri g\u00f6r\u00fcnt\u00fcleyin&#8221; _builder_version=&#8221;4.27.4&#8243; _dynamic_attributes=&#8221;button_url&#8221; _module_preset=&#8221;default&#8221; button_icon=&#8221;&#xe065;||divi||400&#8243; global_colors_info=&#8221;{}&#8221;][\/et_pb_button][\/et_pb_column][\/et_pb_row][et_pb_row _builder_version=&#8221;4.27.4&#8243; _module_preset=&#8221;default&#8221; global_colors_info=&#8221;{}&#8221;][et_pb_column type=&#8221;4_4&#8243; _builder_version=&#8221;4.27.4&#8243; _module_preset=&#8221;default&#8221; global_colors_info=&#8221;{}&#8221;][dipi_faq faq_categories=&#8221;74,75,78&#8243; faq_order_by=&#8221;ID&#8221; faq_layout=&#8221;accordion&#8221; title_background_closed=&#8221;#FFFFFF&#8221; content_background_closed=&#8221;RGBA(255,255,255,0)&#8221; _builder_version=&#8221;4.27.4&#8243; _module_preset=&#8221;default&#8221; background_color=&#8221;RGBA(255,255,255,0)&#8221; global_colors_info=&#8221;{}&#8221;][\/dipi_faq][\/et_pb_column][\/et_pb_row][\/et_pb_section]<\/p>\n","protected":false},"excerpt":{"rendered":"<p><nav aria-label=\"breadcrumbs\" class=\"rank-math-breadcrumb\"><p><span class=\"last\">Home<\/span><\/p><\/nav>DestekYard\u0131m Masas\u0131 Teknik ve \u00e7izim yard\u0131m\u0131 almak i\u00e7in bir bilet olu\u015fturun.Kaynaklar Gerekli spesifikasyonlar\u0131 ve tavsiyeleri inceleyin.\u00dcr\u00fcn g\u00fcncellemeleri IronCAD ve Para-Flex i\u00e7in t\u00fcm \u00fcr\u00fcn g\u00fcncellemelerini g\u00f6r\u00fcn.Sistem gereksinimleri Gerekli spesifikasyonlar\u0131 ve tavsiyeleri inceleyin.Uzaktan destek Uzaktan \u00e7al\u0131\u015fan personelimizle ileti\u015fime ge\u00e7in.FAQ IronCAD ve uzant\u0131lar\u0131 hakk\u0131nda t\u00fcm s\u0131k sorulan sorular\u0131 g\u00f6r\u00fcnt\u00fcleyin.<div class=\"et_pb_module dipi_faq dipi_faq_0\">\n\t\t\t\t\n\t\t\t\t\n\t\t\t\t\n\t\t\t\t\n\t\t\t\t\n\t\t\t\t\n\t\t\t\t<div class=\"et_pb_module_inner\">\n\t\t\t\t\t<div class=\"dipi-faq-wrapper dipi-faq-accordion loading \" style=\"display: none;\" data-config=\"{&quot;layout&quot;:&quot;accordion&quot;,&quot;close_all&quot;:true}\">\n\t\t\t\t<script type=\"application\/ld+json\">{\"@context\":\"https:\\\/\\\/schema.org\",\"@type\":\"FAQPage\",\"@id\":false,\"mainEntity\":[{\"@type\":\"Question\",\"name\":\"Ekran kart\\u0131m IronCAD ile uyumlu mu?\",\"acceptedAnswer\":{\"@type\":\"Answer\",\"text\":\"<p>Prensip olarak, herhangi bir ekran kart\\u0131 IronCAD ile \\u00e7al\\u0131\\u015facakt\\u0131r. Ancak, performans b\\u00fcy\\u00fck \\u00f6l\\u00e7\\u00fcde kart\\u0131n i\\u015flem g\\u00fcc\\u00fcne ba\\u011fl\\u0131d\\u0131r. En iyi deneyim i\\u00e7in NVIDIA Quadro ekran kartlar\\u0131n\\u0131 \\u00f6neriyoruz.  <\\\/p>\\n\"}},{\"@type\":\"Question\",\"name\":\"IronCAD deste\\u011fine ne zaman ula\\u015fabilirim?\",\"acceptedAnswer\":{\"@type\":\"Answer\",\"text\":\"<p>IronCAD i\\u00e7in destek <a href=\\\"https:\\\/\\\/helpdesk.dynfos.nl\\\/\\\" target=\\\"_blank\\\" rel=\\\"noopener nofollow\\\">, kolayca bilet olu\\u015fturabilece\\u011finiz yard\\u0131m masas\\u0131 portal\\u0131m\\u0131z<\\\/a> arac\\u0131l\\u0131\\u011f\\u0131yla sa\\u011flan\\u0131r. Acil konular i\\u00e7in, bayinizin ileti\\u015fim sayfas\\u0131nda listelenen numara arac\\u0131l\\u0131\\u011f\\u0131yla bizimle telefonla ileti\\u015fime ge\\u00e7ebilirsiniz. <\\\/p>\\n\"}},{\"@type\":\"Question\",\"name\":\"Armor Advantage destek s\\u00f6zle\\u015fmesi neleri kapsar?\",\"acceptedAnswer\":{\"@type\":\"Answer\",\"text\":\"<p>Armor Advantage s\\u00f6zle\\u015fmesi hem teknik hem de \\u00e7izim deste\\u011fi sunar. IronCAD i\\u00e7in en son g\\u00fcncellemeleri ve y\\u00fckseltmeleri al\\u0131rs\\u0131n\\u0131z ve ek bir evde \\u00e7al\\u0131\\u015fma lisans\\u0131na eri\\u015fim elde edersiniz. Bu s\\u00f6zle\\u015fme, her zaman en g\\u00fcncel yaz\\u0131l\\u0131mla \\u00e7al\\u0131\\u015fman\\u0131z\\u0131 ve sorular\\u0131n\\u0131z veya sorunlar\\u0131n\\u0131z oldu\\u011funda an\\u0131nda destek alman\\u0131z\\u0131 sa\\u011flar.  <\\\/p>\\n\"}},{\"@type\":\"Question\",\"name\":\"Bilgisayar\\u0131m IronCAD ile uyumlu mu?\",\"acceptedAnswer\":{\"@type\":\"Answer\",\"text\":\"<p>Bilgisayar\\u0131n\\u0131z\\u0131n IronCAD i\\u00e7in uygun olup olmad\\u0131\\u011f\\u0131 kulland\\u0131\\u011f\\u0131n\\u0131z donan\\u0131m ve yaz\\u0131l\\u0131ma ba\\u011fl\\u0131d\\u0131r. Bilgisayar\\u0131n\\u0131z\\u0131n uygun olup olmad\\u0131\\u011f\\u0131n\\u0131 g\\u00f6rmek <a href=\\\"https:\\\/\\\/ironcad.eu\\\/tr\\\/destek\\\/sistem-gereksinimleri\\\/\\\">i\\u00e7in sistem gereksinimlerini <\\\/a>kontrol edin. <\\\/p>\\n\"}},{\"@type\":\"Question\",\"name\":\"Ayarlar\\u0131m\\u0131 IronCAD'in yeni bir s\\u00fcr\\u00fcm\\u00fcne nas\\u0131l kopyalayabilirim?\",\"acceptedAnswer\":{\"@type\":\"Answer\",\"text\":\"<p>Ayarlar\\u0131n\\u0131z\\u0131 kolayca IronCAD&#8217;in yeni bir s\\u00fcr\\u00fcm\\u00fcne ta\\u015f\\u0131yabilirsiniz. A\\u015fa\\u011f\\u0131daki video, ayarlar\\u0131n nas\\u0131l d\\u0131\\u015fa ve i\\u00e7e aktar\\u0131laca\\u011f\\u0131n\\u0131 ad\\u0131m ad\\u0131m a\\u00e7\\u0131klamaktad\\u0131r. <\\\/p>\\n<p><iframe loading=\\\"lazy\\\" title=\\\"Exporteer instellingen naar een nieuwe versie van IronCAD\\\" width=\\\"1080\\\" height=\\\"608\\\" src=\\\"https:\\\/\\\/www.youtube.com\\\/embed\\\/KZskFGXH524?feature=oembed\\\"  allow=\\\"accelerometer; autoplay; clipboard-write; encrypted-media; gyroscope; picture-in-picture; web-share\\\" referrerpolicy=\\\"strict-origin-when-cross-origin\\\" allowfullscreen><\\\/iframe><\\\/p>\\n\"}},{\"@type\":\"Question\",\"name\":\"IronCAD'den en son g\\u00fcncellemeleri nas\\u0131l alabilirim?\",\"acceptedAnswer\":{\"@type\":\"Answer\",\"text\":\"<p>Ge\\u00e7erli bir Armor Advantage destek s\\u00f6zle\\u015fmesi ile her zaman IronCAD&#8217;in en son g\\u00fcncellemelerini ve y\\u00fckseltmelerini al\\u0131rs\\u0131n\\u0131z. Bu \\u015fekilde, s\\u00fcrekli olarak yaz\\u0131l\\u0131m\\u0131n en g\\u00fcncel ve kararl\\u0131 s\\u00fcr\\u00fcm\\u00fcyle \\u00e7al\\u0131\\u015f\\u0131rs\\u0131n\\u0131z. <\\\/p>\\n\"}}]}<\/script><div class=\"dipi-faq-entry\" data-entry-number=\"0\">\n                        <div class=\"dipi-faq-title\"><i class=\"dipi-faq-icon-open\">&#x3a;<\/i>\n                                    <i class=\"dipi-faq-icon-closed\">;<\/i><h2>Ekran kart\u0131m IronCAD ile uyumlu mu?<\/h2><\/div>\n                        <div class=\"dipi-faq-content\"><p>Prensip olarak, herhangi bir ekran kart\u0131 IronCAD ile \u00e7al\u0131\u015facakt\u0131r. Ancak, performans b\u00fcy\u00fck \u00f6l\u00e7\u00fcde kart\u0131n i\u015flem g\u00fcc\u00fcne ba\u011fl\u0131d\u0131r. En iyi deneyim i\u00e7in NVIDIA Quadro ekran kartlar\u0131n\u0131 \u00f6neriyoruz.  <\/p>\n<\/div>\n                    <\/div><div class=\"dipi-faq-entry\" data-entry-number=\"1\">\n                        <div class=\"dipi-faq-title\"><i class=\"dipi-faq-icon-open\">&#x3a;<\/i>\n                                    <i class=\"dipi-faq-icon-closed\">;<\/i><h2>IronCAD deste\u011fine ne zaman ula\u015fabilirim?<\/h2><\/div>\n                        <div class=\"dipi-faq-content\"><p>IronCAD i\u00e7in destek <a href=\"https:\/\/helpdesk.dynfos.nl\/\" target=\"_blank\" rel=\"noopener nofollow\">, kolayca bilet olu\u015fturabilece\u011finiz yard\u0131m masas\u0131 portal\u0131m\u0131z<\/a> arac\u0131l\u0131\u011f\u0131yla sa\u011flan\u0131r. Acil konular i\u00e7in, bayinizin ileti\u015fim sayfas\u0131nda listelenen numara arac\u0131l\u0131\u011f\u0131yla bizimle telefonla ileti\u015fime ge\u00e7ebilirsiniz. <\/p>\n<\/div>\n                    <\/div><div class=\"dipi-faq-entry\" data-entry-number=\"2\">\n                        <div class=\"dipi-faq-title\"><i class=\"dipi-faq-icon-open\">&#x3a;<\/i>\n                                    <i class=\"dipi-faq-icon-closed\">;<\/i><h2>Armor Advantage destek s\u00f6zle\u015fmesi neleri kapsar?<\/h2><\/div>\n                        <div class=\"dipi-faq-content\"><p>Armor Advantage s\u00f6zle\u015fmesi hem teknik hem de \u00e7izim deste\u011fi sunar. IronCAD i\u00e7in en son g\u00fcncellemeleri ve y\u00fckseltmeleri al\u0131rs\u0131n\u0131z ve ek bir evde \u00e7al\u0131\u015fma lisans\u0131na eri\u015fim elde edersiniz. Bu s\u00f6zle\u015fme, her zaman en g\u00fcncel yaz\u0131l\u0131mla \u00e7al\u0131\u015fman\u0131z\u0131 ve sorular\u0131n\u0131z veya sorunlar\u0131n\u0131z oldu\u011funda an\u0131nda destek alman\u0131z\u0131 sa\u011flar.  <\/p>\n<\/div>\n                    <\/div><div class=\"dipi-faq-entry\" data-entry-number=\"3\">\n                        <div class=\"dipi-faq-title\"><i class=\"dipi-faq-icon-open\">&#x3a;<\/i>\n                                    <i class=\"dipi-faq-icon-closed\">;<\/i><h2>Bilgisayar\u0131m IronCAD ile uyumlu mu?<\/h2><\/div>\n                        <div class=\"dipi-faq-content\"><p>Bilgisayar\u0131n\u0131z\u0131n IronCAD i\u00e7in uygun olup olmad\u0131\u011f\u0131 kulland\u0131\u011f\u0131n\u0131z donan\u0131m ve yaz\u0131l\u0131ma ba\u011fl\u0131d\u0131r. Bilgisayar\u0131n\u0131z\u0131n uygun olup olmad\u0131\u011f\u0131n\u0131 g\u00f6rmek <a href=\"https:\/\/ironcad.eu\/tr\/destek\/sistem-gereksinimleri\/\">i\u00e7in sistem gereksinimlerini <\/a>kontrol edin. <\/p>\n<\/div>\n                    <\/div><div class=\"dipi-faq-entry\" data-entry-number=\"4\">\n                        <div class=\"dipi-faq-title\"><i class=\"dipi-faq-icon-open\">&#x3a;<\/i>\n                                    <i class=\"dipi-faq-icon-closed\">;<\/i><h2>Ayarlar\u0131m\u0131 IronCAD'in yeni bir s\u00fcr\u00fcm\u00fcne nas\u0131l kopyalayabilirim?<\/h2><\/div>\n                        <div class=\"dipi-faq-content\"><p>Ayarlar\u0131n\u0131z\u0131 kolayca IronCAD&#8217;in yeni bir s\u00fcr\u00fcm\u00fcne ta\u015f\u0131yabilirsiniz. A\u015fa\u011f\u0131daki video, ayarlar\u0131n nas\u0131l d\u0131\u015fa ve i\u00e7e aktar\u0131laca\u011f\u0131n\u0131 ad\u0131m ad\u0131m a\u00e7\u0131klamaktad\u0131r. <\/p>\n<p><iframe loading=\"lazy\" title=\"Exporteer instellingen naar een nieuwe versie van IronCAD\" width=\"1080\" height=\"608\" src=\"https:\/\/www.youtube.com\/embed\/KZskFGXH524?feature=oembed\"  allow=\"accelerometer; autoplay; clipboard-write; encrypted-media; gyroscope; picture-in-picture; web-share\" referrerpolicy=\"strict-origin-when-cross-origin\" allowfullscreen><\/iframe><\/p>\n<\/div>\n                    <\/div><div class=\"dipi-faq-entry\" data-entry-number=\"5\">\n                        <div class=\"dipi-faq-title\"><i class=\"dipi-faq-icon-open\">&#x3a;<\/i>\n                                    <i class=\"dipi-faq-icon-closed\">;<\/i><h2>IronCAD'den en son g\u00fcncellemeleri nas\u0131l alabilirim?<\/h2><\/div>\n                        <div class=\"dipi-faq-content\"><p>Ge\u00e7erli bir Armor Advantage destek s\u00f6zle\u015fmesi ile her zaman IronCAD&#8217;in en son g\u00fcncellemelerini ve y\u00fckseltmelerini al\u0131rs\u0131n\u0131z. Bu \u015fekilde, s\u00fcrekli olarak yaz\u0131l\u0131m\u0131n en g\u00fcncel ve kararl\u0131 s\u00fcr\u00fcm\u00fcyle \u00e7al\u0131\u015f\u0131rs\u0131n\u0131z. <\/p>\n<\/div>\n                    <\/div>\n\t\t\t<\/div>\n\t\t\t\t<\/div>\n\t\t\t<\/div><\/p>\n","protected":false},"author":1,"featured_media":20957,"parent":0,"menu_order":18,"comment_status":"closed","ping_status":"closed","template":"","meta":{"_et_pb_use_builder":"on","_et_pb_old_content":"","_et_gb_content_width":"","_improvement_type_select":"improve_an_existing","_thumb_yes_seoaic":false,"_frame_yes_seoaic":false,"seoaic_generate_description":"","seoaic_improve_instructions_prompt":"","seoaic_rollback_content_improvement":"","seoaic_idea_thumbnail_generator":"","thumbnail_generated":false,"thumbnail_generate_prompt":"","seoaic_article_description":"","footnotes":"","advanced-sidebar-menu\/link-title":"","advanced-sidebar-menu\/exclude-page":false},"dipi_cpt_category":[],"class_list":["post-20946","page","type-page","status-publish","has-post-thumbnail","hentry"],"_links":{"self":[{"href":"https:\/\/ironcad.eu\/tr\/wp-json\/wp\/v2\/pages\/20946","targetHints":{"allow":["GET"]}}],"collection":[{"href":"https:\/\/ironcad.eu\/tr\/wp-json\/wp\/v2\/pages"}],"about":[{"href":"https:\/\/ironcad.eu\/tr\/wp-json\/wp\/v2\/types\/page"}],"author":[{"embeddable":true,"href":"https:\/\/ironcad.eu\/tr\/wp-json\/wp\/v2\/users\/1"}],"replies":[{"embeddable":true,"href":"https:\/\/ironcad.eu\/tr\/wp-json\/wp\/v2\/comments?post=20946"}],"version-history":[{"count":0,"href":"https:\/\/ironcad.eu\/tr\/wp-json\/wp\/v2\/pages\/20946\/revisions"}],"wp:featuredmedia":[{"embeddable":true,"href":"https:\/\/ironcad.eu\/tr\/wp-json\/wp\/v2\/media\/20957"}],"wp:attachment":[{"href":"https:\/\/ironcad.eu\/tr\/wp-json\/wp\/v2\/media?parent=20946"}],"wp:term":[{"taxonomy":"dipi_cpt_category","embeddable":true,"href":"https:\/\/ironcad.eu\/tr\/wp-json\/wp\/v2\/dipi_cpt_category?post=20946"}],"curies":[{"name":"wp","href":"https:\/\/api.w.org\/{rel}","templated":true}]}}