{"id":21001,"date":"2024-03-12T16:38:15","date_gmt":"2024-03-12T15:38:15","guid":{"rendered":"https:\/\/ironcad.eu\/gizlilik-beyani\/"},"modified":"2026-02-11T15:22:56","modified_gmt":"2026-02-11T14:22:56","slug":"gizlilik-beyani","status":"publish","type":"page","link":"https:\/\/ironcad.eu\/tr\/gizlilik-beyani\/","title":{"rendered":"Gizlilik beyan\u0131"},"content":{"rendered":"<p>[et_pb_section fb_built=&#8221;1&#8243; _builder_version=&#8221;4.24.0&#8243; _module_preset=&#8221;default&#8221; locked=&#8221;off&#8221; global_colors_info=&#8221;{}&#8221;][et_pb_row custom_padding_last_edited=&#8221;on|desktop&#8221; admin_label=&#8221;K\u0131r\u0131nt\u0131 izi&#8221; _builder_version=&#8221;4.26.0&#8243; _module_preset=&#8221;default&#8221; custom_padding=&#8221;0rem||||false|false&#8221; custom_padding_tablet=&#8221;0rem||||false|false&#8221; custom_padding_phone=&#8221;0rem||||false|false&#8221; global_module=&#8221;11007&#8243; saved_tabs=&#8221;all&#8221; collapsed=&#8221;off&#8221; global_colors_info=&#8221;{}&#8221;][et_pb_column type=&#8221;4_4&#8243; _builder_version=&#8221;4.24.0&#8243; _module_preset=&#8221;default&#8221; global_colors_info=&#8221;{}&#8221;][et_pb_code admin_label=&#8221;Kod&#8221; _builder_version=&#8221;4.24.1&#8243; _module_preset=&#8221;default&#8221; custom_css_main_element=&#8221;font-size: .7em;||text-transform: uppercase;&#8221; global_colors_info=&#8221;{}&#8221;]<nav aria-label=\"breadcrumbs\" class=\"rank-math-breadcrumb\"><p><span class=\"last\">Home<\/span><\/p><\/nav>[\/et_pb_code][\/et_pb_column][\/et_pb_row][et_pb_row _builder_version=&#8221;4.24.0&#8243; _module_preset=&#8221;default&#8221; custom_padding=&#8221;0rem||0rem||true|false&#8221; custom_padding_tablet=&#8221;2rem||1rem||false|false&#8221; custom_padding_phone=&#8221;2rem||0rem||false|false&#8221; global_colors_info=&#8221;{}&#8221;][et_pb_column type=&#8221;4_4&#8243; _builder_version=&#8221;4.24.0&#8243; _module_preset=&#8221;default&#8221; global_colors_info=&#8221;{}&#8221;][et_pb_text _builder_version=&#8221;4.27.4&#8243; _module_preset=&#8221;default&#8221; custom_margin=&#8221;||0px|||&#8221; hover_enabled=&#8221;0&#8243; global_colors_info=&#8221;{}&#8221; sticky_enabled=&#8221;0&#8243;]<\/p>\n<h1>Gizlilik beyan\u0131<\/h1>\n<p>Son g\u00fcncelleme: Ekim 2025<\/p>\n<p><strong>\u0130leti\u015fim bilgileri:<br \/><\/strong>IronCAD Europe<br \/>James Wattstraat 1<br \/>7442 DC NIJVERDAL<br \/>+31548622247<\/p>\n<p>Gizlili\u011finiz bizim i\u00e7in \u00f6nemlidir. Bu gizlilik bildirimi, IronCAD Europe&#8217;un sizinle olan etkile\u015fimlerimiz ve web sitemiz arac\u0131l\u0131\u011f\u0131yla sizden hangi ki\u015fisel bilgileri toplad\u0131\u011f\u0131n\u0131 ve bu bilgileri nas\u0131l kulland\u0131\u011f\u0131m\u0131z\u0131 a\u00e7\u0131klamaktad\u0131r. <\/p>\n<h2>\u0130\u015fledi\u011fimiz ki\u015fisel veriler<\/h2>\n<p>IronCAD Europe, hizmetlerimizi kulland\u0131\u011f\u0131n\u0131z ve\/veya bize kendiniz sa\u011flad\u0131\u011f\u0131n\u0131z i\u00e7in ki\u015fisel verilerinizi i\u015fler.<\/p>\n<p><strong data-start=\"1193\" data-end=\"1248\">\u0130\u015fledi\u011fimiz ki\u015fisel veri \u00f6rnekleri:<\/strong><\/p>\n<ul>\n<li>Ad\u0131 ve soyad\u0131<\/li>\n<li>Cinsiyet<\/li>\n<li>Do\u011fum tarihi ve yeri<\/li>\n<li>Adres bilgileri<\/li>\n<li>Telefon numaras\u0131 ve e-posta adresi<\/li>\n<li>Aktif olarak sa\u011flad\u0131\u011f\u0131n\u0131z di\u011fer veriler, \u00f6rne\u011fin bir hesap olu\u015fturarak veya yaz\u0131\u015fmalarda<\/li>\n<li>Konum ayr\u0131nt\u0131lar\u0131<\/li>\n<li>Web sitemizdeki faaliyetleriniz hakk\u0131nda veriler<\/li>\n<li>\u0130nternet taray\u0131c\u0131s\u0131 ve cihaz t\u00fcr\u00fc<\/li>\n<li>Banka hesap numaras\u0131<\/li>\n<\/ul>\n<h2>\u0130\u015fledi\u011fimiz \u00f6zel ve\/veya hassas ki\u015fisel veriler<\/h2>\n<p>\u00d6zel ki\u015fisel verileri yaln\u0131zca kesinlikle gerekli oldu\u011funda i\u015fliyoruz.<br \/>Web sitemiz ve hizmetlerimiz 16 ya\u015f\u0131n alt\u0131ndaki \u00e7ocuklar\u0131 hedeflememektedir. Ebeveyn izni olmadan veri toplad\u0131\u011f\u0131m\u0131zdan \u015f\u00fcpheleniyorsan\u0131z, l\u00fctfen info@ironcad.eu adresinden bizimle ileti\u015fime ge\u00e7in ve bu bilgileri silelim. <\/p>\n<h2>Ki\u015fisel verileri hangi ama\u00e7la ve neye dayanarak i\u015fliyoruz?<\/h2>\n<p>IronCAD Europe ki\u015fisel verilerinizi a\u015fa\u011f\u0131daki ama\u00e7larla i\u015fler:<\/p>\n<ul>\n<li>\u00d6demelerin ger\u00e7ekle\u015ftirilmesi<\/li>\n<li>Haber b\u00fcltenlerinin ve\/veya pazarlama ileti\u015fimlerinin g\u00f6nderilmesi (onay al\u0131nd\u0131ktan sonra)<\/li>\n<li>Hizmetlerimiz i\u00e7in gerekti\u011finde sizi arayabilmek veya e-posta g\u00f6nderebilmek<\/li>\n<li>Hizmetlerimiz ve \u00fcr\u00fcnlerimizdeki de\u011fi\u015fiklikler hakk\u0131nda sizi bilgilendirmek<\/li>\n<li>Bir hesap olu\u015fturman\u0131za izin vermek<\/li>\n<li>Mal ve hizmetlerin sa\u011flanmas\u0131<\/li>\n<li>Hizmetlerimizi iyile\u015ftirmek i\u00e7in web sitesindeki davran\u0131\u015flar\u0131 analiz etmek<\/li>\n<li>Yasal y\u00fck\u00fcml\u00fcl\u00fcklerin yerine getirilmesi (vergi d\u00fczenlemeleri gibi)<\/li>\n<\/ul>\n<p>Sizi \u00f6nemli \u00f6l\u00e7\u00fcde etkileyen otomatik i\u015flemeye dayal\u0131 kararlar almay\u0131z.<\/p>\n<h2>Saklama s\u00fcreleri<\/h2>\n<p>Verilerinizi kesinlikle gerekli olandan daha uzun s\u00fcre saklam\u0131yoruz. \u00d6rnekler: <\/p>\n<ul>\n<li>Hesaplar ve formlar: veriler siz kendiniz silene veya talepte bulunana kadar saklanacakt\u0131r.<\/li>\n<li>\u0130statistiksel veriler: Google Analytics kullan\u0131yoruz. Burada IP adresleri anonimle\u015ftirilir ve Google ile bir i\u015fleme anla\u015fmas\u0131 yap\u0131l\u0131r. Veriler en fazla 14 ay s\u00fcreyle saklan\u0131r.  <\/li>\n<\/ul>\n<h2>Ki\u015fisel verilerin \u00fc\u00e7\u00fcnc\u00fc taraflarla payla\u015f\u0131lmas\u0131<\/h2>\n<p>Verilerinizi \u00fc\u00e7\u00fcnc\u00fc taraflara satm\u0131yoruz ve yaln\u0131zca s\u00f6zle\u015fmemizin ifas\u0131 veya yasal y\u00fck\u00fcml\u00fcl\u00fcklere uymak i\u00e7in gerekli oldu\u011funda sa\u011fl\u0131yoruz. Bizim ad\u0131m\u0131za veri i\u015fleyen taraflarla i\u015fleme anla\u015fmalar\u0131 yapar\u0131z. <\/p>\n<p>Baz\u0131 \u00fcr\u00fcnlerimizin veya web sitelerimizin kendi gizlilik politikalar\u0131na sahip \u00fc\u00e7\u00fcnc\u00fc taraf hizmetlerine ba\u011flant\u0131lar i\u00e7erdi\u011fini l\u00fctfen unutmay\u0131n.<\/p>\n<h2>\u00c7erezler<\/h2>\n<p>IronCAD Europe i\u015flevsel, analitik ve izleme \u00e7erezleri kullan\u0131r. \u00c7erezler, web sitesinin d\u00fczg\u00fcn \u00e7al\u0131\u015fmas\u0131n\u0131 ve tercihlerin hat\u0131rlanmas\u0131n\u0131 sa\u011flar. <\/p>\n<h2>Sizin haklar\u0131n\u0131z<\/h2>\n<p>Buna hakk\u0131n\u0131z var:<\/p>\n<ul>\n<li>Verilerinizi g\u00f6r\u00fcnt\u00fcleme, d\u00fczeltme veya silme<\/li>\n<li>\u0130\u015flemeye itiraz<\/li>\n<li>Geri \u00e7ekilme onay\u0131<\/li>\n<li>Verilerinizin aktar\u0131lmas\u0131n\u0131 sa\u011flama (veri ta\u015f\u0131nabilirli\u011fi)<\/li>\n<\/ul>\n<p>L\u00fctfen info@ironcad.eu adresine bir talep g\u00f6nderin. Talebinize 4 hafta i\u00e7inde yan\u0131t verece\u011fiz. <\/p>\n<p>Kimli\u011finiz hakk\u0131nda \u015f\u00fcphe duymam\u0131z halinde, kimli\u011finizin bir kopyas\u0131n\u0131 (foto\u011fraf\u0131n\u0131z, MRZ, pasaport numaran\u0131z ve BSN korumal\u0131) g\u00f6ndermenizi isteyebiliriz.<\/p>\n<p>Ki\u015fisel Veriler Kurumu&#8217;na da \u015fikayette bulunabilirsiniz: https:\/\/autoriteitpersoonsgegevens.nl<\/p>\n<h2>G\u00fcvenlik<\/h2>\n<p>IronCAD Europe, k\u00f6t\u00fcye kullan\u0131m\u0131, kayb\u0131, yetkisiz eri\u015fimi ve yetkisiz de\u011fi\u015fiklikleri \u00f6nlemek i\u00e7in uygun \u00f6nlemleri al\u0131r. Verilerinizin uygun \u015fekilde g\u00fcvence alt\u0131na al\u0131nmad\u0131\u011f\u0131n\u0131 d\u00fc\u015f\u00fcn\u00fcyorsan\u0131z veya k\u00f6t\u00fcye kullan\u0131m belirtileri varsa, l\u00fctfen info@ironcad.eu adresinden bizimle ileti\u015fime ge\u00e7in. <\/p>\n<p>[\/et_pb_text][\/et_pb_column][\/et_pb_row][\/et_pb_section]<\/p>\n","protected":false},"excerpt":{"rendered":"<p><nav aria-label=\"breadcrumbs\" class=\"rank-math-breadcrumb\"><p><span class=\"last\">Home<\/span><\/p><\/nav>Gizlilik beyan\u0131 Son g\u00fcncelleme: Ekim 2025 \u0130leti\u015fim bilgileri:IronCAD EuropeJames Wattstraat 17442 DC NIJVERDAL+31548622247 Gizlili\u011finiz bizim i\u00e7in \u00f6nemlidir. Bu gizlilik bildirimi, IronCAD Europe&#8217;un sizinle olan etkile\u015fimlerimiz ve web sitemiz arac\u0131l\u0131\u011f\u0131yla sizden hangi ki\u015fisel bilgileri toplad\u0131\u011f\u0131n\u0131 ve bu bilgileri nas\u0131l kulland\u0131\u011f\u0131m\u0131z\u0131 a\u00e7\u0131klamaktad\u0131r. \u0130\u015fledi\u011fimiz ki\u015fisel veriler IronCAD Europe, hizmetlerimizi kulland\u0131\u011f\u0131n\u0131z ve\/veya bize kendiniz sa\u011flad\u0131\u011f\u0131n\u0131z i\u00e7in ki\u015fisel verilerinizi i\u015fler. [&hellip;]<\/p>\n","protected":false},"author":2,"featured_media":0,"parent":0,"menu_order":0,"comment_status":"closed","ping_status":"closed","template":"","meta":{"_et_pb_use_builder":"on","_et_pb_old_content":"","_et_gb_content_width":"","_improvement_type_select":"improve_an_existing","_thumb_yes_seoaic":false,"_frame_yes_seoaic":false,"seoaic_generate_description":"","seoaic_improve_instructions_prompt":"","seoaic_rollback_content_improvement":"","seoaic_idea_thumbnail_generator":"","thumbnail_generated":false,"thumbnail_generate_prompt":"","seoaic_article_description":"","footnotes":"","advanced-sidebar-menu\/link-title":"","advanced-sidebar-menu\/exclude-page":false},"dipi_cpt_category":[],"class_list":["post-21001","page","type-page","status-publish","hentry"],"_links":{"self":[{"href":"https:\/\/ironcad.eu\/tr\/wp-json\/wp\/v2\/pages\/21001","targetHints":{"allow":["GET"]}}],"collection":[{"href":"https:\/\/ironcad.eu\/tr\/wp-json\/wp\/v2\/pages"}],"about":[{"href":"https:\/\/ironcad.eu\/tr\/wp-json\/wp\/v2\/types\/page"}],"author":[{"embeddable":true,"href":"https:\/\/ironcad.eu\/tr\/wp-json\/wp\/v2\/users\/2"}],"replies":[{"embeddable":true,"href":"https:\/\/ironcad.eu\/tr\/wp-json\/wp\/v2\/comments?post=21001"}],"version-history":[{"count":0,"href":"https:\/\/ironcad.eu\/tr\/wp-json\/wp\/v2\/pages\/21001\/revisions"}],"wp:attachment":[{"href":"https:\/\/ironcad.eu\/tr\/wp-json\/wp\/v2\/media?parent=21001"}],"wp:term":[{"taxonomy":"dipi_cpt_category","embeddable":true,"href":"https:\/\/ironcad.eu\/tr\/wp-json\/wp\/v2\/dipi_cpt_category?post=21001"}],"curies":[{"name":"wp","href":"https:\/\/api.w.org\/{rel}","templated":true}]}}