{"id":21020,"date":"2025-03-27T11:33:50","date_gmt":"2025-03-27T10:33:50","guid":{"rendered":"https:\/\/ironcad.eu\/ironcad\/ironcad-compose\/"},"modified":"2026-01-30T12:17:14","modified_gmt":"2026-01-30T11:17:14","slug":"ironcad-compose","status":"publish","type":"page","link":"https:\/\/ironcad.eu\/tr\/ironcad\/ironcad-compose\/","title":{"rendered":"IronCAD Compose"},"content":{"rendered":"<p>[et_pb_section fb_built=&#8221;1&#8243; _builder_version=&#8221;4.24.0&#8243; _module_preset=&#8221;default&#8221; locked=&#8221;off&#8221; global_colors_info=&#8221;{}&#8221;][et_pb_row custom_padding_last_edited=&#8221;on|desktop&#8221; admin_label=&#8221;K\u0131r\u0131nt\u0131 izi&#8221; _builder_version=&#8221;4.27.4&#8243; _module_preset=&#8221;default&#8221; custom_padding=&#8221;0rem||||false|false&#8221; custom_padding_tablet=&#8221;0rem||||false|false&#8221; custom_padding_phone=&#8221;0rem||||false|false&#8221; global_module=&#8221;11007&#8243; saved_tabs=&#8221;all&#8221; collapsed=&#8221;off&#8221; global_colors_info=&#8221;{}&#8221;][et_pb_column type=&#8221;4_4&#8243; _builder_version=&#8221;4.24.0&#8243; _module_preset=&#8221;default&#8221; global_colors_info=&#8221;{}&#8221;][et_pb_code admin_label=&#8221;Kod&#8221; _builder_version=&#8221;4.24.1&#8243; _module_preset=&#8221;default&#8221; custom_css_main_element=&#8221;font-size: .7em;||text-transform: uppercase;&#8221; global_colors_info=&#8221;{}&#8221;]<nav aria-label=\"breadcrumbs\" class=\"rank-math-breadcrumb\"><p><span class=\"last\">Home<\/span><\/p><\/nav>[\/et_pb_code][\/et_pb_column][\/et_pb_row][et_pb_row column_structure=&#8221;1_2,1_2&#8243; use_custom_gutter=&#8221;on&#8221; gutter_width=&#8221;2&#8243; _builder_version=&#8221;4.27.4&#8243; _module_preset=&#8221;default&#8221; custom_padding=&#8221;1rem||1rem||true|false&#8221; global_colors_info=&#8221;{}&#8221;][et_pb_column type=&#8221;1_2&#8243; _builder_version=&#8221;4.24.0&#8243; _module_preset=&#8221;default&#8221; global_colors_info=&#8221;{}&#8221;][et_pb_post_title _builder_version=&#8221;4.27.4&#8243; _module_preset=&#8221;default&#8221; custom_margin=&#8221;||0px||false|false&#8221; global_colors_info=&#8221;{}&#8221;][\/et_pb_post_title][et_pb_text _builder_version=&#8221;4.27.4&#8243; _module_preset=&#8221;default&#8221; global_colors_info=&#8221;{}&#8221;]<\/p>\n<h2>\u00dccretsiz 3D CAD g\u00f6r\u00fcnt\u00fcleyici ve i\u015fbirli\u011fi arac\u0131<\/h2>\n<p>IronCAD Compose, 3D ve 2D CAD dosyalar\u0131n\u0131 g\u00f6r\u00fcnt\u00fclemek, \u00f6l\u00e7mek, a\u00e7\u0131klama eklemek ve payla\u015fmak i\u00e7in \u00fccretsiz bir CAD yaz\u0131l\u0131m\u0131d\u0131r. Yaz\u0131l\u0131m m\u00fchendislik, \u00fcretim, sat\u0131\u015f ve m\u00fc\u015fteriler aras\u0131nda i\u015fbirli\u011fi i\u00e7in idealdir. CAD deneyimi olmayan kullan\u0131c\u0131lar bile tasar\u0131m s\u00fcrecine aktif olarak kat\u0131labilir.  <\/p>\n<p>IronCAD Compose, ek CAD lisanslar\u0131na ihtiya\u00e7 duymadan tasar\u0131mlar\u0131 h\u0131zl\u0131 bir \u015fekilde a\u00e7man\u0131za, boyutlar\u0131 kontrol etmenize ve geri bildirim sa\u011flaman\u0131za olanak tan\u0131r. Bu, Compose&#8217;u tasar\u0131m incelemesi, \u00fcretim haz\u0131rl\u0131\u011f\u0131 ve m\u00fc\u015fteri ileti\u015fimi i\u00e7in g\u00fc\u00e7l\u00fc bir \u00e7\u00f6z\u00fcm haline getirir. <\/p>\n<p>[\/et_pb_text][et_pb_button button_url=&#8221;https:\/\/www.ironcad.com\/download\/COMPOSE\/latest*&#8221; button_text=&#8221;Compose \u0130ndir&#8221; _builder_version=&#8221;4.27.4&#8243; _module_preset=&#8221;default&#8221; button_bg_color=&#8221;gcid-primary-color&#8221; button_icon=&#8221;&#xe092;||divi||400&#8243; global_colors_info=&#8221;{%22gcid-3421bf6d-18b2-4c4f-a72e-22b2864b9384%22:%91%22button_bg_color%22%93,%22gcid-primary-color%22:%91%22button_bg_color%22%93,%22gcid-heading-color%22:%91%22button_bg_color__hover%22%93}&#8221; button_bg_color__hover=&#8221;#474747&#8243;][\/et_pb_button][\/et_pb_column][et_pb_column type=&#8221;1_2&#8243; _builder_version=&#8221;4.24.0&#8243; _module_preset=&#8221;default&#8221; global_colors_info=&#8221;{}&#8221;][et_pb_image src=&#8221;https:\/\/ironcad.eu\/wp-content\/uploads\/2026\/01\/Spring-Suspension.webp&#8221; alt=&#8221;IronCAD&#039;de tasarlanm\u0131\u015f, metal amortis\u00f6r ve sar\u0131 montaj braketlerine sahip bir yayl\u0131 amortis\u00f6r tertibat\u0131n\u0131n 3D CAD tasar\u0131m\u0131&#8221; title_text=&#8221;Yayl\u0131 S\u00fcspansiyon&#8221; _builder_version=&#8221;4.27.4&#8243; _module_preset=&#8221;default&#8221; border_radii=&#8221;on|8px|8px|8px|8px&#8221; global_colors_info=&#8221;{}&#8221;][\/et_pb_image][\/et_pb_column][\/et_pb_row][et_pb_row custom_padding_last_edited=&#8221;off|desktop&#8221; admin_label=&#8221;S\u00fcr\u00fc\u015f&#8221; _builder_version=&#8221;4.27.4&#8243; _module_preset=&#8221;default&#8221; custom_padding=&#8221;0rem||1rem||false|false&#8221; custom_padding_tablet=&#8221;2rem||0rem||false|false&#8221; custom_padding_phone=&#8221;2rem||0rem||false|false&#8221; global_colors_info=&#8221;{}&#8221;][et_pb_column type=&#8221;4_4&#8243; _builder_version=&#8221;4.24.0&#8243; _module_preset=&#8221;default&#8221; global_colors_info=&#8221;{}&#8221;][et_pb_divider divider_weight=&#8221;2px&#8221; _builder_version=&#8221;4.27.4&#8243; _module_preset=&#8221;default&#8221; custom_margin=&#8221;1rem||1rem||true|false&#8221; custom_padding=&#8221;0px||0px||true|false&#8221; global_colors_info=&#8221;{}&#8221;][\/et_pb_divider][\/et_pb_column][\/et_pb_row][et_pb_row column_structure=&#8221;3_5,2_5&#8243; custom_padding_last_edited=&#8221;off|desktop&#8221; admin_label=&#8221;S\u00fcr\u00fc\u015f&#8221; _builder_version=&#8221;4.27.4&#8243; _module_preset=&#8221;default&#8221; custom_padding=&#8221;0rem||1rem||false|false&#8221; custom_padding_tablet=&#8221;2rem||0rem||false|false&#8221; custom_padding_phone=&#8221;2rem||0rem||false|false&#8221; global_colors_info=&#8221;{}&#8221;][et_pb_column type=&#8221;3_5&#8243; _builder_version=&#8221;4.24.0&#8243; _module_preset=&#8221;default&#8221; global_colors_info=&#8221;{}&#8221;][et_pb_text _builder_version=&#8221;4.27.4&#8243; _module_preset=&#8221;default&#8221; global_colors_info=&#8221;{}&#8221;]<\/p>\n<h2>IronCAD Compose nedir?<\/h2>\n<p>IronCAD Compose, IronCAD dosyalar\u0131n\u0131 g\u00f6r\u00fcnt\u00fclemek ve analiz etmek i\u00e7in \u00f6zel olarak tasarlanm\u0131\u015f Windows i\u00e7in \u00fccretsiz bir 3D CAD g\u00f6r\u00fcnt\u00fcleyicisidir. Hem 3D modelleri hem de 2D \u00e7izimleri destekler ve tasar\u0131mlar\u0131 kontrol etmek ve tart\u0131\u015fmak i\u00e7in kapsaml\u0131 ara\u00e7lar sa\u011flar. Sezgisel 3D ortam\u0131, kullan\u0131c\u0131lar\u0131n par\u00e7alar\u0131 kolayca \u00f6l\u00e7mesine, kontrol etmesine ve konumland\u0131rmas\u0131na olanak tan\u0131r. <\/p>\n<p>[\/et_pb_text][\/et_pb_column][et_pb_column type=&#8221;2_5&#8243; _builder_version=&#8221;4.27.4&#8243; _module_preset=&#8221;default&#8221; global_colors_info=&#8221;{}&#8221;][et_pb_blurb title=&#8221;Compose, di\u011ferlerinin yan\u0131 s\u0131ra a\u015fa\u011f\u0131daki dosya bi\u00e7imlerini a\u00e7abilir&#8221; use_icon=&#8221;on&#8221; font_icon=&#8221;&#xf0c5;||fa||900&#8243; icon_placement=&#8221;left&#8221; _builder_version=&#8221;4.27.4&#8243; _module_preset=&#8221;default&#8221; background_color=&#8221;gcid-f52cc46c-103a-4f3e-bb71-6efb5f79ee25&#8243; custom_margin=&#8221;||0rem||false|false&#8221; custom_padding=&#8221;2rem|2rem|1rem|2rem|false|true&#8221; border_radii=&#8221;on|8px|8px|8px|8px&#8221; global_colors_info=&#8221;{%22gcid-2c6a33f9-5f77-4945-8274-f487275e6c76%22:%91%22box_shadow_color%22,%22box_shadow_color%22%93,%22gcid-f52cc46c-103a-4f3e-bb71-6efb5f79ee25%22:%91%22background_color%22%93}&#8221;]<\/p>\n<ul>\n<li>IronCAD 3D dosyalar\u0131 (*.ics)<\/li>\n<li>IronCAD 2D \u00e7izimleri (*.icd ve *.exb)<\/li>\n<li>DWG ve DXF 2D dosyalar\u0131<\/li>\n<li>\u00c7e\u015fitli 3D faset formatlar\u0131<\/li>\n<\/ul>\n<p>[\/et_pb_blurb][\/et_pb_column][\/et_pb_row][\/et_pb_section][et_pb_section fb_built=&#8221;1&#8243; _builder_version=&#8221;4.27.4&#8243; _module_preset=&#8221;default&#8221; background_color=&#8221;gcid-f52cc46c-103a-4f3e-bb71-6efb5f79ee25&#8243; global_colors_info=&#8221;{%22gcid-f52cc46c-103a-4f3e-bb71-6efb5f79ee25%22:%91%22background_color%22%93}&#8221;][et_pb_row custom_padding_last_edited=&#8221;off|desktop&#8221; admin_label=&#8221;S\u00fcr\u00fc\u015f&#8221; _builder_version=&#8221;4.27.4&#8243; _module_preset=&#8221;default&#8221; custom_padding=&#8221;2rem||1rem||false|false&#8221; global_colors_info=&#8221;{}&#8221;][et_pb_column type=&#8221;4_4&#8243; _builder_version=&#8221;4.24.0&#8243; _module_preset=&#8221;default&#8221; global_colors_info=&#8221;{}&#8221;][et_pb_text _builder_version=&#8221;4.27.4&#8243; _module_preset=&#8221;default&#8221; global_colors_info=&#8221;{}&#8221;]<\/p>\n<h2 style=\"text-align: center;\">IronCAD Compose&#8217;un temel \u00f6zellikleri<\/h2>\n<p>[\/et_pb_text][\/et_pb_column][\/et_pb_row][et_pb_row column_structure=&#8221;1_2,1_2&#8243; use_custom_gutter=&#8221;on&#8221; make_equal=&#8221;on&#8221; custom_padding_last_edited=&#8221;off|desktop&#8221; _builder_version=&#8221;4.27.4&#8243; _module_preset=&#8221;default&#8221; custom_margin_last_edited=&#8221;off|desktop&#8221; custom_padding=&#8221;1rem||1rem||true|false&#8221; global_colors_info=&#8221;{}&#8221;][et_pb_column type=&#8221;1_2&#8243; _builder_version=&#8221;4.27.4&#8243; _module_preset=&#8221;default&#8221; background_color=&#8221;#FFFFFF&#8221; custom_padding=&#8221;2rem|2rem|2rem|2rem|true|true&#8221; border_radii=&#8221;on|8px|8px|8px|8px&#8221; global_colors_info=&#8221;{}&#8221;][et_pb_blurb title=&#8221;3D ve 2D CAD dosyalar\u0131n\u0131 g\u00f6r\u00fcnt\u00fcleme ve analiz etme&#8221; use_icon=&#8221;on&#8221; font_icon=&#8221;&#xf06e;||fa||900&#8243; icon_placement=&#8221;left&#8221; _builder_version=&#8221;4.27.4&#8243; _module_preset=&#8221;default&#8221; background_color=&#8221;RGBA(255,255,255,0)&#8221; custom_margin=&#8221;||0rem||false|false&#8221; border_radii=&#8221;on|8px|8px|8px|8px&#8221; global_colors_info=&#8221;{%22gcid-2c6a33f9-5f77-4945-8274-f487275e6c76%22:%91%22box_shadow_color%22,%22box_shadow_color%22,%22box_shadow_color%22%93}&#8221;]<\/p>\n<p>CAD lisans\u0131 olmadan karma\u015f\u0131k montajlar\u0131 ve teknik \u00e7izimleri g\u00f6r\u00fcnt\u00fcleyin. \u00dcretim, i\u015f haz\u0131rl\u0131\u011f\u0131 ve sat\u0131\u015f i\u00e7in idealdir. <\/p>\n<p>[\/et_pb_blurb][\/et_pb_column][et_pb_column type=&#8221;1_2&#8243; _builder_version=&#8221;4.27.4&#8243; _module_preset=&#8221;default&#8221; background_color=&#8221;#FFFFFF&#8221; custom_padding=&#8221;2rem|2rem|2rem|2rem|true|true&#8221; border_radii=&#8221;on|8px|8px|8px|8px&#8221; global_colors_info=&#8221;{}&#8221;][et_pb_blurb title=&#8221;\u00d6l\u00e7\u00fcmler, i\u015faretler ve geri bildirim&#8221; use_icon=&#8221;on&#8221; font_icon=&#8221;&#xf548;||fa||900&#8243; icon_placement=&#8221;left&#8221; _builder_version=&#8221;4.27.4&#8243; _module_preset=&#8221;default&#8221; background_color=&#8221;RGBA(255,255,255,0)&#8221; custom_margin=&#8221;||0rem||false|false&#8221; border_radii=&#8221;on|8px|8px|8px|8px&#8221; global_colors_info=&#8221;{%22gcid-2c6a33f9-5f77-4945-8274-f487275e6c76%22:%91%22box_shadow_color%22,%22box_shadow_color%22,%22box_shadow_color%22%93}&#8221;]<\/p>\n<p>Geri bildirimi net bir \u015fekilde kaydetmek ve payla\u015fmak i\u00e7in do\u011fru \u00f6l\u00e7\u00fcmler yap\u0131n, i\u015faretler yerle\u015ftirin ve yorumlar ekleyin.<\/p>\n<p>[\/et_pb_blurb][\/et_pb_column][\/et_pb_row][et_pb_row column_structure=&#8221;1_2,1_2&#8243; use_custom_gutter=&#8221;on&#8221; make_equal=&#8221;on&#8221; custom_padding_last_edited=&#8221;off|desktop&#8221; _builder_version=&#8221;4.27.4&#8243; _module_preset=&#8221;default&#8221; custom_margin_last_edited=&#8221;off|desktop&#8221; custom_padding=&#8221;1rem||1rem||true|false&#8221; global_colors_info=&#8221;{}&#8221;][et_pb_column type=&#8221;1_2&#8243; _builder_version=&#8221;4.27.4&#8243; _module_preset=&#8221;default&#8221; background_color=&#8221;#FFFFFF&#8221; custom_padding=&#8221;2rem|2rem|2rem|2rem|true|true&#8221; border_radii=&#8221;on|8px|8px|8px|8px&#8221; global_colors_info=&#8221;{}&#8221;][et_pb_blurb title=&#8221;Montajlar\u0131 birle\u015ftirin ve varyantlar\u0131 g\u00f6sterin&#8221; use_icon=&#8221;on&#8221; font_icon=&#8221;&#xf12e;||fa||900&#8243; icon_placement=&#8221;left&#8221; _builder_version=&#8221;4.27.4&#8243; _module_preset=&#8221;default&#8221; background_color=&#8221;RGBA(255,255,255,0)&#8221; custom_margin=&#8221;||0rem||false|false&#8221; border_radii=&#8221;on|8px|8px|8px|8px&#8221; global_colors_info=&#8221;{%22gcid-2c6a33f9-5f77-4945-8274-f487275e6c76%22:%91%22box_shadow_color%22,%22box_shadow_color%22,%22box_shadow_color%22%93}&#8221;]<\/p>\n<p>Tasar\u0131m se\u00e7eneklerini daha iyi tart\u0131\u015fmak i\u00e7in montajlar\u0131 bir araya getirin ve farkl\u0131 konfig\u00fcrasyonlar\u0131 g\u00f6sterin.<\/p>\n<p>[\/et_pb_blurb][\/et_pb_column][et_pb_column type=&#8221;1_2&#8243; _builder_version=&#8221;4.27.4&#8243; _module_preset=&#8221;default&#8221; background_color=&#8221;#FFFFFF&#8221; custom_padding=&#8221;2rem|2rem|2rem|2rem|true|true&#8221; border_radii=&#8221;on|8px|8px|8px|8px&#8221; global_colors_info=&#8221;{}&#8221;][et_pb_blurb title=&#8221;Render ve animasyon olu\u015fturma&#8221; use_icon=&#8221;on&#8221; font_icon=&#8221;&#xf03e;||fa||900&#8243; icon_placement=&#8221;left&#8221; _builder_version=&#8221;4.27.4&#8243; _module_preset=&#8221;default&#8221; background_color=&#8221;RGBA(255,255,255,0)&#8221; custom_margin=&#8221;||0rem||false|false&#8221; border_radii=&#8221;on|8px|8px|8px|8px&#8221; global_colors_info=&#8221;{%22gcid-2c6a33f9-5f77-4945-8274-f487275e6c76%22:%91%22box_shadow_color%22,%22box_shadow_color%22,%22box_shadow_color%22%93}&#8221;]<\/p>\n<p>M\u00fc\u015fteriler ve dahili ekiplerle net ileti\u015fim i\u00e7in g\u00f6rsel sunumlar, renderlar ve animasyonlar olu\u015fturun.<\/p>\n<p>[\/et_pb_blurb][\/et_pb_column][\/et_pb_row][\/et_pb_section][et_pb_section fb_built=&#8221;1&#8243; _builder_version=&#8221;4.27.4&#8243; _module_preset=&#8221;default&#8221; background_color=&#8221;RGBA(255,255,255,0)&#8221; global_colors_info=&#8221;{}&#8221;][et_pb_row column_structure=&#8221;2_5,3_5&#8243; admin_label=&#8221;S\u00fcr\u00fc\u015f&#8221; _builder_version=&#8221;4.24.0&#8243; _module_preset=&#8221;default&#8221; global_colors_info=&#8221;{}&#8221;][et_pb_column type=&#8221;2_5&#8243; _builder_version=&#8221;4.24.0&#8243; _module_preset=&#8221;default&#8221; global_colors_info=&#8221;{}&#8221;][et_pb_image src=&#8221;https:\/\/ironcad.eu\/wp-content\/uploads\/2025\/09\/IRONCAD-COMPOSE_3D_2D.webp&#8221; alt=&#8221;IRONCAD COMPOSE ekran g\u00f6r\u00fcnt\u00fcs\u00fc, fren bile\u015fenlerine sahip bir tekerlek aks\u0131n\u0131n 3D modelini, teknik boyutlar\u0131 ve detaylar\u0131 i\u00e7eren ilgili 2D \u00e7izim ile birlikte g\u00f6stermektedir.&#8221; title_text=&#8221;IRONCAD-COMPOSE_3D_2D&#8221; show_in_lightbox=&#8221;on&#8221; _builder_version=&#8221;4.27.4&#8243; _module_preset=&#8221;default&#8221; border_radii=&#8221;on|8px|8px|8px|8px&#8221; global_colors_info=&#8221;{}&#8221;][\/et_pb_image][\/et_pb_column][et_pb_column type=&#8221;3_5&#8243; _builder_version=&#8221;4.24.0&#8243; _module_preset=&#8221;default&#8221; global_colors_info=&#8221;{}&#8221;][et_pb_text _builder_version=&#8221;4.27.4&#8243; _module_preset=&#8221;default&#8221; custom_padding=&#8221;||0px|||&#8221; global_colors_info=&#8221;{}&#8221;]<\/p>\n<h2>Ger\u00e7ek zamanl\u0131 i\u015fbirli\u011fi<\/h2>\n<p>IronCAD Compose standart bir CAD g\u00f6r\u00fcnt\u00fcleyiciden \u00e7ok daha fazlas\u0131d\u0131r. Yaz\u0131l\u0131m, ekiplerin ve m\u00fc\u015fterilerin tasar\u0131mlar\u0131 ortakla\u015fa g\u00f6r\u00fcnt\u00fcleyebildi\u011fi, tart\u0131\u015fabildi\u011fi ve g\u00f6zden ge\u00e7irebildi\u011fi etkile\u015fimli i\u015fbirli\u011fini destekler. <\/p>\n<p>\u00dcretim personeli boyutlar\u0131 kontrol etmek i\u00e7in modelleri do\u011frudan a\u00e7abilir. Sat\u0131\u015f personeli g\u00f6r\u00fc\u015fmeler s\u0131ras\u0131nda tasar\u0131mlar\u0131 sunabilir. M\u00fc\u015fteriler s\u00fcrecin erken a\u015famalar\u0131nda geri bildirim sa\u011flayabilir. Bu, \u00fcretime kadar ge\u00e7en s\u00fcreyi k\u0131salt\u0131r ve hata riskini azalt\u0131r.   <\/p>\n<p>[\/et_pb_text][\/et_pb_column][\/et_pb_row][et_pb_row column_structure=&#8221;3_5,2_5&#8243; admin_label=&#8221;S\u00fcr\u00fc\u015f&#8221; _builder_version=&#8221;4.24.0&#8243; _module_preset=&#8221;default&#8221; global_colors_info=&#8221;{}&#8221;][et_pb_column type=&#8221;3_5&#8243; _builder_version=&#8221;4.24.0&#8243; _module_preset=&#8221;default&#8221; global_colors_info=&#8221;{}&#8221;][et_pb_text _builder_version=&#8221;4.27.4&#8243; _module_preset=&#8221;default&#8221; custom_padding=&#8221;||0px|||&#8221; global_colors_info=&#8221;{}&#8221;]<\/p>\n<h2>IronCAD Compose Configurator (iste\u011fe ba\u011fl\u0131)<\/h2>\n<p>\u0130ste\u011fe ba\u011fl\u0131 IronCAD Compose Configurator, sat\u0131\u015f ve konfig\u00fcrasyon i\u00e7in i\u015flevselli\u011fi geni\u015fletir.<\/p>\n<p>Bir sat\u0131\u015f toplant\u0131s\u0131 s\u0131ras\u0131nda, mod\u00fcler bile\u015fenlere dayal\u0131 komple tasar\u0131mlar\u0131 bir araya getirebilirsiniz. Varyantlar an\u0131nda g\u00f6r\u00fcn\u00fcr hale gelir ve m\u00fchendislik veya \u00fcretim ile payla\u015fabilece\u011finiz bir malzeme listesi (BOM) otomatik olarak olu\u015fturulur. <\/p>\n<p>[\/et_pb_text][et_pb_button button_url=&#8221;@ET-DC@eyJkeW5hbWljIjp0cnVlLCJjb250ZW50IjoicG9zdF9saW5rX3VybF9wYWdlIiwic2V0dGluZ3MiOnsicG9zdF9pZCI6IjE1MjgzIiwiZW5hYmxlX2h0bWwiOiJvZmYifX0=@&#8221; button_text=&#8221;Demo talep edin&#8221; _builder_version=&#8221;4.27.4&#8243; _dynamic_attributes=&#8221;button_url&#8221; _module_preset=&#8221;default&#8221; button_bg_color=&#8221;gcid-cec01bf0-fc62-410c-9831-380fd97d1c1b&#8221; button_icon=&#8221;&#x70;||divi||400&#8243; locked=&#8221;off&#8221; global_colors_info=&#8221;{%22gcid-3421bf6d-18b2-4c4f-a72e-22b2864b9384%22:%91%22button_bg_color%22,%22button_bg_color__hover%22%93,%22gcid-cec01bf0-fc62-410c-9831-380fd97d1c1b%22:%91%22button_bg_color%22%93}&#8221; button_bg_color__hover=&#8221;#474747&#8243;][\/et_pb_button][\/et_pb_column][et_pb_column type=&#8221;2_5&#8243; _builder_version=&#8221;4.24.0&#8243; _module_preset=&#8221;default&#8221; global_colors_info=&#8221;{}&#8221;][et_pb_image src=&#8221;https:\/\/ironcad.eu\/wp-content\/uploads\/2025\/09\/IRONCAD-COMPOSE-CONFIGURATOR.webp&#8221; alt=&#8221;IRONCAD COMPOSE Configurator&#039;\u0131n KUKA end\u00fcstriyel robot kolunun 3D modelini g\u00f6steren ekran g\u00f6r\u00fcnt\u00fcs\u00fc&#8221; title_text=&#8221;IRONCAD-COMPOSE-CONFIGURATOR&#8221; show_in_lightbox=&#8221;on&#8221; _builder_version=&#8221;4.27.4&#8243; _module_preset=&#8221;default&#8221; border_radii=&#8221;on|8px|8px|8px|8px&#8221; global_colors_info=&#8221;{}&#8221;][\/et_pb_image][\/et_pb_column][\/et_pb_row][\/et_pb_section][et_pb_section fb_built=&#8221;1&#8243; _builder_version=&#8221;4.27.4&#8243; _module_preset=&#8221;default&#8221; background_color=&#8221;gcid-f52cc46c-103a-4f3e-bb71-6efb5f79ee25&#8243; global_colors_info=&#8221;{%22gcid-f52cc46c-103a-4f3e-bb71-6efb5f79ee25%22:%91%22background_color%22%93}&#8221;][et_pb_row admin_label=&#8221;S\u00fcr\u00fc\u015f&#8221; _builder_version=&#8221;4.27.4&#8243; _module_preset=&#8221;default&#8221; global_colors_info=&#8221;{}&#8221;][et_pb_column type=&#8221;4_4&#8243; _builder_version=&#8221;4.27.4&#8243; _module_preset=&#8221;default&#8221; global_colors_info=&#8221;{}&#8221;][et_pb_text _builder_version=&#8221;4.27.4&#8243; _module_preset=&#8221;default&#8221; custom_padding=&#8221;||0px|||&#8221; global_colors_info=&#8221;{}&#8221;]<\/p>\n<h2>IronCAD Compose hakk\u0131nda SSS<\/h2>\n<p>A\u015fa\u011f\u0131da IronCAD Compose hakk\u0131nda k\u0131sa ve net cevaplarla birlikte en s\u0131k sorulan sorular yer almaktad\u0131r.<\/p>\n<p>[\/et_pb_text][dipi_faq faq_categories=&#8221;119&#8243; faq_order_by=&#8221;date&#8221; faq_layout=&#8221;accordion&#8221; icon_closed=&#8221;&#xf067;||fa||900&#8243; icon_open=&#8221;&#xf068;||fa||900&#8243; icon_open_color=&#8221;gcid-primary-color&#8221; icon_closed_color=&#8221;gcid-primary-color&#8221; _builder_version=&#8221;4.27.4&#8243; _module_preset=&#8221;default&#8221; title_closed_font=&#8221;||||||||&#8221; title_closed_font_size=&#8221;20px&#8221; title_open_font=&#8221;||||||||&#8221; title_open_font_size=&#8221;20px&#8221; content_closed_font=&#8221;||||||||&#8221; global_colors_info=&#8221;{%22gcid-30b5efe5-d222-44ad-9df0-11db21b92f78%22:%91%22entry_background_closed%22%93,%22gcid-primary-color%22:%91%22icon_open_color%22,%22icon_closed_color%22%93}&#8221;][\/dipi_faq][\/et_pb_column][\/et_pb_row][et_pb_row _builder_version=&#8221;4.27.4&#8243; _module_preset=&#8221;default&#8221; global_colors_info=&#8221;{}&#8221;][et_pb_column type=&#8221;4_4&#8243; _builder_version=&#8221;4.27.4&#8243; _module_preset=&#8221;default&#8221; global_colors_info=&#8221;{}&#8221;][et_pb_text _builder_version=&#8221;4.27.4&#8243; _module_preset=&#8221;default&#8221; custom_padding=&#8221;||0px|||&#8221; global_colors_info=&#8221;{}&#8221;]<\/p>\n<h2>Sonu\u00e7<\/h2>\n<p>IronCAD Compose, g\u00f6r\u00fcnt\u00fclemenin \u00e7ok \u00f6tesine ge\u00e7en \u00fccretsiz bir 3D CAD g\u00f6r\u00fcnt\u00fcleyici ve i\u015fbirli\u011fi arac\u0131d\u0131r. M\u00fchendislik, \u00fcretim, sat\u0131\u015f veya m\u00fc\u015fterilerle i\u015fbirli\u011fi alanlar\u0131nda \u00e7al\u0131\u015f\u0131yor olun, Compose tasar\u0131mlar\u0131 g\u00f6zden ge\u00e7irmenizi, geri bildirimde bulunman\u0131z\u0131 ve daha h\u0131zl\u0131 karar vermenizi sa\u011flar. <\/p>\n<p>Opsiyonel Konfig\u00fcrat\u00f6r ile bir ad\u0131m daha ileri gidebilir ve otomatik par\u00e7a listeleri ile komple tasar\u0131mlar\u0131 derleyebilirsiniz.<\/p>\n<p>[\/et_pb_text][et_pb_button button_url=&#8221;https:\/\/www.ironcad.com\/download\/COMPOSE\/latest*&#8221; button_text=&#8221;Compose \u0130ndir&#8221; _builder_version=&#8221;4.27.4&#8243; _module_preset=&#8221;default&#8221; button_bg_color=&#8221;gcid-primary-color&#8221; button_icon=&#8221;&#xe092;||divi||400&#8243; global_colors_info=&#8221;{%22gcid-3421bf6d-18b2-4c4f-a72e-22b2864b9384%22:%91%22button_bg_color%22%93,%22gcid-primary-color%22:%91%22button_bg_color%22%93,%22gcid-heading-color%22:%91%22button_bg_color__hover%22%93}&#8221; button_bg_color__hover=&#8221;#474747&#8243;][\/et_pb_button][\/et_pb_column][\/et_pb_row][\/et_pb_section]<\/p>\n","protected":false},"excerpt":{"rendered":"<p>IronCAD Compose, 2D ve 3D CAD dosyalar\u0131n\u0131 g\u00f6r\u00fcnt\u00fclemek, \u00f6l\u00e7mek ve a\u00e7\u0131klama eklemek i\u00e7in \u00fccretsiz bir 3D CAD g\u00f6r\u00fcnt\u00fcleyicisidir. \u00dcretim, sat\u0131\u015f ve m\u00fc\u015fterilerle i\u015fbirli\u011fi i\u00e7in idealdir. <\/p>\n","protected":false},"author":2,"featured_media":0,"parent":20746,"menu_order":0,"comment_status":"closed","ping_status":"closed","template":"","meta":{"_et_pb_use_builder":"on","_et_pb_old_content":"","_et_gb_content_width":"","_improvement_type_select":"improve_an_existing","_thumb_yes_seoaic":false,"_frame_yes_seoaic":false,"seoaic_generate_description":"","seoaic_improve_instructions_prompt":"","seoaic_rollback_content_improvement":"","seoaic_idea_thumbnail_generator":"","thumbnail_generated":false,"thumbnail_generate_prompt":"","seoaic_article_description":"","footnotes":"","advanced-sidebar-menu\/link-title":"","advanced-sidebar-menu\/exclude-page":false},"dipi_cpt_category":[],"class_list":["post-21020","page","type-page","status-publish","hentry"],"_links":{"self":[{"href":"https:\/\/ironcad.eu\/tr\/wp-json\/wp\/v2\/pages\/21020","targetHints":{"allow":["GET"]}}],"collection":[{"href":"https:\/\/ironcad.eu\/tr\/wp-json\/wp\/v2\/pages"}],"about":[{"href":"https:\/\/ironcad.eu\/tr\/wp-json\/wp\/v2\/types\/page"}],"author":[{"embeddable":true,"href":"https:\/\/ironcad.eu\/tr\/wp-json\/wp\/v2\/users\/2"}],"replies":[{"embeddable":true,"href":"https:\/\/ironcad.eu\/tr\/wp-json\/wp\/v2\/comments?post=21020"}],"version-history":[{"count":0,"href":"https:\/\/ironcad.eu\/tr\/wp-json\/wp\/v2\/pages\/21020\/revisions"}],"up":[{"embeddable":true,"href":"https:\/\/ironcad.eu\/tr\/wp-json\/wp\/v2\/pages\/20746"}],"wp:attachment":[{"href":"https:\/\/ironcad.eu\/tr\/wp-json\/wp\/v2\/media?parent=21020"}],"wp:term":[{"taxonomy":"dipi_cpt_category","embeddable":true,"href":"https:\/\/ironcad.eu\/tr\/wp-json\/wp\/v2\/dipi_cpt_category?post=21020"}],"curies":[{"name":"wp","href":"https:\/\/api.w.org\/{rel}","templated":true}]}}