{"id":21111,"date":"2024-02-14T09:35:26","date_gmt":"2024-02-14T08:35:26","guid":{"rendered":"https:\/\/ironcad.eu\/subeler\/"},"modified":"2026-02-11T15:25:12","modified_gmt":"2026-02-11T14:25:12","slug":"subeler","status":"publish","type":"page","link":"https:\/\/ironcad.eu\/tr\/subeler\/","title":{"rendered":"\u015eubeler"},"content":{"rendered":"<p>[et_pb_section fb_built=&#8221;1&#8243; _builder_version=&#8221;4.24.0&#8243; _module_preset=&#8221;default&#8221; locked=&#8221;off&#8221; global_colors_info=&#8221;{}&#8221;][et_pb_row custom_padding_last_edited=&#8221;on|desktop&#8221; admin_label=&#8221;K\u0131r\u0131nt\u0131 izi&#8221; _builder_version=&#8221;4.26.0&#8243; _module_preset=&#8221;default&#8221; custom_padding=&#8221;0rem||||false|false&#8221; custom_padding_tablet=&#8221;0rem||1rem||false|false&#8221; custom_padding_phone=&#8221;0rem||0rem||false|false&#8221; global_module=&#8221;11007&#8243; saved_tabs=&#8221;all&#8221; collapsed=&#8221;off&#8221; global_colors_info=&#8221;{}&#8221;][et_pb_column type=&#8221;4_4&#8243; _builder_version=&#8221;4.24.0&#8243; _module_preset=&#8221;default&#8221; global_colors_info=&#8221;{}&#8221;][et_pb_code admin_label=&#8221;Kod&#8221; _builder_version=&#8221;4.24.1&#8243; _module_preset=&#8221;default&#8221; custom_css_main_element=&#8221;font-size: .7em;||text-transform: uppercase;&#8221; global_colors_info=&#8221;{}&#8221;]<nav aria-label=\"breadcrumbs\" class=\"rank-math-breadcrumb\"><p><span class=\"last\">Home<\/span><\/p><\/nav>[\/et_pb_code][\/et_pb_column][\/et_pb_row][et_pb_row custom_padding_last_edited=&#8221;off|desktop&#8221; _builder_version=&#8221;4.27.4&#8243; _module_preset=&#8221;default&#8221; custom_padding=&#8221;1rem||1rem||true|false&#8221; custom_padding_tablet=&#8221;2rem||1rem||false|false&#8221; custom_padding_phone=&#8221;2rem||0rem||false|false&#8221; global_colors_info=&#8221;{}&#8221;][et_pb_column type=&#8221;4_4&#8243; _builder_version=&#8221;4.24.0&#8243; _module_preset=&#8221;default&#8221; global_colors_info=&#8221;{}&#8221;][et_pb_post_title _builder_version=&#8221;4.27.4&#8243; _module_preset=&#8221;default&#8221; custom_margin=&#8221;||0px||false|false&#8221; global_colors_info=&#8221;{}&#8221;][\/et_pb_post_title][et_pb_text _builder_version=&#8221;4.27.4&#8243; _module_preset=&#8221;default&#8221; global_colors_info=&#8221;{}&#8221;]<\/p>\n<p>IronCAD, i\u00e7 mekan ve sunum, end\u00fcstriyel \u00fcretim, \u00f6zel ve \u00f6zel tasar\u0131m ve deniz m\u00fchendisli\u011fi gibi sekt\u00f6rler i\u00e7in esnek bir CAD \u00e7\u00f6z\u00fcm\u00fcd\u00fcr. Tek bir g\u00fc\u00e7l\u00fc 3D paketi ile fikirden \u00fcretime kadar daha h\u0131zl\u0131 ve daha verimli tasar\u0131m yap\u0131n. <\/p>\n<p>[\/et_pb_text][\/et_pb_column][\/et_pb_row][et_pb_row custom_padding_last_edited=&#8221;off|desktop&#8221; _builder_version=&#8221;4.27.4&#8243; _module_preset=&#8221;default&#8221; custom_padding=&#8221;1rem||1rem||true|false&#8221; global_colors_info=&#8221;{}&#8221; custom_padding__hover_enabled=&#8221;off|desktop&#8221;][et_pb_column type=&#8221;4_4&#8243; _builder_version=&#8221;4.27.4&#8243; _module_preset=&#8221;default&#8221; global_colors_info=&#8221;{}&#8221;][et_pb_divider color=&#8221;gcid-342b504c-af3f-4a0e-9bbf-cd80ba9f1957&#8243; divider_weight=&#8221;2px&#8221; _builder_version=&#8221;4.26.0&#8243; _module_preset=&#8221;default&#8221; custom_margin=&#8221;0px||0px||true|false&#8221; global_colors_info=&#8221;{%22gcid-342b504c-af3f-4a0e-9bbf-cd80ba9f1957%22:%91%22color%22%93}&#8221;][\/et_pb_divider][et_pb_text _builder_version=&#8221;4.27.4&#8243; _module_preset=&#8221;default&#8221; global_colors_info=&#8221;{}&#8221;]<\/p>\n<h2>\u0130\u00e7 mekan ve sunum<\/h2>\n<p>[\/et_pb_text][\/et_pb_column][\/et_pb_row][et_pb_row column_structure=&#8221;1_3,1_3,1_3&#8243; custom_padding_last_edited=&#8221;off|desktop&#8221; _builder_version=&#8221;4.27.4&#8243; _module_preset=&#8221;default&#8221; custom_padding=&#8221;1rem||1rem||true|false&#8221; global_colors_info=&#8221;{}&#8221;][et_pb_column type=&#8221;1_3&#8243; _builder_version=&#8221;4.24.0&#8243; _module_preset=&#8221;default&#8221; global_colors_info=&#8221;{}&#8221;][et_pb_image src=&#8221;https:\/\/ironcad.eu\/wp-content\/uploads\/2025\/06\/Mock-Up-interieurbouw.webp&#8221; title_text=&#8221;Mock Up i\u00e7 tasar\u0131m&#8221; url=&#8221;@ET-DC@eyJkeW5hbWljIjp0cnVlLCJjb250ZW50IjoicG9zdF9saW5rX3VybF9wYWdlIiwic2V0dGluZ3MiOnsicG9zdF9pZCI6IjExMzk0In19@&#8221; _builder_version=&#8221;4.27.4&#8243; _dynamic_attributes=&#8221;url&#8221; _module_preset=&#8221;default&#8221; global_colors_info=&#8221;{}&#8221;][\/et_pb_image][et_pb_cta title=&#8221;\u0130\u00e7 yap\u0131&#8221; button_url=&#8221;@ET-DC@eyJkeW5hbWljIjp0cnVlLCJjb250ZW50IjoicG9zdF9saW5rX3VybF9wYWdlIiwic2V0dGluZ3MiOnsicG9zdF9pZCI6IjExMzk0In19@&#8221; button_text=&#8221;Daha fazla bilgi&#8221; _builder_version=&#8221;4.27.4&#8243; _dynamic_attributes=&#8221;button_url&#8221; _module_preset=&#8221;default&#8221; background_color=&#8221;RGBA(255,255,255,0)&#8221; custom_button=&#8221;on&#8221; button_text_color=&#8221;gcid-heading-color&#8221; button_bg_color=&#8221;RGBA(255,255,255,0)&#8221; button_border_width=&#8221;2px&#8221; button_border_color=&#8221;gcid-primary-color&#8221; text_orientation=&#8221;left&#8221; background_layout=&#8221;light&#8221; custom_padding=&#8221;0px|0px|0px|0px|true|true&#8221; global_colors_info=&#8221;{%22gcid-heading-color%22:%91%22button_text_color%22%93,%22gcid-primary-color%22:%91%22button_border_color%22%93,%22gcid-f52cc46c-103a-4f3e-bb71-6efb5f79ee25%22:%91%22button_bg_color__hover%22%93}&#8221; button_text_color__hover_enabled=&#8221;off|hover&#8221; button_text_color__hover=&#8221;#FFFFFF&#8221; button_bg_color__hover_enabled=&#8221;on|hover&#8221; button_bg_color__hover=&#8221;#efefef&#8221; button_bg_enable_color__hover=&#8221;on&#8221;]<\/p>\n<p>Hassasiyet ve \u00fcretilebilirli\u011fe odaklanarak tasar\u0131mdan \u00fcretime.<\/p>\n<p>[\/et_pb_cta][\/et_pb_column][et_pb_column type=&#8221;1_3&#8243; _builder_version=&#8221;4.24.0&#8243; _module_preset=&#8221;default&#8221; global_colors_info=&#8221;{}&#8221;][et_pb_image src=&#8221;https:\/\/ironcad.eu\/wp-content\/uploads\/2025\/06\/Mock-up-bieb-2.webp&#8221; alt=&#8221;IronCAD yaz\u0131l\u0131m\u0131nda g\u00f6rselle\u015ftirilen raflar, y\u00f6nlendirme ve i\u00e7 d\u00fczen ile eksiksiz bir k\u00fct\u00fcphane d\u00fczeninin 3D tasar\u0131m\u0131&#8221; title_text=&#8221;Mock up k\u00fct\u00fcphanesi 2&#8243; url=&#8221;@ET-DC@eyJkeW5hbWljIjp0cnVlLCJjb250ZW50IjoicG9zdF9saW5rX3VybF9wYWdlIiwic2V0dGluZ3MiOnsicG9zdF9pZCI6IjExMzk0In19@&#8221; _builder_version=&#8221;4.27.4&#8243; _dynamic_attributes=&#8221;url&#8221; _module_preset=&#8221;default&#8221; global_colors_info=&#8221;{}&#8221;][\/et_pb_image][et_pb_cta title=&#8221;Stand konstr\u00fcksiyonu&#8221; button_url=&#8221;@ET-DC@eyJkeW5hbWljIjp0cnVlLCJjb250ZW50IjoicG9zdF9saW5rX3VybF9wYWdlIiwic2V0dGluZ3MiOnsicG9zdF9pZCI6IjE2ODMzIn19@&#8221; button_text=&#8221;Daha fazla bilgi&#8221; _builder_version=&#8221;4.27.4&#8243; _dynamic_attributes=&#8221;button_url&#8221; _module_preset=&#8221;default&#8221; background_color=&#8221;RGBA(255,255,255,0)&#8221; custom_button=&#8221;on&#8221; button_text_color=&#8221;gcid-heading-color&#8221; button_bg_color=&#8221;RGBA(255,255,255,0)&#8221; button_border_width=&#8221;2px&#8221; button_border_color=&#8221;gcid-primary-color&#8221; text_orientation=&#8221;left&#8221; background_layout=&#8221;light&#8221; custom_padding=&#8221;0px|0px|0px|0px|true|true&#8221; global_colors_info=&#8221;{%22gcid-heading-color%22:%91%22button_text_color%22%93,%22gcid-primary-color%22:%91%22button_border_color%22%93,%22gcid-f52cc46c-103a-4f3e-bb71-6efb5f79ee25%22:%91%22button_bg_color__hover%22%93}&#8221; button_text_color__hover_enabled=&#8221;off|hover&#8221; button_text_color__hover=&#8221;#FFFFFF&#8221; button_bg_color__hover_enabled=&#8221;on|hover&#8221; button_bg_color__hover=&#8221;#efefef&#8221; button_bg_enable_color__hover=&#8221;on&#8221;]<\/p>\n<p>Kuruluma ve nakliyeye haz\u0131r ak\u0131ll\u0131 mod\u00fcllerle g\u00f6z al\u0131c\u0131 fuar standlar\u0131 tasarlay\u0131n.<\/p>\n<p>[\/et_pb_cta][\/et_pb_column][et_pb_column type=&#8221;1_3&#8243; _builder_version=&#8221;4.24.0&#8243; _module_preset=&#8221;default&#8221; global_colors_info=&#8221;{}&#8221;][\/et_pb_column][\/et_pb_row][et_pb_row custom_padding_last_edited=&#8221;off|desktop&#8221; _builder_version=&#8221;4.27.4&#8243; _module_preset=&#8221;default&#8221; custom_padding=&#8221;1rem||1rem||true|false&#8221; global_colors_info=&#8221;{}&#8221; custom_padding__hover_enabled=&#8221;off|desktop&#8221;][et_pb_column type=&#8221;4_4&#8243; _builder_version=&#8221;4.27.4&#8243; _module_preset=&#8221;default&#8221; global_colors_info=&#8221;{}&#8221;][et_pb_divider color=&#8221;gcid-342b504c-af3f-4a0e-9bbf-cd80ba9f1957&#8243; divider_weight=&#8221;2px&#8221; _builder_version=&#8221;4.26.0&#8243; _module_preset=&#8221;default&#8221; custom_margin=&#8221;0px||0px||true|false&#8221; global_colors_info=&#8221;{%22gcid-342b504c-af3f-4a0e-9bbf-cd80ba9f1957%22:%91%22color%22%93}&#8221;][\/et_pb_divider][et_pb_text _builder_version=&#8221;4.27.4&#8243; _module_preset=&#8221;default&#8221; global_colors_info=&#8221;{}&#8221;]<\/p>\n<h2>End\u00fcstriyel<\/h2>\n<p>[\/et_pb_text][\/et_pb_column][\/et_pb_row][et_pb_row column_structure=&#8221;1_3,1_3,1_3&#8243; custom_padding_last_edited=&#8221;off|desktop&#8221; _builder_version=&#8221;4.27.4&#8243; _module_preset=&#8221;default&#8221; custom_padding=&#8221;1rem||1rem||true|false&#8221; global_colors_info=&#8221;{}&#8221;][et_pb_column type=&#8221;1_3&#8243; _builder_version=&#8221;4.24.0&#8243; _module_preset=&#8221;default&#8221; global_colors_info=&#8221;{}&#8221;][et_pb_image src=&#8221;https:\/\/ironcad.eu\/wp-content\/uploads\/2025\/06\/Mock-Up-machinebouw.webp&#8221; alt=&#8221;IronCAD&#039;de tasarlanm\u0131\u015f makine ile diz\u00fcst\u00fc bilgisayar.&#8221; title_text=&#8221;Mock Up makine m\u00fchendisli\u011fi&#8221; url=&#8221;@ET-DC@eyJkeW5hbWljIjp0cnVlLCJjb250ZW50IjoicG9zdF9saW5rX3VybF9wYWdlIiwic2V0dGluZ3MiOnsicG9zdF9pZCI6IjExNjE4In19@&#8221; _builder_version=&#8221;4.27.4&#8243; _dynamic_attributes=&#8221;url&#8221; _module_preset=&#8221;default&#8221; global_colors_info=&#8221;{}&#8221;][\/et_pb_image][et_pb_cta title=&#8221;Makine M\u00fchendisli\u011fi&#8221; button_url=&#8221;@ET-DC@eyJkeW5hbWljIjp0cnVlLCJjb250ZW50IjoicG9zdF9saW5rX3VybF9wYWdlIiwic2V0dGluZ3MiOnsicG9zdF9pZCI6IjExNjE4In19@&#8221; button_text=&#8221;Daha fazla bilgi&#8221; _builder_version=&#8221;4.27.4&#8243; _dynamic_attributes=&#8221;button_url&#8221; _module_preset=&#8221;default&#8221; background_color=&#8221;RGBA(255,255,255,0)&#8221; custom_button=&#8221;on&#8221; button_text_color=&#8221;gcid-heading-color&#8221; button_bg_color=&#8221;RGBA(255,255,255,0)&#8221; button_border_width=&#8221;2px&#8221; button_border_color=&#8221;gcid-primary-color&#8221; text_orientation=&#8221;left&#8221; background_layout=&#8221;light&#8221; custom_padding=&#8221;0px|0px|0px|0px|true|true&#8221; global_colors_info=&#8221;{%22gcid-heading-color%22:%91%22button_text_color%22%93,%22gcid-primary-color%22:%91%22button_border_color%22%93,%22gcid-f52cc46c-103a-4f3e-bb71-6efb5f79ee25%22:%91%22button_bg_color__hover%22%93}&#8221; button_bg_color__hover_enabled=&#8221;on|hover&#8221; button_bg_color__hover=&#8221;#efefef&#8221; button_bg_enable_color__hover=&#8221;on&#8221;]<\/p>\n<p>End\u00fcstriyel makine ve tesislerin tasar\u0131m\u0131 ve \u00fcretimi.<\/p>\n<p>[\/et_pb_cta][\/et_pb_column][et_pb_column type=&#8221;1_3&#8243; _builder_version=&#8221;4.24.0&#8243; _module_preset=&#8221;default&#8221; global_colors_info=&#8221;{}&#8221;][et_pb_image src=&#8221;https:\/\/ironcad.eu\/wp-content\/uploads\/2025\/06\/Mock-Up-metaal.webp&#8221; title_text=&#8221;Mock Up metal&#8221; url=&#8221;@ET-DC@eyJkeW5hbWljIjp0cnVlLCJjb250ZW50IjoicG9zdF9saW5rX3VybF9wYWdlIiwic2V0dGluZ3MiOnsicG9zdF9pZCI6IjEyODE3In19@&#8221; _builder_version=&#8221;4.27.4&#8243; _dynamic_attributes=&#8221;url&#8221; _module_preset=&#8221;default&#8221; global_colors_info=&#8221;{}&#8221;][\/et_pb_image][et_pb_cta title=&#8221;Metal \u0130\u015fleme&#8221; button_url=&#8221;@ET-DC@eyJkeW5hbWljIjp0cnVlLCJjb250ZW50IjoicG9zdF9saW5rX3VybF9wYWdlIiwic2V0dGluZ3MiOnsicG9zdF9pZCI6IjEyODE3In19@&#8221; button_text=&#8221;Daha fazla bilgi&#8221; _builder_version=&#8221;4.27.4&#8243; _dynamic_attributes=&#8221;button_url&#8221; _module_preset=&#8221;default&#8221; background_color=&#8221;RGBA(255,255,255,0)&#8221; custom_button=&#8221;on&#8221; button_text_color=&#8221;gcid-heading-color&#8221; button_bg_color=&#8221;RGBA(255,255,255,0)&#8221; button_border_width=&#8221;2px&#8221; button_border_color=&#8221;gcid-primary-color&#8221; text_orientation=&#8221;left&#8221; background_layout=&#8221;light&#8221; custom_padding=&#8221;0px|0px|0px|0px|true|true&#8221; global_colors_info=&#8221;{%22gcid-heading-color%22:%91%22button_text_color%22%93,%22gcid-f52cc46c-103a-4f3e-bb71-6efb5f79ee25%22:%91%22button_bg_color__hover%22%93,%22gcid-primary-color%22:%91%22button_border_color%22%93}&#8221; button_bg_color__hover_enabled=&#8221;on|hover&#8221; button_bg_color__hover=&#8221;#efefef&#8221; button_bg_enable_color__hover=&#8221;on&#8221;]<\/p>\n<p>Metal par\u00e7alar\u0131n ve yap\u0131lar\u0131n hassas tasar\u0131m\u0131.<\/p>\n<p>[\/et_pb_cta][\/et_pb_column][et_pb_column type=&#8221;1_3&#8243; _builder_version=&#8221;4.24.0&#8243; _module_preset=&#8221;default&#8221; global_colors_info=&#8221;{}&#8221;][\/et_pb_column][\/et_pb_row][et_pb_row custom_padding_last_edited=&#8221;off|desktop&#8221; _builder_version=&#8221;4.27.4&#8243; _module_preset=&#8221;default&#8221; custom_padding=&#8221;1rem||1rem||true|false&#8221; global_colors_info=&#8221;{}&#8221; custom_padding__hover_enabled=&#8221;off|desktop&#8221;][et_pb_column type=&#8221;4_4&#8243; _builder_version=&#8221;4.27.4&#8243; _module_preset=&#8221;default&#8221; global_colors_info=&#8221;{}&#8221;][et_pb_divider color=&#8221;gcid-342b504c-af3f-4a0e-9bbf-cd80ba9f1957&#8243; divider_weight=&#8221;2px&#8221; _builder_version=&#8221;4.26.0&#8243; _module_preset=&#8221;default&#8221; custom_margin=&#8221;0px||0px||true|false&#8221; global_colors_info=&#8221;{%22gcid-342b504c-af3f-4a0e-9bbf-cd80ba9f1957%22:%91%22color%22%93}&#8221;][\/et_pb_divider][et_pb_text _builder_version=&#8221;4.27.4&#8243; _module_preset=&#8221;default&#8221; global_colors_info=&#8221;{}&#8221;]<\/p>\n<h2>\u00d6zel ve ki\u015fiselle\u015ftirilmi\u015f \u00e7\u00f6z\u00fcmler<\/h2>\n<p>[\/et_pb_text][\/et_pb_column][\/et_pb_row][et_pb_row column_structure=&#8221;1_3,1_3,1_3&#8243; custom_padding_last_edited=&#8221;off|desktop&#8221; _builder_version=&#8221;4.27.4&#8243; _module_preset=&#8221;default&#8221; custom_padding=&#8221;1rem||1rem||true|false&#8221; global_colors_info=&#8221;{}&#8221;][et_pb_column type=&#8221;1_3&#8243; _builder_version=&#8221;4.24.0&#8243; _module_preset=&#8221;default&#8221; global_colors_info=&#8221;{}&#8221;][et_pb_image src=&#8221;https:\/\/ironcad.eu\/wp-content\/uploads\/2025\/06\/Mock-Up-flightcase-2.webp&#8221; title_text=&#8221;Mock Up u\u00e7u\u015f \u00e7antas\u0131 2&#8243; _builder_version=&#8221;4.27.4&#8243; _module_preset=&#8221;default&#8221; global_colors_info=&#8221;{}&#8221;][\/et_pb_image][et_pb_cta title=&#8221;U\u00e7u\u015f \u00c7antalar\u0131&#8221; button_url=&#8221;@ET-DC@eyJkeW5hbWljIjp0cnVlLCJjb250ZW50IjoicG9zdF9saW5rX3VybF9wYWdlIiwic2V0dGluZ3MiOnsicG9zdF9pZCI6IjE2NTcyIn19@&#8221; button_text=&#8221;Daha fazla bilgi&#8221; _builder_version=&#8221;4.27.4&#8243; _dynamic_attributes=&#8221;button_url&#8221; _module_preset=&#8221;default&#8221; background_color=&#8221;RGBA(255,255,255,0)&#8221; custom_button=&#8221;on&#8221; button_text_color=&#8221;gcid-heading-color&#8221; button_bg_color=&#8221;RGBA(255,255,255,0)&#8221; button_border_width=&#8221;2px&#8221; button_border_color=&#8221;gcid-primary-color&#8221; text_orientation=&#8221;left&#8221; background_layout=&#8221;light&#8221; custom_padding=&#8221;0px|0px|0px|0px|true|true&#8221; global_colors_info=&#8221;{%22gcid-heading-color%22:%91%22button_text_color%22%93,%22gcid-f52cc46c-103a-4f3e-bb71-6efb5f79ee25%22:%91%22button_bg_color__hover%22%93,%22gcid-primary-color%22:%91%22button_border_color%22%93}&#8221; button_bg_color__hover_enabled=&#8221;on|hover&#8221; button_bg_color__hover=&#8221;#efefef&#8221; button_bg_enable_color__hover=&#8221;on&#8221;]<\/p>\n<p>Ekipmanlar\u0131n g\u00fcvenli bir \u015fekilde ta\u015f\u0131nmas\u0131 i\u00e7in \u00f6zel yap\u0131m kasalar.<\/p>\n<p>[\/et_pb_cta][\/et_pb_column][et_pb_column type=&#8221;1_3&#8243; _builder_version=&#8221;4.24.0&#8243; _module_preset=&#8221;default&#8221; global_colors_info=&#8221;{}&#8221;][et_pb_image src=&#8221;https:\/\/ironcad.eu\/wp-content\/uploads\/2025\/06\/Mockup-verpakking.webp&#8221; title_text=&#8221;Mockup ambalaj&#8221; url=&#8221;@ET-DC@eyJkeW5hbWljIjp0cnVlLCJjb250ZW50IjoicG9zdF9saW5rX3VybF9wYWdlIiwic2V0dGluZ3MiOnsicG9zdF9pZCI6IjEyODgyIn19@&#8221; _builder_version=&#8221;4.27.4&#8243; _dynamic_attributes=&#8221;url&#8221; _module_preset=&#8221;default&#8221; global_colors_info=&#8221;{}&#8221;][\/et_pb_image][et_pb_cta title=&#8221;Ambalaj tasar\u0131m\u0131&#8221; button_url=&#8221;@ET-DC@eyJkeW5hbWljIjp0cnVlLCJjb250ZW50IjoicG9zdF9saW5rX3VybF9wYWdlIiwic2V0dGluZ3MiOnsicG9zdF9pZCI6IjEyODgyIn19@&#8221; button_text=&#8221;Daha fazla bilgi&#8221; _builder_version=&#8221;4.27.4&#8243; _dynamic_attributes=&#8221;button_url&#8221; _module_preset=&#8221;default&#8221; background_color=&#8221;RGBA(255,255,255,0)&#8221; custom_button=&#8221;on&#8221; button_text_color=&#8221;gcid-heading-color&#8221; button_bg_color=&#8221;RGBA(255,255,255,0)&#8221; button_border_width=&#8221;2px&#8221; button_border_color=&#8221;gcid-primary-color&#8221; text_orientation=&#8221;left&#8221; background_layout=&#8221;light&#8221; custom_padding=&#8221;0px|0px|0px|0px|true|true&#8221; global_colors_info=&#8221;{%22gcid-heading-color%22:%91%22button_text_color%22%93,%22gcid-f52cc46c-103a-4f3e-bb71-6efb5f79ee25%22:%91%22button_bg_color__hover%22%93,%22gcid-primary-color%22:%91%22button_border_color%22%93}&#8221; button_bg_color__hover_enabled=&#8221;on|hover&#8221; button_bg_color__hover=&#8221;#efefef&#8221; button_bg_enable_color__hover=&#8221;on&#8221;]<\/p>\n<p>\u0130\u015flevsel ve s\u00fcrd\u00fcr\u00fclebilir ambalajlar tasarlay\u0131n.<\/p>\n<p>[\/et_pb_cta][\/et_pb_column][et_pb_column type=&#8221;1_3&#8243; _builder_version=&#8221;4.24.0&#8243; _module_preset=&#8221;default&#8221; global_colors_info=&#8221;{}&#8221;][\/et_pb_column][\/et_pb_row][et_pb_row custom_padding_last_edited=&#8221;off|desktop&#8221; _builder_version=&#8221;4.27.4&#8243; _module_preset=&#8221;default&#8221; custom_padding=&#8221;1rem||1rem||true|false&#8221; global_colors_info=&#8221;{}&#8221; custom_padding__hover_enabled=&#8221;off|desktop&#8221;][et_pb_column type=&#8221;4_4&#8243; _builder_version=&#8221;4.27.4&#8243; _module_preset=&#8221;default&#8221; global_colors_info=&#8221;{}&#8221;][et_pb_divider color=&#8221;gcid-342b504c-af3f-4a0e-9bbf-cd80ba9f1957&#8243; divider_weight=&#8221;2px&#8221; _builder_version=&#8221;4.26.0&#8243; _module_preset=&#8221;default&#8221; custom_margin=&#8221;0px||0px||true|false&#8221; global_colors_info=&#8221;{%22gcid-342b504c-af3f-4a0e-9bbf-cd80ba9f1957%22:%91%22color%22%93}&#8221;][\/et_pb_divider][et_pb_text _builder_version=&#8221;4.27.4&#8243; _module_preset=&#8221;default&#8221; global_colors_info=&#8221;{}&#8221;]<\/p>\n<h2>Denizcilik m\u00fchendisli\u011fi<\/h2>\n<p>[\/et_pb_text][\/et_pb_column][\/et_pb_row][et_pb_row column_structure=&#8221;1_3,1_3,1_3&#8243; custom_padding_last_edited=&#8221;off|desktop&#8221; _builder_version=&#8221;4.27.4&#8243; _module_preset=&#8221;default&#8221; custom_padding=&#8221;1rem||1rem||true|false&#8221; global_colors_info=&#8221;{}&#8221;][et_pb_column type=&#8221;1_3&#8243; _builder_version=&#8221;4.24.0&#8243; _module_preset=&#8221;default&#8221; global_colors_info=&#8221;{}&#8221;][et_pb_image src=&#8221;https:\/\/ironcad.eu\/wp-content\/uploads\/2025\/06\/Mock-Up-scheepsbouw.webp&#8221; title_text=&#8221;Gemi in\u015fa maketi&#8221; url=&#8221;@ET-DC@eyJkeW5hbWljIjp0cnVlLCJjb250ZW50IjoicG9zdF9saW5rX3VybF9wYWdlIiwic2V0dGluZ3MiOnsicG9zdF9pZCI6IjEyOTE0In19@&#8221; _builder_version=&#8221;4.27.4&#8243; _dynamic_attributes=&#8221;url&#8221; _module_preset=&#8221;default&#8221; global_colors_info=&#8221;{}&#8221;][\/et_pb_image][et_pb_cta title=&#8221;Denizcilik m\u00fchendisli\u011fi&#8221; button_url=&#8221;@ET-DC@eyJkeW5hbWljIjp0cnVlLCJjb250ZW50IjoicG9zdF9saW5rX3VybF9wYWdlIiwic2V0dGluZ3MiOnsicG9zdF9pZCI6IjEyOTE0In19@&#8221; button_text=&#8221;Daha fazla bilgi&#8221; _builder_version=&#8221;4.27.4&#8243; _dynamic_attributes=&#8221;button_url&#8221; _module_preset=&#8221;default&#8221; background_color=&#8221;RGBA(255,255,255,0)&#8221; custom_button=&#8221;on&#8221; button_text_color=&#8221;gcid-heading-color&#8221; button_bg_color=&#8221;RGBA(255,255,255,0)&#8221; button_border_width=&#8221;2px&#8221; button_border_color=&#8221;gcid-primary-color&#8221; text_orientation=&#8221;left&#8221; background_layout=&#8221;light&#8221; custom_padding=&#8221;0px|0px|0px|0px|true|true&#8221; global_colors_info=&#8221;{%22gcid-heading-color%22:%91%22button_text_color%22%93,%22gcid-f52cc46c-103a-4f3e-bb71-6efb5f79ee25%22:%91%22button_bg_color__hover%22%93,%22gcid-primary-color%22:%91%22button_border_color%22%93}&#8221; button_bg_color__hover_enabled=&#8221;on|hover&#8221; button_bg_color__hover=&#8221;#efefef&#8221; button_bg_enable_color__hover=&#8221;on&#8221;]<\/p>\n<p>G\u00f6vde, i\u00e7 mekan ve sistemler i\u00e7in tasar\u0131mdan in\u015faata kadar verimli.<\/p>\n<p>[\/et_pb_cta][\/et_pb_column][et_pb_column type=&#8221;1_3&#8243; _builder_version=&#8221;4.27.4&#8243; _module_preset=&#8221;default&#8221; global_colors_info=&#8221;{}&#8221;][\/et_pb_column][et_pb_column type=&#8221;1_3&#8243; _builder_version=&#8221;4.27.4&#8243; _module_preset=&#8221;default&#8221; global_colors_info=&#8221;{}&#8221;][\/et_pb_column][\/et_pb_row][\/et_pb_section][et_pb_section fb_built=&#8221;1&#8243; custom_padding_last_edited=&#8221;on|desktop&#8221; _builder_version=&#8221;4.27.4&#8243; _module_preset=&#8221;default&#8221; background_color=&#8221;gcid-f52cc46c-103a-4f3e-bb71-6efb5f79ee25&#8243; custom_margin=&#8221;||||false|false&#8221; custom_padding=&#8221;1rem||1rem||true|false&#8221; custom_padding_tablet=&#8221;1rem||1rem||true|false&#8221; custom_padding_phone=&#8221;1rem||1rem||true|false&#8221; border_color_top=&#8221;gcid-0d1a127e-4ce1-4bb0-9503-eafc35a82551&#8243; saved_tabs=&#8221;all&#8221; global_colors_info=&#8221;{%22gcid-0d1a127e-4ce1-4bb0-9503-eafc35a82551%22:%91%22border_color_top%22%93,%22gcid-f52cc46c-103a-4f3e-bb71-6efb5f79ee25%22:%91%22background_color%22%93}&#8221;][et_pb_row make_equal=&#8221;on&#8221; _builder_version=&#8221;4.24.0&#8243; _module_preset=&#8221;default&#8221; width=&#8221;100%&#8221; width_tablet=&#8221;100%&#8221; width_phone=&#8221;100%&#8221; max_width=&#8221;100%&#8221; global_colors_info=&#8221;{}&#8221;][et_pb_column type=&#8221;4_4&#8243; _builder_version=&#8221;4.23&#8243; _module_preset=&#8221;default&#8221; global_colors_info=&#8221;{}&#8221;][et_pb_text _builder_version=&#8221;4.24.0&#8243; _module_preset=&#8221;default&#8221; custom_margin=&#8221;||21px|||&#8221; global_colors_info=&#8221;{}&#8221;]<\/p>\n<h2 style=\"text-align: center;\">M\u00fc\u015fteri ba\u015far\u0131 \u00f6yk\u00fcleri<\/h2>\n<p>[\/et_pb_text][dipi_blog_slider posts_number=&#8221;8&#8243; select_post_type=&#8221;project&#8221; select_custom_tax=&#8221;project_category&#8221; include_term_ids_of_project_category=&#8221;67,49,68,48,65,47&#8243; orderby=&#8221;rand&#8221; show_author=&#8221;off&#8221; show_date=&#8221;off&#8221; columns=&#8221;4&#8243; navigation=&#8221;on&#8221; pagination=&#8221;off&#8221; navigation_prev_icon_yn=&#8221;on&#8221; navigation_next_icon_yn=&#8221;on&#8221; navigation_bg_color=&#8221;#FFFFFF&#8221; navigation_position_left=&#8221;60px&#8221; navigation_position_right=&#8221;60px&#8221; navigation_position_left_tablet=&#8221;20px&#8221; navigation_position_left_phone=&#8221;20px&#8221; navigation_position_right_tablet=&#8221;20px&#8221; navigation_position_right_phone=&#8221;20px&#8221; module_class=&#8221;referenties-slider&#8221; _builder_version=&#8221;4.27.4&#8243; _module_preset=&#8221;default&#8221; locked=&#8221;off&#8221; global_colors_info=&#8221;{%22gcid-3421bf6d-18b2-4c4f-a72e-22b2864b9384%22:%91%22navigation_color%22,%22pagination_color%22%93,%22gcid-342b504c-af3f-4a0e-9bbf-cd80ba9f1957%22:%91%22box_shadow_color_item%22%93,%22gcid-cec01bf0-fc62-410c-9831-380fd97d1c1b%22:%91%22header_text_color%22,%22pagination_active_color%22%93,%22gcid-d883c2cb-caee-4528-bec5-b8583b5b0c09%22:%91%22cat_text_color%22%93}&#8221;][\/dipi_blog_slider][\/et_pb_column][\/et_pb_row][\/et_pb_section]<\/p>\n","protected":false},"excerpt":{"rendered":"<p><nav aria-label=\"breadcrumbs\" class=\"rank-math-breadcrumb\"><p><span class=\"last\">Home<\/span><\/p><\/nav>IronCAD, i\u00e7 mekan ve sunum, end\u00fcstriyel \u00fcretim, \u00f6zel ve \u00f6zel tasar\u0131m ve deniz m\u00fchendisli\u011fi gibi sekt\u00f6rler i\u00e7in esnek bir CAD \u00e7\u00f6z\u00fcm\u00fcd\u00fcr. Tek bir g\u00fc\u00e7l\u00fc 3D paketi ile fikirden \u00fcretime kadar daha h\u0131zl\u0131 ve daha verimli tasar\u0131m yap\u0131n. \u0130\u00e7 mekan ve sunumHassasiyet ve \u00fcretilebilirli\u011fe odaklanarak tasar\u0131mdan \u00fcretime.Kuruluma ve nakliyeye haz\u0131r ak\u0131ll\u0131 mod\u00fcllerle g\u00f6z al\u0131c\u0131 fuar standlar\u0131 [&hellip;]<\/p>\n","protected":false},"author":1,"featured_media":0,"parent":0,"menu_order":20,"comment_status":"closed","ping_status":"closed","template":"","meta":{"_et_pb_use_builder":"on","_et_pb_old_content":"","_et_gb_content_width":"","_improvement_type_select":"improve_an_existing","_thumb_yes_seoaic":false,"_frame_yes_seoaic":false,"seoaic_generate_description":"","seoaic_improve_instructions_prompt":"","seoaic_rollback_content_improvement":"","seoaic_idea_thumbnail_generator":"","thumbnail_generated":false,"thumbnail_generate_prompt":"","seoaic_article_description":"","footnotes":"","advanced-sidebar-menu\/link-title":"","advanced-sidebar-menu\/exclude-page":false},"dipi_cpt_category":[],"class_list":["post-21111","page","type-page","status-publish","hentry"],"_links":{"self":[{"href":"https:\/\/ironcad.eu\/tr\/wp-json\/wp\/v2\/pages\/21111","targetHints":{"allow":["GET"]}}],"collection":[{"href":"https:\/\/ironcad.eu\/tr\/wp-json\/wp\/v2\/pages"}],"about":[{"href":"https:\/\/ironcad.eu\/tr\/wp-json\/wp\/v2\/types\/page"}],"author":[{"embeddable":true,"href":"https:\/\/ironcad.eu\/tr\/wp-json\/wp\/v2\/users\/1"}],"replies":[{"embeddable":true,"href":"https:\/\/ironcad.eu\/tr\/wp-json\/wp\/v2\/comments?post=21111"}],"version-history":[{"count":0,"href":"https:\/\/ironcad.eu\/tr\/wp-json\/wp\/v2\/pages\/21111\/revisions"}],"wp:attachment":[{"href":"https:\/\/ironcad.eu\/tr\/wp-json\/wp\/v2\/media?parent=21111"}],"wp:term":[{"taxonomy":"dipi_cpt_category","embeddable":true,"href":"https:\/\/ironcad.eu\/tr\/wp-json\/wp\/v2\/dipi_cpt_category?post=21111"}],"curies":[{"name":"wp","href":"https:\/\/api.w.org\/{rel}","templated":true}]}}