{"id":21118,"date":"2024-02-12T11:40:30","date_gmt":"2024-02-12T10:40:30","guid":{"rendered":"https:\/\/ironcad.eu\/ironcad\/ironcad-deneme-surumu\/"},"modified":"2026-03-23T16:25:08","modified_gmt":"2026-03-23T15:25:08","slug":"ironcad-deneme-surumu","status":"publish","type":"page","link":"https:\/\/ironcad.eu\/tr\/ironcad\/ironcad-deneme-surumu\/","title":{"rendered":"IronCAD deneme s\u00fcr\u00fcm\u00fc"},"content":{"rendered":"<p>[et_pb_section fb_built=&#8221;1&#8243; _builder_version=&#8221;4.24.0&#8243; _module_preset=&#8221;default&#8221; locked=&#8221;off&#8221; global_colors_info=&#8221;{}&#8221;][et_pb_row custom_padding_last_edited=&#8221;on|desktop&#8221; admin_label=&#8221;K\u0131r\u0131nt\u0131 izi&#8221; _builder_version=&#8221;4.27.4&#8243; _module_preset=&#8221;default&#8221; custom_padding=&#8221;0rem||||false|false&#8221; custom_padding_tablet=&#8221;0rem||||false|false&#8221; custom_padding_phone=&#8221;0rem||||false|false&#8221; global_module=&#8221;11007&#8243; saved_tabs=&#8221;all&#8221; collapsed=&#8221;off&#8221; global_colors_info=&#8221;{}&#8221;][et_pb_column type=&#8221;4_4&#8243; _builder_version=&#8221;4.24.0&#8243; _module_preset=&#8221;default&#8221; global_colors_info=&#8221;{}&#8221;][et_pb_code admin_label=&#8221;Kod&#8221; _builder_version=&#8221;4.27.4&#8243; _module_preset=&#8221;default&#8221; custom_css_main_element=&#8221;font-size: .7em;||text-transform: uppercase;&#8221; global_colors_info=&#8221;{}&#8221;]<nav aria-label=\"breadcrumbs\" class=\"rank-math-breadcrumb\"><p><span class=\"last\">Home<\/span><\/p><\/nav>[\/et_pb_code][\/et_pb_column][\/et_pb_row][et_pb_row _builder_version=&#8221;4.24.0&#8243; _module_preset=&#8221;default&#8221; custom_padding_tablet=&#8221;2rem||1rem||false|false&#8221; custom_padding_phone=&#8221;2rem||0rem||false|false&#8221; global_colors_info=&#8221;{}&#8221;][et_pb_column type=&#8221;4_4&#8243; _builder_version=&#8221;4.24.0&#8243; _module_preset=&#8221;default&#8221; global_colors_info=&#8221;{}&#8221;][et_pb_text _builder_version=&#8221;4.27.6&#8243; _module_preset=&#8221;default&#8221; global_colors_info=&#8221;{}&#8221;]<\/p>\n<h1>IronCAD deneme s\u00fcr\u00fcm\u00fc indir<\/h1>\n<h2>IronCAD&#8217;i \u00fccretsiz deneyin, 30 g\u00fcn tam eri\u015fim<\/h2>\n<p>IronCAD deneme s\u00fcr\u00fcm\u00fcn\u00fc indirin ve bu 3D CAD yaz\u0131l\u0131m\u0131n\u0131n nas\u0131l \u00e7al\u0131\u015ft\u0131\u011f\u0131n\u0131 kendiniz deneyimleyin. G\u00fc\u00e7l\u00fc ve sezgisel CAD yaz\u0131l\u0131m\u0131 ile konseptten \u00fcretime daha h\u0131zl\u0131 \u00e7al\u0131\u015f\u0131n. Formu doldurun ve indirme ba\u011flant\u0131s\u0131n\u0131 hemen al\u0131n.  <\/p>\n<p>[\/et_pb_text][\/et_pb_column][\/et_pb_row][et_pb_row column_structure=&#8221;3_5,2_5&#8243; _builder_version=&#8221;4.27.6&#8243; _module_preset=&#8221;default&#8221; custom_padding_tablet=&#8221;2rem||1rem||false|false&#8221; custom_padding_phone=&#8221;2rem||0rem||false|false&#8221; global_colors_info=&#8221;{}&#8221;][et_pb_column type=&#8221;3_5&#8243; _builder_version=&#8221;4.27.6&#8243; _module_preset=&#8221;default&#8221; background_color=&#8221;RGBA(255,255,255,0)&#8221; custom_padding=&#8221;2rem|2rem|2rem|2rem|true|true&#8221; border_radii=&#8221;on|8px|8px|8px|8px&#8221; border_width_all=&#8221;2px&#8221; border_color_all=&#8221;gcid-f52cc46c-103a-4f3e-bb71-6efb5f79ee25&#8243; box_shadow_style=&#8221;preset3&#8243; global_colors_info=&#8221;{%22gcid-f52cc46c-103a-4f3e-bb71-6efb5f79ee25%22:%91%22border_color_all%22%93}&#8221;][et_pb_text _builder_version=&#8221;4.27.6&#8243; _module_preset=&#8221;default&#8221; global_colors_info=&#8221;{}&#8221;]<\/p>\n<h2>IronCAD deneme s\u00fcr\u00fcm\u00fcn\u00fcz\u00fc indirin<\/h2>\n<p>[\/et_pb_text][dipi_gravity_forms_styler gf_form_id=&#8221;5&#8243; form_title=&#8221;hide&#8221; form_desc=&#8221;hide&#8221; _builder_version=&#8221;4.27.6&#8243; _module_preset=&#8221;default&#8221; global_colors_info=&#8221;{}&#8221;][\/dipi_gravity_forms_styler][\/et_pb_column][et_pb_column type=&#8221;2_5&#8243; _builder_version=&#8221;4.27.6&#8243; _module_preset=&#8221;default&#8221; background_color=&#8221;RGBA(255,255,255,0)&#8221; custom_padding=&#8221;2rem|2rem|2rem|2rem|true|true&#8221; border_radii=&#8221;on|8px|8px|8px|8px&#8221; border_width_all=&#8221;2px&#8221; border_color_all=&#8221;gcid-f52cc46c-103a-4f3e-bb71-6efb5f79ee25&#8243; box_shadow_style=&#8221;preset3&#8243; global_colors_info=&#8221;{%22gcid-f52cc46c-103a-4f3e-bb71-6efb5f79ee25%22:%91%22border_color_all%22%93}&#8221;][et_pb_text _builder_version=&#8221;4.27.6&#8243; _module_preset=&#8221;default&#8221; global_colors_info=&#8221;{}&#8221;]<\/p>\n<h3>Bekleyebilece\u011finiz \u015fey bu:<\/h3>\n<ul>\n<li>Tam s\u00fcr\u00fcm, k\u0131s\u0131tlama yok<\/li>\n<li>30 g\u00fcnl\u00fck \u00fccretsiz deneme<\/li>\n<li>Sezgisel 3D modelleme<\/li>\n<li>Konseptten \u00fcretime h\u0131zl\u0131 ge\u00e7i\u015f<\/li>\n<\/ul>\n<p>\u2b50 D\u00fcnya \u00e7ap\u0131nda 100.000&#8217;den fazla kullan\u0131c\u0131 taraf\u0131ndan kullan\u0131lmaktad\u0131r<\/p>\n<p>[\/et_pb_text][et_pb_image src=&#8221;https:\/\/ironcad.eu\/wp-content\/uploads\/2024\/04\/Dynfos-algemeen-18-scaled-e1713534353656.webp&#8221; alt=&#8221;IronCAD CAD yaz\u0131l\u0131m\u0131n\u0131n paketlenmesi.&#8221; title_text=&#8221;Dynfos-genel-18&#8243; _builder_version=&#8221;4.27.4&#8243; _module_preset=&#8221;default&#8221; border_radii=&#8221;on|8px|8px|8px|8px&#8221; box_shadow_style=&#8221;preset2&#8243; global_colors_info=&#8221;{}&#8221;][\/et_pb_image][\/et_pb_column][\/et_pb_row][\/et_pb_section][et_pb_section fb_built=&#8221;1&#8243; _builder_version=&#8221;4.27.6&#8243; _module_preset=&#8221;default&#8221; background_color=&#8221;gcid-f52cc46c-103a-4f3e-bb71-6efb5f79ee25&#8243; global_colors_info=&#8221;{%22gcid-f52cc46c-103a-4f3e-bb71-6efb5f79ee25%22:%91%22background_color%22%93}&#8221;][et_pb_row _builder_version=&#8221;4.27.6&#8243; _module_preset=&#8221;default&#8221; global_colors_info=&#8221;{}&#8221;][et_pb_column type=&#8221;4_4&#8243; _builder_version=&#8221;4.27.6&#8243; _module_preset=&#8221;default&#8221; global_colors_info=&#8221;{}&#8221;][et_pb_text _builder_version=&#8221;4.27.6&#8243; _module_preset=&#8221;default&#8221; global_colors_info=&#8221;{}&#8221;]<\/p>\n<h2>Ba\u015fvurunuzdan sonra ne olacak?<\/h2>\n<ul>\n<li>\u0130ndirme ba\u011flant\u0131s\u0131n\u0131 hemen e-posta ile alacaks\u0131n\u0131z<\/li>\n<li>Hemen y\u00fcklemeye ba\u015flayabilirsiniz<\/li>\n<li><a href=\"https:\/\/ironcad.eu\/tr\/ironcad-baslangic-egitimleri\/\" target=\"_blank\" rel=\"noopener\">Ba\u015flang\u0131\u00e7 e\u011fitimleri ile ba\u015flay\u0131n ve<\/a> ilk 3B modelinizi olu\u015fturun<\/li>\n<\/ul>\n<p>[\/et_pb_text][et_pb_text _builder_version=&#8221;4.27.6&#8243; _module_preset=&#8221;default&#8221; global_colors_info=&#8221;{}&#8221;]<\/p>\n<h3>Neden IronCAD&#8217;i denemelisiniz?<\/h3>\n<p>IronCAD, daha h\u0131zl\u0131 \u00e7al\u0131\u015fmak isteyen m\u00fchendisler ve tasar\u0131mc\u0131lar i\u00e7in g\u00fc\u00e7l\u00fc bir 3D CAD yaz\u0131l\u0131m\u0131d\u0131r. Geleneksel CAD sistemlerinin aksine, do\u011frudan 3D olarak \u00e7al\u0131\u015f\u0131r ve karma\u015f\u0131k ad\u0131mlar olmadan tasar\u0131mlar\u0131 esnek bir \u015fekilde uyarlars\u0131n\u0131z. <\/p>\n<p>\u0130ster i\u00e7 tasar\u0131m, ister makine m\u00fchendisli\u011fi, \u00fcr\u00fcn geli\u015ftirme veya m\u00fchendislik alan\u0131nda \u00e7al\u0131\u015f\u0131yor olun, IronCAD daha verimli tasar\u0131m yapman\u0131z\u0131 ve fikirden \u00fcretime daha h\u0131zl\u0131 \u00e7al\u0131\u015fman\u0131z\u0131 sa\u011flar.<\/p>\n<p>[\/et_pb_text][\/et_pb_column][\/et_pb_row][\/et_pb_section][et_pb_section fb_built=&#8221;1&#8243; _builder_version=&#8221;4.27.6&#8243; _module_preset=&#8221;default&#8221; background_color=&#8221;RGBA(255,255,255,0)&#8221; custom_margin=&#8221;0px||||false|false&#8221; border_color_top=&#8221;gcid-0d1a127e-4ce1-4bb0-9503-eafc35a82551&#8243; locked=&#8221;off&#8221; global_colors_info=&#8221;{%22gcid-0d1a127e-4ce1-4bb0-9503-eafc35a82551%22:%91%22border_color_top%22%93}&#8221;][et_pb_row make_equal=&#8221;on&#8221; _builder_version=&#8221;4.24.1&#8243; _module_preset=&#8221;default&#8221; width=&#8221;100%&#8221; width_tablet=&#8221;100%&#8221; width_phone=&#8221;100%&#8221; width_last_edited=&#8221;on|desktop&#8221; max_width=&#8221;2560px&#8221; global_colors_info=&#8221;{}&#8221;][et_pb_column type=&#8221;4_4&#8243; _builder_version=&#8221;4.23&#8243; _module_preset=&#8221;default&#8221; global_colors_info=&#8221;{}&#8221;][et_pb_text _builder_version=&#8221;4.27.6&#8243; _module_preset=&#8221;default&#8221; custom_margin=&#8221;||-1px||false|false&#8221; custom_padding=&#8221;|5%||5%|false|true&#8221; custom_padding_tablet=&#8221;|5%||5%|false|true&#8221; custom_padding_phone=&#8221;|5%||5%|false|true&#8221; custom_padding_last_edited=&#8221;on|desktop&#8221; global_colors_info=&#8221;{}&#8221;]<\/p>\n<h2 style=\"text-align: center;\">Kullan\u0131c\u0131lar neden IronCAD&#8217;i se\u00e7iyor?<\/h2>\n<p>[\/et_pb_text][dipi_blog_slider select_post_type=&#8221;project&#8221; select_custom_tax=&#8221;project_category&#8221; include_term_ids_of_project_category=&#8221;all&#8221; thumbnail_height=&#8221;280px&#8221; orderby=&#8221;rand&#8221; show_author=&#8221;off&#8221; show_date=&#8221;off&#8221; columns=&#8221;3&#8243; loop=&#8221;on&#8221; autoplay=&#8221;on&#8221; autoplay_speed=&#8221;2500&#8243; pagination=&#8221;off&#8221; dynamic_bullets=&#8221;off&#8221; navigation_prev_icon_yn=&#8221;on&#8221; navigation_next_icon_yn=&#8221;on&#8221; item_bg_color=&#8221;gcid-f52cc46c-103a-4f3e-bb71-6efb5f79ee25&#8243; thumbnail_height_tablet=&#8221;200px&#8221; thumbnail_height_phone=&#8221;160px&#8221; thumbnail_height_last_edited=&#8221;on|desktop&#8221; _builder_version=&#8221;4.27.6&#8243; _module_preset=&#8221;default&#8221; global_colors_info=&#8221;{%22gcid-3421bf6d-18b2-4c4f-a72e-22b2864b9384%22:%91%22navigation_color%22,%22pagination_color%22,%22navigation_color%22,%22pagination_color%22,%22navigation_color%22,%22pagination_color%22%93,%22gcid-f52cc46c-103a-4f3e-bb71-6efb5f79ee25%22:%91%22item_bg_color%22%93}&#8221;][\/dipi_blog_slider][\/et_pb_column][\/et_pb_row][\/et_pb_section][et_pb_section fb_built=&#8221;1&#8243; _builder_version=&#8221;4.27.6&#8243; _module_preset=&#8221;default&#8221; background_color=&#8221;gcid-f52cc46c-103a-4f3e-bb71-6efb5f79ee25&#8243; global_colors_info=&#8221;{%22gcid-f52cc46c-103a-4f3e-bb71-6efb5f79ee25%22:%91%22background_color%22%93}&#8221;][et_pb_row _builder_version=&#8221;4.27.6&#8243; _module_preset=&#8221;default&#8221; global_colors_info=&#8221;{}&#8221;][et_pb_column type=&#8221;4_4&#8243; _builder_version=&#8221;4.27.6&#8243; _module_preset=&#8221;default&#8221; global_colors_info=&#8221;{}&#8221;][et_pb_text _builder_version=&#8221;4.27.6&#8243; _module_preset=&#8221;default&#8221; global_colors_info=&#8221;{}&#8221;]<\/p>\n<h2>S\u0131k\u00e7a sorulan sorular<\/h2>\n<p>[\/et_pb_text][dipi_faq faq_categories=&#8221;403&#8243; _builder_version=&#8221;4.27.6&#8243; _module_preset=&#8221;default&#8221; hover_enabled=&#8221;0&#8243; global_colors_info=&#8221;{}&#8221; sticky_enabled=&#8221;0&#8243;][\/dipi_faq][\/et_pb_column][\/et_pb_row][\/et_pb_section]<\/p>\n","protected":false},"excerpt":{"rendered":"<p>IronCAD deneme s\u00fcr\u00fcm\u00fcn\u00fc indirin ve 30 g\u00fcn \u00fccretsiz deneyin. G\u00fc\u00e7l\u00fc ve sezgisel 3D CAD yaz\u0131l\u0131m\u0131n\u0131 ke\u015ffedin. Hemen ba\u015flay\u0131n.  <\/p>\n","protected":false},"author":1,"featured_media":0,"parent":20746,"menu_order":36,"comment_status":"closed","ping_status":"closed","template":"","meta":{"_et_pb_use_builder":"on","_et_pb_old_content":"","_et_gb_content_width":"","_improvement_type_select":"improve_an_existing","_thumb_yes_seoaic":false,"_frame_yes_seoaic":false,"seoaic_generate_description":"","seoaic_improve_instructions_prompt":"","seoaic_rollback_content_improvement":"","seoaic_idea_thumbnail_generator":"","thumbnail_generated":false,"thumbnail_generate_prompt":"","seoaic_article_description":"","footnotes":"","advanced-sidebar-menu\/link-title":"","advanced-sidebar-menu\/exclude-page":false},"dipi_cpt_category":[],"class_list":["post-21118","page","type-page","status-publish","hentry"],"_links":{"self":[{"href":"https:\/\/ironcad.eu\/tr\/wp-json\/wp\/v2\/pages\/21118","targetHints":{"allow":["GET"]}}],"collection":[{"href":"https:\/\/ironcad.eu\/tr\/wp-json\/wp\/v2\/pages"}],"about":[{"href":"https:\/\/ironcad.eu\/tr\/wp-json\/wp\/v2\/types\/page"}],"author":[{"embeddable":true,"href":"https:\/\/ironcad.eu\/tr\/wp-json\/wp\/v2\/users\/1"}],"replies":[{"embeddable":true,"href":"https:\/\/ironcad.eu\/tr\/wp-json\/wp\/v2\/comments?post=21118"}],"version-history":[{"count":5,"href":"https:\/\/ironcad.eu\/tr\/wp-json\/wp\/v2\/pages\/21118\/revisions"}],"predecessor-version":[{"id":28417,"href":"https:\/\/ironcad.eu\/tr\/wp-json\/wp\/v2\/pages\/21118\/revisions\/28417"}],"up":[{"embeddable":true,"href":"https:\/\/ironcad.eu\/tr\/wp-json\/wp\/v2\/pages\/20746"}],"wp:attachment":[{"href":"https:\/\/ironcad.eu\/tr\/wp-json\/wp\/v2\/media?parent=21118"}],"wp:term":[{"taxonomy":"dipi_cpt_category","embeddable":true,"href":"https:\/\/ironcad.eu\/tr\/wp-json\/wp\/v2\/dipi_cpt_category?post=21118"}],"curies":[{"name":"wp","href":"https:\/\/api.w.org\/{rel}","templated":true}]}}