{"id":21122,"date":"2024-02-13T15:30:26","date_gmt":"2024-02-13T14:30:26","guid":{"rendered":"https:\/\/ironcad.eu\/ironcad\/egitim-lisansi\/"},"modified":"2026-03-20T16:32:06","modified_gmt":"2026-03-20T15:32:06","slug":"egitim-lisansi","status":"publish","type":"page","link":"https:\/\/ironcad.eu\/tr\/ironcad\/egitim-lisansi\/","title":{"rendered":"E\u011fitim lisans\u0131"},"content":{"rendered":"<p>[et_pb_section fb_built=&#8221;1&#8243; _builder_version=&#8221;4.27.4&#8243; _module_preset=&#8221;default&#8221; custom_padding=&#8221;1rem||1rem||true|false&#8221; locked=&#8221;off&#8221; global_colors_info=&#8221;{}&#8221;][et_pb_row custom_padding_last_edited=&#8221;on|desktop&#8221; admin_label=&#8221;K\u0131r\u0131nt\u0131 izi&#8221; _builder_version=&#8221;4.27.4&#8243; _module_preset=&#8221;default&#8221; custom_padding=&#8221;0rem||||false|false&#8221; custom_padding_tablet=&#8221;0rem||||false|false&#8221; custom_padding_phone=&#8221;0rem||||false|false&#8221; global_module=&#8221;11007&#8243; saved_tabs=&#8221;all&#8221; collapsed=&#8221;off&#8221; global_colors_info=&#8221;{}&#8221;][et_pb_column type=&#8221;4_4&#8243; _builder_version=&#8221;4.24.0&#8243; _module_preset=&#8221;default&#8221; global_colors_info=&#8221;{}&#8221;][et_pb_code admin_label=&#8221;Kod&#8221; _builder_version=&#8221;4.27.4&#8243; _module_preset=&#8221;default&#8221; custom_css_main_element=&#8221;font-size: .7em;||text-transform: uppercase;&#8221; global_colors_info=&#8221;{}&#8221;]<nav aria-label=\"breadcrumbs\" class=\"rank-math-breadcrumb\"><p><span class=\"last\">Home<\/span><\/p><\/nav>[\/et_pb_code][\/et_pb_column][\/et_pb_row][et_pb_row column_structure=&#8221;3_4,1_4&#8243; custom_padding_last_edited=&#8221;off|desktop&#8221; _builder_version=&#8221;4.27.4&#8243; _module_preset=&#8221;default&#8221; custom_padding=&#8221;1rem||1rem||true|false&#8221; custom_padding_tablet=&#8221;2rem||1rem||false|false&#8221; custom_padding_phone=&#8221;2rem||0rem||false|false&#8221; global_colors_info=&#8221;{}&#8221;][et_pb_column type=&#8221;3_4&#8243; _builder_version=&#8221;4.24.0&#8243; _module_preset=&#8221;default&#8221; global_colors_info=&#8221;{}&#8221;][et_pb_post_title _builder_version=&#8221;4.27.4&#8243; _module_preset=&#8221;default&#8221; custom_margin=&#8221;||0px||false|false&#8221; global_colors_info=&#8221;{}&#8221;][\/et_pb_post_title][et_pb_text _builder_version=&#8221;4.27.4&#8243; _module_preset=&#8221;default&#8221; global_colors_info=&#8221;{}&#8221;]<\/p>\n<h2>Teknik ve yarat\u0131c\u0131 e\u011fitim alan \u00f6\u011frenciler i\u00e7in \u00fccretsiz CAD yaz\u0131l\u0131m\u0131<\/h2>\n<p>E\u011fitiminiz i\u00e7in g\u00fc\u00e7l\u00fc bir 3D CAD yaz\u0131l\u0131m\u0131 arayan bir \u00f6\u011frenci misiniz? IronCAD e\u011fitim lisans\u0131 ile \u00f6\u011frenciler IronCAD&#8217;in tam s\u00fcr\u00fcm\u00fcne \u00fccretsiz eri\u015febilirler. Bu lisans \u00f6zellikle makine m\u00fchendisli\u011fi, end\u00fcstriyel tasar\u0131m, i\u00e7 tasar\u0131m ve mobilya \u00fcretimi gibi teknik ve yarat\u0131c\u0131 disiplinlerde e\u011fitim ama\u00e7l\u0131 kullan\u0131m i\u00e7in tasarlanm\u0131\u015ft\u0131r.  <\/p>\n<p>[\/et_pb_text][\/et_pb_column][et_pb_column type=&#8221;1_4&#8243; _builder_version=&#8221;4.24.0&#8243; _module_preset=&#8221;default&#8221; global_colors_info=&#8221;{}&#8221;][et_pb_image src=&#8221;https:\/\/ironcad.eu\/wp-content\/uploads\/2025\/09\/Transparant-background-IronCAD-r.webp&#8221; alt=&#8221;IronCAD CAD yaz\u0131l\u0131m\u0131n\u0131n paketlenmesi.&#8221; title_text=&#8221;\u015eeffaf arka plan IronCAD r&#8221; _builder_version=&#8221;4.27.4&#8243; _module_preset=&#8221;default&#8221; hover_enabled=&#8221;0&#8243; global_colors_info=&#8221;{}&#8221; sticky_enabled=&#8221;0&#8243;][\/et_pb_image][\/et_pb_column][\/et_pb_row][\/et_pb_section][et_pb_section fb_built=&#8221;1&#8243; custom_padding_last_edited=&#8221;off|desktop&#8221; _builder_version=&#8221;4.27.4&#8243; _module_preset=&#8221;default&#8221; background_color=&#8221;gcid-f52cc46c-103a-4f3e-bb71-6efb5f79ee25&#8243; global_colors_info=&#8221;{%22gcid-f52cc46c-103a-4f3e-bb71-6efb5f79ee25%22:%91%22background_color%22%93}&#8221;][et_pb_row column_structure=&#8221;1_2,1_2&#8243; custom_padding_last_edited=&#8221;off|desktop&#8221; _builder_version=&#8221;4.27.4&#8243; _module_preset=&#8221;default&#8221; custom_padding=&#8221;1rem||0rem||false|false&#8221; global_colors_info=&#8221;{}&#8221;][et_pb_column type=&#8221;1_2&#8243; _builder_version=&#8221;4.27.4&#8243; _module_preset=&#8221;default&#8221; global_colors_info=&#8221;{}&#8221;][et_pb_blurb title=&#8221;E\u011fitim lisans\u0131 ko\u015fullar\u0131&#8221; use_icon=&#8221;on&#8221; font_icon=&#8221;&#xf022;||fa||900&#8243; icon_placement=&#8221;left&#8221; _builder_version=&#8221;4.27.4&#8243; _module_preset=&#8221;default&#8221; custom_margin=&#8221;||0rem||false|false&#8221; global_colors_info=&#8221;{}&#8221;]<\/p>\n<p>IronCAD \u00f6\u011fretmenlik lisans\u0131na sahip olmak i\u00e7in a\u015fa\u011f\u0131daki \u00f6zelliklere sahip olman\u0131z gerekir:<\/p>\n<ul>\n<li>Ge\u00e7erli bir \u00f6\u011frenci kimlik kart\u0131<\/li>\n<li>Veya tan\u0131nm\u0131\u015f bir e\u011fitim kurumuna kay\u0131t belgesi<\/li>\n<\/ul>\n<p>[\/et_pb_blurb][\/et_pb_column][et_pb_column type=&#8221;1_2&#8243; _builder_version=&#8221;4.27.4&#8243; _module_preset=&#8221;default&#8221; global_colors_info=&#8221;{}&#8221;][et_pb_blurb title=&#8221;E\u011fitim lisans\u0131 \u00f6zellikleri&#8221; use_icon=&#8221;on&#8221; font_icon=&#8221;&#xe072;||divi||400&#8243; icon_placement=&#8221;left&#8221; _builder_version=&#8221;4.27.4&#8243; _module_preset=&#8221;default&#8221; custom_margin=&#8221;||0rem||false|false&#8221; global_colors_info=&#8221;{}&#8221;]<\/p>\n<ul>\n<li>Lisans \u00f6\u011frenciler taraf\u0131ndan \u00fccretsiz olarak kullan\u0131labilir<\/li>\n<li>Tam i\u015flevsellik: ticari s\u00fcr\u00fcme k\u0131yasla k\u0131s\u0131tlama yok<\/li>\n<li>Bir okul y\u0131l\u0131 i\u00e7in ge\u00e7erlidir ve kay\u0131t s\u0131ras\u0131nda y\u0131ll\u0131k olarak yenilenebilir<\/li>\n<\/ul>\n<p>[\/et_pb_blurb][\/et_pb_column][\/et_pb_row][et_pb_row custom_padding_last_edited=&#8221;off|desktop&#8221; _builder_version=&#8221;4.27.4&#8243; _module_preset=&#8221;default&#8221; custom_padding=&#8221;1rem||1rem||true|false&#8221; global_colors_info=&#8221;{}&#8221;][et_pb_column type=&#8221;4_4&#8243; _builder_version=&#8221;4.27.4&#8243; _module_preset=&#8221;default&#8221; global_colors_info=&#8221;{}&#8221;][et_pb_text _builder_version=&#8221;4.27.4&#8243; _module_preset=&#8221;default&#8221; global_colors_info=&#8221;{}&#8221;]<\/p>\n<p>Lisans\u0131n\u0131z i\u00e7in \u015fimdi ba\u015fvurun ve i\u015f d\u00fcnyas\u0131nda ve e\u011fitimde kullan\u0131lan profesyonel CAD yaz\u0131l\u0131m\u0131 ile hemen \u00e7al\u0131\u015fmaya ba\u015flay\u0131n.<\/p>\n<p>[\/et_pb_text][et_pb_button button_url=&#8221;https:\/\/www.ironcad.com\/student\/#student-license-form&#8221; url_new_window=&#8221;on&#8221; button_text=&#8221;\u00d6\u011fretmenlik lisans\u0131 i\u00e7in ba\u015fvurun&#8221; _builder_version=&#8221;4.27.4&#8243; _module_preset=&#8221;default&#8221; button_bg_color=&#8221;gcid-cec01bf0-fc62-410c-9831-380fd97d1c1b&#8221; global_colors_info=&#8221;{%22gcid-3421bf6d-18b2-4c4f-a72e-22b2864b9384%22:%91%22button_bg_color%22,%22button_bg_color__hover%22%93,%22gcid-cec01bf0-fc62-410c-9831-380fd97d1c1b%22:%91%22button_bg_color%22%93}&#8221; button_bg_color__hover=&#8221;#474747&#8243;][\/et_pb_button][\/et_pb_column][\/et_pb_row][\/et_pb_section][et_pb_section fb_built=&#8221;1&#8243; _builder_version=&#8221;4.27.4&#8243; _module_preset=&#8221;default&#8221; background_color=&#8221;RGBA(255,255,255,0)&#8221; global_colors_info=&#8221;{}&#8221;][et_pb_row _builder_version=&#8221;4.24.2&#8243; _module_preset=&#8221;default&#8221; custom_padding=&#8221;1rem||1rem||true|false&#8221; global_colors_info=&#8221;{}&#8221;][et_pb_column type=&#8221;4_4&#8243; _builder_version=&#8221;4.24.2&#8243; _module_preset=&#8221;default&#8221; global_colors_info=&#8221;{}&#8221;][et_pb_text _builder_version=&#8221;4.27.4&#8243; _module_preset=&#8221;default&#8221; global_colors_info=&#8221;{}&#8221;]<\/p>\n<h2>E\u011fitimde IronCAD<\/h2>\n<p>IronCAD uzun y\u0131llard\u0131r Hollanda e\u011fitiminde ba\u015far\u0131yla kullan\u0131lmaktad\u0131r. Bir\u00e7ok mbo ve hbo kurumu, 3D modelleme, \u00fcr\u00fcn geli\u015ftirme ve i\u00e7 tasar\u0131m dersleri i\u00e7in IronCAD&#8217;i kullanmaktad\u0131r. <\/p>\n<p>[\/et_pb_text][\/et_pb_column][\/et_pb_row][et_pb_row column_structure=&#8221;2_3,1_3&#8243; _builder_version=&#8221;4.24.2&#8243; _module_preset=&#8221;default&#8221; custom_padding=&#8221;1rem||1rem||true|false&#8221; global_colors_info=&#8221;{}&#8221;][et_pb_column type=&#8221;2_3&#8243; _builder_version=&#8221;4.24.2&#8243; _module_preset=&#8221;default&#8221; global_colors_info=&#8221;{}&#8221;][et_pb_text _builder_version=&#8221;4.27.6&#8243; _module_preset=&#8221;default&#8221; hover_enabled=&#8221;0&#8243; global_colors_info=&#8221;{}&#8221; sticky_enabled=&#8221;0&#8243;]<\/p>\n<h3><span style=\"color: #1694b2;\">Ah\u015fap ve mobilya \u00fcniversitesi<\/span><\/h3>\n<p><a href=\"https:\/\/hmcollege.nl\/\" target=\"_blank\" rel=\"noopener nofollow\">HMC&#8217;de<\/a> \u00f6\u011frenciler mobilya tasarlamak ve i\u00e7 mekanlar\u0131 tamamlamak i\u00e7in g\u00fcnl\u00fck olarak IronCAD ile \u00e7al\u0131\u015fmaktad\u0131r. IronCAD, mobilya ve i\u00e7 tasar\u0131m alan\u0131ndaki mesleki kurslar i\u00e7in m\u00fcfredat\u0131n ayr\u0131lmaz bir par\u00e7as\u0131d\u0131r. <\/p>\n<p>Amsterdam Hout- en Meubileringscollege Docent&#8217;\u0131 Bram Bekkers,<em>&#8220;HMC \u00f6\u011frencilerinin mobilyalar\u0131 modelleme h\u0131z\u0131, onu her zanaatk\u00e2r i\u00e7in ideal bir ara\u00e7 haline getiriyor<\/em>&#8221; dedi.<\/p>\n<p>[\/et_pb_text][\/et_pb_column][et_pb_column type=&#8221;1_3&#8243; _builder_version=&#8221;4.24.2&#8243; _module_preset=&#8221;default&#8221; global_colors_info=&#8221;{}&#8221;][et_pb_image src=&#8221;https:\/\/ironcad.eu\/wp-content\/uploads\/2024\/02\/hmc-logo.svg&#8221; title_text=&#8221;hmc logosu&#8221; url_new_window=&#8221;on&#8221; align=&#8221;center&#8221; _builder_version=&#8221;4.27.6&#8243; _module_preset=&#8221;default&#8221; max_height=&#8221;100px&#8221; hover_enabled=&#8221;0&#8243; global_colors_info=&#8221;{}&#8221; sticky_enabled=&#8221;0&#8243;][\/et_pb_image][\/et_pb_column][\/et_pb_row][et_pb_row column_structure=&#8221;2_3,1_3&#8243; _builder_version=&#8221;4.24.2&#8243; _module_preset=&#8221;default&#8221; custom_padding=&#8221;1rem||1rem||true|false&#8221; global_colors_info=&#8221;{}&#8221;][et_pb_column type=&#8221;2_3&#8243; _builder_version=&#8221;4.24.2&#8243; _module_preset=&#8221;default&#8221; global_colors_info=&#8221;{}&#8221;][et_pb_text _builder_version=&#8221;4.27.4&#8243; _module_preset=&#8221;default&#8221; global_colors_info=&#8221;{}&#8221;]<\/p>\n<h3><span style=\"color: #1694b2;\">ROC van Twente<\/span><\/h3>\n<p>IronCAD, 2024 y\u0131l\u0131ndan itibaren ROC van Twente m\u00fcfredat\u0131na dahil edilmi\u015ftir. Yaz\u0131l\u0131m, \u00f6\u011frencileri teknik \u00e7izimler ve 3D modeller geli\u015ftirme konusunda desteklemektedir. <\/p>\n<p>[\/et_pb_text][\/et_pb_column][et_pb_column type=&#8221;1_3&#8243; _builder_version=&#8221;4.24.2&#8243; _module_preset=&#8221;default&#8221; global_colors_info=&#8221;{}&#8221;][et_pb_image src=&#8221;https:\/\/ironcad.eu\/wp-content\/uploads\/2024\/03\/roc-van-twente-scaled.webp&#8221; title_text=&#8221;roc-van-twente&#8221; url=&#8221;https:\/\/www.rocvantwente.nl\/&#8221; url_new_window=&#8221;on&#8221; align=&#8221;center&#8221; _builder_version=&#8221;4.27.6&#8243; _module_preset=&#8221;default&#8221; max_height=&#8221;100px&#8221; hover_enabled=&#8221;0&#8243; global_colors_info=&#8221;{}&#8221; sticky_enabled=&#8221;0&#8243;][\/et_pb_image][\/et_pb_column][\/et_pb_row][et_pb_row column_structure=&#8221;2_3,1_3&#8243; _builder_version=&#8221;4.24.2&#8243; _module_preset=&#8221;default&#8221; custom_padding=&#8221;1rem||1rem||true|false&#8221; global_colors_info=&#8221;{}&#8221;][et_pb_column type=&#8221;2_3&#8243; _builder_version=&#8221;4.24.2&#8243; _module_preset=&#8221;default&#8221; global_colors_info=&#8221;{}&#8221;][et_pb_text _builder_version=&#8221;4.27.4&#8243; _module_preset=&#8221;default&#8221; global_colors_info=&#8221;{}&#8221;]<\/p>\n<h3><span style=\"color: #1694b2;\">Forta<\/span><\/h3>\n<p>Forta, 2023 y\u0131l\u0131ndan bu yana IronCAD&#8217;i uygulamal\u0131 e\u011fitimlerinde kullan\u0131yor. Yaz\u0131l\u0131m, 12-18 ya\u015f aras\u0131 \u00f6\u011frenciler i\u00e7in m\u00fchendislik ve \u00fcr\u00fcn geli\u015ftirme odakl\u0131 derslerde kullan\u0131l\u0131yor. <\/p>\n<p>[\/et_pb_text][\/et_pb_column][et_pb_column type=&#8221;1_3&#8243; _builder_version=&#8221;4.24.2&#8243; _module_preset=&#8221;default&#8221; global_colors_info=&#8221;{}&#8221;][et_pb_image src=&#8221;https:\/\/ironcad.eu\/wp-content\/uploads\/2024\/02\/FORTA-normaal.png&#8221; title_text=&#8221;FORTA-normal&#8221; url=&#8221;https:\/\/www.hetforta.nl\/&#8221; url_new_window=&#8221;on&#8221; align=&#8221;center&#8221; _builder_version=&#8221;4.27.6&#8243; _module_preset=&#8221;default&#8221; max_height=&#8221;100px&#8221; hover_enabled=&#8221;0&#8243; global_colors_info=&#8221;{}&#8221; sticky_enabled=&#8221;0&#8243;][\/et_pb_image][\/et_pb_column][\/et_pb_row][et_pb_row _builder_version=&#8221;4.24.2&#8243; _module_preset=&#8221;default&#8221; global_colors_info=&#8221;{}&#8221;][et_pb_column type=&#8221;4_4&#8243; _builder_version=&#8221;4.24.2&#8243; _module_preset=&#8221;default&#8221; global_colors_info=&#8221;{}&#8221;][et_pb_text _builder_version=&#8221;4.24.2&#8243; _module_preset=&#8221;default&#8221; global_colors_info=&#8221;{}&#8221;]<\/p>\n<h2>\u00d6\u011frenci deneyimleri<\/h2>\n<p>[\/et_pb_text][et_pb_testimonial author=&#8221;Bente&#8221; job_title=&#8221;End\u00fcstriyel \u00dcr\u00fcn Tasar\u0131m\u0131 stajyeri&#8221; company_name=&#8221;Saxion Uygulamal\u0131 Bilimler \u00dcniversitesi&#8221; portrait_url=&#8221;https:\/\/ironcad.eu\/wp-content\/uploads\/2024\/03\/saxion-logo.webp&#8221; quote_icon=&#8221;off&#8221; _builder_version=&#8221;4.24.2&#8243; _module_preset=&#8221;default&#8221; background_color=&#8221;gcid-f52cc46c-103a-4f3e-bb71-6efb5f79ee25&#8243; custom_padding=&#8221;35px|||||&#8221; border_radii=&#8221;on|8px|8px|8px|8px&#8221; global_colors_info=&#8221;{%22gcid-f52cc46c-103a-4f3e-bb71-6efb5f79ee25%22:%91%22background_color%22%93}&#8221;]<\/p>\n<p>&#8220;Okulda di\u011fer benzer yaz\u0131l\u0131m paketleriyle \u00e7al\u0131\u015fmay\u0131 da \u00f6\u011frendim. Her programda pratik yapmak m\u00fckemmelle\u015ftirir ama bence IronCAD \u00e7ok daha kullan\u0131c\u0131 dostu.&#8221; <\/p>\n<p>[\/et_pb_testimonial][et_pb_button button_url=&#8221;@ET-DC@eyJkeW5hbWljIjp0cnVlLCJjb250ZW50IjoicG9zdF9saW5rX3VybF9wcm9qZWN0Iiwic2V0dGluZ3MiOnsicG9zdF9pZCI6IjE0NDQ4IiwiZW5hYmxlX2h0bWwiOiJvZmYifX0=@&#8221; button_text=&#8221;Makalenin tamam\u0131n\u0131 bente taraf\u0131ndan okuyun&#8221; _builder_version=&#8221;4.24.2&#8243; _dynamic_attributes=&#8221;button_url&#8221; _module_preset=&#8221;default&#8221; button_bg_color=&#8221;gcid-cec01bf0-fc62-410c-9831-380fd97d1c1b&#8221; global_colors_info=&#8221;{%22gcid-3421bf6d-18b2-4c4f-a72e-22b2864b9384%22:%91%22button_bg_color%22,%22button_bg_color__hover%22%93,%22gcid-cec01bf0-fc62-410c-9831-380fd97d1c1b%22:%91%22button_bg_color%22%93}&#8221; button_bg_color__hover=&#8221;#474747&#8243;][\/et_pb_button][\/et_pb_column][\/et_pb_row][\/et_pb_section][et_pb_section fb_built=&#8221;1&#8243; _builder_version=&#8221;4.27.4&#8243; _module_preset=&#8221;default&#8221; background_color=&#8221;gcid-f52cc46c-103a-4f3e-bb71-6efb5f79ee25&#8243; global_colors_info=&#8221;{%22gcid-f52cc46c-103a-4f3e-bb71-6efb5f79ee25%22:%91%22background_color%22%93}&#8221;][et_pb_row column_structure=&#8221;2_3,1_3&#8243; _builder_version=&#8221;4.27.4&#8243; _module_preset=&#8221;default&#8221; global_colors_info=&#8221;{}&#8221;][et_pb_column type=&#8221;2_3&#8243; _builder_version=&#8221;4.27.4&#8243; _module_preset=&#8221;default&#8221; global_colors_info=&#8221;{}&#8221;][et_pb_text _builder_version=&#8221;4.27.4&#8243; _module_preset=&#8221;default&#8221; global_colors_info=&#8221;{}&#8221;]<\/p>\n<h3>\u00d6\u011frenciler neden IronCAD&#8217;i se\u00e7iyor?<\/h3>\n<p>IronCAD, teknik ve yarat\u0131c\u0131 e\u011fitim alan \u00f6\u011frencilerin ihtiya\u00e7lar\u0131n\u0131 m\u00fckemmel bir \u015fekilde kar\u015f\u0131lar:<\/p>\n<ul>\n<li>Tek bir entegre ortamda hem 2D hem de 3D \u00e7izim i\u00e7in uygundur<\/li>\n<li>S\u00fcr\u00fckle-b\u0131rak modelleme tekni\u011fi ile sezgisel aray\u00fcz<\/li>\n<li>Mesleki e\u011fitimde ve imalat sanayinde yayg\u0131n olarak kullan\u0131l\u0131r<\/li>\n<li>Adland\u0131r\u0131lm\u0131\u015f bir lisans arac\u0131l\u0131\u011f\u0131yla \u00fccretsiz olarak kullan\u0131labilir<\/li>\n<li>E\u011fitim kurumlar\u0131 ve kapsaml\u0131 \u00e7evrimi\u00e7i kaynaklar taraf\u0131ndan desteklenir<\/li>\n<\/ul>\n<p>[\/et_pb_text][\/et_pb_column][et_pb_column type=&#8221;1_3&#8243; _builder_version=&#8221;4.27.4&#8243; _module_preset=&#8221;default&#8221; global_colors_info=&#8221;{}&#8221;][et_pb_icon font_icon=&#8221;&#xf05a;||fa||900&#8243; icon_color=&#8221;gcid-heading-color&#8221; icon_width=&#8221;150px&#8221; align=&#8221;center&#8221; _builder_version=&#8221;4.27.6&#8243; _module_preset=&#8221;default&#8221; hover_enabled=&#8221;0&#8243; global_colors_info=&#8221;{%22gcid-heading-color%22:%91%22icon_color%22%93}&#8221; sticky_enabled=&#8221;0&#8243;][\/et_pb_icon][\/et_pb_column][\/et_pb_row][\/et_pb_section]<\/p>\n","protected":false},"excerpt":{"rendered":"<p>\u00d6\u011frenciler i\u00e7in \u00fccretsiz IronCAD e\u011fitim lisans\u0131. S\u0131n\u0131rlama olmaks\u0131z\u0131n tam 3D CAD yaz\u0131l\u0131m\u0131, teknik ve yarat\u0131c\u0131 e\u011fitim i\u00e7in ideal. <\/p>\n","protected":false},"author":1,"featured_media":0,"parent":20746,"menu_order":35,"comment_status":"closed","ping_status":"closed","template":"","meta":{"_et_pb_use_builder":"on","_et_pb_old_content":"","_et_gb_content_width":"","_improvement_type_select":"improve_an_existing","_thumb_yes_seoaic":false,"_frame_yes_seoaic":false,"seoaic_generate_description":"","seoaic_improve_instructions_prompt":"","seoaic_rollback_content_improvement":"","seoaic_idea_thumbnail_generator":"","thumbnail_generated":false,"thumbnail_generate_prompt":"","seoaic_article_description":"","footnotes":"","advanced-sidebar-menu\/link-title":"","advanced-sidebar-menu\/exclude-page":false},"dipi_cpt_category":[],"class_list":["post-21122","page","type-page","status-publish","hentry"],"_links":{"self":[{"href":"https:\/\/ironcad.eu\/tr\/wp-json\/wp\/v2\/pages\/21122","targetHints":{"allow":["GET"]}}],"collection":[{"href":"https:\/\/ironcad.eu\/tr\/wp-json\/wp\/v2\/pages"}],"about":[{"href":"https:\/\/ironcad.eu\/tr\/wp-json\/wp\/v2\/types\/page"}],"author":[{"embeddable":true,"href":"https:\/\/ironcad.eu\/tr\/wp-json\/wp\/v2\/users\/1"}],"replies":[{"embeddable":true,"href":"https:\/\/ironcad.eu\/tr\/wp-json\/wp\/v2\/comments?post=21122"}],"version-history":[{"count":3,"href":"https:\/\/ironcad.eu\/tr\/wp-json\/wp\/v2\/pages\/21122\/revisions"}],"predecessor-version":[{"id":27880,"href":"https:\/\/ironcad.eu\/tr\/wp-json\/wp\/v2\/pages\/21122\/revisions\/27880"}],"up":[{"embeddable":true,"href":"https:\/\/ironcad.eu\/tr\/wp-json\/wp\/v2\/pages\/20746"}],"wp:attachment":[{"href":"https:\/\/ironcad.eu\/tr\/wp-json\/wp\/v2\/media?parent=21122"}],"wp:term":[{"taxonomy":"dipi_cpt_category","embeddable":true,"href":"https:\/\/ironcad.eu\/tr\/wp-json\/wp\/v2\/dipi_cpt_category?post=21122"}],"curies":[{"name":"wp","href":"https:\/\/api.w.org\/{rel}","templated":true}]}}