{"id":21155,"date":"2024-02-15T11:29:13","date_gmt":"2024-02-15T10:29:13","guid":{"rendered":"https:\/\/ironcad.eu\/destek\/sistem-gereksinimleri\/"},"modified":"2026-02-11T15:22:36","modified_gmt":"2026-02-11T14:22:36","slug":"sistem-gereksinimleri","status":"publish","type":"page","link":"https:\/\/ironcad.eu\/tr\/destek\/sistem-gereksinimleri\/","title":{"rendered":"Sistem gereksinimleri"},"content":{"rendered":"<p>[et_pb_section fb_built=&#8221;1&#8243; _builder_version=&#8221;4.24.0&#8243; _module_preset=&#8221;default&#8221; locked=&#8221;off&#8221; global_colors_info=&#8221;{}&#8221;][et_pb_row custom_padding_last_edited=&#8221;on|desktop&#8221; admin_label=&#8221;K\u0131r\u0131nt\u0131 izi&#8221; _builder_version=&#8221;4.26.0&#8243; _module_preset=&#8221;default&#8221; custom_padding=&#8221;0rem||||false|false&#8221; custom_padding_tablet=&#8221;0rem||||false|false&#8221; custom_padding_phone=&#8221;0rem||||false|false&#8221; global_module=&#8221;11007&#8243; saved_tabs=&#8221;all&#8221; global_colors_info=&#8221;{}&#8221;][et_pb_column type=&#8221;4_4&#8243; _builder_version=&#8221;4.24.0&#8243; _module_preset=&#8221;default&#8221; global_colors_info=&#8221;{}&#8221;][et_pb_code _builder_version=&#8221;4.24.1&#8243; _module_preset=&#8221;default&#8221; custom_css_main_element=&#8221;font-size: .7em;||text-transform: uppercase;&#8221; global_colors_info=&#8221;{}&#8221;]<nav aria-label=\"breadcrumbs\" class=\"rank-math-breadcrumb\"><p><span class=\"last\">Home<\/span><\/p><\/nav>[\/et_pb_code][\/et_pb_column][\/et_pb_row][et_pb_row _builder_version=&#8221;4.24.0&#8243; _module_preset=&#8221;default&#8221; custom_padding_tablet=&#8221;2rem||1rem||false|false&#8221; custom_padding_phone=&#8221;2rem||0rem||false|false&#8221; global_colors_info=&#8221;{}&#8221;][et_pb_column type=&#8221;4_4&#8243; _builder_version=&#8221;4.24.0&#8243; _module_preset=&#8221;default&#8221; global_colors_info=&#8221;{}&#8221;][et_pb_text _builder_version=&#8221;4.24.1&#8243; _module_preset=&#8221;default&#8221; global_colors_info=&#8221;{}&#8221;]<\/p>\n<h1>Sistem gereksinimleri<\/h1>\n<p>IronCAD, Microsoft Windows i\u00e7in \u00fcretilmi\u015f bir tasar\u0131m yaz\u0131l\u0131m\u0131 paketidir. IronCAD 2018 s\u00fcr\u00fcm\u00fcnden itibaren, Windows&#8217;un yaln\u0131zca 64 bit s\u00fcr\u00fcmleri desteklenmektedir. Bu sayfan\u0131n ilerleyen k\u0131s\u0131mlar\u0131nda hangi Windows s\u00fcr\u00fcmlerinin uyumlu oldu\u011funu g\u00f6steren bir tablo bulacaks\u0131n\u0131z.  <\/p>\n<p>[\/et_pb_text][\/et_pb_column][\/et_pb_row][et_pb_row column_structure=&#8221;3_5,2_5&#8243; _builder_version=&#8221;4.24.1&#8243; _module_preset=&#8221;default&#8221; custom_padding=&#8221;0rem||0rem||true|false&#8221; global_colors_info=&#8221;{}&#8221;][et_pb_column type=&#8221;3_5&#8243; _builder_version=&#8221;4.24.0&#8243; _module_preset=&#8221;default&#8221; global_colors_info=&#8221;{}&#8221;][et_pb_text _builder_version=&#8221;4.24.2&#8243; _module_preset=&#8221;default&#8221; background_color=&#8221;RGBA(255,255,255,0)&#8221; custom_margin=&#8221;||||false|false&#8221; custom_padding=&#8221;||||true|true&#8221; global_colors_info=&#8221;{%22gcid-d38a596d-3e8b-40f6-9d02-8dae2d740817%22:%91%22ol_text_color%22,%22ol_text_color%22,%22ol_text_color%22%93,%22gcid-cec01bf0-fc62-410c-9831-380fd97d1c1b%22:%91%22text_text_color%22,%22ul_text_color%22,%22text_text_color%22,%22ul_text_color%22,%22text_text_color%22,%22ul_text_color%22,%22text_text_color%22,%22ul_text_color%22,%22text_text_color%22,%22ul_text_color%22,%22text_text_color%22,%22ul_text_color%22,%22text_text_color%22,%22ul_text_color%22,%22text_text_color%22,%22ul_text_color%22,%22text_text_color%22,%22ul_text_color%22,%22text_text_color%22,%22ul_text_color%22,%22text_text_color%22,%22ul_text_color%22%93,%22gcid-3421bf6d-18b2-4c4f-a72e-22b2864b9384%22:%91%22link_text_color__hover%22,%22link_text_color__hover%22,%22link_text_color__hover%22,%22link_text_color__hover%22,%22link_text_color__hover%22%93}&#8221;]<\/p>\n<h3>Gerekli \u00f6zellikler<\/h3>\n<p>IronCAD&#8217;i \u00e7al\u0131\u015ft\u0131rmak i\u00e7in bir bilgisayar\u0131n en az\u0131ndan a\u015fa\u011f\u0131daki \u00f6zellikleri kar\u015f\u0131lamas\u0131 gerekir:<\/p>\n<div class=\"wpb_column vc_column_container vc_col-sm-6\">\n<div class=\"vc_column-inner\">\n<div class=\"wpb_wrapper\">\n<div class=\"wpb_text_column wpb_content_element \">\n<div class=\"wpb_wrapper\">\n<ul>\n<li>64-Bit Windows i\u015fletim sistemi<\/li>\n<li>Pentium 4 CPU veya \u00fcst\u00fc (mevcut AMD i\u015flemciler desteklenir)<\/li>\n<li>4 GB Bellek (b\u00fcy\u00fck montaj \u00e7izimleri i\u00e7in 8 GB veya daha fazla)<\/li>\n<li>Direct X ve\/veya OpenGL uyumlu h\u0131zland\u0131r\u0131lm\u0131\u015f ekran kart\u0131<\/li>\n<li>Kurulum i\u00e7in 2 GB bo\u015f disk alan\u0131<\/li>\n<\/ul>\n<p><strong><em>Bunlar\u0131n IronCAD&#8217;i \u00e7al\u0131\u015ft\u0131rmak i\u00e7in minimum gereksinimler oldu\u011funu unutmay\u0131n. Daha iyi performans i\u00e7in daha iyi \u00f6zellikler gereklidir. <\/em><\/strong><\/p>\n<\/div>\n<\/div>\n<\/div>\n<\/div>\n<\/div>\n<p>[\/et_pb_text][\/et_pb_column][et_pb_column type=&#8221;2_5&#8243; _builder_version=&#8221;4.24.0&#8243; _module_preset=&#8221;default&#8221; global_colors_info=&#8221;{}&#8221;][et_pb_image src=&#8221;https:\/\/ironcad.eu\/wp-content\/uploads\/2024\/02\/shutterstock_782845423-scaled.jpg&#8221; title_text=&#8221;Cad,Component,Modeliyle,Diz\u00fcst\u00fc,Bilgisayar,Tutan,M\u00fchendisin,Yak\u0131n,\u00c7ekimi&#8221; _builder_version=&#8221;4.24.1&#8243; _module_preset=&#8221;default&#8221; border_radii=&#8221;on|15px|15px|15px|15px&#8221; global_colors_info=&#8221;{}&#8221;][\/et_pb_image][\/et_pb_column][\/et_pb_row][et_pb_row custom_padding_last_edited=&#8221;on|desktop&#8221; admin_label=&#8221;Standart distrib\u00fct\u00f6r&#8221; _builder_version=&#8221;4.24.1&#8243; _module_preset=&#8221;default&#8221; min_height=&#8221;41.6px&#8221; custom_margin=&#8221;|auto|-26px|auto|false|false&#8221; custom_padding=&#8221;1rem||1rem||true|false&#8221; custom_padding_tablet=&#8221;1rem||1rem||true|false&#8221; custom_padding_phone=&#8221;1rem||1rem||true|false&#8221; global_module=&#8221;11791&#8243; saved_tabs=&#8221;all&#8221; global_colors_info=&#8221;{}&#8221;][et_pb_column type=&#8221;4_4&#8243; _builder_version=&#8221;4.24.0&#8243; _module_preset=&#8221;default&#8221; global_colors_info=&#8221;{}&#8221;][et_pb_divider color=&#8221;gcid-342b504c-af3f-4a0e-9bbf-cd80ba9f1957&#8243; divider_weight=&#8221;2px&#8221; _builder_version=&#8221;4.26.0&#8243; _module_preset=&#8221;default&#8221; custom_margin=&#8221;0px||0px||true|false&#8221; global_colors_info=&#8221;{%22gcid-342b504c-af3f-4a0e-9bbf-cd80ba9f1957%22:%91%22color%22%93}&#8221;][\/et_pb_divider][\/et_pb_column][\/et_pb_row][et_pb_row column_structure=&#8221;3_4,1_4&#8243; make_equal=&#8221;on&#8221; custom_padding_last_edited=&#8221;on|desktop&#8221; _builder_version=&#8221;4.24.0&#8243; _module_preset=&#8221;default&#8221; custom_margin_tablet=&#8221;&#8221; custom_margin_phone=&#8221;&#8221; custom_margin_last_edited=&#8221;on|phone&#8221; custom_padding=&#8221;0rem||0rem||true|false&#8221; custom_padding_tablet=&#8221;&#8221; custom_padding_phone=&#8221;&#8221; locked=&#8221;off&#8221; global_colors_info=&#8221;{}&#8221;][et_pb_column type=&#8221;3_4&#8243; _builder_version=&#8221;4.24.0&#8243; _module_preset=&#8221;default&#8221; global_colors_info=&#8221;{}&#8221;][et_pb_text _builder_version=&#8221;4.24.1&#8243; _module_preset=&#8221;default&#8221; global_colors_info=&#8221;{}&#8221;]<\/p>\n<h2>\u00d6neri PC<\/h2>\n<p>CADCO ile i\u015fbirli\u011fi yaparak, hemen hemen her kullan\u0131c\u0131n\u0131n ihtiya\u00e7lar\u0131na uygun bir dizi sistem se\u00e7tik. A\u015fa\u011f\u0131daki modelleri CADCO&#8217;nun IronCAD <a href=\"https:\/\/cad-computers.nl\/productontwerp-productie\/ironcad\/\" rel=\"nofollow noopener\" target=\"_blank\">sayfas\u0131nda inceleyebilirsiniz .<\/a>  <\/p>\n<p>[\/et_pb_text][\/et_pb_column][et_pb_column type=&#8221;1_4&#8243; _builder_version=&#8221;4.24.0&#8243; _module_preset=&#8221;default&#8221; global_colors_info=&#8221;{}&#8221;][et_pb_image src=&#8221;https:\/\/ironcad.eu\/wp-content\/uploads\/2024\/02\/CADCO.png&#8221; title_text=&#8221;CADCO&#8221; url=&#8221;https:\/\/cad-computers.nl\/productontwerp-productie\/ironcad\/&#8221; url_new_window=&#8221;on&#8221; _builder_version=&#8221;4.24.1&#8243; _module_preset=&#8221;default&#8221; global_colors_info=&#8221;{}&#8221;][\/et_pb_image][\/et_pb_column][\/et_pb_row][et_pb_row column_structure=&#8221;1_3,1_3,1_3&#8243; _builder_version=&#8221;4.24.1&#8243; _module_preset=&#8221;default&#8221; background_color=&#8221;RGBA(255,255,255,0)&#8221; global_colors_info=&#8221;{}&#8221;][et_pb_column type=&#8221;1_3&#8243; _builder_version=&#8221;4.24.1&#8243; _module_preset=&#8221;default&#8221; background_color=&#8221;#FFFFFF&#8221; custom_padding=&#8221;20px|20px|20px|20px|true|true&#8221; border_radii=&#8221;on|15px|15px|15px|15px&#8221; border_width_all=&#8221;2px&#8221; border_color_all=&#8221;gcid-342b504c-af3f-4a0e-9bbf-cd80ba9f1957&#8243; global_colors_info=&#8221;{%22gcid-342b504c-af3f-4a0e-9bbf-cd80ba9f1957%22:%91%22background_color%22,%22border_color_all%22%93}&#8221;][et_pb_text _builder_version=&#8221;4.27.4&#8243; _module_preset=&#8221;default&#8221; hover_enabled=&#8221;0&#8243; global_colors_info=&#8221;{}&#8221; sticky_enabled=&#8221;0&#8243;]<\/p>\n<h3>iDraw Pro<\/h3>\n<p>Bu i\u015f istasyonu, \u00e7o\u011funlukla \u00e7ok \u00e7izim yapan IronCAD kullan\u0131c\u0131lar\u0131 i\u00e7in uygundur. Bizim \u00f6nerdi\u011fimiz yap\u0131land\u0131rmada AMD Ryzen 7 veya Intel Core i7, 32 GB \u00e7al\u0131\u015fma belle\u011fi ve RTX A2000 grafik kart\u0131 bulunuyor. Konfig\u00fcrasyon web sitesi \u00fczerinden kolayca yap\u0131land\u0131r\u0131labilir.  <\/p>\n<p>[\/et_pb_text][et_pb_button button_url=&#8221;https:\/\/cad-computers.nl\/idraw-pro\/&#8221; url_new_window=&#8221;on&#8221; button_text=&#8221;G\u00f6r\u00fcn\u00fcm&#8221; _builder_version=&#8221;4.27.4&#8243; _module_preset=&#8221;default&#8221; button_border_width=&#8221;0px&#8221; button_border_color=&#8221;RGBA(255,255,255,0)&#8221; button_icon=&#8221;&#xe03c;||divi||400&#8243; hover_enabled=&#8221;0&#8243; global_colors_info=&#8221;{%22gcid-3421bf6d-18b2-4c4f-a72e-22b2864b9384%22:%91%22button_bg_color%22,%22button_bg_color%22,%22button_bg_color__hover%22,%22button_bg_color%22%93,%22gcid-cec01bf0-fc62-410c-9831-380fd97d1c1b%22:%91%22button_bg_color__hover%22,%22button_bg_color__hover%22,%22button_bg_color__hover%22,%22button_bg_color__hover%22,%22button_bg_color__hover%22,%22button_bg_color__hover%22,%22button_bg_color__hover%22,%22button_bg_color__hover%22,%22button_bg_color__hover%22,%22button_bg_color__hover%22,%22button_bg_color__hover%22%93}&#8221; button_bg_color__hover=&#8221;#474747&#8243; sticky_enabled=&#8221;0&#8243;][\/et_pb_button][\/et_pb_column][et_pb_column type=&#8221;1_3&#8243; _builder_version=&#8221;4.24.1&#8243; _module_preset=&#8221;default&#8221; background_color=&#8221;RGBA(255,255,255,0)&#8221; custom_padding=&#8221;20px|20px|20px|20px|true|true&#8221; border_radii=&#8221;on|15px|15px|15px|15px&#8221; border_width_all=&#8221;2px&#8221; border_color_all=&#8221;gcid-342b504c-af3f-4a0e-9bbf-cd80ba9f1957&#8243; global_colors_info=&#8221;{%22gcid-342b504c-af3f-4a0e-9bbf-cd80ba9f1957%22:%91%22border_color_all%22%93}&#8221;][et_pb_text _builder_version=&#8221;4.24.1&#8243; _module_preset=&#8221;default&#8221; hover_enabled=&#8221;0&#8243; global_colors_info=&#8221;{}&#8221; sticky_enabled=&#8221;0&#8243;]<\/p>\n<h3>iDraw Pro Mini<\/h3>\n<p>iDraw Pro kadar g\u00fc\u00e7l\u00fc, ancak daha k\u00fc\u00e7\u00fck bir pakette. Masan\u0131z i\u00e7in ideal bir i\u015f istasyonu. <\/p>\n<p>[\/et_pb_text][et_pb_button button_url=&#8221;https:\/\/cad-computers.nl\/idraw-pro-mini\/&#8221; url_new_window=&#8221;on&#8221; button_text=&#8221;G\u00f6r\u00fcn\u00fcm&#8221; _builder_version=&#8221;4.27.4&#8243; _module_preset=&#8221;default&#8221; button_border_width=&#8221;0px&#8221; button_border_color=&#8221;RGBA(255,255,255,0)&#8221; button_icon=&#8221;&#xe03c;||divi||400&#8243; hover_enabled=&#8221;0&#8243; global_colors_info=&#8221;{%22gcid-3421bf6d-18b2-4c4f-a72e-22b2864b9384%22:%91%22button_bg_color%22,%22button_bg_color%22,%22button_bg_color__hover%22,%22button_bg_color%22%93,%22gcid-cec01bf0-fc62-410c-9831-380fd97d1c1b%22:%91%22button_bg_color__hover%22,%22button_bg_color__hover%22,%22button_bg_color__hover%22,%22button_bg_color__hover%22,%22button_bg_color__hover%22,%22button_bg_color__hover%22,%22button_bg_color__hover%22,%22button_bg_color__hover%22,%22button_bg_color__hover%22,%22button_bg_color__hover%22,%22button_bg_color__hover%22%93}&#8221; button_bg_color__hover=&#8221;#474747&#8243; sticky_enabled=&#8221;0&#8243;][\/et_pb_button][\/et_pb_column][et_pb_column type=&#8221;1_3&#8243; _builder_version=&#8221;4.24.1&#8243; _module_preset=&#8221;default&#8221; background_color=&#8221;RGBA(255,255,255,0)&#8221; custom_padding=&#8221;20px|20px|20px|20px|true|true&#8221; border_radii=&#8221;on|15px|15px|15px|15px&#8221; border_width_all=&#8221;2px&#8221; border_color_all=&#8221;gcid-342b504c-af3f-4a0e-9bbf-cd80ba9f1957&#8243; global_colors_info=&#8221;{%22gcid-342b504c-af3f-4a0e-9bbf-cd80ba9f1957%22:%91%22border_color_all%22%93}&#8221;][et_pb_text _builder_version=&#8221;4.27.4&#8243; _module_preset=&#8221;default&#8221; hover_enabled=&#8221;0&#8243; global_colors_info=&#8221;{}&#8221; sticky_enabled=&#8221;0&#8243;]<\/p>\n<h3>iVisualize+<\/h3>\n<p>Bu i\u015f istasyonu IronCAD ve KeyShot kullan\u0131c\u0131lar\u0131 i\u00e7in bir araya getirilmi\u015ftir. Sistem, Intel Core Ultra 7 i\u015flemci ve g\u00fc\u00e7l\u00fc GeForce RTX grafik kart\u0131na sahiptir, b\u00f6ylece KeyShot ile render i\u015flemi biriktirme ve h\u0131zl\u0131d\u0131r. <\/p>\n<p>[\/et_pb_text][et_pb_button button_url=&#8221;https:\/\/cad-computers.nl\/ivisualize-plus\/&#8221; url_new_window=&#8221;on&#8221; button_text=&#8221;G\u00f6r\u00fcn\u00fcm&#8221; _builder_version=&#8221;4.27.4&#8243; _module_preset=&#8221;default&#8221; button_border_width=&#8221;0px&#8221; button_border_color=&#8221;RGBA(255,255,255,0)&#8221; button_icon=&#8221;&#xe03c;||divi||400&#8243; hover_enabled=&#8221;0&#8243; global_colors_info=&#8221;{%22gcid-3421bf6d-18b2-4c4f-a72e-22b2864b9384%22:%91%22button_bg_color%22,%22button_bg_color%22,%22button_bg_color__hover%22,%22button_bg_color%22%93,%22gcid-cec01bf0-fc62-410c-9831-380fd97d1c1b%22:%91%22button_bg_color__hover%22,%22button_bg_color__hover%22,%22button_bg_color__hover%22,%22button_bg_color__hover%22,%22button_bg_color__hover%22,%22button_bg_color__hover%22,%22button_bg_color__hover%22,%22button_bg_color__hover%22,%22button_bg_color__hover%22,%22button_bg_color__hover%22,%22button_bg_color__hover%22%93}&#8221; button_bg_color__hover=&#8221;#474747&#8243; sticky_enabled=&#8221;0&#8243;][\/et_pb_button][\/et_pb_column][\/et_pb_row][\/et_pb_section][et_pb_section fb_built=&#8221;1&#8243; _builder_version=&#8221;4.24.0&#8243; _module_preset=&#8221;default&#8221; background_color=&#8221;gcid-f52cc46c-103a-4f3e-bb71-6efb5f79ee25&#8243; custom_margin=&#8221;0px||||false|false&#8221; border_color_top=&#8221;gcid-0d1a127e-4ce1-4bb0-9503-eafc35a82551&#8243; locked=&#8221;off&#8221; global_colors_info=&#8221;{%22gcid-0d1a127e-4ce1-4bb0-9503-eafc35a82551%22:%91%22border_color_top%22%93,%22gcid-f52cc46c-103a-4f3e-bb71-6efb5f79ee25%22:%91%22background_color%22%93}&#8221;][et_pb_row _builder_version=&#8221;4.24.1&#8243; _module_preset=&#8221;default&#8221; custom_padding=&#8221;0rem||0rem||true|false&#8221; global_colors_info=&#8221;{}&#8221;][et_pb_column type=&#8221;4_4&#8243; _builder_version=&#8221;4.24.1&#8243; _module_preset=&#8221;default&#8221; global_colors_info=&#8221;{}&#8221;][et_pb_text _builder_version=&#8221;4.24.1&#8243; _module_preset=&#8221;default&#8221; global_colors_info=&#8221;{}&#8221;]<\/p>\n<h2>Windows ile IronCAD uyumlulu\u011fu<\/h2>\n<p>L\u00fctfen Windows s\u00fcr\u00fcm\u00fcn\u00fcn en az PRO olmas\u0131 gerekti\u011fini unutmay\u0131n. Windows Home s\u00fcr\u00fcmleri desteklenmez. <\/p>\n<p>[\/et_pb_text][\/et_pb_column][\/et_pb_row][et_pb_row column_structure=&#8221;1_4,1_4,1_4,1_4&#8243; _builder_version=&#8221;4.24.1&#8243; _module_preset=&#8221;default&#8221; custom_padding=&#8221;1rem||1rem||true|false&#8221; global_colors_info=&#8221;{}&#8221;][et_pb_column type=&#8221;1_4&#8243; _builder_version=&#8221;4.24.1&#8243; _module_preset=&#8221;default&#8221; global_colors_info=&#8221;{}&#8221;][et_pb_text _builder_version=&#8221;4.24.1&#8243; _module_preset=&#8221;default&#8221; global_colors_info=&#8221;{}&#8221;]<\/p>\n<p><strong>IronCAD s\u00fcr\u00fcm 2023<\/strong><\/p>\n<ul>\n<li>Windows 11, 10, 8<\/li>\n<\/ul>\n<p>[\/et_pb_text][\/et_pb_column][et_pb_column type=&#8221;1_4&#8243; _builder_version=&#8221;4.24.1&#8243; _module_preset=&#8221;default&#8221; global_colors_info=&#8221;{}&#8221;][et_pb_text _builder_version=&#8221;4.24.1&#8243; _module_preset=&#8221;default&#8221; global_colors_info=&#8221;{}&#8221;]<\/p>\n<p><strong>IronCAD s\u00fcr\u00fcm 2022<\/strong><\/p>\n<ul>\n<li>Windows 11, 10, 8, 7<\/li>\n<\/ul>\n<p>[\/et_pb_text][\/et_pb_column][et_pb_column type=&#8221;1_4&#8243; _builder_version=&#8221;4.24.1&#8243; _module_preset=&#8221;default&#8221; global_colors_info=&#8221;{}&#8221;][et_pb_text _builder_version=&#8221;4.24.1&#8243; _module_preset=&#8221;default&#8221; global_colors_info=&#8221;{}&#8221;]<\/p>\n<p><strong>IronCAD s\u00fcr\u00fcm 2021-2016<\/strong><\/p>\n<ul>\n<li>Windows 10, 8, 7<\/li>\n<\/ul>\n<p>[\/et_pb_text][\/et_pb_column][et_pb_column type=&#8221;1_4&#8243; _builder_version=&#8221;4.24.1&#8243; _module_preset=&#8221;default&#8221; global_colors_info=&#8221;{}&#8221;][et_pb_text _builder_version=&#8221;4.24.1&#8243; _module_preset=&#8221;default&#8221; global_colors_info=&#8221;{}&#8221;]<\/p>\n<p><strong>IronCAD s\u00fcr\u00fcm 2015 ve \u00f6ncesi<\/strong><\/p>\n<ul>\n<li>Windows 8, 7<\/li>\n<\/ul>\n<p>[\/et_pb_text][\/et_pb_column][\/et_pb_row][\/et_pb_section]<\/p>\n","protected":false},"excerpt":{"rendered":"<p><nav aria-label=\"breadcrumbs\" class=\"rank-math-breadcrumb\"><p><span class=\"last\">Home<\/span><\/p><\/nav>Sistem gereksinimleri IronCAD, Microsoft Windows i\u00e7in \u00fcretilmi\u015f bir tasar\u0131m yaz\u0131l\u0131m\u0131 paketidir. IronCAD 2018 s\u00fcr\u00fcm\u00fcnden itibaren, Windows&#8217;un yaln\u0131zca 64 bit s\u00fcr\u00fcmleri desteklenmektedir. Bu sayfan\u0131n ilerleyen k\u0131s\u0131mlar\u0131nda hangi Windows s\u00fcr\u00fcmlerinin uyumlu oldu\u011funu g\u00f6steren bir tablo bulacaks\u0131n\u0131z. Gerekli \u00f6zellikler IronCAD&#8217;i \u00e7al\u0131\u015ft\u0131rmak i\u00e7in bir bilgisayar\u0131n en az\u0131ndan a\u015fa\u011f\u0131daki \u00f6zellikleri kar\u015f\u0131lamas\u0131 gerekir: 64-Bit Windows i\u015fletim sistemi Pentium 4 CPU veya [&hellip;]<\/p>\n","protected":false},"author":1,"featured_media":0,"parent":20946,"menu_order":14,"comment_status":"closed","ping_status":"closed","template":"","meta":{"_et_pb_use_builder":"on","_et_pb_old_content":"","_et_gb_content_width":"","_improvement_type_select":"improve_an_existing","_thumb_yes_seoaic":false,"_frame_yes_seoaic":false,"seoaic_generate_description":"","seoaic_improve_instructions_prompt":"","seoaic_rollback_content_improvement":"","seoaic_idea_thumbnail_generator":"","thumbnail_generated":false,"thumbnail_generate_prompt":"","seoaic_article_description":"","footnotes":"","advanced-sidebar-menu\/link-title":"","advanced-sidebar-menu\/exclude-page":false},"dipi_cpt_category":[],"class_list":["post-21155","page","type-page","status-publish","hentry"],"_links":{"self":[{"href":"https:\/\/ironcad.eu\/tr\/wp-json\/wp\/v2\/pages\/21155","targetHints":{"allow":["GET"]}}],"collection":[{"href":"https:\/\/ironcad.eu\/tr\/wp-json\/wp\/v2\/pages"}],"about":[{"href":"https:\/\/ironcad.eu\/tr\/wp-json\/wp\/v2\/types\/page"}],"author":[{"embeddable":true,"href":"https:\/\/ironcad.eu\/tr\/wp-json\/wp\/v2\/users\/1"}],"replies":[{"embeddable":true,"href":"https:\/\/ironcad.eu\/tr\/wp-json\/wp\/v2\/comments?post=21155"}],"version-history":[{"count":0,"href":"https:\/\/ironcad.eu\/tr\/wp-json\/wp\/v2\/pages\/21155\/revisions"}],"up":[{"embeddable":true,"href":"https:\/\/ironcad.eu\/tr\/wp-json\/wp\/v2\/pages\/20946"}],"wp:attachment":[{"href":"https:\/\/ironcad.eu\/tr\/wp-json\/wp\/v2\/media?parent=21155"}],"wp:term":[{"taxonomy":"dipi_cpt_category","embeddable":true,"href":"https:\/\/ironcad.eu\/tr\/wp-json\/wp\/v2\/dipi_cpt_category?post=21155"}],"curies":[{"name":"wp","href":"https:\/\/api.w.org\/{rel}","templated":true}]}}