{"id":21174,"date":"2025-09-02T14:25:25","date_gmt":"2025-09-02T12:25:25","guid":{"rendered":"https:\/\/ironcad.eu\/destek\/kaynaklar\/"},"modified":"2026-02-11T15:23:25","modified_gmt":"2026-02-11T14:23:25","slug":"kaynaklar","status":"publish","type":"page","link":"https:\/\/ironcad.eu\/tr\/destek\/kaynaklar\/","title":{"rendered":"Kaynaklar"},"content":{"rendered":"<p>[et_pb_section fb_built=&#8221;1&#8243; _builder_version=&#8221;4.24.0&#8243; _module_preset=&#8221;default&#8221; locked=&#8221;off&#8221; global_colors_info=&#8221;{}&#8221;][et_pb_row custom_padding_last_edited=&#8221;on|desktop&#8221; admin_label=&#8221;K\u0131r\u0131nt\u0131 izi&#8221; _builder_version=&#8221;4.26.0&#8243; _module_preset=&#8221;default&#8221; custom_padding=&#8221;0rem||||false|false&#8221; custom_padding_tablet=&#8221;0rem||1rem||false|false&#8221; custom_padding_phone=&#8221;0rem||0rem||false|false&#8221; global_module=&#8221;11007&#8243; saved_tabs=&#8221;all&#8221; collapsed=&#8221;off&#8221; global_colors_info=&#8221;{}&#8221;][et_pb_column type=&#8221;4_4&#8243; _builder_version=&#8221;4.24.0&#8243; _module_preset=&#8221;default&#8221; global_colors_info=&#8221;{}&#8221;][et_pb_code admin_label=&#8221;Kod&#8221; _builder_version=&#8221;4.24.1&#8243; _module_preset=&#8221;default&#8221; custom_css_main_element=&#8221;font-size: .7em;||text-transform: uppercase;&#8221; global_colors_info=&#8221;{}&#8221;]<nav aria-label=\"breadcrumbs\" class=\"rank-math-breadcrumb\"><p><span class=\"last\">Home<\/span><\/p><\/nav>[\/et_pb_code][\/et_pb_column][\/et_pb_row][et_pb_row custom_padding_last_edited=&#8221;off|desktop&#8221; _builder_version=&#8221;4.27.4&#8243; _module_preset=&#8221;default&#8221; custom_padding=&#8221;1rem||1rem||true|false&#8221; custom_padding_tablet=&#8221;2rem||1rem||false|false&#8221; custom_padding_phone=&#8221;2rem||0rem||false|false&#8221; global_colors_info=&#8221;{}&#8221;][et_pb_column type=&#8221;4_4&#8243; _builder_version=&#8221;4.24.0&#8243; _module_preset=&#8221;default&#8221; global_colors_info=&#8221;{}&#8221;][et_pb_post_title _builder_version=&#8221;4.27.4&#8243; _module_preset=&#8221;default&#8221; custom_margin=&#8221;||0px||false|false&#8221; global_colors_info=&#8221;{}&#8221;][\/et_pb_post_title][et_pb_text _builder_version=&#8221;4.27.4&#8243; _module_preset=&#8221;default&#8221; global_colors_info=&#8221;{}&#8221;]<\/p>\n<h2>Daha h\u0131zl\u0131 ba\u015flamak i\u00e7in her \u015fey<\/h2>\n<p>Do\u011fru ara\u00e7larla IronCAD&#8217;de daha h\u0131zl\u0131 ve daha tutarl\u0131 \u00e7al\u0131\u015fabilirsiniz. Burada, kendi projelerinizde hemen kullanabilece\u011finiz faydal\u0131 \u015fablonlar, temel ayarlar ve k\u00fct\u00fcphaneler bulacaks\u0131n\u0131z. <\/p>\n<p>[\/et_pb_text][\/et_pb_column][\/et_pb_row][et_pb_row custom_padding_last_edited=&#8221;on|desktop&#8221; admin_label=&#8221;Standart distrib\u00fct\u00f6r&#8221; _builder_version=&#8221;4.24.1&#8243; _module_preset=&#8221;default&#8221; min_height=&#8221;41.6px&#8221; custom_margin=&#8221;|auto|-26px|auto|false|false&#8221; custom_padding=&#8221;1rem||1rem||true|false&#8221; custom_padding_tablet=&#8221;1rem||1rem||true|false&#8221; custom_padding_phone=&#8221;1rem||1rem||true|false&#8221; global_module=&#8221;11791&#8243; saved_tabs=&#8221;all&#8221; global_colors_info=&#8221;{}&#8221;][et_pb_column type=&#8221;4_4&#8243; _builder_version=&#8221;4.24.0&#8243; _module_preset=&#8221;default&#8221; global_colors_info=&#8221;{}&#8221;][et_pb_divider color=&#8221;gcid-342b504c-af3f-4a0e-9bbf-cd80ba9f1957&#8243; divider_weight=&#8221;2px&#8221; _builder_version=&#8221;4.26.0&#8243; _module_preset=&#8221;default&#8221; custom_margin=&#8221;0px||0px||true|false&#8221; global_colors_info=&#8221;{%22gcid-342b504c-af3f-4a0e-9bbf-cd80ba9f1957%22:%91%22color%22%93}&#8221;][\/et_pb_divider][\/et_pb_column][\/et_pb_row][et_pb_row column_structure=&#8221;1_3,1_3,1_3&#8243; _builder_version=&#8221;4.27.4&#8243; _module_preset=&#8221;default&#8221; global_colors_info=&#8221;{}&#8221;][et_pb_column type=&#8221;1_3&#8243; _builder_version=&#8221;4.24.0&#8243; _module_preset=&#8221;default&#8221; global_colors_info=&#8221;{}&#8221;][et_pb_icon font_icon=&#8221;&#xe059;||divi||400&#8243; icon_width=&#8221;75px&#8221; _builder_version=&#8221;4.27.4&#8243; _module_preset=&#8221;default&#8221; hover_enabled=&#8221;0&#8243; global_colors_info=&#8221;{}&#8221; sticky_enabled=&#8221;0&#8243;][\/et_pb_icon][et_pb_cta title=&#8221;\u015eablonlar&#8221; button_url=&#8221;@ET-DC@eyJkeW5hbWljIjp0cnVlLCJjb250ZW50IjoicG9zdF9saW5rX3VybF9wYWdlIiwic2V0dGluZ3MiOnsicG9zdF9pZCI6IjE3MTY1In19@&#8221; button_text=&#8221;G\u00f6r\u00fcn\u00fcm&#8221; _builder_version=&#8221;4.27.4&#8243; _module_preset=&#8221;default&#8221; background_color=&#8221;RGBA(255,255,255,0)&#8221; custom_button=&#8221;on&#8221; button_text_color=&#8221;gcid-heading-color&#8221; button_bg_color=&#8221;RGBA(255,255,255,0)&#8221; button_border_width=&#8221;2px&#8221; button_border_color=&#8221;gcid-primary-color&#8221; background_layout=&#8221;light&#8221; custom_padding=&#8221;0px|0px|0px|0px|true|true&#8221; hover_enabled=&#8221;0&#8243; global_colors_info=&#8221;{%22gcid-heading-color%22:%91%22button_text_color%22%93,%22gcid-primary-color%22:%91%22button_border_color%22%93,%22gcid-f52cc46c-103a-4f3e-bb71-6efb5f79ee25%22:%91%22button_bg_color__hover%22%93}&#8221; button_text_color__hover_enabled=&#8221;off|hover&#8221; button_text_color__hover=&#8221;#FFFFFF&#8221; button_bg_color__hover_enabled=&#8221;on|hover&#8221; button_bg_color__hover=&#8221;#efefef&#8221; button_bg_enable_color__hover=&#8221;on&#8221; text_orientation=&#8221;left&#8221; sticky_enabled=&#8221;0&#8243; _dynamic_attributes=&#8221;button_url&#8221;]<\/p>\n<p>\u015eablonlar, IronCAD&#8217;deki yeni dosyalar i\u00e7in temel olu\u015fturur ve 3D ve 2D&#8217;deki her tasar\u0131m\u0131n hemen do\u011fru ayarlara sahip olmas\u0131n\u0131 sa\u011flar.<\/p>\n<p>[\/et_pb_cta][\/et_pb_column][et_pb_column type=&#8221;1_3&#8243; _builder_version=&#8221;4.24.0&#8243; _module_preset=&#8221;default&#8221; global_colors_info=&#8221;{}&#8221;][et_pb_icon font_icon=&#8221;&#xf085;||fa||900&#8243; icon_width=&#8221;75px&#8221; _builder_version=&#8221;4.27.4&#8243; _module_preset=&#8221;default&#8221; hover_enabled=&#8221;0&#8243; global_colors_info=&#8221;{}&#8221; sticky_enabled=&#8221;0&#8243;][\/et_pb_icon][et_pb_cta title=&#8221;Temel ayarlar&#8221; button_url=&#8221;@ET-DC@eyJkeW5hbWljIjp0cnVlLCJjb250ZW50IjoicG9zdF9saW5rX3VybF9wYWdlIiwic2V0dGluZ3MiOnsicG9zdF9pZCI6IjE3MTc0In19@&#8221; button_text=&#8221;G\u00f6r\u00fcn\u00fcm&#8221; _builder_version=&#8221;4.27.4&#8243; _module_preset=&#8221;default&#8221; background_color=&#8221;RGBA(255,255,255,0)&#8221; custom_button=&#8221;on&#8221; button_text_color=&#8221;gcid-heading-color&#8221; button_bg_color=&#8221;RGBA(255,255,255,0)&#8221; button_border_width=&#8221;2px&#8221; button_border_color=&#8221;gcid-primary-color&#8221; background_layout=&#8221;light&#8221; custom_padding=&#8221;0px|0px|0px|0px|true|true&#8221; hover_enabled=&#8221;0&#8243; global_colors_info=&#8221;{%22gcid-heading-color%22:%91%22button_text_color%22%93,%22gcid-primary-color%22:%91%22button_border_color%22%93,%22gcid-f52cc46c-103a-4f3e-bb71-6efb5f79ee25%22:%91%22button_bg_color__hover%22%93}&#8221; button_bg_color__hover_enabled=&#8221;on|hover&#8221; button_bg_color__hover=&#8221;#efefef&#8221; button_bg_enable_color__hover=&#8221;on&#8221; text_orientation=&#8221;left&#8221; sticky_enabled=&#8221;0&#8243; _dynamic_attributes=&#8221;button_url&#8221;]<\/p>\n<p>\u0130yi olu\u015fturulmu\u015f temel ayarlarla daha h\u0131zl\u0131 ve daha tutarl\u0131 \u00e7al\u0131\u015f\u0131rs\u0131n\u0131z. Her yeni projede her \u015fey hemen do\u011fru \u015fekilde ayarlan\u0131r. <\/p>\n<p>[\/et_pb_cta][\/et_pb_column][et_pb_column type=&#8221;1_3&#8243; _builder_version=&#8221;4.24.0&#8243; _module_preset=&#8221;default&#8221; global_colors_info=&#8221;{}&#8221;][et_pb_icon font_icon=&#8221;&#xf61f;||fa||900&#8243; icon_width=&#8221;75px&#8221; _builder_version=&#8221;4.27.4&#8243; _module_preset=&#8221;default&#8221; hover_enabled=&#8221;0&#8243; global_colors_info=&#8221;{}&#8221; align_last_edited=&#8221;off|desktop&#8221; sticky_enabled=&#8221;0&#8243;][\/et_pb_icon][et_pb_cta title=&#8221;K\u00fct\u00fcphaneler&#8221; button_url=&#8221;@ET-DC@eyJkeW5hbWljIjp0cnVlLCJjb250ZW50IjoicG9zdF9saW5rX3VybF9wYWdlIiwic2V0dGluZ3MiOnsicG9zdF9pZCI6IjE3MTIxIn19@&#8221; button_text=&#8221;G\u00f6r\u00fcn\u00fcm&#8221; _builder_version=&#8221;4.27.4&#8243; _dynamic_attributes=&#8221;button_url&#8221; _module_preset=&#8221;default&#8221; background_color=&#8221;RGBA(255,255,255,0)&#8221; custom_button=&#8221;on&#8221; button_text_color=&#8221;gcid-heading-color&#8221; button_bg_color=&#8221;RGBA(255,255,255,0)&#8221; button_border_width=&#8221;2px&#8221; button_border_color=&#8221;gcid-primary-color&#8221; background_layout=&#8221;light&#8221; custom_padding=&#8221;0px|0px|0px|0px|true|true&#8221; hover_enabled=&#8221;0&#8243; global_colors_info=&#8221;{%22gcid-heading-color%22:%91%22button_text_color%22%93,%22gcid-primary-color%22:%91%22button_border_color%22%93,%22gcid-f52cc46c-103a-4f3e-bb71-6efb5f79ee25%22:%91%22button_bg_color__hover%22%93}&#8221; button_bg_color__hover_enabled=&#8221;on|hover&#8221; button_bg_color__hover=&#8221;#efefef&#8221; button_bg_enable_color__hover=&#8221;on&#8221; text_orientation=&#8221;left&#8221; sticky_enabled=&#8221;0&#8243;]<\/p>\n<p>K\u00fct\u00fcphaneler haz\u0131r par\u00e7alara eri\u015fmenizi sa\u011flayarak tasar\u0131m\u0131n\u0131z\u0131 daha da h\u0131zl\u0131 ve verimli hale getirir.<\/p>\n<p>[\/et_pb_cta][\/et_pb_column][\/et_pb_row][\/et_pb_section][et_pb_section fb_built=&#8221;1&#8243; custom_padding_last_edited=&#8221;on|desktop&#8221; _builder_version=&#8221;4.27.4&#8243; _module_preset=&#8221;default&#8221; background_color=&#8221;gcid-f52cc46c-103a-4f3e-bb71-6efb5f79ee25&#8243; custom_margin=&#8221;||||false|false&#8221; custom_padding=&#8221;1rem||1rem||true|false&#8221; custom_padding_tablet=&#8221;1rem||1rem||true|false&#8221; custom_padding_phone=&#8221;1rem||1rem||true|false&#8221; border_color_top=&#8221;gcid-0d1a127e-4ce1-4bb0-9503-eafc35a82551&#8243; saved_tabs=&#8221;all&#8221; global_colors_info=&#8221;{%22gcid-0d1a127e-4ce1-4bb0-9503-eafc35a82551%22:%91%22border_color_top%22%93,%22gcid-f52cc46c-103a-4f3e-bb71-6efb5f79ee25%22:%91%22background_color%22%93}&#8221;][et_pb_row make_equal=&#8221;on&#8221; _builder_version=&#8221;4.24.0&#8243; _module_preset=&#8221;default&#8221; width=&#8221;100%&#8221; width_tablet=&#8221;100%&#8221; width_phone=&#8221;100%&#8221; max_width=&#8221;100%&#8221; global_colors_info=&#8221;{}&#8221;][et_pb_column type=&#8221;4_4&#8243; _builder_version=&#8221;4.23&#8243; _module_preset=&#8221;default&#8221; global_colors_info=&#8221;{}&#8221;][et_pb_text _builder_version=&#8221;4.24.0&#8243; _module_preset=&#8221;default&#8221; custom_margin=&#8221;||21px|||&#8221; global_colors_info=&#8221;{}&#8221;]<\/p>\n<h2 style=\"text-align: center;\">Kullan\u0131c\u0131 ba\u015far\u0131 \u00f6yk\u00fcleri<\/h2>\n<p>[\/et_pb_text][dipi_blog_slider posts_number=&#8221;8&#8243; select_post_type=&#8221;project&#8221; select_custom_tax=&#8221;project_category&#8221; include_term_ids_of_project_category=&#8221;47,96&#8243; orderby=&#8221;rand&#8221; show_author=&#8221;off&#8221; show_date=&#8221;off&#8221; columns=&#8221;4&#8243; navigation=&#8221;on&#8221; pagination=&#8221;off&#8221; navigation_prev_icon_yn=&#8221;on&#8221; navigation_next_icon_yn=&#8221;on&#8221; navigation_bg_color=&#8221;#FFFFFF&#8221; navigation_position_left=&#8221;60px&#8221; navigation_position_right=&#8221;60px&#8221; navigation_position_left_tablet=&#8221;20px&#8221; navigation_position_left_phone=&#8221;20px&#8221; navigation_position_right_tablet=&#8221;20px&#8221; navigation_position_right_phone=&#8221;20px&#8221; module_class=&#8221;referenties-slider&#8221; _builder_version=&#8221;4.27.4&#8243; _module_preset=&#8221;default&#8221; locked=&#8221;off&#8221; global_colors_info=&#8221;{%22gcid-3421bf6d-18b2-4c4f-a72e-22b2864b9384%22:%91%22navigation_color%22,%22pagination_color%22%93,%22gcid-342b504c-af3f-4a0e-9bbf-cd80ba9f1957%22:%91%22box_shadow_color_item%22%93,%22gcid-cec01bf0-fc62-410c-9831-380fd97d1c1b%22:%91%22header_text_color%22,%22pagination_active_color%22%93,%22gcid-d883c2cb-caee-4528-bec5-b8583b5b0c09%22:%91%22cat_text_color%22%93}&#8221;][\/dipi_blog_slider][\/et_pb_column][\/et_pb_row][\/et_pb_section]<\/p>\n","protected":false},"excerpt":{"rendered":"<p><nav aria-label=\"breadcrumbs\" class=\"rank-math-breadcrumb\"><p><span class=\"last\">Home<\/span><\/p><\/nav>Daha h\u0131zl\u0131 ba\u015flamak i\u00e7in her \u015fey Do\u011fru ara\u00e7larla IronCAD&#8217;de daha h\u0131zl\u0131 ve daha tutarl\u0131 \u00e7al\u0131\u015fabilirsiniz. Burada, kendi projelerinizde hemen kullanabilece\u011finiz faydal\u0131 \u015fablonlar, temel ayarlar ve k\u00fct\u00fcphaneler bulacaks\u0131n\u0131z. \u015eablonlar, IronCAD&#8217;deki yeni dosyalar i\u00e7in temel olu\u015fturur ve 3D ve 2D&#8217;deki her tasar\u0131m\u0131n hemen do\u011fru ayarlara sahip olmas\u0131n\u0131 sa\u011flar.\u0130yi olu\u015fturulmu\u015f temel ayarlarla daha h\u0131zl\u0131 ve daha tutarl\u0131 \u00e7al\u0131\u015f\u0131rs\u0131n\u0131z. [&hellip;]<\/p>\n","protected":false},"author":2,"featured_media":0,"parent":20946,"menu_order":0,"comment_status":"closed","ping_status":"closed","template":"","meta":{"_et_pb_use_builder":"on","_et_pb_old_content":"","_et_gb_content_width":"","_improvement_type_select":"improve_an_existing","_thumb_yes_seoaic":false,"_frame_yes_seoaic":false,"seoaic_generate_description":"","seoaic_improve_instructions_prompt":"","seoaic_rollback_content_improvement":"","seoaic_idea_thumbnail_generator":"","thumbnail_generated":false,"thumbnail_generate_prompt":"","seoaic_article_description":"","footnotes":"","advanced-sidebar-menu\/link-title":"","advanced-sidebar-menu\/exclude-page":false},"dipi_cpt_category":[],"class_list":["post-21174","page","type-page","status-publish","hentry"],"_links":{"self":[{"href":"https:\/\/ironcad.eu\/tr\/wp-json\/wp\/v2\/pages\/21174","targetHints":{"allow":["GET"]}}],"collection":[{"href":"https:\/\/ironcad.eu\/tr\/wp-json\/wp\/v2\/pages"}],"about":[{"href":"https:\/\/ironcad.eu\/tr\/wp-json\/wp\/v2\/types\/page"}],"author":[{"embeddable":true,"href":"https:\/\/ironcad.eu\/tr\/wp-json\/wp\/v2\/users\/2"}],"replies":[{"embeddable":true,"href":"https:\/\/ironcad.eu\/tr\/wp-json\/wp\/v2\/comments?post=21174"}],"version-history":[{"count":0,"href":"https:\/\/ironcad.eu\/tr\/wp-json\/wp\/v2\/pages\/21174\/revisions"}],"up":[{"embeddable":true,"href":"https:\/\/ironcad.eu\/tr\/wp-json\/wp\/v2\/pages\/20946"}],"wp:attachment":[{"href":"https:\/\/ironcad.eu\/tr\/wp-json\/wp\/v2\/media?parent=21174"}],"wp:term":[{"taxonomy":"dipi_cpt_category","embeddable":true,"href":"https:\/\/ironcad.eu\/tr\/wp-json\/wp\/v2\/dipi_cpt_category?post=21174"}],"curies":[{"name":"wp","href":"https:\/\/api.w.org\/{rel}","templated":true}]}}