{"id":23634,"date":"2026-01-18T20:02:46","date_gmt":"2026-01-18T19:02:46","guid":{"rendered":"https:\/\/ironcad.eu\/?page_id=23634"},"modified":"2026-03-27T15:49:59","modified_gmt":"2026-03-27T14:49:59","slug":"bloglar","status":"publish","type":"page","link":"https:\/\/ironcad.eu\/tr\/bloglar\/","title":{"rendered":"Blog"},"content":{"rendered":"<p>Burada IronCAD ile 3D CAD tasar\u0131m\u0131 hakk\u0131nda bilgi makaleleri, ipu\u00e7lar\u0131 ve g\u00fcncellemeler bulacaks\u0131n\u0131z. Pratik k\u0131lavuzlardan \u00fcr\u00fcn haberlerine kadar CAD yaz\u0131l\u0131m\u0131 ile nas\u0131l daha verimli ve yarat\u0131c\u0131 \u00e7al\u0131\u015fabilece\u011finizi ke\u015ffedin. <\/p>\n","protected":false},"excerpt":{"rendered":"<p>Burada IronCAD ile 3D CAD tasar\u0131m\u0131 hakk\u0131nda bilgi makaleleri, ipu\u00e7lar\u0131 ve g\u00fcncellemeler bulacaks\u0131n\u0131z. Pratik k\u0131lavuzlardan \u00fcr\u00fcn haberlerine kadar CAD yaz\u0131l\u0131m\u0131 ile nas\u0131l daha verimli ve yarat\u0131c\u0131 \u00e7al\u0131\u015fabilece\u011finizi ke\u015ffedin.<\/p>\n","protected":false},"author":1,"featured_media":0,"parent":0,"menu_order":0,"comment_status":"closed","ping_status":"closed","template":"page-blog.php","meta":{"_et_pb_use_builder":"off","_et_pb_old_content":"","_et_gb_content_width":"","_improvement_type_select":"improve_an_existing","_thumb_yes_seoaic":false,"_frame_yes_seoaic":false,"seoaic_generate_description":"","seoaic_improve_instructions_prompt":"","seoaic_rollback_content_improvement":"","seoaic_idea_thumbnail_generator":"","thumbnail_generated":false,"thumbnail_generate_prompt":"","seoaic_article_description":"","footnotes":"","advanced-sidebar-menu\/link-title":"","advanced-sidebar-menu\/exclude-page":false},"dipi_cpt_category":[],"class_list":["post-23634","page","type-page","status-publish","hentry"],"_links":{"self":[{"href":"https:\/\/ironcad.eu\/tr\/wp-json\/wp\/v2\/pages\/23634","targetHints":{"allow":["GET"]}}],"collection":[{"href":"https:\/\/ironcad.eu\/tr\/wp-json\/wp\/v2\/pages"}],"about":[{"href":"https:\/\/ironcad.eu\/tr\/wp-json\/wp\/v2\/types\/page"}],"author":[{"embeddable":true,"href":"https:\/\/ironcad.eu\/tr\/wp-json\/wp\/v2\/users\/1"}],"replies":[{"embeddable":true,"href":"https:\/\/ironcad.eu\/tr\/wp-json\/wp\/v2\/comments?post=23634"}],"version-history":[{"count":1,"href":"https:\/\/ironcad.eu\/tr\/wp-json\/wp\/v2\/pages\/23634\/revisions"}],"predecessor-version":[{"id":28658,"href":"https:\/\/ironcad.eu\/tr\/wp-json\/wp\/v2\/pages\/23634\/revisions\/28658"}],"wp:attachment":[{"href":"https:\/\/ironcad.eu\/tr\/wp-json\/wp\/v2\/media?parent=23634"}],"wp:term":[{"taxonomy":"dipi_cpt_category","embeddable":true,"href":"https:\/\/ironcad.eu\/tr\/wp-json\/wp\/v2\/dipi_cpt_category?post=23634"}],"curies":[{"name":"wp","href":"https:\/\/api.w.org\/{rel}","templated":true}]}}