{"id":23803,"date":"2026-01-27T16:02:23","date_gmt":"2026-01-27T15:02:23","guid":{"rendered":"https:\/\/ironcad.eu\/uzantilar\/3dconnexion\/"},"modified":"2026-04-23T12:31:24","modified_gmt":"2026-04-23T10:31:24","slug":"3dconnexion","status":"publish","type":"page","link":"https:\/\/ironcad.eu\/tr\/uzantilar\/3dconnexion\/","title":{"rendered":"3Dconnexion"},"content":{"rendered":"<p>[et_pb_section fb_built=&#8221;1&#8243; custom_padding_last_edited=&#8221;off|desktop&#8221; _builder_version=&#8221;4.27.4&#8243; _module_preset=&#8221;default&#8221; custom_padding=&#8221;1rem||2rem||false|false&#8221; locked=&#8221;off&#8221; global_colors_info=&#8221;{}&#8221;][et_pb_row custom_padding_last_edited=&#8221;on|desktop&#8221; admin_label=&#8221;K\u0131r\u0131nt\u0131 izi&#8221; _builder_version=&#8221;4.27.4&#8243; _module_preset=&#8221;default&#8221; custom_padding=&#8221;0rem||||false|false&#8221; custom_padding_tablet=&#8221;0rem||||false|false&#8221; custom_padding_phone=&#8221;0rem||||false|false&#8221; global_module=&#8221;11007&#8243; saved_tabs=&#8221;all&#8221; collapsed=&#8221;off&#8221; global_colors_info=&#8221;{}&#8221;][et_pb_column type=&#8221;4_4&#8243; _builder_version=&#8221;4.24.0&#8243; _module_preset=&#8221;default&#8221; global_colors_info=&#8221;{}&#8221;][et_pb_code admin_label=&#8221;Kod&#8221; _builder_version=&#8221;4.27.4&#8243; _module_preset=&#8221;default&#8221; custom_css_main_element=&#8221;font-size: .7em;||text-transform: uppercase;&#8221; global_colors_info=&#8221;{}&#8221;]<nav aria-label=\"breadcrumbs\" class=\"rank-math-breadcrumb\"><p><span class=\"last\">Home<\/span><\/p><\/nav>[\/et_pb_code][\/et_pb_column][\/et_pb_row][et_pb_row custom_padding_last_edited=&#8221;off|desktop&#8221; _builder_version=&#8221;4.27.4&#8243; _module_preset=&#8221;default&#8221; module_alignment=&#8221;center&#8221; custom_margin_last_edited=&#8221;off|desktop&#8221; custom_padding=&#8221;1rem||0rem||false|false&#8221; global_colors_info=&#8221;{}&#8221;][et_pb_column type=&#8221;4_4&#8243; _builder_version=&#8221;4.24.0&#8243; _module_preset=&#8221;default&#8221; global_colors_info=&#8221;{}&#8221;][et_pb_post_title _builder_version=&#8221;4.27.4&#8243; _module_preset=&#8221;default&#8221; custom_margin=&#8221;||0px||false|false&#8221; custom_padding=&#8221;||0px||false|false&#8221; global_colors_info=&#8221;{}&#8221;][\/et_pb_post_title][\/et_pb_column][\/et_pb_row][et_pb_row column_structure=&#8221;2_3,1_3&#8243; _builder_version=&#8221;4.27.4&#8243; _module_preset=&#8221;default&#8221; module_alignment=&#8221;center&#8221; custom_margin=&#8221;|376px||auto|false|false&#8221; custom_padding=&#8221;1rem||1rem||true|false&#8221; global_colors_info=&#8221;{}&#8221;][et_pb_column type=&#8221;2_3&#8243; _builder_version=&#8221;4.24.0&#8243; _module_preset=&#8221;default&#8221; global_colors_info=&#8221;{}&#8221;][et_pb_text _builder_version=&#8221;4.27.4&#8243; _module_preset=&#8221;default&#8221; global_colors_info=&#8221;{}&#8221;]<\/p>\n<h2>IronCAD i\u00e7in 3Dconnexion donan\u0131m\u0131<\/h2>\n<p><a href=\"https:\/\/3dconnexion.com\/\" target=\"_blank\" rel=\"noopener nofollow\">3Dconnexion, IronCAD&#8217;de \u00e7al\u0131\u015fmay\u0131 daha h\u0131zl\u0131, daha rahat ve sezgisel hale getiren ergonomik donan\u0131m ve destekleyici yaz\u0131l\u0131mlar geli\u015ftirir<\/a>. \u00dcr\u00fcnler, IronCAD kullan\u0131c\u0131lar\u0131n\u0131n 3D&#8217;de gezinme, modelleme ve tasar\u0131m yapma bi\u00e7imlerine do\u011frudan ba\u011flan\u0131yor. <\/p>\n<p>\u00d6zel giri\u015f cihazlar\u0131n\u0131 ak\u0131ll\u0131 yaz\u0131l\u0131mla birle\u015ftiren 3Dconnexion IronCAD, profesyonellerin daha fazla kontrol, daha az i\u015flem ve daha do\u011fal bir \u00e7al\u0131\u015fma y\u00f6ntemiyle i\u015f ak\u0131\u015flar\u0131n\u0131 iyile\u015ftirmelerine yard\u0131mc\u0131 olur.<\/p>\n<p>[\/et_pb_text][\/et_pb_column][et_pb_column type=&#8221;1_3&#8243; _builder_version=&#8221;4.27.4&#8243; _module_preset=&#8221;default&#8221; custom_padding=&#8221;2rem|1rem|2rem|1rem|true|true&#8221; border_radii=&#8221;on|8px|8px|8px|8px&#8221; box_shadow_style=&#8221;preset2&#8243; global_colors_info=&#8221;{}&#8221;][et_pb_image src=&#8221;https:\/\/ironcad.eu\/wp-content\/uploads\/2026\/01\/3dconnexion_logo.webp&#8221; alt=&#8221;Logo 3Dconnexion&#8221; title_text=&#8221;3dconnexion_logo&#8221; url=&#8221;https:\/\/3dconnexion.com\/nl\/&#8221; url_new_window=&#8221;on&#8221; align=&#8221;center&#8221; _builder_version=&#8221;4.27.6&#8243; _module_preset=&#8221;default&#8221; hover_enabled=&#8221;0&#8243; border_radii=&#8221;on|8px|8px|8px|8px&#8221; global_colors_info=&#8221;{}&#8221; sticky_enabled=&#8221;0&#8243;][\/et_pb_image][et_pb_button button_url=&#8221;https:\/\/3dconnexion.com\/nl\/&#8221; url_new_window=&#8221;on&#8221; button_text=&#8221;Daha fazla bilgi&#8221; button_alignment=&#8221;center&#8221; _builder_version=&#8221;4.27.6&#8243; _module_preset=&#8221;default&#8221; button_bg_color=&#8221;gcid-primary-color&#8221; hover_enabled=&#8221;0&#8243; global_colors_info=&#8221;{%22gcid-cec01bf0-fc62-410c-9831-380fd97d1c1b%22:%91%22button_bg_color__hover%22%93,%22gcid-heading-color%22:%91%22button_bg_color__hover%22%93,%22gcid-primary-color%22:%91%22button_bg_color%22%93}&#8221; button_bg_color__hover=&#8221;#474747&#8243; sticky_enabled=&#8221;0&#8243;][\/et_pb_button][\/et_pb_column][\/et_pb_row][et_pb_row custom_padding_last_edited=&#8221;off|desktop&#8221; _builder_version=&#8221;4.27.4&#8243; _module_preset=&#8221;default&#8221; global_colors_info=&#8221;{}&#8221;][et_pb_column type=&#8221;4_4&#8243; _builder_version=&#8221;4.24.2&#8243; _module_preset=&#8221;default&#8221; global_colors_info=&#8221;{}&#8221;][et_pb_image src=&#8221;https:\/\/ironcad.eu\/wp-content\/uploads\/2026\/01\/navigation_main_image-e1769521380808.webp&#8221; alt=&#8221;3Dconnexion SpaceMouse, CAD tasar\u0131ml\u0131 klavye ve monit\u00f6r\u00fcn yan\u0131nda modern bir masa \u00fczerinde&#8221; title_text=&#8221;navigation_main_image&#8221; _builder_version=&#8221;4.27.4&#8243; _module_preset=&#8221;default&#8221; border_radii=&#8221;on|8px|8px|8px|8px&#8221; global_colors_info=&#8221;{}&#8221;][\/et_pb_image][et_pb_text _builder_version=&#8221;4.27.4&#8243; _module_preset=&#8221;default&#8221; global_colors_info=&#8221;{}&#8221;]<\/p>\n<h2>Profesyonel CAD \u00e7al\u0131\u015fmalar\u0131 i\u00e7in tasarlanm\u0131\u015ft\u0131r<\/h2>\n<p>IronCAD tamamen esneklik, h\u0131z ve modelle do\u011frudan etkile\u015fimle ilgilidir. 3Dconnexion&#8217;un donan\u0131m\u0131, navigasyon ve girdiyi modellemenin kendisinden ay\u0131rarak bu \u00f6zellikleri g\u00fc\u00e7lendirir. IronCAD ve 3Dconnexion kombinasyonu ak\u0131c\u0131, mant\u0131kl\u0131 bir tasar\u0131m i\u015f ak\u0131\u015f\u0131 yarat\u0131r.  <\/p>\n<p>[\/et_pb_text][\/et_pb_column][\/et_pb_row][et_pb_row column_structure=&#8221;1_4,1_4,1_4,1_4&#8243; custom_padding_last_edited=&#8221;off|desktop&#8221; _builder_version=&#8221;4.27.4&#8243; _module_preset=&#8221;default&#8221; custom_margin_last_edited=&#8221;off|desktop&#8221; custom_padding=&#8221;1rem||1rem||true|false&#8221; global_colors_info=&#8221;{}&#8221;][et_pb_column type=&#8221;1_4&#8243; _builder_version=&#8221;4.24.0&#8243; _module_preset=&#8221;default&#8221; global_colors_info=&#8221;{}&#8221;][et_pb_blurb use_icon=&#8221;on&#8221; font_icon=&#8221;&#xe049;||fa||400&#8243; icon_color=&#8221;gcid-primary-color&#8221; icon_alignment=&#8221;center&#8221; _builder_version=&#8221;4.27.4&#8243; _module_preset=&#8221;default&#8221; custom_margin=&#8221;||0rem||false|false&#8221; global_colors_info=&#8221;{%22gcid-2c6a33f9-5f77-4945-8274-f487275e6c76%22:%91%22box_shadow_color%22,%22box_shadow_color%22%93,%22gcid-primary-color%22:%91%22icon_color%22%93}&#8221;]<\/p>\n<p style=\"text-align: center;\"><strong>E\u015f zamanl\u0131 navigasyon ve tasar\u0131m<\/strong><\/p>\n<p>[\/et_pb_blurb][\/et_pb_column][et_pb_column type=&#8221;1_4&#8243; _builder_version=&#8221;4.24.0&#8243; _module_preset=&#8221;default&#8221; global_colors_info=&#8221;{}&#8221;][et_pb_blurb use_icon=&#8221;on&#8221; font_icon=&#8221;&#xf8cc;||fa||900&#8243; icon_color=&#8221;gcid-primary-color&#8221; icon_alignment=&#8221;center&#8221; _builder_version=&#8221;4.27.4&#8243; _module_preset=&#8221;default&#8221; custom_margin=&#8221;||0rem||false|false&#8221; global_colors_info=&#8221;{%22gcid-2c6a33f9-5f77-4945-8274-f487275e6c76%22:%91%22box_shadow_color%22,%22box_shadow_color%22%93,%22gcid-primary-color%22:%91%22icon_color%22%93}&#8221;]<\/p>\n<p style=\"text-align: center;\"><strong>Genel bak\u0131\u015f ve detaylar aras\u0131nda daha h\u0131zl\u0131 ge\u00e7i\u015f<\/strong><\/p>\n<p>[\/et_pb_blurb][\/et_pb_column][et_pb_column type=&#8221;1_4&#8243; _builder_version=&#8221;4.24.0&#8243; _module_preset=&#8221;default&#8221; global_colors_info=&#8221;{}&#8221;][et_pb_blurb use_icon=&#8221;on&#8221; font_icon=&#8221;&#xe08d;||divi||400&#8243; icon_color=&#8221;gcid-primary-color&#8221; icon_alignment=&#8221;center&#8221; _builder_version=&#8221;4.27.4&#8243; _module_preset=&#8221;default&#8221; custom_margin=&#8221;||0rem||false|false&#8221; global_colors_info=&#8221;{%22gcid-2c6a33f9-5f77-4945-8274-f487275e6c76%22:%91%22box_shadow_color%22,%22box_shadow_color%22,%22box_shadow_color%22%93,%22gcid-primary-color%22:%91%22icon_color%22%93}&#8221;]<\/p>\n<p style=\"text-align: center;\"><strong>Karma\u015f\u0131k modellerde daha fazla hassasiyet ve kontrol<\/strong><\/p>\n<p>[\/et_pb_blurb][\/et_pb_column][et_pb_column type=&#8221;1_4&#8243; _builder_version=&#8221;4.24.0&#8243; _module_preset=&#8221;default&#8221; global_colors_info=&#8221;{}&#8221;][et_pb_blurb use_icon=&#8221;on&#8221; font_icon=&#8221;&#xf007;||fa||900&#8243; icon_color=&#8221;gcid-primary-color&#8221; icon_alignment=&#8221;center&#8221; _builder_version=&#8221;4.27.4&#8243; _module_preset=&#8221;default&#8221; custom_margin=&#8221;||0rem||false|false&#8221; global_colors_info=&#8221;{%22gcid-2c6a33f9-5f77-4945-8274-f487275e6c76%22:%91%22box_shadow_color%22,%22box_shadow_color%22%93,%22gcid-primary-color%22:%91%22icon_color%22%93}&#8221;]<\/p>\n<p style=\"text-align: center;\"><strong>Daha uzun s\u00fcre rahat \u00e7al\u0131\u015fma<\/strong><\/p>\n<p>[\/et_pb_blurb][\/et_pb_column][\/et_pb_row][\/et_pb_section][et_pb_section fb_built=&#8221;1&#8243; _builder_version=&#8221;4.27.4&#8243; _module_preset=&#8221;default&#8221; background_color=&#8221;gcid-f52cc46c-103a-4f3e-bb71-6efb5f79ee25&#8243; global_colors_info=&#8221;{%22gcid-f52cc46c-103a-4f3e-bb71-6efb5f79ee25%22:%91%22background_color%22%93}&#8221;][et_pb_row custom_padding_last_edited=&#8221;off|desktop&#8221; _builder_version=&#8221;4.27.4&#8243; _module_preset=&#8221;default&#8221; custom_margin_last_edited=&#8221;off|desktop&#8221; custom_padding=&#8221;2rem||0rem||false|false&#8221; global_colors_info=&#8221;{}&#8221;][et_pb_column type=&#8221;4_4&#8243; _builder_version=&#8221;4.24.2&#8243; _module_preset=&#8221;default&#8221; global_colors_info=&#8221;{}&#8221;][et_pb_text _builder_version=&#8221;4.27.4&#8243; _module_preset=&#8221;default&#8221; text_orientation=&#8221;center&#8221; global_colors_info=&#8221;{}&#8221;]<\/p>\n<h2>3Dconnexion \u00dcr\u00fcnleri<\/h2>\n<p>Bu cihazlar birlikte profesyonel CAD kullan\u0131m\u0131 i\u00e7in entegre bir \u00e7\u00f6z\u00fcm olu\u015fturur.<\/p>\n<p>[\/et_pb_text][\/et_pb_column][\/et_pb_row][et_pb_row column_structure=&#8221;1_3,1_3,1_3&#8243; make_equal=&#8221;on&#8221; custom_padding_last_edited=&#8221;off|desktop&#8221; _builder_version=&#8221;4.27.4&#8243; _module_preset=&#8221;default&#8221; global_colors_info=&#8221;{}&#8221;][et_pb_column type=&#8221;1_3&#8243; _builder_version=&#8221;4.24.2&#8243; _module_preset=&#8221;default&#8221; global_colors_info=&#8221;{}&#8221;][et_pb_blurb title=&#8221;SpaceMouse 3D fareler&#8221; url_new_window=&#8221;on&#8221; image=&#8221;https:\/\/ironcad.eu\/wp-content\/uploads\/2026\/01\/SpaceMouse-Wireless-Bluetooth-Edition_gallery_01-1.webp&#8221; alt=&#8221;3Dconnexion SpaceMouse CAD ve 3D yaz\u0131l\u0131mlar\u0131 i\u00e7in kablosuz 3D navigasyon faresi&#8221; image_icon_width=&#8221;50%&#8221; icon_alignment=&#8221;center&#8221; _builder_version=&#8221;4.27.6&#8243; _module_preset=&#8221;default&#8221; text_orientation=&#8221;center&#8221; hover_enabled=&#8221;0&#8243; global_colors_info=&#8221;{}&#8221; sticky_enabled=&#8221;0&#8243;]<\/p>\n<p><a href=\"https:\/\/3dconnexion.com\/nl\/spacemouse\/\" target=\"_blank\" rel=\"noopener nofollow\">SpaceMouse serisi, IronCAD&#8217;de bir elinizle modeli kontrol ederken di\u011fer elinizle tasar\u0131m yapabilece\u011finiz sezgisel 3D navigasyon i\u00e7in tasarlanm\u0131\u015ft\u0131r<\/a>.<\/p>\n<p>[\/et_pb_blurb][\/et_pb_column][et_pb_column type=&#8221;1_3&#8243; _builder_version=&#8221;4.24.2&#8243; _module_preset=&#8221;default&#8221; global_colors_info=&#8221;{}&#8221;][et_pb_blurb title=&#8221;CadMouse&#8221; image=&#8221;https:\/\/ironcad.eu\/wp-content\/uploads\/2026\/01\/cmpw_gallery_thumb_01-1.webp&#8221; alt=&#8221;CAD ve 3D tasar\u0131m i\u00e7in 3Dconnexion CadMouse Pro kablolu fare&#8221; image_icon_width=&#8221;40%&#8221; icon_alignment=&#8221;center&#8221; _builder_version=&#8221;4.27.6&#8243; _module_preset=&#8221;default&#8221; text_orientation=&#8221;center&#8221; hover_enabled=&#8221;0&#8243; global_colors_info=&#8221;{}&#8221; sticky_enabled=&#8221;0&#8243;]<\/p>\n<p>IronCAD&#8217;de hassas \u00e7al\u0131\u015fma i\u00e7in optimize edilen <a href=\"https:\/\/3dconnexion.com\/nl\/cadmouse\/\" target=\"_blank\" rel=\"noopener nofollow\">CadMouse, standart bir fareye k\u0131yasla ekstra hassasiyet ve konfor sunar<\/a>.<\/p>\n<p>[\/et_pb_blurb][\/et_pb_column][et_pb_column type=&#8221;1_3&#8243; _builder_version=&#8221;4.24.2&#8243; _module_preset=&#8221;default&#8221; global_colors_info=&#8221;{}&#8221;][et_pb_blurb title=&#8221;Klavye ve Numpad&#8221; image=&#8221;https:\/\/ironcad.eu\/wp-content\/uploads\/2026\/01\/keyboard-pro-with-numpad_us_lp_gallery_01.webp&#8221; alt=&#8221;Profesyonel kullan\u0131m i\u00e7in ayr\u0131 say\u0131sal tu\u015f tak\u0131m\u0131na sahip 3Dconnexion Keyboard Pro&#8221; image_icon_width=&#8221;50%&#8221; icon_alignment=&#8221;center&#8221; _builder_version=&#8221;4.27.6&#8243; _module_preset=&#8221;default&#8221; text_orientation=&#8221;center&#8221; hover_enabled=&#8221;0&#8243; global_colors_info=&#8221;{}&#8221; sticky_enabled=&#8221;0&#8243;]<\/p>\n<p>IronCAD&#8217;e verimli giri\u015f i\u00e7in tasarlanan 3Dconnexion <a href=\"https:\/\/3dconnexion.com\/nl\/product\/keyboard-pro-with-numpad\/\" target=\"_blank\" rel=\"noopener nofollow\">Klavye ve Numpad, s\u0131k kullan\u0131lan komutlar i\u00e7in programlanabilir tu\u015flar sunar<\/a>.<\/p>\n<p>[\/et_pb_blurb][\/et_pb_column][\/et_pb_row][\/et_pb_section][et_pb_section fb_built=&#8221;1&#8243; custom_padding_last_edited=&#8221;off|desktop&#8221; _builder_version=&#8221;4.27.4&#8243; _module_preset=&#8221;default&#8221; background_color=&#8221;#FFFFFF&#8221; global_colors_info=&#8221;{}&#8221;][et_pb_row custom_padding_last_edited=&#8221;off|desktop&#8221; _builder_version=&#8221;4.27.4&#8243; _module_preset=&#8221;default&#8221; global_colors_info=&#8221;{}&#8221;][et_pb_column type=&#8221;4_4&#8243; _builder_version=&#8221;4.24.2&#8243; _module_preset=&#8221;default&#8221; global_colors_info=&#8221;{}&#8221;][et_pb_text _builder_version=&#8221;4.27.4&#8243; _module_preset=&#8221;default&#8221; global_colors_info=&#8221;{}&#8221;]<\/p>\n<h2>Donan\u0131m ve yaz\u0131l\u0131m\u0131n birlikte \u00e7al\u0131\u015fmas\u0131<\/h2>\n<p>3Dconnexion&#8217;un donan\u0131m\u0131 ak\u0131ll\u0131, kullan\u0131c\u0131 dostu bir yaz\u0131l\u0131m taraf\u0131ndan desteklenmektedir. Bu, kullan\u0131c\u0131lar\u0131n d\u00fc\u011fmeleri yap\u0131land\u0131rmas\u0131na, uygulama ba\u015f\u0131na profiller ayarlamas\u0131na ve donan\u0131m\u0131 IronCAD ve di\u011fer CAD sistemlerindeki ki\u015fisel i\u015f ak\u0131\u015flar\u0131na tamamen uyarlamas\u0131na olanak tan\u0131r. <\/p>\n<p>Bu kombinasyon, farkl\u0131 3B tasar\u0131m ortamlar\u0131nda tutarl\u0131 ve verimli bir kullan\u0131c\u0131 deneyimi sa\u011flar.<\/p>\n<p>[\/et_pb_text][et_pb_text _builder_version=&#8221;4.27.4&#8243; _module_preset=&#8221;default&#8221; global_colors_info=&#8221;{}&#8221;]<\/p>\n<h2>D\u00fcnya \u00e7ap\u0131nda faaliyet<\/h2>\n<p>3Dconnexion Almanya, Japonya, Monako, Polonya ve Amerika Birle\u015fik Devletleri&#8217;nde ofisleri bulunan uluslararas\u0131 bir kurulu\u015ftur. \u015eirket bu lokasyonlardan m\u00fchendislik, tasar\u0131m ve teknoloji alanlar\u0131nda k\u00fcresel bir profesyonel a\u011f\u0131n\u0131 desteklemektedir. <\/p>\n<p>[\/et_pb_text][\/et_pb_column][\/et_pb_row][\/et_pb_section][et_pb_section fb_built=&#8221;1&#8243; custom_padding_last_edited=&#8221;off|desktop&#8221; _builder_version=&#8221;4.27.4&#8243; _module_preset=&#8221;default&#8221; background_color=&#8221;gcid-f52cc46c-103a-4f3e-bb71-6efb5f79ee25&#8243; global_colors_info=&#8221;{%22gcid-f52cc46c-103a-4f3e-bb71-6efb5f79ee25%22:%91%22background_color%22%93}&#8221;][et_pb_row column_structure=&#8221;3_5,2_5&#8243; custom_padding_last_edited=&#8221;off|desktop&#8221; _builder_version=&#8221;4.27.4&#8243; _module_preset=&#8221;default&#8221; custom_padding=&#8221;1rem||1rem||true|false&#8221; global_colors_info=&#8221;{}&#8221;][et_pb_column type=&#8221;3_5&#8243; _builder_version=&#8221;4.27.4&#8243; _module_preset=&#8221;default&#8221; global_colors_info=&#8221;{}&#8221;][et_pb_text _builder_version=&#8221;4.27.4&#8243; _module_preset=&#8221;default&#8221; min_height=&#8221;60.8px&#8221; custom_margin=&#8221;||||false|false&#8221; global_colors_info=&#8221;{}&#8221;]<\/p>\n<h2>3Dconnexion ve IronCAD<\/h2>\n<p>3Dconnexion&#8217;un \u00e7\u00f6z\u00fcmleri IronCAD ile sorunsuz bir \u015fekilde entegre olur. IronCAD kullan\u0131c\u0131lar\u0131 bu \u00f6zel donan\u0131m\u0131 kullanarak i\u015f ak\u0131\u015flar\u0131n\u0131 h\u0131zland\u0131rabilir ve hem konsept geli\u015ftirmede hem de detayl\u0131 m\u00fchendislikte daha rahat \u00e7al\u0131\u015fabilirler. <\/p>\n<p>3Dconnexion&#8217;un web sitesindeki donan\u0131m ve \u00e7\u00f6z\u00fcmlerin tamam\u0131n\u0131 ke\u015ffedin ve \u00e7al\u0131\u015fma \u015feklinize en uygun konfig\u00fcrasyona karar verin.<\/p>\n<p>[\/et_pb_text][dipi_button_grid flex_direction=&#8221;row&#8221; justify_content=&#8221;flex-start&#8221; _builder_version=&#8221;4.27.6&#8243; _dynamic_attributes=&#8221;link_option_url&#8221; _module_preset=&#8221;default&#8221; link_option_url=&#8221;@ET-DC@eyJkeW5hbWljIjp0cnVlLCJjb250ZW50IjoicG9zdF9saW5rX3VybF9wYWdlIiwic2V0dGluZ3MiOnsicG9zdF9pZCI6IjExMjMyIn19@&#8221; hover_enabled=&#8221;0&#8243; global_colors_info=&#8221;{}&#8221; sticky_enabled=&#8221;0&#8243;][dipi_button_grid_child button_id=&#8221;Bekijk 3Dconnexion&#8221; button_type=&#8221;dp_button&#8221; button_text=&#8221;3Dconnexion \u00fcr\u00fcnlerini g\u00f6r\u00fcnt\u00fcleyin&#8221; button_link=&#8221;https:\/\/3dconnexion.com\/nl\/&#8221; button_link_target=&#8221;on&#8221; _builder_version=&#8221;4.27.6&#8243; _module_preset=&#8221;default&#8221; custom_button=&#8221;on&#8221; button_bg_color=&#8221;gcid-primary-color&#8221; button_font=&#8221;|600||on|||||&#8221; button_icon=&#8221;&#xf129;||fa||900&#8243; button_icon_placement=&#8221;right&#8221; button_on_hover=&#8221;on&#8221; button_custom_margin=&#8221;||||false|false&#8221; button_custom_padding=&#8221;10px|35px|10px|35px|true|true&#8221; hover_enabled=&#8221;0&#8243; global_colors_info=&#8221;{%22gcid-primary-color%22:%91%22button_bg_color%22%93,%22gcid-heading-color%22:%91%22button_bg_color__hover%22%93}&#8221; button_bg_color__hover_enabled=&#8221;on|hover&#8221; button_bg_color__hover=&#8221;#474747&#8243; button_bg_enable_color__hover=&#8221;on&#8221; sticky_enabled=&#8221;0&#8243;][\/dipi_button_grid_child][dipi_button_grid_child button_id=&#8221;Probeer IronCAD&#8221; button_type=&#8221;dp_button&#8221; button_text=&#8221;IronCAD&#039;i deneyin&#8221; button_link=&#8221;@ET-DC@eyJkeW5hbWljIjp0cnVlLCJjb250ZW50IjoicG9zdF9saW5rX3VybF9wYWdlIiwic2V0dGluZ3MiOnsicG9zdF9pZCI6IjExMDYzIn19@&#8221; _builder_version=&#8221;4.27.4&#8243; _dynamic_attributes=&#8221;button_link&#8221; _module_preset=&#8221;default&#8221; custom_button=&#8221;on&#8221; button_bg_color=&#8221;gcid-heading-color&#8221; button_font=&#8221;|600||on|||||&#8221; button_icon=&#8221;&#xe092;||divi||400&#8243; button_icon_placement=&#8221;right&#8221; button_on_hover=&#8221;on&#8221; button_custom_margin=&#8221;||||false|false&#8221; button_custom_padding=&#8221;10px|35px|10px|35px|true|true&#8221; global_colors_info=&#8221;{%22gcid-heading-color%22:%91%22button_bg_color%22%93,%22gcid-primary-color%22:%91%22button_bg_color__hover%22%93}&#8221; button_bg_color__hover_enabled=&#8221;on|hover&#8221; button_bg_color__hover=&#8221;#1694b2&#8243; button_bg_enable_color__hover=&#8221;on&#8221;][\/dipi_button_grid_child][\/dipi_button_grid][\/et_pb_column][et_pb_column type=&#8221;2_5&#8243; _builder_version=&#8221;4.27.4&#8243; _module_preset=&#8221;default&#8221; global_colors_info=&#8221;{}&#8221;][et_pb_image src=&#8221;https:\/\/ironcad.eu\/wp-content\/uploads\/2026\/01\/productpage-teaser_desktop-pro_desktop-e1769523564170.webp&#8221; alt=&#8221;SpaceMouse, say\u0131sal tu\u015f tak\u0131m\u0131, masa\u00fcst\u00fc klavye ve fare ile 3Dconnexion Desktop Pro&#8221; title_text=&#8221;productpage-teaser_desktop-pro_desktop&#8221; _builder_version=&#8221;4.27.4&#8243; _module_preset=&#8221;default&#8221; border_radii=&#8221;on|8px|8px|8px|8px&#8221; global_colors_info=&#8221;{}&#8221;][\/et_pb_image][\/et_pb_column][\/et_pb_row][\/et_pb_section]<\/p>\n","protected":false},"excerpt":{"rendered":"<p>3Dconnexion&#8217;un IronCAD i\u00e7in sundu\u011fu ergonomik donan\u0131m\u0131 ke\u015ffedin. Daha h\u0131zl\u0131 ve daha rahat 3D tasar\u0131m i\u00e7in SpaceMouse, CadMouse, Klavye ve Numpad. <\/p>\n","protected":false},"author":2,"featured_media":0,"parent":20663,"menu_order":0,"comment_status":"closed","ping_status":"closed","template":"","meta":{"_et_pb_use_builder":"on","_et_pb_old_content":"","_et_gb_content_width":"","_improvement_type_select":"improve_an_existing","_thumb_yes_seoaic":false,"_frame_yes_seoaic":false,"seoaic_generate_description":"","seoaic_improve_instructions_prompt":"","seoaic_rollback_content_improvement":"","seoaic_idea_thumbnail_generator":"","thumbnail_generated":false,"thumbnail_generate_prompt":"","seoaic_article_description":"","footnotes":"","advanced-sidebar-menu\/link-title":"","advanced-sidebar-menu\/exclude-page":false},"dipi_cpt_category":[],"class_list":["post-23803","page","type-page","status-publish","hentry"],"_links":{"self":[{"href":"https:\/\/ironcad.eu\/tr\/wp-json\/wp\/v2\/pages\/23803","targetHints":{"allow":["GET"]}}],"collection":[{"href":"https:\/\/ironcad.eu\/tr\/wp-json\/wp\/v2\/pages"}],"about":[{"href":"https:\/\/ironcad.eu\/tr\/wp-json\/wp\/v2\/types\/page"}],"author":[{"embeddable":true,"href":"https:\/\/ironcad.eu\/tr\/wp-json\/wp\/v2\/users\/2"}],"replies":[{"embeddable":true,"href":"https:\/\/ironcad.eu\/tr\/wp-json\/wp\/v2\/comments?post=23803"}],"version-history":[{"count":0,"href":"https:\/\/ironcad.eu\/tr\/wp-json\/wp\/v2\/pages\/23803\/revisions"}],"up":[{"embeddable":true,"href":"https:\/\/ironcad.eu\/tr\/wp-json\/wp\/v2\/pages\/20663"}],"wp:attachment":[{"href":"https:\/\/ironcad.eu\/tr\/wp-json\/wp\/v2\/media?parent=23803"}],"wp:term":[{"taxonomy":"dipi_cpt_category","embeddable":true,"href":"https:\/\/ironcad.eu\/tr\/wp-json\/wp\/v2\/dipi_cpt_category?post=23803"}],"curies":[{"name":"wp","href":"https:\/\/api.w.org\/{rel}","templated":true}]}}