{"id":27205,"date":"2024-02-15T12:32:55","date_gmt":"2024-02-15T11:32:55","guid":{"rendered":"https:\/\/ironcad.eu\/destek\/uzaktan-destek\/"},"modified":"2026-04-24T09:28:33","modified_gmt":"2026-04-24T07:28:33","slug":"uzaktan-destek","status":"publish","type":"page","link":"https:\/\/ironcad.eu\/tr\/destek\/uzaktan-destek\/","title":{"rendered":"Uzaktan destek"},"content":{"rendered":"<p>[et_pb_section fb_built=&#8221;1&#8243; _builder_version=&#8221;4.24.0&#8243; _module_preset=&#8221;default&#8221; locked=&#8221;off&#8221; global_colors_info=&#8221;{}&#8221;][et_pb_row custom_padding_last_edited=&#8221;on|desktop&#8221; admin_label=&#8221;K\u0131r\u0131nt\u0131 izi&#8221; _builder_version=&#8221;4.27.4&#8243; _module_preset=&#8221;default&#8221; custom_padding=&#8221;0rem||||false|false&#8221; custom_padding_tablet=&#8221;0rem||||false|false&#8221; custom_padding_phone=&#8221;0rem||||false|false&#8221; global_module=&#8221;11007&#8243; saved_tabs=&#8221;all&#8221; collapsed=&#8221;off&#8221; global_colors_info=&#8221;{}&#8221;][et_pb_column type=&#8221;4_4&#8243; _builder_version=&#8221;4.24.0&#8243; _module_preset=&#8221;default&#8221; global_colors_info=&#8221;{}&#8221;][et_pb_code admin_label=&#8221;Kod&#8221; _builder_version=&#8221;4.27.4&#8243; _module_preset=&#8221;default&#8221; custom_css_main_element=&#8221;font-size: .7em;||text-transform: uppercase;&#8221; global_colors_info=&#8221;{}&#8221;]<nav aria-label=\"breadcrumbs\" class=\"rank-math-breadcrumb\"><p><span class=\"last\">Home<\/span><\/p><\/nav>[\/et_pb_code][\/et_pb_column][\/et_pb_row][et_pb_row _builder_version=&#8221;4.24.0&#8243; _module_preset=&#8221;default&#8221; global_colors_info=&#8221;{}&#8221;][et_pb_column type=&#8221;4_4&#8243; _builder_version=&#8221;4.24.0&#8243; _module_preset=&#8221;default&#8221; global_colors_info=&#8221;{}&#8221;][et_pb_text _builder_version=&#8221;4.27.6&#8243; _module_preset=&#8221;default&#8221; hover_enabled=&#8221;0&#8243; global_colors_info=&#8221;{}&#8221; sticky_enabled=&#8221;0&#8243;]<\/p>\n<h1>Uzaktan destek<\/h1>\n<p>Destek sayfam\u0131za ho\u015f geldiniz. T\u00fcm m\u00fc\u015fterilerimize ki\u015fisel ve do\u011fru bir \u015fekilde yard\u0131mc\u0131 olmaya \u00e7al\u0131\u015f\u0131yoruz. <\/p>\n<p>Uzaktan yard\u0131ma m\u0131 ihtiyac\u0131n\u0131z var? O zaman <a href=\"https:\/\/ironcad.eu\/tr\/iletisim\/\">bize telefonla ula\u015f\u0131n<\/a>. Yard\u0131m masas\u0131 \u00e7al\u0131\u015fan\u0131m\u0131z taraf\u0131ndan size verilen kodu a\u015fa\u011f\u0131daki forma girin. Size yard\u0131mc\u0131 olmaktan mutluluk duyaca\u011f\u0131z.   <\/p>\n<p>[\/et_pb_text][\/et_pb_column][\/et_pb_row][et_pb_row _builder_version=&#8221;4.27.6&#8243; _module_preset=&#8221;default&#8221; custom_padding_tablet=&#8221;2rem||1rem||false|false&#8221; custom_padding_phone=&#8221;2rem||0rem||false|false&#8221; hover_enabled=&#8221;0&#8243; global_colors_info=&#8221;{}&#8221; custom_padding_last_edited=&#8221;off|desktop&#8221; custom_margin_last_edited=&#8221;off|desktop&#8221; sticky_enabled=&#8221;0&#8243;][et_pb_column type=&#8221;4_4&#8243; _builder_version=&#8221;4.24.0&#8243; _module_preset=&#8221;default&#8221; global_colors_info=&#8221;{}&#8221;][et_pb_code admin_label=&#8221;Kod&#8221; _builder_version=&#8221;4.27.6&#8243; _module_preset=&#8221;default&#8221; hover_enabled=&#8221;0&#8243; global_colors_info=&#8221;{}&#8221; border_radii=&#8221;on|8px|8px|8px|8px&#8221; sticky_enabled=&#8221;0&#8243;]<iframe style=\"width: 100%; height: 600px;\" src=\"https:\/\/support.dynfos.com\/?Theme=DarkTeal\"><\/iframe>[\/et_pb_code][\/et_pb_column][\/et_pb_row][\/et_pb_section]<\/p>\n","protected":false},"excerpt":{"rendered":"<p><nav aria-label=\"breadcrumbs\" class=\"rank-math-breadcrumb\"><p><span class=\"last\">Home<\/span><\/p><\/nav>Uzaktan destek Destek sayfam\u0131za ho\u015f geldiniz. T\u00fcm m\u00fc\u015fterilerimize ki\u015fisel ve do\u011fru bir \u015fekilde yard\u0131mc\u0131 olmaya \u00e7al\u0131\u015f\u0131yoruz. Uzaktan yard\u0131ma m\u0131 ihtiyac\u0131n\u0131z var? O zaman bize telefonla ula\u015f\u0131n. Yard\u0131m masas\u0131 \u00e7al\u0131\u015fan\u0131m\u0131z taraf\u0131ndan size verilen kodu a\u015fa\u011f\u0131daki forma girin. Size yard\u0131mc\u0131 olmaktan mutluluk duyaca\u011f\u0131z.<\/p>\n","protected":false},"author":1,"featured_media":0,"parent":20946,"menu_order":11,"comment_status":"closed","ping_status":"closed","template":"","meta":{"_et_pb_use_builder":"on","_et_pb_old_content":"","_et_gb_content_width":"","_improvement_type_select":"improve_an_existing","_thumb_yes_seoaic":false,"_frame_yes_seoaic":false,"seoaic_generate_description":"","seoaic_improve_instructions_prompt":"","seoaic_rollback_content_improvement":"","seoaic_idea_thumbnail_generator":"","thumbnail_generated":false,"thumbnail_generate_prompt":"","seoaic_article_description":"","footnotes":"","advanced-sidebar-menu\/link-title":"","advanced-sidebar-menu\/exclude-page":false},"dipi_cpt_category":[],"class_list":["post-27205","page","type-page","status-publish","hentry"],"_links":{"self":[{"href":"https:\/\/ironcad.eu\/tr\/wp-json\/wp\/v2\/pages\/27205","targetHints":{"allow":["GET"]}}],"collection":[{"href":"https:\/\/ironcad.eu\/tr\/wp-json\/wp\/v2\/pages"}],"about":[{"href":"https:\/\/ironcad.eu\/tr\/wp-json\/wp\/v2\/types\/page"}],"author":[{"embeddable":true,"href":"https:\/\/ironcad.eu\/tr\/wp-json\/wp\/v2\/users\/1"}],"replies":[{"embeddable":true,"href":"https:\/\/ironcad.eu\/tr\/wp-json\/wp\/v2\/comments?post=27205"}],"version-history":[{"count":0,"href":"https:\/\/ironcad.eu\/tr\/wp-json\/wp\/v2\/pages\/27205\/revisions"}],"up":[{"embeddable":true,"href":"https:\/\/ironcad.eu\/tr\/wp-json\/wp\/v2\/pages\/20946"}],"wp:attachment":[{"href":"https:\/\/ironcad.eu\/tr\/wp-json\/wp\/v2\/media?parent=27205"}],"wp:term":[{"taxonomy":"dipi_cpt_category","embeddable":true,"href":"https:\/\/ironcad.eu\/tr\/wp-json\/wp\/v2\/dipi_cpt_category?post=27205"}],"curies":[{"name":"wp","href":"https:\/\/api.w.org\/{rel}","templated":true}]}}