{"id":36334,"date":"2026-05-12T16:12:23","date_gmt":"2026-05-12T14:12:23","guid":{"rendered":"https:\/\/ironcad.eu\/destek\/kaynaklar\/kutuphaneler\/ek-kutuphaneler\/"},"modified":"2026-05-12T16:19:12","modified_gmt":"2026-05-12T14:19:12","slug":"ek-kutuphaneler","status":"publish","type":"page","link":"https:\/\/ironcad.eu\/tr\/destek\/kaynaklar\/kutuphaneler\/ek-kutuphaneler\/","title":{"rendered":"Ek k\u00fct\u00fcphaneler"},"content":{"rendered":"<p>[et_pb_section fb_built=&#8221;1&#8243; _builder_version=&#8221;4.27.6&#8243; _module_preset=&#8221;default&#8221; background_color=&#8221;gcid-f52cc46c-103a-4f3e-bb71-6efb5f79ee25&#8243; global_colors_info=&#8221;{%22gcid-f52cc46c-103a-4f3e-bb71-6efb5f79ee25%22:%91%22background_color%22%93}&#8221;][et_pb_row custom_padding_last_edited=&#8221;on|desktop&#8221; admin_label=&#8221;K\u0131r\u0131nt\u0131 izi&#8221; _builder_version=&#8221;4.27.4&#8243; _module_preset=&#8221;default&#8221; custom_padding=&#8221;0rem||||false|false&#8221; custom_padding_tablet=&#8221;0rem||||false|false&#8221; custom_padding_phone=&#8221;0rem||||false|false&#8221; saved_tabs=&#8221;all&#8221; collapsed=&#8221;off&#8221; global_colors_info=&#8221;{%22gcid-342b504c-af3f-4a0e-9bbf-cd80ba9f1957%22:%91%22border_color_bottom%22%93}&#8221;][et_pb_column type=&#8221;4_4&#8243; _builder_version=&#8221;4.24.0&#8243; _module_preset=&#8221;default&#8221; global_colors_info=&#8221;{}&#8221;][et_pb_code _builder_version=&#8221;4.27.6&#8243; _module_preset=&#8221;default&#8221; global_colors_info=&#8221;{}&#8221;]<nav aria-label=\"breadcrumbs\" class=\"rank-math-breadcrumb\"><p><span class=\"last\">Home<\/span><\/p><\/nav>[\/et_pb_code][\/et_pb_column][\/et_pb_row][et_pb_row column_structure=&#8221;1_2,1_2&#8243; custom_padding_last_edited=&#8221;off|desktop&#8221; _builder_version=&#8221;4.27.6&#8243; _module_preset=&#8221;default&#8221; custom_margin_last_edited=&#8221;off|desktop&#8221; global_colors_info=&#8221;{}&#8221;][et_pb_column type=&#8221;1_2&#8243; _builder_version=&#8221;4.24.0&#8243; _module_preset=&#8221;default&#8221; global_colors_info=&#8221;{}&#8221;][et_pb_text _builder_version=&#8221;4.27.6&#8243; _module_preset=&#8221;default&#8221; global_colors_info=&#8221;{}&#8221;]<\/p>\n<h1>Ek k\u00fct\u00fcphaneler<\/h1>\n<h2>IronCAD i\u00e7in pratik k\u00fct\u00fcphaneler ve eklentiler<\/h2>\n<p>Daha verimli tasar\u0131m ve m\u00fchendislik i\u00e7in IronCAD&#8217;i ek bile\u015fenler, ak\u0131ll\u0131 konfig\u00fcrasyonlar ve uygulamal\u0131 ara\u00e7larla geni\u015fletin.<\/p>\n<p>[\/et_pb_text][et_pb_button button_url=&#8221;@ET-DC@eyJkeW5hbWljIjp0cnVlLCJjb250ZW50IjoicG9zdF9saW5rX3VybF9wYWdlIiwic2V0dGluZ3MiOnsicG9zdF9pZCI6IjE3MTIxIn19@&#8221; button_text=&#8221;Standart k\u00fct\u00fcphaneleri g\u00f6r\u00fcnt\u00fcleyin&#8221; _builder_version=&#8221;4.27.6&#8243; _dynamic_attributes=&#8221;button_url&#8221; _module_preset=&#8221;default&#8221; global_colors_info=&#8221;{}&#8221;][\/et_pb_button][\/et_pb_column][et_pb_column type=&#8221;1_2&#8243; _builder_version=&#8221;4.24.0&#8243; _module_preset=&#8221;default&#8221; global_colors_info=&#8221;{}&#8221;][et_pb_image src=&#8221;https:\/\/ironcad.eu\/wp-content\/uploads\/2024\/02\/balie-transparant-scaled.webp&#8221; alt=&#8221;E\u011frili bir sayac\u0131n IronCAD render\u0131&#8221; title_text=&#8221;saya\u00e7 \u015feffaf&#8221; align=&#8221;center&#8221; _builder_version=&#8221;4.27.6&#8243; _module_preset=&#8221;default&#8221; border_radii=&#8221;on|8px|8px|8px|8px&#8221; global_colors_info=&#8221;{}&#8221;][\/et_pb_image][\/et_pb_column][\/et_pb_row][\/et_pb_section][et_pb_section fb_built=&#8221;1&#8243; _builder_version=&#8221;4.27.6&#8243; _module_preset=&#8221;default&#8221; global_colors_info=&#8221;{}&#8221;][et_pb_row custom_padding_last_edited=&#8221;off|desktop&#8221; admin_label=&#8221;S\u00fcr\u00fc\u015f&#8221; _builder_version=&#8221;4.27.6&#8243; _module_preset=&#8221;default&#8221; global_colors_info=&#8221;{}&#8221;][et_pb_column type=&#8221;4_4&#8243; _builder_version=&#8221;4.24.0&#8243; _module_preset=&#8221;default&#8221; global_colors_info=&#8221;{}&#8221;][et_pb_text _builder_version=&#8221;4.27.6&#8243; _module_preset=&#8221;default&#8221; custom_padding=&#8221;||0px|||&#8221; global_colors_info=&#8221;{}&#8221;]<\/p>\n<h2>\u015eube k\u00fct\u00fcphaneleri<\/h2>\n<h3>\u00d6zel uygulamalar i\u00e7in k\u00fct\u00fcphaneler<\/h3>\n<p>\u00d6zelle\u015ftirme, teknik yap\u0131lar ve \u00fcretim odakl\u0131 i\u015f ak\u0131\u015flar\u0131 i\u00e7in uygulama odakl\u0131 k\u00fct\u00fcphanelerle daha h\u0131zl\u0131 \u00e7al\u0131\u015f\u0131n.<\/p>\n<p>[\/et_pb_text][\/et_pb_column][\/et_pb_row][et_pb_row column_structure=&#8221;1_2,1_2&#8243; use_custom_gutter=&#8221;on&#8221; gutter_width=&#8221;2&#8243; make_equal=&#8221;on&#8221; _builder_version=&#8221;4.27.6&#8243; _module_preset=&#8221;default&#8221; global_colors_info=&#8221;{}&#8221;][et_pb_column type=&#8221;1_2&#8243; _builder_version=&#8221;4.27.6&#8243; _module_preset=&#8221;default&#8221; background_color=&#8221;RGBA(255,255,255,0)&#8221; custom_padding=&#8221;2rem|2rem|2rem|2rem|true|true&#8221; border_radii=&#8221;on|8px|8px|8px|8px&#8221; border_width_all=&#8221;2px&#8221; border_color_all=&#8221;gcid-f52cc46c-103a-4f3e-bb71-6efb5f79ee25&#8243; box_shadow_style=&#8221;preset3&#8243; global_colors_info=&#8221;{%22gcid-f52cc46c-103a-4f3e-bb71-6efb5f79ee25%22:%91%22border_color_all%22%93}&#8221;][et_pb_blurb title=&#8221;\u0130\u00e7 yap\u0131&#8221; image=&#8221;https:\/\/ironcad.eu\/wp-content\/uploads\/2025\/06\/Mock-Up-interieurbouw.webp&#8221; alt=&#8221;Bir diz\u00fcst\u00fc bilgisayar ekran\u0131nda g\u00f6r\u00fcnt\u00fclenen \u00f6zel bir catering tezgah\u0131 ve i\u00e7 mod\u00fcl\u00fcn IronCAD&#039;de olu\u015fturulan 3D tasar\u0131m\u0131&#8221; image_icon_width=&#8221;100%&#8221; icon_alignment=&#8221;center&#8221; _builder_version=&#8221;4.27.6&#8243; _module_preset=&#8221;default&#8221; global_colors_info=&#8221;{}&#8221;]<\/p>\n<p>\u00d6zelle\u015ftirilmi\u015f i\u00e7 mekanlar, mobilya konstr\u00fcksiyonu ve eksiksiz dolap konfig\u00fcrasyonlar\u0131 i\u00e7in k\u00fct\u00fcphanelerle daha verimli \u00e7al\u0131\u015f\u0131n.<\/p>\n<p>G\u00fcnl\u00fck tasar\u0131m ve \u00fcretim s\u00fcre\u00e7lerine uyan standart par\u00e7alara, malzemelere ve ak\u0131ll\u0131 bile\u015fenlere an\u0131nda eri\u015fin.<\/p>\n<ul>\n<li>Kabin konfig\u00fcrasyonlar\u0131<\/li>\n<li>Paneller ve sac malzemeler<\/li>\n<li>Ba\u011flant\u0131 par\u00e7alar\u0131 ve aksesuarlar<\/li>\n<li>Mobilya bile\u015fenleri<\/li>\n<li>Pratik tasar\u0131m standartlar\u0131<\/li>\n<\/ul>\n<p>[\/et_pb_blurb][et_pb_button button_url=&#8221;https:\/\/ironcad.eu\/download\/dynfos_interieurbouw-icc.zip&#8221; button_text=&#8221;\u0130ndir&#8221; _builder_version=&#8221;4.27.6&#8243; _module_preset=&#8221;default&#8221; global_colors_info=&#8221;{}&#8221;][\/et_pb_button][\/et_pb_column][et_pb_column type=&#8221;1_2&#8243; _builder_version=&#8221;4.27.6&#8243; _module_preset=&#8221;default&#8221; background_color=&#8221;RGBA(255,255,255,0)&#8221; custom_padding=&#8221;2rem|2rem|2rem|2rem|true|true&#8221; border_radii=&#8221;on|8px|8px|8px|8px&#8221; border_width_all=&#8221;2px&#8221; border_color_all=&#8221;gcid-f52cc46c-103a-4f3e-bb71-6efb5f79ee25&#8243; box_shadow_style=&#8221;preset3&#8243; global_colors_info=&#8221;{%22gcid-f52cc46c-103a-4f3e-bb71-6efb5f79ee25%22:%91%22border_color_all%22%93}&#8221;][et_pb_blurb title=&#8221;U\u00e7u\u015f \u00c7antalar\u0131&#8221; image=&#8221;https:\/\/ironcad.eu\/wp-content\/uploads\/2025\/06\/Mock-Up-flightcase-2.webp&#8221; alt=&#8221;\u00dczerinde metal k\u00f6\u015feleri ve tekerlekleri olan siyah bir u\u00e7u\u015f \u00e7antas\u0131n\u0131n ekranda g\u00f6r\u00fcnt\u00fclendi\u011fi diz\u00fcst\u00fc bilgisayar&#8221; image_icon_width=&#8221;100%&#8221; icon_alignment=&#8221;center&#8221; _builder_version=&#8221;4.27.6&#8243; _module_preset=&#8221;default&#8221; global_colors_info=&#8221;{}&#8221;]<\/p>\n<p>U\u00e7u\u015f kasalar\u0131, muhafazalar ve \u00f6zel uygulamalar i\u00e7in k\u00fct\u00fcphaneler ile \u00f6zel teknik yap\u0131lar\u0131 daha h\u0131zl\u0131 olu\u015fturun.<\/p>\n<p>Tasar\u0131m i\u015f ak\u0131\u015f\u0131n\u0131zda hemen kullanabilece\u011finiz yayg\u0131n olarak kullan\u0131lan profiller, bile\u015fenler ve yap\u0131sal par\u00e7alarla \u00e7al\u0131\u015f\u0131n.<\/p>\n<ul>\n<li>U\u00e7u\u015f \u00e7antas\u0131 par\u00e7alar\u0131<\/li>\n<li>Al\u00fcminyum profiller<\/li>\n<li>K\u00f6\u015fe par\u00e7alar\u0131 ve ba\u011flant\u0131 par\u00e7alar\u0131<\/li>\n<li>Raf bile\u015fenleri<\/li>\n<li>\u00d6zelle\u015ftirilmi\u015f teknik yap\u0131lar<\/li>\n<\/ul>\n<p>[\/et_pb_blurb][et_pb_button button_url=&#8221;https:\/\/ironcad.eu\/download\/dynfos_flightcases-icc.zip&#8221; button_text=&#8221;\u0130ndir&#8221; _builder_version=&#8221;4.27.6&#8243; _module_preset=&#8221;default&#8221; global_colors_info=&#8221;{}&#8221;][\/et_pb_button][\/et_pb_column][\/et_pb_row][\/et_pb_section][et_pb_section fb_built=&#8221;1&#8243; _builder_version=&#8221;4.27.6&#8243; _module_preset=&#8221;default&#8221; background_color=&#8221;gcid-f52cc46c-103a-4f3e-bb71-6efb5f79ee25&#8243; global_colors_info=&#8221;{%22gcid-f52cc46c-103a-4f3e-bb71-6efb5f79ee25%22:%91%22background_color%22%93}&#8221;][et_pb_row custom_padding_last_edited=&#8221;off|desktop&#8221; admin_label=&#8221;S\u00fcr\u00fc\u015f&#8221; _builder_version=&#8221;4.27.6&#8243; _module_preset=&#8221;default&#8221; global_colors_info=&#8221;{}&#8221;][et_pb_column type=&#8221;4_4&#8243; _builder_version=&#8221;4.24.0&#8243; _module_preset=&#8221;default&#8221; global_colors_info=&#8221;{}&#8221;][et_pb_text _builder_version=&#8221;4.27.6&#8243; _module_preset=&#8221;default&#8221; custom_padding=&#8221;||0px|||&#8221; global_colors_info=&#8221;{}&#8221;]<\/p>\n<h1>Eklentiler ve uzant\u0131lar<\/h1>\n<h2>IronCAD i\u00e7inde daha ak\u0131ll\u0131 i\u015f ak\u0131\u015flar\u0131<\/h2>\n<p>Daha verimli tasar\u0131m, standardizasyon ve m\u00fchendislik i\u00e7in IronCAD&#8217;i ek ara\u00e7lar, konfig\u00fcrasyonlar ve ak\u0131ll\u0131 i\u015f ak\u0131\u015flar\u0131yla geni\u015fletin.<\/p>\n<p>[\/et_pb_text][\/et_pb_column][\/et_pb_row][et_pb_row column_structure=&#8221;1_2,1_2&#8243; use_custom_gutter=&#8221;on&#8221; gutter_width=&#8221;2&#8243; make_equal=&#8221;on&#8221; _builder_version=&#8221;4.27.6&#8243; _module_preset=&#8221;default&#8221; global_colors_info=&#8221;{}&#8221;][et_pb_column type=&#8221;1_2&#8243; _builder_version=&#8221;4.27.6&#8243; _module_preset=&#8221;default&#8221; background_color=&#8221;#FFFFFF&#8221; custom_padding=&#8221;2rem|2rem|2rem|2rem|true|true&#8221; border_radii=&#8221;on|8px|8px|8px|8px&#8221; border_width_all=&#8221;2px&#8221; border_color_all=&#8221;gcid-f52cc46c-103a-4f3e-bb71-6efb5f79ee25&#8243; box_shadow_style=&#8221;preset3&#8243; global_colors_info=&#8221;{%22gcid-f52cc46c-103a-4f3e-bb71-6efb5f79ee25%22:%91%22border_color_all%22%93}&#8221;][et_pb_blurb title=&#8221;Para-Flex&#8221; image=&#8221;https:\/\/ironcad.eu\/wp-content\/uploads\/2024\/02\/Logo-Para-Flex-vierkantje-SVG.webp&#8221; alt=&#8221;\u00dc\u00e7 siyah karo ve bir e\u011fimli ye\u015fil karo ile Para-Flex logosu&#8221; image_icon_width=&#8221;80px&#8221; _builder_version=&#8221;4.27.6&#8243; _module_preset=&#8221;default&#8221; global_colors_info=&#8221;{}&#8221;]<\/p>\n<p>Para-Flex, IronCAD i\u00e7in makine m\u00fchendisli\u011fi ve \u00fcretim i\u015f ak\u0131\u015flar\u0131nda daha h\u0131zl\u0131 ve daha tutarl\u0131 \u00e7al\u0131\u015fman\u0131z\u0131 sa\u011flayan bir uzant\u0131d\u0131r.<\/p>\n<p>Ak\u0131ll\u0131 konfig\u00fcrasyonlar, \u015fablonlar ve pratik ara\u00e7larla, ortak g\u00f6revleri otomatikle\u015ftirir ve bile\u015fenleri her projede daha verimli bir \u015fekilde y\u00f6netirsiniz.<\/p>\n<ul>\n<li>Standart bile\u015fenler i\u00e7in veritabanlar\u0131<\/li>\n<li>Ak\u0131ll\u0131 konfig\u00fcrasyonlar ve varyantlar<\/li>\n<li>H\u0131zl\u0131 filtreler ve raporlar<\/li>\n<li>IronCAD \u015fablonlar\u0131<\/li>\n<li>Bile\u015fenlerin standardizasyonu<\/li>\n<li>Daha verimli m\u00fchendislik i\u015f ak\u0131\u015flar\u0131<\/li>\n<\/ul>\n<p>[\/et_pb_blurb][et_pb_button button_url=&#8221;https:\/\/para-flex.com\/download\/ParaFlexSampleDataNL.zip&#8221; button_text=&#8221;\u0130ndir&#8221; _builder_version=&#8221;4.27.6&#8243; _module_preset=&#8221;default&#8221; global_colors_info=&#8221;{}&#8221;][\/et_pb_button][\/et_pb_column][et_pb_column type=&#8221;1_2&#8243; _builder_version=&#8221;4.27.6&#8243; _module_preset=&#8221;default&#8221; background_color=&#8221;#FFFFFF&#8221; custom_padding=&#8221;2rem|2rem|2rem|2rem|true|true&#8221; border_radii=&#8221;on|8px|8px|8px|8px&#8221; border_width_all=&#8221;2px&#8221; border_color_all=&#8221;gcid-f52cc46c-103a-4f3e-bb71-6efb5f79ee25&#8243; box_shadow_style=&#8221;preset3&#8243; global_colors_info=&#8221;{%22gcid-f52cc46c-103a-4f3e-bb71-6efb5f79ee25%22:%91%22border_color_all%22%93}&#8221;][et_pb_blurb title=&#8221;Mechanical&#8221; image=&#8221;https:\/\/ironcad.eu\/wp-content\/uploads\/2026\/05\/Naamloos.webp&#8221; alt=&#8221;Icon Mekanik&#8221; image_icon_width=&#8221;80px&#8221; _builder_version=&#8221;4.27.6&#8243; _module_preset=&#8221;default&#8221; global_colors_info=&#8221;{}&#8221;]<\/p>\n<p>Makine m\u00fchendisli\u011fi, in\u015faat i\u015fleri ve teknik m\u00fchendislik i\u00e7in k\u00fct\u00fcphanelerle daha h\u0131zl\u0131 \u00e7al\u0131\u015f\u0131n.<\/p>\n<p>Makine m\u00fchendisli\u011finde daha verimli tasar\u0131m ve \u00fcretim s\u00fcre\u00e7leri i\u00e7in yayg\u0131n olarak kullan\u0131lan par\u00e7alara, profillere ve ak\u0131ll\u0131 bile\u015fenlere an\u0131nda eri\u015fin.<\/p>\n<ul>\n<li>\u0130n\u015faat profilleri<\/li>\n<li>Makine par\u00e7alar\u0131<\/li>\n<li>Ba\u011flant\u0131 elemanlar\u0131 ve standart bile\u015fenler<\/li>\n<li>Sac metal par\u00e7alar<\/li>\n<li>Teknik montajlar<\/li>\n<li>\u00dcretim odakl\u0131 i\u015f ak\u0131\u015flar\u0131<\/li>\n<\/ul>\n<p>[\/et_pb_blurb][et_pb_button button_url=&#8221;@ET-DC@eyJkeW5hbWljIjp0cnVlLCJjb250ZW50IjoicG9zdF9saW5rX3VybF9wYWdlIiwic2V0dGluZ3MiOnsicG9zdF9pZCI6IjEzMDQ0In19@&#8221; button_text=&#8221;Deneme s\u00fcr\u00fcm\u00fcn\u00fc indirin&#8221; _builder_version=&#8221;4.27.6&#8243; _dynamic_attributes=&#8221;button_url&#8221; _module_preset=&#8221;default&#8221; global_colors_info=&#8221;{}&#8221;][\/et_pb_button][\/et_pb_column][\/et_pb_row][\/et_pb_section][et_pb_section fb_built=&#8221;1&#8243; _builder_version=&#8221;4.27.6&#8243; _module_preset=&#8221;default&#8221; background_color=&#8221;RGBA(255,255,255,0)&#8221; global_colors_info=&#8221;{}&#8221;][et_pb_row custom_padding_last_edited=&#8221;off|desktop&#8221; admin_label=&#8221;S\u00fcr\u00fc\u015f&#8221; _builder_version=&#8221;4.27.6&#8243; _module_preset=&#8221;default&#8221; global_colors_info=&#8221;{}&#8221;][et_pb_column type=&#8221;4_4&#8243; _builder_version=&#8221;4.24.0&#8243; _module_preset=&#8221;default&#8221; global_colors_info=&#8221;{}&#8221;][et_pb_text _builder_version=&#8221;4.27.6&#8243; _module_preset=&#8221;default&#8221; custom_padding=&#8221;||0px|||&#8221; global_colors_info=&#8221;{}&#8221;]<\/p>\n<h1>Ortak kataloglar\u0131<\/h1>\n<h2>Do\u011frudan tedarik\u00e7i \u00fcr\u00fcnleri ile \u00e7al\u0131\u015fma<\/h2>\n<p>Tedarik\u00e7ilerle i\u015fbirli\u011fi i\u00e7inde, do\u011frudan IronCAD i\u00e7inde kullan\u0131labilecek \u00fcr\u00fcnler i\u00e7eren ek kataloglar mevcuttur.<\/p>\n<p>B\u00f6ylece ger\u00e7ek\u00e7i, pratik ve tedarik odakl\u0131 bile\u015fenlerle daha h\u0131zl\u0131 tasar\u0131m yapars\u0131n\u0131z.<\/p>\n<p>[\/et_pb_text][\/et_pb_column][\/et_pb_row][et_pb_row column_structure=&#8221;1_2,1_2&#8243; use_custom_gutter=&#8221;on&#8221; gutter_width=&#8221;2&#8243; make_equal=&#8221;on&#8221; _builder_version=&#8221;4.27.6&#8243; _module_preset=&#8221;default&#8221; global_colors_info=&#8221;{}&#8221;][et_pb_column type=&#8221;1_2&#8243; _builder_version=&#8221;4.27.6&#8243; _module_preset=&#8221;default&#8221; background_color=&#8221;#FFFFFF&#8221; custom_padding=&#8221;2rem|2rem|2rem|2rem|true|true&#8221; border_radii=&#8221;on|8px|8px|8px|8px&#8221; border_width_all=&#8221;2px&#8221; border_color_all=&#8221;gcid-f52cc46c-103a-4f3e-bb71-6efb5f79ee25&#8243; box_shadow_style=&#8221;preset3&#8243; global_colors_info=&#8221;{%22gcid-f52cc46c-103a-4f3e-bb71-6efb5f79ee25%22:%91%22border_color_all%22%93}&#8221;][et_pb_blurb title=&#8221;Prodinter&#8221; image=&#8221;https:\/\/ironcad.eu\/wp-content\/uploads\/2026\/05\/Prodinter-Logo-Final-1024&#215;262-1.webp&#8221; alt=&#8221;Logo Prodinter&#8221; image_icon_width=&#8221;150px&#8221; _builder_version=&#8221;4.27.6&#8243; _module_preset=&#8221;default&#8221; global_colors_info=&#8221;{}&#8221;]<\/p>\n<p>\u0130\u00e7 yap\u0131 ve mobilya uygulamalar\u0131 i\u00e7in kulplar ve bile\u015fenler katalo\u011fu.<\/p>\n<ul>\n<li>Hemen kullan\u0131ma haz\u0131r<\/li>\n<li>Pratik \u00fcr\u00fcn se\u00e7imi<\/li>\n<li>\u00d6zelle\u015ftirilmi\u015f i\u00e7 mekanlar i\u00e7in uygundur<\/li>\n<\/ul>\n<p>[\/et_pb_blurb][et_pb_button button_url=&#8221;https:\/\/ironcad.eu\/download\/Prodinter.zip&#8221; button_text=&#8221;\u0130ndir&#8221; _builder_version=&#8221;4.27.6&#8243; _module_preset=&#8221;default&#8221; global_colors_info=&#8221;{}&#8221;][\/et_pb_button][\/et_pb_column][et_pb_column type=&#8221;1_2&#8243; _builder_version=&#8221;4.27.6&#8243; _module_preset=&#8221;default&#8221; background_color=&#8221;#FFFFFF&#8221; custom_padding=&#8221;2rem|2rem|2rem|2rem|true|true&#8221; border_radii=&#8221;on|8px|8px|8px|8px&#8221; border_width_all=&#8221;2px&#8221; border_color_all=&#8221;gcid-f52cc46c-103a-4f3e-bb71-6efb5f79ee25&#8243; box_shadow_style=&#8221;preset3&#8243; global_colors_info=&#8221;{%22gcid-f52cc46c-103a-4f3e-bb71-6efb5f79ee25%22:%91%22border_color_all%22%93}&#8221;][et_pb_blurb title=&#8221;Katalog orta\u011f\u0131 olun&#8221; use_icon=&#8221;on&#8221; font_icon=&#8221;&#xf507;||fa||900&#8243; image_icon_width=&#8221;80px&#8221; _builder_version=&#8221;4.27.6&#8243; _module_preset=&#8221;default&#8221; global_colors_info=&#8221;{}&#8221;]<\/p>\n<p>IronCAD k\u00fct\u00fcphanesi olarak \u00fcr\u00fcnleriniz<\/p>\n<p>\u00dcr\u00fcnlerinizi, malzemelerinizi veya bile\u015fenlerinizi IronCAD i\u00e7inde bir k\u00fct\u00fcphane olarak sunmak ister misiniz? Par\u00e7alar\u0131 tasar\u0131mc\u0131lar\u0131n ve m\u00fchendislerin g\u00fcnl\u00fck i\u015f ak\u0131\u015flar\u0131 i\u00e7inde an\u0131nda kullanabilmelerini sa\u011flay\u0131n.<\/p>\n<p>[\/et_pb_blurb][et_pb_button button_url=&#8221;@ET-DC@eyJkeW5hbWljIjp0cnVlLCJjb250ZW50IjoicG9zdF9saW5rX3VybF9wYWdlIiwic2V0dGluZ3MiOnsicG9zdF9pZCI6IjEyMTk4In19@&#8221; button_text=&#8221;Ortak olun&#8221; _builder_version=&#8221;4.27.6&#8243; _dynamic_attributes=&#8221;button_url&#8221; _module_preset=&#8221;default&#8221; global_colors_info=&#8221;{}&#8221;][\/et_pb_button][\/et_pb_column][\/et_pb_row][\/et_pb_section][et_pb_section fb_built=&#8221;1&#8243; custom_padding_last_edited=&#8221;on|desktop&#8221; _builder_version=&#8221;4.27.6&#8243; _module_preset=&#8221;default&#8221; background_color=&#8221;gcid-f52cc46c-103a-4f3e-bb71-6efb5f79ee25&#8243; custom_margin=&#8221;0px||||false|false&#8221; custom_padding_tablet=&#8221;&#8221; custom_padding_phone=&#8221;&#8221; border_color_top=&#8221;gcid-0d1a127e-4ce1-4bb0-9503-eafc35a82551&#8243; locked=&#8221;off&#8221; global_colors_info=&#8221;{%22gcid-0d1a127e-4ce1-4bb0-9503-eafc35a82551%22:%91%22border_color_top%22%93,%22gcid-f52cc46c-103a-4f3e-bb71-6efb5f79ee25%22:%91%22background_color%22%93}&#8221;][et_pb_row custom_padding_last_edited=&#8221;off|desktop&#8221; _builder_version=&#8221;4.27.6&#8243; _module_preset=&#8221;default&#8221; global_colors_info=&#8221;{}&#8221;][et_pb_column type=&#8221;4_4&#8243; _builder_version=&#8221;4.27.4&#8243; _module_preset=&#8221;default&#8221; global_colors_info=&#8221;{}&#8221;][et_pb_text _builder_version=&#8221;4.27.6&#8243; _module_preset=&#8221;default&#8221; custom_padding=&#8221;||0px|||&#8221; global_colors_info=&#8221;{}&#8221;]<\/p>\n<h2>Daha fazla ara\u00e7<\/h2>\n<p>Do\u011fru ara\u00e7larla IronCAD&#8217;de daha h\u0131zl\u0131 ve daha tutarl\u0131 \u00e7al\u0131\u015fabilirsiniz.<\/p>\n<p>[\/et_pb_text][\/et_pb_column][\/et_pb_row][et_pb_row column_structure=&#8221;1_3,1_3,1_3&#8243; custom_padding_last_edited=&#8221;off|desktop&#8221; admin_label=&#8221;S\u00fcr\u00fc\u015f&#8221; _builder_version=&#8221;4.27.4&#8243; _module_preset=&#8221;default&#8221; custom_padding=&#8221;1rem||1rem||true|false&#8221; global_colors_info=&#8221;{}&#8221;][et_pb_column type=&#8221;1_3&#8243; _builder_version=&#8221;4.24.0&#8243; _module_preset=&#8221;default&#8221; global_colors_info=&#8221;{}&#8221;][et_pb_icon font_icon=&#8221;&#xe059;||divi||400&#8243; _builder_version=&#8221;4.27.4&#8243; _module_preset=&#8221;default&#8221; global_colors_info=&#8221;{}&#8221;][\/et_pb_icon][et_pb_cta title=&#8221;\u015eablonlar&#8221; button_url=&#8221;https:\/\/ironcad.eu\/tr\/destek\/kaynaklar\/sablonlar\/&#8221; button_text=&#8221;G\u00f6r\u00fcn\u00fcm&#8221; _builder_version=&#8221;4.27.6&#8243; _module_preset=&#8221;default&#8221; background_color=&#8221;RGBA(255,255,255,0)&#8221; custom_button=&#8221;on&#8221; button_bg_color=&#8221;gcid-primary-color&#8221; text_orientation=&#8221;left&#8221; background_layout=&#8221;light&#8221; custom_padding=&#8221;0px|0px|0px|0px|true|true&#8221; global_colors_info=&#8221;{%22gcid-primary-color%22:%91%22button_bg_color%22%93,%22gcid-body-color%22:%91%22button_bg_color__hover%22%93}&#8221; button_bg_color__hover_enabled=&#8221;on|hover&#8221; button_bg_color__hover=&#8221;rgba(71,71,71,0.8)&#8221; button_bg_enable_color__hover=&#8221;on&#8221;]<\/p>\n<p>\u015eablonlar yeni dosyalar i\u00e7in temel olu\u015fturur ve tasar\u0131mlar\u0131n 3D ve 2D i\u00e7in do\u011fru ayarlar\u0131 hemen i\u00e7ermesini sa\u011flar.<\/p>\n<p>[\/et_pb_cta][\/et_pb_column][et_pb_column type=&#8221;1_3&#8243; _builder_version=&#8221;4.24.0&#8243; _module_preset=&#8221;default&#8221; global_colors_info=&#8221;{}&#8221;][et_pb_icon font_icon=&#8221;&#xf085;||fa||900&#8243; _builder_version=&#8221;4.27.4&#8243; _module_preset=&#8221;default&#8221; global_colors_info=&#8221;{}&#8221;][\/et_pb_icon][et_pb_cta title=&#8221;Temel ayarlar&#8221; button_url=&#8221;https:\/\/ironcad.eu\/tr\/destek\/kaynaklar\/temel-ayarlar\/&#8221; button_text=&#8221;G\u00f6r\u00fcn\u00fcm&#8221; _builder_version=&#8221;4.27.6&#8243; _module_preset=&#8221;default&#8221; background_color=&#8221;RGBA(255,255,255,0)&#8221; custom_button=&#8221;on&#8221; button_bg_color=&#8221;gcid-primary-color&#8221; text_orientation=&#8221;left&#8221; background_layout=&#8221;light&#8221; custom_padding=&#8221;0px|0px|0px|0px|true|true&#8221; global_colors_info=&#8221;{%22gcid-primary-color%22:%91%22button_bg_color%22%93,%22gcid-body-color%22:%91%22button_bg_color__hover%22%93}&#8221; button_bg_color__hover_enabled=&#8221;on|hover&#8221; button_bg_color__hover=&#8221;rgba(71,71,71,0.8)&#8221; button_bg_enable_color__hover=&#8221;on&#8221;]<\/p>\n<p>\u0130yi belirlenmi\u015f temel ayarlarla, her projede daha verimli ve tutarl\u0131 bir \u015fekilde \u00e7al\u0131\u015f\u0131rs\u0131n\u0131z.<\/p>\n<p>[\/et_pb_cta][\/et_pb_column][et_pb_column type=&#8221;1_3&#8243; _builder_version=&#8221;4.24.0&#8243; _module_preset=&#8221;default&#8221; global_colors_info=&#8221;{}&#8221;][et_pb_icon font_icon=&#8221;&#xf19d;||fa||900&#8243; _builder_version=&#8221;4.27.4&#8243; _module_preset=&#8221;default&#8221; global_colors_info=&#8221;{}&#8221;][\/et_pb_icon][et_pb_cta title=&#8221;Bilgi taban\u0131&#8221; button_url=&#8221;https:\/\/helpdesk.dynfos.nl\/&#8221; url_new_window=&#8221;on&#8221; button_text=&#8221;G\u00f6r\u00fcn\u00fcm&#8221; _builder_version=&#8221;4.27.6&#8243; _module_preset=&#8221;default&#8221; background_color=&#8221;RGBA(255,255,255,0)&#8221; custom_button=&#8221;on&#8221; button_bg_color=&#8221;gcid-primary-color&#8221; text_orientation=&#8221;left&#8221; background_layout=&#8221;light&#8221; custom_padding=&#8221;0px|0px|0px|0px|true|true&#8221; global_colors_info=&#8221;{%22gcid-primary-color%22:%91%22button_bg_color%22%93,%22gcid-body-color%22:%91%22button_bg_color__hover%22%93}&#8221; button_bg_color__hover_enabled=&#8221;on|hover&#8221; button_bg_color__hover=&#8221;rgba(71,71,71,0.8)&#8221; button_bg_enable_color__hover=&#8221;on&#8221;]<\/p>\n<p>Bilgi taban\u0131nda, IronCAD i\u00e7indeki \u00f6zellikleri, ayarlar\u0131 ve pratik i\u015f ak\u0131\u015flar\u0131n\u0131 a\u00e7\u0131klayan makaleler bulacaks\u0131n\u0131z.<\/p>\n<p>[\/et_pb_cta][\/et_pb_column][\/et_pb_row][\/et_pb_section]<\/p>\n","protected":false},"excerpt":{"rendered":"<p>IronCAD&#8217;i Mechanical m\u00fchendisli\u011fi, i\u00e7 tasar\u0131m ve \u00fcretim i\u015f ak\u0131\u015flar\u0131 i\u00e7in ek k\u00fct\u00fcphaneler, eklentiler ve i\u015f orta\u011f\u0131 kataloglar\u0131 ile geni\u015fletin.<\/p>\n","protected":false},"author":2,"featured_media":0,"parent":20868,"menu_order":0,"comment_status":"closed","ping_status":"closed","template":"","meta":{"_et_pb_use_builder":"on","_et_pb_old_content":"","_et_gb_content_width":"","_improvement_type_select":"improve_an_existing","_thumb_yes_seoaic":false,"_frame_yes_seoaic":false,"seoaic_generate_description":"","seoaic_improve_instructions_prompt":"","seoaic_rollback_content_improvement":"","seoaic_idea_thumbnail_generator":"","thumbnail_generated":false,"thumbnail_generate_prompt":"","seoaic_article_description":"","footnotes":"","advanced-sidebar-menu\/link-title":"","advanced-sidebar-menu\/exclude-page":false},"dipi_cpt_category":[],"class_list":["post-36334","page","type-page","status-publish","hentry"],"_links":{"self":[{"href":"https:\/\/ironcad.eu\/tr\/wp-json\/wp\/v2\/pages\/36334","targetHints":{"allow":["GET"]}}],"collection":[{"href":"https:\/\/ironcad.eu\/tr\/wp-json\/wp\/v2\/pages"}],"about":[{"href":"https:\/\/ironcad.eu\/tr\/wp-json\/wp\/v2\/types\/page"}],"author":[{"embeddable":true,"href":"https:\/\/ironcad.eu\/tr\/wp-json\/wp\/v2\/users\/2"}],"replies":[{"embeddable":true,"href":"https:\/\/ironcad.eu\/tr\/wp-json\/wp\/v2\/comments?post=36334"}],"version-history":[{"count":1,"href":"https:\/\/ironcad.eu\/tr\/wp-json\/wp\/v2\/pages\/36334\/revisions"}],"predecessor-version":[{"id":36344,"href":"https:\/\/ironcad.eu\/tr\/wp-json\/wp\/v2\/pages\/36334\/revisions\/36344"}],"up":[{"embeddable":true,"href":"https:\/\/ironcad.eu\/tr\/wp-json\/wp\/v2\/pages\/20868"}],"wp:attachment":[{"href":"https:\/\/ironcad.eu\/tr\/wp-json\/wp\/v2\/media?parent=36334"}],"wp:term":[{"taxonomy":"dipi_cpt_category","embeddable":true,"href":"https:\/\/ironcad.eu\/tr\/wp-json\/wp\/v2\/dipi_cpt_category?post=36334"}],"curies":[{"name":"wp","href":"https:\/\/api.w.org\/{rel}","templated":true}]}}