{"id":36715,"date":"2024-03-08T10:21:33","date_gmt":"2024-03-08T09:21:33","guid":{"rendered":"https:\/\/ironcad.eu\/ortaklar\/"},"modified":"2026-05-13T16:15:40","modified_gmt":"2026-05-13T14:15:40","slug":"ortaklar","status":"publish","type":"page","link":"https:\/\/ironcad.eu\/tr\/ortaklar\/","title":{"rendered":"Ortaklar"},"content":{"rendered":"<p>[et_pb_section fb_built=&#8221;1&#8243; _builder_version=&#8221;4.27.6&#8243; _module_preset=&#8221;default&#8221; background_color=&#8221;gcid-f52cc46c-103a-4f3e-bb71-6efb5f79ee25&#8243; global_colors_info=&#8221;{%22gcid-f52cc46c-103a-4f3e-bb71-6efb5f79ee25%22:%91%22background_color%22%93}&#8221;][et_pb_row custom_padding_last_edited=&#8221;on|desktop&#8221; admin_label=&#8221;K\u0131r\u0131nt\u0131 izi&#8221; _builder_version=&#8221;4.27.4&#8243; _module_preset=&#8221;default&#8221; custom_padding=&#8221;0rem||||false|false&#8221; custom_padding_tablet=&#8221;0rem||||false|false&#8221; custom_padding_phone=&#8221;0rem||||false|false&#8221; saved_tabs=&#8221;all&#8221; collapsed=&#8221;off&#8221; global_colors_info=&#8221;{%22gcid-342b504c-af3f-4a0e-9bbf-cd80ba9f1957%22:%91%22border_color_bottom%22%93}&#8221;][et_pb_column type=&#8221;4_4&#8243; _builder_version=&#8221;4.24.0&#8243; _module_preset=&#8221;default&#8221; global_colors_info=&#8221;{}&#8221;][et_pb_code _builder_version=&#8221;4.27.6&#8243; _module_preset=&#8221;default&#8221; global_colors_info=&#8221;{}&#8221;]<nav aria-label=\"breadcrumbs\" class=\"rank-math-breadcrumb\"><p><span class=\"last\">Home<\/span><\/p><\/nav>[\/et_pb_code][\/et_pb_column][\/et_pb_row][et_pb_row column_structure=&#8221;1_2,1_2&#8243; _builder_version=&#8221;4.27.6&#8243; _module_preset=&#8221;default&#8221; global_colors_info=&#8221;{}&#8221;][et_pb_column type=&#8221;1_2&#8243; _builder_version=&#8221;4.27.6&#8243; _module_preset=&#8221;default&#8221; global_colors_info=&#8221;{}&#8221;][et_pb_text _builder_version=&#8221;4.27.6&#8243; _module_preset=&#8221;default&#8221; custom_margin=&#8221;||||false|false&#8221; global_colors_info=&#8221;{}&#8221;]<\/p>\n<h1>Ortaklar\u0131m\u0131z<\/h1>\n<h2>Gelece\u011fi birlikte in\u015fa ediyoruz<\/h2>\n<p>IronCAD Europe olarak i\u015fbirli\u011finin g\u00fcc\u00fcne inan\u0131yoruz. Teknoloji ortaklar\u0131, e\u011fitim kurumlar\u0131 ve sivil toplum giri\u015fimleriyle birlikte, uygulamay\u0131 ilerleten ak\u0131ll\u0131 \u00e7\u00f6z\u00fcmler geli\u015ftiriyoruz. Bu \u015fekilde birlikte fark yarat\u0131yoruz.  <\/p>\n<p>[\/et_pb_text][\/et_pb_column][et_pb_column type=&#8221;1_2&#8243; _builder_version=&#8221;4.27.6&#8243; _module_preset=&#8221;default&#8221; global_colors_info=&#8221;{}&#8221;][et_pb_image src=&#8221;https:\/\/ironcad.eu\/wp-content\/uploads\/2026\/05\/ChatGPT-Image-13-mei-2026-15_13_01-2-e1778678325771.webp&#8221; alt=&#8221;\u0130ki i\u015f orta\u011f\u0131, m\u00fchendislik tasar\u0131m \u00e7izimi, metal bir makine par\u00e7as\u0131 ve 3D CAD modeli i\u00e7eren bir diz\u00fcst\u00fc bilgisayar\u0131n bulundu\u011fu bir masada el s\u0131k\u0131\u015f\u0131yor.&#8221; title_text=&#8221;\u0130ki i\u015f orta\u011f\u0131, m\u00fchendislik tasar\u0131m \u00e7izimi, metal bir makine par\u00e7as\u0131 ve 3D CAD modeli i\u00e7eren bir diz\u00fcst\u00fc bilgisayar\u0131n bulundu\u011fu bir masada el s\u0131k\u0131\u015f\u0131yor.&#8221; align=&#8221;center&#8221; _builder_version=&#8221;4.27.6&#8243; _module_preset=&#8221;default&#8221; border_radii=&#8221;on|8px|8px|8px|8px&#8221; global_colors_info=&#8221;{}&#8221;][\/et_pb_image][\/et_pb_column][\/et_pb_row][\/et_pb_section][et_pb_section fb_built=&#8221;1&#8243; _builder_version=&#8221;4.27.6&#8243; _module_preset=&#8221;default&#8221; global_colors_info=&#8221;{}&#8221;][et_pb_row column_structure=&#8221;1_3,1_3,1_3&#8243; custom_padding_last_edited=&#8221;off|desktop&#8221; _builder_version=&#8221;4.27.6&#8243; _module_preset=&#8221;default&#8221; custom_padding=&#8221;2rem||0rem||false|false&#8221; global_colors_info=&#8221;{}&#8221;][et_pb_column type=&#8221;1_3&#8243; _builder_version=&#8221;4.27.6&#8243; _module_preset=&#8221;default&#8221; global_colors_info=&#8221;{}&#8221;][et_pb_blurb title=&#8221;G\u00fc\u00e7l\u00fc i\u015fbirlikleri&#8221; use_icon=&#8221;on&#8221; font_icon=&#8221;&#x52;||divi||400&#8243; icon_placement=&#8221;left&#8221; image_icon_width=&#8221;25px&#8221; _builder_version=&#8221;4.27.6&#8243; _module_preset=&#8221;default&#8221; global_colors_info=&#8221;{}&#8221;][\/et_pb_blurb][\/et_pb_column][et_pb_column type=&#8221;1_3&#8243; _builder_version=&#8221;4.27.6&#8243; _module_preset=&#8221;default&#8221; global_colors_info=&#8221;{}&#8221;][et_pb_blurb title=&#8221;Yenilik\u00e7ili\u011fi te\u015fvik etmek&#8221; use_icon=&#8221;on&#8221; font_icon=&#8221;&#x52;||divi||400&#8243; icon_placement=&#8221;left&#8221; image_icon_width=&#8221;25px&#8221; _builder_version=&#8221;4.27.6&#8243; _module_preset=&#8221;default&#8221; global_colors_info=&#8221;{}&#8221;][\/et_pb_blurb][\/et_pb_column][et_pb_column type=&#8221;1_3&#8243; _builder_version=&#8221;4.27.6&#8243; _module_preset=&#8221;default&#8221; global_colors_info=&#8221;{}&#8221;][et_pb_blurb title=&#8221;Bilgi payla\u015f\u0131m\u0131&#8221; use_icon=&#8221;on&#8221; font_icon=&#8221;&#x52;||divi||400&#8243; icon_placement=&#8221;left&#8221; image_icon_width=&#8221;25px&#8221; _builder_version=&#8221;4.27.6&#8243; _module_preset=&#8221;default&#8221; global_colors_info=&#8221;{}&#8221;][\/et_pb_blurb][\/et_pb_column][\/et_pb_row][et_pb_row _builder_version=&#8221;4.27.6&#8243; _module_preset=&#8221;default&#8221; global_colors_info=&#8221;{}&#8221;][et_pb_column type=&#8221;4_4&#8243; _builder_version=&#8221;4.27.6&#8243; _module_preset=&#8221;default&#8221; global_colors_info=&#8221;{}&#8221;][et_pb_divider _builder_version=&#8221;4.27.6&#8243; _module_preset=&#8221;default&#8221; global_colors_info=&#8221;{}&#8221;][\/et_pb_divider][et_pb_text _builder_version=&#8221;4.27.6&#8243; _module_preset=&#8221;default&#8221; global_colors_info=&#8221;{}&#8221;]<\/p>\n<h2>Teknoloji ortaklar\u0131<\/h2>\n<p>IronCAD, CAD i\u015f ak\u0131\u015flar\u0131n\u0131 daha h\u0131zl\u0131, daha ak\u0131ll\u0131 ve daha verimli hale getiren teknoloji ortaklar\u0131yla \u00e7al\u0131\u015f\u0131r.<\/p>\n<p>[\/et_pb_text][\/et_pb_column][\/et_pb_row][et_pb_row column_structure=&#8221;1_3,1_3,1_3&#8243; _builder_version=&#8221;4.27.6&#8243; _module_preset=&#8221;default&#8221; global_colors_info=&#8221;{}&#8221;][et_pb_column type=&#8221;1_3&#8243; _builder_version=&#8221;4.27.6&#8243; _module_preset=&#8221;default&#8221; custom_padding=&#8221;2rem|2rem|2rem|2rem|true|true&#8221; border_radii=&#8221;on|8px|8px|8px|8px&#8221; border_width_all=&#8221;2px&#8221; border_color_all=&#8221;gcid-f52cc46c-103a-4f3e-bb71-6efb5f79ee25&#8243; box_shadow_style=&#8221;preset2&#8243; global_colors_info=&#8221;{%22gcid-f52cc46c-103a-4f3e-bb71-6efb5f79ee25%22:%91%22border_color_all%22%93}&#8221;][et_pb_blurb title=&#8221;HottScan GmbH&#8221; image=&#8221;https:\/\/ironcad.eu\/wp-content\/uploads\/2025\/06\/Logo_HottSCAN.webp&#8221; alt=&#8221;HottScan 3D taray\u0131c\u0131 logosu&#8221; image_icon_width=&#8221;150px&#8221; _builder_version=&#8221;4.27.6&#8243; _module_preset=&#8221;default&#8221; global_colors_info=&#8221;{}&#8221;]<\/p>\n<p>HottScan 3D taray\u0131c\u0131, alanlar\u0131n h\u0131zl\u0131 ve do\u011fru bir \u015fekilde \u00f6l\u00e7\u00fclmesini ve do\u011frudan IronCAD i\u00e7in kullan\u0131labilir 3D verilere d\u00f6n\u00fc\u015ft\u00fcr\u00fclmesini sa\u011flar.<\/p>\n<p>[\/et_pb_blurb][et_pb_button button_url=&#8221;@ET-DC@eyJkeW5hbWljIjp0cnVlLCJjb250ZW50IjoicG9zdF9saW5rX3VybF9wYWdlIiwic2V0dGluZ3MiOnsicG9zdF9pZCI6IjE2NzAzIn19@&#8221; button_text=&#8221;Daha fazla bilgi&#8221; _builder_version=&#8221;4.27.6&#8243; _dynamic_attributes=&#8221;button_url&#8221; _module_preset=&#8221;default&#8221; global_colors_info=&#8221;{}&#8221;][\/et_pb_button][\/et_pb_column][et_pb_column type=&#8221;1_3&#8243; _builder_version=&#8221;4.27.6&#8243; _module_preset=&#8221;default&#8221; custom_padding=&#8221;2rem|2rem|2rem|2rem|true|true&#8221; border_radii=&#8221;on|8px|8px|8px|8px&#8221; border_width_all=&#8221;2px&#8221; border_color_all=&#8221;gcid-f52cc46c-103a-4f3e-bb71-6efb5f79ee25&#8243; box_shadow_style=&#8221;preset2&#8243; global_colors_info=&#8221;{%22gcid-f52cc46c-103a-4f3e-bb71-6efb5f79ee25%22:%91%22border_color_all%22%93}&#8221;][et_pb_blurb title=&#8221;3Dconnexion&#8221; image=&#8221;https:\/\/ironcad.eu\/wp-content\/uploads\/2026\/01\/3dconnexion_logo.webp&#8221; alt=&#8221;Logo 3Dconnexion&#8221; image_icon_width=&#8221;150px&#8221; _builder_version=&#8221;4.27.6&#8243; _module_preset=&#8221;default&#8221; global_colors_info=&#8221;{}&#8221;]<\/p>\n<p>3Dconnexion, IronCAD&#8217;de \u00e7al\u0131\u015fmay\u0131 daha h\u0131zl\u0131, daha rahat ve sezgisel hale getiren profesyonel CAD donan\u0131m\u0131 geli\u015ftirir.<\/p>\n<p>[\/et_pb_blurb][et_pb_button button_url=&#8221;@ET-DC@eyJkeW5hbWljIjp0cnVlLCJjb250ZW50IjoicG9zdF9saW5rX3VybF9wYWdlIiwic2V0dGluZ3MiOnsicG9zdF9pZCI6IjIzNzUzIn19@&#8221; button_text=&#8221;Daha fazla bilgi&#8221; _builder_version=&#8221;4.27.6&#8243; _dynamic_attributes=&#8221;button_url&#8221; _module_preset=&#8221;default&#8221; global_colors_info=&#8221;{}&#8221;][\/et_pb_button][\/et_pb_column][et_pb_column type=&#8221;1_3&#8243; _builder_version=&#8221;4.27.6&#8243; _module_preset=&#8221;default&#8221; custom_padding=&#8221;2rem|2rem|2rem|2rem|true|true&#8221; border_radii=&#8221;on|8px|8px|8px|8px&#8221; border_width_all=&#8221;2px&#8221; border_color_all=&#8221;gcid-f52cc46c-103a-4f3e-bb71-6efb5f79ee25&#8243; box_shadow_style=&#8221;preset2&#8243; global_colors_info=&#8221;{%22gcid-f52cc46c-103a-4f3e-bb71-6efb5f79ee25%22:%91%22border_color_all%22%93}&#8221;][et_pb_blurb title=&#8221;Ortak olun&#8221; use_icon=&#8221;on&#8221; font_icon=&#8221;&#xf4c4;||fa||900&#8243; image_icon_width=&#8221;50px&#8221; _builder_version=&#8221;4.27.6&#8243; _module_preset=&#8221;default&#8221; global_colors_info=&#8221;{}&#8221;]<\/p>\n<p>Ekosistemimize kat\u0131l\u0131n ve \u00e7\u00f6z\u00fcm\u00fcn\u00fcz\u00fc IronCAD ile entegre edin.<\/p>\n<p>[\/et_pb_blurb][et_pb_button button_url=&#8221;@ET-DC@eyJkeW5hbWljIjp0cnVlLCJjb250ZW50IjoicG9zdF9saW5rX3VybF9wYWdlIiwic2V0dGluZ3MiOnsicG9zdF9pZCI6IjEyMTk4In19@&#8221; button_text=&#8221;Daha fazla bilgi&#8221; _builder_version=&#8221;4.27.6&#8243; _dynamic_attributes=&#8221;button_url&#8221; _module_preset=&#8221;default&#8221; global_colors_info=&#8221;{}&#8221;][\/et_pb_button][\/et_pb_column][\/et_pb_row][\/et_pb_section][et_pb_section fb_built=&#8221;1&#8243; _builder_version=&#8221;4.27.6&#8243; _module_preset=&#8221;default&#8221; background_color=&#8221;gcid-f52cc46c-103a-4f3e-bb71-6efb5f79ee25&#8243; global_colors_info=&#8221;{%22gcid-f52cc46c-103a-4f3e-bb71-6efb5f79ee25%22:%91%22background_color%22%93}&#8221;][et_pb_row _builder_version=&#8221;4.27.6&#8243; _module_preset=&#8221;default&#8221; global_colors_info=&#8221;{}&#8221;][et_pb_column type=&#8221;4_4&#8243; _builder_version=&#8221;4.27.6&#8243; _module_preset=&#8221;default&#8221; global_colors_info=&#8221;{}&#8221;][et_pb_text _builder_version=&#8221;4.27.6&#8243; _module_preset=&#8221;default&#8221; global_colors_info=&#8221;{}&#8221;]<\/p>\n<h2>Sekt\u00f6r ortaklar\u0131<\/h2>\n<p>IronCAD, end\u00fcstri dernekleri ve \u015firketlerle birlikte imalat end\u00fcstrisinde inovasyonu desteklemektedir.<\/p>\n<p>[\/et_pb_text][\/et_pb_column][\/et_pb_row][et_pb_row column_structure=&#8221;1_2,1_2&#8243; make_equal=&#8221;on&#8221; _builder_version=&#8221;4.27.6&#8243; _module_preset=&#8221;default&#8221; background_color=&#8221;RGBA(255,255,255,0)&#8221; global_colors_info=&#8221;{}&#8221;][et_pb_column type=&#8221;1_2&#8243; _builder_version=&#8221;4.27.6&#8243; _module_preset=&#8221;default&#8221; background_color=&#8221;#FFFFFF&#8221; custom_padding=&#8221;2rem|2rem|2rem|2rem|true|true&#8221; border_radii=&#8221;on|8px|8px|8px|8px&#8221; border_width_all=&#8221;2px&#8221; border_color_all=&#8221;gcid-f52cc46c-103a-4f3e-bb71-6efb5f79ee25&#8243; box_shadow_style=&#8221;preset2&#8243; global_colors_info=&#8221;{%22gcid-f52cc46c-103a-4f3e-bb71-6efb5f79ee25%22:%91%22border_color_all%22%93}&#8221;][et_pb_blurb title=&#8221;Kraliyet CBM&#8221; image=&#8221;https:\/\/ironcad.eu\/wp-content\/uploads\/2024\/02\/logo-CBM.avif&#8221; alt=&#8221;CBM logosu&#8221; image_icon_width=&#8221;150px&#8221; _builder_version=&#8221;4.27.6&#8243; _module_preset=&#8221;default&#8221; global_colors_info=&#8221;{}&#8221;]<\/p>\n<p>IronCAD sat\u0131c\u0131s\u0131 Dynfos, Hollanda&#8217;daki i\u00e7 mekan ve mobilya end\u00fcstrisinde yenilik\u00e7ili\u011fi, dijitalle\u015fmeyi ve zanaatkarl\u0131\u011f\u0131 destekleyen Royal CBM&#8217;nin \u0130\u015f Orta\u011f\u0131d\u0131r.<\/p>\n<p>[\/et_pb_blurb][et_pb_button button_url=&#8221;https:\/\/cbm.nl\/content\/184-dynfos-business-solutions&#8221; url_new_window=&#8221;on&#8221; button_text=&#8221;Daha fazla bilgi&#8221; _builder_version=&#8221;4.27.6&#8243; _module_preset=&#8221;default&#8221; global_colors_info=&#8221;{}&#8221;][\/et_pb_button][\/et_pb_column][et_pb_column type=&#8221;1_2&#8243; _builder_version=&#8221;4.27.6&#8243; _module_preset=&#8221;default&#8221; background_color=&#8221;#FFFFFF&#8221; custom_padding=&#8221;2rem|2rem|2rem|2rem|true|true&#8221; border_radii=&#8221;on|8px|8px|8px|8px&#8221; border_width_all=&#8221;2px&#8221; border_color_all=&#8221;gcid-f52cc46c-103a-4f3e-bb71-6efb5f79ee25&#8243; box_shadow_style=&#8221;preset2&#8243; global_colors_info=&#8221;{%22gcid-f52cc46c-103a-4f3e-bb71-6efb5f79ee25%22:%91%22border_color_all%22%93}&#8221;][et_pb_blurb title=&#8221;Ortak olun&#8221; use_icon=&#8221;on&#8221; font_icon=&#8221;&#xf4c4;||fa||900&#8243; image_icon_width=&#8221;50px&#8221; _builder_version=&#8221;4.27.6&#8243; _module_preset=&#8221;default&#8221; global_colors_info=&#8221;{}&#8221;]<\/p>\n<p>\u00dcretim end\u00fcstrisinde inovasyon, dijitalle\u015fme ve daha verimli i\u015f ak\u0131\u015flar\u0131 i\u00e7in IronCAD ile \u00e7al\u0131\u015f\u0131n.<\/p>\n<p>[\/et_pb_blurb][et_pb_button button_url=&#8221;@ET-DC@eyJkeW5hbWljIjp0cnVlLCJjb250ZW50IjoicG9zdF9saW5rX3VybF9wYWdlIiwic2V0dGluZ3MiOnsicG9zdF9pZCI6IjEyMTk4In19@&#8221; button_text=&#8221;Daha fazla bilgi&#8221; _builder_version=&#8221;4.27.6&#8243; _dynamic_attributes=&#8221;button_url&#8221; _module_preset=&#8221;default&#8221; global_colors_info=&#8221;{}&#8221;][\/et_pb_button][\/et_pb_column][\/et_pb_row][\/et_pb_section][et_pb_section fb_built=&#8221;1&#8243; _builder_version=&#8221;4.27.6&#8243; _module_preset=&#8221;default&#8221; global_colors_info=&#8221;{}&#8221;][et_pb_row _builder_version=&#8221;4.27.6&#8243; _module_preset=&#8221;default&#8221; global_colors_info=&#8221;{}&#8221;][et_pb_column type=&#8221;4_4&#8243; _builder_version=&#8221;4.27.6&#8243; _module_preset=&#8221;default&#8221; global_colors_info=&#8221;{}&#8221;][et_pb_text _builder_version=&#8221;4.27.6&#8243; _module_preset=&#8221;default&#8221; global_colors_info=&#8221;{}&#8221;]<\/p>\n<h2>E\u011fitim kurumlar\u0131<\/h2>\n<p>E\u011fitim kurumlar\u0131, \u00f6\u011frencilerin modern CAD teknolojisine uygulamal\u0131 olarak maruz kalmalar\u0131n\u0131 sa\u011flamak i\u00e7in IronCAD&#8217;i kullan\u0131yor.<\/p>\n<p>[\/et_pb_text][\/et_pb_column][\/et_pb_row][et_pb_row column_structure=&#8221;1_3,1_3,1_3&#8243; _builder_version=&#8221;4.27.6&#8243; _module_preset=&#8221;default&#8221; global_colors_info=&#8221;{}&#8221;][et_pb_column type=&#8221;1_3&#8243; _builder_version=&#8221;4.27.6&#8243; _module_preset=&#8221;default&#8221; custom_padding=&#8221;2rem|2rem|2rem|2rem|true|true&#8221; border_radii=&#8221;on|8px|8px|8px|8px&#8221; border_width_all=&#8221;2px&#8221; border_color_all=&#8221;gcid-f52cc46c-103a-4f3e-bb71-6efb5f79ee25&#8243; box_shadow_style=&#8221;preset2&#8243; global_colors_info=&#8221;{%22gcid-f52cc46c-103a-4f3e-bb71-6efb5f79ee25%22:%91%22border_color_all%22%93}&#8221;][et_pb_blurb title=&#8221;Ah\u015fap ve Mefru\u015fat Koleji&#8221; image=&#8221;https:\/\/ironcad.eu\/wp-content\/uploads\/2024\/02\/hmc-logo.svg&#8221; alt=&#8221;Logo Ah\u015fap ve Mefru\u015fat Y\u00fcksekokulu&#8221; image_icon_width=&#8221;150px&#8221; _builder_version=&#8221;4.27.6&#8243; _module_preset=&#8221;default&#8221; global_colors_info=&#8221;{}&#8221;]<\/p>\n<p>IronCAD, HMC&#8217;de \u00f6\u011frencilere mobilya ve i\u00e7 tasar\u0131m end\u00fcstrisinde uygulamal\u0131 tasar\u0131m, modelleme ve m\u00fchendislik \u00f6\u011fretmek i\u00e7in kullan\u0131lmaktad\u0131r.<\/p>\n<blockquote>\n<p>&#8220;IronCAD, \u00f6\u011frencilerin fikirlerini \u00fcretilebilir tasar\u0131mlara daha h\u0131zl\u0131 d\u00f6n\u00fc\u015ft\u00fcrmelerine yard\u0131mc\u0131 oluyor.&#8221;<\/p>\n<\/blockquote>\n<p>[\/et_pb_blurb][et_pb_button button_url=&#8221;https:\/\/hmcollege.nl\/&#8221; button_text=&#8221;Daha fazla bilgi&#8221; _builder_version=&#8221;4.27.6&#8243; _module_preset=&#8221;default&#8221; global_colors_info=&#8221;{}&#8221;][\/et_pb_button][\/et_pb_column][et_pb_column type=&#8221;1_3&#8243; _builder_version=&#8221;4.27.6&#8243; _module_preset=&#8221;default&#8221; custom_padding=&#8221;2rem|2rem|2rem|2rem|true|true&#8221; border_radii=&#8221;on|8px|8px|8px|8px&#8221; border_width_all=&#8221;2px&#8221; border_color_all=&#8221;gcid-f52cc46c-103a-4f3e-bb71-6efb5f79ee25&#8243; box_shadow_style=&#8221;preset2&#8243; global_colors_info=&#8221;{%22gcid-f52cc46c-103a-4f3e-bb71-6efb5f79ee25%22:%91%22border_color_all%22%93}&#8221;][et_pb_blurb title=&#8221;ROC van Twente&#8221; image=&#8221;https:\/\/ironcad.eu\/wp-content\/uploads\/2026\/05\/roc-van-twente-scaled-2.webp&#8221; alt=&#8221;Logo ROC van Twente&#8221; image_icon_width=&#8221;150px&#8221; _builder_version=&#8221;4.27.6&#8243; _module_preset=&#8221;default&#8221; global_colors_info=&#8221;{}&#8221;]<\/p>\n<p>ROC van Twente, \u00f6\u011frencileri modern CAD i\u015f ak\u0131\u015flar\u0131 ve 3D tasar\u0131m teknikleriyle tan\u0131\u015ft\u0131rmak i\u00e7in teknik kurslarda IronCAD kullan\u0131yor.<\/p>\n<p>[\/et_pb_blurb][et_pb_button button_url=&#8221;https:\/\/www.rocvantwente.nl\/&#8221; button_text=&#8221;Daha fazla bilgi&#8221; _builder_version=&#8221;4.27.6&#8243; _module_preset=&#8221;default&#8221; global_colors_info=&#8221;{}&#8221;][\/et_pb_button][\/et_pb_column][et_pb_column type=&#8221;1_3&#8243; _builder_version=&#8221;4.27.6&#8243; _module_preset=&#8221;default&#8221; custom_padding=&#8221;2rem|2rem|2rem|2rem|true|true&#8221; border_radii=&#8221;on|8px|8px|8px|8px&#8221; border_width_all=&#8221;2px&#8221; border_color_all=&#8221;gcid-f52cc46c-103a-4f3e-bb71-6efb5f79ee25&#8243; box_shadow_style=&#8221;preset2&#8243; global_colors_info=&#8221;{%22gcid-f52cc46c-103a-4f3e-bb71-6efb5f79ee25%22:%91%22border_color_all%22%93}&#8221;][et_pb_blurb title=&#8221;Forta&#8221; image=&#8221;https:\/\/ironcad.eu\/wp-content\/uploads\/2024\/02\/FORTA-normaal.avif&#8221; alt=&#8221;Logo Forta&#8221; image_icon_width=&#8221;150px&#8221; _builder_version=&#8221;4.27.6&#8243; _module_preset=&#8221;default&#8221; global_colors_info=&#8221;{}&#8221;]<\/p>\n<p>Forta, \u00f6\u011frencilerin dijital tasar\u0131m becerilerini ve teknik anlay\u0131\u015flar\u0131n\u0131 geli\u015ftirmelerine yard\u0131mc\u0131 olmak i\u00e7in IronCAD&#8217;i uygulamal\u0131 e\u011fitimde kullan\u0131yor.<\/p>\n<p>[\/et_pb_blurb][et_pb_button button_url=&#8221;https:\/\/www.hetforta.nl\/&#8221; button_text=&#8221;Daha fazla bilgi&#8221; _builder_version=&#8221;4.27.6&#8243; _module_preset=&#8221;default&#8221; global_colors_info=&#8221;{}&#8221;][\/et_pb_button][\/et_pb_column][\/et_pb_row][\/et_pb_section][et_pb_section fb_built=&#8221;1&#8243; _builder_version=&#8221;4.27.6&#8243; _module_preset=&#8221;default&#8221; background_color=&#8221;gcid-f52cc46c-103a-4f3e-bb71-6efb5f79ee25&#8243; global_colors_info=&#8221;{%22gcid-f52cc46c-103a-4f3e-bb71-6efb5f79ee25%22:%91%22background_color%22%93}&#8221;][et_pb_row _builder_version=&#8221;4.27.6&#8243; _module_preset=&#8221;default&#8221; global_colors_info=&#8221;{}&#8221;][et_pb_column type=&#8221;4_4&#8243; _builder_version=&#8221;4.27.6&#8243; _module_preset=&#8221;default&#8221; global_colors_info=&#8221;{}&#8221;][et_pb_text _builder_version=&#8221;4.27.6&#8243; _module_preset=&#8221;default&#8221; global_colors_info=&#8221;{}&#8221;]<\/p>\n<h2>Sosyal giri\u015fimler<\/h2>\n<p>IronCAD s\u00fcrd\u00fcr\u00fclebilirlik, d\u00f6ng\u00fcsellik ve sosyal etkiye odaklanan projeleri desteklemektedir.<\/p>\n<p>[\/et_pb_text][\/et_pb_column][\/et_pb_row][et_pb_row column_structure=&#8221;1_2,1_2&#8243; _builder_version=&#8221;4.27.6&#8243; _module_preset=&#8221;default&#8221; background_color=&#8221;RGBA(255,255,255,0)&#8221; global_colors_info=&#8221;{}&#8221;][et_pb_column type=&#8221;1_2&#8243; _builder_version=&#8221;4.27.6&#8243; _module_preset=&#8221;default&#8221; background_color=&#8221;#FFFFFF&#8221; custom_padding=&#8221;2rem|2rem|2rem|2rem|true|true&#8221; border_radii=&#8221;on|8px|8px|8px|8px&#8221; border_width_all=&#8221;2px&#8221; border_color_all=&#8221;gcid-f52cc46c-103a-4f3e-bb71-6efb5f79ee25&#8243; box_shadow_style=&#8221;preset2&#8243; global_colors_info=&#8221;{%22gcid-f52cc46c-103a-4f3e-bb71-6efb5f79ee25%22:%91%22border_color_all%22%93}&#8221;][et_pb_blurb title=&#8221;Clean2Anywhere&#8221; image=&#8221;https:\/\/ironcad.eu\/wp-content\/uploads\/2026\/03\/logo-c2a.webp&#8221; alt=&#8221;Clean2Anywhere (C2A) Logosu&#8221; image_icon_width=&#8221;100px&#8221; _builder_version=&#8221;4.27.6&#8243; _module_preset=&#8221;default&#8221; global_colors_info=&#8221;{}&#8221;]<\/p>\n<p>Clean2Anywhere, s\u00fcrd\u00fcr\u00fclebilirlik, malzemelerin yeniden kullan\u0131m\u0131 ve sosyal etkiye odaklanan d\u00f6ng\u00fcsel ve toplumsal projeler i\u00e7in IronCAD&#8217;i kullan\u0131yor.<\/p>\n<p>[\/et_pb_blurb][et_pb_button button_url=&#8221;@ET-DC@eyJkeW5hbWljIjp0cnVlLCJjb250ZW50IjoicG9zdF9saW5rX3VybF9wcm9qZWN0Iiwic2V0dGluZ3MiOnsicG9zdF9pZCI6IjE0MTMwIn19@&#8221; button_text=&#8221;Daha fazla bilgi&#8221; _builder_version=&#8221;4.27.6&#8243; _dynamic_attributes=&#8221;button_url&#8221; _module_preset=&#8221;default&#8221; global_colors_info=&#8221;{}&#8221;][\/et_pb_button][\/et_pb_column][et_pb_column type=&#8221;1_2&#8243; _builder_version=&#8221;4.27.6&#8243; _module_preset=&#8221;default&#8221; background_color=&#8221;#FFFFFF&#8221; custom_padding=&#8221;2rem|2rem|2rem|2rem|true|true&#8221; border_radii=&#8221;on|8px|8px|8px|8px&#8221; border_width_all=&#8221;2px&#8221; border_color_all=&#8221;gcid-f52cc46c-103a-4f3e-bb71-6efb5f79ee25&#8243; box_shadow_style=&#8221;preset2&#8243; global_colors_info=&#8221;{%22gcid-f52cc46c-103a-4f3e-bb71-6efb5f79ee25%22:%91%22border_color_all%22%93}&#8221;][et_pb_blurb title=&#8221;Ortak olun&#8221; use_icon=&#8221;on&#8221; font_icon=&#8221;&#xf4c4;||fa||900&#8243; image_icon_width=&#8221;50px&#8221; _builder_version=&#8221;4.27.6&#8243; _module_preset=&#8221;default&#8221; global_colors_info=&#8221;{}&#8221;]<\/p>\n<p>IronCAD Europe ile e\u011fitim, d\u00f6ng\u00fcsellik ve m\u00fchendislik alanlar\u0131nda sosyal etki, s\u00fcrd\u00fcr\u00fclebilirlik ve yenilik i\u00e7eren projeler \u00fczerinde \u00e7al\u0131\u015f\u0131n.<\/p>\n<p>[\/et_pb_blurb][et_pb_button button_url=&#8221;@ET-DC@eyJkeW5hbWljIjp0cnVlLCJjb250ZW50IjoicG9zdF9saW5rX3VybF9wYWdlIiwic2V0dGluZ3MiOnsicG9zdF9pZCI6IjEyMTk4In19@&#8221; button_text=&#8221;Daha fazla bilgi&#8221; _builder_version=&#8221;4.27.6&#8243; _dynamic_attributes=&#8221;button_url&#8221; _module_preset=&#8221;default&#8221; global_colors_info=&#8221;{}&#8221;][\/et_pb_button][\/et_pb_column][\/et_pb_row][\/et_pb_section]<\/p>\n","protected":false},"excerpt":{"rendered":"<p>IronCAD Avrupa&#8217;n\u0131n teknoloji, e\u011fitim, m\u00fchendislik ve inovasyon alanlar\u0131ndaki i\u015fbirlikleri. Ortaklar\u0131m\u0131za ve ekosistemlerimize g\u00f6z at\u0131n. <\/p>\n","protected":false},"author":2,"featured_media":0,"parent":0,"menu_order":35,"comment_status":"closed","ping_status":"closed","template":"","meta":{"_et_pb_use_builder":"on","_et_pb_old_content":"","_et_gb_content_width":"","_improvement_type_select":"improve_an_existing","_thumb_yes_seoaic":false,"_frame_yes_seoaic":false,"seoaic_generate_description":"","seoaic_improve_instructions_prompt":"","seoaic_rollback_content_improvement":"","seoaic_idea_thumbnail_generator":"","thumbnail_generated":false,"thumbnail_generate_prompt":"","seoaic_article_description":"","footnotes":"","advanced-sidebar-menu\/link-title":"","advanced-sidebar-menu\/exclude-page":false},"dipi_cpt_category":[],"class_list":["post-36715","page","type-page","status-publish","hentry"],"_links":{"self":[{"href":"https:\/\/ironcad.eu\/tr\/wp-json\/wp\/v2\/pages\/36715","targetHints":{"allow":["GET"]}}],"collection":[{"href":"https:\/\/ironcad.eu\/tr\/wp-json\/wp\/v2\/pages"}],"about":[{"href":"https:\/\/ironcad.eu\/tr\/wp-json\/wp\/v2\/types\/page"}],"author":[{"embeddable":true,"href":"https:\/\/ironcad.eu\/tr\/wp-json\/wp\/v2\/users\/2"}],"replies":[{"embeddable":true,"href":"https:\/\/ironcad.eu\/tr\/wp-json\/wp\/v2\/comments?post=36715"}],"version-history":[{"count":3,"href":"https:\/\/ironcad.eu\/tr\/wp-json\/wp\/v2\/pages\/36715\/revisions"}],"predecessor-version":[{"id":36854,"href":"https:\/\/ironcad.eu\/tr\/wp-json\/wp\/v2\/pages\/36715\/revisions\/36854"}],"wp:attachment":[{"href":"https:\/\/ironcad.eu\/tr\/wp-json\/wp\/v2\/media?parent=36715"}],"wp:term":[{"taxonomy":"dipi_cpt_category","embeddable":true,"href":"https:\/\/ironcad.eu\/tr\/wp-json\/wp\/v2\/dipi_cpt_category?post=36715"}],"curies":[{"name":"wp","href":"https:\/\/api.w.org\/{rel}","templated":true}]}}